{"id":1071,"date":"2024-10-23T09:26:40","date_gmt":"2024-10-23T09:26:40","guid":{"rendered":"https:\/\/subszone.com\/?post_type=product&#038;p=1071"},"modified":"2025-05-31T06:13:01","modified_gmt":"2025-05-31T06:13:01","slug":"essigsaureanhydrid","status":"publish","type":"product","link":"https:\/\/subszone.com\/de\/product\/essigsaureanhydrid\/","title":{"rendered":"Essigs\u00e4ureanhydrid online kaufen"},"content":{"rendered":"<h2><b>Kaliumchlorat online kaufen - sicher, zertifiziert und hochrein<\/b><\/h2>\n<p><span style=\"font-weight: 400;\">Auf der Suche nach <\/span><a href=\"https:\/\/subszone.com\/de\/product\/essigsaureanhydrid\/\"><b>Kaliumchlorat online kaufen<\/b><\/a><span style=\"font-weight: 400;\"> aus einer seri\u00f6sen Quelle? Unser hochwertiges <\/span><b>Kaliumchlorat (KClO\u2083)<\/b><span style=\"font-weight: 400;\"> ist verf\u00fcgbar f\u00fcr <\/span><b>Labor<\/b><span style=\"font-weight: 400;\">, <\/span><b>Industrie<\/b><span style=\"font-weight: 400;\">und <\/span><b>zugelassene pyrotechnische Anwendungen<\/b><span style=\"font-weight: 400;\">und gew\u00e4hrleisten Qualit\u00e4t, Konformit\u00e4t und Zuverl\u00e4ssigkeit bei jedem Auftrag.<\/span><\/p>\n<h3><b>\u00dcberblick \u00fcber Kaliumchlorat (KClO\u2083)<\/b><\/h3>\n<p><span style=\"font-weight: 400;\">Kaliumchlorat ist ein <\/span><b>starkes Oxidationsmittel<\/b><span style=\"font-weight: 400;\"> weit verbreitet in <\/span><b>chemische Laboratorien<\/b><span style=\"font-weight: 400;\">, <\/span><b>Feuerwerksproduktion<\/b><span style=\"font-weight: 400;\">, <\/span><b>Desinfektionsformulierungen<\/b><span style=\"font-weight: 400;\">und <\/span><b>sauerstoffabgebende Verbindungen<\/b><span style=\"font-weight: 400;\">. Aufgrund seiner Reaktivit\u00e4t und Vielseitigkeit ist es ein wichtiger Bestandteil in Prozessen, die ein pr\u00e4zises chemisches Verhalten und eine verl\u00e4ssliche Reinheit erfordern.<\/span><\/p>\n<table>\n<tbody>\n<tr>\n<td><b>Merkmal<\/b><\/td>\n<td><b>Einzelheiten<\/b><\/td>\n<\/tr>\n<tr>\n<td><b>Chemische Bezeichnung<\/b><\/td>\n<td><span style=\"font-weight: 400;\">Kaliumchlorat<\/span><\/td>\n<\/tr>\n<tr>\n<td><b>Chemische Formel<\/b><\/td>\n<td><span style=\"font-weight: 400;\">KClO\u2083<\/span><\/td>\n<\/tr>\n<tr>\n<td><b>Molekulargewicht<\/b><\/td>\n<td><span style=\"font-weight: 400;\">122,55 g\/mol<\/span><\/td>\n<\/tr>\n<tr>\n<td><b>Erscheinungsbild<\/b><\/td>\n<td><span style=\"font-weight: 400;\">Wei\u00dfes kristallines Pulver<\/span><\/td>\n<\/tr>\n<tr>\n<td><b>Reinheit<\/b><\/td>\n<td><span style=\"font-weight: 400;\">\u226599% (hochrein, Labor-\/Industriequalit\u00e4t)<\/span><\/td>\n<\/tr>\n<tr>\n<td><b>L\u00f6slichkeit<\/b><\/td>\n<td><span style=\"font-weight: 400;\">Schwach l\u00f6slich in kaltem Wasser, gut l\u00f6slich in hei\u00dfem Wasser<\/span><\/td>\n<\/tr>\n<tr>\n<td><b>CAS-Nummer<\/b><\/td>\n<td><span style=\"font-weight: 400;\">3811-04-9<\/span><\/td>\n<\/tr>\n<tr>\n<td><b>UN-Nummer (Gefahrgut)<\/b><\/td>\n<td><span style=\"font-weight: 400;\">UN 1485 (Oxidationsmittel)<\/span><\/td>\n<\/tr>\n<tr>\n<td><b>Anforderungen an die Lagerung<\/b><\/td>\n<td><span style=\"font-weight: 400;\">K\u00fchler, trockener, gut bel\u00fcfteter Bereich, entfernt von brennbaren oder organischen Stoffen<\/span><\/td>\n<\/tr>\n<tr>\n<td><b>Verpackungs-Optionen<\/b><\/td>\n<td><span style=\"font-weight: 400;\">Erh\u00e4ltlich in 100g, 500g, 1kg und in gro\u00dfen Mengen<\/span><\/td>\n<\/tr>\n<tr>\n<td><b>Gemeinsame Anwendungen<\/b><\/td>\n<td><span style=\"font-weight: 400;\">Pyrotechnik (lizenziert), Verwendung im Labor, Desinfektionsmittel, Sauerstofferzeugung<\/span><\/td>\n<\/tr>\n<tr>\n<td><b>Zertifizierungen<\/b><\/td>\n<td><span style=\"font-weight: 400;\">MSDS, CoA, REACH-konform<\/span><\/td>\n<\/tr>\n<tr>\n<td><b>Einhaltung der Versandvorschriften<\/b><\/td>\n<td><span style=\"font-weight: 400;\">DOT, IATA, IMDG geregelt f\u00fcr den Transport als oxidierende Substanz<\/span><\/td>\n<\/tr>\n<tr>\n<td><b>Verwendungsbeschr\u00e4nkungen<\/b><\/td>\n<td><span style=\"font-weight: 400;\">Verkauf nur an lizenzierte und autorisierte Unternehmen (vorbehaltlich der \u00dcberpr\u00fcfung)<\/span><\/td>\n<\/tr>\n<tr>\n<td><b>Herkunftsland<\/b><\/td>\n<td><span style=\"font-weight: 400;\">[Bei Bedarf angeben - z. B. USA, Deutschland, Indien, usw.]<\/span><\/td>\n<\/tr>\n<tr>\n<td><b>HS-Code<\/b><\/td>\n<td><span style=\"font-weight: 400;\">2829.19.9000<\/span><\/td>\n<\/tr>\n<\/tbody>\n<\/table>\n<p>&nbsp;<\/p>\n<h3><b>Zu den \u00fcblichen Anwendungen geh\u00f6ren:<\/b><\/h3>\n<ul>\n<li style=\"font-weight: 400;\" aria-level=\"1\"><span style=\"font-weight: 400;\">Pyrotechnik und Sprengstoffe (durch lizenzierte Fachleute)<\/span>&nbsp;<\/li>\n<li style=\"font-weight: 400;\" aria-level=\"1\"><span style=\"font-weight: 400;\">Labor-Oxidationsmittel<\/span>&nbsp;<\/li>\n<li style=\"font-weight: 400;\" aria-level=\"1\"><span style=\"font-weight: 400;\">Sauerstoff erzeugende chemische Verbindungen<\/span>&nbsp;<\/li>\n<li style=\"font-weight: 400;\" aria-level=\"1\"><span style=\"font-weight: 400;\">Desinfektion und Hygiene (in regulierten Formulierungen)<\/span>&nbsp;<\/li>\n<\/ul>\n<h3><b>Rechtlicher Status und regulatorische Informationen<\/b><\/h3>\n<p><span style=\"font-weight: 400;\">Kaliumchlorat ist in vielen L\u00e4ndern aufgrund seiner <\/span><b>oxidierendes und explosives Potential<\/b><span style=\"font-weight: 400;\">. In den Vereinigten Staaten werden seine Verwendung und sein Vertrieb \u00fcberwacht durch <\/span><b>Aufsichtsbeh\u00f6rden wie ATF und Homeland Security<\/b><span style=\"font-weight: 400;\">. Je nach Gerichtsbarkeit und Verwendungszweck kann von den Kunden die Vorlage von Unterlagen oder Lizenzen verlangt werden.<\/span><\/p>\n<p><span style=\"font-weight: 400;\">Vergewissern Sie sich immer, dass Sie rechtlich dazu befugt sind <\/span><b>Bestellung <a href=\"https:\/\/en.wikipedia.org\/wiki\/Potassium_chlorate\">Kaliumchlorat<\/a> online<\/b><span style=\"font-weight: 400;\"> und erf\u00fcllen alle einschl\u00e4gigen Sicherheits- und rechtlichen Verpflichtungen.<\/span><\/p>\n<h3><b>Einen seri\u00f6sen Anbieter finden<\/b><\/h3>\n<p><span style=\"font-weight: 400;\">Wenn Sie Chemikalien wie Kaliumchlorat online kaufen, <\/span><b>Vertrauen und Transparenz sind entscheidend<\/b><span style=\"font-weight: 400;\">. Wir arbeiten mit voll lizenzierten Herstellern und Lieferketten zusammen und bieten vollst\u00e4ndigen Zugang zu:<\/span><\/p>\n<ul>\n<li style=\"font-weight: 400;\" aria-level=\"1\"><span style=\"font-weight: 400;\">Materialsicherheitsdatenbl\u00e4tter (MSDS)<\/span>&nbsp;<\/li>\n<li style=\"font-weight: 400;\" aria-level=\"1\"><span style=\"font-weight: 400;\">Analysezertifikate (CoA)<\/span>&nbsp;<\/li>\n<li style=\"font-weight: 400;\" aria-level=\"1\"><span style=\"font-weight: 400;\">Einhaltung der nationalen und internationalen Transportgesetze (einschlie\u00dflich DOT und IATA)<\/span>&nbsp;<\/li>\n<\/ul>\n<p><span style=\"font-weight: 400;\">Ganz gleich, ob Sie kleine Mengen f\u00fcr das Labor oder gro\u00dfe Mengen f\u00fcr die Industrie ben\u00f6tigen, wir stellen sicher, dass Sie das richtige Material erhalten. <\/span><b>bester Ort, um Kaliumchlorat zu kaufen<\/b><span style=\"font-weight: 400;\"> sicher und legal.<\/span><\/p>\n<h3><b>Sichere Handhabung und Lagerung<\/b><\/h3>\n<p><span style=\"font-weight: 400;\">Da Kaliumchlorat ein starkes Oxidationsmittel ist, muss es mit \u00e4u\u00dferster Vorsicht gehandhabt werden. Befolgen Sie diese <\/span><b>Sicherheitsvorkehrungen<\/b><span style=\"font-weight: 400;\">:<\/span><\/p>\n<ul>\n<li style=\"font-weight: 400;\" aria-level=\"1\"><span style=\"font-weight: 400;\">Aufbewahren in einem <\/span><b>k\u00fchler, trockener, nicht brennbarer Bereich<\/b><span style=\"font-weight: 400;\"> weg von W\u00e4rmequellen<\/span>&nbsp;<\/li>\n<li style=\"font-weight: 400;\" aria-level=\"1\"><span style=\"font-weight: 400;\">Verwenden Sie <\/span><b>chemikalienbest\u00e4ndige Handschuhe und Augenschutz<\/b>&nbsp;<\/li>\n<li style=\"font-weight: 400;\" aria-level=\"1\"><span style=\"font-weight: 400;\">Niemals mit Schwefel, Phosphor oder organischen Stoffen ohne kontrollierte Bedingungen mischen<\/span>&nbsp;<\/li>\n<\/ul>\n<p><span style=\"font-weight: 400;\">Unsachgem\u00e4\u00dfe Handhabung kann dazu f\u00fchren, dass <\/span><b>Brandgefahr, Freisetzung giftiger Gase<\/b><span style=\"font-weight: 400;\">, oder <\/span><b>explosive Reaktionen<\/b><span style=\"font-weight: 400;\">. Sicherstellen, dass nur geschultes Personal das Material handhabt<\/span><\/p>\n<h3><b>Rote Flaggen bei Online-Eink\u00e4ufen<\/b><\/h3>\n<p><span style=\"font-weight: 400;\">H\u00fcten Sie sich vor Anbietern, die <\/span><b>g\u00fcnstige Preise f\u00fcr Kaliumchlorat<\/b><span style=\"font-weight: 400;\"> ohne \u00dcberpr\u00fcfung oder Dokumentation. Zu den roten Fahnen geh\u00f6ren:<\/span><\/p>\n<ul>\n<li style=\"font-weight: 400;\" aria-level=\"1\"><span style=\"font-weight: 400;\">Keine MSDS oder Sicherheitszertifikate<\/span>&nbsp;<\/li>\n<li style=\"font-weight: 400;\" aria-level=\"1\"><span style=\"font-weight: 400;\">Anonyme oder ausl\u00e4ndische Verk\u00e4ufer mit vagen Kontaktangaben<\/span>&nbsp;<\/li>\n<li style=\"font-weight: 400;\" aria-level=\"1\"><span style=\"font-weight: 400;\">Verkaufen ohne \u00dcberpr\u00fcfung Ihrer Nutzung oder Ihres rechtlichen Status<\/span>&nbsp;<\/li>\n<\/ul>\n<p><b>Illegaler Erwerb oder Transport von Kaliumchlorat<\/b><span style=\"font-weight: 400;\"> kann zu strafrechtlicher Verfolgung f\u00fchren und die \u00f6ffentliche Sicherheit gef\u00e4hrden.<\/span><\/p>\n<h3><b>Warum uns w\u00e4hlen?<\/b><\/h3>\n<p><span style=\"font-weight: 400;\">Wir verpflichten uns, Sie zu versorgen:<\/span><\/p>\n<ul>\n<li style=\"font-weight: 400;\" aria-level=\"1\"><span style=\"font-weight: 400;\">Hochreines Kaliumchlorat<\/span><\/li>\n<li style=\"font-weight: 400;\" aria-level=\"1\"><span style=\"font-weight: 400;\">Wettbewerbsf\u00e4hige und transparente Preisgestaltung<\/span><\/li>\n<li style=\"font-weight: 400;\" aria-level=\"1\"><span style=\"font-weight: 400;\">Zertifizierter, legaler und sicherer Versand<\/span><\/li>\n<li style=\"font-weight: 400;\" aria-level=\"1\"><span style=\"font-weight: 400;\">Kompetente Kundenbetreuung f\u00fcr kommerzielle und wissenschaftliche Anforderungen<\/span><\/li>\n<\/ul>\n<p><span style=\"font-weight: 400;\">Egal, ob Sie ein lizenzierter Pyrotechniker, ein Chemiker oder ein industrieller Eink\u00e4ufer sind, Sie werden unsere Plattform als die <\/span><b>bester Ort, um Kaliumchlorat online zu bestellen<\/b><span style=\"font-weight: 400;\">-sicher und selbstbewusst.<\/span><\/p>\n<h3><b>Schlussfolgerung<\/b><\/h3>\n<p><span style=\"font-weight: 400;\">Entscheiden Sie sich beim Kauf von Kaliumchlorat f\u00fcr Qualit\u00e4t, Sicherheit und Zuverl\u00e4ssigkeit. Wir kombinieren <\/span><b>Einhaltung der Vorschriften, wettbewerbsf\u00e4hige Preisgestaltung<\/b><span style=\"font-weight: 400;\">und <\/span><b>Kundenbetreuung<\/b><span style=\"font-weight: 400;\"> um Ihnen ein reibungsloses Kauferlebnis zu bieten. Riskieren Sie es nicht mit ungepr\u00fcften Verk\u00e4ufern.<\/span><b>Kaliumchlorat online kaufen<\/b><span style=\"font-weight: 400;\"> auf die richtige Art und Weise von Fachleuten, die sowohl die Wissenschaft als auch die rechtliche Verantwortung hinter jeder Bestellung verstehen.<\/span><\/p>","protected":false},"excerpt":{"rendered":"<p>Essigs\u00e4ureanhydrid ist eine farblose, stechend riechende Fl\u00fcssigkeit, die in der organischen Chemie h\u00e4ufig als Reagenz verwendet wird. Seine chemische Formel lautet <span class=\"katex\"><span class=\"katex-mathml\">C4H6O3C_4H_6O_3<\/span><span class=\"katex-html\" aria-hidden=\"true\"><span class=\"base\"><span class=\"mord\"><span class=\"mord mathnormal\">C<\/span><span class=\"msupsub\"><span class=\"vlist-t vlist-t2\"><span class=\"vlist-r\"><span class=\"vlist\"><span class=\"sizing reset-size6 size3 mtight\"><span class=\"mord mtight\">4<\/span><\/span><\/span><span class=\"vlist-s\">\u200b<\/span><\/span><\/span><\/span><\/span><span class=\"mord\"><span class=\"mord mathnormal\">H<\/span><span class=\"msupsub\"><span class=\"vlist-t vlist-t2\"><span class=\"vlist-r\"><span class=\"vlist\"><span class=\"sizing reset-size6 size3 mtight\"><span class=\"mord mtight\">6<\/span><\/span><\/span><span class=\"vlist-s\">\u200b<\/span><\/span><\/span><\/span><\/span><span class=\"mord\"><span class=\"mord mathnormal\">O<\/span><span class=\"msupsub\"><span class=\"vlist-t vlist-t2\"><span class=\"vlist-r\"><span class=\"vlist\"><span class=\"sizing reset-size6 size3 mtight\"><span class=\"mord mtight\">3<\/span><\/span><\/span><span class=\"vlist-s\">\u200b<\/span><\/span><\/span><\/span><\/span><\/span><\/span><\/span>und entsteht aus zwei Essigs\u00e4uremolek\u00fclen durch den Entzug von Wasser.<\/p>\n<table>\n<tbody>\n<tr>\n<td width=\"566\"><strong>Synonym(e): Essigs\u00e4ureanhydrid<\/strong><\/td>\n<\/tr>\n<tr>\n<td width=\"566\"><strong>Lineare Formel: (CH3CO)2O<\/strong><\/td>\n<\/tr>\n<tr>\n<td width=\"566\"><strong>CAS-Nummer: 108-24-7<\/strong><\/td>\n<\/tr>\n<tr>\n<td width=\"566\"><strong>Molekulargewicht: 102.09<\/strong><\/td>\n<\/tr>\n<\/tbody>\n<\/table>","protected":false},"featured_media":1315,"comment_status":"open","ping_status":"closed","template":"","meta":{"_kadence_starter_templates_imported_post":false,"_kad_post_transparent":"default","_kad_post_title":"","_kad_post_layout":"default","_kad_post_sidebar_id":"","_kad_post_content_style":"default","_kad_post_vertical_padding":"default","_kad_post_feature":"","_kad_post_feature_position":"","_kad_post_header":false,"_kad_post_footer":false,"_joinchat":[]},"product_brand":[],"product_cat":[60,45],"product_tag":[25,26,27,28,29,30,31,32,33,34,35,36,37,38,39,40,41,42,43,44],"class_list":{"0":"post-1071","1":"product","2":"type-product","3":"status-publish","4":"has-post-thumbnail","6":"product_cat-fire-retardants-and-protective-coatings","7":"product_cat-plastics-and-resin-production","8":"product_tag-acetic-anhydride-bulk-pricing","9":"product_tag-acetic-anhydride-chemical-for-purchase","10":"product_tag-acetic-anhydride-for-sale","11":"product_tag-acetic-anhydride-for-synthesis-available","12":"product_tag-acetic-anhydride-manufacturers-for-purchase","13":"product_tag-acetic-anhydride-price-per-liter","14":"product_tag-acetic-anhydride-suppliers-near-me","15":"product_tag-affordable-acetic-anhydride-price","16":"product_tag-buy-acetic-anhydride-in-bulk","17":"product_tag-buy-acetic-anhydride-online","18":"product_tag-buy-acetic-anhydride-reagents","19":"product_tag-buy-acetic-anhydride-with-safety-data","20":"product_tag-high-purity-acetic-anhydride-for-sale","21":"product_tag-industrial-acetic-anhydride-suppliers","22":"product_tag-order-acetic-anhydride-for-laboratory-use","23":"product_tag-order-acetic-anhydride-online","24":"product_tag-purchase-acetic-anhydride","25":"product_tag-purchase-acetic-anhydride-solutions","26":"product_tag-where-to-buy-acetic-anhydride","27":"product_tag-wholesale-acetic-anhydride","29":"first","30":"instock","31":"shipping-taxable","32":"product-type-simple","33":"entry","34":"content-bg","35":"loop-entry"},"yoast_head":"<!-- This site is optimized with the Yoast SEO plugin v25.6 - https:\/\/yoast.com\/wordpress\/plugins\/seo\/ -->\n<title>Buy Acetic Anhydride Online - Acetic Anhydride for Sale in USA<\/title>\n<meta name=\"description\" content=\"If you want to buy acetic anhydride online and looking for a reliable online store, then buy here. We offer only high-quality acetic anhydride for sale at an affordable price. Order acetic anhydride Now!\" \/>\n<meta name=\"robots\" content=\"index, follow, max-snippet:-1, max-image-preview:large, max-video-preview:-1\" \/>\n<link rel=\"canonical\" href=\"https:\/\/subszone.com\/de\/product\/essigsaureanhydrid\/\" \/>\n<meta property=\"og:locale\" content=\"de_DE\" \/>\n<meta property=\"og:type\" content=\"article\" \/>\n<meta property=\"og:title\" content=\"Buy Acetic Anhydride Online - Acetic Anhydride for Sale in USA\" \/>\n<meta property=\"og:description\" content=\"If you want to buy acetic anhydride online and looking for a reliable online store, then buy here. We offer only high-quality acetic anhydride for sale at an affordable price. Order acetic anhydride Now!\" \/>\n<meta property=\"og:url\" content=\"https:\/\/subszone.com\/de\/product\/essigsaureanhydrid\/\" \/>\n<meta property=\"og:site_name\" content=\"SubsZone\" \/>\n<meta property=\"article:modified_time\" content=\"2025-05-31T06:13:01+00:00\" \/>\n<meta property=\"og:image\" content=\"https:\/\/subszone.com\/wp-content\/uploads\/2024\/10\/Acetic-Anhydride.jpg\" \/>\n\t<meta property=\"og:image:width\" content=\"553\" \/>\n\t<meta property=\"og:image:height\" content=\"1280\" \/>\n\t<meta property=\"og:image:type\" content=\"image\/jpeg\" \/>\n<meta name=\"twitter:card\" content=\"summary_large_image\" \/>\n<meta name=\"twitter:label1\" content=\"Gesch\u00e4tzte Lesezeit\" \/>\n\t<meta name=\"twitter:data1\" content=\"3\u00a0Minuten\" \/>\n<script type=\"application\/ld+json\" class=\"yoast-schema-graph\">{\"@context\":\"https:\/\/schema.org\",\"@graph\":[{\"@type\":\"WebPage\",\"@id\":\"https:\/\/subszone.com\/product\/acetic-anhydride\/\",\"url\":\"https:\/\/subszone.com\/product\/acetic-anhydride\/\",\"name\":\"Buy Acetic Anhydride Online - Acetic Anhydride for Sale in USA\",\"isPartOf\":{\"@id\":\"https:\/\/subszone.com\/#website\"},\"primaryImageOfPage\":{\"@id\":\"https:\/\/subszone.com\/product\/acetic-anhydride\/#primaryimage\"},\"image\":{\"@id\":\"https:\/\/subszone.com\/product\/acetic-anhydride\/#primaryimage\"},\"thumbnailUrl\":\"https:\/\/subszone.com\/wp-content\/uploads\/2024\/10\/Acetic-Anhydride.jpg\",\"datePublished\":\"2024-10-23T09:26:40+00:00\",\"dateModified\":\"2025-05-31T06:13:01+00:00\",\"description\":\"If you want to buy acetic anhydride online and looking for a reliable online store, then buy here. We offer only high-quality acetic anhydride for sale at an affordable price. Order acetic anhydride Now!\",\"breadcrumb\":{\"@id\":\"https:\/\/subszone.com\/product\/acetic-anhydride\/#breadcrumb\"},\"inLanguage\":\"de\",\"potentialAction\":[{\"@type\":\"ReadAction\",\"target\":[\"https:\/\/subszone.com\/product\/acetic-anhydride\/\"]}]},{\"@type\":\"ImageObject\",\"inLanguage\":\"de\",\"@id\":\"https:\/\/subszone.com\/product\/acetic-anhydride\/#primaryimage\",\"url\":\"https:\/\/subszone.com\/wp-content\/uploads\/2024\/10\/Acetic-Anhydride.jpg\",\"contentUrl\":\"https:\/\/subszone.com\/wp-content\/uploads\/2024\/10\/Acetic-Anhydride.jpg\",\"width\":553,\"height\":1280,\"caption\":\"Buy Acetic Anhydride Online\"},{\"@type\":\"BreadcrumbList\",\"@id\":\"https:\/\/subszone.com\/product\/acetic-anhydride\/#breadcrumb\",\"itemListElement\":[{\"@type\":\"ListItem\",\"position\":1,\"name\":\"Home\",\"item\":\"https:\/\/subszone.com\/\"},{\"@type\":\"ListItem\",\"position\":2,\"name\":\"Shop\",\"item\":\"https:\/\/subszone.com\/shop\/\"},{\"@type\":\"ListItem\",\"position\":3,\"name\":\"Buy Acetic Anhydride Online\"}]},{\"@type\":\"WebSite\",\"@id\":\"https:\/\/subszone.com\/#website\",\"url\":\"https:\/\/subszone.com\/\",\"name\":\"SubsZone\",\"description\":\"My WordPress Blog\",\"publisher\":{\"@id\":\"https:\/\/subszone.com\/#organization\"},\"potentialAction\":[{\"@type\":\"SearchAction\",\"target\":{\"@type\":\"EntryPoint\",\"urlTemplate\":\"https:\/\/subszone.com\/?s={search_term_string}\"},\"query-input\":{\"@type\":\"PropertyValueSpecification\",\"valueRequired\":true,\"valueName\":\"search_term_string\"}}],\"inLanguage\":\"de\"},{\"@type\":\"Organization\",\"@id\":\"https:\/\/subszone.com\/#organization\",\"name\":\"SubsZone\",\"url\":\"https:\/\/subszone.com\/\",\"logo\":{\"@type\":\"ImageObject\",\"inLanguage\":\"de\",\"@id\":\"https:\/\/subszone.com\/#\/schema\/logo\/image\/\",\"url\":\"https:\/\/subszone.com\/wp-content\/uploads\/2024\/10\/logo.png\",\"contentUrl\":\"https:\/\/subszone.com\/wp-content\/uploads\/2024\/10\/logo.png\",\"width\":193,\"height\":50,\"caption\":\"SubsZone\"},\"image\":{\"@id\":\"https:\/\/subszone.com\/#\/schema\/logo\/image\/\"}}]}<\/script>\n<!-- \/ Yoast SEO plugin. -->","yoast_head_json":{"title":"Kaufen Essigs\u00e4ureanhydrid Online - Essigs\u00e4ureanhydrid zum Verkauf in USA","description":"Wenn Sie Essigs\u00e4ureanhydrid online kaufen m\u00f6chten und nach einem zuverl\u00e4ssigen Online-Shop suchen, dann kaufen Sie hier. Wir bieten nur hochwertige Essigs\u00e4ureanhydrid zum Verkauf zu einem erschwinglichen Preis. Bestellen Sie Essigs\u00e4ureanhydrid jetzt!","robots":{"index":"index","follow":"follow","max-snippet":"max-snippet:-1","max-image-preview":"max-image-preview:large","max-video-preview":"max-video-preview:-1"},"canonical":"https:\/\/subszone.com\/de\/product\/essigsaureanhydrid\/","og_locale":"de_DE","og_type":"article","og_title":"Buy Acetic Anhydride Online - Acetic Anhydride for Sale in USA","og_description":"If you want to buy acetic anhydride online and looking for a reliable online store, then buy here. We offer only high-quality acetic anhydride for sale at an affordable price. Order acetic anhydride Now!","og_url":"https:\/\/subszone.com\/de\/product\/essigsaureanhydrid\/","og_site_name":"SubsZone","article_modified_time":"2025-05-31T06:13:01+00:00","og_image":[{"width":553,"height":1280,"url":"https:\/\/subszone.com\/wp-content\/uploads\/2024\/10\/Acetic-Anhydride.jpg","type":"image\/jpeg"}],"twitter_card":"summary_large_image","twitter_misc":{"Gesch\u00e4tzte Lesezeit":"3\u00a0Minuten"},"schema":{"@context":"https:\/\/schema.org","@graph":[{"@type":"WebPage","@id":"https:\/\/subszone.com\/product\/acetic-anhydride\/","url":"https:\/\/subszone.com\/product\/acetic-anhydride\/","name":"Kaufen Essigs\u00e4ureanhydrid Online - Essigs\u00e4ureanhydrid zum Verkauf in USA","isPartOf":{"@id":"https:\/\/subszone.com\/#website"},"primaryImageOfPage":{"@id":"https:\/\/subszone.com\/product\/acetic-anhydride\/#primaryimage"},"image":{"@id":"https:\/\/subszone.com\/product\/acetic-anhydride\/#primaryimage"},"thumbnailUrl":"https:\/\/subszone.com\/wp-content\/uploads\/2024\/10\/Acetic-Anhydride.jpg","datePublished":"2024-10-23T09:26:40+00:00","dateModified":"2025-05-31T06:13:01+00:00","description":"Wenn Sie Essigs\u00e4ureanhydrid online kaufen m\u00f6chten und nach einem zuverl\u00e4ssigen Online-Shop suchen, dann kaufen Sie hier. Wir bieten nur hochwertige Essigs\u00e4ureanhydrid zum Verkauf zu einem erschwinglichen Preis. Bestellen Sie Essigs\u00e4ureanhydrid jetzt!","breadcrumb":{"@id":"https:\/\/subszone.com\/product\/acetic-anhydride\/#breadcrumb"},"inLanguage":"de","potentialAction":[{"@type":"ReadAction","target":["https:\/\/subszone.com\/product\/acetic-anhydride\/"]}]},{"@type":"ImageObject","inLanguage":"de","@id":"https:\/\/subszone.com\/product\/acetic-anhydride\/#primaryimage","url":"https:\/\/subszone.com\/wp-content\/uploads\/2024\/10\/Acetic-Anhydride.jpg","contentUrl":"https:\/\/subszone.com\/wp-content\/uploads\/2024\/10\/Acetic-Anhydride.jpg","width":553,"height":1280,"caption":"Buy Acetic Anhydride Online"},{"@type":"BreadcrumbList","@id":"https:\/\/subszone.com\/product\/acetic-anhydride\/#breadcrumb","itemListElement":[{"@type":"ListItem","position":1,"name":"Home","item":"https:\/\/subszone.com\/"},{"@type":"ListItem","position":2,"name":"Shop","item":"https:\/\/subszone.com\/shop\/"},{"@type":"ListItem","position":3,"name":"Buy Acetic Anhydride Online"}]},{"@type":"WebSite","@id":"https:\/\/subszone.com\/#website","url":"https:\/\/subszone.com\/","name":"SubsZone","description":"Mein WordPress-Blog","publisher":{"@id":"https:\/\/subszone.com\/#organization"},"potentialAction":[{"@type":"SearchAction","target":{"@type":"EntryPoint","urlTemplate":"https:\/\/subszone.com\/?s={search_term_string}"},"query-input":{"@type":"PropertyValueSpecification","valueRequired":true,"valueName":"search_term_string"}}],"inLanguage":"de"},{"@type":"Organization","@id":"https:\/\/subszone.com\/#organization","name":"SubsZone","url":"https:\/\/subszone.com\/","logo":{"@type":"ImageObject","inLanguage":"de","@id":"https:\/\/subszone.com\/#\/schema\/logo\/image\/","url":"https:\/\/subszone.com\/wp-content\/uploads\/2024\/10\/logo.png","contentUrl":"https:\/\/subszone.com\/wp-content\/uploads\/2024\/10\/logo.png","width":193,"height":50,"caption":"SubsZone"},"image":{"@id":"https:\/\/subszone.com\/#\/schema\/logo\/image\/"}}]}},"_links":{"self":[{"href":"https:\/\/subszone.com\/de\/wp-json\/wp\/v2\/product\/1071","targetHints":{"allow":["GET"]}}],"collection":[{"href":"https:\/\/subszone.com\/de\/wp-json\/wp\/v2\/product"}],"about":[{"href":"https:\/\/subszone.com\/de\/wp-json\/wp\/v2\/types\/product"}],"replies":[{"embeddable":true,"href":"https:\/\/subszone.com\/de\/wp-json\/wp\/v2\/comments?post=1071"}],"wp:featuredmedia":[{"embeddable":true,"href":"https:\/\/subszone.com\/de\/wp-json\/wp\/v2\/media\/1315"}],"wp:attachment":[{"href":"https:\/\/subszone.com\/de\/wp-json\/wp\/v2\/media?parent=1071"}],"wp:term":[{"taxonomy":"product_brand","embeddable":true,"href":"https:\/\/subszone.com\/de\/wp-json\/wp\/v2\/product_brand?post=1071"},{"taxonomy":"product_cat","embeddable":true,"href":"https:\/\/subszone.com\/de\/wp-json\/wp\/v2\/product_cat?post=1071"},{"taxonomy":"product_tag","embeddable":true,"href":"https:\/\/subszone.com\/de\/wp-json\/wp\/v2\/product_tag?post=1071"}],"curies":[{"name":"wp","href":"https:\/\/api.w.org\/{rel}","templated":true}]}}