{"id":1117,"date":"2024-10-23T11:14:02","date_gmt":"2024-10-23T11:14:02","guid":{"rendered":"https:\/\/subszone.com\/?post_type=product&#038;p=1117"},"modified":"2025-05-30T11:10:15","modified_gmt":"2025-05-30T11:10:15","slug":"chlorgas","status":"publish","type":"product","link":"https:\/\/subszone.com\/de\/product\/chlorgas\/","title":{"rendered":"Chlorgas online kaufen"},"content":{"rendered":"<h2><b>Chlorgas online kaufen - Hochreines Cl\u2082 f\u00fcr industrielle und kommunale Anwendungen<\/b><\/h2>\n<p><span style=\"font-weight: 400;\">Auf der Suche nach <\/span><a href=\"https:\/\/subszone.com\/de\/product\/chlorgas\/\"><b>Chlorgas online kaufen<\/b><\/a><span style=\"font-weight: 400;\"> von einem vertrauensw\u00fcrdigen Lieferanten? Wir bieten hochreines Chlorgas (Cl\u2082), das sicher verpackt und unter Einhaltung aller Sicherheitsvorschriften geliefert wird. Chlorgas wird in der Wasseraufbereitung, der Desinfektion und der chemischen Produktion eingesetzt und ist eine unverzichtbare Industriechemikalie - mit unserem optimierten Online-Bestellsystem ist es jetzt einfacher denn je.<\/span><\/p>\n<p><span style=\"font-weight: 400;\">Ganz gleich, ob Sie kommunale Wassersysteme, Hygieneverfahren oder chemische Produktionslinien verwalten, unser hochwertiges Chlorgas bietet zuverl\u00e4ssige Leistung, Reinheit und Sicherheit in jeder Flasche.<\/span><\/p>\n<h3><b>Hauptmerkmale und Vorteile<\/b><\/h3>\n<ul>\n<li style=\"font-weight: 400;\" aria-level=\"1\"><span style=\"font-weight: 400;\">\u00a0<\/span><b>Hochreines Cl\u2082<\/b><span style=\"font-weight: 400;\"> - Chlorgas in Industriequalit\u00e4t mit konstanter Zusammensetzung f\u00fcr kritische Anwendungen<\/span><span style=\"font-weight: 400;\">\n<p><\/span><\/li>\n<li style=\"font-weight: 400;\" aria-level=\"1\"><span style=\"font-weight: 400;\">\u00a0<\/span><b>Mehrere Zylindergr\u00f6\u00dfen<\/b><span style=\"font-weight: 400;\"> - Erh\u00e4ltlich in Standard- und kundenspezifischen Zylindervolumina, um kleine oder gro\u00dfe Anforderungen zu erf\u00fcllen<\/span><span style=\"font-weight: 400;\">\n<p><\/span><\/li>\n<li style=\"font-weight: 400;\" aria-level=\"1\"><span style=\"font-weight: 400;\">\u00a0<\/span><b>Sichere, Gefahrgut-konforme Verpackung<\/b><span style=\"font-weight: 400;\"> - Lieferung in DOT-zugelassenen Containern mit vollst\u00e4ndiger Dokumentation<\/span><span style=\"font-weight: 400;\">\n<p><\/span><\/li>\n<li style=\"font-weight: 400;\" aria-level=\"1\"><span style=\"font-weight: 400;\">\u00a0<\/span><b>Schneller und zuverl\u00e4ssiger Versand<\/b><span style=\"font-weight: 400;\"> - Bundesweite Lieferm\u00f6glichkeiten mit geeigneten Transportprotokollen f\u00fcr gef\u00e4hrliche Gase<\/span><span style=\"font-weight: 400;\">\n<p><\/span><\/li>\n<li style=\"font-weight: 400;\" aria-level=\"1\"><span style=\"font-weight: 400;\">\u00a0<\/span><b>Konkurrenzf\u00e4hige Preisgestaltung<\/b><span style=\"font-weight: 400;\"> - Erhalten <\/span><b>g\u00fcnstige Chlorgaspreise<\/b><span style=\"font-weight: 400;\"> ohne Beeintr\u00e4chtigung der Qualit\u00e4t oder der Einhaltung von Vorschriften<\/span><span style=\"font-weight: 400;\">\n<p><\/span><\/li>\n<\/ul>\n<h3><b>Spezifikationen<\/b><\/h3>\n<ul>\n<li style=\"font-weight: 400;\" aria-level=\"1\"><b>Chemische Bezeichnung<\/b><span style=\"font-weight: 400;\">: Chlorgas<\/span><span style=\"font-weight: 400;\">\n<p><\/span><\/li>\n<li style=\"font-weight: 400;\" aria-level=\"1\"><b>Formel<\/b><span style=\"font-weight: 400;\">: Cl\u2082<\/span><span style=\"font-weight: 400;\">\n<p><\/span><\/li>\n<li style=\"font-weight: 400;\" aria-level=\"1\"><b>Erscheinungsbild<\/b><span style=\"font-weight: 400;\">: Gr\u00fcnlich-gelbes Gas mit starkem, unverwechselbarem Geruch<\/span><span style=\"font-weight: 400;\">\n<p><\/span><\/li>\n<li style=\"font-weight: 400;\" aria-level=\"1\"><b>Klasse<\/b><span style=\"font-weight: 400;\">: Industrie-\/Wasseraufbereitungsqualit\u00e4t<\/span><span style=\"font-weight: 400;\">\n<p><\/span><\/li>\n<li style=\"font-weight: 400;\" aria-level=\"1\"><b>Verpackung<\/b><span style=\"font-weight: 400;\">: Stahldruckzylinder (verschiedene Gr\u00f6\u00dfen verf\u00fcgbar)<\/span><span style=\"font-weight: 400;\">\n<p><\/span><\/li>\n<li style=\"font-weight: 400;\" aria-level=\"1\"><b>Reinheit<\/b><span style=\"font-weight: 400;\">99,5% und h\u00f6her<\/span><span style=\"font-weight: 400;\">\n<p><\/span><\/li>\n<li style=\"font-weight: 400;\" aria-level=\"1\"><b>UN-Nummer<\/b><span style=\"font-weight: 400;\">: UN1017 (Gefahrenklasse: 2.3 Giftiges Gas)<\/span><span style=\"font-weight: 400;\">\n<p><\/span><\/li>\n<\/ul>\n<h3><b>Anwendungen<\/b><\/h3>\n<ul>\n<li style=\"font-weight: 400;\" aria-level=\"1\"><span style=\"font-weight: 400;\">\u00a0<\/span><b>Kommunale Wasseraufbereitung und Desinfektion<\/b><b>\n<p><\/b><\/li>\n<li style=\"font-weight: 400;\" aria-level=\"1\"><span style=\"font-weight: 400;\">\u00a0<\/span><b>Industrielle Abwasserreinigung und chemische Synthese<\/b><b>\n<p><\/b><\/li>\n<li style=\"font-weight: 400;\" aria-level=\"1\"><span style=\"font-weight: 400;\">\u00a0<\/span><b>Herstellung von Bleich- und Reinigungsmitteln<\/b><b>\n<p><\/b><\/li>\n<li style=\"font-weight: 400;\" aria-level=\"1\"><span style=\"font-weight: 400;\">\u00a0<\/span><b>Schwimmbad-Chlorierung (gewerblicher Ma\u00dfstab)<\/b><b>\n<p><\/b><\/li>\n<\/ul>\n<h3><b>Sicherheit und Handhabung<\/b><\/h3>\n<p><span style=\"font-weight: 400;\">Chlorgas ist hochgiftig und \u00e4tzend. Nur geschultes Personal sollte dieses Produkt unter Verwendung von zugelassener Schutzausr\u00fcstung und angemessener Bel\u00fcftung handhaben. Ein vollst\u00e4ndiges Sicherheitsdatenblatt (MSDS) wird bei jeder Bestellung mitgeliefert.<\/span><\/p>\n<ul>\n<li style=\"font-weight: 400;\" aria-level=\"1\"><span style=\"font-weight: 400;\">In k\u00fchlen, gut bel\u00fcfteten R\u00e4umen lagern<\/span><span style=\"font-weight: 400;\">\n<p><\/span><\/li>\n<li style=\"font-weight: 400;\" aria-level=\"1\"><span style=\"font-weight: 400;\">Direkten Kontakt oder Einatmen vermeiden<\/span><span style=\"font-weight: 400;\">\n<p><\/span><\/li>\n<li style=\"font-weight: 400;\" aria-level=\"1\"><span style=\"font-weight: 400;\">Transport und Verwendung nur in \u00dcbereinstimmung mit lokalen und internationalen Gefahrgutvorschriften<\/span><span style=\"font-weight: 400;\">\n<p><\/span><\/li>\n<\/ul>\n<h3><b>Preisgestaltung &amp; Rabatte<\/b><\/h3>\n<p><span style=\"font-weight: 400;\">Wir bieten transparente, wettbewerbsf\u00e4hige Preise und Rabatte f\u00fcr Gro\u00dfauftr\u00e4ge. Ganz gleich, ob Sie einen einzelnen Zylinder oder eine koordinierte industrielle Gro\u00dfbestellung aufgeben, unsere Preise garantieren ein hervorragendes Preis-Leistungs-Verh\u00e4ltnis.<\/span><\/p>\n<ul>\n<li style=\"font-weight: 400;\" aria-level=\"1\"><span style=\"font-weight: 400;\">Rabatte bei Gro\u00dfbestellungen verf\u00fcgbar<\/span><span style=\"font-weight: 400;\">\n<p><\/span><\/li>\n<li style=\"font-weight: 400;\" aria-level=\"1\"><span style=\"font-weight: 400;\">Individuelle Angebote f\u00fcr wiederkehrende Industrieauftr\u00e4ge<\/span><span style=\"font-weight: 400;\">\n<p><\/span><\/li>\n<li style=\"font-weight: 400;\" aria-level=\"1\"><span style=\"font-weight: 400;\">Einer der <\/span><a href=\"https:\/\/en.wikipedia.org\/wiki\/Chlorine\"><b>beste Orte, um Chlorgas zu kaufen<\/b><\/a><span style=\"font-weight: 400;\"> sowohl f\u00fcr die Preisgestaltung als auch f\u00fcr den Support<\/span><span style=\"font-weight: 400;\">\n<p><\/span><\/li>\n<\/ul>\n<h3><b>Warum uns w\u00e4hlen?<\/b><\/h3>\n<p><span style=\"font-weight: 400;\">Wir sind nicht einfach nur ein weiterer Chemielieferant - wir sind Ihr zuverl\u00e4ssiger Partner f\u00fcr die sichere, vorschriftsm\u00e4\u00dfige und effiziente Lieferung von Chlorgas. Unser Ruf f\u00fcr Zuverl\u00e4ssigkeit, schnellen Service und die Einhaltung von Vorschriften macht uns zum <\/span><b>bester Ort, um Chlorgas online zu kaufen<\/b><span style=\"font-weight: 400;\">.<\/span><\/p>\n<h3><b>Jetzt bestellen<\/b><\/h3>\n<p><span style=\"font-weight: 400;\">Bereit zum <\/span><b>Chlorgas online bestellen<\/b><span style=\"font-weight: 400;\"> mit Vertrauen? Durchsuchen Sie die verf\u00fcgbaren Zylindergr\u00f6\u00dfen, pr\u00fcfen Sie den aktuellen Lagerbestand, und fordern Sie noch heute ein individuelles Angebot an. Unser Team unterst\u00fctzt Sie bei jedem Schritt, von der Produktauswahl bis hin zu regulatorischen Vorgaben.<\/span><\/p>","protected":false},"excerpt":{"rendered":"<p>Chlorgas (Cl\u2082) ist ein gr\u00fcnlich-gelbes Gas mit einem starken, stechenden Geruch. Es ist ein hochreaktives Element und spielt eine wichtige Rolle in verschiedenen industriellen Anwendungen. Chlor ist allgemein f\u00fcr seine desinfizierenden Eigenschaften bekannt und wird h\u00e4ufig in der Wasseraufbereitung, der Abwasserentsorgung und der chemischen Produktion eingesetzt.<\/p>\n<ul>\n<li><strong>Chemische Formel<\/strong>: Cl\u2082<\/li>\n<li><strong>Molare Masse<\/strong>: 70.906 g\/mol<\/li>\n<li><strong>Dichte<\/strong>: 3.214 g\/L<\/li>\n<li><strong>Siedepunkt<\/strong>: -34.04 \u00b0C (-29.27 \u00b0F)<\/li>\n<li><strong>Geruch<\/strong>: Scharf und erstickend<\/li>\n<\/ul>","protected":false},"featured_media":1351,"comment_status":"open","ping_status":"closed","template":"","meta":{"_kadence_starter_templates_imported_post":false,"_kad_post_transparent":"default","_kad_post_title":"","_kad_post_layout":"default","_kad_post_sidebar_id":"","_kad_post_content_style":"default","_kad_post_vertical_padding":"default","_kad_post_feature":"","_kad_post_feature_position":"","_kad_post_header":false,"_kad_post_footer":false,"_joinchat":[]},"product_brand":[],"product_cat":[127],"product_tag":[130,131,132,133,134,135,136,137,138,139,140,141,142,143,144,145,146,147,148,149],"class_list":{"0":"post-1117","1":"product","2":"type-product","3":"status-publish","4":"has-post-thumbnail","6":"product_cat-water-treatment-and-disinfection","7":"product_tag-bulk-chlorine-gas-supplier","8":"product_tag-buy-chlorine-gas-in-bulk","9":"product_tag-buy-compressed-chlorine-gas","10":"product_tag-chlorine-gas-bulk-chemical-supplier","11":"product_tag-chlorine-gas-cas-7782-50-5","12":"product_tag-chlorine-gas-cas-number-supplier","13":"product_tag-chlorine-gas-chemical-compound","14":"product_tag-chlorine-gas-cylinder-supplier","15":"product_tag-chlorine-gas-for-chemical-manufacturing","16":"product_tag-chlorine-gas-for-disinfection","17":"product_tag-chlorine-gas-for-industrial-use","18":"product_tag-chlorine-gas-for-sale","19":"product_tag-chlorine-gas-for-water-treatment","20":"product_tag-chlorine-gas-handling-and-storage","21":"product_tag-chlorine-gas-iso-tank-supplier","22":"product_tag-chlorine-gas-price-per-ton","23":"product_tag-chlorine-gas-procurement","24":"product_tag-chlorine-gas-wholesale-distributor","25":"product_tag-high-purity-chlorine-gas-supplier","26":"product_tag-industrial-grade-chlorine-gas","28":"first","29":"instock","30":"shipping-taxable","31":"product-type-simple","32":"entry","33":"content-bg","34":"loop-entry"},"yoast_head":"<!-- This site is optimized with the Yoast SEO plugin v25.6 - https:\/\/yoast.com\/wordpress\/plugins\/seo\/ -->\n<title>Buy Chlorine Gas in Bulk Online - Chlorine Gas for Sale<\/title>\n<meta name=\"description\" content=\"If you are willing to get chlorine gas for sale, then we are the right choice for you. Our staff members will help you buy chlorine gas online at cheap rates. Place your order with us!\" \/>\n<meta name=\"robots\" content=\"index, follow, max-snippet:-1, max-image-preview:large, max-video-preview:-1\" \/>\n<link rel=\"canonical\" href=\"https:\/\/subszone.com\/de\/product\/chlorgas\/\" \/>\n<meta property=\"og:locale\" content=\"de_DE\" \/>\n<meta property=\"og:type\" content=\"article\" \/>\n<meta property=\"og:title\" content=\"Buy Chlorine Gas in Bulk Online - Chlorine Gas for Sale\" \/>\n<meta property=\"og:description\" content=\"If you are willing to get chlorine gas for sale, then we are the right choice for you. Our staff members will help you buy chlorine gas online at cheap rates. Place your order with us!\" \/>\n<meta property=\"og:url\" content=\"https:\/\/subszone.com\/de\/product\/chlorgas\/\" \/>\n<meta property=\"og:site_name\" content=\"SubsZone\" \/>\n<meta property=\"article:modified_time\" content=\"2025-05-30T11:10:15+00:00\" \/>\n<meta property=\"og:image\" content=\"https:\/\/subszone.com\/wp-content\/uploads\/2024\/10\/ae40116d-41a9-4b58-9213-7a00ee8b6190.webp\" \/>\n\t<meta property=\"og:image:width\" content=\"1024\" \/>\n\t<meta property=\"og:image:height\" content=\"1024\" \/>\n\t<meta property=\"og:image:type\" content=\"image\/webp\" \/>\n<meta name=\"twitter:card\" content=\"summary_large_image\" \/>\n<meta name=\"twitter:label1\" content=\"Gesch\u00e4tzte Lesezeit\" \/>\n\t<meta name=\"twitter:data1\" content=\"2\u00a0Minuten\" \/>\n<script type=\"application\/ld+json\" class=\"yoast-schema-graph\">{\"@context\":\"https:\/\/schema.org\",\"@graph\":[{\"@type\":\"WebPage\",\"@id\":\"https:\/\/subszone.com\/product\/chlorine-gas\/\",\"url\":\"https:\/\/subszone.com\/product\/chlorine-gas\/\",\"name\":\"Buy Chlorine Gas in Bulk Online - Chlorine Gas for Sale\",\"isPartOf\":{\"@id\":\"https:\/\/subszone.com\/#website\"},\"primaryImageOfPage\":{\"@id\":\"https:\/\/subszone.com\/product\/chlorine-gas\/#primaryimage\"},\"image\":{\"@id\":\"https:\/\/subszone.com\/product\/chlorine-gas\/#primaryimage\"},\"thumbnailUrl\":\"https:\/\/subszone.com\/wp-content\/uploads\/2024\/10\/ae40116d-41a9-4b58-9213-7a00ee8b6190.webp\",\"datePublished\":\"2024-10-23T11:14:02+00:00\",\"dateModified\":\"2025-05-30T11:10:15+00:00\",\"description\":\"If you are willing to get chlorine gas for sale, then we are the right choice for you. Our staff members will help you buy chlorine gas online at cheap rates. Place your order with us!\",\"breadcrumb\":{\"@id\":\"https:\/\/subszone.com\/product\/chlorine-gas\/#breadcrumb\"},\"inLanguage\":\"de\",\"potentialAction\":[{\"@type\":\"ReadAction\",\"target\":[\"https:\/\/subszone.com\/product\/chlorine-gas\/\"]}]},{\"@type\":\"ImageObject\",\"inLanguage\":\"de\",\"@id\":\"https:\/\/subszone.com\/product\/chlorine-gas\/#primaryimage\",\"url\":\"https:\/\/subszone.com\/wp-content\/uploads\/2024\/10\/ae40116d-41a9-4b58-9213-7a00ee8b6190.webp\",\"contentUrl\":\"https:\/\/subszone.com\/wp-content\/uploads\/2024\/10\/ae40116d-41a9-4b58-9213-7a00ee8b6190.webp\",\"width\":1024,\"height\":1024,\"caption\":\"Buy Chlorine Gas Online\"},{\"@type\":\"BreadcrumbList\",\"@id\":\"https:\/\/subszone.com\/product\/chlorine-gas\/#breadcrumb\",\"itemListElement\":[{\"@type\":\"ListItem\",\"position\":1,\"name\":\"Home\",\"item\":\"https:\/\/subszone.com\/\"},{\"@type\":\"ListItem\",\"position\":2,\"name\":\"Shop\",\"item\":\"https:\/\/subszone.com\/shop\/\"},{\"@type\":\"ListItem\",\"position\":3,\"name\":\"Buy Chlorine Gas Online\"}]},{\"@type\":\"WebSite\",\"@id\":\"https:\/\/subszone.com\/#website\",\"url\":\"https:\/\/subszone.com\/\",\"name\":\"SubsZone\",\"description\":\"My WordPress Blog\",\"publisher\":{\"@id\":\"https:\/\/subszone.com\/#organization\"},\"potentialAction\":[{\"@type\":\"SearchAction\",\"target\":{\"@type\":\"EntryPoint\",\"urlTemplate\":\"https:\/\/subszone.com\/?s={search_term_string}\"},\"query-input\":{\"@type\":\"PropertyValueSpecification\",\"valueRequired\":true,\"valueName\":\"search_term_string\"}}],\"inLanguage\":\"de\"},{\"@type\":\"Organization\",\"@id\":\"https:\/\/subszone.com\/#organization\",\"name\":\"SubsZone\",\"url\":\"https:\/\/subszone.com\/\",\"logo\":{\"@type\":\"ImageObject\",\"inLanguage\":\"de\",\"@id\":\"https:\/\/subszone.com\/#\/schema\/logo\/image\/\",\"url\":\"https:\/\/subszone.com\/wp-content\/uploads\/2024\/10\/logo.png\",\"contentUrl\":\"https:\/\/subszone.com\/wp-content\/uploads\/2024\/10\/logo.png\",\"width\":193,\"height\":50,\"caption\":\"SubsZone\"},\"image\":{\"@id\":\"https:\/\/subszone.com\/#\/schema\/logo\/image\/\"}}]}<\/script>\n<!-- \/ Yoast SEO plugin. -->","yoast_head_json":{"title":"Chlorgas in gro\u00dfen Mengen online kaufen - Chlorgas zu verkaufen","description":"Wenn Sie Chlorgas kaufen m\u00f6chten, dann sind Sie bei uns genau an der richtigen Adresse. Unsere Mitarbeiter werden Ihnen helfen, Chlorgas online zu g\u00fcnstigen Preisen zu kaufen. Geben Sie Ihre Bestellung bei uns auf!","robots":{"index":"index","follow":"follow","max-snippet":"max-snippet:-1","max-image-preview":"max-image-preview:large","max-video-preview":"max-video-preview:-1"},"canonical":"https:\/\/subszone.com\/de\/product\/chlorgas\/","og_locale":"de_DE","og_type":"article","og_title":"Buy Chlorine Gas in Bulk Online - Chlorine Gas for Sale","og_description":"If you are willing to get chlorine gas for sale, then we are the right choice for you. Our staff members will help you buy chlorine gas online at cheap rates. Place your order with us!","og_url":"https:\/\/subszone.com\/de\/product\/chlorgas\/","og_site_name":"SubsZone","article_modified_time":"2025-05-30T11:10:15+00:00","og_image":[{"width":1024,"height":1024,"url":"https:\/\/subszone.com\/wp-content\/uploads\/2024\/10\/ae40116d-41a9-4b58-9213-7a00ee8b6190.webp","type":"image\/webp"}],"twitter_card":"summary_large_image","twitter_misc":{"Gesch\u00e4tzte Lesezeit":"2\u00a0Minuten"},"schema":{"@context":"https:\/\/schema.org","@graph":[{"@type":"WebPage","@id":"https:\/\/subszone.com\/product\/chlorine-gas\/","url":"https:\/\/subszone.com\/product\/chlorine-gas\/","name":"Chlorgas in gro\u00dfen Mengen online kaufen - Chlorgas zu verkaufen","isPartOf":{"@id":"https:\/\/subszone.com\/#website"},"primaryImageOfPage":{"@id":"https:\/\/subszone.com\/product\/chlorine-gas\/#primaryimage"},"image":{"@id":"https:\/\/subszone.com\/product\/chlorine-gas\/#primaryimage"},"thumbnailUrl":"https:\/\/subszone.com\/wp-content\/uploads\/2024\/10\/ae40116d-41a9-4b58-9213-7a00ee8b6190.webp","datePublished":"2024-10-23T11:14:02+00:00","dateModified":"2025-05-30T11:10:15+00:00","description":"Wenn Sie Chlorgas kaufen m\u00f6chten, dann sind Sie bei uns genau an der richtigen Adresse. Unsere Mitarbeiter werden Ihnen helfen, Chlorgas online zu g\u00fcnstigen Preisen zu kaufen. Geben Sie Ihre Bestellung bei uns auf!","breadcrumb":{"@id":"https:\/\/subszone.com\/product\/chlorine-gas\/#breadcrumb"},"inLanguage":"de","potentialAction":[{"@type":"ReadAction","target":["https:\/\/subszone.com\/product\/chlorine-gas\/"]}]},{"@type":"ImageObject","inLanguage":"de","@id":"https:\/\/subszone.com\/product\/chlorine-gas\/#primaryimage","url":"https:\/\/subszone.com\/wp-content\/uploads\/2024\/10\/ae40116d-41a9-4b58-9213-7a00ee8b6190.webp","contentUrl":"https:\/\/subszone.com\/wp-content\/uploads\/2024\/10\/ae40116d-41a9-4b58-9213-7a00ee8b6190.webp","width":1024,"height":1024,"caption":"Buy Chlorine Gas Online"},{"@type":"BreadcrumbList","@id":"https:\/\/subszone.com\/product\/chlorine-gas\/#breadcrumb","itemListElement":[{"@type":"ListItem","position":1,"name":"Home","item":"https:\/\/subszone.com\/"},{"@type":"ListItem","position":2,"name":"Shop","item":"https:\/\/subszone.com\/shop\/"},{"@type":"ListItem","position":3,"name":"Buy Chlorine Gas Online"}]},{"@type":"WebSite","@id":"https:\/\/subszone.com\/#website","url":"https:\/\/subszone.com\/","name":"SubsZone","description":"Mein WordPress-Blog","publisher":{"@id":"https:\/\/subszone.com\/#organization"},"potentialAction":[{"@type":"SearchAction","target":{"@type":"EntryPoint","urlTemplate":"https:\/\/subszone.com\/?s={search_term_string}"},"query-input":{"@type":"PropertyValueSpecification","valueRequired":true,"valueName":"search_term_string"}}],"inLanguage":"de"},{"@type":"Organization","@id":"https:\/\/subszone.com\/#organization","name":"SubsZone","url":"https:\/\/subszone.com\/","logo":{"@type":"ImageObject","inLanguage":"de","@id":"https:\/\/subszone.com\/#\/schema\/logo\/image\/","url":"https:\/\/subszone.com\/wp-content\/uploads\/2024\/10\/logo.png","contentUrl":"https:\/\/subszone.com\/wp-content\/uploads\/2024\/10\/logo.png","width":193,"height":50,"caption":"SubsZone"},"image":{"@id":"https:\/\/subszone.com\/#\/schema\/logo\/image\/"}}]}},"_links":{"self":[{"href":"https:\/\/subszone.com\/de\/wp-json\/wp\/v2\/product\/1117","targetHints":{"allow":["GET"]}}],"collection":[{"href":"https:\/\/subszone.com\/de\/wp-json\/wp\/v2\/product"}],"about":[{"href":"https:\/\/subszone.com\/de\/wp-json\/wp\/v2\/types\/product"}],"replies":[{"embeddable":true,"href":"https:\/\/subszone.com\/de\/wp-json\/wp\/v2\/comments?post=1117"}],"wp:featuredmedia":[{"embeddable":true,"href":"https:\/\/subszone.com\/de\/wp-json\/wp\/v2\/media\/1351"}],"wp:attachment":[{"href":"https:\/\/subszone.com\/de\/wp-json\/wp\/v2\/media?parent=1117"}],"wp:term":[{"taxonomy":"product_brand","embeddable":true,"href":"https:\/\/subszone.com\/de\/wp-json\/wp\/v2\/product_brand?post=1117"},{"taxonomy":"product_cat","embeddable":true,"href":"https:\/\/subszone.com\/de\/wp-json\/wp\/v2\/product_cat?post=1117"},{"taxonomy":"product_tag","embeddable":true,"href":"https:\/\/subszone.com\/de\/wp-json\/wp\/v2\/product_tag?post=1117"}],"curies":[{"name":"wp","href":"https:\/\/api.w.org\/{rel}","templated":true}]}}