{"id":1119,"date":"2024-10-23T11:14:09","date_gmt":"2024-10-23T11:14:09","guid":{"rendered":"https:\/\/subszone.com\/?post_type=product&#038;p=1119"},"modified":"2025-05-31T05:05:08","modified_gmt":"2025-05-31T05:05:08","slug":"chromtrioxid","status":"publish","type":"product","link":"https:\/\/subszone.com\/de\/product\/chromtrioxid\/","title":{"rendered":"Chromtrioxid online kaufen"},"content":{"rendered":"<h2><b>Chromtrioxid online kaufen - Hochreines CrO\u2083 f\u00fcr Labor- und Industrieanwendungen<\/b><\/h2>\n<p><span style=\"font-weight: 400;\">Auf der Suche nach <\/span><a href=\"https:\/\/subszone.com\/de\/product\/chromtrioxid\/\"><b>Chromtrioxid online kaufen<\/b><\/a><span style=\"font-weight: 400;\"> aus einer zuverl\u00e4ssigen Quelle? Unser Chromtrioxid (CrO\u2083) in Premiumqualit\u00e4t ist jetzt f\u00fcr zertifizierte Labore, Industrieanlagen und autorisierte Forschungseinrichtungen erh\u00e4ltlich. Chromtrioxid ist f\u00fcr seine starken oxidierenden Eigenschaften bekannt und spielt eine wichtige Rolle bei der Metallveredelung, Galvanisierung, organischen Synthese und Oberfl\u00e4chenbehandlung.<\/span><\/p>\n<h3><b>Was ist Chromtrioxid?<\/b><\/h3>\n<p><span style=\"font-weight: 400;\">Chromtrioxid, in L\u00f6sung auch als Chroms\u00e4ure bekannt, ist ein dunkelroter, kristalliner Feststoff, der aus Chrom in seiner sechswertigen Form besteht. Es ist ein starkes Oxidationsmittel, das in der chemischen Produktion und in metallurgischen Prozessen weit verbreitet ist. Aufgrund seiner Gef\u00e4hrlichkeit ist es streng geregelt und ausschlie\u00dflich f\u00fcr professionelle und kontrollierte Umgebungen bestimmt.<\/span><\/p>\n<h3><b>Hauptverwendungszwecke in Industrie und Labor<\/b><\/h3>\n<ul>\n<li style=\"font-weight: 400;\" aria-level=\"1\"><b>Galvanik und Oberfl\u00e4chenveredelung:<\/b><span style=\"font-weight: 400;\"> Wird in Verchromungsprozessen f\u00fcr Korrosionsbest\u00e4ndigkeit und \u00e4sthetische Oberfl\u00e4chen verwendet.<\/span><span style=\"font-weight: 400;\">\n<p><\/span><\/li>\n<li style=\"font-weight: 400;\" aria-level=\"1\"><b>Organische Synthese:<\/b><span style=\"font-weight: 400;\"> Wirkt als starkes Oxidationsmittel in Laboratorien und bei der industriellen chemischen Synthese.<\/span><span style=\"font-weight: 400;\">\n<p><\/span><\/li>\n<li style=\"font-weight: 400;\" aria-level=\"1\"><b>Herstellung von Glas und Keramik:<\/b><span style=\"font-weight: 400;\"> Verbessert die Farbe und Haltbarkeit von Spezialglaswaren.<\/span><span style=\"font-weight: 400;\">\n<p><\/span><\/li>\n<li style=\"font-weight: 400;\" aria-level=\"1\"><b>Korrosionsinhibitor:<\/b><span style=\"font-weight: 400;\"> Wird in der Luft- und Raumfahrt sowie in der Schifffahrt f\u00fcr Schutzbeschichtungen verwendet.<\/span><span style=\"font-weight: 400;\">\n<p><\/span><\/li>\n<\/ul>\n<h3><b>Warum Chromtrioxid online kaufen?<\/b><\/h3>\n<p><span style=\"font-weight: 400;\">Chromtrioxid online bestellen sichert:<\/span><\/p>\n<ul>\n<li style=\"font-weight: 400;\" aria-level=\"1\"><b>Bequemlichkeit:<\/b><span style=\"font-weight: 400;\"> Direkte Lieferung an zugelassene Einrichtungen<\/span><span style=\"font-weight: 400;\">\n<p><\/span><\/li>\n<li style=\"font-weight: 400;\" aria-level=\"1\"><b>Bulk-Optionen:<\/b><span style=\"font-weight: 400;\"> Flexible Verpackungen von 100g-Laborflaschen bis zu Industrief\u00e4ssern<\/span><span style=\"font-weight: 400;\">\n<p><\/span><\/li>\n<li style=\"font-weight: 400;\" aria-level=\"1\"><b>Wettbewerbsf\u00e4hige Preise:<\/b><span style=\"font-weight: 400;\"> Zugang zu <\/span><b>billig Chromtrioxid Preis<\/b><span style=\"font-weight: 400;\"> ohne Kompromisse bei der Reinheit oder Einhaltung von Vorschriften<\/span><span style=\"font-weight: 400;\">\n<p><\/span><\/li>\n<li style=\"font-weight: 400;\" aria-level=\"1\"><b>Verf\u00fcgbarkeit:<\/b><span style=\"font-weight: 400;\"> Zertifiziert <\/span><b>Chromtrioxid zu verkaufen<\/b><span style=\"font-weight: 400;\"> einschlie\u00dflich technischer Unterst\u00fctzung und Dokumentation<\/span><span style=\"font-weight: 400;\">\n<p><\/span><\/li>\n<\/ul>\n<h3><b>Vor dem Kauf zu beachtende Vorschriften<\/b><\/h3>\n<p><span style=\"font-weight: 400;\">Chromtrioxid ist ein <\/span><b>stark regulierter gef\u00e4hrlicher Stoff<\/b><span style=\"font-weight: 400;\"> im Rahmen globaler Rahmenwerke zur Chemikaliensicherheit wie z. B.:<\/span><\/p>\n<ul>\n<li style=\"font-weight: 400;\" aria-level=\"1\"><b>REACH (EU)<\/b><b>\n<p><\/b><\/li>\n<li style=\"font-weight: 400;\" aria-level=\"1\"><b>OSHA &amp; EPA (USA)<\/b><b>\n<p><\/b><\/li>\n<li style=\"font-weight: 400;\" aria-level=\"1\"><b>CLP- und GHS-Kennzeichnungssysteme<\/b><b>\n<p><\/b><\/li>\n<\/ul>\n<p><span style=\"font-weight: 400;\">Die K\u00e4ufer m\u00fcssen entsprechende Bescheinigungen, Genehmigungen und Endverbleibserkl\u00e4rungen vorlegen. Es ist nicht f\u00fcr den privaten oder nicht-industriellen Gebrauch erh\u00e4ltlich.<\/span><\/p>\n<h3><b>Wie man einen seri\u00f6sen Chemielieferanten verifiziert<\/b><\/h3>\n<p><span style=\"font-weight: 400;\">Um die Sicherheit und die Einhaltung der Vorschriften zu gew\u00e4hrleisten, wenn Sie <\/span><b>Bestellung <a href=\"https:\/\/en.wikipedia.org\/wiki\/Chromium_trioxide\">Chromtrioxid<\/a> online<\/b><span style=\"font-weight: 400;\">suchen:<\/span><\/p>\n<ul>\n<li style=\"font-weight: 400;\" aria-level=\"1\"><span style=\"font-weight: 400;\">ISO-zertifizierte Lieferanten mit nachgewiesener Glaubw\u00fcrdigkeit in der Branche<\/span><span style=\"font-weight: 400;\">\n<p><\/span><\/li>\n<li style=\"font-weight: 400;\" aria-level=\"1\"><span style=\"font-weight: 400;\">Vollst\u00e4ndiger Zugang zu Sicherheitsdatenbl\u00e4ttern (SDS) und COA (Certificate of Analysis)<\/span><span style=\"font-weight: 400;\">\n<p><\/span><\/li>\n<li style=\"font-weight: 400;\" aria-level=\"1\"><span style=\"font-weight: 400;\">Sichere Zahlung und verfolgbarer Gefahrgutversand<\/span><span style=\"font-weight: 400;\">\n<p><\/span><\/li>\n<li style=\"font-weight: 400;\" aria-level=\"1\"><span style=\"font-weight: 400;\">Transparente Kundenrezensionen und Unterst\u00fctzungsdienste<\/span><span style=\"font-weight: 400;\">\n<p><\/span><\/li>\n<\/ul>\n<p><span style=\"font-weight: 400;\">Wir sind stolz darauf, dass wir die <\/span><b>Bester Ort, um Chromtrioxid zu kaufen<\/b><span style=\"font-weight: 400;\"> online, unterst\u00fctzt durch das Wissen \u00fcber gesetzliche Vorschriften, technische Dokumentation und branchen\u00fcbliche Versandprotokolle.<\/span><\/p>\n<h3><b>Protokolle f\u00fcr Lagerung, Verwendung und Entsorgung<\/b><\/h3>\n<p><b>Lagerung:<\/b><b><br \/>\n<\/b><span style=\"font-weight: 400;\"> In dicht verschlossenen, korrosionsbest\u00e4ndigen Beh\u00e4ltern an einem k\u00fchlen, trockenen und gut bel\u00fcfteten Ort aufbewahren. Kontakt mit organischen Materialien und entz\u00fcndlichen Stoffen vermeiden.<\/span><\/p>\n<p><b>Handhabung:<\/b><b><br \/>\n<\/b><span style=\"font-weight: 400;\"> Geeignete PSA (Handschuhe, Schutzbrille, Atemschutzmaske) und Abzugshauben verwenden. Nur geschultes Fachpersonal sollte mit diesem Material umgehen.<\/span><\/p>\n<p><b>Beseitigung:<\/b><b><br \/>\n<\/b><span style=\"font-weight: 400;\"> Entsorgen Sie Chromtrioxid-Abf\u00e4lle gem\u00e4\u00df den \u00f6rtlichen Umweltvorschriften. Niemals in den allgemeinen Abfall oder in die Kanalisation entsorgen.<\/span><\/p>\n<h3><b>Abschlie\u00dfende \u00dcberlegungen zur verantwortungsvollen Beschaffung<\/b><\/h3>\n<p><span style=\"font-weight: 400;\">Chromtrioxid ist ein m\u00e4chtiger und zugleich gef\u00e4hrlicher Stoff. Der Online-Kauf sollte nur \u00fcber gepr\u00fcfte, zugelassene Anbieter erfolgen, die sich f\u00fcr Sicherheit, Legalit\u00e4t und Umweltverantwortung einsetzen.<\/span><\/p>","protected":false},"excerpt":{"rendered":"<p><strong>Synonym(e): Chrom(VI)-oxid, Chroms\u00e4ureanhydrid<\/strong><br \/>\n<strong>Empirische Formel (Hill-Schreibweise): CrO3<\/strong><br \/>\n<strong>CAS-Nr.: 1333-82-0<\/strong><br \/>\n<strong>Molekulargewicht: 99,99<\/strong><\/p>","protected":false},"featured_media":1435,"comment_status":"open","ping_status":"closed","template":"","meta":{"_kadence_starter_templates_imported_post":false,"_kad_post_transparent":"default","_kad_post_title":"","_kad_post_layout":"default","_kad_post_sidebar_id":"","_kad_post_content_style":"default","_kad_post_vertical_padding":"default","_kad_post_feature":"","_kad_post_feature_position":"","_kad_post_header":false,"_kad_post_footer":false,"_joinchat":[]},"product_brand":[],"product_cat":[129],"product_tag":[1039,1036,1046,1048,1045,1042,1050,1047,1043,1037,1044,1041,1054,1052,1035,1051,1040,1038,1053,1049],"class_list":{"0":"post-1119","1":"product","2":"type-product","3":"status-publish","4":"has-post-thumbnail","6":"product_cat-metal-processing-and-mining","7":"product_tag-bulk-chromium-trioxide-supplier","8":"product_tag-buy-chromium-trioxide","9":"product_tag-chromium-trioxide-as-oxidizing-agent","10":"product_tag-chromium-trioxide-distributor","11":"product_tag-chromium-trioxide-for-chemical-manufacturing","12":"product_tag-chromium-trioxide-for-electroplating","13":"product_tag-chromium-trioxide-for-industrial-applications","14":"product_tag-chromium-trioxide-for-laboratory-use","15":"product_tag-chromium-trioxide-for-metal-finishing","16":"product_tag-chromium-trioxide-for-sale","17":"product_tag-chromium-trioxide-in-chrome-plating","18":"product_tag-chromium-trioxide-price-and-availability","19":"product_tag-chromium-trioxide-procurement","20":"product_tag-chromium-trioxide-safety-and-compliance","21":"product_tag-chromium-trioxide-supplier","22":"product_tag-commercial-chromium-trioxide-supply","23":"product_tag-high-purity-chromium-trioxide","24":"product_tag-industrial-chromium-trioxide-supply","25":"product_tag-reliable-chromium-trioxide-supplier","26":"product_tag-where-to-buy-chromium-trioxide","28":"first","29":"instock","30":"shipping-taxable","31":"product-type-simple","32":"entry","33":"content-bg","34":"loop-entry"},"yoast_head":"<!-- This site is optimized with the Yoast SEO plugin v25.6 - https:\/\/yoast.com\/wordpress\/plugins\/seo\/ -->\n<title>Chromium Trioxide for Sale - Buy Chromium Trioxide Online<\/title>\n<meta name=\"description\" content=\"You can get chromium trioxide industrial for sale at the best rates from our online store. We are here to help you buy chromium trioxide online. Connect with best store in town today!\" \/>\n<meta name=\"robots\" content=\"index, follow, max-snippet:-1, max-image-preview:large, max-video-preview:-1\" \/>\n<link rel=\"canonical\" href=\"https:\/\/subszone.com\/de\/product\/chromtrioxid\/\" \/>\n<meta property=\"og:locale\" content=\"de_DE\" \/>\n<meta property=\"og:type\" content=\"article\" \/>\n<meta property=\"og:title\" content=\"Chromium Trioxide for Sale - Buy Chromium Trioxide Online\" \/>\n<meta property=\"og:description\" content=\"You can get chromium trioxide industrial for sale at the best rates from our online store. We are here to help you buy chromium trioxide online. Connect with best store in town today!\" \/>\n<meta property=\"og:url\" content=\"https:\/\/subszone.com\/de\/product\/chromtrioxid\/\" \/>\n<meta property=\"og:site_name\" content=\"SubsZone\" \/>\n<meta property=\"article:modified_time\" content=\"2025-05-31T05:05:08+00:00\" \/>\n<meta property=\"og:image\" content=\"https:\/\/subszone.com\/wp-content\/uploads\/2024\/10\/Chromium-Trioxide-2.gif\" \/>\n\t<meta property=\"og:image:width\" content=\"600\" \/>\n\t<meta property=\"og:image:height\" content=\"600\" \/>\n\t<meta property=\"og:image:type\" content=\"image\/gif\" \/>\n<meta name=\"twitter:card\" content=\"summary_large_image\" \/>\n<meta name=\"twitter:label1\" content=\"Gesch\u00e4tzte Lesezeit\" \/>\n\t<meta name=\"twitter:data1\" content=\"3\u00a0Minuten\" \/>\n<script type=\"application\/ld+json\" class=\"yoast-schema-graph\">{\"@context\":\"https:\/\/schema.org\",\"@graph\":[{\"@type\":\"WebPage\",\"@id\":\"https:\/\/subszone.com\/product\/chromium-trioxide\/\",\"url\":\"https:\/\/subszone.com\/product\/chromium-trioxide\/\",\"name\":\"Chromium Trioxide for Sale - Buy Chromium Trioxide Online\",\"isPartOf\":{\"@id\":\"https:\/\/subszone.com\/#website\"},\"primaryImageOfPage\":{\"@id\":\"https:\/\/subszone.com\/product\/chromium-trioxide\/#primaryimage\"},\"image\":{\"@id\":\"https:\/\/subszone.com\/product\/chromium-trioxide\/#primaryimage\"},\"thumbnailUrl\":\"https:\/\/subszone.com\/wp-content\/uploads\/2024\/10\/Chromium-Trioxide-2.gif\",\"datePublished\":\"2024-10-23T11:14:09+00:00\",\"dateModified\":\"2025-05-31T05:05:08+00:00\",\"description\":\"You can get chromium trioxide industrial for sale at the best rates from our online store. We are here to help you buy chromium trioxide online. Connect with best store in town today!\",\"breadcrumb\":{\"@id\":\"https:\/\/subszone.com\/product\/chromium-trioxide\/#breadcrumb\"},\"inLanguage\":\"de\",\"potentialAction\":[{\"@type\":\"ReadAction\",\"target\":[\"https:\/\/subszone.com\/product\/chromium-trioxide\/\"]}]},{\"@type\":\"ImageObject\",\"inLanguage\":\"de\",\"@id\":\"https:\/\/subszone.com\/product\/chromium-trioxide\/#primaryimage\",\"url\":\"https:\/\/subszone.com\/wp-content\/uploads\/2024\/10\/Chromium-Trioxide-2.gif\",\"contentUrl\":\"https:\/\/subszone.com\/wp-content\/uploads\/2024\/10\/Chromium-Trioxide-2.gif\",\"width\":600,\"height\":600,\"caption\":\"Buy Chromium Trioxide Online\"},{\"@type\":\"BreadcrumbList\",\"@id\":\"https:\/\/subszone.com\/product\/chromium-trioxide\/#breadcrumb\",\"itemListElement\":[{\"@type\":\"ListItem\",\"position\":1,\"name\":\"Home\",\"item\":\"https:\/\/subszone.com\/\"},{\"@type\":\"ListItem\",\"position\":2,\"name\":\"Shop\",\"item\":\"https:\/\/subszone.com\/shop\/\"},{\"@type\":\"ListItem\",\"position\":3,\"name\":\"Buy Chromium Trioxide Online\"}]},{\"@type\":\"WebSite\",\"@id\":\"https:\/\/subszone.com\/#website\",\"url\":\"https:\/\/subszone.com\/\",\"name\":\"SubsZone\",\"description\":\"My WordPress Blog\",\"publisher\":{\"@id\":\"https:\/\/subszone.com\/#organization\"},\"potentialAction\":[{\"@type\":\"SearchAction\",\"target\":{\"@type\":\"EntryPoint\",\"urlTemplate\":\"https:\/\/subszone.com\/?s={search_term_string}\"},\"query-input\":{\"@type\":\"PropertyValueSpecification\",\"valueRequired\":true,\"valueName\":\"search_term_string\"}}],\"inLanguage\":\"de\"},{\"@type\":\"Organization\",\"@id\":\"https:\/\/subszone.com\/#organization\",\"name\":\"SubsZone\",\"url\":\"https:\/\/subszone.com\/\",\"logo\":{\"@type\":\"ImageObject\",\"inLanguage\":\"de\",\"@id\":\"https:\/\/subszone.com\/#\/schema\/logo\/image\/\",\"url\":\"https:\/\/subszone.com\/wp-content\/uploads\/2024\/10\/logo.png\",\"contentUrl\":\"https:\/\/subszone.com\/wp-content\/uploads\/2024\/10\/logo.png\",\"width\":193,\"height\":50,\"caption\":\"SubsZone\"},\"image\":{\"@id\":\"https:\/\/subszone.com\/#\/schema\/logo\/image\/\"}}]}<\/script>\n<!-- \/ Yoast SEO plugin. -->","yoast_head_json":{"title":"Chromtrioxid zu verkaufen - Chromtrioxid online kaufen","description":"Sie k\u00f6nnen Chromtrioxid industriell zum Verkauf zu den besten Preisen von unserem Online-Shop erhalten. Wir sind hier, um Ihnen zu helfen, Chromtrioxid online zu kaufen. Verbinden Sie sich mit dem besten Gesch\u00e4ft in der Stadt heute!","robots":{"index":"index","follow":"follow","max-snippet":"max-snippet:-1","max-image-preview":"max-image-preview:large","max-video-preview":"max-video-preview:-1"},"canonical":"https:\/\/subszone.com\/de\/product\/chromtrioxid\/","og_locale":"de_DE","og_type":"article","og_title":"Chromium Trioxide for Sale - Buy Chromium Trioxide Online","og_description":"You can get chromium trioxide industrial for sale at the best rates from our online store. We are here to help you buy chromium trioxide online. Connect with best store in town today!","og_url":"https:\/\/subszone.com\/de\/product\/chromtrioxid\/","og_site_name":"SubsZone","article_modified_time":"2025-05-31T05:05:08+00:00","og_image":[{"width":600,"height":600,"url":"https:\/\/subszone.com\/wp-content\/uploads\/2024\/10\/Chromium-Trioxide-2.gif","type":"image\/gif"}],"twitter_card":"summary_large_image","twitter_misc":{"Gesch\u00e4tzte Lesezeit":"3\u00a0Minuten"},"schema":{"@context":"https:\/\/schema.org","@graph":[{"@type":"WebPage","@id":"https:\/\/subszone.com\/product\/chromium-trioxide\/","url":"https:\/\/subszone.com\/product\/chromium-trioxide\/","name":"Chromtrioxid zu verkaufen - Chromtrioxid online kaufen","isPartOf":{"@id":"https:\/\/subszone.com\/#website"},"primaryImageOfPage":{"@id":"https:\/\/subszone.com\/product\/chromium-trioxide\/#primaryimage"},"image":{"@id":"https:\/\/subszone.com\/product\/chromium-trioxide\/#primaryimage"},"thumbnailUrl":"https:\/\/subszone.com\/wp-content\/uploads\/2024\/10\/Chromium-Trioxide-2.gif","datePublished":"2024-10-23T11:14:09+00:00","dateModified":"2025-05-31T05:05:08+00:00","description":"Sie k\u00f6nnen Chromtrioxid industriell zum Verkauf zu den besten Preisen von unserem Online-Shop erhalten. Wir sind hier, um Ihnen zu helfen, Chromtrioxid online zu kaufen. Verbinden Sie sich mit dem besten Gesch\u00e4ft in der Stadt heute!","breadcrumb":{"@id":"https:\/\/subszone.com\/product\/chromium-trioxide\/#breadcrumb"},"inLanguage":"de","potentialAction":[{"@type":"ReadAction","target":["https:\/\/subszone.com\/product\/chromium-trioxide\/"]}]},{"@type":"ImageObject","inLanguage":"de","@id":"https:\/\/subszone.com\/product\/chromium-trioxide\/#primaryimage","url":"https:\/\/subszone.com\/wp-content\/uploads\/2024\/10\/Chromium-Trioxide-2.gif","contentUrl":"https:\/\/subszone.com\/wp-content\/uploads\/2024\/10\/Chromium-Trioxide-2.gif","width":600,"height":600,"caption":"Buy Chromium Trioxide Online"},{"@type":"BreadcrumbList","@id":"https:\/\/subszone.com\/product\/chromium-trioxide\/#breadcrumb","itemListElement":[{"@type":"ListItem","position":1,"name":"Home","item":"https:\/\/subszone.com\/"},{"@type":"ListItem","position":2,"name":"Shop","item":"https:\/\/subszone.com\/shop\/"},{"@type":"ListItem","position":3,"name":"Buy Chromium Trioxide Online"}]},{"@type":"WebSite","@id":"https:\/\/subszone.com\/#website","url":"https:\/\/subszone.com\/","name":"SubsZone","description":"Mein WordPress-Blog","publisher":{"@id":"https:\/\/subszone.com\/#organization"},"potentialAction":[{"@type":"SearchAction","target":{"@type":"EntryPoint","urlTemplate":"https:\/\/subszone.com\/?s={search_term_string}"},"query-input":{"@type":"PropertyValueSpecification","valueRequired":true,"valueName":"search_term_string"}}],"inLanguage":"de"},{"@type":"Organization","@id":"https:\/\/subszone.com\/#organization","name":"SubsZone","url":"https:\/\/subszone.com\/","logo":{"@type":"ImageObject","inLanguage":"de","@id":"https:\/\/subszone.com\/#\/schema\/logo\/image\/","url":"https:\/\/subszone.com\/wp-content\/uploads\/2024\/10\/logo.png","contentUrl":"https:\/\/subszone.com\/wp-content\/uploads\/2024\/10\/logo.png","width":193,"height":50,"caption":"SubsZone"},"image":{"@id":"https:\/\/subszone.com\/#\/schema\/logo\/image\/"}}]}},"_links":{"self":[{"href":"https:\/\/subszone.com\/de\/wp-json\/wp\/v2\/product\/1119","targetHints":{"allow":["GET"]}}],"collection":[{"href":"https:\/\/subszone.com\/de\/wp-json\/wp\/v2\/product"}],"about":[{"href":"https:\/\/subszone.com\/de\/wp-json\/wp\/v2\/types\/product"}],"replies":[{"embeddable":true,"href":"https:\/\/subszone.com\/de\/wp-json\/wp\/v2\/comments?post=1119"}],"wp:featuredmedia":[{"embeddable":true,"href":"https:\/\/subszone.com\/de\/wp-json\/wp\/v2\/media\/1435"}],"wp:attachment":[{"href":"https:\/\/subszone.com\/de\/wp-json\/wp\/v2\/media?parent=1119"}],"wp:term":[{"taxonomy":"product_brand","embeddable":true,"href":"https:\/\/subszone.com\/de\/wp-json\/wp\/v2\/product_brand?post=1119"},{"taxonomy":"product_cat","embeddable":true,"href":"https:\/\/subszone.com\/de\/wp-json\/wp\/v2\/product_cat?post=1119"},{"taxonomy":"product_tag","embeddable":true,"href":"https:\/\/subszone.com\/de\/wp-json\/wp\/v2\/product_tag?post=1119"}],"curies":[{"name":"wp","href":"https:\/\/api.w.org\/{rel}","templated":true}]}}