{"id":1169,"date":"2024-10-24T05:18:38","date_gmt":"2024-10-24T05:18:38","guid":{"rendered":"https:\/\/subszone.com\/?post_type=product&#038;p=1169"},"modified":"2025-05-31T05:49:35","modified_gmt":"2025-05-31T05:49:35","slug":"hexamethylentriperoxid-diamin-hmtd-vorprodukte","status":"publish","type":"product","link":"https:\/\/subszone.com\/de\/product\/hexamethylentriperoxid-diamin-hmtd-vorprodukte\/","title":{"rendered":"Hexamethylentriperoxid-Diamin (HMTD-Vorstufen) online kaufen"},"content":{"rendered":"<h2><b>Verbraucherleitfaden f\u00fcr den Online-Kauf von Hexamintriperoxiddiaminen (HMTD-Vorstufen)<\/b><\/h2>\n<h3><b>Einf\u00fchrung in Hexamintriperoxiddiamine (HMTD-Vorprodukte)<\/b><\/h3>\n<p><a href=\"https:\/\/en.wikipedia.org\/wiki\/Hexamethylene_triperoxide_diamine\"><b>Hexamintriperoxiddiamine (HMTD-Vorprodukte)<\/b><\/a><span style=\"font-weight: 400;\">, auch bekannt als <\/span><b>Methenamin<\/b><span style=\"font-weight: 400;\"> oder <\/span><b>Urotropin<\/b><span style=\"font-weight: 400;\">ist eine vielseitige organische Verbindung, die h\u00e4ufig im Haushalt, in der Industrie und im Labor verwendet wird. Anerkannt f\u00fcr seine <\/span><b>wei\u00dfes, kristallines Aussehen<\/b><span style=\"font-weight: 400;\"> und <\/span><b>hohe Entz\u00fcndlichkeit<\/b><span style=\"font-weight: 400;\">Hexamin dient einer Vielzahl von praktischen Zwecken - von <\/span><b>Festbrennstofftabletten f\u00fcr Campingkocher<\/b><span style=\"font-weight: 400;\"> zu <\/span><b>ein chemisches Zwischenprodukt<\/b><span style=\"font-weight: 400;\"> in Harzen und Arzneimitteln.<\/span><\/p>\n<p><span style=\"font-weight: 400;\">Ob Sie als Camper auf der Suche nach zuverl\u00e4ssigen Brennstofftabletten oder als Forscher auf der Suche nach einem chemischen Reagenz sind, Sie m\u00fcssen wissen, wie und wo Sie <\/span><b>Hexamin-Triperoxid-Diamin (HMTD-Vorstufen) online kaufen<\/b><span style=\"font-weight: 400;\"> sicher und legal ist der Schl\u00fcssel.<\/span><\/p>\n<h3><b>Legale und sichere Verwendung von Hexamin<\/b><\/h3>\n<p><span style=\"font-weight: 400;\">Hexamin ist f\u00fcr die Verwendung in vielen Bereichen zugelassen:<\/span><\/p>\n<ul>\n<li style=\"font-weight: 400;\" aria-level=\"1\"><b>Camping und Outdoor-Aktivit\u00e4ten<\/b><span style=\"font-weight: 400;\"> als <\/span><b>Festbrennstoff<\/b><b>\n<p><\/b><\/li>\n<li style=\"font-weight: 400;\" aria-level=\"1\"><b>Industrielle Fertigung<\/b><span style=\"font-weight: 400;\"> (z. B. Kunststoffe, Arzneimittel, Ausgangsstoffe f\u00fcr Sprengstoffe unter kontrollierten Bedingungen)<\/span><span style=\"font-weight: 400;\">\n<p><\/span><\/li>\n<li style=\"font-weight: 400;\" aria-level=\"1\"><b>Laboratorien und Forschungseinrichtungen<\/b><span style=\"font-weight: 400;\"> f\u00fcr die chemische Synthese<\/span><span style=\"font-weight: 400;\">\n<p><\/span><\/li>\n<\/ul>\n<p><span style=\"font-weight: 400;\">Aufgrund seiner potenziellen Anwendungen mit doppeltem Verwendungszweck, <\/span><b>Vorschriften sind wichtig<\/b><span style=\"font-weight: 400;\">. Seri\u00f6se Anbieter befolgen die regionalen Gesetze und sorgen daf\u00fcr, dass ihre Kunden die Sicherheitsstandards einhalten.<\/span><\/p>\n<h3><b>Wie man einen zuverl\u00e4ssigen Anbieter ausw\u00e4hlt<\/b><\/h3>\n<p><span style=\"font-weight: 400;\">Wenn Sie <\/span><b>Hexamin-Triperoxid-Diamin (HMTD-Vorstufen) online bestellen<\/b><span style=\"font-weight: 400;\">Bevorzugen Sie Anbieter, die Folgendes bieten:<\/span><\/p>\n<ul>\n<li style=\"font-weight: 400;\" aria-level=\"1\"><b>Ordnungsgem\u00e4\u00dfe Zertifizierungen und Unterlagen zur Einhaltung der Vorschriften<\/b><b>\n<p><\/b><\/li>\n<li style=\"font-weight: 400;\" aria-level=\"1\"><b>Materialsicherheitsdatenbl\u00e4tter (MSDS\/SDS)<\/b><b>\n<p><\/b><\/li>\n<li style=\"font-weight: 400;\" aria-level=\"1\"><b>Transparente Bewertungen und reaktionsschnelle Kundenbetreuung<\/b><b>\n<p><\/b><\/li>\n<\/ul>\n<p><b>Inl\u00e4ndische Lieferanten<\/b><span style=\"font-weight: 400;\"> einen schnelleren Versand und eine einfachere R\u00fccksendung bieten, w\u00e4hrend <\/span><b>internationale Anbieter<\/b><span style=\"font-weight: 400;\"> k\u00f6nnen g\u00fcnstigere Preise bieten, erfordern aber eine Zollabfertigung und die \u00dcberpr\u00fcfung der Einhaltung der Vorschriften.<\/span><\/p>\n<h2><b>Tipps f\u00fcr den sicheren Online-Kauf von Hexamin<\/b><\/h2>\n<p><span style=\"font-weight: 400;\">Hier ist, worauf Sie achten sollten:<\/span><\/p>\n<ul>\n<li style=\"font-weight: 400;\" aria-level=\"1\"><b>Klare Produktkennzeichnung<\/b><span style=\"font-weight: 400;\"> - Pr\u00fcfung auf CAS-Nummer, Reinheit und chemische Bezeichnung<\/span><span style=\"font-weight: 400;\">\n<p><\/span><\/li>\n<li style=\"font-weight: 400;\" aria-level=\"1\"><b>Ordnungsgem\u00e4\u00dfe Verpackung<\/b><span style=\"font-weight: 400;\"> - Vergewissern Sie sich, dass es versiegelt, beschriftet und f\u00e4lschungssicher ist.<\/span><span style=\"font-weight: 400;\">\n<p><\/span><\/li>\n<li style=\"font-weight: 400;\" aria-level=\"1\"><b>Hinweise zur sicheren Lagerung<\/b><span style=\"font-weight: 400;\"> - An einem trockenen, k\u00fchlen, gut bel\u00fcfteten Ort, entfernt von offenen Flammen oder unvertr\u00e4glichen Materialien lagern<\/span><span style=\"font-weight: 400;\">\n<p><\/span><\/li>\n<\/ul>\n<p><span style=\"font-weight: 400;\">A <\/span><b>seri\u00f6ser Anbieter<\/b><span style=\"font-weight: 400;\"> nicht davor zur\u00fcckschrecken, Unterlagen zur Verf\u00fcgung zu stellen oder Sicherheitsfragen zu beantworten.<\/span><\/p>\n<h3><b>M\u00f6gliche Beschr\u00e4nkungen und Vorschriften<\/b><\/h3>\n<p><span style=\"font-weight: 400;\">Das h\u00e4ngt von Ihrem Land ab, <\/span><b>Hexamin kann reguliert werden<\/b><span style=\"font-weight: 400;\"> aufgrund seiner Verwendung in kontrollierten chemischen Reaktionen. Zum Beispiel:<\/span><\/p>\n<ul>\n<li style=\"font-weight: 400;\" aria-level=\"1\"><span style=\"font-weight: 400;\">In der <\/span><b>U.S.<\/b><span style=\"font-weight: 400;\">F\u00fcr den pers\u00f6nlichen Gebrauch oder zu Forschungszwecken ist der Kauf legal, gr\u00f6\u00dfere Mengen k\u00f6nnen jedoch kontrolliert werden.<\/span><span style=\"font-weight: 400;\">\n<p><\/span><\/li>\n<li style=\"font-weight: 400;\" aria-level=\"1\"><span style=\"font-weight: 400;\">In der <\/span><b>EU und UK<\/b><span style=\"font-weight: 400;\">F\u00fcr Verk\u00e4ufe k\u00f6nnen Endverbrauchererkl\u00e4rungen oder Unternehmensnachweise erforderlich sein.<\/span><span style=\"font-weight: 400;\">\n<p><\/span><\/li>\n<li style=\"font-weight: 400;\" aria-level=\"1\"><b>Altersbeschr\u00e4nkungen<\/b><span style=\"font-weight: 400;\"> oder <\/span><b>Gesch\u00e4ftslizenzen<\/b><span style=\"font-weight: 400;\"> kann in einigen Regionen erforderlich sein.<\/span><span style=\"font-weight: 400;\">\n<p><\/span><\/li>\n<\/ul>\n<p><span style=\"font-weight: 400;\">Pr\u00fcfen Sie immer Ihre <\/span><b>lokale Gesetze<\/b><span style=\"font-weight: 400;\"> bevor Sie eine Bestellung aufgeben.<\/span><\/p>\n<h3><b>Schlussfolgerung<\/b><\/h3>\n<p><span style=\"font-weight: 400;\">Hexamin online zu kaufen ist praktisch und bequem.<\/span><b>wenn es verantwortungsbewusst geschieht<\/b><span style=\"font-weight: 400;\">. W\u00e4hlen Sie seri\u00f6se Verk\u00e4ufer, beachten Sie die \u00f6rtlichen Vorschriften und lagern Sie es sicher. Ob Sie nun nach <\/span><b>g\u00fcnstige Hexaminpreise<\/b><span style=\"font-weight: 400;\">Anbieter zu vergleichen, oder einfach nur die <\/span><b>bester Ort zum Kaufen <a href=\"https:\/\/subszone.com\/de\/product\/hexamethylentriperoxid-diamin-hmtd-vorprodukte\/\">Hexamintriperoxiddiamine (HMTD-Vorprodukte)<\/a><\/b><span style=\"font-weight: 400;\">, Priorit\u00e4ten setzen <\/span><b>Rechtm\u00e4\u00dfigkeit, Sicherheit und Qualit\u00e4t<\/b><span style=\"font-weight: 400;\">.<\/span><\/p>","protected":false},"excerpt":{"rendered":"<p><strong>Synonym(e): Hexamethylendiisocyanat, 1,6-Diisocyanatohexan<\/strong><br \/>\n<strong>Lineare Formel: OCN(CH2)6NCO<\/strong><br \/>\n<strong>CAS-Nr.:822-06-0<\/strong><br \/>\n<strong>Molekulargewicht:168.19<\/strong><br \/>\n<strong>EG-Nr.:212-485-8<\/strong><br \/>\n<strong>Beilstein Nr.:956709<\/strong><\/p>","protected":false},"featured_media":1421,"comment_status":"open","ping_status":"closed","template":"","meta":{"_kadence_starter_templates_imported_post":false,"_kad_post_transparent":"default","_kad_post_title":"","_kad_post_layout":"default","_kad_post_sidebar_id":"","_kad_post_content_style":"default","_kad_post_vertical_padding":"default","_kad_post_feature":"","_kad_post_feature_position":"","_kad_post_header":false,"_kad_post_footer":false,"_joinchat":[]},"product_brand":[],"product_cat":[60],"product_tag":[234,235,236,237,238,239,240,241,242,243,244,245,246,247,248,249,250,251,252,253],"class_list":{"0":"post-1169","1":"product","2":"type-product","3":"status-publish","4":"has-post-thumbnail","6":"product_cat-fire-retardants-and-protective-coatings","7":"product_tag-buy-hexamethylene-triperoxide-diamine","8":"product_tag-buy-hmtd-online","9":"product_tag-buy-nitro-compounds","10":"product_tag-buy-peroxide-explosives","11":"product_tag-diamine-precursors-for-purchase","12":"product_tag-explosive-chemicals-for-sale","13":"product_tag-hexamethylenetetramine-suppliers","14":"product_tag-hmtd-applications-for-purchase","15":"product_tag-hmtd-chemical-properties","16":"product_tag-hmtd-formulation-supplies","17":"product_tag-hmtd-precursors-for-sale","18":"product_tag-hmtd-production-kits","19":"product_tag-hmtd-safety-data-sheets","20":"product_tag-hmtd-synthesis-materials","21":"product_tag-laboratory-synthesis-of-hmtd-supplies","22":"product_tag-organic-peroxide-suppliers","23":"product_tag-purchase-hexamine","24":"product_tag-stability-testing-for-hmtd","25":"product_tag-where-to-buy-hmtd","26":"product_tag-wholesale-hmtd-suppliers","28":"first","29":"instock","30":"shipping-taxable","31":"product-type-simple","32":"entry","33":"content-bg","34":"loop-entry"},"yoast_head":"<!-- This site is optimized with the Yoast SEO plugin v25.6 - https:\/\/yoast.com\/wordpress\/plugins\/seo\/ -->\n<title>Buy Hexamethylene Triperoxide Diamine Online | Subszone<\/title>\n<meta name=\"description\" content=\"If you have not tried hexamethylene triperoxide diamine from our store, then you are missing a lot. We will help you buy hexamethylene triperoxide diamine online at cheap rates. Get hexamethylene triperoxide diamine for sale today!\" \/>\n<meta name=\"robots\" content=\"index, follow, max-snippet:-1, max-image-preview:large, max-video-preview:-1\" \/>\n<link rel=\"canonical\" href=\"https:\/\/subszone.com\/de\/product\/hexamethylentriperoxid-diamin-hmtd-vorprodukte\/\" \/>\n<meta property=\"og:locale\" content=\"de_DE\" \/>\n<meta property=\"og:type\" content=\"article\" \/>\n<meta property=\"og:title\" content=\"Buy Hexamethylene Triperoxide Diamine Online | Subszone\" \/>\n<meta property=\"og:description\" content=\"If you have not tried hexamethylene triperoxide diamine from our store, then you are missing a lot. We will help you buy hexamethylene triperoxide diamine online at cheap rates. Get hexamethylene triperoxide diamine for sale today!\" \/>\n<meta property=\"og:url\" content=\"https:\/\/subszone.com\/de\/product\/hexamethylentriperoxid-diamin-hmtd-vorprodukte\/\" \/>\n<meta property=\"og:site_name\" content=\"SubsZone\" \/>\n<meta property=\"article:modified_time\" content=\"2025-05-31T05:49:35+00:00\" \/>\n<meta property=\"og:image\" content=\"https:\/\/subszone.com\/wp-content\/uploads\/2024\/10\/Hexamethylene-Triperoxide-Diamine-HMTD-precursors-2.gif\" \/>\n\t<meta property=\"og:image:width\" content=\"600\" \/>\n\t<meta property=\"og:image:height\" content=\"600\" \/>\n\t<meta property=\"og:image:type\" content=\"image\/gif\" \/>\n<meta name=\"twitter:card\" content=\"summary_large_image\" \/>\n<meta name=\"twitter:label1\" content=\"Gesch\u00e4tzte Lesezeit\" \/>\n\t<meta name=\"twitter:data1\" content=\"2\u00a0Minuten\" \/>\n<script type=\"application\/ld+json\" class=\"yoast-schema-graph\">{\"@context\":\"https:\/\/schema.org\",\"@graph\":[{\"@type\":\"WebPage\",\"@id\":\"https:\/\/subszone.com\/product\/hexamethylene-triperoxide-diamine-hmtd-precursors\/\",\"url\":\"https:\/\/subszone.com\/product\/hexamethylene-triperoxide-diamine-hmtd-precursors\/\",\"name\":\"Buy Hexamethylene Triperoxide Diamine Online | Subszone\",\"isPartOf\":{\"@id\":\"https:\/\/subszone.com\/#website\"},\"primaryImageOfPage\":{\"@id\":\"https:\/\/subszone.com\/product\/hexamethylene-triperoxide-diamine-hmtd-precursors\/#primaryimage\"},\"image\":{\"@id\":\"https:\/\/subszone.com\/product\/hexamethylene-triperoxide-diamine-hmtd-precursors\/#primaryimage\"},\"thumbnailUrl\":\"https:\/\/subszone.com\/wp-content\/uploads\/2024\/10\/Hexamethylene-Triperoxide-Diamine-HMTD-precursors-2.gif\",\"datePublished\":\"2024-10-24T05:18:38+00:00\",\"dateModified\":\"2025-05-31T05:49:35+00:00\",\"description\":\"If you have not tried hexamethylene triperoxide diamine from our store, then you are missing a lot. We will help you buy hexamethylene triperoxide diamine online at cheap rates. Get hexamethylene triperoxide diamine for sale today!\",\"breadcrumb\":{\"@id\":\"https:\/\/subszone.com\/product\/hexamethylene-triperoxide-diamine-hmtd-precursors\/#breadcrumb\"},\"inLanguage\":\"de\",\"potentialAction\":[{\"@type\":\"ReadAction\",\"target\":[\"https:\/\/subszone.com\/product\/hexamethylene-triperoxide-diamine-hmtd-precursors\/\"]}]},{\"@type\":\"ImageObject\",\"inLanguage\":\"de\",\"@id\":\"https:\/\/subszone.com\/product\/hexamethylene-triperoxide-diamine-hmtd-precursors\/#primaryimage\",\"url\":\"https:\/\/subszone.com\/wp-content\/uploads\/2024\/10\/Hexamethylene-Triperoxide-Diamine-HMTD-precursors-2.gif\",\"contentUrl\":\"https:\/\/subszone.com\/wp-content\/uploads\/2024\/10\/Hexamethylene-Triperoxide-Diamine-HMTD-precursors-2.gif\",\"width\":600,\"height\":600,\"caption\":\"Buy Hexamethylene Triperoxide Diamine (HMTD precursors) Online\"},{\"@type\":\"BreadcrumbList\",\"@id\":\"https:\/\/subszone.com\/product\/hexamethylene-triperoxide-diamine-hmtd-precursors\/#breadcrumb\",\"itemListElement\":[{\"@type\":\"ListItem\",\"position\":1,\"name\":\"Home\",\"item\":\"https:\/\/subszone.com\/\"},{\"@type\":\"ListItem\",\"position\":2,\"name\":\"Shop\",\"item\":\"https:\/\/subszone.com\/shop\/\"},{\"@type\":\"ListItem\",\"position\":3,\"name\":\"Buy Hexamethylene Triperoxide Diamine (HMTD precursors) Online\"}]},{\"@type\":\"WebSite\",\"@id\":\"https:\/\/subszone.com\/#website\",\"url\":\"https:\/\/subszone.com\/\",\"name\":\"SubsZone\",\"description\":\"My WordPress Blog\",\"publisher\":{\"@id\":\"https:\/\/subszone.com\/#organization\"},\"potentialAction\":[{\"@type\":\"SearchAction\",\"target\":{\"@type\":\"EntryPoint\",\"urlTemplate\":\"https:\/\/subszone.com\/?s={search_term_string}\"},\"query-input\":{\"@type\":\"PropertyValueSpecification\",\"valueRequired\":true,\"valueName\":\"search_term_string\"}}],\"inLanguage\":\"de\"},{\"@type\":\"Organization\",\"@id\":\"https:\/\/subszone.com\/#organization\",\"name\":\"SubsZone\",\"url\":\"https:\/\/subszone.com\/\",\"logo\":{\"@type\":\"ImageObject\",\"inLanguage\":\"de\",\"@id\":\"https:\/\/subszone.com\/#\/schema\/logo\/image\/\",\"url\":\"https:\/\/subszone.com\/wp-content\/uploads\/2024\/10\/logo.png\",\"contentUrl\":\"https:\/\/subszone.com\/wp-content\/uploads\/2024\/10\/logo.png\",\"width\":193,\"height\":50,\"caption\":\"SubsZone\"},\"image\":{\"@id\":\"https:\/\/subszone.com\/#\/schema\/logo\/image\/\"}}]}<\/script>\n<!-- \/ Yoast SEO plugin. -->","yoast_head_json":{"title":"Hexamethylentriperoxid-Diamin online kaufen | Subszone","description":"Wenn Sie noch nicht Hexamethylentriperoxid-Diamin aus unserem Shop probiert haben, dann verpassen Sie eine Menge. Wir helfen Ihnen, Hexamethylentriperoxid-Diamin online zu g\u00fcnstigen Preisen zu kaufen. Holen Sie sich Hexamethylentriperoxid-Diamin zum Verkauf heute!","robots":{"index":"index","follow":"follow","max-snippet":"max-snippet:-1","max-image-preview":"max-image-preview:large","max-video-preview":"max-video-preview:-1"},"canonical":"https:\/\/subszone.com\/de\/product\/hexamethylentriperoxid-diamin-hmtd-vorprodukte\/","og_locale":"de_DE","og_type":"article","og_title":"Buy Hexamethylene Triperoxide Diamine Online | Subszone","og_description":"If you have not tried hexamethylene triperoxide diamine from our store, then you are missing a lot. We will help you buy hexamethylene triperoxide diamine online at cheap rates. Get hexamethylene triperoxide diamine for sale today!","og_url":"https:\/\/subszone.com\/de\/product\/hexamethylentriperoxid-diamin-hmtd-vorprodukte\/","og_site_name":"SubsZone","article_modified_time":"2025-05-31T05:49:35+00:00","og_image":[{"width":600,"height":600,"url":"https:\/\/subszone.com\/wp-content\/uploads\/2024\/10\/Hexamethylene-Triperoxide-Diamine-HMTD-precursors-2.gif","type":"image\/gif"}],"twitter_card":"summary_large_image","twitter_misc":{"Gesch\u00e4tzte Lesezeit":"2\u00a0Minuten"},"schema":{"@context":"https:\/\/schema.org","@graph":[{"@type":"WebPage","@id":"https:\/\/subszone.com\/product\/hexamethylene-triperoxide-diamine-hmtd-precursors\/","url":"https:\/\/subszone.com\/product\/hexamethylene-triperoxide-diamine-hmtd-precursors\/","name":"Hexamethylentriperoxid-Diamin online kaufen | Subszone","isPartOf":{"@id":"https:\/\/subszone.com\/#website"},"primaryImageOfPage":{"@id":"https:\/\/subszone.com\/product\/hexamethylene-triperoxide-diamine-hmtd-precursors\/#primaryimage"},"image":{"@id":"https:\/\/subszone.com\/product\/hexamethylene-triperoxide-diamine-hmtd-precursors\/#primaryimage"},"thumbnailUrl":"https:\/\/subszone.com\/wp-content\/uploads\/2024\/10\/Hexamethylene-Triperoxide-Diamine-HMTD-precursors-2.gif","datePublished":"2024-10-24T05:18:38+00:00","dateModified":"2025-05-31T05:49:35+00:00","description":"Wenn Sie noch nicht Hexamethylentriperoxid-Diamin aus unserem Shop probiert haben, dann verpassen Sie eine Menge. Wir helfen Ihnen, Hexamethylentriperoxid-Diamin online zu g\u00fcnstigen Preisen zu kaufen. Holen Sie sich Hexamethylentriperoxid-Diamin zum Verkauf heute!","breadcrumb":{"@id":"https:\/\/subszone.com\/product\/hexamethylene-triperoxide-diamine-hmtd-precursors\/#breadcrumb"},"inLanguage":"de","potentialAction":[{"@type":"ReadAction","target":["https:\/\/subszone.com\/product\/hexamethylene-triperoxide-diamine-hmtd-precursors\/"]}]},{"@type":"ImageObject","inLanguage":"de","@id":"https:\/\/subszone.com\/product\/hexamethylene-triperoxide-diamine-hmtd-precursors\/#primaryimage","url":"https:\/\/subszone.com\/wp-content\/uploads\/2024\/10\/Hexamethylene-Triperoxide-Diamine-HMTD-precursors-2.gif","contentUrl":"https:\/\/subszone.com\/wp-content\/uploads\/2024\/10\/Hexamethylene-Triperoxide-Diamine-HMTD-precursors-2.gif","width":600,"height":600,"caption":"Buy Hexamethylene Triperoxide Diamine (HMTD precursors) Online"},{"@type":"BreadcrumbList","@id":"https:\/\/subszone.com\/product\/hexamethylene-triperoxide-diamine-hmtd-precursors\/#breadcrumb","itemListElement":[{"@type":"ListItem","position":1,"name":"Home","item":"https:\/\/subszone.com\/"},{"@type":"ListItem","position":2,"name":"Shop","item":"https:\/\/subszone.com\/shop\/"},{"@type":"ListItem","position":3,"name":"Buy Hexamethylene Triperoxide Diamine (HMTD precursors) Online"}]},{"@type":"WebSite","@id":"https:\/\/subszone.com\/#website","url":"https:\/\/subszone.com\/","name":"SubsZone","description":"Mein WordPress-Blog","publisher":{"@id":"https:\/\/subszone.com\/#organization"},"potentialAction":[{"@type":"SearchAction","target":{"@type":"EntryPoint","urlTemplate":"https:\/\/subszone.com\/?s={search_term_string}"},"query-input":{"@type":"PropertyValueSpecification","valueRequired":true,"valueName":"search_term_string"}}],"inLanguage":"de"},{"@type":"Organization","@id":"https:\/\/subszone.com\/#organization","name":"SubsZone","url":"https:\/\/subszone.com\/","logo":{"@type":"ImageObject","inLanguage":"de","@id":"https:\/\/subszone.com\/#\/schema\/logo\/image\/","url":"https:\/\/subszone.com\/wp-content\/uploads\/2024\/10\/logo.png","contentUrl":"https:\/\/subszone.com\/wp-content\/uploads\/2024\/10\/logo.png","width":193,"height":50,"caption":"SubsZone"},"image":{"@id":"https:\/\/subszone.com\/#\/schema\/logo\/image\/"}}]}},"_links":{"self":[{"href":"https:\/\/subszone.com\/de\/wp-json\/wp\/v2\/product\/1169","targetHints":{"allow":["GET"]}}],"collection":[{"href":"https:\/\/subszone.com\/de\/wp-json\/wp\/v2\/product"}],"about":[{"href":"https:\/\/subszone.com\/de\/wp-json\/wp\/v2\/types\/product"}],"replies":[{"embeddable":true,"href":"https:\/\/subszone.com\/de\/wp-json\/wp\/v2\/comments?post=1169"}],"wp:featuredmedia":[{"embeddable":true,"href":"https:\/\/subszone.com\/de\/wp-json\/wp\/v2\/media\/1421"}],"wp:attachment":[{"href":"https:\/\/subszone.com\/de\/wp-json\/wp\/v2\/media?parent=1169"}],"wp:term":[{"taxonomy":"product_brand","embeddable":true,"href":"https:\/\/subszone.com\/de\/wp-json\/wp\/v2\/product_brand?post=1169"},{"taxonomy":"product_cat","embeddable":true,"href":"https:\/\/subszone.com\/de\/wp-json\/wp\/v2\/product_cat?post=1169"},{"taxonomy":"product_tag","embeddable":true,"href":"https:\/\/subszone.com\/de\/wp-json\/wp\/v2\/product_tag?post=1169"}],"curies":[{"name":"wp","href":"https:\/\/api.w.org\/{rel}","templated":true}]}}