{"id":1170,"date":"2024-10-24T05:19:07","date_gmt":"2024-10-24T05:19:07","guid":{"rendered":"https:\/\/subszone.com\/?post_type=product&#038;p=1170"},"modified":"2025-08-01T08:54:24","modified_gmt":"2025-08-01T08:54:24","slug":"hexamin","status":"publish","type":"product","link":"https:\/\/subszone.com\/de\/product\/hexamin\/","title":{"rendered":"Hexamin online kaufen"},"content":{"rendered":"<h2><b>Umfassender Leitfaden: Hydrazin sicher und legal online kaufen<\/b><\/h2>\n<h3><b>Was ist Hydrazin und wer braucht es?<\/b><\/h3>\n<p><a href=\"https:\/\/subszone.com\/de\/product\/hexamin\/\"><b>Hydrazin<\/b><\/a><span style=\"font-weight: 400;\"> (N\u2082H\u2084) ist eine hochreaktive, farblose Fl\u00fcssigkeit mit stark reduzierenden Eigenschaften. Bekannt f\u00fcr seine Rolle in <\/span><b>Raumfahrtantriebe<\/b><span style=\"font-weight: 400;\">, <\/span><b>chemische Synthese<\/b><span style=\"font-weight: 400;\">und <\/span><b>Wasseraufbereitung<\/b><span style=\"font-weight: 400;\">wird Hydrazin in einer Vielzahl von Bereichen eingesetzt <\/span><b>Branchen<\/b><span style=\"font-weight: 400;\">, <\/span><b>Forschungslaboratorien<\/b><span style=\"font-weight: 400;\">und <\/span><b>staatliche Sektoren<\/b><span style=\"font-weight: 400;\">.<\/span><\/p>\n<h4><b>Prim\u00e4re Anwendungsf\u00e4lle:<\/b><\/h4>\n<ul>\n<li style=\"font-weight: 400;\" aria-level=\"1\"><b>Industrie:<\/b><span style=\"font-weight: 400;\"> Raketentreibstoff, Korrosionsinhibitoren, Polymer- und Kunststoffherstellung<\/span>&nbsp;<\/li>\n<li style=\"font-weight: 400;\" aria-level=\"1\"><b>Forschung:<\/b><span style=\"font-weight: 400;\"> Reduktionsmittel in der organischen Synthese und der pharmazeutischen Forschung und Entwicklung<\/span>&nbsp;<\/li>\n<li style=\"font-weight: 400;\" aria-level=\"1\"><b>Bildung &amp; Laboratorien:<\/b><span style=\"font-weight: 400;\"> Kontrollierte, kleinma\u00dfst\u00e4bliche Experimente in fortgeschrittenen Chemieprogrammen<\/span>&nbsp;<\/li>\n<\/ul>\n<p><span style=\"font-weight: 400;\">Angesichts seiner <\/span><b>toxische und fl\u00fcchtige Natur<\/b><span style=\"font-weight: 400;\">muss Hydrazin verantwortungsbewusst gehandhabt und \u00fcber folgende Stellen bezogen werden <\/span><b>gesetzlich zugelassene Verk\u00e4ufer<\/b><span style=\"font-weight: 400;\"> nur.<\/span><\/p>\n<h3><b>Wie man die besten Lieferanten findet<\/b><\/h3>\n<p><span style=\"font-weight: 400;\">Wenn Sie auf der Suche sind nach <\/span><a href=\"https:\/\/en.wikipedia.org\/wiki\/Hydrazine\"><b>Hydrazin online kaufen<\/b><\/a><span style=\"font-weight: 400;\">ist es wichtig, einen Lieferanten zu w\u00e4hlen, der die strengen <\/span><b>Sicherheits- und Konformit\u00e4tsstandards<\/b><span style=\"font-weight: 400;\">. Hier ist, worauf Sie achten sollten:<\/span><\/p>\n<ul>\n<li style=\"font-weight: 400;\" aria-level=\"1\"><b>Gepr\u00fcfte Unternehmensnachweise und Zulassungen<\/b>&nbsp;<\/li>\n<li style=\"font-weight: 400;\" aria-level=\"1\"><b>Verf\u00fcgbarkeit von Sicherheitsdatenbl\u00e4ttern (SDS\/MSDS)<\/b>&nbsp;<\/li>\n<li style=\"font-weight: 400;\" aria-level=\"1\"><b>Kundenrezensionen und Branchenreputation<\/b>&nbsp;<\/li>\n<li style=\"font-weight: 400;\" aria-level=\"1\"><b>Klare Beschriftung, Dokumentation und technische Spezifikationen<\/b>&nbsp;<\/li>\n<li style=\"font-weight: 400;\" aria-level=\"1\"><b>Zertifizierungen f\u00fcr gef\u00e4hrliche Stoffe (DOT, REACH, OSHA, ISO)<\/b>&nbsp;<\/li>\n<\/ul>\n<p><span style=\"font-weight: 400;\">Die <\/span><b>bester Ort, um Hydrazin zu kaufen<\/b><span style=\"font-weight: 400;\"> ist eine, die den Schwerpunkt auf <\/span><b>Transparenz<\/b><span style=\"font-weight: 400;\">, <\/span><b>Einhaltung von Rechtsvorschriften<\/b><span style=\"font-weight: 400;\">und <\/span><b>sichere Lieferverfahren<\/b><span style=\"font-weight: 400;\">.<\/span><\/p>\n<h3><b>Richtlinien f\u00fcr Handhabung, Versand und Lagerung<\/b><\/h3>\n<p><span style=\"font-weight: 400;\">Aufgrund seiner <\/span><b>Toxizit\u00e4t und Explosionsgefahr<\/b><span style=\"font-weight: 400;\">muss Hydrazin sein:<\/span><\/p>\n<ul>\n<li style=\"font-weight: 400;\" aria-level=\"1\"><b>Versendet in UN-zugelassenen Containern<\/b>&nbsp;<\/li>\n<li style=\"font-weight: 400;\" aria-level=\"1\"><b>an einem k\u00fchlen, gut bel\u00fcfteten und feuerfesten Ort gelagert<\/b>&nbsp;<\/li>\n<li style=\"font-weight: 400;\" aria-level=\"1\"><b>Handhabung mit PSA (Handschuhe, Schutzbrille, Laborkittel)<\/b>&nbsp;<\/li>\n<li style=\"font-weight: 400;\" aria-level=\"1\"><b>Deutliche Kennzeichnung mit Gefahrenhinweisen<\/b>&nbsp;<\/li>\n<\/ul>\n<p><span style=\"font-weight: 400;\">Stellen Sie sicher, dass Ihr Lieferant Folgendes bietet <\/span><b>detaillierte Handlungsanweisungen<\/b><span style=\"font-weight: 400;\"> und folgt <\/span><b>Gefahrgut-Versandprotokolle<\/b><span style=\"font-weight: 400;\">.<\/span><\/p>\n<h3><b>Rechtliche Erw\u00e4gungen und Lizenzvergabe<\/b><\/h3>\n<p><span style=\"font-weight: 400;\">Hydrazin wird eingestuft als <\/span><b>gef\u00e4hrliche und kontrollierte Stoffe<\/b><span style=\"font-weight: 400;\"> in den meisten L\u00e4ndern, darunter die USA, Kanada, die EU und Australien. Bevor Sie eine Bestellung aufgeben, sollten Sie Folgendes beachten:<\/span><\/p>\n<ul>\n<li style=\"font-weight: 400;\" aria-level=\"1\"><b>Gesch\u00e4ftliche oder institutionelle Zeugnisse vorlegen<\/b>&nbsp;<\/li>\n<li style=\"font-weight: 400;\" aria-level=\"1\"><b>Ausf\u00fcllen einer Endverbleibserkl\u00e4rung<\/b>&nbsp;<\/li>\n<li style=\"font-weight: 400;\" aria-level=\"1\"><b>Erlangung einschl\u00e4giger Import-\/Exportlizenzen<\/b>&nbsp;<\/li>\n<li style=\"font-weight: 400;\" aria-level=\"1\"><b>Einhaltung von EPA, DOT, REACH oder \u00e4hnlichen Beh\u00f6rden<\/b>&nbsp;<\/li>\n<\/ul>\n<p><span style=\"font-weight: 400;\">Unbefugter Kauf oder Missbrauch kann zu folgenden Konsequenzen f\u00fchren <\/span><b>gesetzliche Strafen<\/b><span style=\"font-weight: 400;\">einschlie\u00dflich Geldbu\u00dfen oder Strafanzeigen.<\/span><\/p>\n<h3><b>Abschlie\u00dfende \u00dcberlegungen zum verantwortungsvollen Einkauf<\/b><\/h3>\n<p data-start=\"542\" data-end=\"602\"><span style=\"font-weight: 400;\">Ob Sie nun Chemieingenieur, Laborleiter oder Beschaffungsbeauftragter sind, die Entscheidung f\u00fcr <\/span><b>Hydrazin online bestellen<\/b><span style=\"font-weight: 400;\"> muss mit einem Verst\u00e4ndnis f\u00fcr seine <\/span><b>Risiken und Vorschriften<\/b><span style=\"font-weight: 400;\">. Kaufen Sie immer bei <\/span><b>seri\u00f6se Quellen<\/b><span style=\"font-weight: 400;\">alle rechtlichen Protokolle zu befolgen und sich zu verpflichten <\/span><b>sichere Handhabung und ethische Verwendung<\/b><span style=\"font-weight: 400;\">.<\/span><\/p>","protected":false},"excerpt":{"rendered":"<p>Hexamin, auch bekannt als Hexamethylentetramin, ist eine organische Verbindung mit der chemischen Formel <span class=\"katex\"><span class=\"katex-mathml\">C6H12N4C_6H_{12}N_4<\/span><span class=\"katex-html\" aria-hidden=\"true\"><span class=\"base\"><span class=\"mord\"><span class=\"mord mathnormal\">C<\/span><span class=\"msupsub\"><span class=\"vlist-t vlist-t2\"><span class=\"vlist-r\"><span class=\"vlist\"><span class=\"sizing reset-size6 size3 mtight\"><span class=\"mord mtight\">6<\/span><\/span><\/span><span class=\"vlist-s\">\u200b<\/span><\/span><\/span><\/span><\/span><span class=\"mord\"><span class=\"mord mathnormal\">H<\/span><span class=\"msupsub\"><span class=\"vlist-t vlist-t2\"><span class=\"vlist-r\"><span class=\"vlist\"><span class=\"sizing reset-size6 size3 mtight\"><span class=\"mord mtight\">12<\/span><\/span><\/span><span class=\"vlist-s\">\u200b<\/span><\/span><\/span><\/span><\/span><span class=\"mord\"><span class=\"mord mathnormal\">N<\/span><span class=\"msupsub\"><span class=\"vlist-t vlist-t2\"><span class=\"vlist-r\"><span class=\"vlist\"><span class=\"sizing reset-size6 size3 mtight\"><span class=\"mord mtight\">4<\/span><\/span><\/span><span class=\"vlist-s\">\u200b<\/span><\/span><\/span><\/span><\/span><\/span><\/span><\/span>. Dieses wei\u00dfe, kristalline Pulver ist gut wasserl\u00f6slich und bekannt f\u00fcr seine Vielseitigkeit in verschiedenen Anwendungen, von der Pharmazie bis zur Industrie.<\/p>\n<ul>\n<li><strong>Chemische Formel<\/strong>: <span class=\"katex\"><span class=\"katex-mathml\">C6H12N4C_6H_{12}N_4<\/span><span class=\"katex-html\" aria-hidden=\"true\"><span class=\"base\"><span class=\"mord\"><span class=\"mord mathnormal\">C<\/span><span class=\"msupsub\"><span class=\"vlist-t vlist-t2\"><span class=\"vlist-r\"><span class=\"vlist\"><span class=\"sizing reset-size6 size3 mtight\"><span class=\"mord mtight\">6<\/span><\/span><\/span><span class=\"vlist-s\">\u200b<\/span><\/span><\/span><\/span><\/span><span class=\"mord\"><span class=\"mord mathnormal\">H<\/span><span class=\"msupsub\"><span class=\"vlist-t vlist-t2\"><span class=\"vlist-r\"><span class=\"vlist\"><span class=\"sizing reset-size6 size3 mtight\"><span class=\"mord mtight\">12<\/span><\/span><\/span><span class=\"vlist-s\">\u200b<\/span><\/span><\/span><\/span><\/span><span class=\"mord\"><span class=\"mord mathnormal\">N<\/span><span class=\"msupsub\"><span class=\"vlist-t vlist-t2\"><span class=\"vlist-r\"><span class=\"vlist\"><span class=\"sizing reset-size6 size3 mtight\"><span class=\"mord mtight\">4<\/span><\/span><\/span><span class=\"vlist-s\">\u200b<\/span><\/span><\/span><\/span><\/span><\/span><\/span><\/span><\/li>\n<li><strong>Molekulare Struktur<\/strong>: Hexamin besteht aus einem Hexamingrundger\u00fcst, bei dem sechs Kohlenstoffatome mit Stickstoffatomen verbunden sind und eine stabile Struktur bilden.<\/li>\n<li><strong>Physischer Zustand<\/strong>: Wei\u00dfer kristalliner Feststoff bei Raumtemperatur.<\/li>\n<li><strong>Schmelzpunkt<\/strong>: Ungef\u00e4hr 280 \u00b0C (536 \u00b0F).<\/li>\n<li><strong>L\u00f6slichkeit<\/strong>: L\u00f6slich in Wasser und Alkohol; unl\u00f6slich in unpolaren L\u00f6sungsmitteln.<\/li>\n<\/ul>","protected":false},"featured_media":1339,"comment_status":"open","ping_status":"closed","template":"","meta":{"_kadence_starter_templates_imported_post":false,"_kad_post_transparent":"default","_kad_post_title":"","_kad_post_layout":"default","_kad_post_sidebar_id":"","_kad_post_content_style":"default","_kad_post_vertical_padding":"default","_kad_post_feature":"","_kad_post_feature_position":"","_kad_post_header":false,"_kad_post_footer":false,"_joinchat":[]},"product_brand":[],"product_cat":[82],"product_tag":[820,817,833,829,830,823,825,826,832,828,818,827,824,822,834,816,821,819,835,831],"class_list":{"0":"post-1170","1":"product","2":"type-product","3":"status-publish","4":"has-post-thumbnail","6":"product_cat-explosives-and-pyrotechnics","7":"product_tag-bulk-hexamine-supplier","8":"product_tag-buy-hexamine","9":"product_tag-commercial-hexamine-supply","10":"product_tag-hexamine-as-curing-agent","11":"product_tag-hexamine-distributor","12":"product_tag-hexamine-for-chemical-manufacturing","13":"product_tag-hexamine-for-explosives","14":"product_tag-hexamine-for-fuel-tablets","15":"product_tag-hexamine-for-industrial-applications","16":"product_tag-hexamine-for-laboratory-use","17":"product_tag-hexamine-for-sale","18":"product_tag-hexamine-in-pharmaceutical-industry","19":"product_tag-hexamine-in-resin-production","20":"product_tag-hexamine-price-and-availability","21":"product_tag-hexamine-safety-and-compliance","22":"product_tag-hexamine-supplier","23":"product_tag-high-purity-hexamine","24":"product_tag-industrial-hexamine-supply","25":"product_tag-reliable-hexamine-supplier","26":"product_tag-where-to-buy-hexamine","28":"first","29":"instock","30":"shipping-taxable","31":"product-type-simple","32":"entry","33":"content-bg","34":"loop-entry"},"yoast_head":"<!-- This site is optimized with the Yoast SEO plugin v25.6 - https:\/\/yoast.com\/wordpress\/plugins\/seo\/ -->\n<title>Buy Hexamine Supplier Online - Hexamine for Sale<\/title>\n<meta name=\"description\" content=\"Do not miss any opportunity to buy hexamine supplier online from our store. We are exclusively dealing with hexamine for sale at cheap rates. We are here to help you. Order now!\" \/>\n<meta name=\"robots\" content=\"index, follow, max-snippet:-1, max-image-preview:large, max-video-preview:-1\" \/>\n<link rel=\"canonical\" href=\"https:\/\/subszone.com\/de\/product\/hexamin\/\" \/>\n<meta property=\"og:locale\" content=\"de_DE\" \/>\n<meta property=\"og:type\" content=\"article\" \/>\n<meta property=\"og:title\" content=\"Buy Hexamine Supplier Online - Hexamine for Sale\" \/>\n<meta property=\"og:description\" content=\"Do not miss any opportunity to buy hexamine supplier online from our store. We are exclusively dealing with hexamine for sale at cheap rates. We are here to help you. Order now!\" \/>\n<meta property=\"og:url\" content=\"https:\/\/subszone.com\/de\/product\/hexamin\/\" \/>\n<meta property=\"og:site_name\" content=\"SubsZone\" \/>\n<meta property=\"article:modified_time\" content=\"2025-08-01T08:54:24+00:00\" \/>\n<meta property=\"og:image\" content=\"https:\/\/subszone.com\/wp-content\/uploads\/2024\/10\/Hexamine.webp\" \/>\n\t<meta property=\"og:image:width\" content=\"1024\" \/>\n\t<meta property=\"og:image:height\" content=\"1024\" \/>\n\t<meta property=\"og:image:type\" content=\"image\/webp\" \/>\n<meta name=\"twitter:card\" content=\"summary_large_image\" \/>\n<meta name=\"twitter:label1\" content=\"Gesch\u00e4tzte Lesezeit\" \/>\n\t<meta name=\"twitter:data1\" content=\"2\u00a0Minuten\" \/>\n<script type=\"application\/ld+json\" class=\"yoast-schema-graph\">{\"@context\":\"https:\/\/schema.org\",\"@graph\":[{\"@type\":\"WebPage\",\"@id\":\"https:\/\/subszone.com\/product\/hexamine\/\",\"url\":\"https:\/\/subszone.com\/product\/hexamine\/\",\"name\":\"Buy Hexamine Supplier Online - Hexamine for Sale\",\"isPartOf\":{\"@id\":\"https:\/\/subszone.com\/#website\"},\"primaryImageOfPage\":{\"@id\":\"https:\/\/subszone.com\/product\/hexamine\/#primaryimage\"},\"image\":{\"@id\":\"https:\/\/subszone.com\/product\/hexamine\/#primaryimage\"},\"thumbnailUrl\":\"https:\/\/subszone.com\/wp-content\/uploads\/2024\/10\/Hexamine.webp\",\"datePublished\":\"2024-10-24T05:19:07+00:00\",\"dateModified\":\"2025-08-01T08:54:24+00:00\",\"description\":\"Do not miss any opportunity to buy hexamine supplier online from our store. We are exclusively dealing with hexamine for sale at cheap rates. We are here to help you. Order now!\",\"breadcrumb\":{\"@id\":\"https:\/\/subszone.com\/product\/hexamine\/#breadcrumb\"},\"inLanguage\":\"de\",\"potentialAction\":[{\"@type\":\"ReadAction\",\"target\":[\"https:\/\/subszone.com\/product\/hexamine\/\"]}]},{\"@type\":\"ImageObject\",\"inLanguage\":\"de\",\"@id\":\"https:\/\/subszone.com\/product\/hexamine\/#primaryimage\",\"url\":\"https:\/\/subszone.com\/wp-content\/uploads\/2024\/10\/Hexamine.webp\",\"contentUrl\":\"https:\/\/subszone.com\/wp-content\/uploads\/2024\/10\/Hexamine.webp\",\"width\":1024,\"height\":1024,\"caption\":\"Buy Hexamine Supplier Online\"},{\"@type\":\"BreadcrumbList\",\"@id\":\"https:\/\/subszone.com\/product\/hexamine\/#breadcrumb\",\"itemListElement\":[{\"@type\":\"ListItem\",\"position\":1,\"name\":\"Home\",\"item\":\"https:\/\/subszone.com\/\"},{\"@type\":\"ListItem\",\"position\":2,\"name\":\"Shop\",\"item\":\"https:\/\/subszone.com\/shop\/\"},{\"@type\":\"ListItem\",\"position\":3,\"name\":\"Buy Hexamine Online\"}]},{\"@type\":\"WebSite\",\"@id\":\"https:\/\/subszone.com\/#website\",\"url\":\"https:\/\/subszone.com\/\",\"name\":\"SubsZone\",\"description\":\"My WordPress Blog\",\"publisher\":{\"@id\":\"https:\/\/subszone.com\/#organization\"},\"potentialAction\":[{\"@type\":\"SearchAction\",\"target\":{\"@type\":\"EntryPoint\",\"urlTemplate\":\"https:\/\/subszone.com\/?s={search_term_string}\"},\"query-input\":{\"@type\":\"PropertyValueSpecification\",\"valueRequired\":true,\"valueName\":\"search_term_string\"}}],\"inLanguage\":\"de\"},{\"@type\":\"Organization\",\"@id\":\"https:\/\/subszone.com\/#organization\",\"name\":\"SubsZone\",\"url\":\"https:\/\/subszone.com\/\",\"logo\":{\"@type\":\"ImageObject\",\"inLanguage\":\"de\",\"@id\":\"https:\/\/subszone.com\/#\/schema\/logo\/image\/\",\"url\":\"https:\/\/subszone.com\/wp-content\/uploads\/2024\/10\/logo.png\",\"contentUrl\":\"https:\/\/subszone.com\/wp-content\/uploads\/2024\/10\/logo.png\",\"width\":193,\"height\":50,\"caption\":\"SubsZone\"},\"image\":{\"@id\":\"https:\/\/subszone.com\/#\/schema\/logo\/image\/\"}}]}<\/script>\n<!-- \/ Yoast SEO plugin. -->","yoast_head_json":{"title":"Hexamin Lieferant Online kaufen - Hexamin zu verkaufen","description":"Verpassen Sie keine Gelegenheit, Hexamin Lieferant online von unserem Shop kaufen. Wir sind ausschlie\u00dflich den Umgang mit Hexamin zum Verkauf zu g\u00fcnstigen Preisen. Wir sind hier, um Ihnen zu helfen. Bestellen Sie jetzt!","robots":{"index":"index","follow":"follow","max-snippet":"max-snippet:-1","max-image-preview":"max-image-preview:large","max-video-preview":"max-video-preview:-1"},"canonical":"https:\/\/subszone.com\/de\/product\/hexamin\/","og_locale":"de_DE","og_type":"article","og_title":"Buy Hexamine Supplier Online - Hexamine for Sale","og_description":"Do not miss any opportunity to buy hexamine supplier online from our store. We are exclusively dealing with hexamine for sale at cheap rates. We are here to help you. Order now!","og_url":"https:\/\/subszone.com\/de\/product\/hexamin\/","og_site_name":"SubsZone","article_modified_time":"2025-08-01T08:54:24+00:00","og_image":[{"width":1024,"height":1024,"url":"https:\/\/subszone.com\/wp-content\/uploads\/2024\/10\/Hexamine.webp","type":"image\/webp"}],"twitter_card":"summary_large_image","twitter_misc":{"Gesch\u00e4tzte Lesezeit":"2\u00a0Minuten"},"schema":{"@context":"https:\/\/schema.org","@graph":[{"@type":"WebPage","@id":"https:\/\/subszone.com\/product\/hexamine\/","url":"https:\/\/subszone.com\/product\/hexamine\/","name":"Hexamin Lieferant Online kaufen - Hexamin zu verkaufen","isPartOf":{"@id":"https:\/\/subszone.com\/#website"},"primaryImageOfPage":{"@id":"https:\/\/subszone.com\/product\/hexamine\/#primaryimage"},"image":{"@id":"https:\/\/subszone.com\/product\/hexamine\/#primaryimage"},"thumbnailUrl":"https:\/\/subszone.com\/wp-content\/uploads\/2024\/10\/Hexamine.webp","datePublished":"2024-10-24T05:19:07+00:00","dateModified":"2025-08-01T08:54:24+00:00","description":"Verpassen Sie keine Gelegenheit, Hexamin Lieferant online von unserem Shop kaufen. Wir sind ausschlie\u00dflich den Umgang mit Hexamin zum Verkauf zu g\u00fcnstigen Preisen. Wir sind hier, um Ihnen zu helfen. Bestellen Sie jetzt!","breadcrumb":{"@id":"https:\/\/subszone.com\/product\/hexamine\/#breadcrumb"},"inLanguage":"de","potentialAction":[{"@type":"ReadAction","target":["https:\/\/subszone.com\/product\/hexamine\/"]}]},{"@type":"ImageObject","inLanguage":"de","@id":"https:\/\/subszone.com\/product\/hexamine\/#primaryimage","url":"https:\/\/subszone.com\/wp-content\/uploads\/2024\/10\/Hexamine.webp","contentUrl":"https:\/\/subszone.com\/wp-content\/uploads\/2024\/10\/Hexamine.webp","width":1024,"height":1024,"caption":"Buy Hexamine Supplier Online"},{"@type":"BreadcrumbList","@id":"https:\/\/subszone.com\/product\/hexamine\/#breadcrumb","itemListElement":[{"@type":"ListItem","position":1,"name":"Home","item":"https:\/\/subszone.com\/"},{"@type":"ListItem","position":2,"name":"Shop","item":"https:\/\/subszone.com\/shop\/"},{"@type":"ListItem","position":3,"name":"Buy Hexamine Online"}]},{"@type":"WebSite","@id":"https:\/\/subszone.com\/#website","url":"https:\/\/subszone.com\/","name":"SubsZone","description":"Mein WordPress-Blog","publisher":{"@id":"https:\/\/subszone.com\/#organization"},"potentialAction":[{"@type":"SearchAction","target":{"@type":"EntryPoint","urlTemplate":"https:\/\/subszone.com\/?s={search_term_string}"},"query-input":{"@type":"PropertyValueSpecification","valueRequired":true,"valueName":"search_term_string"}}],"inLanguage":"de"},{"@type":"Organization","@id":"https:\/\/subszone.com\/#organization","name":"SubsZone","url":"https:\/\/subszone.com\/","logo":{"@type":"ImageObject","inLanguage":"de","@id":"https:\/\/subszone.com\/#\/schema\/logo\/image\/","url":"https:\/\/subszone.com\/wp-content\/uploads\/2024\/10\/logo.png","contentUrl":"https:\/\/subszone.com\/wp-content\/uploads\/2024\/10\/logo.png","width":193,"height":50,"caption":"SubsZone"},"image":{"@id":"https:\/\/subszone.com\/#\/schema\/logo\/image\/"}}]}},"_links":{"self":[{"href":"https:\/\/subszone.com\/de\/wp-json\/wp\/v2\/product\/1170","targetHints":{"allow":["GET"]}}],"collection":[{"href":"https:\/\/subszone.com\/de\/wp-json\/wp\/v2\/product"}],"about":[{"href":"https:\/\/subszone.com\/de\/wp-json\/wp\/v2\/types\/product"}],"replies":[{"embeddable":true,"href":"https:\/\/subszone.com\/de\/wp-json\/wp\/v2\/comments?post=1170"}],"wp:featuredmedia":[{"embeddable":true,"href":"https:\/\/subszone.com\/de\/wp-json\/wp\/v2\/media\/1339"}],"wp:attachment":[{"href":"https:\/\/subszone.com\/de\/wp-json\/wp\/v2\/media?parent=1170"}],"wp:term":[{"taxonomy":"product_brand","embeddable":true,"href":"https:\/\/subszone.com\/de\/wp-json\/wp\/v2\/product_brand?post=1170"},{"taxonomy":"product_cat","embeddable":true,"href":"https:\/\/subszone.com\/de\/wp-json\/wp\/v2\/product_cat?post=1170"},{"taxonomy":"product_tag","embeddable":true,"href":"https:\/\/subszone.com\/de\/wp-json\/wp\/v2\/product_tag?post=1170"}],"curies":[{"name":"wp","href":"https:\/\/api.w.org\/{rel}","templated":true}]}}