{"id":1182,"date":"2024-10-24T05:47:26","date_gmt":"2024-10-24T05:47:26","guid":{"rendered":"https:\/\/subszone.com\/?post_type=product&#038;p=1182"},"modified":"2025-06-02T11:36:32","modified_gmt":"2025-06-02T11:36:32","slug":"fluorwasserstoffsaure","status":"publish","type":"product","link":"https:\/\/subszone.com\/de\/product\/fluorwasserstoffsaure\/","title":{"rendered":"Fluorwasserstoffs\u00e4ure online kaufen"},"content":{"rendered":"<h2><b>Wie man Flusss\u00e4ure sicher und legal online kauft<\/b><\/h2>\n<h3><b>Einf\u00fchrung<\/b><\/h3>\n<p><span style=\"font-weight: 400;\"><a href=\"https:\/\/subszone.com\/de\/product\/fluorwasserstoffsaure\/\">Fluorwasserstoffs\u00e4ure (HF)<\/a> ist eine <\/span><b>hochkorrosive und starke anorganische S\u00e4ure<\/b><span style=\"font-weight: 400;\"> in der Industrie, im Handel und im Laborbereich weit verbreitet. Wenn Sie auf der Suche sind nach <\/span><b>Fluorwasserstoffs\u00e4ure online kaufen<\/b><span style=\"font-weight: 400;\">Die Kenntnis der rechtlichen, sicherheitsrelevanten und beschaffungsrelevanten Aspekte ist von entscheidender Bedeutung. Vom Metall\u00e4tzen \u00fcber die Halbleiterherstellung bis hin zur Spitzenforschung spielt HF eine entscheidende Rolle - aber sie erfordert einen verantwortungsvollen Umgang und einen geregelten Einkauf.<\/span><\/p>\n<h3><b>Fluorwasserstoffs\u00e4ure verstehen<\/b><\/h3>\n<p><span style=\"font-weight: 400;\">Flusss\u00e4ure, die normalerweise als w\u00e4ssrige L\u00f6sung verkauft wird (\u00fcblicherweise 48%), ist <\/span><b>nicht wie andere S\u00e4uren<\/b><span style=\"font-weight: 400;\">. Es hat einzigartige Eigenschaften, wie z. B. die F\u00e4higkeit, Glas aufzul\u00f6sen und stark mit vielen Metallen zu reagieren.<\/span><\/p>\n<h4><b>Wichtige chemische Eigenschaften:<\/b><\/h4>\n<ul>\n<li style=\"font-weight: 400;\" aria-level=\"1\"><b>Molekulare Formel:<\/b><span style=\"font-weight: 400;\"> HF<\/span><span style=\"font-weight: 400;\">\n<p><\/span><\/li>\n<li style=\"font-weight: 400;\" aria-level=\"1\"><b>Erscheinungsbild:<\/b><span style=\"font-weight: 400;\"> Farblose, rauchende Fl\u00fcssigkeit mit starkem, reizendem Geruch<\/span><span style=\"font-weight: 400;\">\n<p><\/span><\/li>\n<li style=\"font-weight: 400;\" aria-level=\"1\"><b>Reaktivit\u00e4t:<\/b><span style=\"font-weight: 400;\"> Greift Glas, Keramiken und die meisten Oxide an<\/span><span style=\"font-weight: 400;\">\n<p><\/span><\/li>\n<\/ul>\n<h4><b>Typische Verpackungsformate:<\/b><\/h4>\n<p><span style=\"font-weight: 400;\">Um einen sicheren Transport und eine sichere Lagerung zu gew\u00e4hrleisten, wird HF in der Regel in Verpackungen verschickt:<\/span><\/p>\n<ul>\n<li style=\"font-weight: 400;\" aria-level=\"1\"><b>Beh\u00e4lter aus Polyethylen hoher Dichte (HDPE)<\/b><b>\n<p><\/b><\/li>\n<li style=\"font-weight: 400;\" aria-level=\"1\"><b>F\u00e4sser oder Kanister mit UN-Kennzeichnung<\/b><span style=\"font-weight: 400;\"> mit korrosionsbest\u00e4ndigen Dichtungen<\/span><span style=\"font-weight: 400;\">\n<p><\/span><\/li>\n<li style=\"font-weight: 400;\" aria-level=\"1\"><span style=\"font-weight: 400;\">Kleinere Flaschen in Laborgr\u00f6\u00dfe (unter 1 l) f\u00fcr kontrollierte Forschungsumgebungen<\/span><span style=\"font-weight: 400;\">\n<p><\/span><\/li>\n<\/ul>\n<h3><b>Einhaltung von Vorschriften<\/b><\/h3>\n<p><span style=\"font-weight: 400;\">Bevor Sie <\/span><b>Fluorwasserstoffs\u00e4ure online bestellen<\/b><span style=\"font-weight: 400;\">Es ist wichtig, dass Sie pr\u00fcfen, ob Ihr Land oder Ihr Rechtssystem den Kauf von HF beschr\u00e4nkt.<\/span><\/p>\n<h4><b>Lizenzierung und rechtliche Beschr\u00e4nkungen:<\/b><\/h4>\n<ul>\n<li style=\"font-weight: 400;\" aria-level=\"1\"><b>Vereinigte Staaten:<\/b><span style=\"font-weight: 400;\"> Erfordert eine Unternehmens\u00fcberpr\u00fcfung und unterliegt m\u00f6glicherweise der Aufsicht der DEA oder EPA.<\/span><span style=\"font-weight: 400;\">\n<p><\/span><\/li>\n<li style=\"font-weight: 400;\" aria-level=\"1\"><b>Europ\u00e4ische Union:<\/b><span style=\"font-weight: 400;\"> Unterliegt der Kontrolle der REACH-Verordnung.<\/span><span style=\"font-weight: 400;\">\n<p><\/span><\/li>\n<li style=\"font-weight: 400;\" aria-level=\"1\"><b>Asiatisch-pazifischer Raum:<\/b><span style=\"font-weight: 400;\"> F\u00fcr die Einfuhr oder Verwendung k\u00f6nnen Industrie- oder Forschungslizenzen erforderlich sein.<\/span><span style=\"font-weight: 400;\">\n<p><\/span><\/li>\n<\/ul>\n<p><span style=\"font-weight: 400;\">Wenn Sie ein privater K\u00e4ufer oder eine nicht zugelassene Einrichtung sind, <\/span><b>Sie k\u00f6nnen beim Kauf eingeschr\u00e4nkt oder abgelehnt werden<\/b><span style=\"font-weight: 400;\"> ausschlie\u00dflich auf die gef\u00e4hrliche Einstufung dieses Stoffes zur\u00fcckzuf\u00fchren.<\/span><\/p>\n<h3><b>Wie man einen zuverl\u00e4ssigen Lieferanten ausw\u00e4hlt<\/b><\/h3>\n<p><span style=\"font-weight: 400;\">Da viele Verk\u00e4ufer behaupten <\/span><a href=\"https:\/\/en.wikipedia.org\/wiki\/Hydrofluoric_acid\"><b>Fluorwasserstoffs\u00e4ure zu verkaufen<\/b><\/a><span style=\"font-weight: 400;\">Nicht alle Anbieter erf\u00fcllen die erforderlichen Sicherheits- und Qualit\u00e4tsstandards. Pr\u00fcfen Sie Ihren Lieferanten sorgf\u00e4ltig.<\/span><\/p>\n<h4><b>Suchen Sie nach:<\/b><\/h4>\n<ul>\n<li style=\"font-weight: 400;\" aria-level=\"1\"><b>Zertifizierungen:<\/b><span style=\"font-weight: 400;\"> ISO 9001, OSHA-Konformit\u00e4t, HazMat-geschulter Versand<\/span><span style=\"font-weight: 400;\">\n<p><\/span><\/li>\n<li style=\"font-weight: 400;\" aria-level=\"1\"><b>MSDS Zugang:<\/b><span style=\"font-weight: 400;\"> Fordern Sie beim Kauf immer ein Sicherheitsdatenblatt (MSDS) an.<\/span><span style=\"font-weight: 400;\">\n<p><\/span><\/li>\n<li style=\"font-weight: 400;\" aria-level=\"1\"><b>Reinheitsgarantie:<\/b><span style=\"font-weight: 400;\"> Eindeutig gekennzeichnete HF-Konzentration (z. B. 48%, 55%)<\/span><span style=\"font-weight: 400;\">\n<p><\/span><\/li>\n<\/ul>\n<h4><b>Laborqualit\u00e4t vs. Industriequalit\u00e4t:<\/b><\/h4>\n<ul>\n<li style=\"font-weight: 400;\" aria-level=\"1\"><b>HF in Laborqualit\u00e4t<\/b><span style=\"font-weight: 400;\"> ist f\u00fcr hochreine Anwendungen im kleinen Ma\u00dfstab geeignet<\/span><span style=\"font-weight: 400;\">\n<p><\/span><\/li>\n<li style=\"font-weight: 400;\" aria-level=\"1\"><b>Industrietaugliche HF<\/b><span style=\"font-weight: 400;\"> kann in gr\u00f6\u00dferen Mengen f\u00fcr kommerzielle Zwecke wie \u00c4tzen, Beizen und Herstellung verwendet werden<\/span><span style=\"font-weight: 400;\">\n<p><\/span><\/li>\n<\/ul>\n<h3><b>Eine Bestellung online aufgeben<\/b><\/h3>\n<p><span style=\"font-weight: 400;\">Wenn Sie einen verifizierten Verk\u00e4ufer gefunden haben, m\u00fcssen Sie im n\u00e4chsten Schritt sicherstellen, dass der Bestellvorgang den Gefahrgutvorschriften entspricht.<\/span><\/p>\n<h4><b>Sicheres Bestellen inklusive:<\/b><\/h4>\n<ul>\n<li style=\"font-weight: 400;\" aria-level=\"1\"><span style=\"font-weight: 400;\">\u00dcberpr\u00fcfung der Identit\u00e4t und der Gesch\u00e4ftslizenz<\/span><span style=\"font-weight: 400;\">\n<p><\/span><\/li>\n<li style=\"font-weight: 400;\" aria-level=\"1\"><span style=\"font-weight: 400;\">Akzeptierte Zahlungsoptionen (Kryptow\u00e4hrung, Gesch\u00e4fts\u00fcberweisung oder verifizierte Karte)<\/span><span style=\"font-weight: 400;\">\n<p><\/span><\/li>\n<li style=\"font-weight: 400;\" aria-level=\"1\"><span style=\"font-weight: 400;\">\u00dcberpr\u00fcfung von Auftr\u00e4gen vor der Ausf\u00fchrung auf eingeschr\u00e4nkte Artikel<\/span><span style=\"font-weight: 400;\">\n<p><\/span><\/li>\n<\/ul>\n<h4><b>Versand und Lieferung:<\/b><\/h4>\n<ul>\n<li style=\"font-weight: 400;\" aria-level=\"1\"><b>Versandprotokolle f\u00fcr Gefahrgut<\/b><b>\n<p><\/b><\/li>\n<li style=\"font-weight: 400;\" aria-level=\"1\"><b>Diskrete, auslaufsichere Verpackung<\/b><b>\n<p><\/b><\/li>\n<li style=\"font-weight: 400;\" aria-level=\"1\"><b>R\u00fcckverfolgung, Versicherung und erforderliche Dokumentation<\/b><span style=\"font-weight: 400;\"> (MSDS, Rechnung, UN-Versandetiketten)<\/span><span style=\"font-weight: 400;\">\n<p><\/span><\/li>\n<\/ul>\n<h3><b>Bew\u00e4hrte Praktiken f\u00fcr eine sichere Handhabung<\/b><\/h3>\n<p><span style=\"font-weight: 400;\">HF ist <\/span><b>\u00e4u\u00dferst gef\u00e4hrlich<\/b><span style=\"font-weight: 400;\"> und kann die Haut durchdringen, was zu tiefen Gewebesch\u00e4den und systemischer Toxizit\u00e4t f\u00fchrt.<\/span><\/p>\n<h4><b>Anforderungen an die Handhabung:<\/b><\/h4>\n<ul>\n<li style=\"font-weight: 400;\" aria-level=\"1\"><b>Pers\u00f6nliche Schutzausr\u00fcstung (PSA):<\/b><span style=\"font-weight: 400;\"> Chemikalienbest\u00e4ndige Handschuhe, Spritzschutzbrillen, Gesichtsschutz, Laborkittel<\/span><span style=\"font-weight: 400;\">\n<p><\/span><\/li>\n<li style=\"font-weight: 400;\" aria-level=\"1\"><b>Lagerung:<\/b><span style=\"font-weight: 400;\"> In korrosionsbest\u00e4ndigen Beh\u00e4ltern in einem sicheren, bel\u00fcfteten Schrank<\/span><span style=\"font-weight: 400;\">\n<p><\/span><\/li>\n<li style=\"font-weight: 400;\" aria-level=\"1\"><b>Bereitschaft f\u00fcr den Notfall:<\/b><span style=\"font-weight: 400;\"> Behalten Sie <\/span><b>Calciumgluconat-Gel<\/b><span style=\"font-weight: 400;\"> zur Behandlung von HF-Hautexposition zur Hand<\/span><span style=\"font-weight: 400;\">\n<p><\/span><\/li>\n<\/ul>\n<h4><b>Beseitigung:<\/b><\/h4>\n<ul>\n<li style=\"font-weight: 400;\" aria-level=\"1\"><span style=\"font-weight: 400;\">Befolgen Sie die Vorschriften f\u00fcr gef\u00e4hrliche Abf\u00e4lle in Ihrer Region<\/span><span style=\"font-weight: 400;\">\n<p><\/span><\/li>\n<li style=\"font-weight: 400;\" aria-level=\"1\"><span style=\"font-weight: 400;\">Die Neutralisierung sollte nur von geschultem Fachpersonal durchgef\u00fchrt werden.<\/span><span style=\"font-weight: 400;\">\n<p><\/span><\/li>\n<\/ul>\n<h3><b>Schlussfolgerung<\/b><\/h3>\n<p><span style=\"font-weight: 400;\">Unabh\u00e4ngig davon, ob Sie HF f\u00fcr industrielle Anwendungen oder f\u00fcr die Forschung beschaffen wollen, ist es wichtig, dass <\/span><b>Fluorwasserstoffs\u00e4ure online kaufen<\/b><span style=\"font-weight: 400;\"> nur von zertifizierten Verk\u00e4ufern, die sich mit den rechtlichen und sicherheitstechnischen Anforderungen auskennen. \u00dcberpr\u00fcfen Sie stets die Legalit\u00e4t an Ihrem Standort, verlangen Sie eine ordnungsgem\u00e4\u00dfe Dokumentation und befolgen Sie bew\u00e4hrte Verfahren f\u00fcr die Handhabung.<\/span><\/p>","protected":false},"excerpt":{"rendered":"<p><strong>Fluorwasserstoffs\u00e4ure (HF)<\/strong> ist eine hochreaktive, farblose L\u00f6sung, die f\u00fcr ihre F\u00e4higkeit bekannt ist, viele Materialien, einschlie\u00dflich Glas, aufzul\u00f6sen. Diese starke S\u00e4ure wird h\u00e4ufig in Industrie- und Fertigungsprozessen verwendet, insbesondere bei Anwendungen, die \u00c4tzen, Reinigen und Oberfl\u00e4chenvorbereitung erfordern. Im Folgenden finden Sie einen Leitfaden zu den wichtigsten Verwendungen, Vorteilen und Sicherheitsma\u00dfnahmen von Flusss\u00e4ure.<\/p>\n<p><strong>Synonym(e): HF<\/strong><br \/>\n<strong>Empirische Formel (Hill-Schreibweise): HF<\/strong><br \/>\n<strong>CAS-Nr.:7664-39-3<\/strong><br \/>\n<strong>Molekulargewicht:20.01<\/strong><\/p>","protected":false},"featured_media":1416,"comment_status":"open","ping_status":"closed","template":"","meta":{"_kadence_starter_templates_imported_post":false,"_kad_post_transparent":"default","_kad_post_title":"","_kad_post_layout":"default","_kad_post_sidebar_id":"","_kad_post_content_style":"default","_kad_post_vertical_padding":"default","_kad_post_feature":"","_kad_post_feature_position":"","_kad_post_header":false,"_kad_post_footer":false,"_joinchat":[]},"product_brand":[],"product_cat":[126],"product_tag":[684,682,274,275,696,685,692,688,695,699,687,689,276,691,690,277,278,686,693,279,697,681,280,683,698,694,281],"class_list":{"0":"post-1182","1":"product","2":"type-product","3":"status-publish","4":"has-post-thumbnail","6":"product_cat-environmental-and-health-hazards","7":"product_tag-bulk-hydrofluoric-acid-supplier","8":"product_tag-buy-hydrofluoric-acid","9":"product_tag-buy-hydrofluoric-acid-online","10":"product_tag-can-you-buy-hydrofluoric-acid","11":"product_tag-commercial-hydrofluoric-acid-supply","12":"product_tag-high-purity-hydrofluoric-acid","13":"product_tag-hydrofluoric-acid-distributor","14":"product_tag-hydrofluoric-acid-for-chemical-manufacturing","15":"product_tag-hydrofluoric-acid-for-industrial-applications","16":"product_tag-hydrofluoric-acid-for-laboratory-use","17":"product_tag-hydrofluoric-acid-for-metal-etching","18":"product_tag-hydrofluoric-acid-for-oil-refining","19":"product_tag-hydrofluoric-acid-for-sale","20":"product_tag-hydrofluoric-acid-for-semiconductor-industry","21":"product_tag-hydrofluoric-acid-in-glass-production","22":"product_tag-hydrofluoric-acid-near-me","23":"product_tag-hydrofluoric-acid-price","24":"product_tag-hydrofluoric-acid-price-and-availability","25":"product_tag-hydrofluoric-acid-procurement","26":"product_tag-hydrofluoric-acid-purchase","27":"product_tag-hydrofluoric-acid-safety-and-compliance","28":"product_tag-hydrofluoric-acid-supplier","29":"product_tag-hydrofluoric-acid-suppliers","30":"product_tag-industrial-hydrofluoric-acid-supply","31":"product_tag-reliable-hydrofluoric-acid-supplier","32":"product_tag-where-to-buy-hydrofluoric-acid","33":"product_tag-where-to-get-hydrofluoric-acid","35":"first","36":"instock","37":"shipping-taxable","38":"product-type-simple","39":"entry","40":"content-bg","41":"loop-entry"},"yoast_head":"<!-- This site is optimized with the Yoast SEO plugin v25.6 - https:\/\/yoast.com\/wordpress\/plugins\/seo\/ -->\n<title>Buy Hydrofluoric Acid Online - Hydrofluoric Acid for Sale<\/title>\n<meta name=\"description\" content=\"At our Subszone, you can get industrial hydrofluoric acid for sale at cheap rates. Here you can buy hydrofluoric acid online with high-quality from our store now with fast &amp; secure shipping service. Order Now!\" \/>\n<meta name=\"robots\" content=\"index, follow, max-snippet:-1, max-image-preview:large, max-video-preview:-1\" \/>\n<link rel=\"canonical\" href=\"https:\/\/subszone.com\/de\/product\/fluorwasserstoffsaure\/\" \/>\n<meta property=\"og:locale\" content=\"de_DE\" \/>\n<meta property=\"og:type\" content=\"article\" \/>\n<meta property=\"og:title\" content=\"Buy Hydrofluoric Acid Online - Hydrofluoric Acid for Sale\" \/>\n<meta property=\"og:description\" content=\"At our Subszone, you can get industrial hydrofluoric acid for sale at cheap rates. Here you can buy hydrofluoric acid online with high-quality from our store now with fast &amp; secure shipping service. Order Now!\" \/>\n<meta property=\"og:url\" content=\"https:\/\/subszone.com\/de\/product\/fluorwasserstoffsaure\/\" \/>\n<meta property=\"og:site_name\" content=\"SubsZone\" \/>\n<meta property=\"article:modified_time\" content=\"2025-06-02T11:36:32+00:00\" \/>\n<meta property=\"og:image\" content=\"https:\/\/subszone.com\/wp-content\/uploads\/2024\/10\/Hydrofluoric-Acid-2-1.gif\" \/>\n\t<meta property=\"og:image:width\" content=\"600\" \/>\n\t<meta property=\"og:image:height\" content=\"600\" \/>\n\t<meta property=\"og:image:type\" content=\"image\/gif\" \/>\n<meta name=\"twitter:card\" content=\"summary_large_image\" \/>\n<meta name=\"twitter:label1\" content=\"Gesch\u00e4tzte Lesezeit\" \/>\n\t<meta name=\"twitter:data1\" content=\"3\u00a0Minuten\" \/>\n<script type=\"application\/ld+json\" class=\"yoast-schema-graph\">{\"@context\":\"https:\/\/schema.org\",\"@graph\":[{\"@type\":\"WebPage\",\"@id\":\"https:\/\/subszone.com\/product\/hydrofluoric-acid\/\",\"url\":\"https:\/\/subszone.com\/product\/hydrofluoric-acid\/\",\"name\":\"Buy Hydrofluoric Acid Online - Hydrofluoric Acid for Sale\",\"isPartOf\":{\"@id\":\"https:\/\/subszone.com\/#website\"},\"primaryImageOfPage\":{\"@id\":\"https:\/\/subszone.com\/product\/hydrofluoric-acid\/#primaryimage\"},\"image\":{\"@id\":\"https:\/\/subszone.com\/product\/hydrofluoric-acid\/#primaryimage\"},\"thumbnailUrl\":\"https:\/\/subszone.com\/wp-content\/uploads\/2024\/10\/Hydrofluoric-Acid-2-1.gif\",\"datePublished\":\"2024-10-24T05:47:26+00:00\",\"dateModified\":\"2025-06-02T11:36:32+00:00\",\"description\":\"At our Subszone, you can get industrial hydrofluoric acid for sale at cheap rates. Here you can buy hydrofluoric acid online with high-quality from our store now with fast & secure shipping service. Order Now!\",\"breadcrumb\":{\"@id\":\"https:\/\/subszone.com\/product\/hydrofluoric-acid\/#breadcrumb\"},\"inLanguage\":\"de\",\"potentialAction\":[{\"@type\":\"ReadAction\",\"target\":[\"https:\/\/subszone.com\/product\/hydrofluoric-acid\/\"]}]},{\"@type\":\"ImageObject\",\"inLanguage\":\"de\",\"@id\":\"https:\/\/subszone.com\/product\/hydrofluoric-acid\/#primaryimage\",\"url\":\"https:\/\/subszone.com\/wp-content\/uploads\/2024\/10\/Hydrofluoric-Acid-2-1.gif\",\"contentUrl\":\"https:\/\/subszone.com\/wp-content\/uploads\/2024\/10\/Hydrofluoric-Acid-2-1.gif\",\"width\":600,\"height\":600,\"caption\":\"Buy Hydrofluoric Acid Online\"},{\"@type\":\"BreadcrumbList\",\"@id\":\"https:\/\/subszone.com\/product\/hydrofluoric-acid\/#breadcrumb\",\"itemListElement\":[{\"@type\":\"ListItem\",\"position\":1,\"name\":\"Home\",\"item\":\"https:\/\/subszone.com\/\"},{\"@type\":\"ListItem\",\"position\":2,\"name\":\"Shop\",\"item\":\"https:\/\/subszone.com\/shop\/\"},{\"@type\":\"ListItem\",\"position\":3,\"name\":\"Buy Hydrofluoric Acid Online\"}]},{\"@type\":\"WebSite\",\"@id\":\"https:\/\/subszone.com\/#website\",\"url\":\"https:\/\/subszone.com\/\",\"name\":\"SubsZone\",\"description\":\"My WordPress Blog\",\"publisher\":{\"@id\":\"https:\/\/subszone.com\/#organization\"},\"potentialAction\":[{\"@type\":\"SearchAction\",\"target\":{\"@type\":\"EntryPoint\",\"urlTemplate\":\"https:\/\/subszone.com\/?s={search_term_string}\"},\"query-input\":{\"@type\":\"PropertyValueSpecification\",\"valueRequired\":true,\"valueName\":\"search_term_string\"}}],\"inLanguage\":\"de\"},{\"@type\":\"Organization\",\"@id\":\"https:\/\/subszone.com\/#organization\",\"name\":\"SubsZone\",\"url\":\"https:\/\/subszone.com\/\",\"logo\":{\"@type\":\"ImageObject\",\"inLanguage\":\"de\",\"@id\":\"https:\/\/subszone.com\/#\/schema\/logo\/image\/\",\"url\":\"https:\/\/subszone.com\/wp-content\/uploads\/2024\/10\/logo.png\",\"contentUrl\":\"https:\/\/subszone.com\/wp-content\/uploads\/2024\/10\/logo.png\",\"width\":193,\"height\":50,\"caption\":\"SubsZone\"},\"image\":{\"@id\":\"https:\/\/subszone.com\/#\/schema\/logo\/image\/\"}}]}<\/script>\n<!-- \/ Yoast SEO plugin. -->","yoast_head_json":{"title":"Fluorwasserstoffs\u00e4ure online kaufen - Fluorwasserstoffs\u00e4ure zu verkaufen","description":"In unserem Subszone, k\u00f6nnen Sie industrielle Flusss\u00e4ure zum Verkauf zu g\u00fcnstigen Preisen zu bekommen. Hier k\u00f6nnen Sie Flusss\u00e4ure online mit hoher Qualit\u00e4t aus unserem Shop jetzt mit schnellen &amp; sicheren Versand-Service kaufen. Jetzt bestellen!","robots":{"index":"index","follow":"follow","max-snippet":"max-snippet:-1","max-image-preview":"max-image-preview:large","max-video-preview":"max-video-preview:-1"},"canonical":"https:\/\/subszone.com\/de\/product\/fluorwasserstoffsaure\/","og_locale":"de_DE","og_type":"article","og_title":"Buy Hydrofluoric Acid Online - Hydrofluoric Acid for Sale","og_description":"At our Subszone, you can get industrial hydrofluoric acid for sale at cheap rates. Here you can buy hydrofluoric acid online with high-quality from our store now with fast & secure shipping service. Order Now!","og_url":"https:\/\/subszone.com\/de\/product\/fluorwasserstoffsaure\/","og_site_name":"SubsZone","article_modified_time":"2025-06-02T11:36:32+00:00","og_image":[{"width":600,"height":600,"url":"https:\/\/subszone.com\/wp-content\/uploads\/2024\/10\/Hydrofluoric-Acid-2-1.gif","type":"image\/gif"}],"twitter_card":"summary_large_image","twitter_misc":{"Gesch\u00e4tzte Lesezeit":"3\u00a0Minuten"},"schema":{"@context":"https:\/\/schema.org","@graph":[{"@type":"WebPage","@id":"https:\/\/subszone.com\/product\/hydrofluoric-acid\/","url":"https:\/\/subszone.com\/product\/hydrofluoric-acid\/","name":"Fluorwasserstoffs\u00e4ure online kaufen - Fluorwasserstoffs\u00e4ure zu verkaufen","isPartOf":{"@id":"https:\/\/subszone.com\/#website"},"primaryImageOfPage":{"@id":"https:\/\/subszone.com\/product\/hydrofluoric-acid\/#primaryimage"},"image":{"@id":"https:\/\/subszone.com\/product\/hydrofluoric-acid\/#primaryimage"},"thumbnailUrl":"https:\/\/subszone.com\/wp-content\/uploads\/2024\/10\/Hydrofluoric-Acid-2-1.gif","datePublished":"2024-10-24T05:47:26+00:00","dateModified":"2025-06-02T11:36:32+00:00","description":"In unserem Subszone, k\u00f6nnen Sie industrielle Flusss\u00e4ure zum Verkauf zu g\u00fcnstigen Preisen zu bekommen. Hier k\u00f6nnen Sie Flusss\u00e4ure online mit hoher Qualit\u00e4t aus unserem Shop jetzt mit schnellen &amp; sicheren Versand-Service kaufen. Jetzt bestellen!","breadcrumb":{"@id":"https:\/\/subszone.com\/product\/hydrofluoric-acid\/#breadcrumb"},"inLanguage":"de","potentialAction":[{"@type":"ReadAction","target":["https:\/\/subszone.com\/product\/hydrofluoric-acid\/"]}]},{"@type":"ImageObject","inLanguage":"de","@id":"https:\/\/subszone.com\/product\/hydrofluoric-acid\/#primaryimage","url":"https:\/\/subszone.com\/wp-content\/uploads\/2024\/10\/Hydrofluoric-Acid-2-1.gif","contentUrl":"https:\/\/subszone.com\/wp-content\/uploads\/2024\/10\/Hydrofluoric-Acid-2-1.gif","width":600,"height":600,"caption":"Buy Hydrofluoric Acid Online"},{"@type":"BreadcrumbList","@id":"https:\/\/subszone.com\/product\/hydrofluoric-acid\/#breadcrumb","itemListElement":[{"@type":"ListItem","position":1,"name":"Home","item":"https:\/\/subszone.com\/"},{"@type":"ListItem","position":2,"name":"Shop","item":"https:\/\/subszone.com\/shop\/"},{"@type":"ListItem","position":3,"name":"Buy Hydrofluoric Acid Online"}]},{"@type":"WebSite","@id":"https:\/\/subszone.com\/#website","url":"https:\/\/subszone.com\/","name":"SubsZone","description":"Mein WordPress-Blog","publisher":{"@id":"https:\/\/subszone.com\/#organization"},"potentialAction":[{"@type":"SearchAction","target":{"@type":"EntryPoint","urlTemplate":"https:\/\/subszone.com\/?s={search_term_string}"},"query-input":{"@type":"PropertyValueSpecification","valueRequired":true,"valueName":"search_term_string"}}],"inLanguage":"de"},{"@type":"Organization","@id":"https:\/\/subszone.com\/#organization","name":"SubsZone","url":"https:\/\/subszone.com\/","logo":{"@type":"ImageObject","inLanguage":"de","@id":"https:\/\/subszone.com\/#\/schema\/logo\/image\/","url":"https:\/\/subszone.com\/wp-content\/uploads\/2024\/10\/logo.png","contentUrl":"https:\/\/subszone.com\/wp-content\/uploads\/2024\/10\/logo.png","width":193,"height":50,"caption":"SubsZone"},"image":{"@id":"https:\/\/subszone.com\/#\/schema\/logo\/image\/"}}]}},"_links":{"self":[{"href":"https:\/\/subszone.com\/de\/wp-json\/wp\/v2\/product\/1182","targetHints":{"allow":["GET"]}}],"collection":[{"href":"https:\/\/subszone.com\/de\/wp-json\/wp\/v2\/product"}],"about":[{"href":"https:\/\/subszone.com\/de\/wp-json\/wp\/v2\/types\/product"}],"replies":[{"embeddable":true,"href":"https:\/\/subszone.com\/de\/wp-json\/wp\/v2\/comments?post=1182"}],"wp:featuredmedia":[{"embeddable":true,"href":"https:\/\/subszone.com\/de\/wp-json\/wp\/v2\/media\/1416"}],"wp:attachment":[{"href":"https:\/\/subszone.com\/de\/wp-json\/wp\/v2\/media?parent=1182"}],"wp:term":[{"taxonomy":"product_brand","embeddable":true,"href":"https:\/\/subszone.com\/de\/wp-json\/wp\/v2\/product_brand?post=1182"},{"taxonomy":"product_cat","embeddable":true,"href":"https:\/\/subszone.com\/de\/wp-json\/wp\/v2\/product_cat?post=1182"},{"taxonomy":"product_tag","embeddable":true,"href":"https:\/\/subszone.com\/de\/wp-json\/wp\/v2\/product_tag?post=1182"}],"curies":[{"name":"wp","href":"https:\/\/api.w.org\/{rel}","templated":true}]}}