{"id":1183,"date":"2024-10-24T05:47:14","date_gmt":"2024-10-24T05:47:14","guid":{"rendered":"https:\/\/subszone.com\/?post_type=product&#038;p=1183"},"modified":"2025-06-02T11:58:54","modified_gmt":"2025-06-02T11:58:54","slug":"isopropylalkohol","status":"publish","type":"product","link":"https:\/\/subszone.com\/de\/product\/isopropylalkohol\/","title":{"rendered":"Isopropylalkohol online kaufen"},"content":{"rendered":"<h2><b>Wie Sie Isopropylalkohol sicher und g\u00fcnstig online kaufen<\/b><\/h2>\n<h3><b>Einf\u00fchrung<\/b><\/h3>\n<p><span style=\"font-weight: 400;\"><a href=\"https:\/\/en.wikipedia.org\/wiki\/Isopropyl_alcohol\">Isopropylalkohol (IPA)<\/a> ist eine vielseitige Chemikalie, die in einer Vielzahl von Branchen eingesetzt wird - von der Gesundheitsf\u00fcrsorge und Laboreinrichtungen bis hin zur Elektronik und industriellen Reinigung. Aufgrund der steigenden Nachfrage nach Reinheit, Komfort und volumenspezifischen Optionen bevorzugen viele Fachleute heute <\/span><b>Isopropylalkohol online kaufen<\/b><span style=\"font-weight: 400;\"> sowohl f\u00fcr den privaten als auch f\u00fcr den gewerblichen Gebrauch. Online-H\u00e4ndler bieten eine schnelle Lieferung, wettbewerbsf\u00e4hige Preise und Zugang zu verschiedenen Qualit\u00e4ten und Konzentrationen, was sie zur bevorzugten Beschaffungsmethode f\u00fcr hochwertiges IPA macht.<\/span><\/p>\n<h3><b>H\u00e4ufige Verwendungen von Isopropylalkohol<\/b><\/h3>\n<p><span style=\"font-weight: 400;\">Isopropylalkohol wird wegen seiner schnellen Verdunstung, seiner antibakteriellen Eigenschaften und seiner chemischen Kompatibilit\u00e4t gesch\u00e4tzt und eignet sich daher ideal f\u00fcr die Verwendung:<\/span><\/p>\n<ul>\n<li style=\"font-weight: 400;\" aria-level=\"1\"><b>Desinfektion und Desinfizierung<\/b><span style=\"font-weight: 400;\">: Die IPA-L\u00f6sung 70% ist optimal f\u00fcr die Abt\u00f6tung von Bakterien und Viren auf H\u00e4nden und Oberfl\u00e4chen geeignet und wird h\u00e4ufig in der Medizin und im Haushalt eingesetzt.<\/span><span style=\"font-weight: 400;\">\n<p><\/span><\/li>\n<li style=\"font-weight: 400;\" aria-level=\"1\"><b>Reinigung von Elektronik<\/b><span style=\"font-weight: 400;\">: Der 99% in Reinform wird zur Reinigung von Leiterplatten, Prozessoren und empfindlichen Bauteilen verwendet, ohne Feuchtigkeit oder R\u00fcckst\u00e4nde zu hinterlassen.<\/span><span style=\"font-weight: 400;\">\n<p><\/span><\/li>\n<li style=\"font-weight: 400;\" aria-level=\"1\"><b>L\u00f6sungsmittel in Industrie- und Laborumgebungen<\/b><span style=\"font-weight: 400;\">: IPA dient als L\u00f6sungsmittel bei der Probenvorbereitung, Entfettung, Farbverd\u00fcnnung und in der Fertigung.<\/span><span style=\"font-weight: 400;\">\n<p><\/span><\/li>\n<\/ul>\n<h3><b>Die Wahl der richtigen Klasse<\/b><\/h3>\n<p><span style=\"font-weight: 400;\">Wenn Sie <\/span><b>Isopropylalkohol online bestellen<\/b><span style=\"font-weight: 400;\">ist das Verst\u00e4ndnis der Konzentration und der Note entscheidend:<\/span><\/p>\n<ul>\n<li style=\"font-weight: 400;\" aria-level=\"1\"><b>70% vs. 99%-Konzentration<\/b><span style=\"font-weight: 400;\">:<\/span><span style=\"font-weight: 400;\">\n<p><\/span><\/p>\n<ul>\n<li style=\"font-weight: 400;\" aria-level=\"2\"><i><span style=\"font-weight: 400;\">70% IPA<\/span><\/i><span style=\"font-weight: 400;\">: Ideal f\u00fcr die Desinfektion; der Wassergehalt tr\u00e4gt dazu bei, die Proteine der Keime wirksamer zu denaturieren.<\/span><span style=\"font-weight: 400;\">\n<p><\/span><\/li>\n<li style=\"font-weight: 400;\" aria-level=\"2\"><i><span style=\"font-weight: 400;\">99% IPA<\/span><\/i><span style=\"font-weight: 400;\">: Am besten f\u00fcr Elektronik, Laborvorbereitung und Situationen, die eine schnelle Verdunstung und minimale Feuchtigkeit erfordern.<\/span><span style=\"font-weight: 400;\">\n<p><\/span><\/li>\n<\/ul>\n<\/li>\n<\/ul>\n<h3><b>Bestellung und Lieferung<\/b><\/h3>\n<p><span style=\"font-weight: 400;\">Wenn Sie bereit sind <\/span><b>Isopropylalkohol online bestellen<\/b><span style=\"font-weight: 400;\">m\u00fcssen Sie das tun:<\/span><\/p>\n<ul>\n<li style=\"font-weight: 400;\" aria-level=\"1\"><span style=\"font-weight: 400;\">W\u00e4hlen Sie Anbieter, die Folgendes akzeptieren <\/span><b>sichere Zahlungsverfahren<\/b><span style=\"font-weight: 400;\">: Kreditkarten, Bank\u00fcberweisungen oder Kryptow\u00e4hrungen.<\/span><span style=\"font-weight: 400;\">\n<p><\/span><\/li>\n<li style=\"font-weight: 400;\" aria-level=\"1\"><span style=\"font-weight: 400;\">Best\u00e4tigen Sie die Versandrichtlinien f\u00fcr <\/span><b>brennbare Fl\u00fcssigkeiten<\/b><span style=\"font-weight: 400;\">. IPA ist f\u00fcr den Transport reguliert und muss in \u00dcbereinstimmung mit den DOT- oder UN-Gefahrgutstandards verpackt werden.<\/span><span style=\"font-weight: 400;\">\n<p><\/span><\/li>\n<li style=\"font-weight: 400;\" aria-level=\"1\"><span style=\"font-weight: 400;\">Fragen Sie nach <\/span><b>Sendungsverfolgung, Versicherung und R\u00fcckgabeberechtigung<\/b><span style=\"font-weight: 400;\">-insbesondere bei Gro\u00dfauftr\u00e4gen.<\/span><span style=\"font-weight: 400;\">\n<p><\/span><\/li>\n<\/ul>\n<h3><b>Den besten Preis finden<\/b><\/h3>\n<p><span style=\"font-weight: 400;\">Suche nach einem <\/span><a href=\"https:\/\/subszone.com\/de\/product\/isopropylalkohol\/\"><b>billiger Isopropylalkohol Preis<\/b><\/a><span style=\"font-weight: 400;\"> ohne Kompromisse bei der Qualit\u00e4t einzugehen? So geht's:<\/span><\/p>\n<ul>\n<li style=\"font-weight: 400;\" aria-level=\"1\"><b>In gro\u00dfen Mengen kaufen<\/b><span style=\"font-weight: 400;\">: Die meisten seri\u00f6sen Anbieter bieten erhebliche Preisnachl\u00e4sse auf Gallonenkr\u00fcge, F\u00e4sser und Palettenbestellungen.<\/span><span style=\"font-weight: 400;\">\n<p><\/span><\/li>\n<li style=\"font-weight: 400;\" aria-level=\"1\"><b>Abonnement-Optionen verwenden<\/b><span style=\"font-weight: 400;\">: Einige Anbieter bieten niedrigere Preise f\u00fcr monatlich oder viertelj\u00e4hrlich wiederkehrende Bestellungen an.<\/span><span style=\"font-weight: 400;\">\n<p><\/span><\/li>\n<li style=\"font-weight: 400;\" aria-level=\"1\"><b>Reinheit und Verpackung vergleichen<\/b><span style=\"font-weight: 400;\">: Manchmal ist der billigste Preis auf eine geringere Konzentration oder eine nicht laborgeeignete Verpackung zur\u00fcckzuf\u00fchren.<\/span><span style=\"font-weight: 400;\">\n<p><\/span><\/li>\n<\/ul>\n<h3><b>Schlussfolgerung<\/b><\/h3>\n<p><span style=\"font-weight: 400;\">Isopropylalkohol online zu kaufen ist sicher, legal und oft kosteng\u00fcnstiger als die Beschaffung vor Ort.<\/span><b>wenn man wei\u00df, wonach man suchen muss<\/b><span style=\"font-weight: 400;\">. Durch die Auswahl der richtigen Konzentration und Sorte, die Wahl eines vertrauensw\u00fcrdigen Lieferanten und die Beachtung bew\u00e4hrter Praktiken f\u00fcr Versand und Lagerung k\u00f6nnen Sie einen reibungslosen und zuverl\u00e4ssigen Einkauf gew\u00e4hrleisten.<\/span><\/p>\n<p><span style=\"font-weight: 400;\">Ganz gleich, ob Sie Ihre Einrichtung desinfizieren, empfindliche elektronische Ger\u00e4te reinigen oder L\u00f6sungsmittel f\u00fcr den Einsatz im Labor beschaffen wollen, die <\/span><b>bester Ort, um Isopropylalkohol online zu kaufen<\/b><span style=\"font-weight: 400;\"> ist ein zertifizierter, transparenter und kundenorientierter Anbieter.<\/span><\/p>","protected":false},"excerpt":{"rendered":"<p><strong>Synonym(e): 2-Propanol, sec-Propylalkohol, IPA, Isopropanol, Isopropylalkohol<\/strong><br \/>\n<strong>Lineare Formel: (CH3)2CHOH<\/strong><br \/>\n<strong>CAS-Nr.:67-63-0<\/strong><br \/>\n<strong>Molekulargewicht:60.10<\/strong><br \/>\n<strong>EG-Nr.:200-661-7<\/strong><br \/>\n<strong>Beilstein Nr.:635639<\/strong><\/p>","protected":false},"featured_media":1419,"comment_status":"open","ping_status":"closed","template":"","meta":{"_kadence_starter_templates_imported_post":false,"_kad_post_transparent":"default","_kad_post_title":"","_kad_post_layout":"default","_kad_post_sidebar_id":"","_kad_post_content_style":"default","_kad_post_vertical_padding":"default","_kad_post_feature":"","_kad_post_feature_position":"","_kad_post_header":false,"_kad_post_footer":false,"_joinchat":[]},"product_brand":[],"product_cat":[59],"product_tag":[282,283,284,285,286,287,288,289],"class_list":{"0":"post-1183","1":"product","2":"type-product","3":"status-publish","4":"has-post-thumbnail","6":"product_cat-chemical-manufacturing-and-synthesis","7":"product_tag-70-isopropyl-alcohol-bulk","8":"product_tag-99-isopropyl-alcohol-for-industrial-use","9":"product_tag-bulk-isopropyl-alcohol-for-sanitization","10":"product_tag-high-purity-isopropyl-alcohol","11":"product_tag-isopropyl-alcohol-for-cleaning-electronics","12":"product_tag-isopropyl-alcohol-for-disinfecting","13":"product_tag-isopropyl-alcohol-for-industrial-cleaning","14":"product_tag-isopropyl-alcohol-for-pharmaceutical-production-description-reviews-0","16":"first","17":"instock","18":"shipping-taxable","19":"product-type-simple","20":"entry","21":"content-bg","22":"loop-entry"},"yoast_head":"<!-- This site is optimized with the Yoast SEO plugin v25.6 - https:\/\/yoast.com\/wordpress\/plugins\/seo\/ -->\n<title>Buy Isopropyl Alcohol Online - Isopropyl Alcohol for Sale<\/title>\n<meta name=\"description\" content=\"At our subszone online store, we have isopropyl alcohol for sale. You can easily buy industrial use isopropyl alcohol online of top quality from us available at the best prices. Order now!\" \/>\n<meta name=\"robots\" content=\"index, follow, max-snippet:-1, max-image-preview:large, max-video-preview:-1\" \/>\n<link rel=\"canonical\" href=\"https:\/\/subszone.com\/de\/product\/isopropylalkohol\/\" \/>\n<meta property=\"og:locale\" content=\"de_DE\" \/>\n<meta property=\"og:type\" content=\"article\" \/>\n<meta property=\"og:title\" content=\"Buy Isopropyl Alcohol Online - Isopropyl Alcohol for Sale\" \/>\n<meta property=\"og:description\" content=\"At our subszone online store, we have isopropyl alcohol for sale. You can easily buy industrial use isopropyl alcohol online of top quality from us available at the best prices. Order now!\" \/>\n<meta property=\"og:url\" content=\"https:\/\/subszone.com\/de\/product\/isopropylalkohol\/\" \/>\n<meta property=\"og:site_name\" content=\"SubsZone\" \/>\n<meta property=\"article:modified_time\" content=\"2025-06-02T11:58:54+00:00\" \/>\n<meta property=\"og:image\" content=\"https:\/\/subszone.com\/wp-content\/uploads\/2024\/10\/Isopropyl-Alcohol-2-2.gif\" \/>\n\t<meta property=\"og:image:width\" content=\"600\" \/>\n\t<meta property=\"og:image:height\" content=\"600\" \/>\n\t<meta property=\"og:image:type\" content=\"image\/gif\" \/>\n<meta name=\"twitter:card\" content=\"summary_large_image\" \/>\n<meta name=\"twitter:label1\" content=\"Gesch\u00e4tzte Lesezeit\" \/>\n\t<meta name=\"twitter:data1\" content=\"3\u00a0Minuten\" \/>\n<script type=\"application\/ld+json\" class=\"yoast-schema-graph\">{\"@context\":\"https:\/\/schema.org\",\"@graph\":[{\"@type\":\"WebPage\",\"@id\":\"https:\/\/subszone.com\/product\/isopropyl-alcohol\/\",\"url\":\"https:\/\/subszone.com\/product\/isopropyl-alcohol\/\",\"name\":\"Buy Isopropyl Alcohol Online - Isopropyl Alcohol for Sale\",\"isPartOf\":{\"@id\":\"https:\/\/subszone.com\/#website\"},\"primaryImageOfPage\":{\"@id\":\"https:\/\/subszone.com\/product\/isopropyl-alcohol\/#primaryimage\"},\"image\":{\"@id\":\"https:\/\/subszone.com\/product\/isopropyl-alcohol\/#primaryimage\"},\"thumbnailUrl\":\"https:\/\/subszone.com\/wp-content\/uploads\/2024\/10\/Isopropyl-Alcohol-2-2.gif\",\"datePublished\":\"2024-10-24T05:47:14+00:00\",\"dateModified\":\"2025-06-02T11:58:54+00:00\",\"description\":\"At our subszone online store, we have isopropyl alcohol for sale. You can easily buy industrial use isopropyl alcohol online of top quality from us available at the best prices. Order now!\",\"breadcrumb\":{\"@id\":\"https:\/\/subszone.com\/product\/isopropyl-alcohol\/#breadcrumb\"},\"inLanguage\":\"de\",\"potentialAction\":[{\"@type\":\"ReadAction\",\"target\":[\"https:\/\/subszone.com\/product\/isopropyl-alcohol\/\"]}]},{\"@type\":\"ImageObject\",\"inLanguage\":\"de\",\"@id\":\"https:\/\/subszone.com\/product\/isopropyl-alcohol\/#primaryimage\",\"url\":\"https:\/\/subszone.com\/wp-content\/uploads\/2024\/10\/Isopropyl-Alcohol-2-2.gif\",\"contentUrl\":\"https:\/\/subszone.com\/wp-content\/uploads\/2024\/10\/Isopropyl-Alcohol-2-2.gif\",\"width\":600,\"height\":600,\"caption\":\"Buy Isopropyl Alcohol Online\"},{\"@type\":\"BreadcrumbList\",\"@id\":\"https:\/\/subszone.com\/product\/isopropyl-alcohol\/#breadcrumb\",\"itemListElement\":[{\"@type\":\"ListItem\",\"position\":1,\"name\":\"Home\",\"item\":\"https:\/\/subszone.com\/\"},{\"@type\":\"ListItem\",\"position\":2,\"name\":\"Shop\",\"item\":\"https:\/\/subszone.com\/shop\/\"},{\"@type\":\"ListItem\",\"position\":3,\"name\":\"Buy Isopropyl Alcohol Online\"}]},{\"@type\":\"WebSite\",\"@id\":\"https:\/\/subszone.com\/#website\",\"url\":\"https:\/\/subszone.com\/\",\"name\":\"SubsZone\",\"description\":\"My WordPress Blog\",\"publisher\":{\"@id\":\"https:\/\/subszone.com\/#organization\"},\"potentialAction\":[{\"@type\":\"SearchAction\",\"target\":{\"@type\":\"EntryPoint\",\"urlTemplate\":\"https:\/\/subszone.com\/?s={search_term_string}\"},\"query-input\":{\"@type\":\"PropertyValueSpecification\",\"valueRequired\":true,\"valueName\":\"search_term_string\"}}],\"inLanguage\":\"de\"},{\"@type\":\"Organization\",\"@id\":\"https:\/\/subszone.com\/#organization\",\"name\":\"SubsZone\",\"url\":\"https:\/\/subszone.com\/\",\"logo\":{\"@type\":\"ImageObject\",\"inLanguage\":\"de\",\"@id\":\"https:\/\/subszone.com\/#\/schema\/logo\/image\/\",\"url\":\"https:\/\/subszone.com\/wp-content\/uploads\/2024\/10\/logo.png\",\"contentUrl\":\"https:\/\/subszone.com\/wp-content\/uploads\/2024\/10\/logo.png\",\"width\":193,\"height\":50,\"caption\":\"SubsZone\"},\"image\":{\"@id\":\"https:\/\/subszone.com\/#\/schema\/logo\/image\/\"}}]}<\/script>\n<!-- \/ Yoast SEO plugin. -->","yoast_head_json":{"title":"Isopropyl-Alkohol online kaufen - Isopropyl-Alkohol zu verkaufen","description":"In unserem Onlineshop subszone bieten wir Isopropylalkohol zum Verkauf an. Sie k\u00f6nnen Isopropylalkohol f\u00fcr den industriellen Gebrauch ganz einfach online bei uns zu den besten Preisen kaufen. Bestellen Sie jetzt!","robots":{"index":"index","follow":"follow","max-snippet":"max-snippet:-1","max-image-preview":"max-image-preview:large","max-video-preview":"max-video-preview:-1"},"canonical":"https:\/\/subszone.com\/de\/product\/isopropylalkohol\/","og_locale":"de_DE","og_type":"article","og_title":"Buy Isopropyl Alcohol Online - Isopropyl Alcohol for Sale","og_description":"At our subszone online store, we have isopropyl alcohol for sale. You can easily buy industrial use isopropyl alcohol online of top quality from us available at the best prices. Order now!","og_url":"https:\/\/subszone.com\/de\/product\/isopropylalkohol\/","og_site_name":"SubsZone","article_modified_time":"2025-06-02T11:58:54+00:00","og_image":[{"width":600,"height":600,"url":"https:\/\/subszone.com\/wp-content\/uploads\/2024\/10\/Isopropyl-Alcohol-2-2.gif","type":"image\/gif"}],"twitter_card":"summary_large_image","twitter_misc":{"Gesch\u00e4tzte Lesezeit":"3\u00a0Minuten"},"schema":{"@context":"https:\/\/schema.org","@graph":[{"@type":"WebPage","@id":"https:\/\/subszone.com\/product\/isopropyl-alcohol\/","url":"https:\/\/subszone.com\/product\/isopropyl-alcohol\/","name":"Isopropyl-Alkohol online kaufen - Isopropyl-Alkohol zu verkaufen","isPartOf":{"@id":"https:\/\/subszone.com\/#website"},"primaryImageOfPage":{"@id":"https:\/\/subszone.com\/product\/isopropyl-alcohol\/#primaryimage"},"image":{"@id":"https:\/\/subszone.com\/product\/isopropyl-alcohol\/#primaryimage"},"thumbnailUrl":"https:\/\/subszone.com\/wp-content\/uploads\/2024\/10\/Isopropyl-Alcohol-2-2.gif","datePublished":"2024-10-24T05:47:14+00:00","dateModified":"2025-06-02T11:58:54+00:00","description":"In unserem Onlineshop subszone bieten wir Isopropylalkohol zum Verkauf an. Sie k\u00f6nnen Isopropylalkohol f\u00fcr den industriellen Gebrauch ganz einfach online bei uns zu den besten Preisen kaufen. Bestellen Sie jetzt!","breadcrumb":{"@id":"https:\/\/subszone.com\/product\/isopropyl-alcohol\/#breadcrumb"},"inLanguage":"de","potentialAction":[{"@type":"ReadAction","target":["https:\/\/subszone.com\/product\/isopropyl-alcohol\/"]}]},{"@type":"ImageObject","inLanguage":"de","@id":"https:\/\/subszone.com\/product\/isopropyl-alcohol\/#primaryimage","url":"https:\/\/subszone.com\/wp-content\/uploads\/2024\/10\/Isopropyl-Alcohol-2-2.gif","contentUrl":"https:\/\/subszone.com\/wp-content\/uploads\/2024\/10\/Isopropyl-Alcohol-2-2.gif","width":600,"height":600,"caption":"Buy Isopropyl Alcohol Online"},{"@type":"BreadcrumbList","@id":"https:\/\/subszone.com\/product\/isopropyl-alcohol\/#breadcrumb","itemListElement":[{"@type":"ListItem","position":1,"name":"Home","item":"https:\/\/subszone.com\/"},{"@type":"ListItem","position":2,"name":"Shop","item":"https:\/\/subszone.com\/shop\/"},{"@type":"ListItem","position":3,"name":"Buy Isopropyl Alcohol Online"}]},{"@type":"WebSite","@id":"https:\/\/subszone.com\/#website","url":"https:\/\/subszone.com\/","name":"SubsZone","description":"Mein WordPress-Blog","publisher":{"@id":"https:\/\/subszone.com\/#organization"},"potentialAction":[{"@type":"SearchAction","target":{"@type":"EntryPoint","urlTemplate":"https:\/\/subszone.com\/?s={search_term_string}"},"query-input":{"@type":"PropertyValueSpecification","valueRequired":true,"valueName":"search_term_string"}}],"inLanguage":"de"},{"@type":"Organization","@id":"https:\/\/subszone.com\/#organization","name":"SubsZone","url":"https:\/\/subszone.com\/","logo":{"@type":"ImageObject","inLanguage":"de","@id":"https:\/\/subszone.com\/#\/schema\/logo\/image\/","url":"https:\/\/subszone.com\/wp-content\/uploads\/2024\/10\/logo.png","contentUrl":"https:\/\/subszone.com\/wp-content\/uploads\/2024\/10\/logo.png","width":193,"height":50,"caption":"SubsZone"},"image":{"@id":"https:\/\/subszone.com\/#\/schema\/logo\/image\/"}}]}},"_links":{"self":[{"href":"https:\/\/subszone.com\/de\/wp-json\/wp\/v2\/product\/1183","targetHints":{"allow":["GET"]}}],"collection":[{"href":"https:\/\/subszone.com\/de\/wp-json\/wp\/v2\/product"}],"about":[{"href":"https:\/\/subszone.com\/de\/wp-json\/wp\/v2\/types\/product"}],"replies":[{"embeddable":true,"href":"https:\/\/subszone.com\/de\/wp-json\/wp\/v2\/comments?post=1183"}],"wp:featuredmedia":[{"embeddable":true,"href":"https:\/\/subszone.com\/de\/wp-json\/wp\/v2\/media\/1419"}],"wp:attachment":[{"href":"https:\/\/subszone.com\/de\/wp-json\/wp\/v2\/media?parent=1183"}],"wp:term":[{"taxonomy":"product_brand","embeddable":true,"href":"https:\/\/subszone.com\/de\/wp-json\/wp\/v2\/product_brand?post=1183"},{"taxonomy":"product_cat","embeddable":true,"href":"https:\/\/subszone.com\/de\/wp-json\/wp\/v2\/product_cat?post=1183"},{"taxonomy":"product_tag","embeddable":true,"href":"https:\/\/subszone.com\/de\/wp-json\/wp\/v2\/product_tag?post=1183"}],"curies":[{"name":"wp","href":"https:\/\/api.w.org\/{rel}","templated":true}]}}