{"id":1201,"date":"2024-10-24T06:13:16","date_gmt":"2024-10-24T06:13:16","guid":{"rendered":"https:\/\/subszone.com\/?post_type=product&#038;p=1201"},"modified":"2025-06-02T12:22:51","modified_gmt":"2025-06-02T12:22:51","slug":"magnesiumpulver","status":"publish","type":"product","link":"https:\/\/subszone.com\/de\/product\/magnesiumpulver\/","title":{"rendered":"Magnesium-Pulver online kaufen"},"content":{"rendered":"<h2><b>Der beste Ort, um Magnesium-Pulver online zu kaufen: Was Sie wissen m\u00fcssen<\/b><\/h2>\n<h3><b>Einf\u00fchrung: Magnesium-Pulver online kaufen mit Zuversicht<\/b><\/h3>\n<p><span style=\"font-weight: 400;\">Ob Sie Chemiker, Fitnessbegeisterter, Forscher oder Eink\u00e4ufer in der Industrie sind, der Bedarf an <\/span><a href=\"https:\/\/subszone.com\/de\/product\/magnesiumpulver\/\"><b>Magnesiumpulver online kaufen<\/b><\/a><span style=\"font-weight: 400;\"> w\u00e4chst. Angesichts der steigenden Nachfrage in verschiedenen Branchen ist die Suche nach hochwertigen, erschwinglichen und zuverl\u00e4ssigen <\/span><b>Magnesiumpulver zum Verkauf<\/b><span style=\"font-weight: 400;\"> ist wichtiger denn je geworden. Aber woher soll man bei so vielen Anbietern wissen, wo man anfangen soll? Dieser Leitfaden soll Ihnen dabei helfen, einen informierten und sicheren Kauf zu t\u00e4tigen - und das zu einem g\u00fcnstigen Preis. <\/span><b>bester Ort, um Magnesiumpulver zu kaufen<\/b><span style=\"font-weight: 400;\">ohne Abstriche bei der Qualit\u00e4t oder Sicherheit.<\/span><\/p>\n<h3><b>Magnesium-Pulver verstehen<\/b><\/h3>\n<p><span style=\"font-weight: 400;\">Magnesiumpulver ist ein feines, leichtes Metallpulver, das aus Magnesium gewonnen wird, einem der wichtigsten Elemente in der menschlichen Biologie und der industriellen Chemie. Es ist in verschiedenen chemischen Formen und Reinheitsgraden erh\u00e4ltlich, die jeweils f\u00fcr bestimmte Verwendungszwecke geeignet sind.<\/span><\/p>\n<h4><b>G\u00e4ngige Formen von Magnesiumpulver:<\/b><\/h4>\n<ul>\n<li style=\"font-weight: 400;\" aria-level=\"1\"><b>Magnesiumoxid (MgO):<\/b><span style=\"font-weight: 400;\"> Weit verbreitet in Nahrungserg\u00e4nzungsmitteln, in der Landwirtschaft und in der Keramikindustrie.<\/span><\/li>\n<li style=\"font-weight: 400;\" aria-level=\"1\"><b>Magnesiumzitrat:<\/b><span style=\"font-weight: 400;\"> \u00dcblich in der Gesundheits- und Wellnessbranche, insbesondere f\u00fcr die Verdauungsgesundheit.<\/span><\/li>\n<li style=\"font-weight: 400;\" aria-level=\"1\"><b>Elementares Magnesium-Pulver:<\/b><span style=\"font-weight: 400;\"> Wird aufgrund seiner reaktiven Eigenschaften in der Pyrotechnik, Metallurgie und bei Laborexperimenten verwendet.<\/span><\/li>\n<li style=\"font-weight: 400;\" aria-level=\"1\"><b>Magnesiumchlorid und Magnesiumsulfat:<\/b><span style=\"font-weight: 400;\"> L\u00f6slichere Formen f\u00fcr topische und industrielle Anwendungen.<\/span><\/li>\n<\/ul>\n<p><span style=\"font-weight: 400;\">Bevor Sie <\/span><b>Magnesiumpulver online bestellen<\/b><span style=\"font-weight: 400;\">ist es wichtig, genau den Typ zu bestimmen, der f\u00fcr die beabsichtigte Anwendung geeignet ist.<\/span><\/p>\n<h3><b>Warum Magnesiumpulver online kaufen?<\/b><\/h3>\n<p><span style=\"font-weight: 400;\">Der Online-Kauf von Magnesiumpulver bietet mehrere deutliche Vorteile:<\/span><\/p>\n<ul>\n<li style=\"font-weight: 400;\" aria-level=\"1\"><b>Bequemlichkeit<\/b><span style=\"font-weight: 400;\"> - Schnelle Lieferung zu Ihnen nach Hause, ohne dass Sie ein Gesch\u00e4ft besuchen m\u00fcssen<\/span><\/li>\n<li style=\"font-weight: 400;\" aria-level=\"1\"><b>Gr\u00f6\u00dfere Auswahl<\/b><span style=\"font-weight: 400;\"> - Zugang zu verschiedenen Qualit\u00e4ten, von lebensmitteltauglich bis industriell<\/span><\/li>\n<li style=\"font-weight: 400;\" aria-level=\"1\"><b>Wettbewerbsf\u00e4hige Preise<\/b><span style=\"font-weight: 400;\"> - Leichter zu finden <\/span><b>g\u00fcnstige Preise f\u00fcr Magnesiumpulver<\/b><span style=\"font-weight: 400;\"> ohne Qualit\u00e4tseinbu\u00dfen<\/span><\/li>\n<li style=\"font-weight: 400;\" aria-level=\"1\"><b>Optionen f\u00fcr Sammelbestellungen<\/b><span style=\"font-weight: 400;\"> - Ideal f\u00fcr Laboratorien, die Herstellung oder die Formulierung von Nahrungserg\u00e4nzungsmitteln<\/span><\/li>\n<li style=\"font-weight: 400;\" aria-level=\"1\"><b>Zugang zur Dokumentation<\/b><span style=\"font-weight: 400;\"> - Seri\u00f6se Lieferanten bieten COAs, SDS und Reinheitszertifikate<\/span><\/li>\n<\/ul>\n<p><span style=\"font-weight: 400;\">Mit nur wenigen Klicks k\u00f6nnen Sie Preise vergleichen, Bewertungen einsehen und <\/span><b>Magnesiumpulver online bestellen<\/b><span style=\"font-weight: 400;\"> die Ihren spezifischen Bed\u00fcrfnissen entspricht.<\/span><\/p>\n<h3><b>Online-H\u00e4ndler im Vergleich: Wer bietet die beste Qualit\u00e4t?<\/b><\/h3>\n<p><span style=\"font-weight: 400;\">Wenn es darum geht <\/span><a href=\"https:\/\/en.wikipedia.org\/wiki\/Magnesium\"><b>Magnesiumpulver zum Verkauf<\/b><\/a><span style=\"font-weight: 400;\">Aber nicht alle Online-H\u00e4ndler sind gleich. Hier sind ein paar Faktoren, die Sie vor dem Kauf ber\u00fccksichtigen sollten:<\/span><\/p>\n<table>\n<tbody>\n<tr>\n<td><b>Merkmal<\/b><\/td>\n<td><b>Was zu beachten ist<\/b><\/td>\n<\/tr>\n<tr>\n<td><b>Reinheit und Qualit\u00e4t<\/b><\/td>\n<td><span style=\"font-weight: 400;\">Lebensmittelqualit\u00e4t, Laborqualit\u00e4t oder Industriequalit\u00e4t<\/span><\/td>\n<\/tr>\n<tr>\n<td><b>Transparenz der Lieferanten<\/b><\/td>\n<td><span style=\"font-weight: 400;\">COA, MSDS, Labortestergebnisse<\/span><\/td>\n<\/tr>\n<tr>\n<td><b>Kundenrezensionen<\/b><\/td>\n<td><span style=\"font-weight: 400;\">Gepr\u00fcfte K\u00e4ufer, klares Feedback<\/span><\/td>\n<\/tr>\n<tr>\n<td><b>Verpackung und Lagerung<\/b><\/td>\n<td><span style=\"font-weight: 400;\">Feuchtigkeitsdichte, versiegelte Beh\u00e4lter<\/span><\/td>\n<\/tr>\n<tr>\n<td><b>Versandrichtlinien<\/b><\/td>\n<td><span style=\"font-weight: 400;\">Schnell, nachvollziehbar und konform mit den Vorschriften<\/span><\/td>\n<\/tr>\n<\/tbody>\n<\/table>\n<p><span style=\"font-weight: 400;\">\u00a0<\/span><\/p>\n<p><span style=\"font-weight: 400;\">Zu den wichtigsten Plattformen geh\u00f6ren Gesch\u00e4fte f\u00fcr Chemiebedarf, spezielle Ern\u00e4hrungsseiten und Anbieter von Laborger\u00e4ten. Suchen Sie immer nach Anbietern, die den Schwerpunkt auf <\/span><b>Qualit\u00e4tssicherung und Einhaltung der Vorschriften<\/b><span style=\"font-weight: 400;\">.<\/span><\/p>\n<h3><b>Wie man billiges und dennoch qualitativ hochwertiges Magnesiumpulver erkennt<\/b><\/h3>\n<p><span style=\"font-weight: 400;\">Suche nach einem <\/span><b>g\u00fcnstiger Magnesiumpulverpreis<\/b><span style=\"font-weight: 400;\"> ohne Kompromisse bei der Leistung einzugehen? Hier erfahren Sie, wie Sie ein gutes Preis-Leistungs-Verh\u00e4ltnis erkennen:<\/span><\/p>\n<ul>\n<li style=\"font-weight: 400;\" aria-level=\"1\"><b>Reinheitsgrade pr\u00fcfen<\/b><span style=\"font-weight: 400;\"> - Alles, was \u00fcber 98% liegt, gilt f\u00fcr die meisten Anwendungen als hochwertig.<\/span><\/li>\n<li style=\"font-weight: 400;\" aria-level=\"1\"><b>In gro\u00dfen Mengen kaufen<\/b><span style=\"font-weight: 400;\"> - Gr\u00f6\u00dfere Mengen senken oft die Kosten pro Gramm.<\/span><\/li>\n<li style=\"font-weight: 400;\" aria-level=\"1\"><b>Lesen Sie das Etikett<\/b><span style=\"font-weight: 400;\"> - Achten Sie auf klare, detaillierte Angaben zu Inhaltsstoffen und Herstellung.<\/span><\/li>\n<li style=\"font-weight: 400;\" aria-level=\"1\"><b>Unbekannte Marktpl\u00e4tze meiden<\/b><span style=\"font-weight: 400;\"> - Bei Verk\u00e4ufern auf dem Graumarkt fehlen oft Produkttests oder Garantien.<\/span><\/li>\n<li style=\"font-weight: 400;\" aria-level=\"1\"><b>Suchen Sie nach Zertifizierungen<\/b><span style=\"font-weight: 400;\"> - USP-, ISO- oder Lebensmittelsicherheitsnormen k\u00f6nnen Legitimit\u00e4t signalisieren.<\/span><\/li>\n<\/ul>\n<p><span style=\"font-weight: 400;\">Profi-Tipp: Die <\/span><b>bester Ort, um Magnesiumpulver zu kaufen<\/b><span style=\"font-weight: 400;\"> ist, wo <\/span><b>Preis trifft Beweis<\/b><span style=\"font-weight: 400;\"> - Transparenz, Kundenbetreuung und Labor\u00fcberpr\u00fcfung sind von gro\u00dfer Bedeutung.<\/span><\/p>\n<h3><b>Abschlie\u00dfende \u00dcberlegungen: Heute einen informierten Kauf t\u00e4tigen<\/b><\/h3>\n<p><span style=\"font-weight: 400;\">Magnesiumpulver ist ein vielseitiges, gefragtes Produkt, dessen Einsatzm\u00f6glichkeiten von Wellness bis zur Industrie reichen. Da es viele Formate und Qualit\u00e4ten gibt, ist es entscheidend, einen Lieferanten zu w\u00e4hlen, der die Bedeutung von <\/span><b>Reinheit, Sicherheit und Wert<\/b><span style=\"font-weight: 400;\">. Wenn Sie diesen Leitfaden befolgen, k\u00f6nnen Sie <\/span><b>Magnesiumpulver online bestellen<\/b><span style=\"font-weight: 400;\"> zuversichtlich, weil er genau wei\u00df, worauf er achten muss.<\/span><\/p>\n<p data-start=\"325\" data-end=\"395\"><span style=\"font-weight: 400;\">Sind Sie bereit f\u00fcr Ihren Einkauf? Entdecken Sie jetzt vertrauensw\u00fcrdige Anbieter und erhalten Sie die besten Angebote f\u00fcr <\/span><b>Magnesiumpulver zum Verkauf<\/b><span style=\"font-weight: 400;\"> - mit schnellem Versand, gepr\u00fcfter Qualit\u00e4t und wettbewerbsf\u00e4higen Preisen.<\/span><\/p>","protected":false},"excerpt":{"rendered":"<p><strong>Synonym(e): Magnesium<\/strong><br \/>\n<strong>Empirische Formel (Hill-Schreibweise): Mg<\/strong><br \/>\n<strong>CAS-Nr.:7439-95-4<\/strong><br \/>\n<strong>Molekulargewicht:24.31<\/strong><br \/>\n<strong>Beilstein Nr.:4948473<\/strong><\/p>","protected":false},"featured_media":1208,"comment_status":"open","ping_status":"closed","template":"","meta":{"_kadence_starter_templates_imported_post":false,"_kad_post_transparent":"default","_kad_post_title":"","_kad_post_layout":"default","_kad_post_sidebar_id":"","_kad_post_content_style":"default","_kad_post_vertical_padding":"default","_kad_post_feature":"","_kad_post_feature_position":"","_kad_post_header":false,"_kad_post_footer":false,"_joinchat":[]},"product_brand":[],"product_cat":[129],"product_tag":[1079,1076,1091,1080,1078,1088,1087,1085,1083,1090,1086,1082,1077,1084,1081,1094,1092,1075,1093,1089],"class_list":{"0":"post-1201","1":"product","2":"type-product","3":"status-publish","4":"has-post-thumbnail","6":"product_cat-metal-processing-and-mining","7":"product_tag-bulk-magnesium-powder-supplier","8":"product_tag-buy-magnesium-powder","9":"product_tag-commercial-magnesium-powder-supply","10":"product_tag-high-purity-magnesium-powder","11":"product_tag-industrial-magnesium-powder-supply","12":"product_tag-magnesium-powder-distributor","13":"product_tag-magnesium-powder-for-automotive-industry","14":"product_tag-magnesium-powder-for-chemical-manufacturing","15":"product_tag-magnesium-powder-for-fireworks","16":"product_tag-magnesium-powder-for-industrial-applications","17":"product_tag-magnesium-powder-for-laboratory-use","18":"product_tag-magnesium-powder-for-pyrotechnics","19":"product_tag-magnesium-powder-for-sale","20":"product_tag-magnesium-powder-in-metal-alloys","21":"product_tag-magnesium-powder-price-and-availability","22":"product_tag-magnesium-powder-procurement","23":"product_tag-magnesium-powder-safety-and-compliance","24":"product_tag-magnesium-powder-supplier","25":"product_tag-reliable-magnesium-powder-supplier","26":"product_tag-where-to-buy-magnesium-powder","28":"first","29":"instock","30":"shipping-taxable","31":"product-type-simple","32":"entry","33":"content-bg","34":"loop-entry"},"yoast_head":"<!-- This site is optimized with the Yoast SEO plugin v25.6 - https:\/\/yoast.com\/wordpress\/plugins\/seo\/ -->\n<title>Buy Magnesium Powder Online - Magnesium Powder for Sale<\/title>\n<meta name=\"description\" content=\"If you have not tried magnesium powder from our store, then you are missing a lot. We will help you buy magnesium powder online at cheap rates. Get magnesium powder for sale today!\" \/>\n<meta name=\"robots\" content=\"index, follow, max-snippet:-1, max-image-preview:large, max-video-preview:-1\" \/>\n<link rel=\"canonical\" href=\"https:\/\/subszone.com\/de\/product\/magnesiumpulver\/\" \/>\n<meta property=\"og:locale\" content=\"de_DE\" \/>\n<meta property=\"og:type\" content=\"article\" \/>\n<meta property=\"og:title\" content=\"Buy Magnesium Powder Online - Magnesium Powder for Sale\" \/>\n<meta property=\"og:description\" content=\"If you have not tried magnesium powder from our store, then you are missing a lot. We will help you buy magnesium powder online at cheap rates. Get magnesium powder for sale today!\" \/>\n<meta property=\"og:url\" content=\"https:\/\/subszone.com\/de\/product\/magnesiumpulver\/\" \/>\n<meta property=\"og:site_name\" content=\"SubsZone\" \/>\n<meta property=\"article:modified_time\" content=\"2025-06-02T12:22:51+00:00\" \/>\n<meta property=\"og:image\" content=\"https:\/\/subszone.com\/wp-content\/uploads\/2024\/10\/Magnesium.gif\" \/>\n\t<meta property=\"og:image:width\" content=\"600\" \/>\n\t<meta property=\"og:image:height\" content=\"600\" \/>\n\t<meta property=\"og:image:type\" content=\"image\/gif\" \/>\n<meta name=\"twitter:card\" content=\"summary_large_image\" \/>\n<meta name=\"twitter:label1\" content=\"Gesch\u00e4tzte Lesezeit\" \/>\n\t<meta name=\"twitter:data1\" content=\"3\u00a0Minuten\" \/>\n<script type=\"application\/ld+json\" class=\"yoast-schema-graph\">{\"@context\":\"https:\/\/schema.org\",\"@graph\":[{\"@type\":\"WebPage\",\"@id\":\"https:\/\/subszone.com\/product\/magnesium-powder\/\",\"url\":\"https:\/\/subszone.com\/product\/magnesium-powder\/\",\"name\":\"Buy Magnesium Powder Online - Magnesium Powder for Sale\",\"isPartOf\":{\"@id\":\"https:\/\/subszone.com\/#website\"},\"primaryImageOfPage\":{\"@id\":\"https:\/\/subszone.com\/product\/magnesium-powder\/#primaryimage\"},\"image\":{\"@id\":\"https:\/\/subszone.com\/product\/magnesium-powder\/#primaryimage\"},\"thumbnailUrl\":\"https:\/\/subszone.com\/wp-content\/uploads\/2024\/10\/Magnesium.gif\",\"datePublished\":\"2024-10-24T06:13:16+00:00\",\"dateModified\":\"2025-06-02T12:22:51+00:00\",\"description\":\"If you have not tried magnesium powder from our store, then you are missing a lot. We will help you buy magnesium powder online at cheap rates. Get magnesium powder for sale today!\",\"breadcrumb\":{\"@id\":\"https:\/\/subszone.com\/product\/magnesium-powder\/#breadcrumb\"},\"inLanguage\":\"de\",\"potentialAction\":[{\"@type\":\"ReadAction\",\"target\":[\"https:\/\/subszone.com\/product\/magnesium-powder\/\"]}]},{\"@type\":\"ImageObject\",\"inLanguage\":\"de\",\"@id\":\"https:\/\/subszone.com\/product\/magnesium-powder\/#primaryimage\",\"url\":\"https:\/\/subszone.com\/wp-content\/uploads\/2024\/10\/Magnesium.gif\",\"contentUrl\":\"https:\/\/subszone.com\/wp-content\/uploads\/2024\/10\/Magnesium.gif\",\"width\":600,\"height\":600,\"caption\":\"Buy Magnesium Powder Online\"},{\"@type\":\"BreadcrumbList\",\"@id\":\"https:\/\/subszone.com\/product\/magnesium-powder\/#breadcrumb\",\"itemListElement\":[{\"@type\":\"ListItem\",\"position\":1,\"name\":\"Home\",\"item\":\"https:\/\/subszone.com\/\"},{\"@type\":\"ListItem\",\"position\":2,\"name\":\"Shop\",\"item\":\"https:\/\/subszone.com\/shop\/\"},{\"@type\":\"ListItem\",\"position\":3,\"name\":\"Buy Magnesium Powder Online\"}]},{\"@type\":\"WebSite\",\"@id\":\"https:\/\/subszone.com\/#website\",\"url\":\"https:\/\/subszone.com\/\",\"name\":\"SubsZone\",\"description\":\"My WordPress Blog\",\"publisher\":{\"@id\":\"https:\/\/subszone.com\/#organization\"},\"potentialAction\":[{\"@type\":\"SearchAction\",\"target\":{\"@type\":\"EntryPoint\",\"urlTemplate\":\"https:\/\/subszone.com\/?s={search_term_string}\"},\"query-input\":{\"@type\":\"PropertyValueSpecification\",\"valueRequired\":true,\"valueName\":\"search_term_string\"}}],\"inLanguage\":\"de\"},{\"@type\":\"Organization\",\"@id\":\"https:\/\/subszone.com\/#organization\",\"name\":\"SubsZone\",\"url\":\"https:\/\/subszone.com\/\",\"logo\":{\"@type\":\"ImageObject\",\"inLanguage\":\"de\",\"@id\":\"https:\/\/subszone.com\/#\/schema\/logo\/image\/\",\"url\":\"https:\/\/subszone.com\/wp-content\/uploads\/2024\/10\/logo.png\",\"contentUrl\":\"https:\/\/subszone.com\/wp-content\/uploads\/2024\/10\/logo.png\",\"width\":193,\"height\":50,\"caption\":\"SubsZone\"},\"image\":{\"@id\":\"https:\/\/subszone.com\/#\/schema\/logo\/image\/\"}}]}<\/script>\n<!-- \/ Yoast SEO plugin. -->","yoast_head_json":{"title":"Magnesiumpulver online kaufen - Magnesiumpulver zu verkaufen","description":"Wenn Sie noch kein Magnesiumpulver aus unserem Shop probiert haben, dann verpassen Sie eine Menge. Wir helfen Ihnen, Magnesiumpulver online zu g\u00fcnstigen Preisen zu kaufen. Holen Sie sich Magnesiumpulver zum Verkauf heute!","robots":{"index":"index","follow":"follow","max-snippet":"max-snippet:-1","max-image-preview":"max-image-preview:large","max-video-preview":"max-video-preview:-1"},"canonical":"https:\/\/subszone.com\/de\/product\/magnesiumpulver\/","og_locale":"de_DE","og_type":"article","og_title":"Buy Magnesium Powder Online - Magnesium Powder for Sale","og_description":"If you have not tried magnesium powder from our store, then you are missing a lot. We will help you buy magnesium powder online at cheap rates. Get magnesium powder for sale today!","og_url":"https:\/\/subszone.com\/de\/product\/magnesiumpulver\/","og_site_name":"SubsZone","article_modified_time":"2025-06-02T12:22:51+00:00","og_image":[{"width":600,"height":600,"url":"https:\/\/subszone.com\/wp-content\/uploads\/2024\/10\/Magnesium.gif","type":"image\/gif"}],"twitter_card":"summary_large_image","twitter_misc":{"Gesch\u00e4tzte Lesezeit":"3\u00a0Minuten"},"schema":{"@context":"https:\/\/schema.org","@graph":[{"@type":"WebPage","@id":"https:\/\/subszone.com\/product\/magnesium-powder\/","url":"https:\/\/subszone.com\/product\/magnesium-powder\/","name":"Magnesiumpulver online kaufen - Magnesiumpulver zu verkaufen","isPartOf":{"@id":"https:\/\/subszone.com\/#website"},"primaryImageOfPage":{"@id":"https:\/\/subszone.com\/product\/magnesium-powder\/#primaryimage"},"image":{"@id":"https:\/\/subszone.com\/product\/magnesium-powder\/#primaryimage"},"thumbnailUrl":"https:\/\/subszone.com\/wp-content\/uploads\/2024\/10\/Magnesium.gif","datePublished":"2024-10-24T06:13:16+00:00","dateModified":"2025-06-02T12:22:51+00:00","description":"Wenn Sie noch kein Magnesiumpulver aus unserem Shop probiert haben, dann verpassen Sie eine Menge. Wir helfen Ihnen, Magnesiumpulver online zu g\u00fcnstigen Preisen zu kaufen. Holen Sie sich Magnesiumpulver zum Verkauf heute!","breadcrumb":{"@id":"https:\/\/subszone.com\/product\/magnesium-powder\/#breadcrumb"},"inLanguage":"de","potentialAction":[{"@type":"ReadAction","target":["https:\/\/subszone.com\/product\/magnesium-powder\/"]}]},{"@type":"ImageObject","inLanguage":"de","@id":"https:\/\/subszone.com\/product\/magnesium-powder\/#primaryimage","url":"https:\/\/subszone.com\/wp-content\/uploads\/2024\/10\/Magnesium.gif","contentUrl":"https:\/\/subszone.com\/wp-content\/uploads\/2024\/10\/Magnesium.gif","width":600,"height":600,"caption":"Buy Magnesium Powder Online"},{"@type":"BreadcrumbList","@id":"https:\/\/subszone.com\/product\/magnesium-powder\/#breadcrumb","itemListElement":[{"@type":"ListItem","position":1,"name":"Home","item":"https:\/\/subszone.com\/"},{"@type":"ListItem","position":2,"name":"Shop","item":"https:\/\/subszone.com\/shop\/"},{"@type":"ListItem","position":3,"name":"Buy Magnesium Powder Online"}]},{"@type":"WebSite","@id":"https:\/\/subszone.com\/#website","url":"https:\/\/subszone.com\/","name":"SubsZone","description":"Mein WordPress-Blog","publisher":{"@id":"https:\/\/subszone.com\/#organization"},"potentialAction":[{"@type":"SearchAction","target":{"@type":"EntryPoint","urlTemplate":"https:\/\/subszone.com\/?s={search_term_string}"},"query-input":{"@type":"PropertyValueSpecification","valueRequired":true,"valueName":"search_term_string"}}],"inLanguage":"de"},{"@type":"Organization","@id":"https:\/\/subszone.com\/#organization","name":"SubsZone","url":"https:\/\/subszone.com\/","logo":{"@type":"ImageObject","inLanguage":"de","@id":"https:\/\/subszone.com\/#\/schema\/logo\/image\/","url":"https:\/\/subszone.com\/wp-content\/uploads\/2024\/10\/logo.png","contentUrl":"https:\/\/subszone.com\/wp-content\/uploads\/2024\/10\/logo.png","width":193,"height":50,"caption":"SubsZone"},"image":{"@id":"https:\/\/subszone.com\/#\/schema\/logo\/image\/"}}]}},"_links":{"self":[{"href":"https:\/\/subszone.com\/de\/wp-json\/wp\/v2\/product\/1201","targetHints":{"allow":["GET"]}}],"collection":[{"href":"https:\/\/subszone.com\/de\/wp-json\/wp\/v2\/product"}],"about":[{"href":"https:\/\/subszone.com\/de\/wp-json\/wp\/v2\/types\/product"}],"replies":[{"embeddable":true,"href":"https:\/\/subszone.com\/de\/wp-json\/wp\/v2\/comments?post=1201"}],"wp:featuredmedia":[{"embeddable":true,"href":"https:\/\/subszone.com\/de\/wp-json\/wp\/v2\/media\/1208"}],"wp:attachment":[{"href":"https:\/\/subszone.com\/de\/wp-json\/wp\/v2\/media?parent=1201"}],"wp:term":[{"taxonomy":"product_brand","embeddable":true,"href":"https:\/\/subszone.com\/de\/wp-json\/wp\/v2\/product_brand?post=1201"},{"taxonomy":"product_cat","embeddable":true,"href":"https:\/\/subszone.com\/de\/wp-json\/wp\/v2\/product_cat?post=1201"},{"taxonomy":"product_tag","embeddable":true,"href":"https:\/\/subszone.com\/de\/wp-json\/wp\/v2\/product_tag?post=1201"}],"curies":[{"name":"wp","href":"https:\/\/api.w.org\/{rel}","templated":true}]}}