{"id":1202,"date":"2024-10-24T06:13:24","date_gmt":"2024-10-24T06:13:24","guid":{"rendered":"https:\/\/subszone.com\/?post_type=product&#038;p=1202"},"modified":"2025-06-02T12:26:38","modified_gmt":"2025-06-02T12:26:38","slug":"quecksilber","status":"publish","type":"product","link":"https:\/\/subszone.com\/de\/product\/quecksilber\/","title":{"rendered":"Quecksilber online kaufen"},"content":{"rendered":"<h2><b>Quecksilber - Hochreines metallisches Quecksilber f\u00fcr die Verwendung in Industrie und Labor<\/b><\/h2>\n<p><span style=\"font-weight: 400;\">Auf der Suche nach <\/span><a href=\"https:\/\/en.wikipedia.org\/wiki\/Mercury\"><b>Quecksilber online kaufen<\/b><\/a><span style=\"font-weight: 400;\"> mit garantierter Qualit\u00e4t und Konformit\u00e4t? Unser <\/span><b>Hochwertiges elementares Quecksilber<\/b><span style=\"font-weight: 400;\"> ist f\u00fcr den sicheren Kauf verf\u00fcgbar, zugeschnitten auf die anspruchsvollen Bed\u00fcrfnisse von industriellen Anwendern, wissenschaftlichen Forschern und professionellen Laboren. Dieses Produkt wird von zertifizierten Lieferanten bezogen und in sicherheitsversiegelten Beh\u00e4ltern geliefert. <\/span><b>Quecksilber in Laborqualit\u00e4t zu verkaufen<\/b><span style=\"font-weight: 400;\"> gew\u00e4hrleistet die von Ihnen ben\u00f6tigte Leistung, Zuverl\u00e4ssigkeit und Einhaltung gesetzlicher Vorschriften.<\/span><\/p>\n<h3><b>Produkt\u00fcbersicht<\/b><\/h3>\n<ul>\n<li style=\"font-weight: 400;\" aria-level=\"1\"><b>Chemische Bezeichnung<\/b><span style=\"font-weight: 400;\">: Elementares Quecksilber (Hg)<\/span><span style=\"font-weight: 400;\">\n<p><\/span><\/li>\n<li style=\"font-weight: 400;\" aria-level=\"1\"><b>CAS-Nummer<\/b><span style=\"font-weight: 400;\">: 7439-97-6<\/span><span style=\"font-weight: 400;\">\n<p><\/span><\/li>\n<li style=\"font-weight: 400;\" aria-level=\"1\"><b>Reinheit<\/b><span style=\"font-weight: 400;\">: \u226599.99% (Labor-\/Industriequalit\u00e4t)<\/span><span style=\"font-weight: 400;\">\n<p><\/span><\/li>\n<li style=\"font-weight: 400;\" aria-level=\"1\"><b>Formular<\/b><span style=\"font-weight: 400;\">: Dichtes, silbrig-wei\u00dfes Fl\u00fcssigmetall<\/span><span style=\"font-weight: 400;\">\n<p><\/span><\/li>\n<li style=\"font-weight: 400;\" aria-level=\"1\"><b>Verpackung<\/b><span style=\"font-weight: 400;\">: Auslaufsichere Flaschen mit Originalit\u00e4tssiegeln<\/span><span style=\"font-weight: 400;\">\n<p><\/span><\/li>\n<li style=\"font-weight: 400;\" aria-level=\"1\"><b>Verf\u00fcgbare Mengen<\/b><span style=\"font-weight: 400;\">: 50g, 100g, 500g, 1kg+<\/span><span style=\"font-weight: 400;\">\n<p><\/span><\/li>\n<\/ul>\n<h3><b>Warum sollten Sie sich f\u00fcr unser Quecksilber entscheiden?<\/b><\/h3>\n<h4><b>H\u00f6chste Reinheit<\/b><\/h4>\n<p><span style=\"font-weight: 400;\">Unser <\/span><b>hochrein <a href=\"https:\/\/subszone.com\/de\/product\/quecksilber\/\">Quecksilber<\/a> Metall<\/b><span style=\"font-weight: 400;\"> wird rigoros getestet, um eine minimale Kontamination zu gew\u00e4hrleisten. Dieses Quecksilber ist ideal f\u00fcr die analytische Chemie, die wissenschaftliche Instrumentierung und die Feinmechanik und erf\u00fcllt die strengen Standards f\u00fcr den Einsatz im Labor und in der Industrie.<\/span><\/p>\n<h4><b>Zertifiziert und konform<\/b><\/h4>\n<p><span style=\"font-weight: 400;\">Wenn Sie <\/span><b>Quecksilber online bestellen<\/b><span style=\"font-weight: 400;\"> Sie erhalten von uns eine vollst\u00e4ndige technische Dokumentation, einschlie\u00dflich einer <\/span><b>Analysezertifikat (CoA)<\/b><span style=\"font-weight: 400;\"> und <\/span><b>Sicherheitsdatenblatt (MSDS)<\/b><span style=\"font-weight: 400;\">. Wir stellen sicher, dass alle Handhabungs-, Verpackungs- und Versandprozesse den Gefahrgutvorschriften entsprechen, damit Sie sich keine Sorgen machen m\u00fcssen.<\/span><\/p>\n<h4><b>Vertrauen bei Fachleuten<\/b><\/h4>\n<p><span style=\"font-weight: 400;\">Von <\/span><b>chemische Laboratorien<\/b><span style=\"font-weight: 400;\"> und <\/span><b>Bergbauanwendungen<\/b><span style=\"font-weight: 400;\"> zu <\/span><b>Ger\u00e4tekalibrierung<\/b><span style=\"font-weight: 400;\"> und <\/span><b>wissenschaftliche Forschung<\/b><span style=\"font-weight: 400;\">Unser Mercury ist die bew\u00e4hrte Wahl f\u00fcr Institutionen und Branchen, die eine zuverl\u00e4ssige und best\u00e4ndige Leistung ben\u00f6tigen.<\/span><\/p>\n<h4><b>Konkurrenzf\u00e4hige Preisgestaltung<\/b><\/h4>\n<p><span style=\"font-weight: 400;\">Suche nach einem <\/span><b>g\u00fcnstiger Quecksilberpreis<\/b><span style=\"font-weight: 400;\"> ohne Abstriche bei Qualit\u00e4t und Sicherheit? Unsere gestaffelten Preise und Gro\u00dfhandelsoptionen machen uns zum <\/span><b>bester Ort, um Quecksilber zu kaufen<\/b><span style=\"font-weight: 400;\"> online und bietet ein au\u00dfergew\u00f6hnliches Preis-Leistungs-Verh\u00e4ltnis ohne Kompromisse bei den Standards.<\/span><\/p>\n<h3><b>Anwendungen<\/b><\/h3>\n<ul>\n<li style=\"font-weight: 400;\" aria-level=\"1\"><b>Wissenschaftliche Forschung und Pr\u00fcfung<\/b><span style=\"font-weight: 400;\">: H\u00e4ufig verwendet in Barometern, Thermometern und Manometern<\/span><span style=\"font-weight: 400;\">\n<p><\/span><\/li>\n<li style=\"font-weight: 400;\" aria-level=\"1\"><b>Industrielle Nutzung<\/b><span style=\"font-weight: 400;\">: Anwendung bei der Goldgewinnung, Leuchtstoffr\u00f6hren und elektrischen Schaltern<\/span><span style=\"font-weight: 400;\">\n<p><\/span><\/li>\n<li style=\"font-weight: 400;\" aria-level=\"1\"><b>Bildungsinstitutionen<\/b><span style=\"font-weight: 400;\">: F\u00fcr kontrollierte Experimente und Demonstrationen (unter angemessener Aufsicht)<\/span><span style=\"font-weight: 400;\">\n<p><\/span><\/li>\n<\/ul>\n<h3><b>Tipps zu Sicherheit und Lagerung<\/b><\/h3>\n<p><span style=\"font-weight: 400;\">Quecksilber ist ein <\/span><b>Gefahrgut<\/b><span style=\"font-weight: 400;\"> und muss mit \u00e4u\u00dferster Vorsicht gehandhabt werden. Nur in gut bel\u00fcfteten Bereichen mit Schutzausr\u00fcstung verwenden. In dicht verschlossenen Beh\u00e4ltern fern von Hitze und unvertr\u00e4glichen Substanzen lagern. Stets die lokalen und internationalen Richtlinien f\u00fcr die Verwendung und Entsorgung befolgen.<\/span><\/p>\n<h3><b>Worauf Sie bei einem Lieferanten achten sollten<\/b><\/h3>\n<ul>\n<li style=\"font-weight: 400;\" aria-level=\"1\"><span style=\"font-weight: 400;\">Zertifizierte Reinheit und Laborverifizierung<\/span><span style=\"font-weight: 400;\">\n<p><\/span><\/li>\n<li style=\"font-weight: 400;\" aria-level=\"1\"><span style=\"font-weight: 400;\">Sicherer, regelkonformer Versand<\/span><span style=\"font-weight: 400;\">\n<p><\/span><\/li>\n<li style=\"font-weight: 400;\" aria-level=\"1\"><span style=\"font-weight: 400;\">Kundenunterst\u00fctzung f\u00fcr technische und sicherheitstechnische Dokumentation<\/span><span style=\"font-weight: 400;\">\n<p><\/span><\/li>\n<li style=\"font-weight: 400;\" aria-level=\"1\"><span style=\"font-weight: 400;\">Transparente Bewertungen und Servicegarantien<\/span><span style=\"font-weight: 400;\">\n<p><\/span><\/li>\n<\/ul>\n<h3><b>Quecksilber online bestellen - schnelle, sichere und zuverl\u00e4ssige Lieferung<\/b><\/h3>\n<p><span style=\"font-weight: 400;\">Mit einer sicheren Kaufabwicklung, schneller Bearbeitung und vollst\u00e4ndig konformen Transportoptionen machen wir es Ihnen leicht <\/span><b>Quecksilber online kaufen<\/b><span style=\"font-weight: 400;\"> f\u00fcr den professionellen Einsatz. Unser Expertenteam steht Ihnen vom Angebot bis zur Lieferung zur Seite.<\/span><\/p>","protected":false},"excerpt":{"rendered":"<p><strong>Quecksilber (Hg)<\/strong>ist ein dichtes, hochgiftiges Element, das oft an seinem silbrig-gl\u00e4nzenden Aussehen und seinem fl\u00fcssigen Zustand bei Raumtemperatur erkannt wird und speziell in <strong>wissenschaftliche Forschung<\/strong>, <strong>industrielle Prozesse<\/strong>und <strong>Instrumentierung<\/strong>. Quecksilber ist f\u00fcr seine elektrische Leitf\u00e4higkeit und seine F\u00e4higkeit, mit anderen Metallen Amalgame zu bilden, bekannt und war in der Vergangenheit sehr wertvoll, obwohl seine Verwendung heute aufgrund von Umwelt- und Gesundheitsrisiken stark reglementiert ist. Im Folgenden werden die wichtigsten Anwendungen, Vorteile und Sicherheitsaspekte von Quecksilber beschrieben.<\/p>\n<p><strong>Synonym(e): Quecksilber(II)-chlorid, Quecksilberchlorid<\/strong><br \/>\n<strong>Lineare Formel: HgCl2<\/strong><br \/>\n<strong>CAS-Nr.:7487-94-7<\/strong><br \/>\n<strong>Molekulargewicht:271.50<\/strong><\/p>","protected":false},"featured_media":1410,"comment_status":"open","ping_status":"closed","template":"","meta":{"_kadence_starter_templates_imported_post":false,"_kad_post_transparent":"default","_kad_post_title":"","_kad_post_layout":"default","_kad_post_sidebar_id":"","_kad_post_content_style":"default","_kad_post_vertical_padding":"default","_kad_post_feature":"","_kad_post_feature_position":"","_kad_post_header":false,"_kad_post_footer":false,"_joinchat":[]},"product_brand":[],"product_cat":[129],"product_tag":[1099,1096,1111,1100,1098,1108,1103,1104,1110,1102,1106,1097,1107,1105,1101,1114,1112,1095,1113,1109],"class_list":{"0":"post-1202","1":"product","2":"type-product","3":"status-publish","4":"has-post-thumbnail","6":"product_cat-metal-processing-and-mining","7":"product_tag-bulk-mercury-supplier","8":"product_tag-buy-mercury","9":"product_tag-commercial-mercury-supply","10":"product_tag-high-purity-mercury","11":"product_tag-industrial-mercury-supply","12":"product_tag-mercury-distributor","13":"product_tag-mercury-for-chemical-manufacturing","14":"product_tag-mercury-for-electrical-applications","15":"product_tag-mercury-for-industrial-applications","16":"product_tag-mercury-for-laboratory-use","17":"product_tag-mercury-for-mining-industry","18":"product_tag-mercury-for-sale","19":"product_tag-mercury-for-scientific-instruments","20":"product_tag-mercury-in-thermometers","21":"product_tag-mercury-price-and-availability","22":"product_tag-mercury-procurement","23":"product_tag-mercury-safety-and-compliance","24":"product_tag-mercury-supplier","25":"product_tag-reliable-mercury-supplier","26":"product_tag-where-to-buy-mercury","28":"first","29":"instock","30":"shipping-taxable","31":"product-type-simple","32":"entry","33":"content-bg","34":"loop-entry"},"yoast_head":"<!-- This site is optimized with the Yoast SEO plugin v25.6 - https:\/\/yoast.com\/wordpress\/plugins\/seo\/ -->\n<title>Buy High-Quality Mercury Online - Industrial Mercury for Sale<\/title>\n<meta name=\"description\" content=\"If you are willing to get industrial mercury for sale, then we are the right choice for you. Our staff members will help you buy high-quality mercury online at cheap rates. Place your order with us!\" \/>\n<meta name=\"robots\" content=\"index, follow, max-snippet:-1, max-image-preview:large, max-video-preview:-1\" \/>\n<link rel=\"canonical\" href=\"https:\/\/subszone.com\/de\/product\/quecksilber\/\" \/>\n<meta property=\"og:locale\" content=\"de_DE\" \/>\n<meta property=\"og:type\" content=\"article\" \/>\n<meta property=\"og:title\" content=\"Buy High-Quality Mercury Online - Industrial Mercury for Sale\" \/>\n<meta property=\"og:description\" content=\"If you are willing to get industrial mercury for sale, then we are the right choice for you. Our staff members will help you buy high-quality mercury online at cheap rates. Place your order with us!\" \/>\n<meta property=\"og:url\" content=\"https:\/\/subszone.com\/de\/product\/quecksilber\/\" \/>\n<meta property=\"og:site_name\" content=\"SubsZone\" \/>\n<meta property=\"article:modified_time\" content=\"2025-06-02T12:26:38+00:00\" \/>\n<meta property=\"og:image\" content=\"https:\/\/subszone.com\/wp-content\/uploads\/2024\/10\/Mercury-2.gif\" \/>\n\t<meta property=\"og:image:width\" content=\"600\" \/>\n\t<meta property=\"og:image:height\" content=\"600\" \/>\n\t<meta property=\"og:image:type\" content=\"image\/gif\" \/>\n<meta name=\"twitter:card\" content=\"summary_large_image\" \/>\n<meta name=\"twitter:label1\" content=\"Gesch\u00e4tzte Lesezeit\" \/>\n\t<meta name=\"twitter:data1\" content=\"2\u00a0Minuten\" \/>\n<script type=\"application\/ld+json\" class=\"yoast-schema-graph\">{\"@context\":\"https:\/\/schema.org\",\"@graph\":[{\"@type\":\"WebPage\",\"@id\":\"https:\/\/subszone.com\/product\/mercury\/\",\"url\":\"https:\/\/subszone.com\/product\/mercury\/\",\"name\":\"Buy High-Quality Mercury Online - Industrial Mercury for Sale\",\"isPartOf\":{\"@id\":\"https:\/\/subszone.com\/#website\"},\"primaryImageOfPage\":{\"@id\":\"https:\/\/subszone.com\/product\/mercury\/#primaryimage\"},\"image\":{\"@id\":\"https:\/\/subszone.com\/product\/mercury\/#primaryimage\"},\"thumbnailUrl\":\"https:\/\/subszone.com\/wp-content\/uploads\/2024\/10\/Mercury-2.gif\",\"datePublished\":\"2024-10-24T06:13:24+00:00\",\"dateModified\":\"2025-06-02T12:26:38+00:00\",\"description\":\"If you are willing to get industrial mercury for sale, then we are the right choice for you. Our staff members will help you buy high-quality mercury online at cheap rates. Place your order with us!\",\"breadcrumb\":{\"@id\":\"https:\/\/subszone.com\/product\/mercury\/#breadcrumb\"},\"inLanguage\":\"de\",\"potentialAction\":[{\"@type\":\"ReadAction\",\"target\":[\"https:\/\/subszone.com\/product\/mercury\/\"]}]},{\"@type\":\"ImageObject\",\"inLanguage\":\"de\",\"@id\":\"https:\/\/subszone.com\/product\/mercury\/#primaryimage\",\"url\":\"https:\/\/subszone.com\/wp-content\/uploads\/2024\/10\/Mercury-2.gif\",\"contentUrl\":\"https:\/\/subszone.com\/wp-content\/uploads\/2024\/10\/Mercury-2.gif\",\"width\":600,\"height\":600,\"caption\":\"Buy High-Quality Mercury Online\"},{\"@type\":\"BreadcrumbList\",\"@id\":\"https:\/\/subszone.com\/product\/mercury\/#breadcrumb\",\"itemListElement\":[{\"@type\":\"ListItem\",\"position\":1,\"name\":\"Home\",\"item\":\"https:\/\/subszone.com\/\"},{\"@type\":\"ListItem\",\"position\":2,\"name\":\"Shop\",\"item\":\"https:\/\/subszone.com\/shop\/\"},{\"@type\":\"ListItem\",\"position\":3,\"name\":\"Buy Mercury Online\"}]},{\"@type\":\"WebSite\",\"@id\":\"https:\/\/subszone.com\/#website\",\"url\":\"https:\/\/subszone.com\/\",\"name\":\"SubsZone\",\"description\":\"My WordPress Blog\",\"publisher\":{\"@id\":\"https:\/\/subszone.com\/#organization\"},\"potentialAction\":[{\"@type\":\"SearchAction\",\"target\":{\"@type\":\"EntryPoint\",\"urlTemplate\":\"https:\/\/subszone.com\/?s={search_term_string}\"},\"query-input\":{\"@type\":\"PropertyValueSpecification\",\"valueRequired\":true,\"valueName\":\"search_term_string\"}}],\"inLanguage\":\"de\"},{\"@type\":\"Organization\",\"@id\":\"https:\/\/subszone.com\/#organization\",\"name\":\"SubsZone\",\"url\":\"https:\/\/subszone.com\/\",\"logo\":{\"@type\":\"ImageObject\",\"inLanguage\":\"de\",\"@id\":\"https:\/\/subszone.com\/#\/schema\/logo\/image\/\",\"url\":\"https:\/\/subszone.com\/wp-content\/uploads\/2024\/10\/logo.png\",\"contentUrl\":\"https:\/\/subszone.com\/wp-content\/uploads\/2024\/10\/logo.png\",\"width\":193,\"height\":50,\"caption\":\"SubsZone\"},\"image\":{\"@id\":\"https:\/\/subszone.com\/#\/schema\/logo\/image\/\"}}]}<\/script>\n<!-- \/ Yoast SEO plugin. -->","yoast_head_json":{"title":"Hochwertiges Quecksilber online kaufen - Industrielles Quecksilber zum Verkauf","description":"Wenn Sie industrielles Quecksilber kaufen m\u00f6chten, dann sind Sie bei uns genau an der richtigen Adresse. Unsere Mitarbeiter helfen Ihnen, qualitativ hochwertiges Quecksilber online zu g\u00fcnstigen Preisen zu kaufen. Geben Sie Ihre Bestellung bei uns auf!","robots":{"index":"index","follow":"follow","max-snippet":"max-snippet:-1","max-image-preview":"max-image-preview:large","max-video-preview":"max-video-preview:-1"},"canonical":"https:\/\/subszone.com\/de\/product\/quecksilber\/","og_locale":"de_DE","og_type":"article","og_title":"Buy High-Quality Mercury Online - Industrial Mercury for Sale","og_description":"If you are willing to get industrial mercury for sale, then we are the right choice for you. Our staff members will help you buy high-quality mercury online at cheap rates. Place your order with us!","og_url":"https:\/\/subszone.com\/de\/product\/quecksilber\/","og_site_name":"SubsZone","article_modified_time":"2025-06-02T12:26:38+00:00","og_image":[{"width":600,"height":600,"url":"https:\/\/subszone.com\/wp-content\/uploads\/2024\/10\/Mercury-2.gif","type":"image\/gif"}],"twitter_card":"summary_large_image","twitter_misc":{"Gesch\u00e4tzte Lesezeit":"2\u00a0Minuten"},"schema":{"@context":"https:\/\/schema.org","@graph":[{"@type":"WebPage","@id":"https:\/\/subszone.com\/product\/mercury\/","url":"https:\/\/subszone.com\/product\/mercury\/","name":"Hochwertiges Quecksilber online kaufen - Industrielles Quecksilber zum Verkauf","isPartOf":{"@id":"https:\/\/subszone.com\/#website"},"primaryImageOfPage":{"@id":"https:\/\/subszone.com\/product\/mercury\/#primaryimage"},"image":{"@id":"https:\/\/subszone.com\/product\/mercury\/#primaryimage"},"thumbnailUrl":"https:\/\/subszone.com\/wp-content\/uploads\/2024\/10\/Mercury-2.gif","datePublished":"2024-10-24T06:13:24+00:00","dateModified":"2025-06-02T12:26:38+00:00","description":"Wenn Sie industrielles Quecksilber kaufen m\u00f6chten, dann sind Sie bei uns genau an der richtigen Adresse. Unsere Mitarbeiter helfen Ihnen, qualitativ hochwertiges Quecksilber online zu g\u00fcnstigen Preisen zu kaufen. Geben Sie Ihre Bestellung bei uns auf!","breadcrumb":{"@id":"https:\/\/subszone.com\/product\/mercury\/#breadcrumb"},"inLanguage":"de","potentialAction":[{"@type":"ReadAction","target":["https:\/\/subszone.com\/product\/mercury\/"]}]},{"@type":"ImageObject","inLanguage":"de","@id":"https:\/\/subszone.com\/product\/mercury\/#primaryimage","url":"https:\/\/subszone.com\/wp-content\/uploads\/2024\/10\/Mercury-2.gif","contentUrl":"https:\/\/subszone.com\/wp-content\/uploads\/2024\/10\/Mercury-2.gif","width":600,"height":600,"caption":"Buy High-Quality Mercury Online"},{"@type":"BreadcrumbList","@id":"https:\/\/subszone.com\/product\/mercury\/#breadcrumb","itemListElement":[{"@type":"ListItem","position":1,"name":"Home","item":"https:\/\/subszone.com\/"},{"@type":"ListItem","position":2,"name":"Shop","item":"https:\/\/subszone.com\/shop\/"},{"@type":"ListItem","position":3,"name":"Buy Mercury Online"}]},{"@type":"WebSite","@id":"https:\/\/subszone.com\/#website","url":"https:\/\/subszone.com\/","name":"SubsZone","description":"Mein WordPress-Blog","publisher":{"@id":"https:\/\/subszone.com\/#organization"},"potentialAction":[{"@type":"SearchAction","target":{"@type":"EntryPoint","urlTemplate":"https:\/\/subszone.com\/?s={search_term_string}"},"query-input":{"@type":"PropertyValueSpecification","valueRequired":true,"valueName":"search_term_string"}}],"inLanguage":"de"},{"@type":"Organization","@id":"https:\/\/subszone.com\/#organization","name":"SubsZone","url":"https:\/\/subszone.com\/","logo":{"@type":"ImageObject","inLanguage":"de","@id":"https:\/\/subszone.com\/#\/schema\/logo\/image\/","url":"https:\/\/subszone.com\/wp-content\/uploads\/2024\/10\/logo.png","contentUrl":"https:\/\/subszone.com\/wp-content\/uploads\/2024\/10\/logo.png","width":193,"height":50,"caption":"SubsZone"},"image":{"@id":"https:\/\/subszone.com\/#\/schema\/logo\/image\/"}}]}},"_links":{"self":[{"href":"https:\/\/subszone.com\/de\/wp-json\/wp\/v2\/product\/1202","targetHints":{"allow":["GET"]}}],"collection":[{"href":"https:\/\/subszone.com\/de\/wp-json\/wp\/v2\/product"}],"about":[{"href":"https:\/\/subszone.com\/de\/wp-json\/wp\/v2\/types\/product"}],"replies":[{"embeddable":true,"href":"https:\/\/subszone.com\/de\/wp-json\/wp\/v2\/comments?post=1202"}],"wp:featuredmedia":[{"embeddable":true,"href":"https:\/\/subszone.com\/de\/wp-json\/wp\/v2\/media\/1410"}],"wp:attachment":[{"href":"https:\/\/subszone.com\/de\/wp-json\/wp\/v2\/media?parent=1202"}],"wp:term":[{"taxonomy":"product_brand","embeddable":true,"href":"https:\/\/subszone.com\/de\/wp-json\/wp\/v2\/product_brand?post=1202"},{"taxonomy":"product_cat","embeddable":true,"href":"https:\/\/subszone.com\/de\/wp-json\/wp\/v2\/product_cat?post=1202"},{"taxonomy":"product_tag","embeddable":true,"href":"https:\/\/subszone.com\/de\/wp-json\/wp\/v2\/product_tag?post=1202"}],"curies":[{"name":"wp","href":"https:\/\/api.w.org\/{rel}","templated":true}]}}