{"id":1229,"date":"2024-10-24T06:45:10","date_gmt":"2024-10-24T06:45:10","guid":{"rendered":"https:\/\/subszone.com\/?post_type=product&#038;p=1229"},"modified":"2025-06-03T05:42:05","modified_gmt":"2025-06-03T05:42:05","slug":"palladiumchlorid","status":"publish","type":"product","link":"https:\/\/subszone.com\/de\/product\/palladiumchlorid\/","title":{"rendered":"Palladiumchlorid online kaufen"},"content":{"rendered":"<h2><b>Wo man Palladiumchlorid online kaufen kann - Was man vor der Bestellung wissen sollte<\/b><\/h2>\n<p><span style=\"font-weight: 400;\">Palladiumchlorid (PdCl\u2082) ist eine hochwertige Verbindung, die in gro\u00dfem Umfang in <\/span><b>organische Synthese<\/b><span style=\"font-weight: 400;\">, <\/span><b>Katalyse<\/b><span style=\"font-weight: 400;\">und <\/span><b>Herstellung elektronischer Komponenten<\/b><span style=\"font-weight: 400;\">. Da die Nachfrage in allen Branchen steigt, ist die Suche nach einem <\/span><b>vertrauensw\u00fcrdige Quelle f\u00fcr <a href=\"https:\/\/subszone.com\/de\/product\/palladiumchlorid\/\">Palladiumchlorid online kaufen<\/a><\/b><span style=\"font-weight: 400;\"> ist entscheidend - nicht nur f\u00fcr die Qualit\u00e4t, sondern auch f\u00fcr die Einhaltung von Vorschriften und die sichere Handhabung.<\/span><\/p>\n<h3><b>Warum Palladiumchlorid sehr gefragt ist<\/b><\/h3>\n<p><span style=\"font-weight: 400;\">Palladiumchlorid wird gesch\u00e4tzt f\u00fcr seine <\/span><b>katalytische Aktivit\u00e4t bei Kreuzkupplungsreaktionen<\/b><span style=\"font-weight: 400;\"> wie z. B. Suzuki, Heck und Stille, was es f\u00fcr die <\/span><b>gr\u00fcne Chemie und pharmazeutische Forschung<\/b><span style=\"font-weight: 400;\">. Seine <\/span><b>hohe Reaktivit\u00e4t, Reinheit und Vielseitigkeit<\/b><span style=\"font-weight: 400;\"> machen es ideal f\u00fcr die Synthese im Laborma\u00dfstab und f\u00fcr Anwendungen im industriellen Ma\u00dfstab gleicherma\u00dfen. Aufgrund seiner <\/span><b>Edelmetallbasis<\/b><span style=\"font-weight: 400;\">PdCl\u2082 hat auch einen Wert in der <\/span><b>Elektronik- und Nanotechnologiesektoren<\/b><span style=\"font-weight: 400;\">wo die Qualit\u00e4t nicht beeintr\u00e4chtigt werden darf.<\/span><\/p>\n<h3><b>Herausforderungen bei der Beschaffung<\/b><\/h3>\n<p><span style=\"font-weight: 400;\">Trotz seiner N\u00fctzlichkeit stellt die Online-Beschaffung von Palladiumchlorid eine Herausforderung dar:<\/span><\/p>\n<ul>\n<li style=\"font-weight: 400;\" aria-level=\"1\"><b>Schwankende Palladiumpreise<\/b><span style=\"font-weight: 400;\"> angetrieben durch die weltweite Marktnachfrage<\/span><span style=\"font-weight: 400;\">\n<p><\/span><\/li>\n<li style=\"font-weight: 400;\" aria-level=\"1\"><span style=\"font-weight: 400;\">Risiko von <\/span><b>ungepr\u00fcfte oder niedrigreine Produkte<\/b><b>\n<p><\/b><\/li>\n<li style=\"font-weight: 400;\" aria-level=\"1\"><b>Versandvorschriften und Einfuhrbeschr\u00e4nkungen<\/b><span style=\"font-weight: 400;\"> f\u00fcr gef\u00e4hrliche Stoffe<\/span><span style=\"font-weight: 400;\">\n<p><\/span><\/li>\n<\/ul>\n<p><span style=\"font-weight: 400;\">Um diese H\u00fcrden zu \u00fcberwinden, muss man bei Lieferanten einkaufen, die <\/span><b>zuverl\u00e4ssig, regelkonform und transparent<\/b><span style=\"font-weight: 400;\">.<\/span><\/p>\n<h3><b>Checkliste f\u00fcr die Suche nach einem vertrauensw\u00fcrdigen Lieferanten<\/b><\/h3>\n<p><span style=\"font-weight: 400;\">Vergewissern Sie sich vor einer Bestellung, dass der Anbieter die folgenden Standards erf\u00fcllt:<\/span><\/p>\n<ul>\n<li style=\"font-weight: 400;\" aria-level=\"1\"><b>COA (Zertifikat der Analyse)<\/b><span style=\"font-weight: 400;\"> Best\u00e4tigung der Reinheit und Zusammensetzung<\/span><span style=\"font-weight: 400;\">\n<p><\/span><\/li>\n<li style=\"font-weight: 400;\" aria-level=\"1\"><b>MSDS (Materialsicherheitsdatenblatt)<\/b><span style=\"font-weight: 400;\"> mit detaillierten Sicherheits- und Handhabungsrichtlinien<\/span><span style=\"font-weight: 400;\">\n<p><\/span><\/li>\n<li style=\"font-weight: 400;\" aria-level=\"1\"><b>Reaktionsschneller technischer Support<\/b><span style=\"font-weight: 400;\"> f\u00fcr berufliche Anfragen<\/span><span style=\"font-weight: 400;\">\n<p><\/span><\/li>\n<li style=\"font-weight: 400;\" aria-level=\"1\"><b>Klare Preisgestaltung<\/b><span style=\"font-weight: 400;\"> und skalierbare Mengenoptionen (1g bis Bulk)<\/span><span style=\"font-weight: 400;\">\n<p><\/span><\/li>\n<li style=\"font-weight: 400;\" aria-level=\"1\"><b>Sichere Kasse und mehrere Zahlungsarten<\/b><span style=\"font-weight: 400;\"> (einschlie\u00dflich Kryptow\u00e4hrung oder Rechnungsstellung f\u00fcr Unternehmen)<\/span><span style=\"font-weight: 400;\">\n<p><\/span><\/li>\n<li style=\"font-weight: 400;\" aria-level=\"1\"><b>HAZMAT-konformer Versand<\/b><span style=\"font-weight: 400;\"> und R\u00fcckverfolgung f\u00fcr die legale Zustellung<\/span><span style=\"font-weight: 400;\">\n<p><\/span><\/li>\n<\/ul>\n<p><span style=\"font-weight: 400;\">Die Auswahl der <\/span><b>Bester Ort, um Palladiumchlorid zu kaufen<\/b><span style=\"font-weight: 400;\"> ist oft eine Frage des Vertrauens, der Dokumentation und des bew\u00e4hrten Kundensupports.<\/span><\/p>\n<h3><b>Preisvergleiche ohne Qualit\u00e4tseinbu\u00dfen<\/b><\/h3>\n<p><span style=\"font-weight: 400;\">Die Suche nach einem <\/span><b>billig <a href=\"https:\/\/en.wikipedia.org\/wiki\/Palladium(II)_chloride\">Palladiumchlorid<\/a> Preis<\/b><span style=\"font-weight: 400;\"> ist m\u00f6glich - aber niemals auf Kosten der Qualit\u00e4t. Minderwertiges PdCl\u2082 kann Ihre Experimente oder Produktionsausbeute gef\u00e4hrden. Suchen Sie nach Lieferanten, die Folgendes anbieten:<\/span><\/p>\n<ul>\n<li style=\"font-weight: 400;\" aria-level=\"1\"><b>Mengenrabatte<\/b><span style=\"font-weight: 400;\"> f\u00fcr Forschungslabors oder industrielle Abnehmer<\/span><span style=\"font-weight: 400;\">\n<p><\/span><\/li>\n<li style=\"font-weight: 400;\" aria-level=\"1\"><b>Abonnement-Modelle<\/b><span style=\"font-weight: 400;\"> oder wiederkehrende Auftragsleistungen<\/span><span style=\"font-weight: 400;\">\n<p><\/span><\/li>\n<li style=\"font-weight: 400;\" aria-level=\"1\"><span style=\"font-weight: 400;\">Transparente Versandtarife und Lieferzeiten<\/span><span style=\"font-weight: 400;\">\n<p><\/span><\/li>\n<\/ul>\n<p><span style=\"font-weight: 400;\">Seri\u00f6se Lieferanten bieten wettbewerbsf\u00e4hige Preise <\/span><b>ohne Abstriche bei der Sicherheit, Zertifizierung oder Qualit\u00e4tskontrolle<\/b><span style=\"font-weight: 400;\">.<\/span><\/p>\n<h3><b>Bew\u00e4hrte Praktiken f\u00fcr Lagerung und Verwendung<\/b><\/h3>\n<p><span style=\"font-weight: 400;\">Wenn Sie Palladiumchlorid online bestellen, ist eine ordnungsgem\u00e4\u00dfe Handhabung unerl\u00e4sslich:<\/span><\/p>\n<ul>\n<li style=\"font-weight: 400;\" aria-level=\"1\"><b>An einem k\u00fchlen, trockenen Ort aufbewahren<\/b><span style=\"font-weight: 400;\">weg von Feuchtigkeit und reaktiven Materialien<\/span><span style=\"font-weight: 400;\">\n<p><\/span><\/li>\n<li style=\"font-weight: 400;\" aria-level=\"1\"><span style=\"font-weight: 400;\">Verwenden Sie <\/span><b>PSA (Handschuhe, Schutzbrille, Laborkittel)<\/b><span style=\"font-weight: 400;\"> bei der Handhabung<\/span><span style=\"font-weight: 400;\">\n<p><\/span><\/li>\n<li style=\"font-weight: 400;\" aria-level=\"1\"><span style=\"font-weight: 400;\">Folgen Sie <\/span><b>lokale Vorschriften f\u00fcr die Entsorgung<\/b><span style=\"font-weight: 400;\"> und Abfallwirtschaft<\/span><span style=\"font-weight: 400;\">\n<p><\/span><\/li>\n<li style=\"font-weight: 400;\" aria-level=\"1\"><span style=\"font-weight: 400;\">Bewahren Sie Sicherheitsdatenbl\u00e4tter f\u00fcr die Notfallplanung und f\u00fcr Laboraudits auf.<\/span><span style=\"font-weight: 400;\">\n<p><\/span><\/li>\n<\/ul>\n<p><span style=\"font-weight: 400;\">Wenn Sie diese Richtlinien befolgen, gew\u00e4hrleisten Sie die Sicherheit und die Einhaltung der Vorschriften und bewahren gleichzeitig die Integrit\u00e4t der Verbindung.<\/span><\/p>\n<h3><b>Abschlie\u00dfende \u00dcberlegungen<\/b><\/h3>\n<p><span style=\"font-weight: 400;\">Bei der Suche nach <\/span><b>Palladiumchlorid zu verkaufen<\/b><span style=\"font-weight: 400;\">Bei der Auswahl der Produkte stehen Qualit\u00e4t, Zertifizierung und Zuverl\u00e4ssigkeit der Anbieter im Vordergrund, nicht nur der Preis. Die <\/span><b>bester Ort, um Palladiumchlorid online zu kaufen<\/b><span style=\"font-weight: 400;\"> ist ein zertifizierter Lieferant, bei dem Sicherheit, Reinheit und ein reaktionsschneller Support im Vordergrund stehen.<\/span><\/p>\n<p><span style=\"font-weight: 400;\">Kaufen Sie immer von einer Quelle, die eine vollst\u00e4ndige Dokumentation anbietet, <\/span><b>sicherer internationaler Versand<\/b><span style=\"font-weight: 400;\">und Wissen \u00fcber Rechtsvorschriften. Auf diese Weise wird sichergestellt, dass Ihre Forschung oder industrielle Anwendung reibungslos und sicher verl\u00e4uft.<\/span><\/p>","protected":false},"excerpt":{"rendered":"<p><strong>Palladiumchlorid<\/strong> (PdCl\u2082) ist eine vielseitige und wertvolle Verbindung im Bereich der Chemie, insbesondere in der Katalyse und der organischen Synthese. Palladiumchlorid ist f\u00fcr seine katalytischen Eigenschaften und seine F\u00e4higkeit zur Erleichterung verschiedener chemischer Reaktionen bekannt und spielt eine entscheidende Rolle in verschiedenen Industrie- und Laborprozessen. Dieser Artikel befasst sich mit seiner Verwendung, seinen Eigenschaften und seinen Sicherheitsaspekten.<\/p>\n<p><strong>Synonym(e): Palladium(II)-chlorid (59% Pd)<\/strong><br \/>\n<strong>Empirische Formel (Hill-Schreibweise): Cl2Pd<\/strong><br \/>\n<strong>CAS-Nr.:7647-10-1<\/strong><br \/>\n<strong>Molekulargewicht:177.33<\/strong><br \/>\n<strong>EG-Nr.:231-596-2<\/strong><\/p>","protected":false},"featured_media":1402,"comment_status":"open","ping_status":"closed","template":"","meta":{"_kadence_starter_templates_imported_post":false,"_kad_post_transparent":"default","_kad_post_title":"","_kad_post_layout":"default","_kad_post_sidebar_id":"","_kad_post_content_style":"default","_kad_post_vertical_padding":"default","_kad_post_feature":"","_kad_post_feature_position":"","_kad_post_header":false,"_kad_post_footer":false,"_joinchat":[]},"product_brand":[],"product_cat":[150],"product_tag":[343,344,345,346,347,348,349,350,351,352],"class_list":{"0":"post-1229","1":"product","2":"type-product","3":"status-publish","4":"has-post-thumbnail","6":"product_cat-specialty-chemicals","7":"product_tag-bulk-palladium-chloride","8":"product_tag-buy-palladium-chloride","9":"product_tag-commercial-palladium-catalyst","10":"product_tag-high-purity-palladium-chloride","11":"product_tag-industrial-grade-palladium-chloride","12":"product_tag-palladium-chloride-cas-7647-10-1","13":"product_tag-palladium-chloride-exporter","14":"product_tag-palladium-chloride-pricing","15":"product_tag-palladium-chloride-supplier","16":"product_tag-wholesale-palladium-chloride","18":"first","19":"instock","20":"shipping-taxable","21":"product-type-simple","22":"entry","23":"content-bg","24":"loop-entry"},"yoast_head":"<!-- This site is optimized with the Yoast SEO plugin v25.6 - https:\/\/yoast.com\/wordpress\/plugins\/seo\/ -->\n<title>Buy Palladium Chloride in Bulk Online - Palladium Chloride for Sale<\/title>\n<meta name=\"description\" content=\"You can get in touch with our online store and buy palladium chloride in bulk online. We have palladium chloride for sale at cheap prices. Get yours at your place right away!\" \/>\n<meta name=\"robots\" content=\"index, follow, max-snippet:-1, max-image-preview:large, max-video-preview:-1\" \/>\n<link rel=\"canonical\" href=\"https:\/\/subszone.com\/de\/product\/palladiumchlorid\/\" \/>\n<meta property=\"og:locale\" content=\"de_DE\" \/>\n<meta property=\"og:type\" content=\"article\" \/>\n<meta property=\"og:title\" content=\"Buy Palladium Chloride in Bulk Online - Palladium Chloride for Sale\" \/>\n<meta property=\"og:description\" content=\"You can get in touch with our online store and buy palladium chloride in bulk online. We have palladium chloride for sale at cheap prices. Get yours at your place right away!\" \/>\n<meta property=\"og:url\" content=\"https:\/\/subszone.com\/de\/product\/palladiumchlorid\/\" \/>\n<meta property=\"og:site_name\" content=\"SubsZone\" \/>\n<meta property=\"article:modified_time\" content=\"2025-06-03T05:42:05+00:00\" \/>\n<meta property=\"og:image\" content=\"https:\/\/subszone.com\/wp-content\/uploads\/2024\/10\/Palladium-Chloride-2-1.gif\" \/>\n\t<meta property=\"og:image:width\" content=\"600\" \/>\n\t<meta property=\"og:image:height\" content=\"600\" \/>\n\t<meta property=\"og:image:type\" content=\"image\/gif\" \/>\n<meta name=\"twitter:card\" content=\"summary_large_image\" \/>\n<meta name=\"twitter:label1\" content=\"Gesch\u00e4tzte Lesezeit\" \/>\n\t<meta name=\"twitter:data1\" content=\"3\u00a0Minuten\" \/>\n<script type=\"application\/ld+json\" class=\"yoast-schema-graph\">{\"@context\":\"https:\/\/schema.org\",\"@graph\":[{\"@type\":\"WebPage\",\"@id\":\"https:\/\/subszone.com\/product\/palladium-chloride\/\",\"url\":\"https:\/\/subszone.com\/product\/palladium-chloride\/\",\"name\":\"Buy Palladium Chloride in Bulk Online - Palladium Chloride for Sale\",\"isPartOf\":{\"@id\":\"https:\/\/subszone.com\/#website\"},\"primaryImageOfPage\":{\"@id\":\"https:\/\/subszone.com\/product\/palladium-chloride\/#primaryimage\"},\"image\":{\"@id\":\"https:\/\/subszone.com\/product\/palladium-chloride\/#primaryimage\"},\"thumbnailUrl\":\"https:\/\/subszone.com\/wp-content\/uploads\/2024\/10\/Palladium-Chloride-2-1.gif\",\"datePublished\":\"2024-10-24T06:45:10+00:00\",\"dateModified\":\"2025-06-03T05:42:05+00:00\",\"description\":\"You can get in touch with our online store and buy palladium chloride in bulk online. We have palladium chloride for sale at cheap prices. Get yours at your place right away!\",\"breadcrumb\":{\"@id\":\"https:\/\/subszone.com\/product\/palladium-chloride\/#breadcrumb\"},\"inLanguage\":\"de\",\"potentialAction\":[{\"@type\":\"ReadAction\",\"target\":[\"https:\/\/subszone.com\/product\/palladium-chloride\/\"]}]},{\"@type\":\"ImageObject\",\"inLanguage\":\"de\",\"@id\":\"https:\/\/subszone.com\/product\/palladium-chloride\/#primaryimage\",\"url\":\"https:\/\/subszone.com\/wp-content\/uploads\/2024\/10\/Palladium-Chloride-2-1.gif\",\"contentUrl\":\"https:\/\/subszone.com\/wp-content\/uploads\/2024\/10\/Palladium-Chloride-2-1.gif\",\"width\":600,\"height\":600,\"caption\":\"Buy Palladium Chloride in Bulk Online\"},{\"@type\":\"BreadcrumbList\",\"@id\":\"https:\/\/subszone.com\/product\/palladium-chloride\/#breadcrumb\",\"itemListElement\":[{\"@type\":\"ListItem\",\"position\":1,\"name\":\"Home\",\"item\":\"https:\/\/subszone.com\/\"},{\"@type\":\"ListItem\",\"position\":2,\"name\":\"Shop\",\"item\":\"https:\/\/subszone.com\/shop\/\"},{\"@type\":\"ListItem\",\"position\":3,\"name\":\"Buy Palladium Chloride Online\"}]},{\"@type\":\"WebSite\",\"@id\":\"https:\/\/subszone.com\/#website\",\"url\":\"https:\/\/subszone.com\/\",\"name\":\"SubsZone\",\"description\":\"My WordPress Blog\",\"publisher\":{\"@id\":\"https:\/\/subszone.com\/#organization\"},\"potentialAction\":[{\"@type\":\"SearchAction\",\"target\":{\"@type\":\"EntryPoint\",\"urlTemplate\":\"https:\/\/subszone.com\/?s={search_term_string}\"},\"query-input\":{\"@type\":\"PropertyValueSpecification\",\"valueRequired\":true,\"valueName\":\"search_term_string\"}}],\"inLanguage\":\"de\"},{\"@type\":\"Organization\",\"@id\":\"https:\/\/subszone.com\/#organization\",\"name\":\"SubsZone\",\"url\":\"https:\/\/subszone.com\/\",\"logo\":{\"@type\":\"ImageObject\",\"inLanguage\":\"de\",\"@id\":\"https:\/\/subszone.com\/#\/schema\/logo\/image\/\",\"url\":\"https:\/\/subszone.com\/wp-content\/uploads\/2024\/10\/logo.png\",\"contentUrl\":\"https:\/\/subszone.com\/wp-content\/uploads\/2024\/10\/logo.png\",\"width\":193,\"height\":50,\"caption\":\"SubsZone\"},\"image\":{\"@id\":\"https:\/\/subszone.com\/#\/schema\/logo\/image\/\"}}]}<\/script>\n<!-- \/ Yoast SEO plugin. -->","yoast_head_json":{"title":"Palladiumchlorid in gro\u00dfen Mengen online kaufen - Palladiumchlorid zu verkaufen","description":"Sie k\u00f6nnen sich mit unserem Online-Shop in Verbindung setzen und Palladiumchlorid in gro\u00dfen Mengen online kaufen. Wir haben Palladiumchlorid zu g\u00fcnstigen Preisen zu verkaufen. Holen Sie sich bei Ihnen zu Hause sofort!","robots":{"index":"index","follow":"follow","max-snippet":"max-snippet:-1","max-image-preview":"max-image-preview:large","max-video-preview":"max-video-preview:-1"},"canonical":"https:\/\/subszone.com\/de\/product\/palladiumchlorid\/","og_locale":"de_DE","og_type":"article","og_title":"Buy Palladium Chloride in Bulk Online - Palladium Chloride for Sale","og_description":"You can get in touch with our online store and buy palladium chloride in bulk online. We have palladium chloride for sale at cheap prices. Get yours at your place right away!","og_url":"https:\/\/subszone.com\/de\/product\/palladiumchlorid\/","og_site_name":"SubsZone","article_modified_time":"2025-06-03T05:42:05+00:00","og_image":[{"width":600,"height":600,"url":"https:\/\/subszone.com\/wp-content\/uploads\/2024\/10\/Palladium-Chloride-2-1.gif","type":"image\/gif"}],"twitter_card":"summary_large_image","twitter_misc":{"Gesch\u00e4tzte Lesezeit":"3\u00a0Minuten"},"schema":{"@context":"https:\/\/schema.org","@graph":[{"@type":"WebPage","@id":"https:\/\/subszone.com\/product\/palladium-chloride\/","url":"https:\/\/subszone.com\/product\/palladium-chloride\/","name":"Palladiumchlorid in gro\u00dfen Mengen online kaufen - Palladiumchlorid zu verkaufen","isPartOf":{"@id":"https:\/\/subszone.com\/#website"},"primaryImageOfPage":{"@id":"https:\/\/subszone.com\/product\/palladium-chloride\/#primaryimage"},"image":{"@id":"https:\/\/subszone.com\/product\/palladium-chloride\/#primaryimage"},"thumbnailUrl":"https:\/\/subszone.com\/wp-content\/uploads\/2024\/10\/Palladium-Chloride-2-1.gif","datePublished":"2024-10-24T06:45:10+00:00","dateModified":"2025-06-03T05:42:05+00:00","description":"Sie k\u00f6nnen sich mit unserem Online-Shop in Verbindung setzen und Palladiumchlorid in gro\u00dfen Mengen online kaufen. Wir haben Palladiumchlorid zu g\u00fcnstigen Preisen zu verkaufen. Holen Sie sich bei Ihnen zu Hause sofort!","breadcrumb":{"@id":"https:\/\/subszone.com\/product\/palladium-chloride\/#breadcrumb"},"inLanguage":"de","potentialAction":[{"@type":"ReadAction","target":["https:\/\/subszone.com\/product\/palladium-chloride\/"]}]},{"@type":"ImageObject","inLanguage":"de","@id":"https:\/\/subszone.com\/product\/palladium-chloride\/#primaryimage","url":"https:\/\/subszone.com\/wp-content\/uploads\/2024\/10\/Palladium-Chloride-2-1.gif","contentUrl":"https:\/\/subszone.com\/wp-content\/uploads\/2024\/10\/Palladium-Chloride-2-1.gif","width":600,"height":600,"caption":"Buy Palladium Chloride in Bulk Online"},{"@type":"BreadcrumbList","@id":"https:\/\/subszone.com\/product\/palladium-chloride\/#breadcrumb","itemListElement":[{"@type":"ListItem","position":1,"name":"Home","item":"https:\/\/subszone.com\/"},{"@type":"ListItem","position":2,"name":"Shop","item":"https:\/\/subszone.com\/shop\/"},{"@type":"ListItem","position":3,"name":"Buy Palladium Chloride Online"}]},{"@type":"WebSite","@id":"https:\/\/subszone.com\/#website","url":"https:\/\/subszone.com\/","name":"SubsZone","description":"Mein WordPress-Blog","publisher":{"@id":"https:\/\/subszone.com\/#organization"},"potentialAction":[{"@type":"SearchAction","target":{"@type":"EntryPoint","urlTemplate":"https:\/\/subszone.com\/?s={search_term_string}"},"query-input":{"@type":"PropertyValueSpecification","valueRequired":true,"valueName":"search_term_string"}}],"inLanguage":"de"},{"@type":"Organization","@id":"https:\/\/subszone.com\/#organization","name":"SubsZone","url":"https:\/\/subszone.com\/","logo":{"@type":"ImageObject","inLanguage":"de","@id":"https:\/\/subszone.com\/#\/schema\/logo\/image\/","url":"https:\/\/subszone.com\/wp-content\/uploads\/2024\/10\/logo.png","contentUrl":"https:\/\/subszone.com\/wp-content\/uploads\/2024\/10\/logo.png","width":193,"height":50,"caption":"SubsZone"},"image":{"@id":"https:\/\/subszone.com\/#\/schema\/logo\/image\/"}}]}},"_links":{"self":[{"href":"https:\/\/subszone.com\/de\/wp-json\/wp\/v2\/product\/1229","targetHints":{"allow":["GET"]}}],"collection":[{"href":"https:\/\/subszone.com\/de\/wp-json\/wp\/v2\/product"}],"about":[{"href":"https:\/\/subszone.com\/de\/wp-json\/wp\/v2\/types\/product"}],"replies":[{"embeddable":true,"href":"https:\/\/subszone.com\/de\/wp-json\/wp\/v2\/comments?post=1229"}],"wp:featuredmedia":[{"embeddable":true,"href":"https:\/\/subszone.com\/de\/wp-json\/wp\/v2\/media\/1402"}],"wp:attachment":[{"href":"https:\/\/subszone.com\/de\/wp-json\/wp\/v2\/media?parent=1229"}],"wp:term":[{"taxonomy":"product_brand","embeddable":true,"href":"https:\/\/subszone.com\/de\/wp-json\/wp\/v2\/product_brand?post=1229"},{"taxonomy":"product_cat","embeddable":true,"href":"https:\/\/subszone.com\/de\/wp-json\/wp\/v2\/product_cat?post=1229"},{"taxonomy":"product_tag","embeddable":true,"href":"https:\/\/subszone.com\/de\/wp-json\/wp\/v2\/product_tag?post=1229"}],"curies":[{"name":"wp","href":"https:\/\/api.w.org\/{rel}","templated":true}]}}