{"id":1293,"date":"2024-10-24T08:32:33","date_gmt":"2024-10-24T08:32:33","guid":{"rendered":"https:\/\/subszone.com\/?post_type=product&#038;p=1293"},"modified":"2025-06-06T10:48:27","modified_gmt":"2025-06-06T10:48:27","slug":"thioharnstoff","status":"publish","type":"product","link":"https:\/\/subszone.com\/de\/product\/thioharnstoff\/","title":{"rendered":"Thioharnstoff online kaufen"},"content":{"rendered":"<h2><b>Thioharnstoff online kaufen - Hohe Qualit\u00e4t, wettbewerbsf\u00e4hige Preise, zuverl\u00e4ssige Lieferung<\/b><\/h2>\n<h3><b>Einf\u00fchrung in Thioharnstoff: Was Sie wissen m\u00fcssen<\/b><\/h3>\n<p><span style=\"font-weight: 400;\"><a href=\"https:\/\/en.wikipedia.org\/wiki\/Thiourea\">Thioharnstoff<\/a> ist eine sehr wertvolle chemische Verbindung, die in vielen Branchen eingesetzt wird, von der Pharmazie und Landwirtschaft bis hin zur Textilindustrie und Fotografie. Thioharnstoff ist f\u00fcr seine einzigartigen Eigenschaften als Reduktionsmittel und seine Rolle bei der Synthese komplexer organischer Verbindungen bekannt und ist f\u00fcr Fachleute, die zuverl\u00e4ssige, hochreine Chemikalien suchen, unverzichtbar. Unabh\u00e4ngig davon, ob Sie Thioharnstoff f\u00fcr die Laborforschung, f\u00fcr industrielle Prozesse oder f\u00fcr die Fertigung ben\u00f6tigen, ist es wichtig, die Qualit\u00e4t und die Herkunft Ihres Thioharnstoffs zu kennen.<\/span><\/p>\n<h3><b>Warum es klug ist, Thioharnstoff online zu kaufen<\/b><\/h3>\n<p><span style=\"font-weight: 400;\">Die Entscheidung f\u00fcr <a href=\"https:\/\/subszone.com\/de\/product\/thioharnstoff\/\"><strong>Thioharnstoff online kaufen<\/strong><\/a> bietet unvergleichlichen Komfort und Zugang zu einer breiten Palette von Produktqualit\u00e4ten und -mengen. Mit dem Online-Einkauf k\u00f6nnen Sie Thioharnstoff ganz einfach bestellen, Preise vergleichen und gepr\u00fcfte Kundenrezensionen lesen - alles bequem von Ihrem Arbeitsplatz aus. Dar\u00fcber hinaus bieten viele Online-Lieferanten einen schnellen Versand und detaillierte Produktinformationen, damit Sie genau das bekommen, was Sie brauchen - ohne Verz\u00f6gerungen oder Probleme.<\/span><\/p>\n<h3><b>\u00dcberpr\u00fcfung der Produktqualit\u00e4t und -reinheit<\/b><\/h3>\n<p><span style=\"font-weight: 400;\">Wenn Sie Thioharnstoff online bestellen, ist es wichtig, die Qualit\u00e4t und Reinheit des Produkts zu \u00fcberpr\u00fcfen. Seri\u00f6se Anbieter stellen Analysezertifikate (COA) zur Verf\u00fcgung, in denen die chemische Zusammensetzung und der Reinheitsgrad angegeben sind. Achten Sie auf Thioharnstoff mit minimalen Verunreinigungen und geringem Feuchtigkeitsgehalt, um eine gleichbleibende Leistung in Ihren Anwendungen zu gew\u00e4hrleisten. Qualitativ hochwertiger Thioharnstoff sollte den Industrienormen entsprechen und von renommierten Herstellern stammen.<\/span><\/p>\n<h3><b>Top-Tipps f\u00fcr die Suche nach zuverl\u00e4ssigen Thioharnstoff-Lieferanten<\/b><\/h3>\n<p><span style=\"font-weight: 400;\">Die Suche nach zuverl\u00e4ssigen Lieferanten ist der Schl\u00fcssel zur Sicherung <strong>hochwertiger Thioharnstoff zum Verkauf<\/strong>. Pr\u00fcfen Sie zun\u00e4chst den Ruf des Anbieters, Kundenstimmen und Branchenzertifizierungen. Entscheiden Sie sich f\u00fcr Anbieter, die transparente Produktdetails, einen reaktionsschnellen Kundenservice und flexible Kaufoptionen bieten. Am besten kaufen Sie Thioharnstoff bei einem Anbieter, der wettbewerbsf\u00e4hige Preise mit gepr\u00fcfter Qualit\u00e4t und zuverl\u00e4ssiger Lieferung in Einklang bringt.<\/span><\/p>\n<h3><b>Wichtige Sicherheits- und Versandvorschriften<\/b><\/h3>\n<p><span style=\"font-weight: 400;\">Thioharnstoff ist eine Chemikalie, die eine sorgf\u00e4ltige Handhabung und die Einhaltung von Sicherheitsprotokollen erfordert. Wenn Sie Thioharnstoff online kaufen, vergewissern Sie sich, dass Ihr Lieferant die ordnungsgem\u00e4\u00dfen Versandvorschriften einh\u00e4lt, einschlie\u00dflich sicherer Verpackung und genauer Kennzeichnung. Machen Sie sich mit dem Materialsicherheitsdatenblatt (MSDS) vertraut, um sich \u00fcber die sichere Lagerung und Handhabung zu informieren und sowohl die Benutzer als auch die Umwelt zu sch\u00fctzen.<\/span><\/p>\n<h3><b>Wie Sie den besten Preis f\u00fcr Thioharnstoff online bekommen<\/b><\/h3>\n<p><span style=\"font-weight: 400;\">Zu finden <strong>billig Thiourea Preise<\/strong> ohne Abstriche bei der Qualit\u00e4t zu machen, lohnt es sich, die Angebote mehrerer Online-H\u00e4ndler zu vergleichen. Achten Sie auf Rabatte bei Gro\u00dfeink\u00e4ufen und saisonale Sonderangebote. Wenn Sie sich f\u00fcr den Newsletter eines Anbieters oder ein Treueprogramm anmelden, k\u00f6nnen Sie ebenfalls von exklusiven Angeboten profitieren. Denken Sie daran, dass der beste Preis eine Kombination aus Erschwinglichkeit, garantierter Reinheit und zuverl\u00e4ssigem Versand ist - so erhalten Sie einen echten Gegenwert f\u00fcr Ihr Geld.<\/span><\/p>\n<h3><b>Schlussfolgerung: Informiert einkaufen<\/b><\/h3>\n<p><span style=\"font-weight: 400;\"><strong>Thioharnstoff online bestellen<\/strong> ist ein intelligenter, effizienter Weg, um Ihren Bedarf an Chemikalien zuverl\u00e4ssig zu decken. Durch die \u00dcberpr\u00fcfung der Produktreinheit, die Auswahl seri\u00f6ser Lieferanten und die Einhaltung von Sicherheitsstandards k\u00f6nnen Sie sich Thioharnstoff in h\u00f6chster Qualit\u00e4t zu wettbewerbsf\u00e4higen Preisen sichern. Erkunden Sie noch heute vertrauensw\u00fcrdige Online-Marktpl\u00e4tze, um den besten Ort f\u00fcr den Kauf von Thioharnstoff zu finden und Ihre Projekte mit einer zuverl\u00e4ssigen, erstklassigen Chemikalie zu verbessern.<\/span><\/p>","protected":false},"excerpt":{"rendered":"<p><strong>Thioharnstoff (CH\u2084N\u2082S)<\/strong> ist eine wei\u00dfe, kristalline Verbindung, die f\u00fcr ihre Vielseitigkeit in der Industrie und im Labor bekannt ist. Thioharnstoff ist f\u00fcr seine einzigartigen Eigenschaften bekannt und dient als <strong>Reagenz in der chemischen Synthese<\/strong>, a <strong>Silber-Poliermittel<\/strong>und ein <strong>Beschleuniger in der Metallverarbeitung<\/strong>. Im Folgenden werden die wichtigsten Verwendungszwecke, Vorteile und Sicherheitsaspekte von Thioharnstoff erl\u00e4utert.<\/p>\n<p><strong>Synonym(e): Thioharnstoff, Sulfoharnstoff, Thiocarbamid<\/strong><br \/>\n<strong>Lineare Formel: NH2CSNH2<\/strong><br \/>\n<strong>CAS-Nr.:62-56-6<\/strong><br \/>\n<strong>Molekulargewicht:76.12<\/strong><br \/>\n<strong>EG-Nr.:200-543-5<\/strong><br \/>\n<strong>Beilstein Nr.:605327<\/strong><\/p>","protected":false},"featured_media":1378,"comment_status":"open","ping_status":"closed","template":"","meta":{"_kadence_starter_templates_imported_post":false,"_kad_post_transparent":"default","_kad_post_title":"","_kad_post_layout":"default","_kad_post_sidebar_id":"","_kad_post_content_style":"default","_kad_post_vertical_padding":"default","_kad_post_feature":"","_kad_post_feature_position":"","_kad_post_header":false,"_kad_post_footer":false,"_joinchat":[]},"product_brand":[],"product_cat":[48],"product_tag":[742,739,756,743,741,758,750,752,745,751,755,747,740,749,746,748,744,753,757,738,754],"class_list":{"0":"post-1293","1":"product","2":"type-product","3":"status-publish","4":"has-post-thumbnail","6":"product_cat-laboratory-reagents","7":"product_tag-bulk-thiourea-supplier","8":"product_tag-buy-thiourea","9":"product_tag-commercial-thiourea-supply","10":"product_tag-high-purity-thiourea","11":"product_tag-industrial-thiourea-supply","12":"product_tag-reliable-thiourea-supplier","13":"product_tag-thiourea-as-reducing-agent","14":"product_tag-thiourea-distributor","15":"product_tag-thiourea-for-chemical-manufacturing","16":"product_tag-thiourea-for-fertilizer-production","17":"product_tag-thiourea-for-industrial-applications","18":"product_tag-thiourea-for-metal-treatment","19":"product_tag-thiourea-for-sale","20":"product_tag-thiourea-for-textile-processing","21":"product_tag-thiourea-in-gold-extraction","22":"product_tag-thiourea-in-photography","23":"product_tag-thiourea-price-and-availability","24":"product_tag-thiourea-procurement","25":"product_tag-thiourea-safety-and-compliance","26":"product_tag-thiourea-supplier","27":"product_tag-where-to-buy-thiourea","29":"first","30":"instock","31":"shipping-taxable","32":"product-type-simple","33":"entry","34":"content-bg","35":"loop-entry"},"yoast_head":"<!-- This site is optimized with the Yoast SEO plugin v25.6 - https:\/\/yoast.com\/wordpress\/plugins\/seo\/ -->\n<title>Buy Thiourea Online - Thiourea for Sale<\/title>\n<meta name=\"description\" content=\"We are the leading store available with thiourea for sale. If you wish to buy thiourea online, contact us right away and get the order delivered. Order Now!\" \/>\n<meta name=\"robots\" content=\"index, follow, max-snippet:-1, max-image-preview:large, max-video-preview:-1\" \/>\n<link rel=\"canonical\" href=\"https:\/\/subszone.com\/de\/product\/thioharnstoff\/\" \/>\n<meta property=\"og:locale\" content=\"de_DE\" \/>\n<meta property=\"og:type\" content=\"article\" \/>\n<meta property=\"og:title\" content=\"Buy Thiourea Online - Thiourea for Sale\" \/>\n<meta property=\"og:description\" content=\"We are the leading store available with thiourea for sale. If you wish to buy thiourea online, contact us right away and get the order delivered. Order Now!\" \/>\n<meta property=\"og:url\" content=\"https:\/\/subszone.com\/de\/product\/thioharnstoff\/\" \/>\n<meta property=\"og:site_name\" content=\"SubsZone\" \/>\n<meta property=\"article:modified_time\" content=\"2025-06-06T10:48:27+00:00\" \/>\n<meta property=\"og:image\" content=\"https:\/\/subszone.com\/wp-content\/uploads\/2024\/10\/Thiourea-2-1.gif\" \/>\n\t<meta property=\"og:image:width\" content=\"600\" \/>\n\t<meta property=\"og:image:height\" content=\"600\" \/>\n\t<meta property=\"og:image:type\" content=\"image\/gif\" \/>\n<meta name=\"twitter:card\" content=\"summary_large_image\" \/>\n<meta name=\"twitter:label1\" content=\"Gesch\u00e4tzte Lesezeit\" \/>\n\t<meta name=\"twitter:data1\" content=\"3\u00a0Minuten\" \/>\n<script type=\"application\/ld+json\" class=\"yoast-schema-graph\">{\"@context\":\"https:\/\/schema.org\",\"@graph\":[{\"@type\":\"WebPage\",\"@id\":\"https:\/\/subszone.com\/product\/thiourea\/\",\"url\":\"https:\/\/subszone.com\/product\/thiourea\/\",\"name\":\"Buy Thiourea Online - Thiourea for Sale\",\"isPartOf\":{\"@id\":\"https:\/\/subszone.com\/#website\"},\"primaryImageOfPage\":{\"@id\":\"https:\/\/subszone.com\/product\/thiourea\/#primaryimage\"},\"image\":{\"@id\":\"https:\/\/subszone.com\/product\/thiourea\/#primaryimage\"},\"thumbnailUrl\":\"https:\/\/subszone.com\/wp-content\/uploads\/2024\/10\/Thiourea-2-1.gif\",\"datePublished\":\"2024-10-24T08:32:33+00:00\",\"dateModified\":\"2025-06-06T10:48:27+00:00\",\"description\":\"We are the leading store available with thiourea for sale. If you wish to buy thiourea online, contact us right away and get the order delivered. Order Now!\",\"breadcrumb\":{\"@id\":\"https:\/\/subszone.com\/product\/thiourea\/#breadcrumb\"},\"inLanguage\":\"de\",\"potentialAction\":[{\"@type\":\"ReadAction\",\"target\":[\"https:\/\/subszone.com\/product\/thiourea\/\"]}]},{\"@type\":\"ImageObject\",\"inLanguage\":\"de\",\"@id\":\"https:\/\/subszone.com\/product\/thiourea\/#primaryimage\",\"url\":\"https:\/\/subszone.com\/wp-content\/uploads\/2024\/10\/Thiourea-2-1.gif\",\"contentUrl\":\"https:\/\/subszone.com\/wp-content\/uploads\/2024\/10\/Thiourea-2-1.gif\",\"width\":600,\"height\":600,\"caption\":\"Buy Thiourea Online\"},{\"@type\":\"BreadcrumbList\",\"@id\":\"https:\/\/subszone.com\/product\/thiourea\/#breadcrumb\",\"itemListElement\":[{\"@type\":\"ListItem\",\"position\":1,\"name\":\"Home\",\"item\":\"https:\/\/subszone.com\/\"},{\"@type\":\"ListItem\",\"position\":2,\"name\":\"Shop\",\"item\":\"https:\/\/subszone.com\/shop\/\"},{\"@type\":\"ListItem\",\"position\":3,\"name\":\"Buy Thiourea Online\"}]},{\"@type\":\"WebSite\",\"@id\":\"https:\/\/subszone.com\/#website\",\"url\":\"https:\/\/subszone.com\/\",\"name\":\"SubsZone\",\"description\":\"My WordPress Blog\",\"publisher\":{\"@id\":\"https:\/\/subszone.com\/#organization\"},\"potentialAction\":[{\"@type\":\"SearchAction\",\"target\":{\"@type\":\"EntryPoint\",\"urlTemplate\":\"https:\/\/subszone.com\/?s={search_term_string}\"},\"query-input\":{\"@type\":\"PropertyValueSpecification\",\"valueRequired\":true,\"valueName\":\"search_term_string\"}}],\"inLanguage\":\"de\"},{\"@type\":\"Organization\",\"@id\":\"https:\/\/subszone.com\/#organization\",\"name\":\"SubsZone\",\"url\":\"https:\/\/subszone.com\/\",\"logo\":{\"@type\":\"ImageObject\",\"inLanguage\":\"de\",\"@id\":\"https:\/\/subszone.com\/#\/schema\/logo\/image\/\",\"url\":\"https:\/\/subszone.com\/wp-content\/uploads\/2024\/10\/logo.png\",\"contentUrl\":\"https:\/\/subszone.com\/wp-content\/uploads\/2024\/10\/logo.png\",\"width\":193,\"height\":50,\"caption\":\"SubsZone\"},\"image\":{\"@id\":\"https:\/\/subszone.com\/#\/schema\/logo\/image\/\"}}]}<\/script>\n<!-- \/ Yoast SEO plugin. -->","yoast_head_json":{"title":"Thioharnstoff online kaufen - Thioharnstoff zu verkaufen","description":"Wir sind das f\u00fchrende Gesch\u00e4ft, das Thioharnstoff zum Verkauf anbietet. Wenn Sie Thioharnstoff online kaufen m\u00f6chten, kontaktieren Sie uns sofort und lassen Sie sich die Bestellung liefern. Jetzt bestellen!","robots":{"index":"index","follow":"follow","max-snippet":"max-snippet:-1","max-image-preview":"max-image-preview:large","max-video-preview":"max-video-preview:-1"},"canonical":"https:\/\/subszone.com\/de\/product\/thioharnstoff\/","og_locale":"de_DE","og_type":"article","og_title":"Buy Thiourea Online - Thiourea for Sale","og_description":"We are the leading store available with thiourea for sale. If you wish to buy thiourea online, contact us right away and get the order delivered. Order Now!","og_url":"https:\/\/subszone.com\/de\/product\/thioharnstoff\/","og_site_name":"SubsZone","article_modified_time":"2025-06-06T10:48:27+00:00","og_image":[{"width":600,"height":600,"url":"https:\/\/subszone.com\/wp-content\/uploads\/2024\/10\/Thiourea-2-1.gif","type":"image\/gif"}],"twitter_card":"summary_large_image","twitter_misc":{"Gesch\u00e4tzte Lesezeit":"3\u00a0Minuten"},"schema":{"@context":"https:\/\/schema.org","@graph":[{"@type":"WebPage","@id":"https:\/\/subszone.com\/product\/thiourea\/","url":"https:\/\/subszone.com\/product\/thiourea\/","name":"Thioharnstoff online kaufen - Thioharnstoff zu verkaufen","isPartOf":{"@id":"https:\/\/subszone.com\/#website"},"primaryImageOfPage":{"@id":"https:\/\/subszone.com\/product\/thiourea\/#primaryimage"},"image":{"@id":"https:\/\/subszone.com\/product\/thiourea\/#primaryimage"},"thumbnailUrl":"https:\/\/subszone.com\/wp-content\/uploads\/2024\/10\/Thiourea-2-1.gif","datePublished":"2024-10-24T08:32:33+00:00","dateModified":"2025-06-06T10:48:27+00:00","description":"Wir sind das f\u00fchrende Gesch\u00e4ft, das Thioharnstoff zum Verkauf anbietet. Wenn Sie Thioharnstoff online kaufen m\u00f6chten, kontaktieren Sie uns sofort und lassen Sie sich die Bestellung liefern. Jetzt bestellen!","breadcrumb":{"@id":"https:\/\/subszone.com\/product\/thiourea\/#breadcrumb"},"inLanguage":"de","potentialAction":[{"@type":"ReadAction","target":["https:\/\/subszone.com\/product\/thiourea\/"]}]},{"@type":"ImageObject","inLanguage":"de","@id":"https:\/\/subszone.com\/product\/thiourea\/#primaryimage","url":"https:\/\/subszone.com\/wp-content\/uploads\/2024\/10\/Thiourea-2-1.gif","contentUrl":"https:\/\/subszone.com\/wp-content\/uploads\/2024\/10\/Thiourea-2-1.gif","width":600,"height":600,"caption":"Buy Thiourea Online"},{"@type":"BreadcrumbList","@id":"https:\/\/subszone.com\/product\/thiourea\/#breadcrumb","itemListElement":[{"@type":"ListItem","position":1,"name":"Home","item":"https:\/\/subszone.com\/"},{"@type":"ListItem","position":2,"name":"Shop","item":"https:\/\/subszone.com\/shop\/"},{"@type":"ListItem","position":3,"name":"Buy Thiourea Online"}]},{"@type":"WebSite","@id":"https:\/\/subszone.com\/#website","url":"https:\/\/subszone.com\/","name":"SubsZone","description":"Mein WordPress-Blog","publisher":{"@id":"https:\/\/subszone.com\/#organization"},"potentialAction":[{"@type":"SearchAction","target":{"@type":"EntryPoint","urlTemplate":"https:\/\/subszone.com\/?s={search_term_string}"},"query-input":{"@type":"PropertyValueSpecification","valueRequired":true,"valueName":"search_term_string"}}],"inLanguage":"de"},{"@type":"Organization","@id":"https:\/\/subszone.com\/#organization","name":"SubsZone","url":"https:\/\/subszone.com\/","logo":{"@type":"ImageObject","inLanguage":"de","@id":"https:\/\/subszone.com\/#\/schema\/logo\/image\/","url":"https:\/\/subszone.com\/wp-content\/uploads\/2024\/10\/logo.png","contentUrl":"https:\/\/subszone.com\/wp-content\/uploads\/2024\/10\/logo.png","width":193,"height":50,"caption":"SubsZone"},"image":{"@id":"https:\/\/subszone.com\/#\/schema\/logo\/image\/"}}]}},"_links":{"self":[{"href":"https:\/\/subszone.com\/de\/wp-json\/wp\/v2\/product\/1293","targetHints":{"allow":["GET"]}}],"collection":[{"href":"https:\/\/subszone.com\/de\/wp-json\/wp\/v2\/product"}],"about":[{"href":"https:\/\/subszone.com\/de\/wp-json\/wp\/v2\/types\/product"}],"replies":[{"embeddable":true,"href":"https:\/\/subszone.com\/de\/wp-json\/wp\/v2\/comments?post=1293"}],"wp:featuredmedia":[{"embeddable":true,"href":"https:\/\/subszone.com\/de\/wp-json\/wp\/v2\/media\/1378"}],"wp:attachment":[{"href":"https:\/\/subszone.com\/de\/wp-json\/wp\/v2\/media?parent=1293"}],"wp:term":[{"taxonomy":"product_brand","embeddable":true,"href":"https:\/\/subszone.com\/de\/wp-json\/wp\/v2\/product_brand?post=1293"},{"taxonomy":"product_cat","embeddable":true,"href":"https:\/\/subszone.com\/de\/wp-json\/wp\/v2\/product_cat?post=1293"},{"taxonomy":"product_tag","embeddable":true,"href":"https:\/\/subszone.com\/de\/wp-json\/wp\/v2\/product_tag?post=1293"}],"curies":[{"name":"wp","href":"https:\/\/api.w.org\/{rel}","templated":true}]}}