{"id":1611,"date":"2024-11-08T04:45:38","date_gmt":"2024-11-08T04:45:38","guid":{"rendered":"https:\/\/subszone.com\/?post_type=product&#038;p=1611"},"modified":"2025-05-31T05:36:44","modified_gmt":"2025-05-31T05:36:44","slug":"formaldehyd-2","status":"publish","type":"product","link":"https:\/\/subszone.com\/de\/product\/formaldehyd-2\/","title":{"rendered":"Formaldehyd online kaufen"},"content":{"rendered":"<h2><strong>Hoch<a href=\"https:\/\/legitchemicals.com\/de\/produkt\/5cabp-online-kaufen\/\">&#8211;<\/a>Qualit\u00e4ts-Formaldehyd f\u00fcr industrielle, chemische und Laboranwendungen <a href=\"https:\/\/subszone.com\/de\/product\/roter-phosphor\/\">-<\/a> Unterzone<\/strong><\/h2>\n<p><span style=\"font-weight: 400;\">Auf der Suche nach <\/span><a href=\"https:\/\/subszone.com\/de\/product\/formaldehyd-2\/\"><b>Formaldehyd online kaufen<\/b><\/a><span style=\"font-weight: 400;\"> von einer vertrauensw\u00fcrdigen Quelle? Unsere erstklassigen Formaldehydl\u00f6sungen sind so konzipiert, dass sie die strengen Anforderungen von Industrie-, Labor- und professionellen Anwendungen erf\u00fcllen. Ob Sie biologische Proben konservieren, Umgebungen desinfizieren oder fortschrittliche Forschung betreiben, unsere <\/span><b>Formaldehyd zu verkaufen<\/b><span style=\"font-weight: 400;\"> gew\u00e4hrleistet au\u00dfergew\u00f6hnliche Reinheit, Konformit\u00e4t und Zuverl\u00e4ssigkeit - alles zu einem <\/span><b>wettbewerbsf\u00e4higer, erschwinglicher Preis<\/b><span style=\"font-weight: 400;\">.<\/span><\/p>\n<h3><b>Was ist Formaldehyd?<\/b><\/h3>\n<p><span style=\"font-weight: 400;\">Formaldehyd ist ein farbloses, brennbares Gas mit stechendem Geruch, das normalerweise in Form einer w\u00e4ssrigen L\u00f6sung (Formalin) vorliegt. Es wird wegen seiner starken desinfizierenden, konservierenden und chemisch reaktiven Eigenschaften h\u00e4ufig verwendet. Als kritische Verbindung in verschiedenen Sektoren spielt es sowohl in der industriellen Fertigung als auch im Labor eine wichtige Rolle.<\/span><\/p>\n<h3><b>Gemeinsame Anwendungen in verschiedenen Branchen<\/b><\/h3>\n<ul>\n<li style=\"font-weight: 400;\" aria-level=\"1\"><b>Medizinische und biologische Laboratorien<\/b><span style=\"font-weight: 400;\"> - Gewebekonservierung, Pathologie und Desinfektion<\/span><span style=\"font-weight: 400;\">\n<p><\/span><\/li>\n<li style=\"font-weight: 400;\" aria-level=\"1\"><b>Chemische Produktion<\/b><span style=\"font-weight: 400;\"> - Harze, Kunststoffe und Klebstoffe<\/span><span style=\"font-weight: 400;\">\n<p><\/span><\/li>\n<li style=\"font-weight: 400;\" aria-level=\"1\"><b>Landwirtschaft und Veterin\u00e4rmedizin<\/b><span style=\"font-weight: 400;\"> - Ausr\u00e4ucherung und Hygiene<\/span><span style=\"font-weight: 400;\">\n<p><\/span><\/li>\n<li style=\"font-weight: 400;\" aria-level=\"1\"><b>Bildung und Forschung<\/b><span style=\"font-weight: 400;\"> - Probenlagerung und chemische Synthese<\/span><span style=\"font-weight: 400;\">\n<p><\/span><\/li>\n<li style=\"font-weight: 400;\" aria-level=\"1\"><b>Textil- und Papierverarbeitung<\/b><span style=\"font-weight: 400;\"> - Verst\u00e4rkungs- und Behandlungsverfahren<\/span><span style=\"font-weight: 400;\">\n<p><\/span><\/li>\n<\/ul>\n<h3><b>Zum Verst\u00e4ndnis der Formaldehyd-Gehalte<\/b><\/h3>\n<h4><b>Laborqualit\u00e4t<\/b><\/h4>\n<p><span style=\"font-weight: 400;\">Ideal f\u00fcr akademische, diagnostische und experimentelle Zwecke, bei denen Pr\u00e4zision und Konsistenz von gr\u00f6\u00dfter Bedeutung sind. Unser Formaldehyd in Laborqualit\u00e4t bietet eine Konzentration von \u226537% und strenge Qualit\u00e4tskontrollen.<\/span><\/p>\n<h4><b>Industrietauglich<\/b><\/h4>\n<p><span style=\"font-weight: 400;\">Wird in gro\u00df angelegten Herstellungs- und Verarbeitungsprozessen verwendet. Formaldehyd in Industriequalit\u00e4t ist f\u00fcr die Leistung in der chemischen Produktion und f\u00fcr strukturelle Anwendungen optimiert.<\/span><\/p>\n<h4><b>Gewerbliche und private Nutzung<\/b><\/h4>\n<p><span style=\"font-weight: 400;\">Niedrigere Konzentrationen f\u00fcr spezielle kommerzielle Zwecke, oft in streng regulierten Zusammenh\u00e4ngen wie Desinfektionsmittel oder Balsamierungsmittel (nur zugelassene Verwendung).<\/span><\/p>\n<h3><b>Rechtliche und regulatorische Erw\u00e4gungen<\/b><\/h3>\n<h4><b>Regionale Beschr\u00e4nkungen und Lizenzvergabe<\/b><\/h4>\n<p><span style=\"font-weight: 400;\">Formaldehyd ist aufgrund seiner Gef\u00e4hrlichkeit in vielen L\u00e4ndern ein regulierter Stoff. Wir stellen sicher, dass die lokalen, staatlichen und internationalen Vorschriften vollst\u00e4ndig eingehalten werden. <\/span><b>Von den Kunden kann verlangt werden, dass sie entsprechende Unterlagen oder Lizenzen vorlegen.<\/b><\/p>\n<h4><b>Vorschriften f\u00fcr Versand und Lagerung<\/b><\/h4>\n<p><span style=\"font-weight: 400;\">Da es sich bei Formaldehyd um ein gef\u00e4hrliches Material handelt, muss es mit zertifizierten Gefahrgutkurieren versandt werden. Alle Bestellungen werden gem\u00e4\u00df den Sicherheits- und Compliance-Protokollen verpackt, um eine legale und sichere Lieferung zu gew\u00e4hrleisten.<\/span><\/p>\n<h3><b>Risiken und Sicherheitsinformationen<\/b><\/h3>\n<h4><b>Gesundheitsgef\u00e4hrdungen und Expositionsbedenken<\/b><\/h4>\n<p><span style=\"font-weight: 400;\">L\u00e4ngerer Kontakt mit Formaldehydd\u00e4mpfen kann zu Reizungen der Atemwege, Augenbeschwerden und allergischen Reaktionen f\u00fchren. Immer in einem gut bel\u00fcfteten Bereich oder Abzug verwenden und direkten Kontakt vermeiden.<\/span><\/p>\n<h4><b>Richtige Handhabung und Lagerung<\/b><\/h4>\n<ul>\n<li style=\"font-weight: 400;\" aria-level=\"1\"><span style=\"font-weight: 400;\">An einem k\u00fchlen, trockenen und gut bel\u00fcfteten Ort aufbewahren<\/span><span style=\"font-weight: 400;\">\n<p><\/span><\/li>\n<li style=\"font-weight: 400;\" aria-level=\"1\"><span style=\"font-weight: 400;\">Verwenden Sie geeignete PSA (Handschuhe, Schutzbrillen, Masken)<\/span><span style=\"font-weight: 400;\">\n<p><\/span><\/li>\n<li style=\"font-weight: 400;\" aria-level=\"1\"><span style=\"font-weight: 400;\">Vermeiden Sie offene Flammen und W\u00e4rmequellen<\/span><span style=\"font-weight: 400;\">\n<p><\/span><\/li>\n<li style=\"font-weight: 400;\" aria-level=\"1\"><span style=\"font-weight: 400;\">Gem\u00e4\u00df den \u00f6rtlichen Richtlinien f\u00fcr gef\u00e4hrliche Abf\u00e4lle entsorgen<\/span><span style=\"font-weight: 400;\">\n<p><\/span><\/li>\n<\/ul>\n<h3><b>Wo kann man Formaldehyd online kaufen?<\/b><\/h3>\n<h4><b>Bewertung der Glaubw\u00fcrdigkeit von Lieferanten<\/b><\/h4>\n<p><span style=\"font-weight: 400;\">W\u00e4hlen Sie Lieferanten mit:<\/span><\/p>\n<ul>\n<li style=\"font-weight: 400;\" aria-level=\"1\"><span style=\"font-weight: 400;\">Positive Kundenrezensionen<\/span><span style=\"font-weight: 400;\">\n<p><\/span><\/li>\n<li style=\"font-weight: 400;\" aria-level=\"1\"><span style=\"font-weight: 400;\">Gepr\u00fcfte Unterlagen zur Einhaltung der Vorschriften<\/span><span style=\"font-weight: 400;\">\n<p><\/span><\/li>\n<li style=\"font-weight: 400;\" aria-level=\"1\"><span style=\"font-weight: 400;\">Transparente chemische Spezifikationen (COAs, SDS)<\/span><span style=\"font-weight: 400;\">\n<p><\/span><\/li>\n<\/ul>\n<h4><b>Zertifizierungen und Qualit\u00e4tssicherung<\/b><\/h4>\n<p><span style=\"font-weight: 400;\">Unsere Produkte sind:<\/span><\/p>\n<ul>\n<li style=\"font-weight: 400;\" aria-level=\"1\"><span style=\"font-weight: 400;\">ISO-konform<\/span><span style=\"font-weight: 400;\">\n<p><\/span><\/li>\n<li style=\"font-weight: 400;\" aria-level=\"1\"><span style=\"font-weight: 400;\">Begleitet von einem Analysezertifikat (COA)<\/span><span style=\"font-weight: 400;\">\n<p><\/span><\/li>\n<li style=\"font-weight: 400;\" aria-level=\"1\"><span style=\"font-weight: 400;\">Streng gepr\u00fcft auf Reinheit und Konzentration<\/span><span style=\"font-weight: 400;\">\n<p><\/span><\/li>\n<\/ul>\n<h3><b>Schlussfolgerung: Kaufen Sie mit Zuversicht<\/b><\/h3>\n<p><span style=\"font-weight: 400;\">Wenn Sie auf der Suche nach dem <\/span><b>bester Ort f\u00fcr <a href=\"https:\/\/en.wikipedia.org\/wiki\/Formaldehyde\">Formaldehyd online kaufen<\/a><\/b><span style=\"font-weight: 400;\">dann suchen Sie nicht weiter. Wir kombinieren <\/span><b>Qualit\u00e4t nach Industriestandard<\/b><span style=\"font-weight: 400;\">, <\/span><b>sichere Lieferung<\/b><span style=\"font-weight: 400;\">und <\/span><b>au\u00dfergew\u00f6hnliche Kundenbetreuung<\/b><span style=\"font-weight: 400;\"> um Ihnen ein nahtloses und vertrauensw\u00fcrdiges Erlebnis zu bieten.<\/span><\/p>\n<p><b>Optionen f\u00fcr Massenpreise<\/b><b><br \/>\n<\/b><b>Schneller, diskreter Versand<\/b><b><br \/>\n<\/b><b>Fachkundige Unterst\u00fctzung f\u00fcr regulierte K\u00e4ufer<\/b><\/p>\n<p><b>Formaldehyd heute online bestellen<\/b><span style=\"font-weight: 400;\"> und erhalten Sie die zuverl\u00e4ssigen chemischen L\u00f6sungen, die Ihr Projekt erfordert - und das zu einem <\/span><b>billiger Formaldehydpreis<\/b><span style=\"font-weight: 400;\"> ohne Abstriche bei der Sicherheit oder Leistung.<\/span><\/p>","protected":false},"excerpt":{"rendered":"<div class=\"flex-shrink-0 flex flex-col relative items-end\">\n<div>\n<div class=\"pt-0\">\n<div class=\"gizmo-bot-avatar flex h-8 w-8 items-center justify-center overflow-hidden rounded-full\">\n<div class=\"relative p-1 rounded-sm flex items-center justify-center bg-token-main-surface-primary text-token-text-primary h-8 w-8\"><strong>Formaldehyd<\/strong> ist ein farbloses, stechendes Gas mit der chemischen Formel CH\u2082O. Es ist einer der einfachsten Aldehyde und kommt h\u00e4ufig sowohl in gasf\u00f6rmiger als auch in w\u00e4ssriger Form vor. Aufgrund seiner Reaktivit\u00e4t und seiner F\u00e4higkeit zur Polymerisation wird Formaldehyd in verschiedenen Industriezweigen verwendet.<\/div>\n<\/div>\n<\/div>\n<\/div>\n<\/div>\n<div class=\"group\/conversation-turn relative flex w-full min-w-0 flex-col agent-turn\">\n<div class=\"flex-col gap-1 md:gap-3\">\n<div class=\"flex max-w-full flex-col flex-grow\">\n<div class=\"min-h-8 text-message flex w-full flex-col items-end gap-2 whitespace-normal break-words [.text-message+&amp;]:mt-5\" dir=\"auto\" data-message-author-role=\"assistant\" data-message-id=\"f8a1ce12-7830-4578-ac34-e232b3e232a1\" data-message-model-slug=\"gpt-4o-mini\">\n<div class=\"flex w-full flex-col gap-1 empty:hidden first:pt-[3px]\">\n<div class=\"markdown prose w-full break-words dark:prose-invert light\">\n<ul>\n<li><strong>Chemische Formel<\/strong>: CH\u2082O<\/li>\n<li><strong>Molekulargewicht<\/strong>: 30,03 g\/mol<\/li>\n<li><strong>Siedepunkt<\/strong>: -19 \u00b0C (-2 \u00b0F) f\u00fcr das Gas; etwa 37 \u00b0C (98,6 \u00b0F) f\u00fcr Formalin (w\u00e4ssrige L\u00f6sung).<\/li>\n<li><strong>L\u00f6slichkeit<\/strong>: Sehr gut l\u00f6slich in Wasser, Alkohol und Ether.<\/li>\n<\/ul>\n<\/div>\n<\/div>\n<\/div>\n<\/div>\n<\/div>\n<\/div>","protected":false},"featured_media":1461,"comment_status":"open","ping_status":"closed","template":"","meta":{"_kadence_starter_templates_imported_post":false,"_kad_post_transparent":"default","_kad_post_title":"","_kad_post_layout":"default","_kad_post_sidebar_id":"","_kad_post_content_style":"default","_kad_post_vertical_padding":"default","_kad_post_feature":"","_kad_post_feature_position":"","_kad_post_header":false,"_kad_post_footer":false,"_joinchat":[]},"product_brand":[],"product_cat":[59],"product_tag":[606,603,619,618,614,611,613,609,617,604,610,612,608,615,620,602,607,605,621,616],"class_list":{"0":"post-1611","1":"product","2":"type-product","3":"status-publish","4":"has-post-thumbnail","6":"product_cat-chemical-manufacturing-and-synthesis","7":"product_tag-bulk-formaldehyde-supplier","8":"product_tag-buy-formaldehyde","9":"product_tag-commercial-formaldehyde-supply","10":"product_tag-formaldehyde-as-preservative","11":"product_tag-formaldehyde-distributor","12":"product_tag-formaldehyde-for-adhesives-and-resins","13":"product_tag-formaldehyde-for-building-materials","14":"product_tag-formaldehyde-for-chemical-manufacturing","15":"product_tag-formaldehyde-for-laboratory-use","16":"product_tag-formaldehyde-for-sale","17":"product_tag-formaldehyde-for-wood-products","18":"product_tag-formaldehyde-in-textile-industry","19":"product_tag-formaldehyde-price-and-availability","20":"product_tag-formaldehyde-procurement","21":"product_tag-formaldehyde-safety-and-compliance","22":"product_tag-formaldehyde-supplier","23":"product_tag-high-purity-formaldehyde","24":"product_tag-industrial-formaldehyde-supply","25":"product_tag-reliable-formaldehyde-supplier","26":"product_tag-where-to-buy-formaldehyde","28":"first","29":"instock","30":"shipping-taxable","31":"product-type-simple","32":"entry","33":"content-bg","34":"loop-entry"},"yoast_head":"<!-- This site is optimized with the Yoast SEO plugin v25.6 - https:\/\/yoast.com\/wordpress\/plugins\/seo\/ -->\n<title>Buy Formaldehyde Online - Formaldehyde for Sale<\/title>\n<meta name=\"description\" content=\"Where to buy formaldehyde online at the best price? Find high-quality formaldehyde for sale at our secure online store, catering to your research requirements. Order Now!\" \/>\n<meta name=\"robots\" content=\"index, follow, max-snippet:-1, max-image-preview:large, max-video-preview:-1\" \/>\n<link rel=\"canonical\" href=\"https:\/\/subszone.com\/de\/product\/formaldehyd-2\/\" \/>\n<meta property=\"og:locale\" content=\"de_DE\" \/>\n<meta property=\"og:type\" content=\"article\" \/>\n<meta property=\"og:title\" content=\"Buy Formaldehyde Online - Formaldehyde for Sale\" \/>\n<meta property=\"og:description\" content=\"Where to buy formaldehyde online at the best price? Find high-quality formaldehyde for sale at our secure online store, catering to your research requirements. Order Now!\" \/>\n<meta property=\"og:url\" content=\"https:\/\/subszone.com\/de\/product\/formaldehyd-2\/\" \/>\n<meta property=\"og:site_name\" content=\"SubsZone\" \/>\n<meta property=\"article:modified_time\" content=\"2025-05-31T05:36:44+00:00\" \/>\n<meta property=\"og:image\" content=\"https:\/\/subszone.com\/wp-content\/uploads\/2024\/10\/b8fa0656-edf6-4030-a8c0-58ab6e2b579f.webp\" \/>\n\t<meta property=\"og:image:width\" content=\"1024\" \/>\n\t<meta property=\"og:image:height\" content=\"1024\" \/>\n\t<meta property=\"og:image:type\" content=\"image\/webp\" \/>\n<meta name=\"twitter:card\" content=\"summary_large_image\" \/>\n<meta name=\"twitter:label1\" content=\"Gesch\u00e4tzte Lesezeit\" \/>\n\t<meta name=\"twitter:data1\" content=\"3\u00a0Minuten\" \/>\n<script type=\"application\/ld+json\" class=\"yoast-schema-graph\">{\"@context\":\"https:\/\/schema.org\",\"@graph\":[{\"@type\":\"WebPage\",\"@id\":\"https:\/\/subszone.com\/product\/formaldehyde-2\/\",\"url\":\"https:\/\/subszone.com\/product\/formaldehyde-2\/\",\"name\":\"Buy Formaldehyde Online - Formaldehyde for Sale\",\"isPartOf\":{\"@id\":\"https:\/\/subszone.com\/#website\"},\"primaryImageOfPage\":{\"@id\":\"https:\/\/subszone.com\/product\/formaldehyde-2\/#primaryimage\"},\"image\":{\"@id\":\"https:\/\/subszone.com\/product\/formaldehyde-2\/#primaryimage\"},\"thumbnailUrl\":\"https:\/\/subszone.com\/wp-content\/uploads\/2024\/10\/b8fa0656-edf6-4030-a8c0-58ab6e2b579f.webp\",\"datePublished\":\"2024-11-08T04:45:38+00:00\",\"dateModified\":\"2025-05-31T05:36:44+00:00\",\"description\":\"Where to buy formaldehyde online at the best price? Find high-quality formaldehyde for sale at our secure online store, catering to your research requirements. Order Now!\",\"breadcrumb\":{\"@id\":\"https:\/\/subszone.com\/product\/formaldehyde-2\/#breadcrumb\"},\"inLanguage\":\"de\",\"potentialAction\":[{\"@type\":\"ReadAction\",\"target\":[\"https:\/\/subszone.com\/product\/formaldehyde-2\/\"]}]},{\"@type\":\"ImageObject\",\"inLanguage\":\"de\",\"@id\":\"https:\/\/subszone.com\/product\/formaldehyde-2\/#primaryimage\",\"url\":\"https:\/\/subszone.com\/wp-content\/uploads\/2024\/10\/b8fa0656-edf6-4030-a8c0-58ab6e2b579f.webp\",\"contentUrl\":\"https:\/\/subszone.com\/wp-content\/uploads\/2024\/10\/b8fa0656-edf6-4030-a8c0-58ab6e2b579f.webp\",\"width\":1024,\"height\":1024,\"caption\":\"Buy Formaldehyde Online\"},{\"@type\":\"BreadcrumbList\",\"@id\":\"https:\/\/subszone.com\/product\/formaldehyde-2\/#breadcrumb\",\"itemListElement\":[{\"@type\":\"ListItem\",\"position\":1,\"name\":\"Home\",\"item\":\"https:\/\/subszone.com\/\"},{\"@type\":\"ListItem\",\"position\":2,\"name\":\"Shop\",\"item\":\"https:\/\/subszone.com\/shop\/\"},{\"@type\":\"ListItem\",\"position\":3,\"name\":\"Buy Formaldehyde Online\"}]},{\"@type\":\"WebSite\",\"@id\":\"https:\/\/subszone.com\/#website\",\"url\":\"https:\/\/subszone.com\/\",\"name\":\"SubsZone\",\"description\":\"My WordPress Blog\",\"publisher\":{\"@id\":\"https:\/\/subszone.com\/#organization\"},\"potentialAction\":[{\"@type\":\"SearchAction\",\"target\":{\"@type\":\"EntryPoint\",\"urlTemplate\":\"https:\/\/subszone.com\/?s={search_term_string}\"},\"query-input\":{\"@type\":\"PropertyValueSpecification\",\"valueRequired\":true,\"valueName\":\"search_term_string\"}}],\"inLanguage\":\"de\"},{\"@type\":\"Organization\",\"@id\":\"https:\/\/subszone.com\/#organization\",\"name\":\"SubsZone\",\"url\":\"https:\/\/subszone.com\/\",\"logo\":{\"@type\":\"ImageObject\",\"inLanguage\":\"de\",\"@id\":\"https:\/\/subszone.com\/#\/schema\/logo\/image\/\",\"url\":\"https:\/\/subszone.com\/wp-content\/uploads\/2024\/10\/logo.png\",\"contentUrl\":\"https:\/\/subszone.com\/wp-content\/uploads\/2024\/10\/logo.png\",\"width\":193,\"height\":50,\"caption\":\"SubsZone\"},\"image\":{\"@id\":\"https:\/\/subszone.com\/#\/schema\/logo\/image\/\"}}]}<\/script>\n<!-- \/ Yoast SEO plugin. -->","yoast_head_json":{"title":"Formaldehyd online kaufen - Formaldehyd zu verkaufen","description":"Wo kann man Formaldehyd zum besten Preis online kaufen? Finden Sie hochwertiges Formaldehyd zum Verkauf in unserem sicheren Online-Shop, der Ihre Forschungsanforderungen erf\u00fcllt. Jetzt bestellen!","robots":{"index":"index","follow":"follow","max-snippet":"max-snippet:-1","max-image-preview":"max-image-preview:large","max-video-preview":"max-video-preview:-1"},"canonical":"https:\/\/subszone.com\/de\/product\/formaldehyd-2\/","og_locale":"de_DE","og_type":"article","og_title":"Buy Formaldehyde Online - Formaldehyde for Sale","og_description":"Where to buy formaldehyde online at the best price? Find high-quality formaldehyde for sale at our secure online store, catering to your research requirements. Order Now!","og_url":"https:\/\/subszone.com\/de\/product\/formaldehyd-2\/","og_site_name":"SubsZone","article_modified_time":"2025-05-31T05:36:44+00:00","og_image":[{"width":1024,"height":1024,"url":"https:\/\/subszone.com\/wp-content\/uploads\/2024\/10\/b8fa0656-edf6-4030-a8c0-58ab6e2b579f.webp","type":"image\/webp"}],"twitter_card":"summary_large_image","twitter_misc":{"Gesch\u00e4tzte Lesezeit":"3\u00a0Minuten"},"schema":{"@context":"https:\/\/schema.org","@graph":[{"@type":"WebPage","@id":"https:\/\/subszone.com\/product\/formaldehyde-2\/","url":"https:\/\/subszone.com\/product\/formaldehyde-2\/","name":"Formaldehyd online kaufen - Formaldehyd zu verkaufen","isPartOf":{"@id":"https:\/\/subszone.com\/#website"},"primaryImageOfPage":{"@id":"https:\/\/subszone.com\/product\/formaldehyde-2\/#primaryimage"},"image":{"@id":"https:\/\/subszone.com\/product\/formaldehyde-2\/#primaryimage"},"thumbnailUrl":"https:\/\/subszone.com\/wp-content\/uploads\/2024\/10\/b8fa0656-edf6-4030-a8c0-58ab6e2b579f.webp","datePublished":"2024-11-08T04:45:38+00:00","dateModified":"2025-05-31T05:36:44+00:00","description":"Wo kann man Formaldehyd zum besten Preis online kaufen? Finden Sie hochwertiges Formaldehyd zum Verkauf in unserem sicheren Online-Shop, der Ihre Forschungsanforderungen erf\u00fcllt. Jetzt bestellen!","breadcrumb":{"@id":"https:\/\/subszone.com\/product\/formaldehyde-2\/#breadcrumb"},"inLanguage":"de","potentialAction":[{"@type":"ReadAction","target":["https:\/\/subszone.com\/product\/formaldehyde-2\/"]}]},{"@type":"ImageObject","inLanguage":"de","@id":"https:\/\/subszone.com\/product\/formaldehyde-2\/#primaryimage","url":"https:\/\/subszone.com\/wp-content\/uploads\/2024\/10\/b8fa0656-edf6-4030-a8c0-58ab6e2b579f.webp","contentUrl":"https:\/\/subszone.com\/wp-content\/uploads\/2024\/10\/b8fa0656-edf6-4030-a8c0-58ab6e2b579f.webp","width":1024,"height":1024,"caption":"Buy Formaldehyde Online"},{"@type":"BreadcrumbList","@id":"https:\/\/subszone.com\/product\/formaldehyde-2\/#breadcrumb","itemListElement":[{"@type":"ListItem","position":1,"name":"Home","item":"https:\/\/subszone.com\/"},{"@type":"ListItem","position":2,"name":"Shop","item":"https:\/\/subszone.com\/shop\/"},{"@type":"ListItem","position":3,"name":"Buy Formaldehyde Online"}]},{"@type":"WebSite","@id":"https:\/\/subszone.com\/#website","url":"https:\/\/subszone.com\/","name":"SubsZone","description":"Mein WordPress-Blog","publisher":{"@id":"https:\/\/subszone.com\/#organization"},"potentialAction":[{"@type":"SearchAction","target":{"@type":"EntryPoint","urlTemplate":"https:\/\/subszone.com\/?s={search_term_string}"},"query-input":{"@type":"PropertyValueSpecification","valueRequired":true,"valueName":"search_term_string"}}],"inLanguage":"de"},{"@type":"Organization","@id":"https:\/\/subszone.com\/#organization","name":"SubsZone","url":"https:\/\/subszone.com\/","logo":{"@type":"ImageObject","inLanguage":"de","@id":"https:\/\/subszone.com\/#\/schema\/logo\/image\/","url":"https:\/\/subszone.com\/wp-content\/uploads\/2024\/10\/logo.png","contentUrl":"https:\/\/subszone.com\/wp-content\/uploads\/2024\/10\/logo.png","width":193,"height":50,"caption":"SubsZone"},"image":{"@id":"https:\/\/subszone.com\/#\/schema\/logo\/image\/"}}]}},"_links":{"self":[{"href":"https:\/\/subszone.com\/de\/wp-json\/wp\/v2\/product\/1611","targetHints":{"allow":["GET"]}}],"collection":[{"href":"https:\/\/subszone.com\/de\/wp-json\/wp\/v2\/product"}],"about":[{"href":"https:\/\/subszone.com\/de\/wp-json\/wp\/v2\/types\/product"}],"replies":[{"embeddable":true,"href":"https:\/\/subszone.com\/de\/wp-json\/wp\/v2\/comments?post=1611"}],"wp:featuredmedia":[{"embeddable":true,"href":"https:\/\/subszone.com\/de\/wp-json\/wp\/v2\/media\/1461"}],"wp:attachment":[{"href":"https:\/\/subszone.com\/de\/wp-json\/wp\/v2\/media?parent=1611"}],"wp:term":[{"taxonomy":"product_brand","embeddable":true,"href":"https:\/\/subszone.com\/de\/wp-json\/wp\/v2\/product_brand?post=1611"},{"taxonomy":"product_cat","embeddable":true,"href":"https:\/\/subszone.com\/de\/wp-json\/wp\/v2\/product_cat?post=1611"},{"taxonomy":"product_tag","embeddable":true,"href":"https:\/\/subszone.com\/de\/wp-json\/wp\/v2\/product_tag?post=1611"}],"curies":[{"name":"wp","href":"https:\/\/api.w.org\/{rel}","templated":true}]}}