{"id":1617,"date":"2024-11-08T04:54:06","date_gmt":"2024-11-08T04:54:06","guid":{"rendered":"https:\/\/subszone.com\/?post_type=product&#038;p=1617"},"modified":"2025-02-20T07:41:30","modified_gmt":"2025-02-20T07:41:30","slug":"methylethylketon-mek-2","status":"publish","type":"product","link":"https:\/\/subszone.com\/de\/product\/methylethylketon-mek-2\/","title":{"rendered":"Methylethylketon (MEK) online kaufen"},"content":{"rendered":"<h2><strong>Methylethylketon (MEK)<a href=\"https:\/\/chemicopro.com\/product\/phosphorus-trichloride\/\">:<\/a> Unverzichtbares L\u00f6sungsmittel f\u00fcr Industrie-, Labor- und Chemieanwendungen<\/strong><\/h2>\n<p><a href=\"https:\/\/subszone.com\/de\/product\/methylethylketon-mek-2\/\"><strong>Methylethylketon (MEK)<\/strong><\/a>, auch bekannt als <strong>Butanon (C\u2084H\u2088O)<\/strong>ist eine farblose, fl\u00fcchtige Fl\u00fcssigkeit mit einem scharfen, s\u00fc\u00dflichen Geruch. MEK ist bekannt f\u00fcr seine hohe L\u00f6slichkeit und schnelle Verdampfungsrate und wird h\u00e4ufig verwendet in <strong>chemische Produktion<\/strong>, <strong>Farben und Beschichtungen<\/strong>, <strong>Klebstoffe<\/strong>und <strong>Laboreinstellungen<\/strong>. Im Folgenden finden Sie einen detaillierten \u00dcberblick \u00fcber die wichtigsten Verwendungszwecke, Vorteile und Sicherheitsaspekte von MEK. <a href=\"https:\/\/subszone.com\/de\/\"><strong>Unterzone.de<\/strong><\/a><\/p>\n<h3>Wichtige Anwendungen von Methylethylketon (MEK)<\/h3>\n<ol>\n<li><strong>Farben, Beschichtungen und Druckfarben<\/strong>\n<ul>\n<li><strong>Schl\u00fcsselw\u00f6rter<\/strong>: <a href=\"https:\/\/en.wikipedia.org\/?title=Methyl_ethyl_ketone&amp;redirect=no\">Methylethylketon<\/a> in Farben, MEK f\u00fcr Beschichtungen, MEK-L\u00f6sungsmittel f\u00fcr die Tintenherstellung<\/li>\n<\/ul>\n<p>MEK wird \u00fcblicherweise verwendet als <strong>L\u00f6sungsmittel<\/strong> in <strong>malt<\/strong>, <strong>Beschichtungen<\/strong>und <strong>Drucktinten<\/strong> aufgrund seiner F\u00e4higkeit, Harze aufzul\u00f6sen, den Fluss zu verbessern und eine reibungslose Anwendung zu gew\u00e4hrleisten. Seine schnelle Verdunstungsrate tr\u00e4gt dazu bei, dass Farben und Beschichtungen schnell trocknen, was es ideal f\u00fcr industrielle und gewerbliche Anwendungen macht, bei denen Effizienz entscheidend ist.<\/li>\n<li><strong>Klebstoffe und Dichtungsmittel<\/strong>\n<ul>\n<li><strong>Schl\u00fcsselw\u00f6rter<\/strong>: MEK-L\u00f6sungsmittel f\u00fcr Klebstoffe, MEK in Dichtungsmitteln, Methylethylketon zum Verkleben<\/li>\n<\/ul>\n<p>Bei der Herstellung von <strong>Klebstoffe<\/strong> und <strong>Dichtungsmittel<\/strong>MEK ist ein wirksames L\u00f6sungsmittel f\u00fcr verschiedene Polymere, das eine schnelle und effektive Verklebung von Klebstoffen erm\u00f6glicht. Die Eigenschaften von MEK machen es in Branchen wie dem Baugewerbe und der Automobilindustrie wertvoll, wo starke und zuverl\u00e4ssige Klebemittel unerl\u00e4sslich sind.<\/li>\n<li><strong>Chemische Herstellung und Synthese<\/strong>\n<ul>\n<li><strong>Schl\u00fcsselw\u00f6rter<\/strong>: Methylethylketon in der chemischen Synthese, MEK-Reagenz, MEK f\u00fcr industrielle Anwendungen<\/li>\n<\/ul>\n<p>MEK wird h\u00e4ufig als Mittel zur <strong>L\u00f6sungsmittel<\/strong> und <strong>Zwischenbericht<\/strong> in der chemischen Produktion. Seine F\u00e4higkeit, organische Verbindungen aufzul\u00f6sen, macht es wertvoll f\u00fcr die Synthese anderer Chemikalien, einschlie\u00dflich Pharmazeutika, Kunststoffe und Spezialchemikalien, und unterst\u00fctzt die effiziente Produktion in gro\u00dfindustriellen Anlagen.<\/li>\n<li><strong>Entfettung und Reinigung<\/strong>\n<ul>\n<li><strong>Schl\u00fcsselw\u00f6rter<\/strong>: MEK zur Entfettung, Methylethylketon Industriereiniger, MEK zur Reinigung von Ger\u00e4ten<\/li>\n<\/ul>\n<p>MEK ist ein starkes <strong>Entfettungsmittel<\/strong> und <strong>Reinigungsmittel<\/strong> f\u00fcr Industrieanlagen und Metalloberfl\u00e4chen. Es entfernt \u00d6le, Fette und andere Verunreinigungen von Maschinen und Werkzeugen und tr\u00e4gt so zu einer optimalen Leistung in der Fertigungs-, Automobil- und Luftfahrtindustrie bei.<\/li>\n<li><strong>Labor-L\u00f6sungsmittel<\/strong>\n<ul>\n<li><strong>Schl\u00fcsselw\u00f6rter<\/strong>: MEK-Laborl\u00f6sungsmittel, MEK-Reagenz, MEK f\u00fcr die analytische Forschung<\/li>\n<\/ul>\n<p>In Laboratorien wird MEK als Mittel zur <strong>L\u00f6sungsmittel<\/strong> in verschiedenen analytischen und experimentellen Verfahren. Seine Kompatibilit\u00e4t mit vielen organischen Verbindungen macht es ideal f\u00fcr <strong>Probenvorbereitung<\/strong> und <strong>Chromatographie<\/strong> Anwendungen, bei denen es auf Reinheit und schnelle Verdampfung ankommt.<\/li>\n<\/ol>\n<h3>Vorteile der Verwendung von Methylethylketon (MEK)<\/h3>\n<ul>\n<li><strong>Hohe Solvenzleistung<\/strong>: MEK l\u00f6st effektiv eine Vielzahl von Harzen, \u00d6len und Fetten und ist daher in allen Branchen vielseitig einsetzbar.<\/li>\n<li><strong>Schnelle Verdunstung<\/strong>: Die schnelle Trocknungszeit von MEK ist ideal f\u00fcr Anwendungen, bei denen es auf Effizienz ankommt, wie z. B. beim Trocknen von Farben und beim Verkleben von Klebstoffen.<\/li>\n<li><strong>Vielf\u00e4ltige Anwendungen<\/strong>: MEK wird in folgenden Industriezweigen verwendet <strong>chemische Produktion<\/strong> zu <strong>Metallreinigung<\/strong> und <strong>Klebstoffherstellung<\/strong>und unterstreicht damit seine Anpassungsf\u00e4higkeit.<\/li>\n<\/ul>\n<h3>Sicherheit und Handhabung von Methylethylketon<\/h3>\n<p>Aufgrund der Entflammbarkeit von MEK und m\u00f6glicher Gesundheitsrisiken ist eine sorgf\u00e4ltige Handhabung und die Einhaltung von Sicherheitsprotokollen erforderlich:<\/p>\n<ul>\n<li><strong>Schutzausr\u00fcstung<\/strong>: Handschuhe, Schutzbrille und Schutzkleidung tragen, um Haut- und Augenkontakt zu vermeiden.<\/li>\n<li><strong>Bel\u00fcftung<\/strong>: MEK in gut bel\u00fcfteten Bereichen oder mit Abzugshauben verwenden, da eine l\u00e4ngere Exposition gegen\u00fcber D\u00e4mpfen Schwindel und Reizungen der Atemwege verursachen kann.<\/li>\n<li><strong>Lagerung<\/strong>: MEK an einem k\u00fchlen, trockenen Ort, entfernt von W\u00e4rmequellen, offenen Flammen und unvertr\u00e4glichen Stoffen lagern, da es leicht entz\u00fcndlich ist.<\/li>\n<\/ul>\n<h3>Wo kann man Methylethylketon (MEK) in Industriequalit\u00e4t kaufen?<\/h3>\n<p><strong>Schl\u00fcsselw\u00f6rter<\/strong>: Kaufen Sie MEK-L\u00f6sungsmittel, MEK zum Verkauf, Methylethylketon-Lieferant, MEK in Industriequalit\u00e4t<\/p>\n<p>F\u00fcr Industrien, die hochreine <strong>MEK-L\u00f6sungsmittel<\/strong> f\u00fcr <strong>malt<\/strong>, <strong>Klebstoffe<\/strong>, <strong>chemische Synthese<\/strong>und mehr ist die Beschaffung von einem seri\u00f6sen Anbieter entscheidend, um die Qualit\u00e4t und die Einhaltung von Vorschriften zu gew\u00e4hrleisten. Wir bieten <strong>Methylethylketon in Industriequalit\u00e4t<\/strong> mit Optionen f\u00fcr <strong>Gro\u00dfauftr\u00e4ge<\/strong> und <strong>ma\u00dfgeschneiderte Verpackungen<\/strong> um Ihre spezifischen Bed\u00fcrfnisse zu erf\u00fcllen.<\/p>\n<h3>Kontaktieren Sie uns f\u00fcr Methylethylketon (MEK) Lieferung<\/h3>\n<p>Wenn Sie zuverl\u00e4ssig sind, <strong>hochwertiges MEK<\/strong> f\u00fcr <strong>chemische Produktion<\/strong>, <strong>Industriereinigung<\/strong>, oder <strong>Laborforschung<\/strong>bieten wir sichere, konforme und auf Ihre Branche zugeschnittene Lieferl\u00f6sungen. <strong>Kontaktieren Sie uns heute<\/strong> um Ihre Anforderungen zu besprechen und mehr \u00fcber unsere MEK-Produkte zu erfahren.<\/p>","protected":false},"excerpt":{"rendered":"<p>Methylethylketon (C\u2084H\u2088O) ist eine organische Verbindung, die zu den Ketonen geh\u00f6rt. Es hat einen ausgepr\u00e4gten s\u00fc\u00dfen Geruch und ist f\u00fcr seine starken L\u00f6sungsmitteleigenschaften bekannt.<\/p>\n<p><strong>Synonym(e): Ethylisopropylketon<\/strong><br \/>\n<strong>Lineare Formel: (CH3)2CHCOC2H5<\/strong><br \/>\n<strong>CAS-Nr.:565-69-5<\/strong><br \/>\n<strong>Molekulargewicht:100.16<\/strong><br \/>\n<strong>EG-Nr.:209-288-4<\/strong><br \/>\n<strong>Beilstein Nr.:1698849<\/strong><\/p>","protected":false},"featured_media":1408,"comment_status":"open","ping_status":"closed","template":"","meta":{"_kadence_starter_templates_imported_post":false,"_kad_post_transparent":"default","_kad_post_title":"","_kad_post_layout":"default","_kad_post_sidebar_id":"","_kad_post_content_style":"default","_kad_post_vertical_padding":"default","_kad_post_feature":"","_kad_post_feature_position":"","_kad_post_header":false,"_kad_post_footer":false,"_joinchat":[]},"product_brand":[],"product_cat":[171],"product_tag":[],"class_list":{"0":"post-1617","1":"product","2":"type-product","3":"status-publish","4":"has-post-thumbnail","6":"product_cat-solvents-and-cleaning-agents","8":"first","9":"instock","10":"shipping-taxable","11":"product-type-simple","12":"entry","13":"content-bg","14":"loop-entry"},"yoast_head":"<!-- This site is optimized with the Yoast SEO plugin v25.6 - https:\/\/yoast.com\/wordpress\/plugins\/seo\/ -->\n<title>Buy Methyl Ethyl Ketone Online -Methyl Ethyl Ketone for Sale<\/title>\n<meta name=\"description\" content=\"If you are passionate about methyl ethyl ketone (mek), then our store is the best place to buy methyl ethyl ketone online. You can have methyl ethyl ketone (mek) for sale at lowest price. Order now and receive it shortly!\" \/>\n<meta name=\"robots\" content=\"index, follow, max-snippet:-1, max-image-preview:large, max-video-preview:-1\" \/>\n<link rel=\"canonical\" href=\"https:\/\/subszone.com\/de\/product\/methylethylketon-mek-2\/\" \/>\n<meta property=\"og:locale\" content=\"de_DE\" \/>\n<meta property=\"og:type\" content=\"article\" \/>\n<meta property=\"og:title\" content=\"Buy Methyl Ethyl Ketone Online -Methyl Ethyl Ketone for Sale\" \/>\n<meta property=\"og:description\" content=\"If you are passionate about methyl ethyl ketone (mek), then our store is the best place to buy methyl ethyl ketone online. You can have methyl ethyl ketone (mek) for sale at lowest price. Order now and receive it shortly!\" \/>\n<meta property=\"og:url\" content=\"https:\/\/subszone.com\/de\/product\/methylethylketon-mek-2\/\" \/>\n<meta property=\"og:site_name\" content=\"SubsZone\" \/>\n<meta property=\"article:modified_time\" content=\"2025-02-20T07:41:30+00:00\" \/>\n<meta property=\"og:image\" content=\"https:\/\/subszone.com\/wp-content\/uploads\/2024\/10\/Methyl-Ethyl-Ketone-MEK-2.gif\" \/>\n\t<meta property=\"og:image:width\" content=\"600\" \/>\n\t<meta property=\"og:image:height\" content=\"600\" \/>\n\t<meta property=\"og:image:type\" content=\"image\/gif\" \/>\n<meta name=\"twitter:card\" content=\"summary_large_image\" \/>\n<meta name=\"twitter:label1\" content=\"Gesch\u00e4tzte Lesezeit\" \/>\n\t<meta name=\"twitter:data1\" content=\"3\u00a0Minuten\" \/>\n<script type=\"application\/ld+json\" class=\"yoast-schema-graph\">{\"@context\":\"https:\/\/schema.org\",\"@graph\":[{\"@type\":\"WebPage\",\"@id\":\"https:\/\/subszone.com\/product\/methyl-ethyl-ketone-mek-2\/\",\"url\":\"https:\/\/subszone.com\/product\/methyl-ethyl-ketone-mek-2\/\",\"name\":\"Buy Methyl Ethyl Ketone Online -Methyl Ethyl Ketone for Sale\",\"isPartOf\":{\"@id\":\"https:\/\/subszone.com\/#website\"},\"primaryImageOfPage\":{\"@id\":\"https:\/\/subszone.com\/product\/methyl-ethyl-ketone-mek-2\/#primaryimage\"},\"image\":{\"@id\":\"https:\/\/subszone.com\/product\/methyl-ethyl-ketone-mek-2\/#primaryimage\"},\"thumbnailUrl\":\"https:\/\/subszone.com\/wp-content\/uploads\/2024\/10\/Methyl-Ethyl-Ketone-MEK-2.gif\",\"datePublished\":\"2024-11-08T04:54:06+00:00\",\"dateModified\":\"2025-02-20T07:41:30+00:00\",\"description\":\"If you are passionate about methyl ethyl ketone (mek), then our store is the best place to buy methyl ethyl ketone online. You can have methyl ethyl ketone (mek) for sale at lowest price. Order now and receive it shortly!\",\"breadcrumb\":{\"@id\":\"https:\/\/subszone.com\/product\/methyl-ethyl-ketone-mek-2\/#breadcrumb\"},\"inLanguage\":\"de\",\"potentialAction\":[{\"@type\":\"ReadAction\",\"target\":[\"https:\/\/subszone.com\/product\/methyl-ethyl-ketone-mek-2\/\"]}]},{\"@type\":\"ImageObject\",\"inLanguage\":\"de\",\"@id\":\"https:\/\/subszone.com\/product\/methyl-ethyl-ketone-mek-2\/#primaryimage\",\"url\":\"https:\/\/subszone.com\/wp-content\/uploads\/2024\/10\/Methyl-Ethyl-Ketone-MEK-2.gif\",\"contentUrl\":\"https:\/\/subszone.com\/wp-content\/uploads\/2024\/10\/Methyl-Ethyl-Ketone-MEK-2.gif\",\"width\":600,\"height\":600,\"caption\":\"Buy Methyl Ethyl Ketone Online\"},{\"@type\":\"BreadcrumbList\",\"@id\":\"https:\/\/subszone.com\/product\/methyl-ethyl-ketone-mek-2\/#breadcrumb\",\"itemListElement\":[{\"@type\":\"ListItem\",\"position\":1,\"name\":\"Home\",\"item\":\"https:\/\/subszone.com\/\"},{\"@type\":\"ListItem\",\"position\":2,\"name\":\"Shop\",\"item\":\"https:\/\/subszone.com\/shop\/\"},{\"@type\":\"ListItem\",\"position\":3,\"name\":\"Buy Methyl Ethyl Ketone (MEK) Online\"}]},{\"@type\":\"WebSite\",\"@id\":\"https:\/\/subszone.com\/#website\",\"url\":\"https:\/\/subszone.com\/\",\"name\":\"SubsZone\",\"description\":\"My WordPress Blog\",\"publisher\":{\"@id\":\"https:\/\/subszone.com\/#organization\"},\"potentialAction\":[{\"@type\":\"SearchAction\",\"target\":{\"@type\":\"EntryPoint\",\"urlTemplate\":\"https:\/\/subszone.com\/?s={search_term_string}\"},\"query-input\":{\"@type\":\"PropertyValueSpecification\",\"valueRequired\":true,\"valueName\":\"search_term_string\"}}],\"inLanguage\":\"de\"},{\"@type\":\"Organization\",\"@id\":\"https:\/\/subszone.com\/#organization\",\"name\":\"SubsZone\",\"url\":\"https:\/\/subszone.com\/\",\"logo\":{\"@type\":\"ImageObject\",\"inLanguage\":\"de\",\"@id\":\"https:\/\/subszone.com\/#\/schema\/logo\/image\/\",\"url\":\"https:\/\/subszone.com\/wp-content\/uploads\/2024\/10\/logo.png\",\"contentUrl\":\"https:\/\/subszone.com\/wp-content\/uploads\/2024\/10\/logo.png\",\"width\":193,\"height\":50,\"caption\":\"SubsZone\"},\"image\":{\"@id\":\"https:\/\/subszone.com\/#\/schema\/logo\/image\/\"}}]}<\/script>\n<!-- \/ Yoast SEO plugin. -->","yoast_head_json":{"title":"Kaufen Methyl Ethyl Ketone Online -Methyl Ethyl Ketone zu verkaufen","description":"Wenn Sie sich f\u00fcr Methylethylketon (mek) interessieren, dann ist unser Gesch\u00e4ft der beste Ort, um Methylethylketon online zu kaufen. Sie k\u00f6nnen Methylethylketon (mek) zum Verkauf zum niedrigsten Preis haben. Bestellen Sie jetzt und erhalten Sie es in K\u00fcrze!","robots":{"index":"index","follow":"follow","max-snippet":"max-snippet:-1","max-image-preview":"max-image-preview:large","max-video-preview":"max-video-preview:-1"},"canonical":"https:\/\/subszone.com\/de\/product\/methylethylketon-mek-2\/","og_locale":"de_DE","og_type":"article","og_title":"Buy Methyl Ethyl Ketone Online -Methyl Ethyl Ketone for Sale","og_description":"If you are passionate about methyl ethyl ketone (mek), then our store is the best place to buy methyl ethyl ketone online. You can have methyl ethyl ketone (mek) for sale at lowest price. Order now and receive it shortly!","og_url":"https:\/\/subszone.com\/de\/product\/methylethylketon-mek-2\/","og_site_name":"SubsZone","article_modified_time":"2025-02-20T07:41:30+00:00","og_image":[{"width":600,"height":600,"url":"https:\/\/subszone.com\/wp-content\/uploads\/2024\/10\/Methyl-Ethyl-Ketone-MEK-2.gif","type":"image\/gif"}],"twitter_card":"summary_large_image","twitter_misc":{"Gesch\u00e4tzte Lesezeit":"3\u00a0Minuten"},"schema":{"@context":"https:\/\/schema.org","@graph":[{"@type":"WebPage","@id":"https:\/\/subszone.com\/product\/methyl-ethyl-ketone-mek-2\/","url":"https:\/\/subszone.com\/product\/methyl-ethyl-ketone-mek-2\/","name":"Kaufen Methyl Ethyl Ketone Online -Methyl Ethyl Ketone zu verkaufen","isPartOf":{"@id":"https:\/\/subszone.com\/#website"},"primaryImageOfPage":{"@id":"https:\/\/subszone.com\/product\/methyl-ethyl-ketone-mek-2\/#primaryimage"},"image":{"@id":"https:\/\/subszone.com\/product\/methyl-ethyl-ketone-mek-2\/#primaryimage"},"thumbnailUrl":"https:\/\/subszone.com\/wp-content\/uploads\/2024\/10\/Methyl-Ethyl-Ketone-MEK-2.gif","datePublished":"2024-11-08T04:54:06+00:00","dateModified":"2025-02-20T07:41:30+00:00","description":"Wenn Sie sich f\u00fcr Methylethylketon (mek) interessieren, dann ist unser Gesch\u00e4ft der beste Ort, um Methylethylketon online zu kaufen. Sie k\u00f6nnen Methylethylketon (mek) zum Verkauf zum niedrigsten Preis haben. Bestellen Sie jetzt und erhalten Sie es in K\u00fcrze!","breadcrumb":{"@id":"https:\/\/subszone.com\/product\/methyl-ethyl-ketone-mek-2\/#breadcrumb"},"inLanguage":"de","potentialAction":[{"@type":"ReadAction","target":["https:\/\/subszone.com\/product\/methyl-ethyl-ketone-mek-2\/"]}]},{"@type":"ImageObject","inLanguage":"de","@id":"https:\/\/subszone.com\/product\/methyl-ethyl-ketone-mek-2\/#primaryimage","url":"https:\/\/subszone.com\/wp-content\/uploads\/2024\/10\/Methyl-Ethyl-Ketone-MEK-2.gif","contentUrl":"https:\/\/subszone.com\/wp-content\/uploads\/2024\/10\/Methyl-Ethyl-Ketone-MEK-2.gif","width":600,"height":600,"caption":"Buy Methyl Ethyl Ketone Online"},{"@type":"BreadcrumbList","@id":"https:\/\/subszone.com\/product\/methyl-ethyl-ketone-mek-2\/#breadcrumb","itemListElement":[{"@type":"ListItem","position":1,"name":"Home","item":"https:\/\/subszone.com\/"},{"@type":"ListItem","position":2,"name":"Shop","item":"https:\/\/subszone.com\/shop\/"},{"@type":"ListItem","position":3,"name":"Buy Methyl Ethyl Ketone (MEK) Online"}]},{"@type":"WebSite","@id":"https:\/\/subszone.com\/#website","url":"https:\/\/subszone.com\/","name":"SubsZone","description":"Mein WordPress-Blog","publisher":{"@id":"https:\/\/subszone.com\/#organization"},"potentialAction":[{"@type":"SearchAction","target":{"@type":"EntryPoint","urlTemplate":"https:\/\/subszone.com\/?s={search_term_string}"},"query-input":{"@type":"PropertyValueSpecification","valueRequired":true,"valueName":"search_term_string"}}],"inLanguage":"de"},{"@type":"Organization","@id":"https:\/\/subszone.com\/#organization","name":"SubsZone","url":"https:\/\/subszone.com\/","logo":{"@type":"ImageObject","inLanguage":"de","@id":"https:\/\/subszone.com\/#\/schema\/logo\/image\/","url":"https:\/\/subszone.com\/wp-content\/uploads\/2024\/10\/logo.png","contentUrl":"https:\/\/subszone.com\/wp-content\/uploads\/2024\/10\/logo.png","width":193,"height":50,"caption":"SubsZone"},"image":{"@id":"https:\/\/subszone.com\/#\/schema\/logo\/image\/"}}]}},"_links":{"self":[{"href":"https:\/\/subszone.com\/de\/wp-json\/wp\/v2\/product\/1617","targetHints":{"allow":["GET"]}}],"collection":[{"href":"https:\/\/subszone.com\/de\/wp-json\/wp\/v2\/product"}],"about":[{"href":"https:\/\/subszone.com\/de\/wp-json\/wp\/v2\/types\/product"}],"replies":[{"embeddable":true,"href":"https:\/\/subszone.com\/de\/wp-json\/wp\/v2\/comments?post=1617"}],"wp:featuredmedia":[{"embeddable":true,"href":"https:\/\/subszone.com\/de\/wp-json\/wp\/v2\/media\/1408"}],"wp:attachment":[{"href":"https:\/\/subszone.com\/de\/wp-json\/wp\/v2\/media?parent=1617"}],"wp:term":[{"taxonomy":"product_brand","embeddable":true,"href":"https:\/\/subszone.com\/de\/wp-json\/wp\/v2\/product_brand?post=1617"},{"taxonomy":"product_cat","embeddable":true,"href":"https:\/\/subszone.com\/de\/wp-json\/wp\/v2\/product_cat?post=1617"},{"taxonomy":"product_tag","embeddable":true,"href":"https:\/\/subszone.com\/de\/wp-json\/wp\/v2\/product_tag?post=1617"}],"curies":[{"name":"wp","href":"https:\/\/api.w.org\/{rel}","templated":true}]}}