{"id":1117,"date":"2024-10-23T11:14:02","date_gmt":"2024-10-23T11:14:02","guid":{"rendered":"https:\/\/subszone.com\/?post_type=product&#038;p=1117"},"modified":"2025-05-30T11:10:15","modified_gmt":"2025-05-30T11:10:15","slug":"gas-cloro","status":"publish","type":"product","link":"https:\/\/subszone.com\/es\/product\/gas-cloro\/","title":{"rendered":"Comprar cloro gaseoso en l\u00ednea"},"content":{"rendered":"<h2><b>Comprar cloro gaseoso en l\u00ednea - Cl\u2082 de gran pureza para aplicaciones industriales y municipales<\/b><\/h2>\n<p><span style=\"font-weight: 400;\">Con vistas a <\/span><a href=\"https:\/\/subszone.com\/es\/product\/gas-cloro\/\"><b>comprar Gas Cloro online<\/b><\/a><span style=\"font-weight: 400;\"> de un proveedor de confianza? Ofrecemos cloro gaseoso (Cl\u2082) de gran pureza, envasado de forma segura y suministrado de conformidad con todas las normativas de seguridad. Ampliamente utilizado en el tratamiento del agua, la desinfecci\u00f3n y la fabricaci\u00f3n de productos qu\u00edmicos, el cloro gaseoso sigue siendo un producto qu\u00edmico industrial esencial, al que ahora puede acceder m\u00e1s f\u00e1cilmente que nunca gracias a nuestro sistema de pedidos en l\u00ednea optimizado.<\/span><\/p>\n<p><span style=\"font-weight: 400;\">Tanto si gestiona sistemas municipales de agua, procesos de saneamiento o l\u00edneas de producci\u00f3n de productos qu\u00edmicos, nuestro cloro gaseoso de primera calidad ofrece un rendimiento fiable, pureza y seguridad en cada cilindro.<\/span><\/p>\n<h3><b>Principales caracter\u00edsticas y ventajas<\/b><\/h3>\n<ul>\n<li style=\"font-weight: 400;\" aria-level=\"1\"><span style=\"font-weight: 400;\">\u00a0<\/span><b>Cl\u2082 de gran pureza<\/b><span style=\"font-weight: 400;\"> - Cloro gaseoso industrial de composici\u00f3n constante para aplicaciones cr\u00edticas<\/span><span style=\"font-weight: 400;\">\n<p><\/span><\/li>\n<li style=\"font-weight: 400;\" aria-level=\"1\"><span style=\"font-weight: 400;\">\u00a0<\/span><b>M\u00faltiples tama\u00f1os de cilindro<\/b><span style=\"font-weight: 400;\"> - Disponible en vol\u00famenes de cilindro est\u00e1ndar y personalizados para satisfacer necesidades a peque\u00f1a o gran escala.<\/span><span style=\"font-weight: 400;\">\n<p><\/span><\/li>\n<li style=\"font-weight: 400;\" aria-level=\"1\"><span style=\"font-weight: 400;\">\u00a0<\/span><b>Embalaje seguro que cumple la normativa sobre materiales peligrosos<\/b><span style=\"font-weight: 400;\"> - Entregado en contenedores aprobados por el DOT con documentaci\u00f3n completa<\/span><span style=\"font-weight: 400;\">\n<p><\/span><\/li>\n<li style=\"font-weight: 400;\" aria-level=\"1\"><span style=\"font-weight: 400;\">\u00a0<\/span><b>Env\u00edo r\u00e1pido y fiable<\/b><span style=\"font-weight: 400;\"> - Opciones de entrega en todo el pa\u00eds con protocolos de transporte adecuados para gases peligrosos<\/span><span style=\"font-weight: 400;\">\n<p><\/span><\/li>\n<li style=\"font-weight: 400;\" aria-level=\"1\"><span style=\"font-weight: 400;\">\u00a0<\/span><b>Precios competitivos<\/b><span style=\"font-weight: 400;\"> - Obtener <\/span><b>precios baratos del cloro gaseoso<\/b><span style=\"font-weight: 400;\"> sin comprometer la calidad ni la conformidad<\/span><span style=\"font-weight: 400;\">\n<p><\/span><\/li>\n<\/ul>\n<h3><b>Especificaciones<\/b><\/h3>\n<ul>\n<li style=\"font-weight: 400;\" aria-level=\"1\"><b>Nombre qu\u00edmico<\/b><span style=\"font-weight: 400;\">: Gas cloro<\/span><span style=\"font-weight: 400;\">\n<p><\/span><\/li>\n<li style=\"font-weight: 400;\" aria-level=\"1\"><b>F\u00f3rmula<\/b><span style=\"font-weight: 400;\">: Cl\u2082<\/span><span style=\"font-weight: 400;\">\n<p><\/span><\/li>\n<li style=\"font-weight: 400;\" aria-level=\"1\"><b>Apariencia<\/b><span style=\"font-weight: 400;\">: Gas amarillo verdoso de olor fuerte y caracter\u00edstico<\/span><span style=\"font-weight: 400;\">\n<p><\/span><\/li>\n<li style=\"font-weight: 400;\" aria-level=\"1\"><b>Grado<\/b><span style=\"font-weight: 400;\">: Industrial \/ Tratamiento del agua<\/span><span style=\"font-weight: 400;\">\n<p><\/span><\/li>\n<li style=\"font-weight: 400;\" aria-level=\"1\"><b>Embalaje<\/b><span style=\"font-weight: 400;\">: Cilindros de acero presurizados (varios tama\u00f1os disponibles)<\/span><span style=\"font-weight: 400;\">\n<p><\/span><\/li>\n<li style=\"font-weight: 400;\" aria-level=\"1\"><b>Pureza<\/b><span style=\"font-weight: 400;\">: 99,5% y superior<\/span><span style=\"font-weight: 400;\">\n<p><\/span><\/li>\n<li style=\"font-weight: 400;\" aria-level=\"1\"><b>N\u00famero ONU<\/b><span style=\"font-weight: 400;\">: UN1017 (Clase de peligro: 2.3 Gas t\u00f3xico)<\/span><span style=\"font-weight: 400;\">\n<p><\/span><\/li>\n<\/ul>\n<h3><b>Aplicaciones<\/b><\/h3>\n<ul>\n<li style=\"font-weight: 400;\" aria-level=\"1\"><span style=\"font-weight: 400;\">\u00a0<\/span><b>Tratamiento y desinfecci\u00f3n del agua municipal<\/b><b>\n<p><\/b><\/li>\n<li style=\"font-weight: 400;\" aria-level=\"1\"><span style=\"font-weight: 400;\">\u00a0<\/span><b>Saneamiento industrial y s\u00edntesis qu\u00edmica<\/b><b>\n<p><\/b><\/li>\n<li style=\"font-weight: 400;\" aria-level=\"1\"><span style=\"font-weight: 400;\">\u00a0<\/span><b>Producci\u00f3n de lej\u00eda y compuestos de limpieza<\/b><b>\n<p><\/b><\/li>\n<li style=\"font-weight: 400;\" aria-level=\"1\"><span style=\"font-weight: 400;\">\u00a0<\/span><b>Cloraci\u00f3n de piscinas (a escala comercial)<\/b><b>\n<p><\/b><\/li>\n<\/ul>\n<h3><b>Seguridad y manipulaci\u00f3n<\/b><\/h3>\n<p><span style=\"font-weight: 400;\">El cloro gaseoso es altamente t\u00f3xico y corrosivo. S\u00f3lo personal capacitado debe manipular este producto utilizando equipo de protecci\u00f3n aprobado y ventilaci\u00f3n adecuada. Hoja de Datos de Seguridad (MSDS) completa suministrada con cada pedido.<\/span><\/p>\n<ul>\n<li style=\"font-weight: 400;\" aria-level=\"1\"><span style=\"font-weight: 400;\">Almacenar en lugares frescos y bien ventilados<\/span><span style=\"font-weight: 400;\">\n<p><\/span><\/li>\n<li style=\"font-weight: 400;\" aria-level=\"1\"><span style=\"font-weight: 400;\">Evitar el contacto directo o la inhalaci\u00f3n<\/span><span style=\"font-weight: 400;\">\n<p><\/span><\/li>\n<li style=\"font-weight: 400;\" aria-level=\"1\"><span style=\"font-weight: 400;\">Transportar y utilizar \u00fanicamente de conformidad con la normativa local e internacional sobre materiales peligrosos.<\/span><span style=\"font-weight: 400;\">\n<p><\/span><\/li>\n<\/ul>\n<h3><b>Precios y descuentos<\/b><\/h3>\n<p><span style=\"font-weight: 400;\">Ofrecemos precios transparentes y competitivos con descuentos en pedidos de gran volumen. Tanto si pide una sola botella como si desea coordinar un suministro industrial a granel, nuestros precios le garantizan una excelente relaci\u00f3n calidad-precio.<\/span><\/p>\n<ul>\n<li style=\"font-weight: 400;\" aria-level=\"1\"><span style=\"font-weight: 400;\">Descuentos por pedido al por mayor<\/span><span style=\"font-weight: 400;\">\n<p><\/span><\/li>\n<li style=\"font-weight: 400;\" aria-level=\"1\"><span style=\"font-weight: 400;\">Presupuestos personalizados para contratos industriales recurrentes<\/span><span style=\"font-weight: 400;\">\n<p><\/span><\/li>\n<li style=\"font-weight: 400;\" aria-level=\"1\"><span style=\"font-weight: 400;\">Uno de los <\/span><a href=\"https:\/\/en.wikipedia.org\/wiki\/Chlorine\"><b>mejores lugares para comprar cloro gaseoso<\/b><\/a><span style=\"font-weight: 400;\"> tanto para precios como para asistencia<\/span><span style=\"font-weight: 400;\">\n<p><\/span><\/li>\n<\/ul>\n<h3><b>\u00bfPor qu\u00e9 elegirnos?<\/b><\/h3>\n<p><span style=\"font-weight: 400;\">No somos un proveedor de productos qu\u00edmicos m\u00e1s: somos su socio de confianza para el suministro seguro, eficaz y conforme a la normativa de cloro gaseoso. Nuestra reputaci\u00f3n de fiabilidad, servicio r\u00e1pido y cumplimiento de las normativas nos convierte en el <\/span><b>mejor lugar para comprar cloro gaseoso en l\u00ednea<\/b><span style=\"font-weight: 400;\">.<\/span><\/p>\n<h3><b>Pedir ahora<\/b><\/h3>\n<p><span style=\"font-weight: 400;\">Listo para <\/span><b>Comprar cloro gaseoso en l\u00ednea<\/b><span style=\"font-weight: 400;\"> \u00bfcon confianza? Examine los tama\u00f1os de cilindro disponibles, compruebe las existencias actuales y solicite un presupuesto personalizado hoy mismo. Nuestro equipo est\u00e1 aqu\u00ed para ayudarle en cada paso, desde la selecci\u00f3n del producto hasta la orientaci\u00f3n normativa.<\/span><\/p>","protected":false},"excerpt":{"rendered":"<p>El cloro gaseoso (Cl\u2082) es un gas amarillo verdoso con un fuerte olor acre. Es un elemento muy reactivo y desempe\u00f1a un papel vital en diversas aplicaciones industriales. Com\u00fanmente reconocido por sus propiedades desinfectantes, el cloro se utiliza ampliamente en el tratamiento del agua, el saneamiento y la fabricaci\u00f3n de productos qu\u00edmicos.<\/p>\n<ul>\n<li><strong>F\u00f3rmula qu\u00edmica<\/strong>: Cl\u2082<\/li>\n<li><strong>Masa molar<\/strong>70,906 g\/mol<\/li>\n<li><strong>Densidad<\/strong>: 3,214 g\/L<\/li>\n<li><strong>Punto de ebullici\u00f3n<\/strong>: -34,04 \u00b0C (-29,27 \u00b0F)<\/li>\n<li><strong>Olor<\/strong>: Agudo y sofocante<\/li>\n<\/ul>","protected":false},"featured_media":1351,"comment_status":"open","ping_status":"closed","template":"","meta":{"_kadence_starter_templates_imported_post":false,"_kad_post_transparent":"default","_kad_post_title":"","_kad_post_layout":"default","_kad_post_sidebar_id":"","_kad_post_content_style":"default","_kad_post_vertical_padding":"default","_kad_post_feature":"","_kad_post_feature_position":"","_kad_post_header":false,"_kad_post_footer":false,"_joinchat":[]},"product_brand":[],"product_cat":[127],"product_tag":[130,131,132,133,134,135,136,137,138,139,140,141,142,143,144,145,146,147,148,149],"class_list":{"0":"post-1117","1":"product","2":"type-product","3":"status-publish","4":"has-post-thumbnail","6":"product_cat-water-treatment-and-disinfection","7":"product_tag-bulk-chlorine-gas-supplier","8":"product_tag-buy-chlorine-gas-in-bulk","9":"product_tag-buy-compressed-chlorine-gas","10":"product_tag-chlorine-gas-bulk-chemical-supplier","11":"product_tag-chlorine-gas-cas-7782-50-5","12":"product_tag-chlorine-gas-cas-number-supplier","13":"product_tag-chlorine-gas-chemical-compound","14":"product_tag-chlorine-gas-cylinder-supplier","15":"product_tag-chlorine-gas-for-chemical-manufacturing","16":"product_tag-chlorine-gas-for-disinfection","17":"product_tag-chlorine-gas-for-industrial-use","18":"product_tag-chlorine-gas-for-sale","19":"product_tag-chlorine-gas-for-water-treatment","20":"product_tag-chlorine-gas-handling-and-storage","21":"product_tag-chlorine-gas-iso-tank-supplier","22":"product_tag-chlorine-gas-price-per-ton","23":"product_tag-chlorine-gas-procurement","24":"product_tag-chlorine-gas-wholesale-distributor","25":"product_tag-high-purity-chlorine-gas-supplier","26":"product_tag-industrial-grade-chlorine-gas","28":"first","29":"instock","30":"shipping-taxable","31":"product-type-simple","32":"entry","33":"content-bg","34":"loop-entry"},"yoast_head":"<!-- This site is optimized with the Yoast SEO plugin v25.6 - https:\/\/yoast.com\/wordpress\/plugins\/seo\/ -->\n<title>Buy Chlorine Gas in Bulk Online - Chlorine Gas for Sale<\/title>\n<meta name=\"description\" content=\"If you are willing to get chlorine gas for sale, then we are the right choice for you. Our staff members will help you buy chlorine gas online at cheap rates. Place your order with us!\" \/>\n<meta name=\"robots\" content=\"index, follow, max-snippet:-1, max-image-preview:large, max-video-preview:-1\" \/>\n<link rel=\"canonical\" href=\"https:\/\/subszone.com\/es\/product\/gas-cloro\/\" \/>\n<meta property=\"og:locale\" content=\"es_ES\" \/>\n<meta property=\"og:type\" content=\"article\" \/>\n<meta property=\"og:title\" content=\"Buy Chlorine Gas in Bulk Online - Chlorine Gas for Sale\" \/>\n<meta property=\"og:description\" content=\"If you are willing to get chlorine gas for sale, then we are the right choice for you. Our staff members will help you buy chlorine gas online at cheap rates. Place your order with us!\" \/>\n<meta property=\"og:url\" content=\"https:\/\/subszone.com\/es\/product\/gas-cloro\/\" \/>\n<meta property=\"og:site_name\" content=\"SubsZone\" \/>\n<meta property=\"article:modified_time\" content=\"2025-05-30T11:10:15+00:00\" \/>\n<meta property=\"og:image\" content=\"https:\/\/subszone.com\/wp-content\/uploads\/2024\/10\/ae40116d-41a9-4b58-9213-7a00ee8b6190.webp\" \/>\n\t<meta property=\"og:image:width\" content=\"1024\" \/>\n\t<meta property=\"og:image:height\" content=\"1024\" \/>\n\t<meta property=\"og:image:type\" content=\"image\/webp\" \/>\n<meta name=\"twitter:card\" content=\"summary_large_image\" \/>\n<meta name=\"twitter:label1\" content=\"Tiempo de lectura\" \/>\n\t<meta name=\"twitter:data1\" content=\"2 minutos\" \/>\n<script type=\"application\/ld+json\" class=\"yoast-schema-graph\">{\"@context\":\"https:\/\/schema.org\",\"@graph\":[{\"@type\":\"WebPage\",\"@id\":\"https:\/\/subszone.com\/product\/chlorine-gas\/\",\"url\":\"https:\/\/subszone.com\/product\/chlorine-gas\/\",\"name\":\"Buy Chlorine Gas in Bulk Online - Chlorine Gas for Sale\",\"isPartOf\":{\"@id\":\"https:\/\/subszone.com\/#website\"},\"primaryImageOfPage\":{\"@id\":\"https:\/\/subszone.com\/product\/chlorine-gas\/#primaryimage\"},\"image\":{\"@id\":\"https:\/\/subszone.com\/product\/chlorine-gas\/#primaryimage\"},\"thumbnailUrl\":\"https:\/\/subszone.com\/wp-content\/uploads\/2024\/10\/ae40116d-41a9-4b58-9213-7a00ee8b6190.webp\",\"datePublished\":\"2024-10-23T11:14:02+00:00\",\"dateModified\":\"2025-05-30T11:10:15+00:00\",\"description\":\"If you are willing to get chlorine gas for sale, then we are the right choice for you. Our staff members will help you buy chlorine gas online at cheap rates. Place your order with us!\",\"breadcrumb\":{\"@id\":\"https:\/\/subszone.com\/product\/chlorine-gas\/#breadcrumb\"},\"inLanguage\":\"es\",\"potentialAction\":[{\"@type\":\"ReadAction\",\"target\":[\"https:\/\/subszone.com\/product\/chlorine-gas\/\"]}]},{\"@type\":\"ImageObject\",\"inLanguage\":\"es\",\"@id\":\"https:\/\/subszone.com\/product\/chlorine-gas\/#primaryimage\",\"url\":\"https:\/\/subszone.com\/wp-content\/uploads\/2024\/10\/ae40116d-41a9-4b58-9213-7a00ee8b6190.webp\",\"contentUrl\":\"https:\/\/subszone.com\/wp-content\/uploads\/2024\/10\/ae40116d-41a9-4b58-9213-7a00ee8b6190.webp\",\"width\":1024,\"height\":1024,\"caption\":\"Buy Chlorine Gas Online\"},{\"@type\":\"BreadcrumbList\",\"@id\":\"https:\/\/subszone.com\/product\/chlorine-gas\/#breadcrumb\",\"itemListElement\":[{\"@type\":\"ListItem\",\"position\":1,\"name\":\"Home\",\"item\":\"https:\/\/subszone.com\/\"},{\"@type\":\"ListItem\",\"position\":2,\"name\":\"Shop\",\"item\":\"https:\/\/subszone.com\/shop\/\"},{\"@type\":\"ListItem\",\"position\":3,\"name\":\"Buy Chlorine Gas Online\"}]},{\"@type\":\"WebSite\",\"@id\":\"https:\/\/subszone.com\/#website\",\"url\":\"https:\/\/subszone.com\/\",\"name\":\"SubsZone\",\"description\":\"My WordPress Blog\",\"publisher\":{\"@id\":\"https:\/\/subszone.com\/#organization\"},\"potentialAction\":[{\"@type\":\"SearchAction\",\"target\":{\"@type\":\"EntryPoint\",\"urlTemplate\":\"https:\/\/subszone.com\/?s={search_term_string}\"},\"query-input\":{\"@type\":\"PropertyValueSpecification\",\"valueRequired\":true,\"valueName\":\"search_term_string\"}}],\"inLanguage\":\"es\"},{\"@type\":\"Organization\",\"@id\":\"https:\/\/subszone.com\/#organization\",\"name\":\"SubsZone\",\"url\":\"https:\/\/subszone.com\/\",\"logo\":{\"@type\":\"ImageObject\",\"inLanguage\":\"es\",\"@id\":\"https:\/\/subszone.com\/#\/schema\/logo\/image\/\",\"url\":\"https:\/\/subszone.com\/wp-content\/uploads\/2024\/10\/logo.png\",\"contentUrl\":\"https:\/\/subszone.com\/wp-content\/uploads\/2024\/10\/logo.png\",\"width\":193,\"height\":50,\"caption\":\"SubsZone\"},\"image\":{\"@id\":\"https:\/\/subszone.com\/#\/schema\/logo\/image\/\"}}]}<\/script>\n<!-- \/ Yoast SEO plugin. -->","yoast_head_json":{"title":"Comprar cloro gaseoso a granel en l\u00ednea - Venta de cloro gaseoso","description":"Si desea obtener cloro gaseoso en venta, somos la opci\u00f3n adecuada para usted. Nuestro personal le ayudar\u00e1 a comprar cloro gaseoso en l\u00ednea a precios baratos. \u00a1Haga su pedido con nosotros!","robots":{"index":"index","follow":"follow","max-snippet":"max-snippet:-1","max-image-preview":"max-image-preview:large","max-video-preview":"max-video-preview:-1"},"canonical":"https:\/\/subszone.com\/es\/product\/gas-cloro\/","og_locale":"es_ES","og_type":"article","og_title":"Buy Chlorine Gas in Bulk Online - Chlorine Gas for Sale","og_description":"If you are willing to get chlorine gas for sale, then we are the right choice for you. Our staff members will help you buy chlorine gas online at cheap rates. Place your order with us!","og_url":"https:\/\/subszone.com\/es\/product\/gas-cloro\/","og_site_name":"SubsZone","article_modified_time":"2025-05-30T11:10:15+00:00","og_image":[{"width":1024,"height":1024,"url":"https:\/\/subszone.com\/wp-content\/uploads\/2024\/10\/ae40116d-41a9-4b58-9213-7a00ee8b6190.webp","type":"image\/webp"}],"twitter_card":"summary_large_image","twitter_misc":{"Tiempo de lectura":"2 minutos"},"schema":{"@context":"https:\/\/schema.org","@graph":[{"@type":"WebPage","@id":"https:\/\/subszone.com\/product\/chlorine-gas\/","url":"https:\/\/subszone.com\/product\/chlorine-gas\/","name":"Comprar cloro gaseoso a granel en l\u00ednea - Venta de cloro gaseoso","isPartOf":{"@id":"https:\/\/subszone.com\/#website"},"primaryImageOfPage":{"@id":"https:\/\/subszone.com\/product\/chlorine-gas\/#primaryimage"},"image":{"@id":"https:\/\/subszone.com\/product\/chlorine-gas\/#primaryimage"},"thumbnailUrl":"https:\/\/subszone.com\/wp-content\/uploads\/2024\/10\/ae40116d-41a9-4b58-9213-7a00ee8b6190.webp","datePublished":"2024-10-23T11:14:02+00:00","dateModified":"2025-05-30T11:10:15+00:00","description":"Si desea obtener cloro gaseoso en venta, somos la opci\u00f3n adecuada para usted. Nuestro personal le ayudar\u00e1 a comprar cloro gaseoso en l\u00ednea a precios baratos. \u00a1Haga su pedido con nosotros!","breadcrumb":{"@id":"https:\/\/subszone.com\/product\/chlorine-gas\/#breadcrumb"},"inLanguage":"es","potentialAction":[{"@type":"ReadAction","target":["https:\/\/subszone.com\/product\/chlorine-gas\/"]}]},{"@type":"ImageObject","inLanguage":"es","@id":"https:\/\/subszone.com\/product\/chlorine-gas\/#primaryimage","url":"https:\/\/subszone.com\/wp-content\/uploads\/2024\/10\/ae40116d-41a9-4b58-9213-7a00ee8b6190.webp","contentUrl":"https:\/\/subszone.com\/wp-content\/uploads\/2024\/10\/ae40116d-41a9-4b58-9213-7a00ee8b6190.webp","width":1024,"height":1024,"caption":"Buy Chlorine Gas Online"},{"@type":"BreadcrumbList","@id":"https:\/\/subszone.com\/product\/chlorine-gas\/#breadcrumb","itemListElement":[{"@type":"ListItem","position":1,"name":"Home","item":"https:\/\/subszone.com\/"},{"@type":"ListItem","position":2,"name":"Shop","item":"https:\/\/subszone.com\/shop\/"},{"@type":"ListItem","position":3,"name":"Buy Chlorine Gas Online"}]},{"@type":"WebSite","@id":"https:\/\/subszone.com\/#website","url":"https:\/\/subszone.com\/","name":"SubsZone","description":"Mi blog de WordPress","publisher":{"@id":"https:\/\/subszone.com\/#organization"},"potentialAction":[{"@type":"SearchAction","target":{"@type":"EntryPoint","urlTemplate":"https:\/\/subszone.com\/?s={search_term_string}"},"query-input":{"@type":"PropertyValueSpecification","valueRequired":true,"valueName":"search_term_string"}}],"inLanguage":"es"},{"@type":"Organization","@id":"https:\/\/subszone.com\/#organization","name":"SubsZone","url":"https:\/\/subszone.com\/","logo":{"@type":"ImageObject","inLanguage":"es","@id":"https:\/\/subszone.com\/#\/schema\/logo\/image\/","url":"https:\/\/subszone.com\/wp-content\/uploads\/2024\/10\/logo.png","contentUrl":"https:\/\/subszone.com\/wp-content\/uploads\/2024\/10\/logo.png","width":193,"height":50,"caption":"SubsZone"},"image":{"@id":"https:\/\/subszone.com\/#\/schema\/logo\/image\/"}}]}},"_links":{"self":[{"href":"https:\/\/subszone.com\/es\/wp-json\/wp\/v2\/product\/1117","targetHints":{"allow":["GET"]}}],"collection":[{"href":"https:\/\/subszone.com\/es\/wp-json\/wp\/v2\/product"}],"about":[{"href":"https:\/\/subszone.com\/es\/wp-json\/wp\/v2\/types\/product"}],"replies":[{"embeddable":true,"href":"https:\/\/subszone.com\/es\/wp-json\/wp\/v2\/comments?post=1117"}],"wp:featuredmedia":[{"embeddable":true,"href":"https:\/\/subszone.com\/es\/wp-json\/wp\/v2\/media\/1351"}],"wp:attachment":[{"href":"https:\/\/subszone.com\/es\/wp-json\/wp\/v2\/media?parent=1117"}],"wp:term":[{"taxonomy":"product_brand","embeddable":true,"href":"https:\/\/subszone.com\/es\/wp-json\/wp\/v2\/product_brand?post=1117"},{"taxonomy":"product_cat","embeddable":true,"href":"https:\/\/subszone.com\/es\/wp-json\/wp\/v2\/product_cat?post=1117"},{"taxonomy":"product_tag","embeddable":true,"href":"https:\/\/subszone.com\/es\/wp-json\/wp\/v2\/product_tag?post=1117"}],"curies":[{"name":"wp","href":"https:\/\/api.w.org\/{rel}","templated":true}]}}