{"id":1118,"date":"2024-10-23T11:14:05","date_gmt":"2024-10-23T11:14:05","guid":{"rendered":"https:\/\/subszone.com\/?post_type=product&#038;p=1118"},"modified":"2025-08-01T08:32:34","modified_gmt":"2025-08-01T08:32:34","slug":"cloroformo","status":"publish","type":"product","link":"https:\/\/subszone.com\/es\/product\/cloroformo\/","title":{"rendered":"Comprar cloroformo en l\u00ednea"},"content":{"rendered":"<h2><b>Gu\u00eda informativa para comprar cloroformo en l\u00ednea para uso en laboratorio<\/b><\/h2>\n<h3><b>Introducci\u00f3n al cloroformo<\/b><\/h3>\n<p><a href=\"https:\/\/subszone.com\/es\/product\/cloroformo\/\"><b>Cloroformo<\/b><\/a><span style=\"font-weight: 400;\"> (nombre qu\u00edmico: <\/span><b>triclorometano<\/b><span style=\"font-weight: 400;\">f\u00f3rmula: <\/span><b>CHCl\u2083<\/b><span style=\"font-weight: 400;\">) es una <\/span><b>l\u00edquido incoloro, vol\u00e1til<\/b><span style=\"font-weight: 400;\"> de olor suave y dulce. Utilizado hist\u00f3ricamente como anest\u00e9sico, su papel en la ciencia moderna se ha desplazado principalmente a entornos de laboratorio controlados, en particular en <\/span><b>s\u00edntesis org\u00e1nica<\/b><span style=\"font-weight: 400;\"> y <\/span><b>biotecnolog\u00eda<\/b><span style=\"font-weight: 400;\">.<\/span><\/p>\n<p><span style=\"font-weight: 400;\">Las propiedades disolventes \u00fanicas del cloroformo lo han hecho indispensable en <\/span><b>laboratorios qu\u00edmicos<\/b><span style=\"font-weight: 400;\">pero debido a su toxicidad y potencial de uso indebido, es <\/span><b>estrictamente regulado<\/b><span style=\"font-weight: 400;\"> en la mayor\u00eda de las jurisdicciones.<\/span><\/p>\n<h3><b>Usos comunes del cloroformo<\/b><\/h3>\n<p><span style=\"font-weight: 400;\">En la actualidad, el cloroformo se utiliza casi exclusivamente para <\/span><b>investigaci\u00f3n y aplicaciones industriales<\/b><span style=\"font-weight: 400;\">incluyendo:<\/span><\/p>\n<ul>\n<li style=\"font-weight: 400;\" aria-level=\"1\"><b>Qu\u00edmica Org\u00e1nica:<\/b><span style=\"font-weight: 400;\"> Disolvente no polar utilizado en reacciones y preparaciones de muestras.<\/span>&nbsp;<\/li>\n<li style=\"font-weight: 400;\" aria-level=\"1\"><b>Protocolos de extracci\u00f3n de ADN:<\/b><span style=\"font-weight: 400;\"> Com\u00fanmente utilizado en m\u00e9todos de extracci\u00f3n con fenol-cloroformo para aislar \u00e1cidos nucleicos en laboratorios de biolog\u00eda molecular.<\/span>&nbsp;<\/li>\n<li style=\"font-weight: 400;\" aria-level=\"1\"><b>S\u00edntesis industrial y farmac\u00e9utica:<\/b><span style=\"font-weight: 400;\"> En nichos de mercado, a menudo bajo estrictos controles, el cloroformo sirve como disolvente intermedio o de transformaci\u00f3n.<\/span>&nbsp;<\/li>\n<\/ul>\n<h3><b>Situaci\u00f3n jur\u00eddica y normativa<\/b><\/h3>\n<h3><b>Clasificaci\u00f3n controlada<\/b><\/h3>\n<p><span style=\"font-weight: 400;\">El cloroformo est\u00e1 clasificado como <\/span><b>sustancia peligrosa<\/b><span style=\"font-weight: 400;\"> y est\u00e1 regulada por:<\/span><\/p>\n<ul>\n<li style=\"font-weight: 400;\" aria-level=\"1\"><b>Ley de Control de Sustancias T\u00f3xicas (TSCA)<\/b><span style=\"font-weight: 400;\"> en EE.UU.<\/span>&nbsp;<\/li>\n<li style=\"font-weight: 400;\" aria-level=\"1\"><b>Reglamento REACH<\/b><span style=\"font-weight: 400;\"> en la UE<\/span>&nbsp;<\/li>\n<li style=\"font-weight: 400;\" aria-level=\"1\"><span style=\"font-weight: 400;\">Restricciones adicionales en Canad\u00e1, Australia y el Reino Unido.<\/span>&nbsp;<\/li>\n<\/ul>\n<h3><b>Requisitos de compra<\/b><\/h3>\n<ul>\n<li style=\"font-weight: 400;\" aria-level=\"1\"><b>Permisos o licencias<\/b><span style=\"font-weight: 400;\"> seg\u00fan el pa\u00eds y el caso de uso.<\/span>&nbsp;<\/li>\n<li style=\"font-weight: 400;\" aria-level=\"1\"><b>Credenciales empresariales o institucionales<\/b><span style=\"font-weight: 400;\"> suelen ser necesarios-<\/span><b>los particulares no pueden comprar cloroformo legalmente<\/b><span style=\"font-weight: 400;\"> en la mayor\u00eda de las regiones.<\/span>&nbsp;<\/li>\n<\/ul>\n<h3><b>Restricciones<\/b><\/h3>\n<ul>\n<li style=\"font-weight: 400;\" aria-level=\"1\"><span style=\"font-weight: 400;\">El uso no profesional o recreativo es <\/span><b>estrictamente prohibido<\/b><span style=\"font-weight: 400;\">.<\/span>&nbsp;<\/li>\n<li style=\"font-weight: 400;\" aria-level=\"1\"><span style=\"font-weight: 400;\">La importaci\u00f3n\/exportaci\u00f3n y el almacenamiento est\u00e1n sujetos a la normativa local sobre seguridad qu\u00edmica y medio ambiente.<\/span>&nbsp;<\/li>\n<\/ul>\n<h3><b>Normas de seguridad y manipulaci\u00f3n<\/b><\/h3>\n<p><span style=\"font-weight: 400;\"><a href=\"https:\/\/en.wikipedia.org\/wiki\/Chloroform\">Cloroformo<\/a> debe tratarse con extremo cuidado debido a su <\/span><b>riesgos sanitarios conocidos<\/b><span style=\"font-weight: 400;\">incluyendo:<\/span><\/p>\n<ul>\n<li style=\"font-weight: 400;\" aria-level=\"1\"><b>Hepatotoxicidad y nefrotoxicidad<\/b>&nbsp;<\/li>\n<li style=\"font-weight: 400;\" aria-level=\"1\"><b>Posibles efectos cancer\u00edgenos<\/b><span style=\"font-weight: 400;\"> (IARC Grupo 2B)<\/span>&nbsp;<\/li>\n<li style=\"font-weight: 400;\" aria-level=\"1\"><span style=\"font-weight: 400;\">Depresi\u00f3n del sistema nervioso central en concentraciones elevadas<\/span>&nbsp;<\/li>\n<\/ul>\n<h3><b>Medidas de seguridad obligatorias<\/b><\/h3>\n<ul>\n<li style=\"font-weight: 400;\" aria-level=\"1\"><span style=\"font-weight: 400;\">Utilizaci\u00f3n en un <\/span><b>campana extractora bien ventilada<\/b>&nbsp;<\/li>\n<li style=\"font-weight: 400;\" aria-level=\"1\"><span style=\"font-weight: 400;\">Equipo de protecci\u00f3n individual (EPI): guantes, gafas, bata de laboratorio<\/span>&nbsp;<\/li>\n<li style=\"font-weight: 400;\" aria-level=\"1\"><span style=\"font-weight: 400;\">Almacenamiento en <\/span><b>recipientes de vidrio \u00e1mbar herm\u00e9ticamente cerrados<\/b><span style=\"font-weight: 400;\">lejos del calor y la luz<\/span>&nbsp;<\/li>\n<\/ul>\n<h3><b>Protocolo de eliminaci\u00f3n<\/b><\/h3>\n<p><span style=\"font-weight: 400;\">Debe eliminarse como <\/span><b>residuos qu\u00edmicos peligrosos<\/b><span style=\"font-weight: 400;\"> a trav\u00e9s de servicios de eliminaci\u00f3n certificados, nunca a trav\u00e9s de residuos generales o desag\u00fces.<\/span><\/p>\n<h3><b>D\u00f3nde comprar cloroformo en l\u00ednea<\/b><\/h3>\n<p><span style=\"font-weight: 400;\">Al comprar cloroformo, es fundamental <\/span><b>abastecerse \u00fanicamente de proveedores de productos qu\u00edmicos autorizados y certificados<\/b><span style=\"font-weight: 400;\">. Evite los mercados de terceros o los sitios web no regulados.<\/span><\/p>\n<h3><b>Qu\u00e9 buscar en un proveedor de confianza<\/b><\/h3>\n<ul>\n<li style=\"font-weight: 400;\" aria-level=\"1\"><b>Prueba de la licencia comercial<\/b>&nbsp;<\/li>\n<li style=\"font-weight: 400;\" aria-level=\"1\"><span style=\"font-weight: 400;\">Disponibilidad de <\/span><b>FDS (Fichas de datos de seguridad)<\/b><span style=\"font-weight: 400;\"> y <\/span><b>COA (certificados de an\u00e1lisis)<\/b>&nbsp;<\/li>\n<li style=\"font-weight: 400;\" aria-level=\"1\"><span style=\"font-weight: 400;\">Pol\u00edticas de env\u00edo transparentes y cumplimiento de la normativa<\/span>&nbsp;<\/li>\n<li style=\"font-weight: 400;\" aria-level=\"1\"><span style=\"font-weight: 400;\">Canales espec\u00edficos de distribuci\u00f3n de productos qu\u00edmicos B2B<\/span>&nbsp;<\/li>\n<\/ul>\n<h3><b>Conclusi\u00f3n<\/b><\/h3>\n<p><span style=\"font-weight: 400;\">Para comprar cloroformo por Internet es necesario <\/span><b>conocimiento profundo de las responsabilidades legales y los protocolos de seguridad<\/b><span style=\"font-weight: 400;\">. S\u00f3lo <\/span><b>profesionales o instituciones autorizados<\/b><span style=\"font-weight: 400;\"> debe manejar este compuesto, y s\u00f3lo para <\/span><b>aplicaciones industriales o de investigaci\u00f3n aprobadas<\/b><span style=\"font-weight: 400;\">.<\/span><\/p>\n<h3><b>Recordatorios finales:<\/b><\/h3>\n<ul>\n<li style=\"font-weight: 400;\" aria-level=\"1\"><span style=\"font-weight: 400;\">Verifique siempre la legalidad antes de comprar<\/span>&nbsp;<\/li>\n<li style=\"font-weight: 400;\" aria-level=\"1\"><span style=\"font-weight: 400;\">Nunca intente comprar cloroformo sin las credenciales adecuadas<\/span>&nbsp;<\/li>\n<\/ul>","protected":false},"excerpt":{"rendered":"<p>El cloroformo, cuya f\u00f3rmula qu\u00edmica es CHCl\u2083, es un l\u00edquido incoloro, vol\u00e1til y de olor dulce. Se ha utilizado en diversas aplicaciones, sobre todo en laboratorios e industrias, pero tambi\u00e9n plantea importantes riesgos para la salud y la seguridad. He aqu\u00ed una visi\u00f3n general del cloroformo, incluidas sus propiedades, usos, consideraciones de seguridad y aspectos normativos.<\/p>\n<ul>\n<li><strong>Estado f\u00edsico<\/strong>: L\u00edquido incoloro a temperatura ambiente.<\/li>\n<li><strong>Olor<\/strong>: Olor dulce caracter\u00edstico, que puede inducir a error sobre su toxicidad.<\/li>\n<li><strong>Punto de ebullici\u00f3n<\/strong>: Aproximadamente 61,2 \u00b0C (142,2 \u00b0F).<\/li>\n<li><strong>Solubilidad<\/strong>: Ligeramente soluble en agua pero miscible con disolventes org\u00e1nicos.<\/li>\n<\/ul>","protected":false},"featured_media":1436,"comment_status":"open","ping_status":"closed","template":"","meta":{"_kadence_starter_templates_imported_post":false,"_kad_post_transparent":"default","_kad_post_title":"","_kad_post_layout":"default","_kad_post_sidebar_id":"","_kad_post_content_style":"default","_kad_post_vertical_padding":"default","_kad_post_feature":"","_kad_post_feature_position":"","_kad_post_header":false,"_kad_post_footer":false,"_joinchat":[]},"product_brand":[],"product_cat":[126],"product_tag":[],"class_list":{"0":"post-1118","1":"product","2":"type-product","3":"status-publish","4":"has-post-thumbnail","6":"product_cat-environmental-and-health-hazards","8":"first","9":"instock","10":"shipping-taxable","11":"product-type-simple","12":"entry","13":"content-bg","14":"loop-entry"},"yoast_head":"<!-- This site is optimized with the Yoast SEO plugin v25.6 - https:\/\/yoast.com\/wordpress\/plugins\/seo\/ -->\n<title>Buy Chloroform Supplier Online - Chloroform for Sale<\/title>\n<meta name=\"description\" content=\"Do not miss any opportunity to buy chloroform supplier online from our store. We are exclusively dealing with chloroform for sale at cheap rates. We are here to help you. Order now!\" \/>\n<meta name=\"robots\" content=\"index, follow, max-snippet:-1, max-image-preview:large, max-video-preview:-1\" \/>\n<link rel=\"canonical\" href=\"https:\/\/subszone.com\/es\/product\/cloroformo\/\" \/>\n<meta property=\"og:locale\" content=\"es_ES\" \/>\n<meta property=\"og:type\" content=\"article\" \/>\n<meta property=\"og:title\" content=\"Buy Chloroform Supplier Online - Chloroform for Sale\" \/>\n<meta property=\"og:description\" content=\"Do not miss any opportunity to buy chloroform supplier online from our store. We are exclusively dealing with chloroform for sale at cheap rates. We are here to help you. Order now!\" \/>\n<meta property=\"og:url\" content=\"https:\/\/subszone.com\/es\/product\/cloroformo\/\" \/>\n<meta property=\"og:site_name\" content=\"SubsZone\" \/>\n<meta property=\"article:modified_time\" content=\"2025-08-01T08:32:34+00:00\" \/>\n<meta property=\"og:image\" content=\"https:\/\/subszone.com\/wp-content\/uploads\/2024\/10\/Chloroform-2.gif\" \/>\n\t<meta property=\"og:image:width\" content=\"600\" \/>\n\t<meta property=\"og:image:height\" content=\"600\" \/>\n\t<meta property=\"og:image:type\" content=\"image\/gif\" \/>\n<meta name=\"twitter:card\" content=\"summary_large_image\" \/>\n<meta name=\"twitter:label1\" content=\"Tiempo de lectura\" \/>\n\t<meta name=\"twitter:data1\" content=\"3 minutos\" \/>\n<script type=\"application\/ld+json\" class=\"yoast-schema-graph\">{\"@context\":\"https:\/\/schema.org\",\"@graph\":[{\"@type\":\"WebPage\",\"@id\":\"https:\/\/subszone.com\/product\/chloroform\/\",\"url\":\"https:\/\/subszone.com\/product\/chloroform\/\",\"name\":\"Buy Chloroform Supplier Online - Chloroform for Sale\",\"isPartOf\":{\"@id\":\"https:\/\/subszone.com\/#website\"},\"primaryImageOfPage\":{\"@id\":\"https:\/\/subszone.com\/product\/chloroform\/#primaryimage\"},\"image\":{\"@id\":\"https:\/\/subszone.com\/product\/chloroform\/#primaryimage\"},\"thumbnailUrl\":\"https:\/\/subszone.com\/wp-content\/uploads\/2024\/10\/Chloroform-2.gif\",\"datePublished\":\"2024-10-23T11:14:05+00:00\",\"dateModified\":\"2025-08-01T08:32:34+00:00\",\"description\":\"Do not miss any opportunity to buy chloroform supplier online from our store. We are exclusively dealing with chloroform for sale at cheap rates. We are here to help you. Order now!\",\"breadcrumb\":{\"@id\":\"https:\/\/subszone.com\/product\/chloroform\/#breadcrumb\"},\"inLanguage\":\"es\",\"potentialAction\":[{\"@type\":\"ReadAction\",\"target\":[\"https:\/\/subszone.com\/product\/chloroform\/\"]}]},{\"@type\":\"ImageObject\",\"inLanguage\":\"es\",\"@id\":\"https:\/\/subszone.com\/product\/chloroform\/#primaryimage\",\"url\":\"https:\/\/subszone.com\/wp-content\/uploads\/2024\/10\/Chloroform-2.gif\",\"contentUrl\":\"https:\/\/subszone.com\/wp-content\/uploads\/2024\/10\/Chloroform-2.gif\",\"width\":600,\"height\":600,\"caption\":\"Buy Chloroform Online\"},{\"@type\":\"BreadcrumbList\",\"@id\":\"https:\/\/subszone.com\/product\/chloroform\/#breadcrumb\",\"itemListElement\":[{\"@type\":\"ListItem\",\"position\":1,\"name\":\"Home\",\"item\":\"https:\/\/subszone.com\/\"},{\"@type\":\"ListItem\",\"position\":2,\"name\":\"Shop\",\"item\":\"https:\/\/subszone.com\/shop\/\"},{\"@type\":\"ListItem\",\"position\":3,\"name\":\"Buy Chloroform Online\"}]},{\"@type\":\"WebSite\",\"@id\":\"https:\/\/subszone.com\/#website\",\"url\":\"https:\/\/subszone.com\/\",\"name\":\"SubsZone\",\"description\":\"My WordPress Blog\",\"publisher\":{\"@id\":\"https:\/\/subszone.com\/#organization\"},\"potentialAction\":[{\"@type\":\"SearchAction\",\"target\":{\"@type\":\"EntryPoint\",\"urlTemplate\":\"https:\/\/subszone.com\/?s={search_term_string}\"},\"query-input\":{\"@type\":\"PropertyValueSpecification\",\"valueRequired\":true,\"valueName\":\"search_term_string\"}}],\"inLanguage\":\"es\"},{\"@type\":\"Organization\",\"@id\":\"https:\/\/subszone.com\/#organization\",\"name\":\"SubsZone\",\"url\":\"https:\/\/subszone.com\/\",\"logo\":{\"@type\":\"ImageObject\",\"inLanguage\":\"es\",\"@id\":\"https:\/\/subszone.com\/#\/schema\/logo\/image\/\",\"url\":\"https:\/\/subszone.com\/wp-content\/uploads\/2024\/10\/logo.png\",\"contentUrl\":\"https:\/\/subszone.com\/wp-content\/uploads\/2024\/10\/logo.png\",\"width\":193,\"height\":50,\"caption\":\"SubsZone\"},\"image\":{\"@id\":\"https:\/\/subszone.com\/#\/schema\/logo\/image\/\"}}]}<\/script>\n<!-- \/ Yoast SEO plugin. -->","yoast_head_json":{"title":"Comprar Cloroformo Proveedor en l\u00ednea - Cloroformo en venta","description":"No te pierdas ninguna oportunidad de comprar cloroformo proveedor en l\u00ednea de nuestra tienda. Estamos tratando exclusivamente con cloroformo para la venta a precios baratos. Estamos aqu\u00ed para ayudarle. \u00a1Orden ahora!","robots":{"index":"index","follow":"follow","max-snippet":"max-snippet:-1","max-image-preview":"max-image-preview:large","max-video-preview":"max-video-preview:-1"},"canonical":"https:\/\/subszone.com\/es\/product\/cloroformo\/","og_locale":"es_ES","og_type":"article","og_title":"Buy Chloroform Supplier Online - Chloroform for Sale","og_description":"Do not miss any opportunity to buy chloroform supplier online from our store. We are exclusively dealing with chloroform for sale at cheap rates. We are here to help you. Order now!","og_url":"https:\/\/subszone.com\/es\/product\/cloroformo\/","og_site_name":"SubsZone","article_modified_time":"2025-08-01T08:32:34+00:00","og_image":[{"width":600,"height":600,"url":"https:\/\/subszone.com\/wp-content\/uploads\/2024\/10\/Chloroform-2.gif","type":"image\/gif"}],"twitter_card":"summary_large_image","twitter_misc":{"Tiempo de lectura":"3 minutos"},"schema":{"@context":"https:\/\/schema.org","@graph":[{"@type":"WebPage","@id":"https:\/\/subszone.com\/product\/chloroform\/","url":"https:\/\/subszone.com\/product\/chloroform\/","name":"Comprar Cloroformo Proveedor en l\u00ednea - Cloroformo en venta","isPartOf":{"@id":"https:\/\/subszone.com\/#website"},"primaryImageOfPage":{"@id":"https:\/\/subszone.com\/product\/chloroform\/#primaryimage"},"image":{"@id":"https:\/\/subszone.com\/product\/chloroform\/#primaryimage"},"thumbnailUrl":"https:\/\/subszone.com\/wp-content\/uploads\/2024\/10\/Chloroform-2.gif","datePublished":"2024-10-23T11:14:05+00:00","dateModified":"2025-08-01T08:32:34+00:00","description":"No te pierdas ninguna oportunidad de comprar cloroformo proveedor en l\u00ednea de nuestra tienda. Estamos tratando exclusivamente con cloroformo para la venta a precios baratos. Estamos aqu\u00ed para ayudarle. \u00a1Orden ahora!","breadcrumb":{"@id":"https:\/\/subszone.com\/product\/chloroform\/#breadcrumb"},"inLanguage":"es","potentialAction":[{"@type":"ReadAction","target":["https:\/\/subszone.com\/product\/chloroform\/"]}]},{"@type":"ImageObject","inLanguage":"es","@id":"https:\/\/subszone.com\/product\/chloroform\/#primaryimage","url":"https:\/\/subszone.com\/wp-content\/uploads\/2024\/10\/Chloroform-2.gif","contentUrl":"https:\/\/subszone.com\/wp-content\/uploads\/2024\/10\/Chloroform-2.gif","width":600,"height":600,"caption":"Buy Chloroform Online"},{"@type":"BreadcrumbList","@id":"https:\/\/subszone.com\/product\/chloroform\/#breadcrumb","itemListElement":[{"@type":"ListItem","position":1,"name":"Home","item":"https:\/\/subszone.com\/"},{"@type":"ListItem","position":2,"name":"Shop","item":"https:\/\/subszone.com\/shop\/"},{"@type":"ListItem","position":3,"name":"Buy Chloroform Online"}]},{"@type":"WebSite","@id":"https:\/\/subszone.com\/#website","url":"https:\/\/subszone.com\/","name":"SubsZone","description":"Mi blog de WordPress","publisher":{"@id":"https:\/\/subszone.com\/#organization"},"potentialAction":[{"@type":"SearchAction","target":{"@type":"EntryPoint","urlTemplate":"https:\/\/subszone.com\/?s={search_term_string}"},"query-input":{"@type":"PropertyValueSpecification","valueRequired":true,"valueName":"search_term_string"}}],"inLanguage":"es"},{"@type":"Organization","@id":"https:\/\/subszone.com\/#organization","name":"SubsZone","url":"https:\/\/subszone.com\/","logo":{"@type":"ImageObject","inLanguage":"es","@id":"https:\/\/subszone.com\/#\/schema\/logo\/image\/","url":"https:\/\/subszone.com\/wp-content\/uploads\/2024\/10\/logo.png","contentUrl":"https:\/\/subszone.com\/wp-content\/uploads\/2024\/10\/logo.png","width":193,"height":50,"caption":"SubsZone"},"image":{"@id":"https:\/\/subszone.com\/#\/schema\/logo\/image\/"}}]}},"_links":{"self":[{"href":"https:\/\/subszone.com\/es\/wp-json\/wp\/v2\/product\/1118","targetHints":{"allow":["GET"]}}],"collection":[{"href":"https:\/\/subszone.com\/es\/wp-json\/wp\/v2\/product"}],"about":[{"href":"https:\/\/subszone.com\/es\/wp-json\/wp\/v2\/types\/product"}],"replies":[{"embeddable":true,"href":"https:\/\/subszone.com\/es\/wp-json\/wp\/v2\/comments?post=1118"}],"wp:featuredmedia":[{"embeddable":true,"href":"https:\/\/subszone.com\/es\/wp-json\/wp\/v2\/media\/1436"}],"wp:attachment":[{"href":"https:\/\/subszone.com\/es\/wp-json\/wp\/v2\/media?parent=1118"}],"wp:term":[{"taxonomy":"product_brand","embeddable":true,"href":"https:\/\/subszone.com\/es\/wp-json\/wp\/v2\/product_brand?post=1118"},{"taxonomy":"product_cat","embeddable":true,"href":"https:\/\/subszone.com\/es\/wp-json\/wp\/v2\/product_cat?post=1118"},{"taxonomy":"product_tag","embeddable":true,"href":"https:\/\/subszone.com\/es\/wp-json\/wp\/v2\/product_tag?post=1118"}],"curies":[{"name":"wp","href":"https:\/\/api.w.org\/{rel}","templated":true}]}}