{"id":1119,"date":"2024-10-23T11:14:09","date_gmt":"2024-10-23T11:14:09","guid":{"rendered":"https:\/\/subszone.com\/?post_type=product&#038;p=1119"},"modified":"2025-05-31T05:05:08","modified_gmt":"2025-05-31T05:05:08","slug":"chromium-trioxide","status":"publish","type":"product","link":"https:\/\/subszone.com\/es\/product\/chromium-trioxide\/","title":{"rendered":"Comprar tri\u00f3xido de cromo en l\u00ednea"},"content":{"rendered":"<h2><b>Comprar tri\u00f3xido de cromo en l\u00ednea - CrO\u2083 de gran pureza para aplicaciones industriales y de laboratorio<\/b><\/h2>\n<p><span style=\"font-weight: 400;\">Con vistas a <\/span><a href=\"https:\/\/subszone.com\/es\/product\/chromium-trioxide\/\"><b>comprar tri\u00f3xido de cromo en l\u00ednea<\/b><\/a><span style=\"font-weight: 400;\"> de una fuente fiable? Nuestro tri\u00f3xido de cromo (CrO\u2083) de primera calidad ya est\u00e1 disponible para laboratorios certificados, instalaciones industriales e instituciones de investigaci\u00f3n autorizadas. Conocido por sus potentes propiedades oxidantes, el tri\u00f3xido de cromo desempe\u00f1a un papel fundamental en aplicaciones de acabado de metales, galvanoplastia, s\u00edntesis org\u00e1nica y tratamiento de superficies.<\/span><\/p>\n<h3><b>\u00bfQu\u00e9 es el tri\u00f3xido de cromo?<\/b><\/h3>\n<p><span style=\"font-weight: 400;\">El tri\u00f3xido de cromo, tambi\u00e9n conocido como \u00e1cido cr\u00f3mico en disoluci\u00f3n, es un s\u00f3lido cristalino de color rojo oscuro compuesto por cromo en su forma hexavalente. Es un potente oxidante muy utilizado en la fabricaci\u00f3n de productos qu\u00edmicos y en procesos metal\u00fargicos. Debido a su naturaleza peligrosa, est\u00e1 estrictamente regulado y destinado exclusivamente a entornos profesionales y controlados.<\/span><\/p>\n<h3><b>Principales usos industriales y de laboratorio<\/b><\/h3>\n<ul>\n<li style=\"font-weight: 400;\" aria-level=\"1\"><b>Galvanoplastia y acabado de superficies:<\/b><span style=\"font-weight: 400;\"> Se utiliza en procesos de cromado para obtener resistencia a la corrosi\u00f3n y acabados est\u00e9ticos.<\/span><span style=\"font-weight: 400;\">\n<p><\/span><\/li>\n<li style=\"font-weight: 400;\" aria-level=\"1\"><b>S\u00edntesis org\u00e1nica:<\/b><span style=\"font-weight: 400;\"> Act\u00faa como un potente agente oxidante en laboratorios y s\u00edntesis qu\u00edmicas industriales.<\/span><span style=\"font-weight: 400;\">\n<p><\/span><\/li>\n<li style=\"font-weight: 400;\" aria-level=\"1\"><b>Fabricaci\u00f3n de vidrio y cer\u00e1mica:<\/b><span style=\"font-weight: 400;\"> Mejora el color y la durabilidad de la cristaler\u00eda especial.<\/span><span style=\"font-weight: 400;\">\n<p><\/span><\/li>\n<li style=\"font-weight: 400;\" aria-level=\"1\"><b>Inhibidor de la corrosi\u00f3n:<\/b><span style=\"font-weight: 400;\"> Se utiliza en aplicaciones aeroespaciales y marinas para revestimientos protectores.<\/span><span style=\"font-weight: 400;\">\n<p><\/span><\/li>\n<\/ul>\n<h3><b>\u00bfPor qu\u00e9 comprar tri\u00f3xido de cromo en l\u00ednea?<\/b><\/h3>\n<p><span style=\"font-weight: 400;\">Pedir tri\u00f3xido de cromo en l\u00ednea asegura:<\/span><\/p>\n<ul>\n<li style=\"font-weight: 400;\" aria-level=\"1\"><b>Comodidad:<\/b><span style=\"font-weight: 400;\"> Entrega directa en instalaciones autorizadas<\/span><span style=\"font-weight: 400;\">\n<p><\/span><\/li>\n<li style=\"font-weight: 400;\" aria-level=\"1\"><b>Opciones a granel:<\/b><span style=\"font-weight: 400;\"> Envases flexibles desde botellas de 100 g para laboratorio hasta bidones industriales<\/span><span style=\"font-weight: 400;\">\n<p><\/span><\/li>\n<li style=\"font-weight: 400;\" aria-level=\"1\"><b>Tarifas competitivas:<\/b><span style=\"font-weight: 400;\"> Acceso a <\/span><b>precio barato del tri\u00f3xido de cromo<\/b><span style=\"font-weight: 400;\"> sin comprometer la pureza ni la conformidad<\/span><span style=\"font-weight: 400;\">\n<p><\/span><\/li>\n<li style=\"font-weight: 400;\" aria-level=\"1\"><b>Disponibilidad:<\/b><span style=\"font-weight: 400;\"> Certificado <\/span><b>Venta de tri\u00f3xido de cromo<\/b><span style=\"font-weight: 400;\"> con asistencia t\u00e9cnica y documentaci\u00f3n incluidas<\/span><span style=\"font-weight: 400;\">\n<p><\/span><\/li>\n<\/ul>\n<h3><b>Normativa que debe conocer antes de comprar<\/b><\/h3>\n<p><span style=\"font-weight: 400;\">El tri\u00f3xido de cromo es un <\/span><b>sustancia peligrosa altamente regulada<\/b><span style=\"font-weight: 400;\"> bajo marcos globales de seguridad qu\u00edmica como:<\/span><\/p>\n<ul>\n<li style=\"font-weight: 400;\" aria-level=\"1\"><b>REACH (UE)<\/b><b>\n<p><\/b><\/li>\n<li style=\"font-weight: 400;\" aria-level=\"1\"><b>OSHA &amp; EPA (EE.UU.)<\/b><b>\n<p><\/b><\/li>\n<li style=\"font-weight: 400;\" aria-level=\"1\"><b>Sistemas de etiquetado CLP y GHS<\/b><b>\n<p><\/b><\/li>\n<\/ul>\n<p><span style=\"font-weight: 400;\">Los compradores deben aportar las certificaciones, permisos y declaraciones de uso final pertinentes. No est\u00e1 disponible para uso personal o no industrial.<\/span><\/p>\n<h3><b>C\u00f3mo verificar la legitimidad de un proveedor qu\u00edmico<\/b><\/h3>\n<p><span style=\"font-weight: 400;\">Para garantizar la seguridad y el cumplimiento de la normativa cuando <\/span><b>pedir <a href=\"https:\/\/en.wikipedia.org\/wiki\/Chromium_trioxide\">Tri\u00f3xido de cromo<\/a> en l\u00ednea<\/b><span style=\"font-weight: 400;\">Busca:<\/span><\/p>\n<ul>\n<li style=\"font-weight: 400;\" aria-level=\"1\"><span style=\"font-weight: 400;\">Proveedores con certificaci\u00f3n ISO y credibilidad demostrada en el sector<\/span><span style=\"font-weight: 400;\">\n<p><\/span><\/li>\n<li style=\"font-weight: 400;\" aria-level=\"1\"><span style=\"font-weight: 400;\">Acceso completo a las fichas de datos de seguridad (FDS) y al certificado de an\u00e1lisis (COA)<\/span><span style=\"font-weight: 400;\">\n<p><\/span><\/li>\n<li style=\"font-weight: 400;\" aria-level=\"1\"><span style=\"font-weight: 400;\">Pago seguro y env\u00edo rastreable de materiales peligrosos<\/span><span style=\"font-weight: 400;\">\n<p><\/span><\/li>\n<li style=\"font-weight: 400;\" aria-level=\"1\"><span style=\"font-weight: 400;\">Opiniones de clientes y servicios de asistencia transparentes<\/span><span style=\"font-weight: 400;\">\n<p><\/span><\/li>\n<\/ul>\n<p><span style=\"font-weight: 400;\">Estamos orgullosos de ser el <\/span><b>mejor lugar para comprar tri\u00f3xido de cromo<\/b><span style=\"font-weight: 400;\"> en l\u00ednea, respaldados por conocimientos normativos, documentaci\u00f3n t\u00e9cnica y protocolos de env\u00edo est\u00e1ndar del sector.<\/span><\/p>\n<h3><b>Protocolos de almacenamiento, uso y eliminaci\u00f3n<\/b><\/h3>\n<p><b>Almacenamiento:<\/b><b><br \/>\n<\/b><span style=\"font-weight: 400;\"> Conservar en recipientes herm\u00e9ticamente cerrados, resistentes a la corrosi\u00f3n, en lugar fresco, seco y bien ventilado. Evitar la exposici\u00f3n a materiales org\u00e1nicos y sustancias inflamables.<\/span><\/p>\n<p><b>Manipulaci\u00f3n:<\/b><b><br \/>\n<\/b><span style=\"font-weight: 400;\"> Utilizar EPI adecuados (guantes, gafas, mascarillas) y campanas de extracci\u00f3n. S\u00f3lo profesionales capacitados deben manipular este material.<\/span><\/p>\n<p><b>Eliminaci\u00f3n:<\/b><b><br \/>\n<\/b><span style=\"font-weight: 400;\"> Elimine los residuos de tri\u00f3xido de cromo de acuerdo con la normativa medioambiental local. No tirar nunca a la basura ni al sistema de aguas.<\/span><\/p>\n<h3><b>Reflexiones finales sobre la contrataci\u00f3n responsable<\/b><\/h3>\n<p><span style=\"font-weight: 400;\">El tri\u00f3xido de cromo es una sustancia potente pero peligrosa. Solo debe adquirirse en l\u00ednea a trav\u00e9s de proveedores autorizados y verificados, comprometidos con la seguridad, la legalidad y la responsabilidad medioambiental.<\/span><\/p>","protected":false},"excerpt":{"rendered":"<p><strong>Sin\u00f3nimo(s): \u00d3xido de cromo (VI), Anh\u00eddrido cr\u00f3mico<\/strong><br \/>\n<strong>F\u00f3rmula emp\u00edrica (notaci\u00f3n Hill): CrO3<\/strong><br \/>\n<strong>N\u00ba CAS: 1333-82-0<\/strong><br \/>\n<strong>Peso molecular: 99,99<\/strong><\/p>","protected":false},"featured_media":1435,"comment_status":"open","ping_status":"closed","template":"","meta":{"_kadence_starter_templates_imported_post":false,"_kad_post_transparent":"default","_kad_post_title":"","_kad_post_layout":"default","_kad_post_sidebar_id":"","_kad_post_content_style":"default","_kad_post_vertical_padding":"default","_kad_post_feature":"","_kad_post_feature_position":"","_kad_post_header":false,"_kad_post_footer":false,"_joinchat":[]},"product_brand":[],"product_cat":[129],"product_tag":[1039,1036,1046,1048,1045,1042,1050,1047,1043,1037,1044,1041,1054,1052,1035,1051,1040,1038,1053,1049],"class_list":{"0":"post-1119","1":"product","2":"type-product","3":"status-publish","4":"has-post-thumbnail","6":"product_cat-metal-processing-and-mining","7":"product_tag-bulk-chromium-trioxide-supplier","8":"product_tag-buy-chromium-trioxide","9":"product_tag-chromium-trioxide-as-oxidizing-agent","10":"product_tag-chromium-trioxide-distributor","11":"product_tag-chromium-trioxide-for-chemical-manufacturing","12":"product_tag-chromium-trioxide-for-electroplating","13":"product_tag-chromium-trioxide-for-industrial-applications","14":"product_tag-chromium-trioxide-for-laboratory-use","15":"product_tag-chromium-trioxide-for-metal-finishing","16":"product_tag-chromium-trioxide-for-sale","17":"product_tag-chromium-trioxide-in-chrome-plating","18":"product_tag-chromium-trioxide-price-and-availability","19":"product_tag-chromium-trioxide-procurement","20":"product_tag-chromium-trioxide-safety-and-compliance","21":"product_tag-chromium-trioxide-supplier","22":"product_tag-commercial-chromium-trioxide-supply","23":"product_tag-high-purity-chromium-trioxide","24":"product_tag-industrial-chromium-trioxide-supply","25":"product_tag-reliable-chromium-trioxide-supplier","26":"product_tag-where-to-buy-chromium-trioxide","28":"first","29":"instock","30":"shipping-taxable","31":"product-type-simple","32":"entry","33":"content-bg","34":"loop-entry"},"yoast_head":"<!-- This site is optimized with the Yoast SEO plugin v25.6 - https:\/\/yoast.com\/wordpress\/plugins\/seo\/ -->\n<title>Chromium Trioxide for Sale - Buy Chromium Trioxide Online<\/title>\n<meta name=\"description\" content=\"You can get chromium trioxide industrial for sale at the best rates from our online store. We are here to help you buy chromium trioxide online. Connect with best store in town today!\" \/>\n<meta name=\"robots\" content=\"index, follow, max-snippet:-1, max-image-preview:large, max-video-preview:-1\" \/>\n<link rel=\"canonical\" href=\"https:\/\/subszone.com\/es\/product\/chromium-trioxide\/\" \/>\n<meta property=\"og:locale\" content=\"es_ES\" \/>\n<meta property=\"og:type\" content=\"article\" \/>\n<meta property=\"og:title\" content=\"Chromium Trioxide for Sale - Buy Chromium Trioxide Online\" \/>\n<meta property=\"og:description\" content=\"You can get chromium trioxide industrial for sale at the best rates from our online store. We are here to help you buy chromium trioxide online. Connect with best store in town today!\" \/>\n<meta property=\"og:url\" content=\"https:\/\/subszone.com\/es\/product\/chromium-trioxide\/\" \/>\n<meta property=\"og:site_name\" content=\"SubsZone\" \/>\n<meta property=\"article:modified_time\" content=\"2025-05-31T05:05:08+00:00\" \/>\n<meta property=\"og:image\" content=\"https:\/\/subszone.com\/wp-content\/uploads\/2024\/10\/Chromium-Trioxide-2.gif\" \/>\n\t<meta property=\"og:image:width\" content=\"600\" \/>\n\t<meta property=\"og:image:height\" content=\"600\" \/>\n\t<meta property=\"og:image:type\" content=\"image\/gif\" \/>\n<meta name=\"twitter:card\" content=\"summary_large_image\" \/>\n<meta name=\"twitter:label1\" content=\"Tiempo de lectura\" \/>\n\t<meta name=\"twitter:data1\" content=\"3 minutos\" \/>\n<script type=\"application\/ld+json\" class=\"yoast-schema-graph\">{\"@context\":\"https:\/\/schema.org\",\"@graph\":[{\"@type\":\"WebPage\",\"@id\":\"https:\/\/subszone.com\/product\/chromium-trioxide\/\",\"url\":\"https:\/\/subszone.com\/product\/chromium-trioxide\/\",\"name\":\"Chromium Trioxide for Sale - Buy Chromium Trioxide Online\",\"isPartOf\":{\"@id\":\"https:\/\/subszone.com\/#website\"},\"primaryImageOfPage\":{\"@id\":\"https:\/\/subszone.com\/product\/chromium-trioxide\/#primaryimage\"},\"image\":{\"@id\":\"https:\/\/subszone.com\/product\/chromium-trioxide\/#primaryimage\"},\"thumbnailUrl\":\"https:\/\/subszone.com\/wp-content\/uploads\/2024\/10\/Chromium-Trioxide-2.gif\",\"datePublished\":\"2024-10-23T11:14:09+00:00\",\"dateModified\":\"2025-05-31T05:05:08+00:00\",\"description\":\"You can get chromium trioxide industrial for sale at the best rates from our online store. We are here to help you buy chromium trioxide online. Connect with best store in town today!\",\"breadcrumb\":{\"@id\":\"https:\/\/subszone.com\/product\/chromium-trioxide\/#breadcrumb\"},\"inLanguage\":\"es\",\"potentialAction\":[{\"@type\":\"ReadAction\",\"target\":[\"https:\/\/subszone.com\/product\/chromium-trioxide\/\"]}]},{\"@type\":\"ImageObject\",\"inLanguage\":\"es\",\"@id\":\"https:\/\/subszone.com\/product\/chromium-trioxide\/#primaryimage\",\"url\":\"https:\/\/subszone.com\/wp-content\/uploads\/2024\/10\/Chromium-Trioxide-2.gif\",\"contentUrl\":\"https:\/\/subszone.com\/wp-content\/uploads\/2024\/10\/Chromium-Trioxide-2.gif\",\"width\":600,\"height\":600,\"caption\":\"Buy Chromium Trioxide Online\"},{\"@type\":\"BreadcrumbList\",\"@id\":\"https:\/\/subszone.com\/product\/chromium-trioxide\/#breadcrumb\",\"itemListElement\":[{\"@type\":\"ListItem\",\"position\":1,\"name\":\"Home\",\"item\":\"https:\/\/subszone.com\/\"},{\"@type\":\"ListItem\",\"position\":2,\"name\":\"Shop\",\"item\":\"https:\/\/subszone.com\/shop\/\"},{\"@type\":\"ListItem\",\"position\":3,\"name\":\"Buy Chromium Trioxide Online\"}]},{\"@type\":\"WebSite\",\"@id\":\"https:\/\/subszone.com\/#website\",\"url\":\"https:\/\/subszone.com\/\",\"name\":\"SubsZone\",\"description\":\"My WordPress Blog\",\"publisher\":{\"@id\":\"https:\/\/subszone.com\/#organization\"},\"potentialAction\":[{\"@type\":\"SearchAction\",\"target\":{\"@type\":\"EntryPoint\",\"urlTemplate\":\"https:\/\/subszone.com\/?s={search_term_string}\"},\"query-input\":{\"@type\":\"PropertyValueSpecification\",\"valueRequired\":true,\"valueName\":\"search_term_string\"}}],\"inLanguage\":\"es\"},{\"@type\":\"Organization\",\"@id\":\"https:\/\/subszone.com\/#organization\",\"name\":\"SubsZone\",\"url\":\"https:\/\/subszone.com\/\",\"logo\":{\"@type\":\"ImageObject\",\"inLanguage\":\"es\",\"@id\":\"https:\/\/subszone.com\/#\/schema\/logo\/image\/\",\"url\":\"https:\/\/subszone.com\/wp-content\/uploads\/2024\/10\/logo.png\",\"contentUrl\":\"https:\/\/subszone.com\/wp-content\/uploads\/2024\/10\/logo.png\",\"width\":193,\"height\":50,\"caption\":\"SubsZone\"},\"image\":{\"@id\":\"https:\/\/subszone.com\/#\/schema\/logo\/image\/\"}}]}<\/script>\n<!-- \/ Yoast SEO plugin. -->","yoast_head_json":{"title":"Tri\u00f3xido de cromo en venta - Comprar tri\u00f3xido de cromo en l\u00ednea","description":"Puede obtener tri\u00f3xido de cromo industrial en venta a los mejores precios en nuestra tienda en l\u00ednea. Estamos aqu\u00ed para ayudarle a comprar tri\u00f3xido de cromo en l\u00ednea. \u00a1Conectar con la mejor tienda de la ciudad hoy!","robots":{"index":"index","follow":"follow","max-snippet":"max-snippet:-1","max-image-preview":"max-image-preview:large","max-video-preview":"max-video-preview:-1"},"canonical":"https:\/\/subszone.com\/es\/product\/chromium-trioxide\/","og_locale":"es_ES","og_type":"article","og_title":"Chromium Trioxide for Sale - Buy Chromium Trioxide Online","og_description":"You can get chromium trioxide industrial for sale at the best rates from our online store. We are here to help you buy chromium trioxide online. Connect with best store in town today!","og_url":"https:\/\/subszone.com\/es\/product\/chromium-trioxide\/","og_site_name":"SubsZone","article_modified_time":"2025-05-31T05:05:08+00:00","og_image":[{"width":600,"height":600,"url":"https:\/\/subszone.com\/wp-content\/uploads\/2024\/10\/Chromium-Trioxide-2.gif","type":"image\/gif"}],"twitter_card":"summary_large_image","twitter_misc":{"Tiempo de lectura":"3 minutos"},"schema":{"@context":"https:\/\/schema.org","@graph":[{"@type":"WebPage","@id":"https:\/\/subszone.com\/product\/chromium-trioxide\/","url":"https:\/\/subszone.com\/product\/chromium-trioxide\/","name":"Tri\u00f3xido de cromo en venta - Comprar tri\u00f3xido de cromo en l\u00ednea","isPartOf":{"@id":"https:\/\/subszone.com\/#website"},"primaryImageOfPage":{"@id":"https:\/\/subszone.com\/product\/chromium-trioxide\/#primaryimage"},"image":{"@id":"https:\/\/subszone.com\/product\/chromium-trioxide\/#primaryimage"},"thumbnailUrl":"https:\/\/subszone.com\/wp-content\/uploads\/2024\/10\/Chromium-Trioxide-2.gif","datePublished":"2024-10-23T11:14:09+00:00","dateModified":"2025-05-31T05:05:08+00:00","description":"Puede obtener tri\u00f3xido de cromo industrial en venta a los mejores precios en nuestra tienda en l\u00ednea. Estamos aqu\u00ed para ayudarle a comprar tri\u00f3xido de cromo en l\u00ednea. \u00a1Conectar con la mejor tienda de la ciudad hoy!","breadcrumb":{"@id":"https:\/\/subszone.com\/product\/chromium-trioxide\/#breadcrumb"},"inLanguage":"es","potentialAction":[{"@type":"ReadAction","target":["https:\/\/subszone.com\/product\/chromium-trioxide\/"]}]},{"@type":"ImageObject","inLanguage":"es","@id":"https:\/\/subszone.com\/product\/chromium-trioxide\/#primaryimage","url":"https:\/\/subszone.com\/wp-content\/uploads\/2024\/10\/Chromium-Trioxide-2.gif","contentUrl":"https:\/\/subszone.com\/wp-content\/uploads\/2024\/10\/Chromium-Trioxide-2.gif","width":600,"height":600,"caption":"Buy Chromium Trioxide Online"},{"@type":"BreadcrumbList","@id":"https:\/\/subszone.com\/product\/chromium-trioxide\/#breadcrumb","itemListElement":[{"@type":"ListItem","position":1,"name":"Home","item":"https:\/\/subszone.com\/"},{"@type":"ListItem","position":2,"name":"Shop","item":"https:\/\/subszone.com\/shop\/"},{"@type":"ListItem","position":3,"name":"Buy Chromium Trioxide Online"}]},{"@type":"WebSite","@id":"https:\/\/subszone.com\/#website","url":"https:\/\/subszone.com\/","name":"SubsZone","description":"Mi blog de WordPress","publisher":{"@id":"https:\/\/subszone.com\/#organization"},"potentialAction":[{"@type":"SearchAction","target":{"@type":"EntryPoint","urlTemplate":"https:\/\/subszone.com\/?s={search_term_string}"},"query-input":{"@type":"PropertyValueSpecification","valueRequired":true,"valueName":"search_term_string"}}],"inLanguage":"es"},{"@type":"Organization","@id":"https:\/\/subszone.com\/#organization","name":"SubsZone","url":"https:\/\/subszone.com\/","logo":{"@type":"ImageObject","inLanguage":"es","@id":"https:\/\/subszone.com\/#\/schema\/logo\/image\/","url":"https:\/\/subszone.com\/wp-content\/uploads\/2024\/10\/logo.png","contentUrl":"https:\/\/subszone.com\/wp-content\/uploads\/2024\/10\/logo.png","width":193,"height":50,"caption":"SubsZone"},"image":{"@id":"https:\/\/subszone.com\/#\/schema\/logo\/image\/"}}]}},"_links":{"self":[{"href":"https:\/\/subszone.com\/es\/wp-json\/wp\/v2\/product\/1119","targetHints":{"allow":["GET"]}}],"collection":[{"href":"https:\/\/subszone.com\/es\/wp-json\/wp\/v2\/product"}],"about":[{"href":"https:\/\/subszone.com\/es\/wp-json\/wp\/v2\/types\/product"}],"replies":[{"embeddable":true,"href":"https:\/\/subszone.com\/es\/wp-json\/wp\/v2\/comments?post=1119"}],"wp:featuredmedia":[{"embeddable":true,"href":"https:\/\/subszone.com\/es\/wp-json\/wp\/v2\/media\/1435"}],"wp:attachment":[{"href":"https:\/\/subszone.com\/es\/wp-json\/wp\/v2\/media?parent=1119"}],"wp:term":[{"taxonomy":"product_brand","embeddable":true,"href":"https:\/\/subszone.com\/es\/wp-json\/wp\/v2\/product_brand?post=1119"},{"taxonomy":"product_cat","embeddable":true,"href":"https:\/\/subszone.com\/es\/wp-json\/wp\/v2\/product_cat?post=1119"},{"taxonomy":"product_tag","embeddable":true,"href":"https:\/\/subszone.com\/es\/wp-json\/wp\/v2\/product_tag?post=1119"}],"curies":[{"name":"wp","href":"https:\/\/api.w.org\/{rel}","templated":true}]}}