{"id":1122,"date":"2024-10-23T11:14:17","date_gmt":"2024-10-23T11:14:17","guid":{"rendered":"https:\/\/subszone.com\/?post_type=product&#038;p=1122"},"modified":"2025-08-01T08:01:20","modified_gmt":"2025-08-01T08:01:20","slug":"ciclohexanona","status":"publish","type":"product","link":"https:\/\/subszone.com\/es\/product\/ciclohexanona\/","title":{"rendered":"Comprar ciclohexanona en l\u00ednea"},"content":{"rendered":"<h2><b>Comprar Ciclohexanona Online - Calidad superior, precios competitivos, proveedor de confianza<\/b><\/h2>\n<p><span style=\"font-weight: 400;\">Con vistas a <\/span><a href=\"https:\/\/subszone.com\/es\/product\/ciclohexanona\/\"><b>comprar ciclohexanona online<\/b><\/a><span style=\"font-weight: 400;\">? Nuestra ciclohexanona de gran pureza ofrece la soluci\u00f3n perfecta para las necesidades industriales, de laboratorio y de fabricaci\u00f3n. Tanto si necesita cantidades a granel como envases m\u00e1s peque\u00f1os, le proporcionamos un acceso fiable a Ciclohexanona de m\u00e1xima calidad con una entrega r\u00e1pida y segura. Descubra por qu\u00e9 somos la <\/span><b>mejor lugar para comprar ciclohexanona<\/b><span style=\"font-weight: 400;\"> y disfrute de precios competitivos sin renunciar a la calidad.<\/span><\/p>\n<h3><b>\u00bfQu\u00e9 es la ciclohexanona?<\/b><\/h3>\n<p><span style=\"font-weight: 400;\">La ciclohexanona es un l\u00edquido aceitoso e incoloro con un caracter\u00edstico olor a cetona. Muy utilizada como intermediario qu\u00edmico esencial, desempe\u00f1a un papel crucial en la producci\u00f3n de nailon, pl\u00e1sticos, disolventes y productos farmac\u00e9uticos. Sus vers\u00e1tiles propiedades qu\u00edmicas lo hacen inestimable para diversas aplicaciones industriales.<\/span><\/p>\n<h3><b>Aplicaciones de la ciclohexanona<\/b><\/h3>\n<ul>\n<li style=\"font-weight: 400;\" aria-level=\"1\"><b>Producci\u00f3n de nylon y pl\u00e1stico:<\/b><span style=\"font-weight: 400;\"> Sirve como precursor clave en la fabricaci\u00f3n de nailon-6 y otros pol\u00edmeros.<\/span>&nbsp;<\/li>\n<li style=\"font-weight: 400;\" aria-level=\"1\"><b>Fabricaci\u00f3n de disolventes:<\/b><span style=\"font-weight: 400;\"> Act\u00faa como disolvente en decapantes, revestimientos y adhesivos.<\/span>&nbsp;<\/li>\n<li style=\"font-weight: 400;\" aria-level=\"1\"><b>Recubrimientos y adhesivos:<\/b><span style=\"font-weight: 400;\"> Se utiliza para mejorar el tiempo de secado y las propiedades de adherencia.<\/span>&nbsp;<\/li>\n<li style=\"font-weight: 400;\" aria-level=\"1\"><b>Industria farmac\u00e9utica:<\/b><span style=\"font-weight: 400;\"> Participa en la s\u00edntesis de medicamentos y principios activos.<\/span>&nbsp;<\/li>\n<\/ul>\n<h3><b>Ventajas de comprar ciclohexanona en l\u00ednea<\/b><\/h3>\n<ul>\n<li style=\"font-weight: 400;\" aria-level=\"1\"><b>Comodidad:<\/b><span style=\"font-weight: 400;\"> Haga su pedido desde la comodidad de su casa o de sus instalaciones y reciba la entrega a domicilio.<\/span>&nbsp;<\/li>\n<li style=\"font-weight: 400;\" aria-level=\"1\"><b>Precios competitivos:<\/b><span style=\"font-weight: 400;\"> Benef\u00edciese de precios asequibles y descuentos por compras al por mayor.<\/span>&nbsp;<\/li>\n<li style=\"font-weight: 400;\" aria-level=\"1\"><b>Variedad:<\/b><span style=\"font-weight: 400;\"> Elija entre m\u00faltiples calidades y tama\u00f1os de envase adaptados a sus necesidades.<\/span>&nbsp;<\/li>\n<\/ul>\n<h3><b>C\u00f3mo elegir un proveedor fiable<\/b><\/h3>\n<p><span style=\"font-weight: 400;\">Cuando <\/span><a href=\"https:\/\/en.wikipedia.org\/wiki\/Cyclohexanone\"><b>encargar ciclohexanona en l\u00ednea<\/b><\/a><span style=\"font-weight: 400;\">Aseg\u00farese de que su proveedor le proporciona:<\/span><\/p>\n<ul>\n<li style=\"font-weight: 400;\" aria-level=\"1\"><span style=\"font-weight: 400;\">Certificaciones v\u00e1lidas y documentos de garant\u00eda de calidad (SDS, COA)<\/span>&nbsp;<\/li>\n<li style=\"font-weight: 400;\" aria-level=\"1\"><span style=\"font-weight: 400;\">Opiniones y valoraciones de clientes verificadas<\/span>&nbsp;<\/li>\n<li style=\"font-weight: 400;\" aria-level=\"1\"><span style=\"font-weight: 400;\">Cumplimiento de la normativa sobre transporte de materiales peligrosos<\/span>&nbsp;<\/li>\n<\/ul>\n<h3><b>Factores importantes antes de comprar<\/b><\/h3>\n<ul>\n<li style=\"font-weight: 400;\" aria-level=\"1\"><span style=\"font-weight: 400;\">Determine la pureza y el grado adecuados para su aplicaci\u00f3n.<\/span>&nbsp;<\/li>\n<li style=\"font-weight: 400;\" aria-level=\"1\"><span style=\"font-weight: 400;\">Considere las necesidades de volumen y las opciones de envasado para una manipulaci\u00f3n segura.<\/span>&nbsp;<\/li>\n<li style=\"font-weight: 400;\" aria-level=\"1\"><span style=\"font-weight: 400;\">Tenga en cuenta los gastos de env\u00edo y los plazos de entrega, especialmente en el caso de materiales peligrosos.<\/span>&nbsp;<\/li>\n<\/ul>\n<h3><b>Pasos sencillos para encargar ciclohexanona en l\u00ednea<\/b><\/h3>\n<ol>\n<li style=\"font-weight: 400;\" aria-level=\"1\"><span style=\"font-weight: 400;\">Busque listados de productos de confianza.<\/span>&nbsp;<\/li>\n<li style=\"font-weight: 400;\" aria-level=\"1\"><span style=\"font-weight: 400;\">Compare precios, especificaciones y credenciales de los proveedores.<\/span>&nbsp;<\/li>\n<li style=\"font-weight: 400;\" aria-level=\"1\"><span style=\"font-weight: 400;\">Realice su pedido de forma segura utilizando m\u00e9todos de pago fiables.<\/span>&nbsp;<\/li>\n<\/ol>\n<h3><b>Almacenamiento, seguridad y manipulaci\u00f3n<\/b><\/h3>\n<ul>\n<li style=\"font-weight: 400;\" aria-level=\"1\"><span style=\"font-weight: 400;\">Almacenar la Ciclohexanona en un lugar fresco, bien ventilado y alejado de fuentes de ignici\u00f3n.<\/span>&nbsp;<\/li>\n<li style=\"font-weight: 400;\" aria-level=\"1\"><span style=\"font-weight: 400;\">Utilizar equipo de protecci\u00f3n individual (EPI) adecuado durante la manipulaci\u00f3n.<\/span>&nbsp;<\/li>\n<li style=\"font-weight: 400;\" aria-level=\"1\"><span style=\"font-weight: 400;\">Siga la normativa local en materia de eliminaci\u00f3n y seguridad medioambiental.<\/span>&nbsp;<\/li>\n<\/ul>\n<h3><b>Compre ciclohexanona en l\u00ednea a un proveedor de confianza hoy mismo.<\/b><\/h3>\n<p><span style=\"font-weight: 400;\">Evite los problemas de las fuentes poco fiables. Elija nuestra Ciclohexanona de primera calidad para obtener pureza garantizada, un servicio excelente y la <\/span><b>mejores precios de ciclohexanona en venta<\/b><span style=\"font-weight: 400;\">. Haga su pedido ahora y disfrute de una compra sin problemas con env\u00edo seguro y asistencia experta.<\/span><\/p>","protected":false},"excerpt":{"rendered":"<p>La ciclohexanona es un l\u00edquido incoloro e inflamable cuya f\u00f3rmula qu\u00edmica es C\u2086H\u2081\u2080O. Es un tipo de cetona c\u00edclica, caracterizada por un anillo de carbono de seis miembros con un grupo carbonilo (C=O). Conocida por su caracter\u00edstico olor dulce y penetrante, la ciclohexanona es un compuesto esencial en diversas aplicaciones industriales.<\/p>\n<ul>\n<li><strong>F\u00f3rmula qu\u00edmica<\/strong>: C\u2086H\u2081\u2080O<\/li>\n<li><strong>Peso molecular<\/strong>98,15 g\/mol<\/li>\n<li><strong>Punto de ebullici\u00f3n<\/strong>: Aproximadamente 155 \u00b0C (311 \u00b0F)<\/li>\n<li><strong>Solubilidad<\/strong>: Moderadamente soluble en agua; muy soluble en disolventes org\u00e1nicos.<\/li>\n<\/ul>","protected":false},"featured_media":1456,"comment_status":"open","ping_status":"closed","template":"","meta":{"_kadence_starter_templates_imported_post":false,"_kad_post_transparent":"default","_kad_post_title":"","_kad_post_layout":"default","_kad_post_sidebar_id":"","_kad_post_content_style":"default","_kad_post_vertical_padding":"default","_kad_post_feature":"","_kad_post_feature_position":"","_kad_post_header":false,"_kad_post_footer":false,"_joinchat":[]},"product_brand":[],"product_cat":[59],"product_tag":[556,543,544,554,558,547,561,559,553,555,545,549,550,557,542,546,552,560,548,551],"class_list":{"0":"post-1122","1":"product","2":"type-product","3":"status-publish","4":"has-post-thumbnail","6":"product_cat-chemical-manufacturing-and-synthesis","7":"product_tag-best-price-cyclohexanone","8":"product_tag-bulk-cyclohexanone-for-manufacturing","9":"product_tag-buy-cyclohexanone-online","10":"product_tag-cyclohexanone-distributor","11":"product_tag-cyclohexanone-for-b2b-buyers","12":"product_tag-cyclohexanone-for-chemical-processing","13":"product_tag-cyclohexanone-for-commercial-use","14":"product_tag-cyclohexanone-for-industrial-applications","15":"product_tag-cyclohexanone-for-large-scale-production","16":"product_tag-cyclohexanone-in-stock","17":"product_tag-cyclohexanone-industrial-supplier","18":"product_tag-cyclohexanone-price-and-availability","19":"product_tag-cyclohexanone-procurement","20":"product_tag-cyclohexanone-purchase-for-factories","21":"product_tag-cyclohexanone-supplier-for-industrial-use","22":"product_tag-high-quality-cyclohexanone","23":"product_tag-industrial-cyclohexanone-supply-chain","24":"product_tag-leading-cyclohexanone-supplier","25":"product_tag-reliable-cyclohexanone-supplier","26":"product_tag-wholesale-cyclohexanone","28":"first","29":"instock","30":"shipping-taxable","31":"product-type-simple","32":"entry","33":"content-bg","34":"loop-entry"},"yoast_head":"<!-- This site is optimized with the Yoast SEO plugin v25.6 - https:\/\/yoast.com\/wordpress\/plugins\/seo\/ -->\n<title>Buy Cyclohexanone Industrial Online - Cyclohexanone for Sale<\/title>\n<meta name=\"description\" content=\"If you want to buy cyclohexanone industrial online and looking for a reliable online store, then buy here. We offer only high-quality cyclohexanone industrial for sale at an affordable price. Order cyclohexanone Now!\" \/>\n<meta name=\"robots\" content=\"index, follow, max-snippet:-1, max-image-preview:large, max-video-preview:-1\" \/>\n<link rel=\"canonical\" href=\"https:\/\/subszone.com\/es\/product\/ciclohexanona\/\" \/>\n<meta property=\"og:locale\" content=\"es_ES\" \/>\n<meta property=\"og:type\" content=\"article\" \/>\n<meta property=\"og:title\" content=\"Buy Cyclohexanone Industrial Online - Cyclohexanone for Sale\" \/>\n<meta property=\"og:description\" content=\"If you want to buy cyclohexanone industrial online and looking for a reliable online store, then buy here. We offer only high-quality cyclohexanone industrial for sale at an affordable price. Order cyclohexanone Now!\" \/>\n<meta property=\"og:url\" content=\"https:\/\/subszone.com\/es\/product\/ciclohexanona\/\" \/>\n<meta property=\"og:site_name\" content=\"SubsZone\" \/>\n<meta property=\"article:modified_time\" content=\"2025-08-01T08:01:20+00:00\" \/>\n<meta property=\"og:image\" content=\"https:\/\/subszone.com\/wp-content\/uploads\/2024\/10\/b3339c15-34c8-42b9-8e85-9eee8ce5b18e.webp\" \/>\n\t<meta property=\"og:image:width\" content=\"1024\" \/>\n\t<meta property=\"og:image:height\" content=\"1024\" \/>\n\t<meta property=\"og:image:type\" content=\"image\/webp\" \/>\n<meta name=\"twitter:card\" content=\"summary_large_image\" \/>\n<meta name=\"twitter:label1\" content=\"Tiempo de lectura\" \/>\n\t<meta name=\"twitter:data1\" content=\"2 minutos\" \/>\n<script type=\"application\/ld+json\" class=\"yoast-schema-graph\">{\"@context\":\"https:\/\/schema.org\",\"@graph\":[{\"@type\":\"WebPage\",\"@id\":\"https:\/\/subszone.com\/product\/cyclohexanone\/\",\"url\":\"https:\/\/subszone.com\/product\/cyclohexanone\/\",\"name\":\"Buy Cyclohexanone Industrial Online - Cyclohexanone for Sale\",\"isPartOf\":{\"@id\":\"https:\/\/subszone.com\/#website\"},\"primaryImageOfPage\":{\"@id\":\"https:\/\/subszone.com\/product\/cyclohexanone\/#primaryimage\"},\"image\":{\"@id\":\"https:\/\/subszone.com\/product\/cyclohexanone\/#primaryimage\"},\"thumbnailUrl\":\"https:\/\/subszone.com\/wp-content\/uploads\/2024\/10\/b3339c15-34c8-42b9-8e85-9eee8ce5b18e.webp\",\"datePublished\":\"2024-10-23T11:14:17+00:00\",\"dateModified\":\"2025-08-01T08:01:20+00:00\",\"description\":\"If you want to buy cyclohexanone industrial online and looking for a reliable online store, then buy here. We offer only high-quality cyclohexanone industrial for sale at an affordable price. Order cyclohexanone Now!\",\"breadcrumb\":{\"@id\":\"https:\/\/subszone.com\/product\/cyclohexanone\/#breadcrumb\"},\"inLanguage\":\"es\",\"potentialAction\":[{\"@type\":\"ReadAction\",\"target\":[\"https:\/\/subszone.com\/product\/cyclohexanone\/\"]}]},{\"@type\":\"ImageObject\",\"inLanguage\":\"es\",\"@id\":\"https:\/\/subszone.com\/product\/cyclohexanone\/#primaryimage\",\"url\":\"https:\/\/subszone.com\/wp-content\/uploads\/2024\/10\/b3339c15-34c8-42b9-8e85-9eee8ce5b18e.webp\",\"contentUrl\":\"https:\/\/subszone.com\/wp-content\/uploads\/2024\/10\/b3339c15-34c8-42b9-8e85-9eee8ce5b18e.webp\",\"width\":1024,\"height\":1024,\"caption\":\"Buy Cyclohexanone Online\"},{\"@type\":\"BreadcrumbList\",\"@id\":\"https:\/\/subszone.com\/product\/cyclohexanone\/#breadcrumb\",\"itemListElement\":[{\"@type\":\"ListItem\",\"position\":1,\"name\":\"Home\",\"item\":\"https:\/\/subszone.com\/\"},{\"@type\":\"ListItem\",\"position\":2,\"name\":\"Shop\",\"item\":\"https:\/\/subszone.com\/shop\/\"},{\"@type\":\"ListItem\",\"position\":3,\"name\":\"Buy Cyclohexanone Online\"}]},{\"@type\":\"WebSite\",\"@id\":\"https:\/\/subszone.com\/#website\",\"url\":\"https:\/\/subszone.com\/\",\"name\":\"SubsZone\",\"description\":\"My WordPress Blog\",\"publisher\":{\"@id\":\"https:\/\/subszone.com\/#organization\"},\"potentialAction\":[{\"@type\":\"SearchAction\",\"target\":{\"@type\":\"EntryPoint\",\"urlTemplate\":\"https:\/\/subszone.com\/?s={search_term_string}\"},\"query-input\":{\"@type\":\"PropertyValueSpecification\",\"valueRequired\":true,\"valueName\":\"search_term_string\"}}],\"inLanguage\":\"es\"},{\"@type\":\"Organization\",\"@id\":\"https:\/\/subszone.com\/#organization\",\"name\":\"SubsZone\",\"url\":\"https:\/\/subszone.com\/\",\"logo\":{\"@type\":\"ImageObject\",\"inLanguage\":\"es\",\"@id\":\"https:\/\/subszone.com\/#\/schema\/logo\/image\/\",\"url\":\"https:\/\/subszone.com\/wp-content\/uploads\/2024\/10\/logo.png\",\"contentUrl\":\"https:\/\/subszone.com\/wp-content\/uploads\/2024\/10\/logo.png\",\"width\":193,\"height\":50,\"caption\":\"SubsZone\"},\"image\":{\"@id\":\"https:\/\/subszone.com\/#\/schema\/logo\/image\/\"}}]}<\/script>\n<!-- \/ Yoast SEO plugin. -->","yoast_head_json":{"title":"Comprar Ciclohexanona Industrial Online - Ciclohexanona en venta","description":"Si desea comprar ciclohexanona industrial online y busca una tienda online de confianza, entonces compre aqu\u00ed. Ofrecemos s\u00f3lo de alta calidad ciclohexanona industrial para la venta a un precio asequible. \u00a1Orden ciclohexanona Ahora!","robots":{"index":"index","follow":"follow","max-snippet":"max-snippet:-1","max-image-preview":"max-image-preview:large","max-video-preview":"max-video-preview:-1"},"canonical":"https:\/\/subszone.com\/es\/product\/ciclohexanona\/","og_locale":"es_ES","og_type":"article","og_title":"Buy Cyclohexanone Industrial Online - Cyclohexanone for Sale","og_description":"If you want to buy cyclohexanone industrial online and looking for a reliable online store, then buy here. We offer only high-quality cyclohexanone industrial for sale at an affordable price. Order cyclohexanone Now!","og_url":"https:\/\/subszone.com\/es\/product\/ciclohexanona\/","og_site_name":"SubsZone","article_modified_time":"2025-08-01T08:01:20+00:00","og_image":[{"width":1024,"height":1024,"url":"https:\/\/subszone.com\/wp-content\/uploads\/2024\/10\/b3339c15-34c8-42b9-8e85-9eee8ce5b18e.webp","type":"image\/webp"}],"twitter_card":"summary_large_image","twitter_misc":{"Tiempo de lectura":"2 minutos"},"schema":{"@context":"https:\/\/schema.org","@graph":[{"@type":"WebPage","@id":"https:\/\/subszone.com\/product\/cyclohexanone\/","url":"https:\/\/subszone.com\/product\/cyclohexanone\/","name":"Comprar Ciclohexanona Industrial Online - Ciclohexanona en venta","isPartOf":{"@id":"https:\/\/subszone.com\/#website"},"primaryImageOfPage":{"@id":"https:\/\/subszone.com\/product\/cyclohexanone\/#primaryimage"},"image":{"@id":"https:\/\/subszone.com\/product\/cyclohexanone\/#primaryimage"},"thumbnailUrl":"https:\/\/subszone.com\/wp-content\/uploads\/2024\/10\/b3339c15-34c8-42b9-8e85-9eee8ce5b18e.webp","datePublished":"2024-10-23T11:14:17+00:00","dateModified":"2025-08-01T08:01:20+00:00","description":"Si desea comprar ciclohexanona industrial online y busca una tienda online de confianza, entonces compre aqu\u00ed. Ofrecemos s\u00f3lo de alta calidad ciclohexanona industrial para la venta a un precio asequible. \u00a1Orden ciclohexanona Ahora!","breadcrumb":{"@id":"https:\/\/subszone.com\/product\/cyclohexanone\/#breadcrumb"},"inLanguage":"es","potentialAction":[{"@type":"ReadAction","target":["https:\/\/subszone.com\/product\/cyclohexanone\/"]}]},{"@type":"ImageObject","inLanguage":"es","@id":"https:\/\/subszone.com\/product\/cyclohexanone\/#primaryimage","url":"https:\/\/subszone.com\/wp-content\/uploads\/2024\/10\/b3339c15-34c8-42b9-8e85-9eee8ce5b18e.webp","contentUrl":"https:\/\/subszone.com\/wp-content\/uploads\/2024\/10\/b3339c15-34c8-42b9-8e85-9eee8ce5b18e.webp","width":1024,"height":1024,"caption":"Buy Cyclohexanone Online"},{"@type":"BreadcrumbList","@id":"https:\/\/subszone.com\/product\/cyclohexanone\/#breadcrumb","itemListElement":[{"@type":"ListItem","position":1,"name":"Home","item":"https:\/\/subszone.com\/"},{"@type":"ListItem","position":2,"name":"Shop","item":"https:\/\/subszone.com\/shop\/"},{"@type":"ListItem","position":3,"name":"Buy Cyclohexanone Online"}]},{"@type":"WebSite","@id":"https:\/\/subszone.com\/#website","url":"https:\/\/subszone.com\/","name":"SubsZone","description":"Mi blog de WordPress","publisher":{"@id":"https:\/\/subszone.com\/#organization"},"potentialAction":[{"@type":"SearchAction","target":{"@type":"EntryPoint","urlTemplate":"https:\/\/subszone.com\/?s={search_term_string}"},"query-input":{"@type":"PropertyValueSpecification","valueRequired":true,"valueName":"search_term_string"}}],"inLanguage":"es"},{"@type":"Organization","@id":"https:\/\/subszone.com\/#organization","name":"SubsZone","url":"https:\/\/subszone.com\/","logo":{"@type":"ImageObject","inLanguage":"es","@id":"https:\/\/subszone.com\/#\/schema\/logo\/image\/","url":"https:\/\/subszone.com\/wp-content\/uploads\/2024\/10\/logo.png","contentUrl":"https:\/\/subszone.com\/wp-content\/uploads\/2024\/10\/logo.png","width":193,"height":50,"caption":"SubsZone"},"image":{"@id":"https:\/\/subszone.com\/#\/schema\/logo\/image\/"}}]}},"_links":{"self":[{"href":"https:\/\/subszone.com\/es\/wp-json\/wp\/v2\/product\/1122","targetHints":{"allow":["GET"]}}],"collection":[{"href":"https:\/\/subszone.com\/es\/wp-json\/wp\/v2\/product"}],"about":[{"href":"https:\/\/subszone.com\/es\/wp-json\/wp\/v2\/types\/product"}],"replies":[{"embeddable":true,"href":"https:\/\/subszone.com\/es\/wp-json\/wp\/v2\/comments?post=1122"}],"wp:featuredmedia":[{"embeddable":true,"href":"https:\/\/subszone.com\/es\/wp-json\/wp\/v2\/media\/1456"}],"wp:attachment":[{"href":"https:\/\/subszone.com\/es\/wp-json\/wp\/v2\/media?parent=1122"}],"wp:term":[{"taxonomy":"product_brand","embeddable":true,"href":"https:\/\/subszone.com\/es\/wp-json\/wp\/v2\/product_brand?post=1122"},{"taxonomy":"product_cat","embeddable":true,"href":"https:\/\/subszone.com\/es\/wp-json\/wp\/v2\/product_cat?post=1122"},{"taxonomy":"product_tag","embeddable":true,"href":"https:\/\/subszone.com\/es\/wp-json\/wp\/v2\/product_tag?post=1122"}],"curies":[{"name":"wp","href":"https:\/\/api.w.org\/{rel}","templated":true}]}}