{"id":1154,"date":"2024-10-24T04:29:10","date_gmt":"2024-10-24T04:29:10","guid":{"rendered":"https:\/\/subszone.com\/?post_type=product&#038;p=1154"},"modified":"2025-05-31T05:28:36","modified_gmt":"2025-05-31T05:28:36","slug":"acetato-de-etilo","status":"publish","type":"product","link":"https:\/\/subszone.com\/es\/product\/acetato-de-etilo\/","title":{"rendered":"Comprar acetato de etilo en l\u00ednea"},"content":{"rendered":"<h2><b>Comprar acetato de etilo online - disolvente de gran pureza para uso industrial y de laboratorio<\/b><\/h2>\n<h3><b>Acetato de etilo de calidad superior en venta con env\u00edo r\u00e1pido<\/b><\/h3>\n<p><span style=\"font-weight: 400;\">Busca una fuente fiable para <\/span><a href=\"https:\/\/subszone.com\/es\/product\/acetato-de-etilo\/\"><b>comprar Acetato de Etilo online<\/b><\/a><span style=\"font-weight: 400;\">? Nuestro acetato de etilo de laboratorio de gran pureza ofrece un rendimiento excepcional para procesos industriales, laboratorios de investigaci\u00f3n y aplicaciones de fabricaci\u00f3n. Tanto si est\u00e1 aumentando la producci\u00f3n como si est\u00e1 realizando un trabajo de extracci\u00f3n de precisi\u00f3n, le ofrecemos una calidad constante, una entrega r\u00e1pida y un cumplimiento total de la normativa.<\/span><\/p>\n<h3><b>Descripci\u00f3n del producto: \u00bfQu\u00e9 es el acetato de etilo?<\/b><\/h3>\n<p><span style=\"font-weight: 400;\">El acetato de etilo (C\u2084H\u2088O\u2082) es un disolvente org\u00e1nico incoloro e inflamable conocido por su r\u00e1pida velocidad de evaporaci\u00f3n y su excelente solvencia. Se utiliza ampliamente en adhesivos, revestimientos, productos farmac\u00e9uticos y qu\u00edmica anal\u00edtica. Nuestro acetato de etilo est\u00e1 disponible en m\u00faltiples purezas, incluyendo:<\/span><\/p>\n<ul>\n<li style=\"font-weight: 400;\" aria-level=\"1\"><b>Grado t\u00e9cnico<\/b><b>\n<p><\/b><\/li>\n<li style=\"font-weight: 400;\" aria-level=\"1\"><b>Grado reactivo<\/b><b>\n<p><\/b><\/li>\n<li style=\"font-weight: 400;\" aria-level=\"1\"><b>Grado ACS<\/b><b>\n<p><\/b><\/li>\n<\/ul>\n<p><span style=\"font-weight: 400;\">Elija entre una variedad de tama\u00f1os de envases, desde <\/span><b>Frascos de laboratorio de 1L<\/b><span style=\"font-weight: 400;\"> a <\/span><b>Bidones de 200 litros<\/b><span style=\"font-weight: 400;\"> para aplicaciones industriales a granel.<\/span><\/p>\n<h3><b>Aplicaciones del acetato de etilo<\/b><\/h3>\n<p><span style=\"font-weight: 400;\">El acetato de etilo es un disolvente vers\u00e1til que funciona de forma fiable en:<\/span><\/p>\n<ul>\n<li style=\"font-weight: 400;\" aria-level=\"1\"><b>Procesos de extracci\u00f3n<\/b><span style=\"font-weight: 400;\"> (bot\u00e1nica y farmac\u00e9utica)<\/span><span style=\"font-weight: 400;\">\n<p><\/span><\/li>\n<li style=\"font-weight: 400;\" aria-level=\"1\"><b>S\u00edntesis qu\u00edmica<\/b><span style=\"font-weight: 400;\"> (reacciones de esterificaci\u00f3n y condensaci\u00f3n)<\/span><span style=\"font-weight: 400;\">\n<p><\/span><\/li>\n<li style=\"font-weight: 400;\" aria-level=\"1\"><b>Desengrase y limpieza de superficies<\/b><b>\n<p><\/b><\/li>\n<li style=\"font-weight: 400;\" aria-level=\"1\"><b>Fabricaci\u00f3n de pinturas, tintas y revestimientos<\/b><b>\n<p><\/b><\/li>\n<li style=\"font-weight: 400;\" aria-level=\"1\"><b>Pruebas anal\u00edticas<\/b><span style=\"font-weight: 400;\"> y TLC<\/span><span style=\"font-weight: 400;\">\n<p><\/span><\/li>\n<\/ul>\n<p><span style=\"font-weight: 400;\">Su miscibilidad con disolventes como etanol, acetona y cloroformo lo hace muy adaptable a formulaciones y procesos personalizados.<\/span><\/p>\n<h3><b>\u00bfPor qu\u00e9 encargarnos acetato de etilo?<\/b><\/h3>\n<p><span style=\"font-weight: 400;\">Cuando busque el <\/span><b>mejor lugar para comprar acetato de etilo<\/b><span style=\"font-weight: 400;\">La fiabilidad, la seguridad y la integridad del producto son importantes. He aqu\u00ed por qu\u00e9 los clientes conf\u00edan en nosotros:<\/span><\/p>\n<ul>\n<li style=\"font-weight: 400;\" aria-level=\"1\"><b>Certificaciones de proveedores verificadas<\/b><span style=\"font-weight: 400;\"> - Todos los productos proceden de fabricantes que cumplen las normas ISO y poseen la certificaci\u00f3n GMP.<\/span><span style=\"font-weight: 400;\">\n<p><\/span><\/li>\n<li style=\"font-weight: 400;\" aria-level=\"1\"><b>SDS y COA proporcionados<\/b><span style=\"font-weight: 400;\"> - Cada lote se env\u00eda con una ficha de datos de seguridad completa y un certificado de an\u00e1lisis.<\/span><span style=\"font-weight: 400;\">\n<p><\/span><\/li>\n<li style=\"font-weight: 400;\" aria-level=\"1\"><b>Precios por volumen<\/b><span style=\"font-weight: 400;\"> - Tarifas competitivas para vol\u00famenes industriales y clientes habituales<\/span><span style=\"font-weight: 400;\">\n<p><\/span><\/li>\n<li style=\"font-weight: 400;\" aria-level=\"1\"><b>Cumplimiento de la normativa<\/b><span style=\"font-weight: 400;\"> - Cumplimos todas las normas internacionales sobre manipulaci\u00f3n y documentaci\u00f3n de materiales peligrosos<\/span><span style=\"font-weight: 400;\">\n<p><\/span><\/li>\n<\/ul>\n<h3><b>Informaci\u00f3n de env\u00edo y pago<\/b><\/h3>\n<p><span style=\"font-weight: 400;\">Realizamos env\u00edos a todo el mundo con socios log\u00edsticos certificados en mercanc\u00edas peligrosas. Esto es lo que puede esperar:<\/span><\/p>\n<ul>\n<li style=\"font-weight: 400;\" aria-level=\"1\"><b>Envases no homologados<\/b><span style=\"font-weight: 400;\"> para el transporte seguro de l\u00edquidos inflamables<\/span><span style=\"font-weight: 400;\">\n<p><\/span><\/li>\n<li style=\"font-weight: 400;\" aria-level=\"1\"><b>Entrega mundial<\/b><span style=\"font-weight: 400;\"> con plazos de entrega estimados en la caja<\/span><span style=\"font-weight: 400;\">\n<p><\/span><\/li>\n<li style=\"font-weight: 400;\" aria-level=\"1\"><b>Opciones de pago flexibles<\/b><span style=\"font-weight: 400;\"> - Tarjeta de cr\u00e9dito, transferencia bancaria, \u00f3rdenes de compra para cuentas aprobadas<\/span><span style=\"font-weight: 400;\">\n<p><\/span><\/li>\n<li style=\"font-weight: 400;\" aria-level=\"1\"><b>Pol\u00edtica de devoluciones<\/b><span style=\"font-weight: 400;\"> - Se aceptan devoluciones de envases no abiertos ni da\u00f1ados en un plazo de 14 d\u00edas (sujeto a aprobaci\u00f3n)<\/span><span style=\"font-weight: 400;\">\n<p><\/span><\/li>\n<\/ul>\n<h3><b>Pida acetato de etilo en l\u00ednea hoy mismo<\/b><\/h3>\n<p><span style=\"font-weight: 400;\">\u00bfListo para empezar? Tanto si necesita una botella peque\u00f1a como un env\u00edo a granel, estamos aqu\u00ed para ayudarle.<\/span><span style=\"font-weight: 400;\"><br \/>\n<\/span> <b>Haga clic a continuaci\u00f3n para realizar el pedido <a href=\"https:\/\/en.wikipedia.org\/wiki\/Ethyl_acetate\">Acetato de etilo<\/a> en l\u00ednea<\/b><span style=\"font-weight: 400;\"> y disfrute de una entrega r\u00e1pida, segura y conforme a las normas.<\/span><\/p>","protected":false},"excerpt":{"rendered":"<p>El acetato de etilo es un compuesto org\u00e1nico incoloro con olor a fruta muy utilizado en diversas industrias. Como disolvente vers\u00e1til, desempe\u00f1a un papel crucial en aplicaciones que van desde el procesado de alimentos hasta la fabricaci\u00f3n. En este art\u00edculo, exploraremos las propiedades, usos clave y consideraciones de seguridad asociadas al acetato de etilo.<\/p>\n<p><strong>Sin\u00f3nimo(s): EtOAc, acetato de etilo<\/strong><br \/>\n<strong>F\u00f3rmula lineal: CH3COOC2H5<\/strong><br \/>\n<strong>N\u00ba CAS:141-78-6<\/strong><br \/>\n<strong>Peso molecular:88.11<\/strong><br \/>\n<strong>N\u00ba Beilstein:506104<\/strong><\/p>","protected":false},"featured_media":1428,"comment_status":"open","ping_status":"closed","template":"","meta":{"_kadence_starter_templates_imported_post":false,"_kad_post_transparent":"default","_kad_post_title":"","_kad_post_layout":"default","_kad_post_sidebar_id":"","_kad_post_content_style":"default","_kad_post_vertical_padding":"default","_kad_post_feature":"","_kad_post_feature_position":"","_kad_post_header":false,"_kad_post_footer":false,"_joinchat":[]},"product_brand":[],"product_cat":[171],"product_tag":[172,173,174,175,176,177,178,179,180,181,182,183,184,185,186,187,188,189,190,191],"class_list":{"0":"post-1154","1":"product","2":"type-product","3":"status-publish","4":"has-post-thumbnail","6":"product_cat-solvents-and-cleaning-agents","7":"product_tag-bulk-ethyl-acetate-supplier","8":"product_tag-buy-ethyl-acetate-in-bulk","9":"product_tag-cas-141-78-6-ethyl-acetate-bulk","10":"product_tag-ethyl-acetate-99-purity-supplier","11":"product_tag-ethyl-acetate-bulk-supplier-usa","12":"product_tag-ethyl-acetate-cas-141-78-6-supplier","13":"product_tag-ethyl-acetate-cas-number-141-78-6","14":"product_tag-ethyl-acetate-chemical-procurement","15":"product_tag-ethyl-acetate-chemical-supplier","16":"product_tag-ethyl-acetate-for-industrial-use","17":"product_tag-ethyl-acetate-for-sale","18":"product_tag-ethyl-acetate-manufacturing-supplier","19":"product_tag-ethyl-acetate-price-per-barrel","20":"product_tag-ethyl-acetate-price-per-gallon","21":"product_tag-ethyl-acetate-price-per-ton","22":"product_tag-ethyl-acetate-solvent-supplier","23":"product_tag-ethyl-acetate-wholesale-distributor","24":"product_tag-high-purity-ethyl-acetate-for-sale","25":"product_tag-industrial-grade-ethyl-acetate","26":"product_tag-where-to-buy-ethyl-acetate","28":"first","29":"instock","30":"shipping-taxable","31":"product-type-simple","32":"entry","33":"content-bg","34":"loop-entry"},"yoast_head":"<!-- This site is optimized with the Yoast SEO plugin v25.6 - https:\/\/yoast.com\/wordpress\/plugins\/seo\/ -->\n<title>Ethyl Acetate for Sale - Buy Ethyl Acetate Online | Subszone<\/title>\n<meta name=\"description\" content=\"Get ethyl acetate for sale at one of the best online stores Subszone. We will help you buy ethyl acetate online of high quality. Don&#039;t delay to place your order and take advantage of the newest discounts!\" \/>\n<meta name=\"robots\" content=\"index, follow, max-snippet:-1, max-image-preview:large, max-video-preview:-1\" \/>\n<link rel=\"canonical\" href=\"https:\/\/subszone.com\/es\/product\/acetato-de-etilo\/\" \/>\n<meta property=\"og:locale\" content=\"es_ES\" \/>\n<meta property=\"og:type\" content=\"article\" \/>\n<meta property=\"og:title\" content=\"Ethyl Acetate for Sale - Buy Ethyl Acetate Online | Subszone\" \/>\n<meta property=\"og:description\" content=\"Get ethyl acetate for sale at one of the best online stores Subszone. We will help you buy ethyl acetate online of high quality. Don&#039;t delay to place your order and take advantage of the newest discounts!\" \/>\n<meta property=\"og:url\" content=\"https:\/\/subszone.com\/es\/product\/acetato-de-etilo\/\" \/>\n<meta property=\"og:site_name\" content=\"SubsZone\" \/>\n<meta property=\"article:modified_time\" content=\"2025-05-31T05:28:36+00:00\" \/>\n<meta property=\"og:image\" content=\"https:\/\/subszone.com\/wp-content\/uploads\/2024\/10\/Ethyl-Acetate-2-2.gif\" \/>\n\t<meta property=\"og:image:width\" content=\"600\" \/>\n\t<meta property=\"og:image:height\" content=\"600\" \/>\n\t<meta property=\"og:image:type\" content=\"image\/gif\" \/>\n<meta name=\"twitter:card\" content=\"summary_large_image\" \/>\n<meta name=\"twitter:label1\" content=\"Tiempo de lectura\" \/>\n\t<meta name=\"twitter:data1\" content=\"2 minutos\" \/>\n<script type=\"application\/ld+json\" class=\"yoast-schema-graph\">{\"@context\":\"https:\/\/schema.org\",\"@graph\":[{\"@type\":\"WebPage\",\"@id\":\"https:\/\/subszone.com\/product\/ethyl-acetate\/\",\"url\":\"https:\/\/subszone.com\/product\/ethyl-acetate\/\",\"name\":\"Ethyl Acetate for Sale - Buy Ethyl Acetate Online | Subszone\",\"isPartOf\":{\"@id\":\"https:\/\/subszone.com\/#website\"},\"primaryImageOfPage\":{\"@id\":\"https:\/\/subszone.com\/product\/ethyl-acetate\/#primaryimage\"},\"image\":{\"@id\":\"https:\/\/subszone.com\/product\/ethyl-acetate\/#primaryimage\"},\"thumbnailUrl\":\"https:\/\/subszone.com\/wp-content\/uploads\/2024\/10\/Ethyl-Acetate-2-2.gif\",\"datePublished\":\"2024-10-24T04:29:10+00:00\",\"dateModified\":\"2025-05-31T05:28:36+00:00\",\"description\":\"Get ethyl acetate for sale at one of the best online stores Subszone. We will help you buy ethyl acetate online of high quality. Don't delay to place your order and take advantage of the newest discounts!\",\"breadcrumb\":{\"@id\":\"https:\/\/subszone.com\/product\/ethyl-acetate\/#breadcrumb\"},\"inLanguage\":\"es\",\"potentialAction\":[{\"@type\":\"ReadAction\",\"target\":[\"https:\/\/subszone.com\/product\/ethyl-acetate\/\"]}]},{\"@type\":\"ImageObject\",\"inLanguage\":\"es\",\"@id\":\"https:\/\/subszone.com\/product\/ethyl-acetate\/#primaryimage\",\"url\":\"https:\/\/subszone.com\/wp-content\/uploads\/2024\/10\/Ethyl-Acetate-2-2.gif\",\"contentUrl\":\"https:\/\/subszone.com\/wp-content\/uploads\/2024\/10\/Ethyl-Acetate-2-2.gif\",\"width\":600,\"height\":600,\"caption\":\"Buy Ethyl Acetate Online\"},{\"@type\":\"BreadcrumbList\",\"@id\":\"https:\/\/subszone.com\/product\/ethyl-acetate\/#breadcrumb\",\"itemListElement\":[{\"@type\":\"ListItem\",\"position\":1,\"name\":\"Home\",\"item\":\"https:\/\/subszone.com\/\"},{\"@type\":\"ListItem\",\"position\":2,\"name\":\"Shop\",\"item\":\"https:\/\/subszone.com\/shop\/\"},{\"@type\":\"ListItem\",\"position\":3,\"name\":\"Buy Ethyl Acetate Online\"}]},{\"@type\":\"WebSite\",\"@id\":\"https:\/\/subszone.com\/#website\",\"url\":\"https:\/\/subszone.com\/\",\"name\":\"SubsZone\",\"description\":\"My WordPress Blog\",\"publisher\":{\"@id\":\"https:\/\/subszone.com\/#organization\"},\"potentialAction\":[{\"@type\":\"SearchAction\",\"target\":{\"@type\":\"EntryPoint\",\"urlTemplate\":\"https:\/\/subszone.com\/?s={search_term_string}\"},\"query-input\":{\"@type\":\"PropertyValueSpecification\",\"valueRequired\":true,\"valueName\":\"search_term_string\"}}],\"inLanguage\":\"es\"},{\"@type\":\"Organization\",\"@id\":\"https:\/\/subszone.com\/#organization\",\"name\":\"SubsZone\",\"url\":\"https:\/\/subszone.com\/\",\"logo\":{\"@type\":\"ImageObject\",\"inLanguage\":\"es\",\"@id\":\"https:\/\/subszone.com\/#\/schema\/logo\/image\/\",\"url\":\"https:\/\/subszone.com\/wp-content\/uploads\/2024\/10\/logo.png\",\"contentUrl\":\"https:\/\/subszone.com\/wp-content\/uploads\/2024\/10\/logo.png\",\"width\":193,\"height\":50,\"caption\":\"SubsZone\"},\"image\":{\"@id\":\"https:\/\/subszone.com\/#\/schema\/logo\/image\/\"}}]}<\/script>\n<!-- \/ Yoast SEO plugin. -->","yoast_head_json":{"title":"Acetato de etilo en venta - Compre acetato de etilo en l\u00ednea | Subszone","description":"Consigue acetato de etilo a la venta en una de las mejores tiendas online Subszone. Te ayudaremos a comprar acetato de etilo online de alta calidad. \u00a1No tardes en hacer tu pedido y aprov\u00e9chate de los descuentos m\u00e1s novedosos!","robots":{"index":"index","follow":"follow","max-snippet":"max-snippet:-1","max-image-preview":"max-image-preview:large","max-video-preview":"max-video-preview:-1"},"canonical":"https:\/\/subszone.com\/es\/product\/acetato-de-etilo\/","og_locale":"es_ES","og_type":"article","og_title":"Ethyl Acetate for Sale - Buy Ethyl Acetate Online | Subszone","og_description":"Get ethyl acetate for sale at one of the best online stores Subszone. We will help you buy ethyl acetate online of high quality. Don't delay to place your order and take advantage of the newest discounts!","og_url":"https:\/\/subszone.com\/es\/product\/acetato-de-etilo\/","og_site_name":"SubsZone","article_modified_time":"2025-05-31T05:28:36+00:00","og_image":[{"width":600,"height":600,"url":"https:\/\/subszone.com\/wp-content\/uploads\/2024\/10\/Ethyl-Acetate-2-2.gif","type":"image\/gif"}],"twitter_card":"summary_large_image","twitter_misc":{"Tiempo de lectura":"2 minutos"},"schema":{"@context":"https:\/\/schema.org","@graph":[{"@type":"WebPage","@id":"https:\/\/subszone.com\/product\/ethyl-acetate\/","url":"https:\/\/subszone.com\/product\/ethyl-acetate\/","name":"Acetato de etilo en venta - Compre acetato de etilo en l\u00ednea | Subszone","isPartOf":{"@id":"https:\/\/subszone.com\/#website"},"primaryImageOfPage":{"@id":"https:\/\/subszone.com\/product\/ethyl-acetate\/#primaryimage"},"image":{"@id":"https:\/\/subszone.com\/product\/ethyl-acetate\/#primaryimage"},"thumbnailUrl":"https:\/\/subszone.com\/wp-content\/uploads\/2024\/10\/Ethyl-Acetate-2-2.gif","datePublished":"2024-10-24T04:29:10+00:00","dateModified":"2025-05-31T05:28:36+00:00","description":"Consigue acetato de etilo a la venta en una de las mejores tiendas online Subszone. Te ayudaremos a comprar acetato de etilo online de alta calidad. \u00a1No tardes en hacer tu pedido y aprov\u00e9chate de los descuentos m\u00e1s novedosos!","breadcrumb":{"@id":"https:\/\/subszone.com\/product\/ethyl-acetate\/#breadcrumb"},"inLanguage":"es","potentialAction":[{"@type":"ReadAction","target":["https:\/\/subszone.com\/product\/ethyl-acetate\/"]}]},{"@type":"ImageObject","inLanguage":"es","@id":"https:\/\/subszone.com\/product\/ethyl-acetate\/#primaryimage","url":"https:\/\/subszone.com\/wp-content\/uploads\/2024\/10\/Ethyl-Acetate-2-2.gif","contentUrl":"https:\/\/subszone.com\/wp-content\/uploads\/2024\/10\/Ethyl-Acetate-2-2.gif","width":600,"height":600,"caption":"Buy Ethyl Acetate Online"},{"@type":"BreadcrumbList","@id":"https:\/\/subszone.com\/product\/ethyl-acetate\/#breadcrumb","itemListElement":[{"@type":"ListItem","position":1,"name":"Home","item":"https:\/\/subszone.com\/"},{"@type":"ListItem","position":2,"name":"Shop","item":"https:\/\/subszone.com\/shop\/"},{"@type":"ListItem","position":3,"name":"Buy Ethyl Acetate Online"}]},{"@type":"WebSite","@id":"https:\/\/subszone.com\/#website","url":"https:\/\/subszone.com\/","name":"SubsZone","description":"Mi blog de WordPress","publisher":{"@id":"https:\/\/subszone.com\/#organization"},"potentialAction":[{"@type":"SearchAction","target":{"@type":"EntryPoint","urlTemplate":"https:\/\/subszone.com\/?s={search_term_string}"},"query-input":{"@type":"PropertyValueSpecification","valueRequired":true,"valueName":"search_term_string"}}],"inLanguage":"es"},{"@type":"Organization","@id":"https:\/\/subszone.com\/#organization","name":"SubsZone","url":"https:\/\/subszone.com\/","logo":{"@type":"ImageObject","inLanguage":"es","@id":"https:\/\/subszone.com\/#\/schema\/logo\/image\/","url":"https:\/\/subszone.com\/wp-content\/uploads\/2024\/10\/logo.png","contentUrl":"https:\/\/subszone.com\/wp-content\/uploads\/2024\/10\/logo.png","width":193,"height":50,"caption":"SubsZone"},"image":{"@id":"https:\/\/subszone.com\/#\/schema\/logo\/image\/"}}]}},"_links":{"self":[{"href":"https:\/\/subszone.com\/es\/wp-json\/wp\/v2\/product\/1154","targetHints":{"allow":["GET"]}}],"collection":[{"href":"https:\/\/subszone.com\/es\/wp-json\/wp\/v2\/product"}],"about":[{"href":"https:\/\/subszone.com\/es\/wp-json\/wp\/v2\/types\/product"}],"replies":[{"embeddable":true,"href":"https:\/\/subszone.com\/es\/wp-json\/wp\/v2\/comments?post=1154"}],"wp:featuredmedia":[{"embeddable":true,"href":"https:\/\/subszone.com\/es\/wp-json\/wp\/v2\/media\/1428"}],"wp:attachment":[{"href":"https:\/\/subszone.com\/es\/wp-json\/wp\/v2\/media?parent=1154"}],"wp:term":[{"taxonomy":"product_brand","embeddable":true,"href":"https:\/\/subszone.com\/es\/wp-json\/wp\/v2\/product_brand?post=1154"},{"taxonomy":"product_cat","embeddable":true,"href":"https:\/\/subszone.com\/es\/wp-json\/wp\/v2\/product_cat?post=1154"},{"taxonomy":"product_tag","embeddable":true,"href":"https:\/\/subszone.com\/es\/wp-json\/wp\/v2\/product_tag?post=1154"}],"curies":[{"name":"wp","href":"https:\/\/api.w.org\/{rel}","templated":true}]}}