{"id":1252,"date":"2024-10-24T07:20:08","date_gmt":"2024-10-24T07:20:08","guid":{"rendered":"https:\/\/subszone.com\/?post_type=product&#038;p=1252"},"modified":"2025-06-04T06:37:44","modified_gmt":"2025-06-04T06:37:44","slug":"clorato-potasico","status":"publish","type":"product","link":"https:\/\/subszone.com\/es\/product\/clorato-potasico\/","title":{"rendered":"Comprar clorato pot\u00e1sico en l\u00ednea"},"content":{"rendered":"<h2><b>Comprar clorato pot\u00e1sico en l\u00ednea - Calidad superior, suministro fiable a precios competitivos<\/b><\/h2>\n<p><span style=\"font-weight: 400;\">Con vistas a <\/span><a href=\"https:\/\/subszone.com\/es\/product\/clorato-potasico\/\"><b>comprar clorato pot\u00e1sico en l\u00ednea<\/b><\/a><span style=\"font-weight: 400;\">? Ha llegado al lugar adecuado. Nuestro clorato pot\u00e1sico de gran pureza es ideal para una amplia gama de aplicaciones industriales, de laboratorio y educativas. Tanto si desea <\/span><b>pedir clorato pot\u00e1sico en l\u00ednea<\/b><span style=\"font-weight: 400;\"> para la investigaci\u00f3n cient\u00edfica o la fabricaci\u00f3n, ofrecemos un producto fiable con una excelente relaci\u00f3n calidad-precio. Descubra por qu\u00e9 somos el <\/span><b>mejor lugar para comprar clorato pot\u00e1sico<\/b><span style=\"font-weight: 400;\"> con una calidad y un servicio inigualables.<\/span><\/p>\n<h3><b>\u00bfQu\u00e9 es el clorato pot\u00e1sico?<\/b><\/h3>\n<p><span style=\"font-weight: 400;\">El clorato pot\u00e1sico es un potente agente oxidante cuya f\u00f3rmula qu\u00edmica es KClO\u2083. Es una sustancia cristalina blanca que se utiliza habitualmente en laboratorios, procesos industriales y demostraciones educativas. Conocido por sus potentes propiedades oxidantes, el clorato pot\u00e1sico desempe\u00f1a un papel crucial en aplicaciones como la pirotecnia, los desinfectantes y la s\u00edntesis qu\u00edmica.<\/span><\/p>\n<h3><b>\u00bfPor qu\u00e9 elegir nuestro clorato pot\u00e1sico?<\/b><\/h3>\n<ul>\n<li style=\"font-weight: 400;\" aria-level=\"1\"><b>Pureza excepcional:<\/b><span style=\"font-weight: 400;\"> Nuestro clorato pot\u00e1sico procede de fabricantes de renombre, lo que garantiza una calidad y fiabilidad constantes.<\/span><span style=\"font-weight: 400;\">\n<p><\/span><\/li>\n<li style=\"font-weight: 400;\" aria-level=\"1\"><b>Precios asequibles:<\/b><span style=\"font-weight: 400;\"> Ofrecemos precios competitivos con la <\/span><b>precio del clorato pot\u00e1sico m\u00e1s barato<\/b><span style=\"font-weight: 400;\"> disponibles sin comprometer la pureza.<\/span><span style=\"font-weight: 400;\">\n<p><\/span><\/li>\n<li style=\"font-weight: 400;\" aria-level=\"1\"><b>Proveedor de confianza:<\/b><span style=\"font-weight: 400;\"> Con a\u00f1os de experiencia en la distribuci\u00f3n de productos qu\u00edmicos, le garantizamos una compra segura.<\/span><span style=\"font-weight: 400;\">\n<p><\/span><\/li>\n<li style=\"font-weight: 400;\" aria-level=\"1\"><b>Entrega r\u00e1pida y segura:<\/b><span style=\"font-weight: 400;\"> Haga su pedido en l\u00ednea con confianza y disfrute de un env\u00edo r\u00e1pido con un embalaje discreto.<\/span><span style=\"font-weight: 400;\">\n<p><\/span><\/li>\n<\/ul>\n<h3><b>Consideraciones jur\u00eddicas y de seguridad<\/b><\/h3>\n<p><span style=\"font-weight: 400;\"><a href=\"https:\/\/en.wikipedia.org\/wiki\/Potassium_chlorate\">Clorato pot\u00e1sico<\/a> est\u00e1 regulado debido a su naturaleza reactiva y a sus peligros potenciales. Cumplimos todos los <\/span><b>normas reglamentarias<\/b><span style=\"font-weight: 400;\"> en todos los pa\u00edses para garantizar que reciba su producto de forma legal y segura. Tambi\u00e9n proporcionamos <\/span><b>directrices de seguridad<\/b><span style=\"font-weight: 400;\"> para su correcta manipulaci\u00f3n, almacenamiento y uso, ayud\u00e1ndole a mitigar los riesgos asociados a este producto qu\u00edmico.<\/span><\/p>\n<h3><b>D\u00f3nde comprar clorato pot\u00e1sico en l\u00ednea<\/b><\/h3>\n<p><span style=\"font-weight: 400;\">Elegir un proveedor de confianza es crucial. Estamos reconocidos entre los mejores <\/span><b>proveedores y vendedores de confianza<\/b><span style=\"font-weight: 400;\"> de clorato pot\u00e1sico. Nuestra transparencia en el abastecimiento, la verificaci\u00f3n de la calidad y la atenci\u00f3n al cliente garantizan que usted reciba un producto genuino con especificaciones garantizadas.<\/span><\/p>\n<h3><b>C\u00f3mo pedir clorato pot\u00e1sico en l\u00ednea<\/b><\/h3>\n<p><span style=\"font-weight: 400;\">Hacer un pedido es sencillo y seguro. Nuestro proceso simplificado le gu\u00eda a trav\u00e9s de la selecci\u00f3n de cantidades, m\u00e9todos de pago y opciones de entrega. Tanto si paga con tarjeta de cr\u00e9dito como con otros m\u00e9todos seguros, su transacci\u00f3n est\u00e1 protegida. El env\u00edo est\u00e1 disponible en todo el mundo con un seguimiento claro y documentaci\u00f3n aduanera.<\/span><\/p>\n<h3><b>Buenas pr\u00e1cticas de almacenamiento y manipulaci\u00f3n<\/b><\/h3>\n<p><span style=\"font-weight: 400;\">Debido a sus propiedades oxidantes, el clorato de potasio requiere un tratamiento cuidadoso. <\/span><b>almacenamiento en lugares frescos y secos, lejos de materiales combustibles<\/b><span style=\"font-weight: 400;\">. Siga siempre las recomendaciones <\/span><b>directrices de manipulaci\u00f3n<\/b><span style=\"font-weight: 400;\"> para evitar reacciones o contaminaciones accidentales. Proporcionamos instrucciones detalladas con cada pedido para contribuir a un uso seguro.<\/span><\/p>\n<h3><b>Usos comunes del clorato pot\u00e1sico<\/b><\/h3>\n<ul>\n<li style=\"font-weight: 400;\" aria-level=\"1\"><b>Aplicaciones industriales:<\/b><span style=\"font-weight: 400;\"> Se utiliza en la fabricaci\u00f3n de cerillas, explosivos y desinfectantes.<\/span><span style=\"font-weight: 400;\">\n<p><\/span><\/li>\n<li style=\"font-weight: 400;\" aria-level=\"1\"><b>Uso en laboratorio:<\/b><span style=\"font-weight: 400;\"> Imprescindible en s\u00edntesis qu\u00edmica y experimentos anal\u00edticos.<\/span><span style=\"font-weight: 400;\">\n<p><\/span><\/li>\n<li style=\"font-weight: 400;\" aria-level=\"1\"><b>Demostraciones educativas:<\/b><span style=\"font-weight: 400;\"> Popular para experimentos controlados en escuelas y universidades.<\/span><span style=\"font-weight: 400;\">\n<p><\/span><\/li>\n<\/ul>\n<p><b>\u00bfListo para comprar clorato pot\u00e1sico en l\u00ednea?<\/b><span style=\"font-weight: 400;\">\u00a0<\/span><\/p>\n<p><span style=\"font-weight: 400;\">Explore ahora nuestra p\u00e1gina de productos para asegurar su suministro al mejor precio. Ya sea para fines industriales, de investigaci\u00f3n o educativos, nuestro clorato pot\u00e1sico ofrece una calidad constante y una fiabilidad en la que puede confiar.<\/span><\/p>","protected":false},"excerpt":{"rendered":"<p><strong>Clorato pot\u00e1sico<\/strong> es un compuesto qu\u00edmico de f\u00f3rmula <span class=\"katex\"><span class=\"katex-mathml\">KClO3KClO_3<\/span><span class=\"katex-html\" aria-hidden=\"true\"><span class=\"base\"><span class=\"mord mathnormal\">K<\/span><span class=\"mord mathnormal\">Cl<\/span><span class=\"mord\"><span class=\"mord mathnormal\">O<\/span><span class=\"msupsub\"><span class=\"vlist-t vlist-t2\"><span class=\"vlist-r\"><span class=\"vlist\"><span class=\"sizing reset-size6 size3 mtight\"><span class=\"mord mtight\">3<\/span><\/span><\/span><span class=\"vlist-s\">\u200b<\/span><\/span><\/span><\/span><\/span><\/span><\/span><\/span>. Este s\u00f3lido blanco y cristalino es conocido por sus fuertes propiedades oxidantes y se utiliza ampliamente en diversas aplicaciones, desde la pirotecnia hasta el laboratorio.<\/p>\n<ul>\n<li><strong>F\u00f3rmula qu\u00edmica<\/strong>: <span class=\"katex\"><span class=\"katex-mathml\">KClO3KClO_3<\/span><span class=\"katex-html\" aria-hidden=\"true\"><span class=\"base\"><span class=\"mord mathnormal\">K<\/span><span class=\"mord mathnormal\">Cl<\/span><span class=\"mord\"><span class=\"mord mathnormal\">O<\/span><span class=\"msupsub\"><span class=\"vlist-t vlist-t2\"><span class=\"vlist-r\"><span class=\"vlist\"><span class=\"sizing reset-size6 size3 mtight\"><span class=\"mord mtight\">3<\/span><\/span><\/span><span class=\"vlist-s\">\u200b<\/span><\/span><\/span><\/span><\/span><\/span><\/span><\/span><\/li>\n<li><strong>Estructura molecular<\/strong>: El clorato de potasio est\u00e1 formado por un ion potasio (<span class=\"katex\"><span class=\"katex-mathml\">K+K^+<\/span><span class=\"katex-html\" aria-hidden=\"true\"><span class=\"base\"><span class=\"mord\"><span class=\"mord mathnormal\">K<\/span><span class=\"msupsub\"><span class=\"vlist-t\"><span class=\"vlist-r\"><span class=\"vlist\"><span class=\"sizing reset-size6 size3 mtight\"><span class=\"mbin mtight\">+<\/span><\/span><\/span><\/span><\/span><\/span><\/span><\/span><\/span><\/span>) y un ion clorato (<span class=\"katex\"><span class=\"katex-mathml\">ClO3-ClO_3^-<\/span><span class=\"katex-html\" aria-hidden=\"true\"><span class=\"base\"><span class=\"mord mathnormal\">Cl<\/span><span class=\"mord\"><span class=\"mord mathnormal\">O<\/span><span class=\"msupsub\"><span class=\"vlist-t vlist-t2\"><span class=\"vlist-r\"><span class=\"vlist\"><span class=\"sizing reset-size6 size3 mtight\"><span class=\"mord mtight\">3<\/span><\/span><span class=\"sizing reset-size6 size3 mtight\"><span class=\"mbin mtight\">-<\/span><\/span><\/span><span class=\"vlist-s\">\u200b<\/span><\/span><\/span><\/span><\/span><\/span><\/span><\/span>), donde el cloro est\u00e1 unido a tres \u00e1tomos de ox\u00edgeno.<\/li>\n<li><strong>Estado f\u00edsico<\/strong>: S\u00f3lido cristalino blanco.<\/li>\n<li><strong>Punto de fusi\u00f3n<\/strong>: Aproximadamente 356 \u00b0C (673 \u00b0F).<\/li>\n<li><strong>Solubilidad<\/strong>: Soluble en agua; la solubilidad aumenta con la temperatura.<\/li>\n<\/ul>","protected":false},"featured_media":1342,"comment_status":"open","ping_status":"closed","template":"","meta":{"_kadence_starter_templates_imported_post":false,"_kad_post_transparent":"default","_kad_post_title":"","_kad_post_layout":"default","_kad_post_sidebar_id":"","_kad_post_content_style":"default","_kad_post_vertical_padding":"default","_kad_post_feature":"","_kad_post_feature_position":"","_kad_post_header":false,"_kad_post_footer":false,"_joinchat":[]},"product_brand":[],"product_cat":[82],"product_tag":[860,857,872,861,859,865,869,866,863,871,868,864,858,867,862,875,873,856,874,870],"class_list":{"0":"post-1252","1":"product","2":"type-product","3":"status-publish","4":"has-post-thumbnail","6":"product_cat-explosives-and-pyrotechnics","7":"product_tag-bulk-potassium-chlorate-supplier","8":"product_tag-buy-potassium-chlorate","9":"product_tag-commercial-potassium-chlorate-supply","10":"product_tag-high-purity-potassium-chlorate","11":"product_tag-industrial-potassium-chlorate-supply","12":"product_tag-potassium-chlorate-as-oxidizing-agent","13":"product_tag-potassium-chlorate-distributor","14":"product_tag-potassium-chlorate-for-chemical-manufacturing","15":"product_tag-potassium-chlorate-for-fireworks","16":"product_tag-potassium-chlorate-for-industrial-applications","17":"product_tag-potassium-chlorate-for-laboratory-use","18":"product_tag-potassium-chlorate-for-pyrotechnics","19":"product_tag-potassium-chlorate-for-sale","20":"product_tag-potassium-chlorate-in-explosives","21":"product_tag-potassium-chlorate-price-and-availability","22":"product_tag-potassium-chlorate-procurement","23":"product_tag-potassium-chlorate-safety-and-compliance","24":"product_tag-potassium-chlorate-supplier","25":"product_tag-reliable-potassium-chlorate-supplier","26":"product_tag-where-to-buy-potassium-chlorate","28":"first","29":"instock","30":"shipping-taxable","31":"product-type-simple","32":"entry","33":"content-bg","34":"loop-entry"},"yoast_head":"<!-- This site is optimized with the Yoast SEO plugin v25.6 - https:\/\/yoast.com\/wordpress\/plugins\/seo\/ -->\n<title>Buy Potassium Chlorate online - Potassium Chlorate for Sale<\/title>\n<meta name=\"description\" content=\"You can get potassium chlorate for sale at our subszone store and get it at your doorstep without any hassle. We help you buy potassium chlorate online. Order Now!\" \/>\n<meta name=\"robots\" content=\"index, follow, max-snippet:-1, max-image-preview:large, max-video-preview:-1\" \/>\n<link rel=\"canonical\" href=\"https:\/\/subszone.com\/es\/product\/clorato-potasico\/\" \/>\n<meta property=\"og:locale\" content=\"es_ES\" \/>\n<meta property=\"og:type\" content=\"article\" \/>\n<meta property=\"og:title\" content=\"Buy Potassium Chlorate online - Potassium Chlorate for Sale\" \/>\n<meta property=\"og:description\" content=\"You can get potassium chlorate for sale at our subszone store and get it at your doorstep without any hassle. We help you buy potassium chlorate online. Order Now!\" \/>\n<meta property=\"og:url\" content=\"https:\/\/subszone.com\/es\/product\/clorato-potasico\/\" \/>\n<meta property=\"og:site_name\" content=\"SubsZone\" \/>\n<meta property=\"article:modified_time\" content=\"2025-06-04T06:37:44+00:00\" \/>\n<meta property=\"og:image\" content=\"https:\/\/subszone.com\/wp-content\/uploads\/2024\/10\/Potassium-Chlorate.webp\" \/>\n\t<meta property=\"og:image:width\" content=\"1024\" \/>\n\t<meta property=\"og:image:height\" content=\"1024\" \/>\n\t<meta property=\"og:image:type\" content=\"image\/webp\" \/>\n<meta name=\"twitter:card\" content=\"summary_large_image\" \/>\n<meta name=\"twitter:label1\" content=\"Tiempo de lectura\" \/>\n\t<meta name=\"twitter:data1\" content=\"3 minutos\" \/>\n<script type=\"application\/ld+json\" class=\"yoast-schema-graph\">{\"@context\":\"https:\/\/schema.org\",\"@graph\":[{\"@type\":\"WebPage\",\"@id\":\"https:\/\/subszone.com\/product\/potassium-chlorate\/\",\"url\":\"https:\/\/subszone.com\/product\/potassium-chlorate\/\",\"name\":\"Buy Potassium Chlorate online - Potassium Chlorate for Sale\",\"isPartOf\":{\"@id\":\"https:\/\/subszone.com\/#website\"},\"primaryImageOfPage\":{\"@id\":\"https:\/\/subszone.com\/product\/potassium-chlorate\/#primaryimage\"},\"image\":{\"@id\":\"https:\/\/subszone.com\/product\/potassium-chlorate\/#primaryimage\"},\"thumbnailUrl\":\"https:\/\/subszone.com\/wp-content\/uploads\/2024\/10\/Potassium-Chlorate.webp\",\"datePublished\":\"2024-10-24T07:20:08+00:00\",\"dateModified\":\"2025-06-04T06:37:44+00:00\",\"description\":\"You can get potassium chlorate for sale at our subszone store and get it at your doorstep without any hassle. We help you buy potassium chlorate online. Order Now!\",\"breadcrumb\":{\"@id\":\"https:\/\/subszone.com\/product\/potassium-chlorate\/#breadcrumb\"},\"inLanguage\":\"es\",\"potentialAction\":[{\"@type\":\"ReadAction\",\"target\":[\"https:\/\/subszone.com\/product\/potassium-chlorate\/\"]}]},{\"@type\":\"ImageObject\",\"inLanguage\":\"es\",\"@id\":\"https:\/\/subszone.com\/product\/potassium-chlorate\/#primaryimage\",\"url\":\"https:\/\/subszone.com\/wp-content\/uploads\/2024\/10\/Potassium-Chlorate.webp\",\"contentUrl\":\"https:\/\/subszone.com\/wp-content\/uploads\/2024\/10\/Potassium-Chlorate.webp\",\"width\":1024,\"height\":1024,\"caption\":\"Buy Potassium Chlorate online\"},{\"@type\":\"BreadcrumbList\",\"@id\":\"https:\/\/subszone.com\/product\/potassium-chlorate\/#breadcrumb\",\"itemListElement\":[{\"@type\":\"ListItem\",\"position\":1,\"name\":\"Home\",\"item\":\"https:\/\/subszone.com\/\"},{\"@type\":\"ListItem\",\"position\":2,\"name\":\"Shop\",\"item\":\"https:\/\/subszone.com\/shop\/\"},{\"@type\":\"ListItem\",\"position\":3,\"name\":\"Buy Potassium Chlorate Online\"}]},{\"@type\":\"WebSite\",\"@id\":\"https:\/\/subszone.com\/#website\",\"url\":\"https:\/\/subszone.com\/\",\"name\":\"SubsZone\",\"description\":\"My WordPress Blog\",\"publisher\":{\"@id\":\"https:\/\/subszone.com\/#organization\"},\"potentialAction\":[{\"@type\":\"SearchAction\",\"target\":{\"@type\":\"EntryPoint\",\"urlTemplate\":\"https:\/\/subszone.com\/?s={search_term_string}\"},\"query-input\":{\"@type\":\"PropertyValueSpecification\",\"valueRequired\":true,\"valueName\":\"search_term_string\"}}],\"inLanguage\":\"es\"},{\"@type\":\"Organization\",\"@id\":\"https:\/\/subszone.com\/#organization\",\"name\":\"SubsZone\",\"url\":\"https:\/\/subszone.com\/\",\"logo\":{\"@type\":\"ImageObject\",\"inLanguage\":\"es\",\"@id\":\"https:\/\/subszone.com\/#\/schema\/logo\/image\/\",\"url\":\"https:\/\/subszone.com\/wp-content\/uploads\/2024\/10\/logo.png\",\"contentUrl\":\"https:\/\/subszone.com\/wp-content\/uploads\/2024\/10\/logo.png\",\"width\":193,\"height\":50,\"caption\":\"SubsZone\"},\"image\":{\"@id\":\"https:\/\/subszone.com\/#\/schema\/logo\/image\/\"}}]}<\/script>\n<!-- \/ Yoast SEO plugin. -->","yoast_head_json":{"title":"Comprar clorato pot\u00e1sico en l\u00ednea - Venta de clorato pot\u00e1sico","description":"Usted puede conseguir clorato de potasio a la venta en nuestra tienda subszone y recibirlo en su puerta sin ning\u00fan tipo de molestia. Le ayudamos a comprar clorato pot\u00e1sico online. \u00a1Haga su pedido ahora!","robots":{"index":"index","follow":"follow","max-snippet":"max-snippet:-1","max-image-preview":"max-image-preview:large","max-video-preview":"max-video-preview:-1"},"canonical":"https:\/\/subszone.com\/es\/product\/clorato-potasico\/","og_locale":"es_ES","og_type":"article","og_title":"Buy Potassium Chlorate online - Potassium Chlorate for Sale","og_description":"You can get potassium chlorate for sale at our subszone store and get it at your doorstep without any hassle. We help you buy potassium chlorate online. Order Now!","og_url":"https:\/\/subszone.com\/es\/product\/clorato-potasico\/","og_site_name":"SubsZone","article_modified_time":"2025-06-04T06:37:44+00:00","og_image":[{"width":1024,"height":1024,"url":"https:\/\/subszone.com\/wp-content\/uploads\/2024\/10\/Potassium-Chlorate.webp","type":"image\/webp"}],"twitter_card":"summary_large_image","twitter_misc":{"Tiempo de lectura":"3 minutos"},"schema":{"@context":"https:\/\/schema.org","@graph":[{"@type":"WebPage","@id":"https:\/\/subszone.com\/product\/potassium-chlorate\/","url":"https:\/\/subszone.com\/product\/potassium-chlorate\/","name":"Comprar clorato pot\u00e1sico en l\u00ednea - Venta de clorato pot\u00e1sico","isPartOf":{"@id":"https:\/\/subszone.com\/#website"},"primaryImageOfPage":{"@id":"https:\/\/subszone.com\/product\/potassium-chlorate\/#primaryimage"},"image":{"@id":"https:\/\/subszone.com\/product\/potassium-chlorate\/#primaryimage"},"thumbnailUrl":"https:\/\/subszone.com\/wp-content\/uploads\/2024\/10\/Potassium-Chlorate.webp","datePublished":"2024-10-24T07:20:08+00:00","dateModified":"2025-06-04T06:37:44+00:00","description":"Usted puede conseguir clorato de potasio a la venta en nuestra tienda subszone y recibirlo en su puerta sin ning\u00fan tipo de molestia. Le ayudamos a comprar clorato pot\u00e1sico online. \u00a1Haga su pedido ahora!","breadcrumb":{"@id":"https:\/\/subszone.com\/product\/potassium-chlorate\/#breadcrumb"},"inLanguage":"es","potentialAction":[{"@type":"ReadAction","target":["https:\/\/subszone.com\/product\/potassium-chlorate\/"]}]},{"@type":"ImageObject","inLanguage":"es","@id":"https:\/\/subszone.com\/product\/potassium-chlorate\/#primaryimage","url":"https:\/\/subszone.com\/wp-content\/uploads\/2024\/10\/Potassium-Chlorate.webp","contentUrl":"https:\/\/subszone.com\/wp-content\/uploads\/2024\/10\/Potassium-Chlorate.webp","width":1024,"height":1024,"caption":"Buy Potassium Chlorate online"},{"@type":"BreadcrumbList","@id":"https:\/\/subszone.com\/product\/potassium-chlorate\/#breadcrumb","itemListElement":[{"@type":"ListItem","position":1,"name":"Home","item":"https:\/\/subszone.com\/"},{"@type":"ListItem","position":2,"name":"Shop","item":"https:\/\/subszone.com\/shop\/"},{"@type":"ListItem","position":3,"name":"Buy Potassium Chlorate Online"}]},{"@type":"WebSite","@id":"https:\/\/subszone.com\/#website","url":"https:\/\/subszone.com\/","name":"SubsZone","description":"Mi blog de WordPress","publisher":{"@id":"https:\/\/subszone.com\/#organization"},"potentialAction":[{"@type":"SearchAction","target":{"@type":"EntryPoint","urlTemplate":"https:\/\/subszone.com\/?s={search_term_string}"},"query-input":{"@type":"PropertyValueSpecification","valueRequired":true,"valueName":"search_term_string"}}],"inLanguage":"es"},{"@type":"Organization","@id":"https:\/\/subszone.com\/#organization","name":"SubsZone","url":"https:\/\/subszone.com\/","logo":{"@type":"ImageObject","inLanguage":"es","@id":"https:\/\/subszone.com\/#\/schema\/logo\/image\/","url":"https:\/\/subszone.com\/wp-content\/uploads\/2024\/10\/logo.png","contentUrl":"https:\/\/subszone.com\/wp-content\/uploads\/2024\/10\/logo.png","width":193,"height":50,"caption":"SubsZone"},"image":{"@id":"https:\/\/subszone.com\/#\/schema\/logo\/image\/"}}]}},"_links":{"self":[{"href":"https:\/\/subszone.com\/es\/wp-json\/wp\/v2\/product\/1252","targetHints":{"allow":["GET"]}}],"collection":[{"href":"https:\/\/subszone.com\/es\/wp-json\/wp\/v2\/product"}],"about":[{"href":"https:\/\/subszone.com\/es\/wp-json\/wp\/v2\/types\/product"}],"replies":[{"embeddable":true,"href":"https:\/\/subszone.com\/es\/wp-json\/wp\/v2\/comments?post=1252"}],"wp:featuredmedia":[{"embeddable":true,"href":"https:\/\/subszone.com\/es\/wp-json\/wp\/v2\/media\/1342"}],"wp:attachment":[{"href":"https:\/\/subszone.com\/es\/wp-json\/wp\/v2\/media?parent=1252"}],"wp:term":[{"taxonomy":"product_brand","embeddable":true,"href":"https:\/\/subszone.com\/es\/wp-json\/wp\/v2\/product_brand?post=1252"},{"taxonomy":"product_cat","embeddable":true,"href":"https:\/\/subszone.com\/es\/wp-json\/wp\/v2\/product_cat?post=1252"},{"taxonomy":"product_tag","embeddable":true,"href":"https:\/\/subszone.com\/es\/wp-json\/wp\/v2\/product_tag?post=1252"}],"curies":[{"name":"wp","href":"https:\/\/api.w.org\/{rel}","templated":true}]}}