{"id":1264,"date":"2024-10-24T07:49:49","date_gmt":"2024-10-24T07:49:49","guid":{"rendered":"https:\/\/subszone.com\/?post_type=product&#038;p=1264"},"modified":"2025-06-04T07:25:53","modified_gmt":"2025-06-04T07:25:53","slug":"permanganato-potasico","status":"publish","type":"product","link":"https:\/\/subszone.com\/es\/product\/permanganato-potasico\/","title":{"rendered":"Comprar permanganato pot\u00e1sico en l\u00ednea"},"content":{"rendered":"<h2><b>Comprar permanganato pot\u00e1sico en l\u00ednea - oxidante de gran pureza para uso industrial, tratamiento de aguas y laboratorio<\/b><\/h2>\n<p><span style=\"font-weight: 400;\">Con vistas a <\/span><a href=\"https:\/\/en.wikipedia.org\/wiki\/Potassium_permanganate\"><b>comprar permanganato pot\u00e1sico en l\u00ednea<\/b><\/a><span style=\"font-weight: 400;\">? Tanto si es t\u00e9cnico de laboratorio, especialista en tratamiento de aguas o profesional industrial, nuestro permanganato pot\u00e1sico de primera calidad es una soluci\u00f3n fiable para una amplia gama de aplicaciones. Con pureza verificada, env\u00edo seguro y precios competitivos, ofrecemos una forma sencilla de <\/span><b>Comprar permanganato pot\u00e1sico en l\u00ednea<\/b><span style=\"font-weight: 400;\"> de proveedores de confianza.<\/span><\/p>\n<h3><b>\u00bfPara qu\u00e9 se utiliza el permanganato pot\u00e1sico?<\/b><\/h3>\n<p><span style=\"font-weight: 400;\">El permanganato pot\u00e1sico (KMnO\u2084) es un potente agente oxidante reconocido por su versatilidad y eficacia. Se presenta en forma de cristales de color p\u00farpura oscuro que se disuelven en agua para formar una soluci\u00f3n de color rosa brillante a p\u00farpura intenso.<\/span><\/p>\n<p><b>Las aplicaciones m\u00e1s comunes son:<\/b><\/p>\n<ul>\n<li style=\"font-weight: 400;\" aria-level=\"1\"><b>Tratamiento del agua:<\/b><span style=\"font-weight: 400;\"> Controla el olor, el sabor, el hierro y el manganeso en los sistemas de agua municipales e industriales.<\/span>&nbsp;<\/li>\n<li style=\"font-weight: 400;\" aria-level=\"1\"><b>Uso m\u00e9dico (diluido):<\/b><span style=\"font-weight: 400;\"> Trata las infecciones f\u00fangicas y desinfecta las heridas bajo supervisi\u00f3n m\u00e9dica.<\/span>&nbsp;<\/li>\n<li style=\"font-weight: 400;\" aria-level=\"1\"><b>Limpieza industrial:<\/b><span style=\"font-weight: 400;\"> Elimina la materia org\u00e1nica de equipos y tuber\u00edas.<\/span>&nbsp;<\/li>\n<li style=\"font-weight: 400;\" aria-level=\"1\"><b>Uso en laboratorio:<\/b><span style=\"font-weight: 400;\"> Com\u00fan en valoraciones redox y s\u00edntesis qu\u00edmicas.<\/span>&nbsp;<\/li>\n<\/ul>\n<h3><b>\u00bfQui\u00e9n puede comprar permanganato pot\u00e1sico legalmente?<\/b><\/h3>\n<p><span style=\"font-weight: 400;\">En <a href=\"https:\/\/subszone.com\/es\/product\/permanganato-potasico\/\">Permanganato pot\u00e1sico<\/a> es legal para fines industriales, comerciales y de investigaci\u00f3n leg\u00edtimos, algunas jurisdicciones pueden restringir su venta debido a su fuerte naturaleza oxidante. En algunas regiones, especialmente para concentraciones m\u00e1s altas, los compradores pueden necesitar proporcionar:<\/span><\/p>\n<ul>\n<li style=\"font-weight: 400;\" aria-level=\"1\"><span style=\"font-weight: 400;\">Prueba de uso profesional o institucional<\/span>&nbsp;<\/li>\n<li style=\"font-weight: 400;\" aria-level=\"1\"><span style=\"font-weight: 400;\">Licencias o permisos para productos qu\u00edmicos regulados<\/span>&nbsp;<\/li>\n<li style=\"font-weight: 400;\" aria-level=\"1\"><span style=\"font-weight: 400;\">Acuerdo para seguir las directrices locales sobre manipulaci\u00f3n de materiales peligrosos<\/span>&nbsp;<\/li>\n<\/ul>\n<p><span style=\"font-weight: 400;\">Compruebe siempre la legislaci\u00f3n local antes de comprar.<\/span><\/p>\n<h3><b>Caracter\u00edsticas clave que debe tener en cuenta al comprar por Internet<\/b><\/h3>\n<ul>\n<li style=\"font-weight: 400;\" aria-level=\"1\"><b>Grados de pureza disponibles:<\/b><span style=\"font-weight: 400;\"> Grados t\u00e9cnico, reactivo y USP<\/span>&nbsp;<\/li>\n<li style=\"font-weight: 400;\" aria-level=\"1\"><b>Embalaje resistente a la humedad:<\/b><span style=\"font-weight: 400;\"> Contenedores seguros y sellados para mantener la estabilidad<\/span>&nbsp;<\/li>\n<li style=\"font-weight: 400;\" aria-level=\"1\"><b>Etiquetado claro y SDS:<\/b><span style=\"font-weight: 400;\"> Incluye ficha de datos de seguridad y certificado de an\u00e1lisis (CoA)<\/span>&nbsp;<\/li>\n<li style=\"font-weight: 400;\" aria-level=\"1\"><b>M\u00faltiples cantidades:<\/b><span style=\"font-weight: 400;\"> Disponible a granel y en tama\u00f1os peque\u00f1os para laboratorio<\/span>&nbsp;<\/li>\n<\/ul>\n<h3><b>Consideraciones jur\u00eddicas y reglamentarias<\/b><\/h3>\n<ul>\n<li style=\"font-weight: 400;\" aria-level=\"1\"><b>L\u00edmites de concentraci\u00f3n:<\/b><span style=\"font-weight: 400;\"> Determinadas concentraciones pueden clasificarse como peligrosas y restringirse para uso del consumidor.<\/span>&nbsp;<\/li>\n<li style=\"font-weight: 400;\" aria-level=\"1\"><b>Concesi\u00f3n de licencias:<\/b><span style=\"font-weight: 400;\"> Puede requerir documentaci\u00f3n adecuada o verificaci\u00f3n comercial para la compra.<\/span>&nbsp;<\/li>\n<li style=\"font-weight: 400;\" aria-level=\"1\"><b>Normas de env\u00edo:<\/b><span style=\"font-weight: 400;\"> Debido a sus propiedades oxidantes, a menudo se clasifica como material peligroso durante el transporte y debe transportarse en consecuencia.<\/span>&nbsp;<\/li>\n<\/ul>\n<p><span style=\"font-weight: 400;\">Cumplimos todas las leyes de env\u00edo nacionales e internacionales y proporcionamos la documentaci\u00f3n necesaria.<\/span><\/p>\n<h3><b>D\u00f3nde comprar permanganato pot\u00e1sico en l\u00ednea<\/b><\/h3>\n<p><span style=\"font-weight: 400;\">Colaboramos con <\/span><b>distribuidores de productos qu\u00edmicos de confianza y empresas de suministros de laboratorio certificadas<\/b><span style=\"font-weight: 400;\"> para garantizarle un producto de m\u00e1xima calidad con total transparencia.<\/span><\/p>\n<p><span style=\"font-weight: 400;\">En busca del <\/span><b>mejor lugar para comprar permanganato pot\u00e1sico<\/b><span style=\"font-weight: 400;\">? Nuestra plataforma ofrece:<\/span><\/p>\n<ul>\n<li style=\"font-weight: 400;\" aria-level=\"1\"><span style=\"font-weight: 400;\">Proveedores verificados con a\u00f1os de reputaci\u00f3n<\/span>&nbsp;<\/li>\n<li style=\"font-weight: 400;\" aria-level=\"1\"><span style=\"font-weight: 400;\">Detalles del producto y niveles de pureza transparentes<\/span>&nbsp;<\/li>\n<li style=\"font-weight: 400;\" aria-level=\"1\"><span style=\"font-weight: 400;\">Asistencia en tiempo real para compradores comerciales o acad\u00e9micos<\/span>&nbsp;<\/li>\n<li style=\"font-weight: 400;\" aria-level=\"1\"><span style=\"font-weight: 400;\">Entrega segura y conforme en m\u00faltiples regiones<\/span>&nbsp;<\/li>\n<\/ul>\n<h3><b>Venta de permanganato pot\u00e1sico - Compre ahora<\/b><\/h3>\n<p><span style=\"font-weight: 400;\">Ofrecemos <\/span><b>Venta de permanganato pot\u00e1sico<\/b><span style=\"font-weight: 400;\"> a precios competitivos, centr\u00e1ndonos en la pureza, la seguridad y el servicio. Tanto si realiza pedidos en peque\u00f1as cantidades para uso en laboratorio como a granel para operaciones industriales, le ofrecemos calidad y conformidad en todo momento.<\/span><\/p>\n<p><span style=\"font-weight: 400;\">\u00bfListo para hacer una compra segura? <\/span><b>Comprar permanganato pot\u00e1sico en l\u00ednea<\/b><span style=\"font-weight: 400;\"> hoy y benef\u00edciese de:<\/span><\/p>\n<ul>\n<li style=\"font-weight: 400;\" aria-level=\"1\"><b>Alta pureza<\/b>&nbsp;<\/li>\n<li style=\"font-weight: 400;\" aria-level=\"1\"><b>Precio barato del permanganato pot\u00e1sico<\/b><span style=\"font-weight: 400;\"> sin merma de la calidad<\/span>&nbsp;<\/li>\n<li style=\"font-weight: 400;\" aria-level=\"1\"><b>Asistencia y documentaci\u00f3n de expertos<\/b>&nbsp;<\/li>\n<\/ul>\n<p><b>Compre permanganato pot\u00e1sico en l\u00ednea con confianza<\/b><span style=\"font-weight: 400;\">-en la que conf\u00edan profesionales del tratamiento del agua, la ciencia y la industria de todo el mundo.<\/span><\/p>","protected":false},"excerpt":{"rendered":"<p>El permanganato pot\u00e1sico (KMnO\u2084) es un compuesto cristalino de color p\u00farpura oscuro a negro que se utiliza com\u00fanmente en diversas aplicaciones debido a sus fuertes propiedades oxidantes. Es soluble en agua y tiene un caracter\u00edstico color p\u00farpura intenso.<\/p>\n<ul>\n<li><strong>F\u00f3rmula qu\u00edmica<\/strong>: KMnO\u2084<\/li>\n<li><strong>Apariencia<\/strong>: Cristales o gr\u00e1nulos de color p\u00farpura oscuro<\/li>\n<li><strong>Masa molar<\/strong>: 158,034 g\/mol<\/li>\n<li><strong>Solubilidad<\/strong>: Soluble en agua<\/li>\n<li><strong>Agente oxidante<\/strong>: Altamente reactivo, especialmente en condiciones \u00e1cidas<\/li>\n<\/ul>\n<p>&nbsp;<\/p>","protected":false},"featured_media":1354,"comment_status":"open","ping_status":"closed","template":"","meta":{"_kadence_starter_templates_imported_post":false,"_kad_post_transparent":"default","_kad_post_title":"","_kad_post_layout":"default","_kad_post_sidebar_id":"","_kad_post_content_style":"default","_kad_post_vertical_padding":"default","_kad_post_feature":"","_kad_post_feature_position":"","_kad_post_header":false,"_kad_post_footer":false,"_joinchat":[]},"product_brand":[],"product_cat":[127],"product_tag":[388,389,390,391,392,393,394,395,396,397,398,399],"class_list":{"0":"post-1264","1":"product","2":"type-product","3":"status-publish","4":"has-post-thumbnail","6":"product_cat-water-treatment-and-disinfection","7":"product_tag-bulk-potassium-permanganate-supplier","8":"product_tag-buy-potassium-permanganate-in-bulk","9":"product_tag-cas-7722-64-7-supplier","10":"product_tag-high-purity-potassium-permanganate-supplier","11":"product_tag-industrial-grade-potassium-permanganate","12":"product_tag-potassium-permanganate-99-purity","13":"product_tag-potassium-permanganate-cas-7722-64-7","14":"product_tag-potassium-permanganate-chemical-for-sale","15":"product_tag-potassium-permanganate-for-industrial-use","16":"product_tag-potassium-permanganate-for-water-treatment","17":"product_tag-potassium-permanganate-price-per-kg","18":"product_tag-potassium-permanganate-wholesale-distributor","20":"first","21":"instock","22":"shipping-taxable","23":"product-type-simple","24":"entry","25":"content-bg","26":"loop-entry"},"yoast_head":"<!-- This site is optimized with the Yoast SEO plugin v25.6 - https:\/\/yoast.com\/wordpress\/plugins\/seo\/ -->\n<title>Buy Potassium Permanganate Online - Potassium Permanganate<\/title>\n<meta name=\"description\" content=\"Looking for high-quality potassium permanganate for sale online, subszone is a leading store where you can buy potassium permanganate online at the best price. Order Now with Discreet Shipping!\" \/>\n<meta name=\"robots\" content=\"index, follow, max-snippet:-1, max-image-preview:large, max-video-preview:-1\" \/>\n<link rel=\"canonical\" href=\"https:\/\/subszone.com\/es\/product\/permanganato-potasico\/\" \/>\n<meta property=\"og:locale\" content=\"es_ES\" \/>\n<meta property=\"og:type\" content=\"article\" \/>\n<meta property=\"og:title\" content=\"Buy Potassium Permanganate Online - Potassium Permanganate\" \/>\n<meta property=\"og:description\" content=\"Looking for high-quality potassium permanganate for sale online, subszone is a leading store where you can buy potassium permanganate online at the best price. Order Now with Discreet Shipping!\" \/>\n<meta property=\"og:url\" content=\"https:\/\/subszone.com\/es\/product\/permanganato-potasico\/\" \/>\n<meta property=\"og:site_name\" content=\"SubsZone\" \/>\n<meta property=\"article:modified_time\" content=\"2025-06-04T07:25:53+00:00\" \/>\n<meta property=\"og:image\" content=\"https:\/\/subszone.com\/wp-content\/uploads\/2024\/10\/918fe6f2-ca8c-4fa7-922f-d1a5718accc8.webp\" \/>\n\t<meta property=\"og:image:width\" content=\"1024\" \/>\n\t<meta property=\"og:image:height\" content=\"1024\" \/>\n\t<meta property=\"og:image:type\" content=\"image\/webp\" \/>\n<meta name=\"twitter:card\" content=\"summary_large_image\" \/>\n<meta name=\"twitter:label1\" content=\"Tiempo de lectura\" \/>\n\t<meta name=\"twitter:data1\" content=\"3 minutos\" \/>\n<script type=\"application\/ld+json\" class=\"yoast-schema-graph\">{\"@context\":\"https:\/\/schema.org\",\"@graph\":[{\"@type\":\"WebPage\",\"@id\":\"https:\/\/subszone.com\/product\/potassium-permanganate\/\",\"url\":\"https:\/\/subszone.com\/product\/potassium-permanganate\/\",\"name\":\"Buy Potassium Permanganate Online - Potassium Permanganate\",\"isPartOf\":{\"@id\":\"https:\/\/subszone.com\/#website\"},\"primaryImageOfPage\":{\"@id\":\"https:\/\/subszone.com\/product\/potassium-permanganate\/#primaryimage\"},\"image\":{\"@id\":\"https:\/\/subszone.com\/product\/potassium-permanganate\/#primaryimage\"},\"thumbnailUrl\":\"https:\/\/subszone.com\/wp-content\/uploads\/2024\/10\/918fe6f2-ca8c-4fa7-922f-d1a5718accc8.webp\",\"datePublished\":\"2024-10-24T07:49:49+00:00\",\"dateModified\":\"2025-06-04T07:25:53+00:00\",\"description\":\"Looking for high-quality potassium permanganate for sale online, subszone is a leading store where you can buy potassium permanganate online at the best price. Order Now with Discreet Shipping!\",\"breadcrumb\":{\"@id\":\"https:\/\/subszone.com\/product\/potassium-permanganate\/#breadcrumb\"},\"inLanguage\":\"es\",\"potentialAction\":[{\"@type\":\"ReadAction\",\"target\":[\"https:\/\/subszone.com\/product\/potassium-permanganate\/\"]}]},{\"@type\":\"ImageObject\",\"inLanguage\":\"es\",\"@id\":\"https:\/\/subszone.com\/product\/potassium-permanganate\/#primaryimage\",\"url\":\"https:\/\/subszone.com\/wp-content\/uploads\/2024\/10\/918fe6f2-ca8c-4fa7-922f-d1a5718accc8.webp\",\"contentUrl\":\"https:\/\/subszone.com\/wp-content\/uploads\/2024\/10\/918fe6f2-ca8c-4fa7-922f-d1a5718accc8.webp\",\"width\":1024,\"height\":1024,\"caption\":\"Buy Potassium Permanganate Online\"},{\"@type\":\"BreadcrumbList\",\"@id\":\"https:\/\/subszone.com\/product\/potassium-permanganate\/#breadcrumb\",\"itemListElement\":[{\"@type\":\"ListItem\",\"position\":1,\"name\":\"Home\",\"item\":\"https:\/\/subszone.com\/\"},{\"@type\":\"ListItem\",\"position\":2,\"name\":\"Shop\",\"item\":\"https:\/\/subszone.com\/shop\/\"},{\"@type\":\"ListItem\",\"position\":3,\"name\":\"Buy Potassium Permanganate Online\"}]},{\"@type\":\"WebSite\",\"@id\":\"https:\/\/subszone.com\/#website\",\"url\":\"https:\/\/subszone.com\/\",\"name\":\"SubsZone\",\"description\":\"My WordPress Blog\",\"publisher\":{\"@id\":\"https:\/\/subszone.com\/#organization\"},\"potentialAction\":[{\"@type\":\"SearchAction\",\"target\":{\"@type\":\"EntryPoint\",\"urlTemplate\":\"https:\/\/subszone.com\/?s={search_term_string}\"},\"query-input\":{\"@type\":\"PropertyValueSpecification\",\"valueRequired\":true,\"valueName\":\"search_term_string\"}}],\"inLanguage\":\"es\"},{\"@type\":\"Organization\",\"@id\":\"https:\/\/subszone.com\/#organization\",\"name\":\"SubsZone\",\"url\":\"https:\/\/subszone.com\/\",\"logo\":{\"@type\":\"ImageObject\",\"inLanguage\":\"es\",\"@id\":\"https:\/\/subszone.com\/#\/schema\/logo\/image\/\",\"url\":\"https:\/\/subszone.com\/wp-content\/uploads\/2024\/10\/logo.png\",\"contentUrl\":\"https:\/\/subszone.com\/wp-content\/uploads\/2024\/10\/logo.png\",\"width\":193,\"height\":50,\"caption\":\"SubsZone\"},\"image\":{\"@id\":\"https:\/\/subszone.com\/#\/schema\/logo\/image\/\"}}]}<\/script>\n<!-- \/ Yoast SEO plugin. -->","yoast_head_json":{"title":"Comprar permanganato pot\u00e1sico en l\u00ednea - Permanganato pot\u00e1sico","description":"Buscando permanganato de potasio de alta calidad para la venta en l\u00ednea, subszone es una tienda l\u00edder donde se puede comprar permanganato de potasio en l\u00ednea al mejor precio. \u00a1Haga su pedido ahora con env\u00edo discreto!","robots":{"index":"index","follow":"follow","max-snippet":"max-snippet:-1","max-image-preview":"max-image-preview:large","max-video-preview":"max-video-preview:-1"},"canonical":"https:\/\/subszone.com\/es\/product\/permanganato-potasico\/","og_locale":"es_ES","og_type":"article","og_title":"Buy Potassium Permanganate Online - Potassium Permanganate","og_description":"Looking for high-quality potassium permanganate for sale online, subszone is a leading store where you can buy potassium permanganate online at the best price. Order Now with Discreet Shipping!","og_url":"https:\/\/subszone.com\/es\/product\/permanganato-potasico\/","og_site_name":"SubsZone","article_modified_time":"2025-06-04T07:25:53+00:00","og_image":[{"width":1024,"height":1024,"url":"https:\/\/subszone.com\/wp-content\/uploads\/2024\/10\/918fe6f2-ca8c-4fa7-922f-d1a5718accc8.webp","type":"image\/webp"}],"twitter_card":"summary_large_image","twitter_misc":{"Tiempo de lectura":"3 minutos"},"schema":{"@context":"https:\/\/schema.org","@graph":[{"@type":"WebPage","@id":"https:\/\/subszone.com\/product\/potassium-permanganate\/","url":"https:\/\/subszone.com\/product\/potassium-permanganate\/","name":"Comprar permanganato pot\u00e1sico en l\u00ednea - Permanganato pot\u00e1sico","isPartOf":{"@id":"https:\/\/subszone.com\/#website"},"primaryImageOfPage":{"@id":"https:\/\/subszone.com\/product\/potassium-permanganate\/#primaryimage"},"image":{"@id":"https:\/\/subszone.com\/product\/potassium-permanganate\/#primaryimage"},"thumbnailUrl":"https:\/\/subszone.com\/wp-content\/uploads\/2024\/10\/918fe6f2-ca8c-4fa7-922f-d1a5718accc8.webp","datePublished":"2024-10-24T07:49:49+00:00","dateModified":"2025-06-04T07:25:53+00:00","description":"Buscando permanganato de potasio de alta calidad para la venta en l\u00ednea, subszone es una tienda l\u00edder donde se puede comprar permanganato de potasio en l\u00ednea al mejor precio. \u00a1Haga su pedido ahora con env\u00edo discreto!","breadcrumb":{"@id":"https:\/\/subszone.com\/product\/potassium-permanganate\/#breadcrumb"},"inLanguage":"es","potentialAction":[{"@type":"ReadAction","target":["https:\/\/subszone.com\/product\/potassium-permanganate\/"]}]},{"@type":"ImageObject","inLanguage":"es","@id":"https:\/\/subszone.com\/product\/potassium-permanganate\/#primaryimage","url":"https:\/\/subszone.com\/wp-content\/uploads\/2024\/10\/918fe6f2-ca8c-4fa7-922f-d1a5718accc8.webp","contentUrl":"https:\/\/subszone.com\/wp-content\/uploads\/2024\/10\/918fe6f2-ca8c-4fa7-922f-d1a5718accc8.webp","width":1024,"height":1024,"caption":"Buy Potassium Permanganate Online"},{"@type":"BreadcrumbList","@id":"https:\/\/subszone.com\/product\/potassium-permanganate\/#breadcrumb","itemListElement":[{"@type":"ListItem","position":1,"name":"Home","item":"https:\/\/subszone.com\/"},{"@type":"ListItem","position":2,"name":"Shop","item":"https:\/\/subszone.com\/shop\/"},{"@type":"ListItem","position":3,"name":"Buy Potassium Permanganate Online"}]},{"@type":"WebSite","@id":"https:\/\/subszone.com\/#website","url":"https:\/\/subszone.com\/","name":"SubsZone","description":"Mi blog de WordPress","publisher":{"@id":"https:\/\/subszone.com\/#organization"},"potentialAction":[{"@type":"SearchAction","target":{"@type":"EntryPoint","urlTemplate":"https:\/\/subszone.com\/?s={search_term_string}"},"query-input":{"@type":"PropertyValueSpecification","valueRequired":true,"valueName":"search_term_string"}}],"inLanguage":"es"},{"@type":"Organization","@id":"https:\/\/subszone.com\/#organization","name":"SubsZone","url":"https:\/\/subszone.com\/","logo":{"@type":"ImageObject","inLanguage":"es","@id":"https:\/\/subszone.com\/#\/schema\/logo\/image\/","url":"https:\/\/subszone.com\/wp-content\/uploads\/2024\/10\/logo.png","contentUrl":"https:\/\/subszone.com\/wp-content\/uploads\/2024\/10\/logo.png","width":193,"height":50,"caption":"SubsZone"},"image":{"@id":"https:\/\/subszone.com\/#\/schema\/logo\/image\/"}}]}},"_links":{"self":[{"href":"https:\/\/subszone.com\/es\/wp-json\/wp\/v2\/product\/1264","targetHints":{"allow":["GET"]}}],"collection":[{"href":"https:\/\/subszone.com\/es\/wp-json\/wp\/v2\/product"}],"about":[{"href":"https:\/\/subszone.com\/es\/wp-json\/wp\/v2\/types\/product"}],"replies":[{"embeddable":true,"href":"https:\/\/subszone.com\/es\/wp-json\/wp\/v2\/comments?post=1264"}],"wp:featuredmedia":[{"embeddable":true,"href":"https:\/\/subszone.com\/es\/wp-json\/wp\/v2\/media\/1354"}],"wp:attachment":[{"href":"https:\/\/subszone.com\/es\/wp-json\/wp\/v2\/media?parent=1264"}],"wp:term":[{"taxonomy":"product_brand","embeddable":true,"href":"https:\/\/subszone.com\/es\/wp-json\/wp\/v2\/product_brand?post=1264"},{"taxonomy":"product_cat","embeddable":true,"href":"https:\/\/subszone.com\/es\/wp-json\/wp\/v2\/product_cat?post=1264"},{"taxonomy":"product_tag","embeddable":true,"href":"https:\/\/subszone.com\/es\/wp-json\/wp\/v2\/product_tag?post=1264"}],"curies":[{"name":"wp","href":"https:\/\/api.w.org\/{rel}","templated":true}]}}