{"id":1278,"date":"2024-10-24T08:08:13","date_gmt":"2024-10-24T08:08:13","guid":{"rendered":"https:\/\/subszone.com\/?post_type=product&#038;p=1278"},"modified":"2025-06-06T10:19:04","modified_gmt":"2025-06-06T10:19:04","slug":"cianuro-sodico","status":"publish","type":"product","link":"https:\/\/subszone.com\/es\/product\/cianuro-sodico\/","title":{"rendered":"Comprar cianuro s\u00f3dico en l\u00ednea"},"content":{"rendered":"<h2><b>Comprar cianuro s\u00f3dico en l\u00ednea - Alta pureza, suministro fiable, manipulaci\u00f3n segura<\/b><\/h2>\n<p><span style=\"font-weight: 400;\">Si desea <\/span><a href=\"https:\/\/en.wikipedia.org\/wiki\/Sodium_cyanide\"><b>comprar cianuro de sodio en l\u00ednea<\/b><\/a><span style=\"font-weight: 400;\">necesita una fuente de confianza que garantice la pureza, la conformidad y la entrega segura. Nuestro cianuro s\u00f3dico de primera calidad est\u00e1 fabricado por expertos para aplicaciones industriales y de s\u00edntesis qu\u00edmica, lo que garantiza una calidad y eficacia constantes. Tanto si desea <\/span><b>cianuro de sodio<\/b><span style=\"font-weight: 400;\"> para la miner\u00eda, la metalurgia o la investigaci\u00f3n, nuestro producto destaca por su fiabilidad y sus normas de seguridad.<\/span><\/p>\n<h3><b>\u00bfQu\u00e9 es el cianuro de sodio?<\/b><\/h3>\n<p><span style=\"font-weight: 400;\">El cianuro s\u00f3dico (NaCN) es un compuesto qu\u00edmico de gran eficacia ampliamente utilizado en la extracci\u00f3n de oro y plata, la galvanoplastia y la s\u00edntesis qu\u00edmica org\u00e1nica. Conocido por su excepcional liberaci\u00f3n de iones cianuro, desempe\u00f1a un papel crucial en la extracci\u00f3n de metales preciosos y en numerosos procesos industriales. Debido a su potente toxicidad, el cianuro s\u00f3dico debe manipularse respetando estrictamente las normas de seguridad y almacenarse adecuadamente.<\/span><\/p>\n<h3><b>Caracter\u00edsticas y ventajas<\/b><\/h3>\n<ul>\n<li style=\"font-weight: 400;\" aria-level=\"1\"><b>Alta pureza y calidad:<\/b><span style=\"font-weight: 400;\"> Nuestro cianuro de sodio se somete a rigurosas pruebas de laboratorio, con certificados de an\u00e1lisis (COA) para garantizar la integridad qu\u00edmica y la pureza.<\/span><span style=\"font-weight: 400;\">\n<p><\/span><\/li>\n<li style=\"font-weight: 400;\" aria-level=\"1\"><b>Grado industrial:<\/b><span style=\"font-weight: 400;\"> Perfecta para operaciones mineras, s\u00edntesis qu\u00edmica y otros usos profesionales.<\/span><span style=\"font-weight: 400;\">\n<p><\/span><\/li>\n<li style=\"font-weight: 400;\" aria-level=\"1\"><b>Embalaje seguro:<\/b><span style=\"font-weight: 400;\"> Se suministra en envases a prueba de manipulaciones y resistentes a la humedad, dise\u00f1ados para preservar la calidad del producto y garantizar un transporte seguro.<\/span><span style=\"font-weight: 400;\">\n<p><\/span><\/li>\n<li style=\"font-weight: 400;\" aria-level=\"1\"><b>Precios competitivos:<\/b><span style=\"font-weight: 400;\"> Acceda a cianuro s\u00f3dico de primera calidad a un precio <\/span><b>Precio barato del cianuro s\u00f3dico<\/b><span style=\"font-weight: 400;\"> sin comprometer la seguridad ni la calidad.<\/span><span style=\"font-weight: 400;\">\n<p><\/span><\/li>\n<li style=\"font-weight: 400;\" aria-level=\"1\"><b>Vendedor fiable:<\/b><span style=\"font-weight: 400;\"> Damos prioridad a la transparencia y el cumplimiento, lo que nos convierte en el <\/span><a href=\"https:\/\/subszone.com\/es\/product\/clorato-sodico\/\"><b>mejor lugar para comprar cianuro s\u00f3dico<\/b><\/a><span style=\"font-weight: 400;\"> en l\u00ednea.<\/span><span style=\"font-weight: 400;\">\n<p><\/span><\/li>\n<\/ul>\n<h3><b>\u00bfPor qu\u00e9 comprar cianuro s\u00f3dico en l\u00ednea?<\/b><\/h3>\n<p><span style=\"font-weight: 400;\">La compra de cianuro s\u00f3dico en l\u00ednea exige una precauci\u00f3n especial debido a su naturaleza peligrosa y a las estrictas normativas legales. Nos asociamos exclusivamente con proveedores certificados que proporcionan documentaci\u00f3n completa, incluidos los resultados de las pruebas de laboratorio, lo que garantiza que siempre reciba un producto aut\u00e9ntico y no contaminado. Evite los riesgos de los productos qu\u00edmicos falsificados eligiendo nuestra plataforma verificada.<\/span><\/p>\n<h3><b>C\u00f3mo comprar cianuro s\u00f3dico con seguridad<\/b><\/h3>\n<ul>\n<li style=\"font-weight: 400;\" aria-level=\"1\"><b>Compruebe las credenciales del proveedor:<\/b><span style=\"font-weight: 400;\"> Verifique las licencias y certificaciones antes de la compra.<\/span><span style=\"font-weight: 400;\">\n<p><\/span><\/li>\n<li style=\"font-weight: 400;\" aria-level=\"1\"><b>Revisar las pruebas de laboratorio:<\/b><span style=\"font-weight: 400;\"> Exija siempre certificados de an\u00e1lisis para confirmar la pureza del producto.<\/span><span style=\"font-weight: 400;\">\n<p><\/span><\/li>\n<li style=\"font-weight: 400;\" aria-level=\"1\"><b>Comprender los requisitos legales:<\/b><span style=\"font-weight: 400;\"> Garantizar el cumplimiento de la normativa local e internacional para evitar problemas legales.<\/span><span style=\"font-weight: 400;\">\n<p><\/span><\/li>\n<li style=\"font-weight: 400;\" aria-level=\"1\"><b>Siga las normas de manipulaci\u00f3n segura:<\/b><span style=\"font-weight: 400;\"> Utilice el equipo de protecci\u00f3n individual (EPI) adecuado y almacene el cianuro s\u00f3dico en condiciones controladas.<\/span><span style=\"font-weight: 400;\">\n<p><\/span><\/li>\n<\/ul>\n<h3><b>Normas de almacenamiento y manipulaci\u00f3n<\/b><\/h3>\n<ul>\n<li style=\"font-weight: 400;\" aria-level=\"1\"><span style=\"font-weight: 400;\">Almacenar en un lugar fresco, seco y bien ventilado, lejos de \u00e1cidos y humedad.<\/span><span style=\"font-weight: 400;\">\n<p><\/span><\/li>\n<li style=\"font-weight: 400;\" aria-level=\"1\"><span style=\"font-weight: 400;\">Llevar siempre guantes, gafas protectoras y protecci\u00f3n respiratoria durante su manipulaci\u00f3n.<\/span><span style=\"font-weight: 400;\">\n<p><\/span><\/li>\n<li style=\"font-weight: 400;\" aria-level=\"1\"><span style=\"font-weight: 400;\">Est\u00e9 preparado con protocolos de emergencia para hacer frente a exposiciones o derrames accidentales.<\/span><\/li>\n<\/ul>\n<h3><b>Conclusi\u00f3n<\/b><\/h3>\n<p><span style=\"font-weight: 400;\">Cuando <\/span><b>comprar cianuro de sodio en l\u00ednea<\/b><span style=\"font-weight: 400;\"> con nosotros, recibir\u00e1 un producto que cumple estrictos controles de calidad y normas reglamentarias, respaldado por pr\u00e1cticas de proveedor transparentes. Priorice la seguridad, la legalidad y la integridad del producto eligiendo un proveedor de confianza dedicado a sus necesidades industriales y de investigaci\u00f3n.<\/span><\/p>\n<h2><\/h2>","protected":false},"excerpt":{"rendered":"<div class=\"flex-shrink-0 flex flex-col relative items-end\">\n<div>\n<div class=\"pt-0\">\n<div class=\"gizmo-bot-avatar flex h-8 w-8 items-center justify-center overflow-hidden rounded-full\">\n<div class=\"relative p-1 rounded-sm flex items-center justify-center bg-token-main-surface-primary text-token-text-primary h-8 w-8\"><\/div>\n<\/div>\n<\/div>\n<\/div>\n<\/div>\n<div class=\"group\/conversation-turn relative flex w-full min-w-0 flex-col agent-turn\">\n<div class=\"flex-col gap-1 md:gap-3\">\n<div class=\"flex max-w-full flex-col flex-grow\">\n<div class=\"min-h-8 text-message flex w-full flex-col items-end gap-2 whitespace-normal break-words [.text-message+&amp;]:mt-5\" dir=\"auto\" data-message-author-role=\"assistant\" data-message-id=\"54e4debf-1e76-4a73-8a5b-bb33ed7eac18\" data-message-model-slug=\"gpt-4o-mini\">\n<div class=\"flex w-full flex-col gap-1 empty:hidden first:pt-[3px]\">\n<div class=\"markdown prose w-full break-words dark:prose-invert light\">\n<p>El cianuro s\u00f3dico (NaCN) es un compuesto muy t\u00f3xico que se utiliza principalmente en procesos industriales, sobre todo en la extracci\u00f3n de oro y la s\u00edntesis qu\u00edmica. Comprender sus propiedades, usos y consideraciones de seguridad es esencial para cualquiera que pueda encontrarse con esta sustancia.<\/p>\n<ul>\n<li><strong>F\u00f3rmula qu\u00edmica<\/strong>: NaCN<\/li>\n<li><strong>Estado f\u00edsico<\/strong>: Polvo o s\u00f3lido cristalino blanco.<\/li>\n<li><strong>Solubilidad<\/strong>: Muy soluble en agua, formando una soluci\u00f3n t\u00f3xica.<\/li>\n<li><strong>Olor<\/strong>: Tiene un ligero aroma a almendra amarga, aunque no todo el mundo puede detectar este olor.<\/li>\n<\/ul>\n<\/div>\n<\/div>\n<\/div>\n<\/div>\n<\/div>\n<\/div>","protected":false},"featured_media":1287,"comment_status":"open","ping_status":"closed","template":"","meta":{"_kadence_starter_templates_imported_post":false,"_kad_post_transparent":"default","_kad_post_title":"","_kad_post_layout":"default","_kad_post_sidebar_id":"","_kad_post_content_style":"default","_kad_post_vertical_padding":"default","_kad_post_feature":"","_kad_post_feature_position":"","_kad_post_header":false,"_kad_post_footer":false,"_joinchat":[]},"product_brand":[],"product_cat":[129],"product_tag":[1117,455,456,457,458,1129,1118,1116,459,460,461,1131,462,1124,463,464,1126,465,1122,1120,1128,1123,1125,466,1121,467,468,1119,1132,1130,1115,469,470,471,1127],"class_list":{"0":"post-1278","1":"product","2":"type-product","3":"status-publish","4":"has-post-thumbnail","6":"product_cat-metal-processing-and-mining","7":"product_tag-bulk-sodium-cyanide-supplier","8":"product_tag-buy-nacn-sodium-cyanide","9":"product_tag-buy-sodium-cyanide","10":"product_tag-buy-sodium-cyanide-nacn-online","11":"product_tag-buy-sodium-cyanide-online","12":"product_tag-commercial-sodium-cyanide-supply","13":"product_tag-high-purity-sodium-cyanide","14":"product_tag-industrial-sodium-cyanide-supply","15":"product_tag-nacn-cas-number-143-33-9","16":"product_tag-nacn-for-sale","17":"product_tag-nacn-price","18":"product_tag-reliable-sodium-cyanide-supplier","19":"product_tag-sodium-cyanide-nacn-manufacturers","20":"product_tag-sodium-cyanide-as-leaching-agent","21":"product_tag-sodium-cyanide-bulk-purchase","22":"product_tag-sodium-cyanide-cas-number-143-33-9","23":"product_tag-sodium-cyanide-distributor","24":"product_tag-sodium-cyanide-distributors","25":"product_tag-sodium-cyanide-for-chemical-manufacturing","26":"product_tag-sodium-cyanide-for-gold-mining","27":"product_tag-sodium-cyanide-for-industrial-applications","28":"product_tag-sodium-cyanide-for-laboratory-use","29":"product_tag-sodium-cyanide-for-metal-processing","30":"product_tag-sodium-cyanide-for-sale","31":"product_tag-sodium-cyanide-in-mining-industry","32":"product_tag-sodium-cyanide-manufacturers","33":"product_tag-sodium-cyanide-price","34":"product_tag-sodium-cyanide-price-and-availability","35":"product_tag-sodium-cyanide-procurement","36":"product_tag-sodium-cyanide-safety-and-compliance","37":"product_tag-sodium-cyanide-supplier","38":"product_tag-sodium-cyanide-suppliers","39":"product_tag-sodium-cyanide-wholesale","40":"product_tag-sodium-salt-of-hydrocyanic-acid-suppliers","41":"product_tag-where-to-buy-sodium-cyanide","43":"first","44":"instock","45":"shipping-taxable","46":"product-type-simple","47":"entry","48":"content-bg","49":"loop-entry"},"yoast_head":"<!-- This site is optimized with the Yoast SEO plugin v25.6 - https:\/\/yoast.com\/wordpress\/plugins\/seo\/ -->\n<title>Buy Sodium Cyanide Supplier Online - Sodium Cyanide for Sale<\/title>\n<meta name=\"description\" content=\"If you wish to buy sodium cyanide supplier online, our online subszone store can help. We have comirnaty high-quality sodium cyanide for sale at the best rates here. Place your order and grab the latest deals today!\" \/>\n<meta name=\"robots\" content=\"index, follow, max-snippet:-1, max-image-preview:large, max-video-preview:-1\" \/>\n<link rel=\"canonical\" href=\"https:\/\/subszone.com\/es\/product\/cianuro-sodico\/\" \/>\n<meta property=\"og:locale\" content=\"es_ES\" \/>\n<meta property=\"og:type\" content=\"article\" \/>\n<meta property=\"og:title\" content=\"Buy Sodium Cyanide Supplier Online - Sodium Cyanide for Sale\" \/>\n<meta property=\"og:description\" content=\"If you wish to buy sodium cyanide supplier online, our online subszone store can help. We have comirnaty high-quality sodium cyanide for sale at the best rates here. Place your order and grab the latest deals today!\" \/>\n<meta property=\"og:url\" content=\"https:\/\/subszone.com\/es\/product\/cianuro-sodico\/\" \/>\n<meta property=\"og:site_name\" content=\"SubsZone\" \/>\n<meta property=\"article:modified_time\" content=\"2025-06-06T10:19:04+00:00\" \/>\n<meta property=\"og:image\" content=\"https:\/\/subszone.com\/wp-content\/uploads\/2024\/10\/Sodium-Cyanide.gif\" \/>\n\t<meta property=\"og:image:width\" content=\"600\" \/>\n\t<meta property=\"og:image:height\" content=\"600\" \/>\n\t<meta property=\"og:image:type\" content=\"image\/gif\" \/>\n<meta name=\"twitter:card\" content=\"summary_large_image\" \/>\n<meta name=\"twitter:label1\" content=\"Tiempo de lectura\" \/>\n\t<meta name=\"twitter:data1\" content=\"3 minutos\" \/>\n<script type=\"application\/ld+json\" class=\"yoast-schema-graph\">{\"@context\":\"https:\/\/schema.org\",\"@graph\":[{\"@type\":\"WebPage\",\"@id\":\"https:\/\/subszone.com\/product\/sodium-cyanide\/\",\"url\":\"https:\/\/subszone.com\/product\/sodium-cyanide\/\",\"name\":\"Buy Sodium Cyanide Supplier Online - Sodium Cyanide for Sale\",\"isPartOf\":{\"@id\":\"https:\/\/subszone.com\/#website\"},\"primaryImageOfPage\":{\"@id\":\"https:\/\/subszone.com\/product\/sodium-cyanide\/#primaryimage\"},\"image\":{\"@id\":\"https:\/\/subszone.com\/product\/sodium-cyanide\/#primaryimage\"},\"thumbnailUrl\":\"https:\/\/subszone.com\/wp-content\/uploads\/2024\/10\/Sodium-Cyanide.gif\",\"datePublished\":\"2024-10-24T08:08:13+00:00\",\"dateModified\":\"2025-06-06T10:19:04+00:00\",\"description\":\"If you wish to buy sodium cyanide supplier online, our online subszone store can help. We have comirnaty high-quality sodium cyanide for sale at the best rates here. Place your order and grab the latest deals today!\",\"breadcrumb\":{\"@id\":\"https:\/\/subszone.com\/product\/sodium-cyanide\/#breadcrumb\"},\"inLanguage\":\"es\",\"potentialAction\":[{\"@type\":\"ReadAction\",\"target\":[\"https:\/\/subszone.com\/product\/sodium-cyanide\/\"]}]},{\"@type\":\"ImageObject\",\"inLanguage\":\"es\",\"@id\":\"https:\/\/subszone.com\/product\/sodium-cyanide\/#primaryimage\",\"url\":\"https:\/\/subszone.com\/wp-content\/uploads\/2024\/10\/Sodium-Cyanide.gif\",\"contentUrl\":\"https:\/\/subszone.com\/wp-content\/uploads\/2024\/10\/Sodium-Cyanide.gif\",\"width\":600,\"height\":600,\"caption\":\"Buy Sodium Cyanide Supplier Online\"},{\"@type\":\"BreadcrumbList\",\"@id\":\"https:\/\/subszone.com\/product\/sodium-cyanide\/#breadcrumb\",\"itemListElement\":[{\"@type\":\"ListItem\",\"position\":1,\"name\":\"Home\",\"item\":\"https:\/\/subszone.com\/\"},{\"@type\":\"ListItem\",\"position\":2,\"name\":\"Shop\",\"item\":\"https:\/\/subszone.com\/shop\/\"},{\"@type\":\"ListItem\",\"position\":3,\"name\":\"Buy Sodium Cyanide Online\"}]},{\"@type\":\"WebSite\",\"@id\":\"https:\/\/subszone.com\/#website\",\"url\":\"https:\/\/subszone.com\/\",\"name\":\"SubsZone\",\"description\":\"My WordPress Blog\",\"publisher\":{\"@id\":\"https:\/\/subszone.com\/#organization\"},\"potentialAction\":[{\"@type\":\"SearchAction\",\"target\":{\"@type\":\"EntryPoint\",\"urlTemplate\":\"https:\/\/subszone.com\/?s={search_term_string}\"},\"query-input\":{\"@type\":\"PropertyValueSpecification\",\"valueRequired\":true,\"valueName\":\"search_term_string\"}}],\"inLanguage\":\"es\"},{\"@type\":\"Organization\",\"@id\":\"https:\/\/subszone.com\/#organization\",\"name\":\"SubsZone\",\"url\":\"https:\/\/subszone.com\/\",\"logo\":{\"@type\":\"ImageObject\",\"inLanguage\":\"es\",\"@id\":\"https:\/\/subszone.com\/#\/schema\/logo\/image\/\",\"url\":\"https:\/\/subszone.com\/wp-content\/uploads\/2024\/10\/logo.png\",\"contentUrl\":\"https:\/\/subszone.com\/wp-content\/uploads\/2024\/10\/logo.png\",\"width\":193,\"height\":50,\"caption\":\"SubsZone\"},\"image\":{\"@id\":\"https:\/\/subszone.com\/#\/schema\/logo\/image\/\"}}]}<\/script>\n<!-- \/ Yoast SEO plugin. -->","yoast_head_json":{"title":"Comprar proveedor de cianuro s\u00f3dico en l\u00ednea - Venta de cianuro s\u00f3dico","description":"Si desea comprar cianuro de sodio proveedor en l\u00ednea, nuestra tienda en l\u00ednea subszone puede ayudar. Tenemos comirnaty cianuro de sodio de alta calidad para la venta a los mejores precios aqu\u00ed. Haga su pedido y aproveche las \u00faltimas ofertas hoy mismo.","robots":{"index":"index","follow":"follow","max-snippet":"max-snippet:-1","max-image-preview":"max-image-preview:large","max-video-preview":"max-video-preview:-1"},"canonical":"https:\/\/subszone.com\/es\/product\/cianuro-sodico\/","og_locale":"es_ES","og_type":"article","og_title":"Buy Sodium Cyanide Supplier Online - Sodium Cyanide for Sale","og_description":"If you wish to buy sodium cyanide supplier online, our online subszone store can help. We have comirnaty high-quality sodium cyanide for sale at the best rates here. Place your order and grab the latest deals today!","og_url":"https:\/\/subszone.com\/es\/product\/cianuro-sodico\/","og_site_name":"SubsZone","article_modified_time":"2025-06-06T10:19:04+00:00","og_image":[{"width":600,"height":600,"url":"https:\/\/subszone.com\/wp-content\/uploads\/2024\/10\/Sodium-Cyanide.gif","type":"image\/gif"}],"twitter_card":"summary_large_image","twitter_misc":{"Tiempo de lectura":"3 minutos"},"schema":{"@context":"https:\/\/schema.org","@graph":[{"@type":"WebPage","@id":"https:\/\/subszone.com\/product\/sodium-cyanide\/","url":"https:\/\/subszone.com\/product\/sodium-cyanide\/","name":"Comprar proveedor de cianuro s\u00f3dico en l\u00ednea - Venta de cianuro s\u00f3dico","isPartOf":{"@id":"https:\/\/subszone.com\/#website"},"primaryImageOfPage":{"@id":"https:\/\/subszone.com\/product\/sodium-cyanide\/#primaryimage"},"image":{"@id":"https:\/\/subszone.com\/product\/sodium-cyanide\/#primaryimage"},"thumbnailUrl":"https:\/\/subszone.com\/wp-content\/uploads\/2024\/10\/Sodium-Cyanide.gif","datePublished":"2024-10-24T08:08:13+00:00","dateModified":"2025-06-06T10:19:04+00:00","description":"Si desea comprar cianuro de sodio proveedor en l\u00ednea, nuestra tienda en l\u00ednea subszone puede ayudar. Tenemos comirnaty cianuro de sodio de alta calidad para la venta a los mejores precios aqu\u00ed. Haga su pedido y aproveche las \u00faltimas ofertas hoy mismo.","breadcrumb":{"@id":"https:\/\/subszone.com\/product\/sodium-cyanide\/#breadcrumb"},"inLanguage":"es","potentialAction":[{"@type":"ReadAction","target":["https:\/\/subszone.com\/product\/sodium-cyanide\/"]}]},{"@type":"ImageObject","inLanguage":"es","@id":"https:\/\/subszone.com\/product\/sodium-cyanide\/#primaryimage","url":"https:\/\/subszone.com\/wp-content\/uploads\/2024\/10\/Sodium-Cyanide.gif","contentUrl":"https:\/\/subszone.com\/wp-content\/uploads\/2024\/10\/Sodium-Cyanide.gif","width":600,"height":600,"caption":"Buy Sodium Cyanide Supplier Online"},{"@type":"BreadcrumbList","@id":"https:\/\/subszone.com\/product\/sodium-cyanide\/#breadcrumb","itemListElement":[{"@type":"ListItem","position":1,"name":"Home","item":"https:\/\/subszone.com\/"},{"@type":"ListItem","position":2,"name":"Shop","item":"https:\/\/subszone.com\/shop\/"},{"@type":"ListItem","position":3,"name":"Buy Sodium Cyanide Online"}]},{"@type":"WebSite","@id":"https:\/\/subszone.com\/#website","url":"https:\/\/subszone.com\/","name":"SubsZone","description":"Mi blog de WordPress","publisher":{"@id":"https:\/\/subszone.com\/#organization"},"potentialAction":[{"@type":"SearchAction","target":{"@type":"EntryPoint","urlTemplate":"https:\/\/subszone.com\/?s={search_term_string}"},"query-input":{"@type":"PropertyValueSpecification","valueRequired":true,"valueName":"search_term_string"}}],"inLanguage":"es"},{"@type":"Organization","@id":"https:\/\/subszone.com\/#organization","name":"SubsZone","url":"https:\/\/subszone.com\/","logo":{"@type":"ImageObject","inLanguage":"es","@id":"https:\/\/subszone.com\/#\/schema\/logo\/image\/","url":"https:\/\/subszone.com\/wp-content\/uploads\/2024\/10\/logo.png","contentUrl":"https:\/\/subszone.com\/wp-content\/uploads\/2024\/10\/logo.png","width":193,"height":50,"caption":"SubsZone"},"image":{"@id":"https:\/\/subszone.com\/#\/schema\/logo\/image\/"}}]}},"_links":{"self":[{"href":"https:\/\/subszone.com\/es\/wp-json\/wp\/v2\/product\/1278","targetHints":{"allow":["GET"]}}],"collection":[{"href":"https:\/\/subszone.com\/es\/wp-json\/wp\/v2\/product"}],"about":[{"href":"https:\/\/subszone.com\/es\/wp-json\/wp\/v2\/types\/product"}],"replies":[{"embeddable":true,"href":"https:\/\/subszone.com\/es\/wp-json\/wp\/v2\/comments?post=1278"}],"wp:featuredmedia":[{"embeddable":true,"href":"https:\/\/subszone.com\/es\/wp-json\/wp\/v2\/media\/1287"}],"wp:attachment":[{"href":"https:\/\/subszone.com\/es\/wp-json\/wp\/v2\/media?parent=1278"}],"wp:term":[{"taxonomy":"product_brand","embeddable":true,"href":"https:\/\/subszone.com\/es\/wp-json\/wp\/v2\/product_brand?post=1278"},{"taxonomy":"product_cat","embeddable":true,"href":"https:\/\/subszone.com\/es\/wp-json\/wp\/v2\/product_cat?post=1278"},{"taxonomy":"product_tag","embeddable":true,"href":"https:\/\/subszone.com\/es\/wp-json\/wp\/v2\/product_tag?post=1278"}],"curies":[{"name":"wp","href":"https:\/\/api.w.org\/{rel}","templated":true}]}}