{"id":1291,"date":"2024-10-24T08:32:21","date_gmt":"2024-10-24T08:32:21","guid":{"rendered":"https:\/\/subszone.com\/?post_type=product&#038;p=1291"},"modified":"2025-06-06T10:39:59","modified_gmt":"2025-06-06T10:39:59","slug":"acido-sulfurico-alta-concentracion","status":"publish","type":"product","link":"https:\/\/subszone.com\/es\/product\/acido-sulfurico-alta-concentracion\/","title":{"rendered":"Comprar \u00e1cido sulf\u00farico (alta concentraci\u00f3n) en l\u00ednea"},"content":{"rendered":"<h3><b>Comprar \u00e1cido sulf\u00farico (alta concentraci\u00f3n) en l\u00ednea - Calidad superior, precios competitivos<\/b><\/h3>\n<p><span style=\"font-weight: 400;\">Con vistas a <\/span><a href=\"https:\/\/subszone.com\/es\/product\/acido-sulfurico-alta-concentracion\/\"><b>comprar \u00c1cido sulf\u00farico (alta concentraci\u00f3n) en l\u00ednea<\/b><\/a><span style=\"font-weight: 400;\">? Nuestro \u00e1cido sulf\u00farico de gran pureza est\u00e1 dise\u00f1ado para satisfacer las rigurosas exigencias de las aplicaciones industriales y de laboratorio, ofreciendo un rendimiento y una fiabilidad inigualables. Disponible ahora con env\u00edo r\u00e1pido y precios competitivos, es la mejor opci\u00f3n para los profesionales que buscan calidad y comodidad.<\/span><\/p>\n<p><b>\u00bfQu\u00e9 es el \u00e1cido sulf\u00farico de alta concentraci\u00f3n?<\/b><b><br \/>\n<\/b><span style=\"font-weight: 400;\"> El \u00e1cido sulf\u00farico (H\u2082SO\u2084) en su forma de alta concentraci\u00f3n es un l\u00edquido denso y altamente corrosivo ampliamente utilizado como reactivo qu\u00edmico vital. Conocido por sus fuertes propiedades \u00e1cidas y su capacidad deshidratante, esta forma concentrada es esencial en la fabricaci\u00f3n, la s\u00edntesis qu\u00edmica y los laboratorios anal\u00edticos.<\/span><\/p>\n<p><b>Usos comunes industriales y de laboratorio<\/b><b><br \/>\n<\/b><span style=\"font-weight: 400;\"> Nuestro \u00e1cido sulf\u00farico de alta concentraci\u00f3n sirve para m\u00faltiples prop\u00f3sitos cr\u00edticos, incluyendo:<\/span><\/p>\n<ul>\n<li style=\"font-weight: 400;\" aria-level=\"1\"><span style=\"font-weight: 400;\">Producci\u00f3n de fertilizantes, tintes, detergentes y explosivos<\/span><span style=\"font-weight: 400;\">\n<p><\/span><\/li>\n<li style=\"font-weight: 400;\" aria-level=\"1\"><span style=\"font-weight: 400;\">Ajuste del pH y catalizador en las reacciones qu\u00edmicas<\/span><span style=\"font-weight: 400;\">\n<p><\/span><\/li>\n<li style=\"font-weight: 400;\" aria-level=\"1\"><span style=\"font-weight: 400;\">Limpieza y decapado de metales en procesos industriales<\/span><span style=\"font-weight: 400;\">\n<p><\/span><\/li>\n<li style=\"font-weight: 400;\" aria-level=\"1\"><span style=\"font-weight: 400;\">\u00c1cido de bater\u00eda en bater\u00edas de plomo-\u00e1cido<\/span><span style=\"font-weight: 400;\">\n<p><\/span><\/li>\n<li style=\"font-weight: 400;\" aria-level=\"1\"><span style=\"font-weight: 400;\">Reactivo anal\u00edtico en laboratorios para valoraciones y pruebas<\/span><span style=\"font-weight: 400;\">\n<p><\/span><\/li>\n<\/ul>\n<p><b>Importancia de la pureza y la concentraci\u00f3n<\/b><b><br \/>\n<\/b><span style=\"font-weight: 400;\"> Elegir \u00e1cido sulf\u00farico con concentraci\u00f3n y pureza verificadas garantiza reacciones qu\u00edmicas \u00f3ptimas, seguridad y cumplimiento de las normas del sector. Nuestro producto se somete a estrictos controles de calidad para garantizar una concentraci\u00f3n constante, por lo que es ideal para uso profesional.<\/span><\/p>\n<h3><b>\u00bfPor qu\u00e9 comprar \u00e1cido sulf\u00farico (alta concentraci\u00f3n) en l\u00ednea?<\/b><\/h3>\n<ul>\n<li style=\"font-weight: 400;\" aria-level=\"1\"><b>Comodidad y accesibilidad 24 horas al d\u00eda, 7 d\u00edas a la semana:<\/b><span style=\"font-weight: 400;\"> Pida su \u00e1cido sulf\u00farico en cualquier momento y desde cualquier lugar, evitando los retrasos y limitaciones de la compra tradicional.<\/span><span style=\"font-weight: 400;\">\n<p><\/span><\/li>\n<li style=\"font-weight: 400;\" aria-level=\"1\"><b>Amplia gama de concentraciones y grados:<\/b><span style=\"font-weight: 400;\"> Encuentre f\u00e1cilmente el grado y la concentraci\u00f3n precisos que necesita para su aplicaci\u00f3n espec\u00edfica.<\/span><span style=\"font-weight: 400;\">\n<p><\/span><\/li>\n<li style=\"font-weight: 400;\" aria-level=\"1\"><b>Precios competitivos y opciones a granel:<\/b><span style=\"font-weight: 400;\"> Benef\u00edciese de los precios m\u00e1s baratos de \u00e1cido sulf\u00farico en l\u00ednea, con ofertas especiales en compras al por mayor para ahorrar dinero.<\/span><span style=\"font-weight: 400;\">\n<p><\/span><\/li>\n<\/ul>\n<h3><b>Consideraciones clave al comprar \u00e1cido sulf\u00farico en l\u00ednea<\/b><\/h3>\n<ul>\n<li style=\"font-weight: 400;\" aria-level=\"1\"><b>Compruebe los niveles de concentraci\u00f3n y las certificaciones:<\/b><span style=\"font-weight: 400;\"> Compruebe siempre la concentraci\u00f3n exacta (normalmente 93-98%) y los certificados de calidad para garantizar la autenticidad del producto.<\/span><span style=\"font-weight: 400;\">\n<p><\/span><\/li>\n<li style=\"font-weight: 400;\" aria-level=\"1\"><b>Credibilidad de los proveedores y revisiones:<\/b><span style=\"font-weight: 400;\"> Compre a proveedores de confianza con opiniones positivas de los clientes y experiencia demostrada en el manejo de productos qu\u00edmicos peligrosos.<\/span><span style=\"font-weight: 400;\">\n<p><\/span><\/li>\n<li style=\"font-weight: 400;\" aria-level=\"1\"><b>Fichas de datos de seguridad (FDS) e instrucciones de manipulaci\u00f3n:<\/b><span style=\"font-weight: 400;\"> Confirme que se facilitan FDS detalladas y directrices de seguridad para garantizar una manipulaci\u00f3n y un cumplimiento seguros.<\/span><span style=\"font-weight: 400;\">\n<p><\/span><\/li>\n<\/ul>\n<h3><b>Directrices de seguridad y reglamentaci\u00f3n<\/b><\/h3>\n<ul>\n<li style=\"font-weight: 400;\" aria-level=\"1\"><b>Almacenamiento y manipulaci\u00f3n adecuados:<\/b><span style=\"font-weight: 400;\"> Almacenar en recipientes resistentes a la corrosi\u00f3n, lejos del calor y de materiales incompatibles. Siga protocolos de seguridad estrictos para evitar accidentes.<\/span><span style=\"font-weight: 400;\">\n<p><\/span><\/li>\n<li style=\"font-weight: 400;\" aria-level=\"1\"><b>Cumplimiento de la normativa de transporte:<\/b><span style=\"font-weight: 400;\"> Aseg\u00farese de que el proveedor cumple todas las normativas locales e internacionales para el transporte seguro de materiales peligrosos.<\/span><span style=\"font-weight: 400;\">\n<p><\/span><\/li>\n<li style=\"font-weight: 400;\" aria-level=\"1\"><b>Permisos y consideraciones jur\u00eddicas:<\/b><span style=\"font-weight: 400;\"> Conozca los permisos necesarios para la compra, transporte y uso de \u00e1cido sulf\u00farico concentrado en su jurisdicci\u00f3n.<\/span><span style=\"font-weight: 400;\">\n<p><\/span><\/li>\n<\/ul>\n<h3><b>Conclusi\u00f3n<\/b><\/h3>\n<p><span style=\"font-weight: 400;\">Compras <\/span><a href=\"https:\/\/en.wikipedia.org\/wiki\/Sulfuric_acid\"><b>\u00c1cido sulf\u00farico (alta concentraci\u00f3n) en l\u00ednea<\/b><\/a><span style=\"font-weight: 400;\"> ofrece una comodidad, variedad y rentabilidad inigualables, pero requiere una cuidadosa selecci\u00f3n de proveedores y atenci\u00f3n a las normas de seguridad. Elija siempre un proveedor fiable y certificado para garantizar la calidad del producto y el cumplimiento de la normativa.<\/span><\/p>\n<p><span style=\"font-weight: 400;\">Listo para <\/span><b>\u00c1cido sulf\u00farico (alta concentraci\u00f3n) en l\u00ednea<\/b><span style=\"font-weight: 400;\">? Explore nuestro \u00e1cido sulf\u00farico de primera calidad en venta y aseg\u00farese los mejores precios y la entrega m\u00e1s r\u00e1pida. Experimente hoy mismo una adquisici\u00f3n de productos qu\u00edmicos segura, fiable y sin complicaciones.<\/span><\/p>","protected":false},"excerpt":{"rendered":"<p>Alta concentraci\u00f3n <strong>\u00e1cido sulf\u00farico<\/strong> es un \u00e1cido mineral fuerte de f\u00f3rmula qu\u00edmica <span class=\"katex\"><span class=\"katex-mathml\">H2SO4H_2SO_4<\/span><span class=\"katex-html\" aria-hidden=\"true\"><span class=\"base\"><span class=\"mord\"><span class=\"mord mathnormal\">H<\/span><span class=\"msupsub\"><span class=\"vlist-t vlist-t2\"><span class=\"vlist-r\"><span class=\"vlist\"><span class=\"sizing reset-size6 size3 mtight\"><span class=\"mord mtight\">2<\/span><\/span><\/span><span class=\"vlist-s\">\u200b<\/span><\/span><\/span><\/span><\/span><span class=\"mord mathnormal\">S<\/span><span class=\"mord\"><span class=\"mord mathnormal\">O<\/span><span class=\"msupsub\"><span class=\"vlist-t vlist-t2\"><span class=\"vlist-r\"><span class=\"vlist\"><span class=\"sizing reset-size6 size3 mtight\"><span class=\"mord mtight\">4<\/span><\/span><\/span><span class=\"vlist-s\">\u200b<\/span><\/span><\/span><\/span><\/span><\/span><\/span><\/span>. Este l\u00edquido incoloro y viscoso es conocido por su naturaleza altamente corrosiva y es una sustancia cr\u00edtica en muchas aplicaciones industriales y de laboratorio.<\/p>\n<ul>\n<li><strong>F\u00f3rmula qu\u00edmica<\/strong>: <span class=\"katex\"><span class=\"katex-mathml\">H2SO4H_2SO_4<\/span><span class=\"katex-html\" aria-hidden=\"true\"><span class=\"base\"><span class=\"mord\"><span class=\"mord mathnormal\">H<\/span><span class=\"msupsub\"><span class=\"vlist-t vlist-t2\"><span class=\"vlist-r\"><span class=\"vlist\"><span class=\"sizing reset-size6 size3 mtight\"><span class=\"mord mtight\">2<\/span><\/span><\/span><span class=\"vlist-s\">\u200b<\/span><\/span><\/span><\/span><\/span><span class=\"mord mathnormal\">S<\/span><span class=\"mord\"><span class=\"mord mathnormal\">O<\/span><span class=\"msupsub\"><span class=\"vlist-t vlist-t2\"><span class=\"vlist-r\"><span class=\"vlist\"><span class=\"sizing reset-size6 size3 mtight\"><span class=\"mord mtight\">4<\/span><\/span><\/span><span class=\"vlist-s\">\u200b<\/span><\/span><\/span><\/span><\/span><\/span><\/span><\/span><\/li>\n<li><strong>Estructura molecular<\/strong>: El \u00e1cido sulf\u00farico est\u00e1 formado por un \u00e1tomo de azufre unido a cuatro \u00e1tomos de ox\u00edgeno, con dos \u00e1tomos de hidr\u00f3geno unidos. Su estructura le permite actuar como \u00e1cido fuerte y agente deshidratante.<\/li>\n<li><strong>Estado f\u00edsico<\/strong>: L\u00edquido aceitoso incoloro.<\/li>\n<li><strong>Punto de ebullici\u00f3n<\/strong>: Aproximadamente 337 \u00b0C (639 \u00b0F) para \u00e1cido sulf\u00farico concentrado (aproximadamente 98% de concentraci\u00f3n).<\/li>\n<li><strong>Densidad<\/strong>: Aproximadamente 1,84 g\/cm\u00b3 para \u00e1cido sulf\u00farico concentrado.<\/li>\n<li><strong>Solubilidad<\/strong>: Muy soluble en agua, desprende calor durante la diluci\u00f3n.<\/li>\n<\/ul>","protected":false},"featured_media":1346,"comment_status":"open","ping_status":"closed","template":"","meta":{"_kadence_starter_templates_imported_post":false,"_kad_post_transparent":"default","_kad_post_title":"","_kad_post_layout":"default","_kad_post_sidebar_id":"","_kad_post_content_style":"default","_kad_post_vertical_padding":"default","_kad_post_feature":"","_kad_post_feature_position":"","_kad_post_header":false,"_kad_post_footer":false,"_joinchat":[]},"product_brand":[],"product_cat":[82],"product_tag":[],"class_list":{"0":"post-1291","1":"product","2":"type-product","3":"status-publish","4":"has-post-thumbnail","6":"product_cat-explosives-and-pyrotechnics","8":"first","9":"instock","10":"shipping-taxable","11":"product-type-simple","12":"entry","13":"content-bg","14":"loop-entry"},"yoast_head":"<!-- This site is optimized with the Yoast SEO plugin v25.6 - https:\/\/yoast.com\/wordpress\/plugins\/seo\/ -->\n<title>Buy Sulfuric Acid Online - Sulfuric Acid for Sale<\/title>\n<meta name=\"description\" content=\"Get sulfuric acid for sale at pocket-friendly prices from our subszone store. We will help you buy sulfuric acid online. Accept your order and deliver it to you soon!\" \/>\n<meta name=\"robots\" content=\"index, follow, max-snippet:-1, max-image-preview:large, max-video-preview:-1\" \/>\n<link rel=\"canonical\" href=\"https:\/\/subszone.com\/es\/product\/acido-sulfurico-alta-concentracion\/\" \/>\n<meta property=\"og:locale\" content=\"es_ES\" \/>\n<meta property=\"og:type\" content=\"article\" \/>\n<meta property=\"og:title\" content=\"Buy Sulfuric Acid Online - Sulfuric Acid for Sale\" \/>\n<meta property=\"og:description\" content=\"Get sulfuric acid for sale at pocket-friendly prices from our subszone store. We will help you buy sulfuric acid online. Accept your order and deliver it to you soon!\" \/>\n<meta property=\"og:url\" content=\"https:\/\/subszone.com\/es\/product\/acido-sulfurico-alta-concentracion\/\" \/>\n<meta property=\"og:site_name\" content=\"SubsZone\" \/>\n<meta property=\"article:modified_time\" content=\"2025-06-06T10:39:59+00:00\" \/>\n<meta property=\"og:image\" content=\"https:\/\/subszone.com\/wp-content\/uploads\/2024\/10\/Sulfuric-Acid.webp\" \/>\n\t<meta property=\"og:image:width\" content=\"1024\" \/>\n\t<meta property=\"og:image:height\" content=\"1024\" \/>\n\t<meta property=\"og:image:type\" content=\"image\/webp\" \/>\n<meta name=\"twitter:card\" content=\"summary_large_image\" \/>\n<meta name=\"twitter:label1\" content=\"Tiempo de lectura\" \/>\n\t<meta name=\"twitter:data1\" content=\"3 minutos\" \/>\n<script type=\"application\/ld+json\" class=\"yoast-schema-graph\">{\"@context\":\"https:\/\/schema.org\",\"@graph\":[{\"@type\":\"WebPage\",\"@id\":\"https:\/\/subszone.com\/product\/sulfuric-acid-high-concentration\/\",\"url\":\"https:\/\/subszone.com\/product\/sulfuric-acid-high-concentration\/\",\"name\":\"Buy Sulfuric Acid Online - Sulfuric Acid for Sale\",\"isPartOf\":{\"@id\":\"https:\/\/subszone.com\/#website\"},\"primaryImageOfPage\":{\"@id\":\"https:\/\/subszone.com\/product\/sulfuric-acid-high-concentration\/#primaryimage\"},\"image\":{\"@id\":\"https:\/\/subszone.com\/product\/sulfuric-acid-high-concentration\/#primaryimage\"},\"thumbnailUrl\":\"https:\/\/subszone.com\/wp-content\/uploads\/2024\/10\/Sulfuric-Acid.webp\",\"datePublished\":\"2024-10-24T08:32:21+00:00\",\"dateModified\":\"2025-06-06T10:39:59+00:00\",\"description\":\"Get sulfuric acid for sale at pocket-friendly prices from our subszone store. We will help you buy sulfuric acid online. Accept your order and deliver it to you soon!\",\"breadcrumb\":{\"@id\":\"https:\/\/subszone.com\/product\/sulfuric-acid-high-concentration\/#breadcrumb\"},\"inLanguage\":\"es\",\"potentialAction\":[{\"@type\":\"ReadAction\",\"target\":[\"https:\/\/subszone.com\/product\/sulfuric-acid-high-concentration\/\"]}]},{\"@type\":\"ImageObject\",\"inLanguage\":\"es\",\"@id\":\"https:\/\/subszone.com\/product\/sulfuric-acid-high-concentration\/#primaryimage\",\"url\":\"https:\/\/subszone.com\/wp-content\/uploads\/2024\/10\/Sulfuric-Acid.webp\",\"contentUrl\":\"https:\/\/subszone.com\/wp-content\/uploads\/2024\/10\/Sulfuric-Acid.webp\",\"width\":1024,\"height\":1024,\"caption\":\"Buy Sulfuric Acid Online\"},{\"@type\":\"BreadcrumbList\",\"@id\":\"https:\/\/subszone.com\/product\/sulfuric-acid-high-concentration\/#breadcrumb\",\"itemListElement\":[{\"@type\":\"ListItem\",\"position\":1,\"name\":\"Home\",\"item\":\"https:\/\/subszone.com\/\"},{\"@type\":\"ListItem\",\"position\":2,\"name\":\"Shop\",\"item\":\"https:\/\/subszone.com\/shop\/\"},{\"@type\":\"ListItem\",\"position\":3,\"name\":\"Buy Sulfuric Acid (High Concentration) Online\"}]},{\"@type\":\"WebSite\",\"@id\":\"https:\/\/subszone.com\/#website\",\"url\":\"https:\/\/subszone.com\/\",\"name\":\"SubsZone\",\"description\":\"My WordPress Blog\",\"publisher\":{\"@id\":\"https:\/\/subszone.com\/#organization\"},\"potentialAction\":[{\"@type\":\"SearchAction\",\"target\":{\"@type\":\"EntryPoint\",\"urlTemplate\":\"https:\/\/subszone.com\/?s={search_term_string}\"},\"query-input\":{\"@type\":\"PropertyValueSpecification\",\"valueRequired\":true,\"valueName\":\"search_term_string\"}}],\"inLanguage\":\"es\"},{\"@type\":\"Organization\",\"@id\":\"https:\/\/subszone.com\/#organization\",\"name\":\"SubsZone\",\"url\":\"https:\/\/subszone.com\/\",\"logo\":{\"@type\":\"ImageObject\",\"inLanguage\":\"es\",\"@id\":\"https:\/\/subszone.com\/#\/schema\/logo\/image\/\",\"url\":\"https:\/\/subszone.com\/wp-content\/uploads\/2024\/10\/logo.png\",\"contentUrl\":\"https:\/\/subszone.com\/wp-content\/uploads\/2024\/10\/logo.png\",\"width\":193,\"height\":50,\"caption\":\"SubsZone\"},\"image\":{\"@id\":\"https:\/\/subszone.com\/#\/schema\/logo\/image\/\"}}]}<\/script>\n<!-- \/ Yoast SEO plugin. -->","yoast_head_json":{"title":"Comprar \u00e1cido sulf\u00farico en l\u00ednea - Venta de \u00e1cido sulf\u00farico","description":"Consiga \u00e1cido sulf\u00farico en venta a precios asequibles en nuestra tienda subszone. Le ayudaremos a comprar \u00e1cido sulf\u00farico online. \u00a1Aceptar su pedido y entregarlo a usted pronto!","robots":{"index":"index","follow":"follow","max-snippet":"max-snippet:-1","max-image-preview":"max-image-preview:large","max-video-preview":"max-video-preview:-1"},"canonical":"https:\/\/subszone.com\/es\/product\/acido-sulfurico-alta-concentracion\/","og_locale":"es_ES","og_type":"article","og_title":"Buy Sulfuric Acid Online - Sulfuric Acid for Sale","og_description":"Get sulfuric acid for sale at pocket-friendly prices from our subszone store. We will help you buy sulfuric acid online. Accept your order and deliver it to you soon!","og_url":"https:\/\/subszone.com\/es\/product\/acido-sulfurico-alta-concentracion\/","og_site_name":"SubsZone","article_modified_time":"2025-06-06T10:39:59+00:00","og_image":[{"width":1024,"height":1024,"url":"https:\/\/subszone.com\/wp-content\/uploads\/2024\/10\/Sulfuric-Acid.webp","type":"image\/webp"}],"twitter_card":"summary_large_image","twitter_misc":{"Tiempo de lectura":"3 minutos"},"schema":{"@context":"https:\/\/schema.org","@graph":[{"@type":"WebPage","@id":"https:\/\/subszone.com\/product\/sulfuric-acid-high-concentration\/","url":"https:\/\/subszone.com\/product\/sulfuric-acid-high-concentration\/","name":"Comprar \u00e1cido sulf\u00farico en l\u00ednea - Venta de \u00e1cido sulf\u00farico","isPartOf":{"@id":"https:\/\/subszone.com\/#website"},"primaryImageOfPage":{"@id":"https:\/\/subszone.com\/product\/sulfuric-acid-high-concentration\/#primaryimage"},"image":{"@id":"https:\/\/subszone.com\/product\/sulfuric-acid-high-concentration\/#primaryimage"},"thumbnailUrl":"https:\/\/subszone.com\/wp-content\/uploads\/2024\/10\/Sulfuric-Acid.webp","datePublished":"2024-10-24T08:32:21+00:00","dateModified":"2025-06-06T10:39:59+00:00","description":"Consiga \u00e1cido sulf\u00farico en venta a precios asequibles en nuestra tienda subszone. Le ayudaremos a comprar \u00e1cido sulf\u00farico online. \u00a1Aceptar su pedido y entregarlo a usted pronto!","breadcrumb":{"@id":"https:\/\/subszone.com\/product\/sulfuric-acid-high-concentration\/#breadcrumb"},"inLanguage":"es","potentialAction":[{"@type":"ReadAction","target":["https:\/\/subszone.com\/product\/sulfuric-acid-high-concentration\/"]}]},{"@type":"ImageObject","inLanguage":"es","@id":"https:\/\/subszone.com\/product\/sulfuric-acid-high-concentration\/#primaryimage","url":"https:\/\/subszone.com\/wp-content\/uploads\/2024\/10\/Sulfuric-Acid.webp","contentUrl":"https:\/\/subszone.com\/wp-content\/uploads\/2024\/10\/Sulfuric-Acid.webp","width":1024,"height":1024,"caption":"Buy Sulfuric Acid Online"},{"@type":"BreadcrumbList","@id":"https:\/\/subszone.com\/product\/sulfuric-acid-high-concentration\/#breadcrumb","itemListElement":[{"@type":"ListItem","position":1,"name":"Home","item":"https:\/\/subszone.com\/"},{"@type":"ListItem","position":2,"name":"Shop","item":"https:\/\/subszone.com\/shop\/"},{"@type":"ListItem","position":3,"name":"Buy Sulfuric Acid (High Concentration) Online"}]},{"@type":"WebSite","@id":"https:\/\/subszone.com\/#website","url":"https:\/\/subszone.com\/","name":"SubsZone","description":"Mi blog de WordPress","publisher":{"@id":"https:\/\/subszone.com\/#organization"},"potentialAction":[{"@type":"SearchAction","target":{"@type":"EntryPoint","urlTemplate":"https:\/\/subszone.com\/?s={search_term_string}"},"query-input":{"@type":"PropertyValueSpecification","valueRequired":true,"valueName":"search_term_string"}}],"inLanguage":"es"},{"@type":"Organization","@id":"https:\/\/subszone.com\/#organization","name":"SubsZone","url":"https:\/\/subszone.com\/","logo":{"@type":"ImageObject","inLanguage":"es","@id":"https:\/\/subszone.com\/#\/schema\/logo\/image\/","url":"https:\/\/subszone.com\/wp-content\/uploads\/2024\/10\/logo.png","contentUrl":"https:\/\/subszone.com\/wp-content\/uploads\/2024\/10\/logo.png","width":193,"height":50,"caption":"SubsZone"},"image":{"@id":"https:\/\/subszone.com\/#\/schema\/logo\/image\/"}}]}},"_links":{"self":[{"href":"https:\/\/subszone.com\/es\/wp-json\/wp\/v2\/product\/1291","targetHints":{"allow":["GET"]}}],"collection":[{"href":"https:\/\/subszone.com\/es\/wp-json\/wp\/v2\/product"}],"about":[{"href":"https:\/\/subszone.com\/es\/wp-json\/wp\/v2\/types\/product"}],"replies":[{"embeddable":true,"href":"https:\/\/subszone.com\/es\/wp-json\/wp\/v2\/comments?post=1291"}],"wp:featuredmedia":[{"embeddable":true,"href":"https:\/\/subszone.com\/es\/wp-json\/wp\/v2\/media\/1346"}],"wp:attachment":[{"href":"https:\/\/subszone.com\/es\/wp-json\/wp\/v2\/media?parent=1291"}],"wp:term":[{"taxonomy":"product_brand","embeddable":true,"href":"https:\/\/subszone.com\/es\/wp-json\/wp\/v2\/product_brand?post=1291"},{"taxonomy":"product_cat","embeddable":true,"href":"https:\/\/subszone.com\/es\/wp-json\/wp\/v2\/product_cat?post=1291"},{"taxonomy":"product_tag","embeddable":true,"href":"https:\/\/subszone.com\/es\/wp-json\/wp\/v2\/product_tag?post=1291"}],"curies":[{"name":"wp","href":"https:\/\/api.w.org\/{rel}","templated":true}]}}