{"id":1623,"date":"2024-11-08T04:58:37","date_gmt":"2024-11-08T04:58:37","guid":{"rendered":"https:\/\/subszone.com\/?post_type=product&#038;p=1623"},"modified":"2025-02-25T07:52:14","modified_gmt":"2025-02-25T07:52:14","slug":"permanganato-potasico-2","status":"publish","type":"product","link":"https:\/\/subszone.com\/es\/product\/permanganato-potasico-2\/","title":{"rendered":"Comprar permanganato pot\u00e1sico en l\u00ednea"},"content":{"rendered":"<h2>Compre permanganato pot\u00e1sico de gran tama\u00f1o a proveedores industriales de confianza para desinfectantes, tratamiento de aguas<a href=\"https:\/\/legitchemicals.com\/es\/producto\/comprar-gamma-butirolactona-gbl-online\/\">,<\/a> y otros usos<\/h2>\n<p>Ha llegado al lugar adecuado si busca un proveedor de confianza para comprar <strong><a href=\"https:\/\/subszone.com\/es\/product\/permanganato-potasico-2\/\">permanganato pot\u00e1sico<\/a><\/strong> para aplicaciones comerciales o industriales<a href=\"https:\/\/subszone.com\/es\/product\/clorato-sodico\/\">.<\/a> El permanganato pot\u00e1sico (CAS 7722-64-7), un producto qu\u00edmico vers\u00e1til, encuentra aplicaci\u00f3n en una amplia gama de sectores, como los procesos de oxidaci\u00f3n, los desinfectantes medicinales, el tratamiento de aguas residuales y el tratamiento del agua. Encontrar un proveedor fiable es esencial, tanto si desea comprar permanganato pot\u00e1sico a granel como si necesita <a href=\"https:\/\/www.bing.com\/search?q=Buy%20Potassium%20Nitrate%20Online%20&amp;qs=n&amp;form=QBRE&amp;sp=-1&amp;lq=0&amp;pq=buy%20potassium%20dichromate%20online%20&amp;sc=1-32&amp;sk=&amp;cvid=8AB0D9627A80405D88ADF2E0FE7B73C1&amp;ghsh=0&amp;ghacc=0&amp;ghpl=\">permanganato pot\u00e1sico de gran pureza<\/a> para determinados usos industriales. <a href=\"https:\/\/subszone.com\/es\/\"><strong>SubsZone<\/strong><\/a><\/p>\n<h3>Permanganato pot\u00e1sico: \u00bfqu\u00e9 es?<\/h3>\n<p>Con la f\u00f3rmula qu\u00edmica KMnO\u2084, <a href=\"https:\/\/www.bing.com\/search?q=Buy%20Potassium%20Nitrate%20Online%20&amp;qs=n&amp;form=QBRE&amp;sp=-1&amp;lq=0&amp;pq=buy%20potassium%20dichromate%20online%20&amp;sc=1-32&amp;sk=&amp;cvid=8AB0D9627A80405D88ADF2E0FE7B73C1&amp;ghsh=0&amp;ghacc=0&amp;ghpl=\">permanganato pot\u00e1sico<\/a> es un potente agente oxidante que encuentra aplicaci\u00f3n en una amplia gama de industrias. Debido a su capacidad de descomposici\u00f3n, se utiliza con frecuencia en el control de olores, desinfectantes, tratamiento de aguas residuales y procedimientos de tratamiento de agua sustancia natural. <a href=\"https:\/\/www.google.com\/search?q=Buy+Potassium+Permanganate+Online+&amp;num=10&amp;sca_esv=d3a094136e3e8b97&amp;sxsrf=AHTn8zqExdIanvQsHXBEmT9zZxayfeqdfw%3A1740469722350&amp;ei=2nW9Z8yNFd_g0PEPptf0gAk&amp;ved=0ahUKEwjM4qv8qt6LAxVfMDQIHaYrHZAQ4dUDCBA&amp;uact=5&amp;oq=Buy+Potassium+Permanganate+Online+&amp;gs_lp=Egxnd3Mtd2l6LXNlcnAiIkJ1eSBQb3Rhc3NpdW0gUGVybWFuZ2FuYXRlIE9ubGluZSAyChAAGLADGNYEGEcyChAAGLADGNYEGEcyChAAGLADGNYEGEcyChAAGLADGNYEGEcyChAAGLADGNYEGEcyChAAGLADGNYEGEcyChAAGLADGNYEGEcyChAAGLADGNYEGEdIzwhQ7ARY7ARwA3gBkAEAmAEAoAEAqgEAuAEDyAEA-AEC-AEBmAIDoAI3mAMAiAYBkAYIkgcBM6AHAA&amp;sclient=gws-wiz-serp\">Permanganato pot\u00e1sico<\/a> tambi\u00e9n es un producto qu\u00edmico vital para la s\u00edntesis org\u00e1nica y el uso m\u00e9dico, lo que lo convierte en un recurso inestimable para diversos usos industriales.<\/p>\n<h3>Proveedor de permanganato pot\u00e1sico a granel<\/h3>\n<p>Trabajar con un distribuidor mayorista de confianza es esencial para las empresas y sectores que necesitan <a href=\"https:\/\/www.google.com\/search?q=Buy+Potassium+Permanganate+Online+&amp;num=10&amp;sca_esv=d3a094136e3e8b97&amp;sxsrf=AHTn8zqExdIanvQsHXBEmT9zZxayfeqdfw%3A1740469722350&amp;ei=2nW9Z8yNFd_g0PEPptf0gAk&amp;ved=0ahUKEwjM4qv8qt6LAxVfMDQIHaYrHZAQ4dUDCBA&amp;uact=5&amp;oq=Buy+Potassium+Permanganate+Online+&amp;gs_lp=Egxnd3Mtd2l6LXNlcnAiIkJ1eSBQb3Rhc3NpdW0gUGVybWFuZ2FuYXRlIE9ubGluZSAyChAAGLADGNYEGEcyChAAGLADGNYEGEcyChAAGLADGNYEGEcyChAAGLADGNYEGEcyChAAGLADGNYEGEcyChAAGLADGNYEGEcyChAAGLADGNYEGEcyChAAGLADGNYEGEdIzwhQ7ARY7ARwA3gBkAEAmAEAoAEAqgEAuAEDyAEA-AEC-AEBmAIDoAI3mAMAiAYBkAYIkgcBM6AHAA&amp;sclient=gws-wiz-serp\">permanganato pot\u00e1sico a granel<\/a> si quieren garantizar un suministro constante a costes asequibles. <a href=\"https:\/\/www.google.com\/search?q=Buy+Potassium+Permanganate+Online+&amp;num=10&amp;sca_esv=d3a094136e3e8b97&amp;sxsrf=AHTn8zqExdIanvQsHXBEmT9zZxayfeqdfw%3A1740469722350&amp;ei=2nW9Z8yNFd_g0PEPptf0gAk&amp;ved=0ahUKEwjM4qv8qt6LAxVfMDQIHaYrHZAQ4dUDCBA&amp;uact=5&amp;oq=Buy+Potassium+Permanganate+Online+&amp;gs_lp=Egxnd3Mtd2l6LXNlcnAiIkJ1eSBQb3Rhc3NpdW0gUGVybWFuZ2FuYXRlIE9ubGluZSAyChAAGLADGNYEGEcyChAAGLADGNYEGEcyChAAGLADGNYEGEcyChAAGLADGNYEGEcyChAAGLADGNYEGEcyChAAGLADGNYEGEcyChAAGLADGNYEGEcyChAAGLADGNYEGEdIzwhQ7ARY7ARwA3gBkAEAmAEAoAEAqgEAuAEDyAEA-AEC-AEBmAIDoAI3mAMAiAYBkAYIkgcBM6AHAA&amp;sclient=gws-wiz-serp\">Compra de permanganato pot\u00e1sico con pureza 99%<\/a> de un proveedor reputado garantiza que su empresa funcione con eficacia, independientemente de si lo busca para procesos de oxidaci\u00f3n, aplicaciones m\u00e9dicas o tratamiento de aguas.<\/p>\n<p>Comprar en <a href=\"https:\/\/duckduckgo.com\/?q=Buy+Potassium+Permanganate+Online+&amp;t=h_&amp;ia=web\">a granel de un proveedor de permanganato pot\u00e1sico<\/a> le ofrece las ventajas de una entrega r\u00e1pida, productos qu\u00edmicos de primera calidad y ahorro de costes. Para sus requisitos particulares, es fundamental seleccionar proveedores que suministren permanganato pot\u00e1sico de calidad industrial que cumpla las normas del sector.<\/p>\n<h3>Aplicaciones del permanganato pot\u00e1sico<\/h3>\n<p>Un componente vital de muchos procesos industriales, <a href=\"https:\/\/duckduckgo.com\/?q=Buy+Potassium+Permanganate+Online+&amp;t=h_&amp;ia=web\">permanganato pot\u00e1sico<\/a> es extremadamente importante debido a su versatilidad. Entre las aplicaciones m\u00e1s utilizadas se encuentran:<\/p>\n<p>Tratamiento del agua: El tratamiento del agua y de las aguas residuales es una de las aplicaciones m\u00e1s populares del permanganato pot\u00e1sico. Contribuye a fuentes de agua m\u00e1s seguras y limpias al eliminar el hierro, el manganeso y el sulfuro de hidr\u00f3geno.<\/p>\n<p>Desinfectantes: Un ingrediente com\u00fan en los desinfectantes para aplicaciones industriales y m\u00e9dicas es el permanganato pot\u00e1sico. Elimina eficazmente los g\u00e9rmenes y otros organismos peligrosos gracias a su potente capacidad de oxidaci\u00f3n.<\/p>\n<p>Procesos de oxidaci\u00f3n: Esta sustancia se emplea en diversos procedimientos de oxidaci\u00f3n, como los que tienen que ver con la s\u00edntesis org\u00e1nica y la manipulaci\u00f3n de sustancias peligrosas.<\/p>\n<p>Control de olores: Al disolver las sustancias que provocan olores, el permanganato pot\u00e1sico se utiliza con frecuencia en plantas qu\u00edmicas e instalaciones de tratamiento de aguas residuales para deshacerse de aromas ofensivos.<\/p>\n<p>El permanganato pot\u00e1sico se utiliza en medicina como antis\u00e9ptico y en soluciones diluidas para tratar dermatitis e infecciones cut\u00e1neas.<\/p>\n<h3>Venta de permanganato pot\u00e1sico de gran pureza<\/h3>\n<p>Debe asegurarse de que el proveedor vende productos con una pureza m\u00ednima de 99% cuando compre <a href=\"https:\/\/en.wikipedia.org\/wiki\/Potassium_permanganate\">permanganato pot\u00e1sico de gran pureza<\/a>. Esto es especialmente importante si el permanganato pot\u00e1sico se utiliza en s\u00edntesis qu\u00edmicas, medicina u otras operaciones industriales delicadas que requieren una precisi\u00f3n extrema. Los proveedores de permanganato pot\u00e1sico de gran pureza garantizan que la sustancia satisface los exigentes requisitos requeridos para estos usos.<\/p>\n<h3>El coste por kilogramo de permanganato pot\u00e1sico<\/h3>\n<p>Los precios del permanganato pot\u00e1sico pueden variar en funci\u00f3n de diversas variables, como el volumen, la pureza y la ubicaci\u00f3n del proveedor. Cuando se compra en cantidad, el precio por kilogramo de permanganato pot\u00e1sico suele ser m\u00e1s asequible. Colaborando con distribuidores mayoristas de permanganato pot\u00e1sico, las empresas pueden obtener precios asequibles para operaciones de gran envergadura.<\/p>\n<p>Antes de realizar una compra, siempre es aconsejable investigar el mercado y comparar precios. Los mayoristas de permanganato pot\u00e1sico de renombre ofrecen precios claros y detalles detallados del producto para ayudarle a realizar compras acertadas.<\/p>\n<h3>D\u00f3nde comprar permanganato pot\u00e1sico en l\u00ednea<\/h3>\n<p>\u00bfDesea comprar permanganato pot\u00e1sico en l\u00ednea? Numerosos proveedores venden permanganato pot\u00e1sico a trav\u00e9s de canales seguros en l\u00ednea, lo que le permite hacer un pedido y recibirlo en su domicilio. Al comprar permanganato pot\u00e1sico en l\u00ednea, tenga cuidado al elegir un proveedor que le garantice que recibir\u00e1 productos qu\u00edmicos de alta calidad y le proporcione la documentaci\u00f3n necesaria, como el certificado de an\u00e1lisis (COA), las hojas de datos de seguridad de los materiales (MSDS) y los n\u00fameros CAS (como CAS 7722-64-7).<\/p>\n<h3>Uso del permanganato pot\u00e1sico para tratar el agua y gestionar las aguas residuales<\/h3>\n<p>El tratamiento del agua potable y las aguas residuales es una de las aplicaciones m\u00e1s importantes del permanganato pot\u00e1sico. Esta sustancia ayuda a eliminar el hierro y el manganeso, que pueden contaminar los suministros de agua y darles un olor desagradable. Es un elemento crucial para mantener el agua limpia y segura, ya que tambi\u00e9n tiene mucho \u00e9xito a la hora de limitar el crecimiento de bacterias, algas y otros microbios.<\/p>\n<p>El permanganato pot\u00e1sico es utilizado por muchas empresas, especialmente las de los sectores de procesamiento de alimentos, bebidas y farmac\u00e9utico, para limpiar las aguas residuales. Si necesita permanganato pot\u00e1sico para el agua en general o para el control de olores para el cumplimiento y la gesti\u00f3n eficiente del agua, la adquisici\u00f3n de una fuente fiable de permanganato pot\u00e1sico es crucial.<\/p>\n<h3>\u00bfPor qu\u00e9 comprar permanganato pot\u00e1sico a proveedores fiables?<\/h3>\n<p>La compra de productos qu\u00edmicos como el permanganato pot\u00e1sico exige confiar en la capacidad del proveedor para suministrar productos seguros y de alta calidad. Lo siguiente justifica abastecerse de una fuente fiable:<\/p>\n<p>Calidad certificada: Para su uso en entornos comerciales, industriales y m\u00e9dicos, nuestros proveedores proporcionan permanganato pot\u00e1sico de alta pureza con pureza certificada 99%.<\/p>\n<p>Una cadena de suministro fiable es posible gracias a proveedores fiables de permanganato pot\u00e1sico a granel que garantizan entregas puntuales, lo que le permite continuar con sus planes de producci\u00f3n sin interrupciones.<\/p>\n<p>Precios competitivos: Al comprar a granel, aproveche las competitivas tarifas de permanganato pot\u00e1sico por kilogramo, que lo hacen asequible para operaciones a gran escala.<\/p>\n<p>Seguridad y conformidad: Aseg\u00farese de que se cumplen todas las normas de seguridad y los est\u00e1ndares de la industria adquiriendo a proveedores que ofrezcan documentaci\u00f3n completa, como CAS 7722-64-7.<\/p>","protected":false},"excerpt":{"rendered":"<p>El permanganato pot\u00e1sico (KMnO\u2084) es un compuesto cristalino de color p\u00farpura oscuro a negro que se utiliza com\u00fanmente en diversas aplicaciones debido a sus fuertes propiedades oxidantes. Es soluble en agua y tiene un caracter\u00edstico color p\u00farpura intenso.<\/p>\n<ul>\n<li><strong>F\u00f3rmula qu\u00edmica<\/strong>: KMnO\u2084<\/li>\n<li><strong>Apariencia<\/strong>: Cristales o gr\u00e1nulos de color p\u00farpura oscuro<\/li>\n<li><strong>Masa molar<\/strong>: 158,034 g\/mol<\/li>\n<li><strong>Solubilidad<\/strong>: Soluble en agua<\/li>\n<li><strong>Agente oxidante<\/strong>: Altamente reactivo, especialmente en condiciones \u00e1cidas<\/li>\n<\/ul>\n<p>&nbsp;<\/p>","protected":false},"featured_media":1354,"comment_status":"open","ping_status":"closed","template":"","meta":{"_kadence_starter_templates_imported_post":false,"_kad_post_transparent":"default","_kad_post_title":"","_kad_post_layout":"default","_kad_post_sidebar_id":"","_kad_post_content_style":"default","_kad_post_vertical_padding":"default","_kad_post_feature":"","_kad_post_feature_position":"","_kad_post_header":false,"_kad_post_footer":false,"_joinchat":[]},"product_brand":[],"product_cat":[127],"product_tag":[388,389,390,391,392,393,394,395,396,397,398,399],"class_list":{"0":"post-1623","1":"product","2":"type-product","3":"status-publish","4":"has-post-thumbnail","6":"product_cat-water-treatment-and-disinfection","7":"product_tag-bulk-potassium-permanganate-supplier","8":"product_tag-buy-potassium-permanganate-in-bulk","9":"product_tag-cas-7722-64-7-supplier","10":"product_tag-high-purity-potassium-permanganate-supplier","11":"product_tag-industrial-grade-potassium-permanganate","12":"product_tag-potassium-permanganate-99-purity","13":"product_tag-potassium-permanganate-cas-7722-64-7","14":"product_tag-potassium-permanganate-chemical-for-sale","15":"product_tag-potassium-permanganate-for-industrial-use","16":"product_tag-potassium-permanganate-for-water-treatment","17":"product_tag-potassium-permanganate-price-per-kg","18":"product_tag-potassium-permanganate-wholesale-distributor","20":"first","21":"instock","22":"shipping-taxable","23":"product-type-simple","24":"entry","25":"content-bg","26":"loop-entry"},"yoast_head":"<!-- This site is optimized with the Yoast SEO plugin v25.6 - https:\/\/yoast.com\/wordpress\/plugins\/seo\/ -->\n<title>Buy Potassium Permanganate Online - Potassium Permanganate<\/title>\n<meta name=\"description\" content=\"Our store has the top quality potassium permanganate for sale. You can never get over the quality of our products. If you need then, You can buy potassium permanganate online right away. Order now!\" \/>\n<meta name=\"robots\" content=\"index, follow, max-snippet:-1, max-image-preview:large, max-video-preview:-1\" \/>\n<link rel=\"canonical\" href=\"https:\/\/subszone.com\/es\/product\/permanganato-potasico-2\/\" \/>\n<meta property=\"og:locale\" content=\"es_ES\" \/>\n<meta property=\"og:type\" content=\"article\" \/>\n<meta property=\"og:title\" content=\"Buy Potassium Permanganate Online - Potassium Permanganate\" \/>\n<meta property=\"og:description\" content=\"Our store has the top quality potassium permanganate for sale. You can never get over the quality of our products. If you need then, You can buy potassium permanganate online right away. Order now!\" \/>\n<meta property=\"og:url\" content=\"https:\/\/subszone.com\/es\/product\/permanganato-potasico-2\/\" \/>\n<meta property=\"og:site_name\" content=\"SubsZone\" \/>\n<meta property=\"article:modified_time\" content=\"2025-02-25T07:52:14+00:00\" \/>\n<meta property=\"og:image\" content=\"https:\/\/subszone.com\/wp-content\/uploads\/2024\/10\/918fe6f2-ca8c-4fa7-922f-d1a5718accc8.webp\" \/>\n\t<meta property=\"og:image:width\" content=\"1024\" \/>\n\t<meta property=\"og:image:height\" content=\"1024\" \/>\n\t<meta property=\"og:image:type\" content=\"image\/webp\" \/>\n<meta name=\"twitter:card\" content=\"summary_large_image\" \/>\n<meta name=\"twitter:label1\" content=\"Tiempo de lectura\" \/>\n\t<meta name=\"twitter:data1\" content=\"5 minutos\" \/>\n<script type=\"application\/ld+json\" class=\"yoast-schema-graph\">{\"@context\":\"https:\/\/schema.org\",\"@graph\":[{\"@type\":\"WebPage\",\"@id\":\"https:\/\/subszone.com\/product\/potassium-permanganate-2\/\",\"url\":\"https:\/\/subszone.com\/product\/potassium-permanganate-2\/\",\"name\":\"Buy Potassium Permanganate Online - Potassium Permanganate\",\"isPartOf\":{\"@id\":\"https:\/\/subszone.com\/#website\"},\"primaryImageOfPage\":{\"@id\":\"https:\/\/subszone.com\/product\/potassium-permanganate-2\/#primaryimage\"},\"image\":{\"@id\":\"https:\/\/subszone.com\/product\/potassium-permanganate-2\/#primaryimage\"},\"thumbnailUrl\":\"https:\/\/subszone.com\/wp-content\/uploads\/2024\/10\/918fe6f2-ca8c-4fa7-922f-d1a5718accc8.webp\",\"datePublished\":\"2024-11-08T04:58:37+00:00\",\"dateModified\":\"2025-02-25T07:52:14+00:00\",\"description\":\"Our store has the top quality potassium permanganate for sale. You can never get over the quality of our products. If you need then, You can buy potassium permanganate online right away. Order now!\",\"breadcrumb\":{\"@id\":\"https:\/\/subszone.com\/product\/potassium-permanganate-2\/#breadcrumb\"},\"inLanguage\":\"es\",\"potentialAction\":[{\"@type\":\"ReadAction\",\"target\":[\"https:\/\/subszone.com\/product\/potassium-permanganate-2\/\"]}]},{\"@type\":\"ImageObject\",\"inLanguage\":\"es\",\"@id\":\"https:\/\/subszone.com\/product\/potassium-permanganate-2\/#primaryimage\",\"url\":\"https:\/\/subszone.com\/wp-content\/uploads\/2024\/10\/918fe6f2-ca8c-4fa7-922f-d1a5718accc8.webp\",\"contentUrl\":\"https:\/\/subszone.com\/wp-content\/uploads\/2024\/10\/918fe6f2-ca8c-4fa7-922f-d1a5718accc8.webp\",\"width\":1024,\"height\":1024,\"caption\":\"Buy Potassium Permanganate Online\"},{\"@type\":\"BreadcrumbList\",\"@id\":\"https:\/\/subszone.com\/product\/potassium-permanganate-2\/#breadcrumb\",\"itemListElement\":[{\"@type\":\"ListItem\",\"position\":1,\"name\":\"Home\",\"item\":\"https:\/\/subszone.com\/\"},{\"@type\":\"ListItem\",\"position\":2,\"name\":\"Shop\",\"item\":\"https:\/\/subszone.com\/shop\/\"},{\"@type\":\"ListItem\",\"position\":3,\"name\":\"Buy Potassium Permanganate Online\"}]},{\"@type\":\"WebSite\",\"@id\":\"https:\/\/subszone.com\/#website\",\"url\":\"https:\/\/subszone.com\/\",\"name\":\"SubsZone\",\"description\":\"My WordPress Blog\",\"publisher\":{\"@id\":\"https:\/\/subszone.com\/#organization\"},\"potentialAction\":[{\"@type\":\"SearchAction\",\"target\":{\"@type\":\"EntryPoint\",\"urlTemplate\":\"https:\/\/subszone.com\/?s={search_term_string}\"},\"query-input\":{\"@type\":\"PropertyValueSpecification\",\"valueRequired\":true,\"valueName\":\"search_term_string\"}}],\"inLanguage\":\"es\"},{\"@type\":\"Organization\",\"@id\":\"https:\/\/subszone.com\/#organization\",\"name\":\"SubsZone\",\"url\":\"https:\/\/subszone.com\/\",\"logo\":{\"@type\":\"ImageObject\",\"inLanguage\":\"es\",\"@id\":\"https:\/\/subszone.com\/#\/schema\/logo\/image\/\",\"url\":\"https:\/\/subszone.com\/wp-content\/uploads\/2024\/10\/logo.png\",\"contentUrl\":\"https:\/\/subszone.com\/wp-content\/uploads\/2024\/10\/logo.png\",\"width\":193,\"height\":50,\"caption\":\"SubsZone\"},\"image\":{\"@id\":\"https:\/\/subszone.com\/#\/schema\/logo\/image\/\"}}]}<\/script>\n<!-- \/ Yoast SEO plugin. -->","yoast_head_json":{"title":"Comprar permanganato pot\u00e1sico en l\u00ednea - Permanganato pot\u00e1sico","description":"Nuestra tienda tiene a la venta permanganato pot\u00e1sico de la mejor calidad. Nunca se puede superar la calidad de nuestros productos. Si usted necesita entonces, Usted puede comprar permanganato de potasio en l\u00ednea de inmediato. \u00a1Haga su pedido ahora!","robots":{"index":"index","follow":"follow","max-snippet":"max-snippet:-1","max-image-preview":"max-image-preview:large","max-video-preview":"max-video-preview:-1"},"canonical":"https:\/\/subszone.com\/es\/product\/permanganato-potasico-2\/","og_locale":"es_ES","og_type":"article","og_title":"Buy Potassium Permanganate Online - Potassium Permanganate","og_description":"Our store has the top quality potassium permanganate for sale. You can never get over the quality of our products. If you need then, You can buy potassium permanganate online right away. Order now!","og_url":"https:\/\/subszone.com\/es\/product\/permanganato-potasico-2\/","og_site_name":"SubsZone","article_modified_time":"2025-02-25T07:52:14+00:00","og_image":[{"width":1024,"height":1024,"url":"https:\/\/subszone.com\/wp-content\/uploads\/2024\/10\/918fe6f2-ca8c-4fa7-922f-d1a5718accc8.webp","type":"image\/webp"}],"twitter_card":"summary_large_image","twitter_misc":{"Tiempo de lectura":"5 minutos"},"schema":{"@context":"https:\/\/schema.org","@graph":[{"@type":"WebPage","@id":"https:\/\/subszone.com\/product\/potassium-permanganate-2\/","url":"https:\/\/subszone.com\/product\/potassium-permanganate-2\/","name":"Comprar permanganato pot\u00e1sico en l\u00ednea - Permanganato pot\u00e1sico","isPartOf":{"@id":"https:\/\/subszone.com\/#website"},"primaryImageOfPage":{"@id":"https:\/\/subszone.com\/product\/potassium-permanganate-2\/#primaryimage"},"image":{"@id":"https:\/\/subszone.com\/product\/potassium-permanganate-2\/#primaryimage"},"thumbnailUrl":"https:\/\/subszone.com\/wp-content\/uploads\/2024\/10\/918fe6f2-ca8c-4fa7-922f-d1a5718accc8.webp","datePublished":"2024-11-08T04:58:37+00:00","dateModified":"2025-02-25T07:52:14+00:00","description":"Nuestra tienda tiene a la venta permanganato pot\u00e1sico de la mejor calidad. Nunca se puede superar la calidad de nuestros productos. Si usted necesita entonces, Usted puede comprar permanganato de potasio en l\u00ednea de inmediato. \u00a1Haga su pedido ahora!","breadcrumb":{"@id":"https:\/\/subszone.com\/product\/potassium-permanganate-2\/#breadcrumb"},"inLanguage":"es","potentialAction":[{"@type":"ReadAction","target":["https:\/\/subszone.com\/product\/potassium-permanganate-2\/"]}]},{"@type":"ImageObject","inLanguage":"es","@id":"https:\/\/subszone.com\/product\/potassium-permanganate-2\/#primaryimage","url":"https:\/\/subszone.com\/wp-content\/uploads\/2024\/10\/918fe6f2-ca8c-4fa7-922f-d1a5718accc8.webp","contentUrl":"https:\/\/subszone.com\/wp-content\/uploads\/2024\/10\/918fe6f2-ca8c-4fa7-922f-d1a5718accc8.webp","width":1024,"height":1024,"caption":"Buy Potassium Permanganate Online"},{"@type":"BreadcrumbList","@id":"https:\/\/subszone.com\/product\/potassium-permanganate-2\/#breadcrumb","itemListElement":[{"@type":"ListItem","position":1,"name":"Home","item":"https:\/\/subszone.com\/"},{"@type":"ListItem","position":2,"name":"Shop","item":"https:\/\/subszone.com\/shop\/"},{"@type":"ListItem","position":3,"name":"Buy Potassium Permanganate Online"}]},{"@type":"WebSite","@id":"https:\/\/subszone.com\/#website","url":"https:\/\/subszone.com\/","name":"SubsZone","description":"Mi blog de WordPress","publisher":{"@id":"https:\/\/subszone.com\/#organization"},"potentialAction":[{"@type":"SearchAction","target":{"@type":"EntryPoint","urlTemplate":"https:\/\/subszone.com\/?s={search_term_string}"},"query-input":{"@type":"PropertyValueSpecification","valueRequired":true,"valueName":"search_term_string"}}],"inLanguage":"es"},{"@type":"Organization","@id":"https:\/\/subszone.com\/#organization","name":"SubsZone","url":"https:\/\/subszone.com\/","logo":{"@type":"ImageObject","inLanguage":"es","@id":"https:\/\/subszone.com\/#\/schema\/logo\/image\/","url":"https:\/\/subszone.com\/wp-content\/uploads\/2024\/10\/logo.png","contentUrl":"https:\/\/subszone.com\/wp-content\/uploads\/2024\/10\/logo.png","width":193,"height":50,"caption":"SubsZone"},"image":{"@id":"https:\/\/subszone.com\/#\/schema\/logo\/image\/"}}]}},"_links":{"self":[{"href":"https:\/\/subszone.com\/es\/wp-json\/wp\/v2\/product\/1623","targetHints":{"allow":["GET"]}}],"collection":[{"href":"https:\/\/subszone.com\/es\/wp-json\/wp\/v2\/product"}],"about":[{"href":"https:\/\/subszone.com\/es\/wp-json\/wp\/v2\/types\/product"}],"replies":[{"embeddable":true,"href":"https:\/\/subszone.com\/es\/wp-json\/wp\/v2\/comments?post=1623"}],"wp:featuredmedia":[{"embeddable":true,"href":"https:\/\/subszone.com\/es\/wp-json\/wp\/v2\/media\/1354"}],"wp:attachment":[{"href":"https:\/\/subszone.com\/es\/wp-json\/wp\/v2\/media?parent=1623"}],"wp:term":[{"taxonomy":"product_brand","embeddable":true,"href":"https:\/\/subszone.com\/es\/wp-json\/wp\/v2\/product_brand?post=1623"},{"taxonomy":"product_cat","embeddable":true,"href":"https:\/\/subszone.com\/es\/wp-json\/wp\/v2\/product_cat?post=1623"},{"taxonomy":"product_tag","embeddable":true,"href":"https:\/\/subszone.com\/es\/wp-json\/wp\/v2\/product_tag?post=1623"}],"curies":[{"name":"wp","href":"https:\/\/api.w.org\/{rel}","templated":true}]}}