{"id":1624,"date":"2024-11-08T04:59:15","date_gmt":"2024-11-08T04:59:15","guid":{"rendered":"https:\/\/subszone.com\/?post_type=product&#038;p=1624"},"modified":"2025-02-25T10:00:46","modified_gmt":"2025-02-25T10:00:46","slug":"cianuro-sodico-2","status":"publish","type":"product","link":"https:\/\/subszone.com\/es\/product\/cianuro-sodico-2\/","title":{"rendered":"Comprar cianuro s\u00f3dico en l\u00ednea"},"content":{"rendered":"<h2><strong>Cianuro de Sodio: Esencial para la extracci\u00f3n de oro, s\u00edntesis qu\u00edmica<a href=\"https:\/\/subszone.com\/es\/product\/cianuro-sodico\/\">,<\/a> y transformaci\u00f3n de metales<\/strong><\/h2>\n<p><a href=\"https:\/\/subszone.com\/es\/product\/cianuro-sodico-2\/\"><strong>Cianuro de sodio (NaCN)<\/strong><\/a> es un compuesto potente y altamente reactivo utilizado en <a href=\"https:\/\/www.bing.com\/search?q=Buy%20Sodium%20Cyanide%20Online&amp;qs=n&amp;form=QBRE&amp;sp=-1&amp;lq=0&amp;pq=buy%20sodium%20chlorate%20online&amp;sc=15-26&amp;sk=&amp;cvid=D30595B423D74D96AA190FD315AC4295&amp;ghsh=0&amp;ghacc=0&amp;ghpl=\"><strong>extracci\u00f3n de oro<\/strong>, <strong>s\u00edntesis qu\u00edmica<\/strong><\/a>y <strong>tratamiento de metales<\/strong>. Su eficacia para disolver metales lo hace indispensable para aplicaciones industriales, aunque debe manejarse con cuidado debido a su toxicidad. A continuaci\u00f3n, un breve resumen de los principales usos, ventajas y medidas de seguridad del cianuro s\u00f3dico. <a href=\"https:\/\/www.bing.com\/search?q=Buy%20Sodium%20Cyanide%20Online&amp;qs=n&amp;form=QBRE&amp;sp=-1&amp;lq=0&amp;pq=buy%20sodium%20chlorate%20online&amp;sc=15-26&amp;sk=&amp;cvid=D30595B423D74D96AA190FD315AC4295&amp;ghsh=0&amp;ghacc=0&amp;ghpl=\">Cianuro s\u00f3dico de gran pureza<\/a><a href=\"https:\/\/chemicopro.com\/product\/n-methylpyrrolidone-nmp\/\">.<\/a><\/p>\n<h3>Principales usos del cianuro s\u00f3dico<\/h3>\n<ol>\n<li><strong>Miner\u00eda de oro<\/strong>\n<ul>\n<li><strong>Palabras clave<\/strong>: <a href=\"https:\/\/www.google.nl\/search?q=Buy+Sodium+Cyanide+Online&amp;sca_esv=d3a094136e3e8b97&amp;ei=VZO9Z7jOLJDO0PEPu-L64AI&amp;ved=0ahUKEwj4zJuLx96LAxUQJzQIHTuxHiwQ4dUDCBA&amp;uact=5&amp;oq=Buy+Sodium+Cyanide+Online&amp;gs_lp=Egxnd3Mtd2l6LXNlcnAiGUJ1eSBTb2RpdW0gQ3lhbmlkZSBPbmxpbmVIhBpQuhRYuhRwAngAkAEAmAH1AqAB9QKqAQMzLTG4AQPIAQD4AQL4AQGYAgKgAt0CwgIJEAAYsAMYCBgewgIOEAAYgAQYsAMYhgMYigXCAgsQABiwAxiiBBiJBcICCBAAGLADGO8FmAMAiAYBkAYGkgcFMS4wLjGgB00&amp;sclient=gws-wiz-serp\">Cianuro s\u00f3dico<\/a>e para la extracci\u00f3n de oro, lixiviaci\u00f3n con cianuro s\u00f3dico, extracci\u00f3n de oro con cianuro s\u00f3dico<\/li>\n<\/ul>\n<p>El cianuro de sodio es el principal producto qu\u00edmico utilizado en <a href=\"https:\/\/www.google.nl\/search?q=Buy+Sodium+Cyanide+Online&amp;sca_esv=d3a094136e3e8b97&amp;ei=VZO9Z7jOLJDO0PEPu-L64AI&amp;ved=0ahUKEwj4zJuLx96LAxUQJzQIHTuxHiwQ4dUDCBA&amp;uact=5&amp;oq=Buy+Sodium+Cyanide+Online&amp;gs_lp=Egxnd3Mtd2l6LXNlcnAiGUJ1eSBTb2RpdW0gQ3lhbmlkZSBPbmxpbmVIhBpQuhRYuhRwAngAkAEAmAH1AqAB9QKqAQMzLTG4AQPIAQD4AQL4AQGYAgKgAt0CwgIJEAAYsAMYCBgewgIOEAAYgAQYsAMYhgMYigXCAgsQABiwAxiiBBiJBcICCBAAGLADGO8FmAMAiAYBkAYGkgcFMS4wLjGgB00&amp;sclient=gws-wiz-serp\"><strong>lixiviaci\u00f3n del oro<\/strong><\/a>. Al formar un complejo soluble en agua con el oro, permite separar eficazmente el oro del mineral, por lo que se utiliza ampliamente en las operaciones mineras a gran escala.<\/li>\n<li><strong>Fabricaci\u00f3n de productos qu\u00edmicos<\/strong>\n<ul>\n<li><strong>Palabras clave<\/strong>: Cianuro de sodio en s\u00edntesis qu\u00edmica, reactivo de cianuro de sodio, cianuro de sodio para reacciones org\u00e1nicas<\/li>\n<\/ul>\n<p>En la fabricaci\u00f3n de productos qu\u00edmicos, el cianuro de sodio sirve como precursor para crear <a href=\"https:\/\/duckduckgo.com\/?q=Buy+Sodium+Cyanide+Online&amp;t=h_&amp;ia=web\"><strong>cianohidrinas<\/strong>, <strong>nitrilos<\/strong><\/a>y otros compuestos utilizados en productos farmac\u00e9uticos, tintes y productos qu\u00edmicos agr\u00edcolas.<\/li>\n<li><strong>Procesado de metales y galvanoplastia<\/strong>\n<ul>\n<li><strong>Palabras clave<\/strong>: <a href=\"https:\/\/duckduckgo.com\/?q=Buy+Sodium+Cyanide+Online&amp;t=h_&amp;ia=web\">Cianuro de sodio<\/a> para galvanoplastia, tratamiento de metales con cianuro s\u00f3dico, cianuro s\u00f3dico para joyer\u00eda<\/li>\n<\/ul>\n<p>El cianuro de sodio es esencial en <strong>acabados met\u00e1licos<\/strong> y <strong>galvanoplastia<\/strong>especialmente para la plata y el oro. Crea acabados duraderos y de alta calidad, lo que la hace valiosa en la producci\u00f3n de electr\u00f3nica y joyer\u00eda.<\/li>\n<li><strong>Plaguicidas y fumigantes<\/strong>\n<ul>\n<li><strong>Palabras clave<\/strong>: Cianuro s\u00f3dico en la producci\u00f3n de plaguicidas, cianuro s\u00f3dico para fumigaci\u00f3n, uso agr\u00edcola del cianuro s\u00f3dico<\/li>\n<\/ul>\n<p><a href=\"https:\/\/en.wikipedia.org\/wiki\/Sodium_cyanide\">Cianuro de sodio<\/a> tambi\u00e9n se utiliza para producir pesticidas y fumigantes. Estas aplicaciones est\u00e1n muy reguladas y suelen realizarse en sistemas cerrados para minimizar los riesgos de exposici\u00f3n.<\/li>\n<li><strong>Investigaci\u00f3n de laboratorio<\/strong>\n<ul>\n<li><strong>Palabras clave<\/strong>: Cianuro s\u00f3dico para uso en laboratorio, reactivo de cianuro s\u00f3dico, cianuro s\u00f3dico en investigaci\u00f3n<\/li>\n<\/ul>\n<p>En laboratorios especializados, el cianuro s\u00f3dico se utiliza como reactivo en diversas reacciones qu\u00edmicas. Unos protocolos estrictos garantizan su manipulaci\u00f3n y uso seguros.<\/li>\n<\/ol>\n<h3>Beneficios del cianuro s\u00f3dico<\/h3>\n<ul>\n<li><strong>Eficaz en la recuperaci\u00f3n de oro<\/strong>: El cianuro s\u00f3dico separa eficazmente el oro del mineral, por lo que es un componente fundamental en la miner\u00eda.<\/li>\n<li><strong>Reactivo qu\u00edmico fiable<\/strong>: Su fuerte reactividad favorece la producci\u00f3n de numerosos compuestos org\u00e1nicos e inorg\u00e1nicos.<\/li>\n<li><strong>Acabado met\u00e1lico de alta calidad<\/strong>: El cianuro s\u00f3dico mejora la durabilidad y el aspecto de los revestimientos met\u00e1licos, especialmente en joyer\u00eda y electr\u00f3nica.<\/li>\n<\/ul>\n<h3>Seguridad y manipulaci\u00f3n del cianuro s\u00f3dico<\/h3>\n<p>El cianuro s\u00f3dico es muy t\u00f3xico y requiere una manipulaci\u00f3n estricta:<\/p>\n<ul>\n<li><strong>Equipos de protecci\u00f3n<\/strong>: Utilizar guantes, gafas y protecci\u00f3n respiratoria para evitar el contacto o la inhalaci\u00f3n.<\/li>\n<li><strong>Ventilaci\u00f3n<\/strong>: Trabajar en zonas bien ventiladas para evitar la inhalaci\u00f3n de gas cianuro, que es muy peligroso.<\/li>\n<li><strong>Almacenamiento<\/strong>: Mantener el cianuro de sodio en recipientes sellados y etiquetados, lejos de la humedad y los \u00e1cidos para evitar la liberaci\u00f3n de gas t\u00f3xico de cianuro de hidr\u00f3geno.<\/li>\n<\/ul>\n<h3>D\u00f3nde comprar cianuro s\u00f3dico<\/h3>\n<p><strong>Palabras clave<\/strong>: Comprar cianuro de sodio, cianuro de sodio proveedor, cianuro de sodio en venta, cianuro de sodio precio<\/p>\n<p>Al abastecerse de cianuro s\u00f3dico para <strong>miner\u00eda<\/strong>, <strong>producci\u00f3n qu\u00edmica<\/strong>o <strong>acabados met\u00e1licos<\/strong>Un proveedor fiable garantiza la calidad y el cumplimiento de la normativa. Ofrecemos cianuro s\u00f3dico en <strong>a granel<\/strong> y <strong>envases personalizados<\/strong> para satisfacer las necesidades de la industria. <a href=\"https:\/\/subszone.com\/es\/\"><strong>Subszone.com<\/strong><\/a><\/p>\n<h3>Cont\u00e1ctenos para el suministro de cianuro s\u00f3dico<\/h3>\n<p>Si su sector requiere <strong>cianuro s\u00f3dico industrial<\/strong> para <strong>extracci\u00f3n de oro<\/strong>, <strong>s\u00edntesis qu\u00edmica<\/strong>o <strong>transformaci\u00f3n de metales<\/strong>p\u00f3ngase en contacto con nosotros para obtener opciones de suministro fiables y seguras. <strong>P\u00f3ngase en contacto con nosotros<\/strong> para analizar sus necesidades y obtener m\u00e1s informaci\u00f3n sobre nuestros productos de cianuro s\u00f3dico Cianuro s\u00f3dico de gran pureza.<\/p>\n<p>&nbsp;<\/p>\n<p>&nbsp;<\/p>\n<hr \/>","protected":false},"excerpt":{"rendered":"<div class=\"flex-shrink-0 flex flex-col relative items-end\">\n<div>\n<div class=\"pt-0\">\n<div class=\"gizmo-bot-avatar flex h-8 w-8 items-center justify-center overflow-hidden rounded-full\">\n<div class=\"relative p-1 rounded-sm flex items-center justify-center bg-token-main-surface-primary text-token-text-primary h-8 w-8\"><\/div>\n<\/div>\n<\/div>\n<\/div>\n<\/div>\n<div class=\"group\/conversation-turn relative flex w-full min-w-0 flex-col agent-turn\">\n<div class=\"flex-col gap-1 md:gap-3\">\n<div class=\"flex max-w-full flex-col flex-grow\">\n<div class=\"min-h-8 text-message flex w-full flex-col items-end gap-2 whitespace-normal break-words [.text-message+&amp;]:mt-5\" dir=\"auto\" data-message-author-role=\"assistant\" data-message-id=\"54e4debf-1e76-4a73-8a5b-bb33ed7eac18\" data-message-model-slug=\"gpt-4o-mini\">\n<div class=\"flex w-full flex-col gap-1 empty:hidden first:pt-[3px]\">\n<div class=\"markdown prose w-full break-words dark:prose-invert light\">\n<p>El cianuro s\u00f3dico (NaCN) es un compuesto muy t\u00f3xico que se utiliza principalmente en procesos industriales, sobre todo en la extracci\u00f3n de oro y la s\u00edntesis qu\u00edmica. Comprender sus propiedades, usos y consideraciones de seguridad es esencial para cualquiera que pueda encontrarse con esta sustancia.<\/p>\n<ul>\n<li><strong>F\u00f3rmula qu\u00edmica<\/strong>: NaCN<\/li>\n<li><strong>Estado f\u00edsico<\/strong>: Polvo o s\u00f3lido cristalino blanco.<\/li>\n<li><strong>Solubilidad<\/strong>: Muy soluble en agua, formando una soluci\u00f3n t\u00f3xica.<\/li>\n<li><strong>Olor<\/strong>: Tiene un ligero aroma a almendra amarga, aunque no todo el mundo puede detectar este olor.<\/li>\n<\/ul>\n<\/div>\n<\/div>\n<\/div>\n<\/div>\n<\/div>\n<\/div>","protected":false},"featured_media":1287,"comment_status":"open","ping_status":"closed","template":"","meta":{"_kadence_starter_templates_imported_post":false,"_kad_post_transparent":"default","_kad_post_title":"","_kad_post_layout":"default","_kad_post_sidebar_id":"","_kad_post_content_style":"default","_kad_post_vertical_padding":"default","_kad_post_feature":"","_kad_post_feature_position":"","_kad_post_header":false,"_kad_post_footer":false,"_joinchat":[]},"product_brand":[],"product_cat":[129],"product_tag":[455,456,457,458,459,460,461,462,463,464,465,466,467,468,469,470,471],"class_list":{"0":"post-1624","1":"product","2":"type-product","3":"status-publish","4":"has-post-thumbnail","6":"product_cat-metal-processing-and-mining","7":"product_tag-buy-nacn-sodium-cyanide","8":"product_tag-buy-sodium-cyanide","9":"product_tag-buy-sodium-cyanide-nacn-online","10":"product_tag-buy-sodium-cyanide-online","11":"product_tag-nacn-cas-number-143-33-9","12":"product_tag-nacn-for-sale","13":"product_tag-nacn-price","14":"product_tag-sodium-cyanide-nacn-manufacturers","15":"product_tag-sodium-cyanide-bulk-purchase","16":"product_tag-sodium-cyanide-cas-number-143-33-9","17":"product_tag-sodium-cyanide-distributors","18":"product_tag-sodium-cyanide-for-sale","19":"product_tag-sodium-cyanide-manufacturers","20":"product_tag-sodium-cyanide-price","21":"product_tag-sodium-cyanide-suppliers","22":"product_tag-sodium-cyanide-wholesale","23":"product_tag-sodium-salt-of-hydrocyanic-acid-suppliers","25":"first","26":"instock","27":"shipping-taxable","28":"product-type-simple","29":"entry","30":"content-bg","31":"loop-entry"},"yoast_head":"<!-- This site is optimized with the Yoast SEO plugin v25.6 - https:\/\/yoast.com\/wordpress\/plugins\/seo\/ -->\n<title>Buy Sodium Cyanide Supplier Online - Sodium Cyanide for Sale<\/title>\n<meta name=\"description\" content=\"You can get high-purity sodium cyanide for sale at our online store and get it at your doorstep without any hassle. We help you buy sodium cyanide Industrial online. Just place your order now!\" \/>\n<meta name=\"robots\" content=\"index, follow, max-snippet:-1, max-image-preview:large, max-video-preview:-1\" \/>\n<link rel=\"canonical\" href=\"https:\/\/subszone.com\/es\/product\/cianuro-sodico-2\/\" \/>\n<meta property=\"og:locale\" content=\"es_ES\" \/>\n<meta property=\"og:type\" content=\"article\" \/>\n<meta property=\"og:title\" content=\"Buy Sodium Cyanide Supplier Online - Sodium Cyanide for Sale\" \/>\n<meta property=\"og:description\" content=\"You can get high-purity sodium cyanide for sale at our online store and get it at your doorstep without any hassle. We help you buy sodium cyanide Industrial online. Just place your order now!\" \/>\n<meta property=\"og:url\" content=\"https:\/\/subszone.com\/es\/product\/cianuro-sodico-2\/\" \/>\n<meta property=\"og:site_name\" content=\"SubsZone\" \/>\n<meta property=\"article:modified_time\" content=\"2025-02-25T10:00:46+00:00\" \/>\n<meta property=\"og:image\" content=\"https:\/\/subszone.com\/wp-content\/uploads\/2024\/10\/Sodium-Cyanide.gif\" \/>\n\t<meta property=\"og:image:width\" content=\"600\" \/>\n\t<meta property=\"og:image:height\" content=\"600\" \/>\n\t<meta property=\"og:image:type\" content=\"image\/gif\" \/>\n<meta name=\"twitter:card\" content=\"summary_large_image\" \/>\n<meta name=\"twitter:label1\" content=\"Tiempo de lectura\" \/>\n\t<meta name=\"twitter:data1\" content=\"3 minutos\" \/>\n<script type=\"application\/ld+json\" class=\"yoast-schema-graph\">{\"@context\":\"https:\/\/schema.org\",\"@graph\":[{\"@type\":\"WebPage\",\"@id\":\"https:\/\/subszone.com\/product\/sodium-cyanide-2\/\",\"url\":\"https:\/\/subszone.com\/product\/sodium-cyanide-2\/\",\"name\":\"Buy Sodium Cyanide Supplier Online - Sodium Cyanide for Sale\",\"isPartOf\":{\"@id\":\"https:\/\/subszone.com\/#website\"},\"primaryImageOfPage\":{\"@id\":\"https:\/\/subszone.com\/product\/sodium-cyanide-2\/#primaryimage\"},\"image\":{\"@id\":\"https:\/\/subszone.com\/product\/sodium-cyanide-2\/#primaryimage\"},\"thumbnailUrl\":\"https:\/\/subszone.com\/wp-content\/uploads\/2024\/10\/Sodium-Cyanide.gif\",\"datePublished\":\"2024-11-08T04:59:15+00:00\",\"dateModified\":\"2025-02-25T10:00:46+00:00\",\"description\":\"You can get high-purity sodium cyanide for sale at our online store and get it at your doorstep without any hassle. We help you buy sodium cyanide Industrial online. Just place your order now!\",\"breadcrumb\":{\"@id\":\"https:\/\/subszone.com\/product\/sodium-cyanide-2\/#breadcrumb\"},\"inLanguage\":\"es\",\"potentialAction\":[{\"@type\":\"ReadAction\",\"target\":[\"https:\/\/subszone.com\/product\/sodium-cyanide-2\/\"]}]},{\"@type\":\"ImageObject\",\"inLanguage\":\"es\",\"@id\":\"https:\/\/subszone.com\/product\/sodium-cyanide-2\/#primaryimage\",\"url\":\"https:\/\/subszone.com\/wp-content\/uploads\/2024\/10\/Sodium-Cyanide.gif\",\"contentUrl\":\"https:\/\/subszone.com\/wp-content\/uploads\/2024\/10\/Sodium-Cyanide.gif\",\"width\":600,\"height\":600,\"caption\":\"Buy Sodium Cyanide Supplier Online\"},{\"@type\":\"BreadcrumbList\",\"@id\":\"https:\/\/subszone.com\/product\/sodium-cyanide-2\/#breadcrumb\",\"itemListElement\":[{\"@type\":\"ListItem\",\"position\":1,\"name\":\"Home\",\"item\":\"https:\/\/subszone.com\/\"},{\"@type\":\"ListItem\",\"position\":2,\"name\":\"Shop\",\"item\":\"https:\/\/subszone.com\/shop\/\"},{\"@type\":\"ListItem\",\"position\":3,\"name\":\"Buy Sodium Cyanide Online\"}]},{\"@type\":\"WebSite\",\"@id\":\"https:\/\/subszone.com\/#website\",\"url\":\"https:\/\/subszone.com\/\",\"name\":\"SubsZone\",\"description\":\"My WordPress Blog\",\"publisher\":{\"@id\":\"https:\/\/subszone.com\/#organization\"},\"potentialAction\":[{\"@type\":\"SearchAction\",\"target\":{\"@type\":\"EntryPoint\",\"urlTemplate\":\"https:\/\/subszone.com\/?s={search_term_string}\"},\"query-input\":{\"@type\":\"PropertyValueSpecification\",\"valueRequired\":true,\"valueName\":\"search_term_string\"}}],\"inLanguage\":\"es\"},{\"@type\":\"Organization\",\"@id\":\"https:\/\/subszone.com\/#organization\",\"name\":\"SubsZone\",\"url\":\"https:\/\/subszone.com\/\",\"logo\":{\"@type\":\"ImageObject\",\"inLanguage\":\"es\",\"@id\":\"https:\/\/subszone.com\/#\/schema\/logo\/image\/\",\"url\":\"https:\/\/subszone.com\/wp-content\/uploads\/2024\/10\/logo.png\",\"contentUrl\":\"https:\/\/subszone.com\/wp-content\/uploads\/2024\/10\/logo.png\",\"width\":193,\"height\":50,\"caption\":\"SubsZone\"},\"image\":{\"@id\":\"https:\/\/subszone.com\/#\/schema\/logo\/image\/\"}}]}<\/script>\n<!-- \/ Yoast SEO plugin. -->","yoast_head_json":{"title":"Comprar proveedor de cianuro s\u00f3dico en l\u00ednea - Venta de cianuro s\u00f3dico","description":"Usted puede conseguir cianuro de sodio de alta pureza para la venta en nuestra tienda online y recibirlo en su puerta sin ning\u00fan tipo de molestia. Le ayudamos a comprar cianuro de sodio Industrial online. \u00a1Haga su pedido ahora!","robots":{"index":"index","follow":"follow","max-snippet":"max-snippet:-1","max-image-preview":"max-image-preview:large","max-video-preview":"max-video-preview:-1"},"canonical":"https:\/\/subszone.com\/es\/product\/cianuro-sodico-2\/","og_locale":"es_ES","og_type":"article","og_title":"Buy Sodium Cyanide Supplier Online - Sodium Cyanide for Sale","og_description":"You can get high-purity sodium cyanide for sale at our online store and get it at your doorstep without any hassle. We help you buy sodium cyanide Industrial online. Just place your order now!","og_url":"https:\/\/subszone.com\/es\/product\/cianuro-sodico-2\/","og_site_name":"SubsZone","article_modified_time":"2025-02-25T10:00:46+00:00","og_image":[{"width":600,"height":600,"url":"https:\/\/subszone.com\/wp-content\/uploads\/2024\/10\/Sodium-Cyanide.gif","type":"image\/gif"}],"twitter_card":"summary_large_image","twitter_misc":{"Tiempo de lectura":"3 minutos"},"schema":{"@context":"https:\/\/schema.org","@graph":[{"@type":"WebPage","@id":"https:\/\/subszone.com\/product\/sodium-cyanide-2\/","url":"https:\/\/subszone.com\/product\/sodium-cyanide-2\/","name":"Comprar proveedor de cianuro s\u00f3dico en l\u00ednea - Venta de cianuro s\u00f3dico","isPartOf":{"@id":"https:\/\/subszone.com\/#website"},"primaryImageOfPage":{"@id":"https:\/\/subszone.com\/product\/sodium-cyanide-2\/#primaryimage"},"image":{"@id":"https:\/\/subszone.com\/product\/sodium-cyanide-2\/#primaryimage"},"thumbnailUrl":"https:\/\/subszone.com\/wp-content\/uploads\/2024\/10\/Sodium-Cyanide.gif","datePublished":"2024-11-08T04:59:15+00:00","dateModified":"2025-02-25T10:00:46+00:00","description":"Usted puede conseguir cianuro de sodio de alta pureza para la venta en nuestra tienda online y recibirlo en su puerta sin ning\u00fan tipo de molestia. Le ayudamos a comprar cianuro de sodio Industrial online. \u00a1Haga su pedido ahora!","breadcrumb":{"@id":"https:\/\/subszone.com\/product\/sodium-cyanide-2\/#breadcrumb"},"inLanguage":"es","potentialAction":[{"@type":"ReadAction","target":["https:\/\/subszone.com\/product\/sodium-cyanide-2\/"]}]},{"@type":"ImageObject","inLanguage":"es","@id":"https:\/\/subszone.com\/product\/sodium-cyanide-2\/#primaryimage","url":"https:\/\/subszone.com\/wp-content\/uploads\/2024\/10\/Sodium-Cyanide.gif","contentUrl":"https:\/\/subszone.com\/wp-content\/uploads\/2024\/10\/Sodium-Cyanide.gif","width":600,"height":600,"caption":"Buy Sodium Cyanide Supplier Online"},{"@type":"BreadcrumbList","@id":"https:\/\/subszone.com\/product\/sodium-cyanide-2\/#breadcrumb","itemListElement":[{"@type":"ListItem","position":1,"name":"Home","item":"https:\/\/subszone.com\/"},{"@type":"ListItem","position":2,"name":"Shop","item":"https:\/\/subszone.com\/shop\/"},{"@type":"ListItem","position":3,"name":"Buy Sodium Cyanide Online"}]},{"@type":"WebSite","@id":"https:\/\/subszone.com\/#website","url":"https:\/\/subszone.com\/","name":"SubsZone","description":"Mi blog de WordPress","publisher":{"@id":"https:\/\/subszone.com\/#organization"},"potentialAction":[{"@type":"SearchAction","target":{"@type":"EntryPoint","urlTemplate":"https:\/\/subszone.com\/?s={search_term_string}"},"query-input":{"@type":"PropertyValueSpecification","valueRequired":true,"valueName":"search_term_string"}}],"inLanguage":"es"},{"@type":"Organization","@id":"https:\/\/subszone.com\/#organization","name":"SubsZone","url":"https:\/\/subszone.com\/","logo":{"@type":"ImageObject","inLanguage":"es","@id":"https:\/\/subszone.com\/#\/schema\/logo\/image\/","url":"https:\/\/subszone.com\/wp-content\/uploads\/2024\/10\/logo.png","contentUrl":"https:\/\/subszone.com\/wp-content\/uploads\/2024\/10\/logo.png","width":193,"height":50,"caption":"SubsZone"},"image":{"@id":"https:\/\/subszone.com\/#\/schema\/logo\/image\/"}}]}},"_links":{"self":[{"href":"https:\/\/subszone.com\/es\/wp-json\/wp\/v2\/product\/1624","targetHints":{"allow":["GET"]}}],"collection":[{"href":"https:\/\/subszone.com\/es\/wp-json\/wp\/v2\/product"}],"about":[{"href":"https:\/\/subszone.com\/es\/wp-json\/wp\/v2\/types\/product"}],"replies":[{"embeddable":true,"href":"https:\/\/subszone.com\/es\/wp-json\/wp\/v2\/comments?post=1624"}],"wp:featuredmedia":[{"embeddable":true,"href":"https:\/\/subszone.com\/es\/wp-json\/wp\/v2\/media\/1287"}],"wp:attachment":[{"href":"https:\/\/subszone.com\/es\/wp-json\/wp\/v2\/media?parent=1624"}],"wp:term":[{"taxonomy":"product_brand","embeddable":true,"href":"https:\/\/subszone.com\/es\/wp-json\/wp\/v2\/product_brand?post=1624"},{"taxonomy":"product_cat","embeddable":true,"href":"https:\/\/subszone.com\/es\/wp-json\/wp\/v2\/product_cat?post=1624"},{"taxonomy":"product_tag","embeddable":true,"href":"https:\/\/subszone.com\/es\/wp-json\/wp\/v2\/product_tag?post=1624"}],"curies":[{"name":"wp","href":"https:\/\/api.w.org\/{rel}","templated":true}]}}