{"id":1075,"date":"2024-10-23T09:53:02","date_gmt":"2024-10-23T09:53:02","guid":{"rendered":"https:\/\/subszone.com\/?post_type=product&#038;p=1075"},"modified":"2025-05-31T06:16:05","modified_gmt":"2025-05-31T06:16:05","slug":"poudre-daluminium","status":"publish","type":"product","link":"https:\/\/subszone.com\/fr\/product\/poudre-daluminium\/","title":{"rendered":"Acheter de la poudre d'aluminium en ligne"},"content":{"rendered":"<h2><b>Acheter de la poudre d'aluminium en ligne - Poudre de haute puret\u00e9 pour les applications industrielles, pyrotechniques et de laboratoire<\/b><\/h2>\n<p><span style=\"font-weight: 400;\">Envisager de <\/span><b>acheter de la poudre d'aluminium en ligne<\/b><span style=\"font-weight: 400;\"> pour votre prochain projet ou votre prochaine production ? Que ce soit pour la recherche et le d\u00e9veloppement, la fabrication ou les applications \u00e9nerg\u00e9tiques, nos produits de qualit\u00e9 sup\u00e9rieure sont des produits de qualit\u00e9 sup\u00e9rieure. <\/span><a href=\"https:\/\/subszone.com\/fr\/product\/poudre-daluminium\/\"><b>Poudre d'aluminium \u00e0 vendre<\/b><\/a><span style=\"font-weight: 400;\"> offre une uniformit\u00e9, une puret\u00e9 et une s\u00e9curit\u00e9 \u00e0 la pointe de l'industrie. Avec une gamme de tailles de mailles et de formats d'emballage, nous offrons la flexibilit\u00e9 dont les professionnels ont besoin, \u00e0 un prix raisonnable. <\/span><b>Prix de la poudre d'aluminium bon march\u00e9<\/b><span style=\"font-weight: 400;\"> sans faire de compromis sur la qualit\u00e9.<\/span><\/p>\n<h3><b>Pr\u00e9sentation du produit - Qu'est-ce que la poudre d'aluminium ?<\/b><\/h3>\n<p><span style=\"font-weight: 400;\">La poudre d'aluminium est une substance m\u00e9tallique fine obtenue par atomisation de l'aluminium fondu en petites particules. Connu pour son potentiel \u00e9nerg\u00e9tique \u00e9lev\u00e9, son excellente conductivit\u00e9 et sa l\u00e9g\u00e8ret\u00e9, il est utilis\u00e9 dans un large \u00e9ventail d'industries, notamment :<\/span><\/p>\n<ul>\n<li style=\"font-weight: 400;\" aria-level=\"1\"><b>Pyrotechnie et explosifs<\/b>&nbsp;<\/li>\n<li style=\"font-weight: 400;\" aria-level=\"1\"><b>Impression 3D et fabrication additive de m\u00e9taux<\/b>&nbsp;<\/li>\n<li style=\"font-weight: 400;\" aria-level=\"1\"><b>Rev\u00eatements, pigments et peintures<\/b>&nbsp;<\/li>\n<li style=\"font-weight: 400;\" aria-level=\"1\"><b>M\u00e9tallurgie et r\u00e9actions thermitiques<\/b>&nbsp;<\/li>\n<\/ul>\n<p><span style=\"font-weight: 400;\">Nous fournissons plusieurs qualit\u00e9s pour r\u00e9pondre \u00e0 vos besoins sp\u00e9cifiques :<\/span><\/p>\n<ul>\n<li style=\"font-weight: 400;\" aria-level=\"1\"><b>Poudre d'aluminium de qualit\u00e9 laboratoire<\/b><span style=\"font-weight: 400;\"> - Id\u00e9al pour les environnements de recherche contr\u00f4l\u00e9s<\/span>&nbsp;<\/li>\n<li style=\"font-weight: 400;\" aria-level=\"1\"><b>Poudre d'aluminium de qualit\u00e9 industrielle<\/b><span style=\"font-weight: 400;\"> - Fiabilit\u00e9 pour la fabrication \u00e0 grande \u00e9chelle<\/span>&nbsp;<\/li>\n<li style=\"font-weight: 400;\" aria-level=\"1\"><b>Poudre d'aluminium de qualit\u00e9 pyrotechnique<\/b><span style=\"font-weight: 400;\"> - Optimis\u00e9 pour la densit\u00e9 \u00e9nerg\u00e9tique et l'uniformit\u00e9 des particules<\/span>&nbsp;<\/li>\n<\/ul>\n<h3><b>Caract\u00e9ristiques principales du produit<\/b><\/h3>\n<ul>\n<li style=\"font-weight: 400;\" aria-level=\"1\"><b>Niveaux de puret\u00e9 :<\/b><span style=\"font-weight: 400;\"> Jusqu'\u00e0 <\/span><b>99,7% pur<\/b><span style=\"font-weight: 400;\"> l'aluminium pour des r\u00e9sultats performants<\/span>&nbsp;<\/li>\n<li style=\"font-weight: 400;\" aria-level=\"1\"><b>Taille des particules :<\/b><span style=\"font-weight: 400;\"> Plusieurs types de mailles disponibles (fines \u00e0 ultrafines) pour r\u00e9pondre aux exigences de votre application.<\/span>&nbsp;<\/li>\n<li style=\"font-weight: 400;\" aria-level=\"1\"><b>Options d'emballage :<\/b><span style=\"font-weight: 400;\"> De <\/span><b>R\u00e9cipients scell\u00e9s de 100 g<\/b><span style=\"font-weight: 400;\"> pour l'utilisation en laboratoire \u00e0 <\/span><b>F\u00fbts industriels de 25 kg<\/b><span style=\"font-weight: 400;\"> pour les acheteurs de gros volumes<\/span>&nbsp;<\/li>\n<li style=\"font-weight: 400;\" aria-level=\"1\"><b>Documentation :<\/b><span style=\"font-weight: 400;\"> Chaque commande comprend <\/span><b>FDS (Fiche de donn\u00e9es de s\u00e9curit\u00e9)<\/b><span style=\"font-weight: 400;\"> et <\/span><b>Certificat d'analyse (COA)<\/b><span style=\"font-weight: 400;\"> pour la tra\u00e7abilit\u00e9 et la conformit\u00e9<\/span>&nbsp;<\/li>\n<\/ul>\n<h3><b>Avantages et applications<\/b><\/h3>\n<p><span style=\"font-weight: 400;\">Que vous soyez chimiste, ing\u00e9nieur ou d\u00e9veloppeur de produits, notre poudre d'aluminium est \u00e0 la hauteur :<\/span><\/p>\n<ul>\n<li style=\"font-weight: 400;\" aria-level=\"1\"><b>Des performances fiables<\/b><span style=\"font-weight: 400;\"> - Con\u00e7u pour une distribution homog\u00e8ne des particules et une bonne r\u00e9activit\u00e9<\/span>&nbsp;<\/li>\n<li style=\"font-weight: 400;\" aria-level=\"1\"><b>Applications polyvalentes<\/b><span style=\"font-weight: 400;\"> - Confiance en <\/span><b>pyrotechnie, fabrication additive, soudage \u00e0 la thermite<\/b><span style=\"font-weight: 400;\">et <\/span><b>rev\u00eatements m\u00e9talliques<\/b>&nbsp;<\/li>\n<li style=\"font-weight: 400;\" aria-level=\"1\"><b>Qualit\u00e9 test\u00e9e en laboratoire<\/b><span style=\"font-weight: 400;\"> - V\u00e9rification ind\u00e9pendante de la puret\u00e9, de la taille des particules et de la teneur en eau<\/span>&nbsp;<\/li>\n<\/ul>\n<p><strong>Utilisez-le pour :<\/strong><\/p>\n<ul>\n<li style=\"font-weight: 400;\" aria-level=\"1\"><span style=\"font-weight: 400;\">Impression 3D dans le domaine de l'a\u00e9rospatiale ou du prototypage automobile<\/span>&nbsp;<\/li>\n<li style=\"font-weight: 400;\" aria-level=\"1\"><span style=\"font-weight: 400;\">Compositions pour feux d'artifice et propulseurs de fus\u00e9es<\/span>&nbsp;<\/li>\n<li style=\"font-weight: 400;\" aria-level=\"1\"><span style=\"font-weight: 400;\">Peintures conductrices et rev\u00eatements sp\u00e9ciaux<\/span>&nbsp;<\/li>\n<li style=\"font-weight: 400;\" aria-level=\"1\"><span style=\"font-weight: 400;\">Kits de soudure exothermique ou de r\u00e9paration des m\u00e9taux<\/span>&nbsp;<\/li>\n<\/ul>\n<h3><b>Pourquoi nous choisir ?<\/b><\/h3>\n<p><span style=\"font-weight: 400;\">Nous ne sommes pas un simple fournisseur en ligne - nous sommes votre <\/span><b>un partenaire fiable dans le domaine des produits chimiques de sp\u00e9cialit\u00e9<\/b><span style=\"font-weight: 400;\">.<\/span><\/p>\n<ul>\n<li style=\"font-weight: 400;\" aria-level=\"1\"><b>Fournisseur de produits chimiques de confiance<\/b><span style=\"font-weight: 400;\"> - Des ann\u00e9es d'exp\u00e9rience avec des clients industriels, des laboratoires et des \u00e9ducateurs<\/span>&nbsp;<\/li>\n<li style=\"font-weight: 400;\" aria-level=\"1\"><b>Paiement en ligne s\u00e9curis\u00e9<\/b><span style=\"font-weight: 400;\"> - Transactions crypt\u00e9es et suivi des commandes en temps r\u00e9el<\/span>&nbsp;<\/li>\n<li style=\"font-weight: 400;\" aria-level=\"1\"><b>Remises en masse et traitement rapide des commandes<\/b><span style=\"font-weight: 400;\"> - \u00c9conomisez davantage sur les commandes importantes et b\u00e9n\u00e9ficiez d'une livraison rapide sur les march\u00e9s nationaux et internationaux.<\/span>&nbsp;<\/li>\n<\/ul>\n<h3><b>Conclusion - Approvisionnement responsable, qualit\u00e9 prouv\u00e9e<\/b><\/h3>\n<p><span style=\"font-weight: 400;\">Lorsqu'il s'agit de poudre d'aluminium de haute puret\u00e9, la qualit\u00e9 et la conformit\u00e9 sont importantes. Nous sommes le <\/span><b>meilleur endroit pour <a href=\"https:\/\/en.wikipedia.org\/wiki\/Aluminium_powder\">acheter de la poudre d'aluminium en ligne<\/a><\/b><span style=\"font-weight: 400;\">-Nous vous offrons un emballage s\u00fbr, une documentation compl\u00e8te et une assistance experte. Que vous commandiez en petites quantit\u00e9s ou en gros, vous recevrez un produit fiable qui r\u00e9pondra \u00e0 vos besoins techniques et d\u00e9passera vos attentes.<\/span><\/p>\n<p><b>Commander de la poudre d'aluminium en ligne d\u00e8s aujourd'hui<\/b><span style=\"font-weight: 400;\"> et faites l'exp\u00e9rience de la commodit\u00e9, de la confiance et de la rentabilit\u00e9 auxquelles les professionnels font confiance.<\/span><\/p>","protected":false},"excerpt":{"rendered":"<p>La poudre d'aluminium est une poudre m\u00e9tallique fine de couleur gris argent\u00e9, fabriqu\u00e9e \u00e0 partir d'aluminium \u00e9l\u00e9mentaire. Connue pour sa grande r\u00e9activit\u00e9, elle est largement utilis\u00e9e dans diverses industries pour sa l\u00e9g\u00e8ret\u00e9 et sa r\u00e9sistance.<\/p>\n<ul>\n<li><strong>Apparence<\/strong>: Poudre gris argent\u00e9, finement divis\u00e9e<\/li>\n<li><strong>Poids mol\u00e9culaire<\/strong>: 26,98 g\/mol<\/li>\n<li><strong>Densit\u00e9<\/strong>: Environ 2,70 g\/cm\u00b3<\/li>\n<li><strong>Point de fusion<\/strong>660,3 \u00b0C (1 220,5 \u00b0F)<\/li>\n<li><strong>R\u00e9activit\u00e9<\/strong>: Tr\u00e8s r\u00e9actif, surtout sous forme de poudre<\/li>\n<\/ul>","protected":false},"featured_media":1321,"comment_status":"open","ping_status":"closed","template":"","meta":{"_kadence_starter_templates_imported_post":false,"_kad_post_transparent":"default","_kad_post_title":"","_kad_post_layout":"default","_kad_post_sidebar_id":"","_kad_post_content_style":"default","_kad_post_vertical_padding":"default","_kad_post_feature":"","_kad_post_feature_position":"","_kad_post_header":false,"_kad_post_footer":false,"_joinchat":[]},"product_brand":[],"product_cat":[82],"product_tag":[61,62,63,64,65,66,67,68,69,70,71,72,73,74,75,76,77,78,79,80],"class_list":{"0":"post-1075","1":"product","2":"type-product","3":"status-publish","4":"has-post-thumbnail","6":"product_cat-explosives-and-pyrotechnics","7":"product_tag-affordable-aluminum-powder-prices","8":"product_tag-aluminum-metal-powder-for-sale","9":"product_tag-aluminum-powder-distributors","10":"product_tag-aluminum-powder-for-3d-printing","11":"product_tag-aluminum-powder-for-explosives","12":"product_tag-aluminum-powder-for-sale","13":"product_tag-aluminum-powder-manufacturers-for-purchase","14":"product_tag-aluminum-powder-price-per-kg","15":"product_tag-aluminum-powder-suppliers-near-me","16":"product_tag-bulk-aluminum-powder-suppliers","17":"product_tag-buy-aluminum-powder-for-coatings","18":"product_tag-buy-aluminum-powder-for-paints","19":"product_tag-buy-aluminum-powder-online","20":"product_tag-buy-fine-aluminum-powder","21":"product_tag-custom-aluminum-powder-orders","22":"product_tag-high-purity-aluminum-powder-suppliers","23":"product_tag-order-aluminum-powder-in-bulk","24":"product_tag-purchase-aluminum-flake-powder","25":"product_tag-purchase-micronized-aluminum-powder","26":"product_tag-wholesale-aluminum-powder","28":"first","29":"instock","30":"shipping-taxable","31":"product-type-simple","32":"entry","33":"content-bg","34":"loop-entry"},"yoast_head":"<!-- This site is optimized with the Yoast SEO plugin v25.6 - https:\/\/yoast.com\/wordpress\/plugins\/seo\/ -->\n<title>Buy Aluminum Powder Online - Aluminum Powder for Sale<\/title>\n<meta name=\"description\" content=\"Find premium high-quality aluminum powder for sale at our online store, providing a secure platform to buy aluminum powder online with ease, catering to your research needs.\" \/>\n<meta name=\"robots\" content=\"index, follow, max-snippet:-1, max-image-preview:large, max-video-preview:-1\" \/>\n<link rel=\"canonical\" href=\"https:\/\/subszone.com\/fr\/product\/poudre-daluminium\/\" \/>\n<meta property=\"og:locale\" content=\"fr_FR\" \/>\n<meta property=\"og:type\" content=\"article\" \/>\n<meta property=\"og:title\" content=\"Buy Aluminum Powder Online - Aluminum Powder for Sale\" \/>\n<meta property=\"og:description\" content=\"Find premium high-quality aluminum powder for sale at our online store, providing a secure platform to buy aluminum powder online with ease, catering to your research needs.\" \/>\n<meta property=\"og:url\" content=\"https:\/\/subszone.com\/fr\/product\/poudre-daluminium\/\" \/>\n<meta property=\"og:site_name\" content=\"SubsZone\" \/>\n<meta property=\"article:modified_time\" content=\"2025-05-31T06:16:05+00:00\" \/>\n<meta property=\"og:image\" content=\"https:\/\/subszone.com\/wp-content\/uploads\/2024\/10\/Aluminum-Powder-Supply.webp\" \/>\n\t<meta property=\"og:image:width\" content=\"1024\" \/>\n\t<meta property=\"og:image:height\" content=\"1024\" \/>\n\t<meta property=\"og:image:type\" content=\"image\/webp\" \/>\n<meta name=\"twitter:card\" content=\"summary_large_image\" \/>\n<meta name=\"twitter:label1\" content=\"Dur\u00e9e de lecture estim\u00e9e\" \/>\n\t<meta name=\"twitter:data1\" content=\"3 minutes\" \/>\n<script type=\"application\/ld+json\" class=\"yoast-schema-graph\">{\"@context\":\"https:\/\/schema.org\",\"@graph\":[{\"@type\":\"WebPage\",\"@id\":\"https:\/\/subszone.com\/product\/aluminum-powder\/\",\"url\":\"https:\/\/subszone.com\/product\/aluminum-powder\/\",\"name\":\"Buy Aluminum Powder Online - Aluminum Powder for Sale\",\"isPartOf\":{\"@id\":\"https:\/\/subszone.com\/#website\"},\"primaryImageOfPage\":{\"@id\":\"https:\/\/subszone.com\/product\/aluminum-powder\/#primaryimage\"},\"image\":{\"@id\":\"https:\/\/subszone.com\/product\/aluminum-powder\/#primaryimage\"},\"thumbnailUrl\":\"https:\/\/subszone.com\/wp-content\/uploads\/2024\/10\/Aluminum-Powder-Supply.webp\",\"datePublished\":\"2024-10-23T09:53:02+00:00\",\"dateModified\":\"2025-05-31T06:16:05+00:00\",\"description\":\"Find premium high-quality aluminum powder for sale at our online store, providing a secure platform to buy aluminum powder online with ease, catering to your research needs.\",\"breadcrumb\":{\"@id\":\"https:\/\/subszone.com\/product\/aluminum-powder\/#breadcrumb\"},\"inLanguage\":\"fr-FR\",\"potentialAction\":[{\"@type\":\"ReadAction\",\"target\":[\"https:\/\/subszone.com\/product\/aluminum-powder\/\"]}]},{\"@type\":\"ImageObject\",\"inLanguage\":\"fr-FR\",\"@id\":\"https:\/\/subszone.com\/product\/aluminum-powder\/#primaryimage\",\"url\":\"https:\/\/subszone.com\/wp-content\/uploads\/2024\/10\/Aluminum-Powder-Supply.webp\",\"contentUrl\":\"https:\/\/subszone.com\/wp-content\/uploads\/2024\/10\/Aluminum-Powder-Supply.webp\",\"width\":1024,\"height\":1024,\"caption\":\"Buy Aluminum Powder Online\"},{\"@type\":\"BreadcrumbList\",\"@id\":\"https:\/\/subszone.com\/product\/aluminum-powder\/#breadcrumb\",\"itemListElement\":[{\"@type\":\"ListItem\",\"position\":1,\"name\":\"Home\",\"item\":\"https:\/\/subszone.com\/\"},{\"@type\":\"ListItem\",\"position\":2,\"name\":\"Shop\",\"item\":\"https:\/\/subszone.com\/shop\/\"},{\"@type\":\"ListItem\",\"position\":3,\"name\":\"Buy Aluminum Powder Online\"}]},{\"@type\":\"WebSite\",\"@id\":\"https:\/\/subszone.com\/#website\",\"url\":\"https:\/\/subszone.com\/\",\"name\":\"SubsZone\",\"description\":\"My WordPress Blog\",\"publisher\":{\"@id\":\"https:\/\/subszone.com\/#organization\"},\"potentialAction\":[{\"@type\":\"SearchAction\",\"target\":{\"@type\":\"EntryPoint\",\"urlTemplate\":\"https:\/\/subszone.com\/?s={search_term_string}\"},\"query-input\":{\"@type\":\"PropertyValueSpecification\",\"valueRequired\":true,\"valueName\":\"search_term_string\"}}],\"inLanguage\":\"fr-FR\"},{\"@type\":\"Organization\",\"@id\":\"https:\/\/subszone.com\/#organization\",\"name\":\"SubsZone\",\"url\":\"https:\/\/subszone.com\/\",\"logo\":{\"@type\":\"ImageObject\",\"inLanguage\":\"fr-FR\",\"@id\":\"https:\/\/subszone.com\/#\/schema\/logo\/image\/\",\"url\":\"https:\/\/subszone.com\/wp-content\/uploads\/2024\/10\/logo.png\",\"contentUrl\":\"https:\/\/subszone.com\/wp-content\/uploads\/2024\/10\/logo.png\",\"width\":193,\"height\":50,\"caption\":\"SubsZone\"},\"image\":{\"@id\":\"https:\/\/subszone.com\/#\/schema\/logo\/image\/\"}}]}<\/script>\n<!-- \/ Yoast SEO plugin. -->","yoast_head_json":{"title":"Acheter de la poudre d'aluminium en ligne - Vente de poudre d'aluminium","description":"Trouvez de la poudre d'aluminium de haute qualit\u00e9 \u00e0 vendre dans notre magasin en ligne, fournissant une plateforme s\u00e9curis\u00e9e pour acheter de la poudre d'aluminium en ligne avec facilit\u00e9, r\u00e9pondant \u00e0 vos besoins de recherche.","robots":{"index":"index","follow":"follow","max-snippet":"max-snippet:-1","max-image-preview":"max-image-preview:large","max-video-preview":"max-video-preview:-1"},"canonical":"https:\/\/subszone.com\/fr\/product\/poudre-daluminium\/","og_locale":"fr_FR","og_type":"article","og_title":"Buy Aluminum Powder Online - Aluminum Powder for Sale","og_description":"Find premium high-quality aluminum powder for sale at our online store, providing a secure platform to buy aluminum powder online with ease, catering to your research needs.","og_url":"https:\/\/subszone.com\/fr\/product\/poudre-daluminium\/","og_site_name":"SubsZone","article_modified_time":"2025-05-31T06:16:05+00:00","og_image":[{"width":1024,"height":1024,"url":"https:\/\/subszone.com\/wp-content\/uploads\/2024\/10\/Aluminum-Powder-Supply.webp","type":"image\/webp"}],"twitter_card":"summary_large_image","twitter_misc":{"Dur\u00e9e de lecture estim\u00e9e":"3 minutes"},"schema":{"@context":"https:\/\/schema.org","@graph":[{"@type":"WebPage","@id":"https:\/\/subszone.com\/product\/aluminum-powder\/","url":"https:\/\/subszone.com\/product\/aluminum-powder\/","name":"Acheter de la poudre d'aluminium en ligne - Vente de poudre d'aluminium","isPartOf":{"@id":"https:\/\/subszone.com\/#website"},"primaryImageOfPage":{"@id":"https:\/\/subszone.com\/product\/aluminum-powder\/#primaryimage"},"image":{"@id":"https:\/\/subszone.com\/product\/aluminum-powder\/#primaryimage"},"thumbnailUrl":"https:\/\/subszone.com\/wp-content\/uploads\/2024\/10\/Aluminum-Powder-Supply.webp","datePublished":"2024-10-23T09:53:02+00:00","dateModified":"2025-05-31T06:16:05+00:00","description":"Trouvez de la poudre d'aluminium de haute qualit\u00e9 \u00e0 vendre dans notre magasin en ligne, fournissant une plateforme s\u00e9curis\u00e9e pour acheter de la poudre d'aluminium en ligne avec facilit\u00e9, r\u00e9pondant \u00e0 vos besoins de recherche.","breadcrumb":{"@id":"https:\/\/subszone.com\/product\/aluminum-powder\/#breadcrumb"},"inLanguage":"fr-FR","potentialAction":[{"@type":"ReadAction","target":["https:\/\/subszone.com\/product\/aluminum-powder\/"]}]},{"@type":"ImageObject","inLanguage":"fr-FR","@id":"https:\/\/subszone.com\/product\/aluminum-powder\/#primaryimage","url":"https:\/\/subszone.com\/wp-content\/uploads\/2024\/10\/Aluminum-Powder-Supply.webp","contentUrl":"https:\/\/subszone.com\/wp-content\/uploads\/2024\/10\/Aluminum-Powder-Supply.webp","width":1024,"height":1024,"caption":"Buy Aluminum Powder Online"},{"@type":"BreadcrumbList","@id":"https:\/\/subszone.com\/product\/aluminum-powder\/#breadcrumb","itemListElement":[{"@type":"ListItem","position":1,"name":"Home","item":"https:\/\/subszone.com\/"},{"@type":"ListItem","position":2,"name":"Shop","item":"https:\/\/subszone.com\/shop\/"},{"@type":"ListItem","position":3,"name":"Buy Aluminum Powder Online"}]},{"@type":"WebSite","@id":"https:\/\/subszone.com\/#website","url":"https:\/\/subszone.com\/","name":"SubsZone","description":"Mon blog WordPress","publisher":{"@id":"https:\/\/subszone.com\/#organization"},"potentialAction":[{"@type":"SearchAction","target":{"@type":"EntryPoint","urlTemplate":"https:\/\/subszone.com\/?s={search_term_string}"},"query-input":{"@type":"PropertyValueSpecification","valueRequired":true,"valueName":"search_term_string"}}],"inLanguage":"fr-FR"},{"@type":"Organization","@id":"https:\/\/subszone.com\/#organization","name":"SubsZone","url":"https:\/\/subszone.com\/","logo":{"@type":"ImageObject","inLanguage":"fr-FR","@id":"https:\/\/subszone.com\/#\/schema\/logo\/image\/","url":"https:\/\/subszone.com\/wp-content\/uploads\/2024\/10\/logo.png","contentUrl":"https:\/\/subszone.com\/wp-content\/uploads\/2024\/10\/logo.png","width":193,"height":50,"caption":"SubsZone"},"image":{"@id":"https:\/\/subszone.com\/#\/schema\/logo\/image\/"}}]}},"_links":{"self":[{"href":"https:\/\/subszone.com\/fr\/wp-json\/wp\/v2\/product\/1075","targetHints":{"allow":["GET"]}}],"collection":[{"href":"https:\/\/subszone.com\/fr\/wp-json\/wp\/v2\/product"}],"about":[{"href":"https:\/\/subszone.com\/fr\/wp-json\/wp\/v2\/types\/product"}],"replies":[{"embeddable":true,"href":"https:\/\/subszone.com\/fr\/wp-json\/wp\/v2\/comments?post=1075"}],"wp:featuredmedia":[{"embeddable":true,"href":"https:\/\/subszone.com\/fr\/wp-json\/wp\/v2\/media\/1321"}],"wp:attachment":[{"href":"https:\/\/subszone.com\/fr\/wp-json\/wp\/v2\/media?parent=1075"}],"wp:term":[{"taxonomy":"product_brand","embeddable":true,"href":"https:\/\/subszone.com\/fr\/wp-json\/wp\/v2\/product_brand?post=1075"},{"taxonomy":"product_cat","embeddable":true,"href":"https:\/\/subszone.com\/fr\/wp-json\/wp\/v2\/product_cat?post=1075"},{"taxonomy":"product_tag","embeddable":true,"href":"https:\/\/subszone.com\/fr\/wp-json\/wp\/v2\/product_tag?post=1075"}],"curies":[{"name":"wp","href":"https:\/\/api.w.org\/{rel}","templated":true}]}}