{"id":1076,"date":"2024-10-23T10:00:02","date_gmt":"2024-10-23T10:00:02","guid":{"rendered":"https:\/\/subszone.com\/?post_type=product&#038;p=1076"},"modified":"2025-05-31T06:17:40","modified_gmt":"2025-05-31T06:17:40","slug":"nitrate-dammonium","status":"publish","type":"product","link":"https:\/\/subszone.com\/fr\/product\/nitrate-dammonium\/","title":{"rendered":"Acheter du nitrate d'ammonium en ligne"},"content":{"rendered":"<h2><b>Acheter du nitrate d'ammonium en ligne - Grades de haute puret\u00e9 pour l'agriculture, l'industrie et les laboratoires<\/b><\/h2>\n<p><span style=\"font-weight: 400;\"><a href=\"https:\/\/subszone.com\/fr\/product\/nitrate-dammonium\/\">Nitrate d'ammonium (NH\u2084NO\u2083)<\/a> est un compos\u00e9 puissant et polyvalent utilis\u00e9 dans diverses industries, de l'agriculture \u00e0 la recherche scientifique et aux formulations \u00e9nerg\u00e9tiques contr\u00f4l\u00e9es. Que vous soyez agriculteur, chimiste ou acheteur industriel, il est essentiel de s'approvisionner en nitrate d'ammonium fiable, conforme et de grande puret\u00e9. Si vous cherchez \u00e0 <\/span><b>acheter Nitrate d'ammonium en ligne<\/b><span style=\"font-weight: 400;\">Nous proposons plusieurs qualit\u00e9s adapt\u00e9es \u00e0 vos besoins, avec une livraison s\u00e9curis\u00e9e et un soutien r\u00e9glementaire complet.<\/span><\/p>\n<h3><b>Pourquoi l'achat en ligne est courant - et intelligent<\/b><\/h3>\n<p><span style=\"font-weight: 400;\">La demande de nitrate d'ammonium a augment\u00e9 avec l'essor de l'agriculture de pr\u00e9cision, de la pyrotechnie et de la recherche avanc\u00e9e. Acheter des offres en ligne :<\/span><\/p>\n<ul>\n<li style=\"font-weight: 400;\" aria-level=\"1\"><span style=\"font-weight: 400;\">Acc\u00e8s \u00e0 un large \u00e9ventail de <\/span><b>options de grade<\/b>&nbsp;<\/li>\n<li style=\"font-weight: 400;\" aria-level=\"1\"><span style=\"font-weight: 400;\">Comp\u00e9titif et <\/span><b>Prix du nitrate d'ammonium bon march\u00e9<\/b>&nbsp;<\/li>\n<li style=\"font-weight: 400;\" aria-level=\"1\"><span style=\"font-weight: 400;\">Documentation compl\u00e8te (FDS, ACO) de <\/span><b>fournisseurs v\u00e9rifi\u00e9s<\/b>&nbsp;<\/li>\n<li style=\"font-weight: 400;\" aria-level=\"1\"><span style=\"font-weight: 400;\">Livraison discr\u00e8te et conforme - nationale et internationale<\/span>&nbsp;<\/li>\n<\/ul>\n<p><span style=\"font-weight: 400;\">Nous facilitons <\/span><b>Commander du nitrate d'ammonium en ligne<\/b><span style=\"font-weight: 400;\">Les services d'information et de conseil en mati\u00e8re d'environnement et de s\u00e9curit\u00e9 sont des services professionnels qui s'appuient sur des normes de s\u00e9curit\u00e9 prioritaires.<\/span><\/p>\n<h3><b>Comprendre le nitrate d'ammonium<\/b><\/h3>\n<ul>\n<li style=\"font-weight: 400;\" aria-level=\"1\"><b>Formule chimique<\/b><span style=\"font-weight: 400;\">: NH\u2084NO\u2083<\/span>&nbsp;<\/li>\n<li style=\"font-weight: 400;\" aria-level=\"1\"><b>Apparence<\/b><span style=\"font-weight: 400;\">: Granules ou poudre cristalline blanche<\/span>&nbsp;<\/li>\n<li style=\"font-weight: 400;\" aria-level=\"1\"><b>Solubilit\u00e9<\/b><span style=\"font-weight: 400;\">: Tr\u00e8s soluble dans l'eau ; hygroscopique<\/span>&nbsp;<\/li>\n<\/ul>\n<p><span style=\"font-weight: 400;\">Le nitrate d'ammonium existe en plusieurs qualit\u00e9s :<\/span><\/p>\n<ul>\n<li style=\"font-weight: 400;\" aria-level=\"1\"><b>Qualit\u00e9 de l'engrais<\/b><span style=\"font-weight: 400;\"> - Optimis\u00e9 pour la suppl\u00e9mentation en azote agricole<\/span>&nbsp;<\/li>\n<li style=\"font-weight: 400;\" aria-level=\"1\"><b>Grade Labo\/Technique<\/b><span style=\"font-weight: 400;\"> - Utilis\u00e9 dans les laboratoires de chimie et les instituts de recherche<\/span>&nbsp;<\/li>\n<li style=\"font-weight: 400;\" aria-level=\"1\"><b>Grade explosif<\/b><span style=\"font-weight: 400;\"> - Utilisation contr\u00f4l\u00e9e dans l'exploitation mini\u00e8re et la d\u00e9molition (restreinte et r\u00e9glement\u00e9e)<\/span>&nbsp;<\/li>\n<\/ul>\n<h3><b>Applications<\/b><\/h3>\n<ol>\n<li style=\"font-weight: 400;\" aria-level=\"1\"><b>Agriculture<\/b><span style=\"font-weight: 400;\">:<\/span><span style=\"font-weight: 400;\"><br \/>\n<\/span><span style=\"font-weight: 400;\"> Un outil largement utilis\u00e9 <\/span><b>engrais riche en azote<\/b><span style=\"font-weight: 400;\">Il favorise une croissance saine des plantes et des rendements \u00e9lev\u00e9s. Sa solubilit\u00e9 en fait un produit id\u00e9al pour les syst\u00e8mes de fertigation.<\/span>&nbsp;<\/li>\n<li style=\"font-weight: 400;\" aria-level=\"1\"><b>Pyrotechnie et explosifs<\/b><span style=\"font-weight: 400;\">:<\/span><span style=\"font-weight: 400;\"><br \/>\n<\/span><span style=\"font-weight: 400;\"> Dans les environnements r\u00e9glement\u00e9s, il s'agit d'un \u00e9l\u00e9ment essentiel pour <\/span><b>agents de sablage<\/b><span style=\"font-weight: 400;\"> et <\/span><b>feux d'artifice<\/b><span style=\"font-weight: 400;\">en particulier lorsqu'ils sont m\u00e9lang\u00e9s \u00e0 des fiouls (par exemple, ANFO).<\/span>&nbsp;<\/li>\n<li style=\"font-weight: 400;\" aria-level=\"1\"><b>Recherche scientifique<\/b><span style=\"font-weight: 400;\">:<\/span><span style=\"font-weight: 400;\"><br \/>\n<\/span><span style=\"font-weight: 400;\"> Couramment utilis\u00e9 dans la synth\u00e8se chimique, les \u00e9tudes thermochimiques et les tests de laboratoire n\u00e9cessitant un <\/span><b>oxydant stable<\/b><span style=\"font-weight: 400;\">.<\/span>&nbsp;<\/li>\n<\/ol>\n<h3><b>S\u00e9lection et puret\u00e9 de la qualit\u00e9<\/b><\/h3>\n<p><span style=\"font-weight: 400;\">Le choix de la bonne qualit\u00e9 est essentiel :<\/span><\/p>\n<ul>\n<li style=\"font-weight: 400;\" aria-level=\"1\"><b>Utilisateurs agricoles<\/b><span style=\"font-weight: 400;\"> devraient opter pour des pilules stabilis\u00e9es \u00e0 faible teneur en poussi\u00e8res.<\/span>&nbsp;<\/li>\n<li style=\"font-weight: 400;\" aria-level=\"1\"><b>Laboratoires<\/b><span style=\"font-weight: 400;\"> exiger <\/span><b>poudre de haute puret\u00e9 et \u00e0 faible teneur en contaminants<\/b><span style=\"font-weight: 400;\">.<\/span>&nbsp;<\/li>\n<li style=\"font-weight: 400;\" aria-level=\"1\"><b>Utilisateurs industriels<\/b><span style=\"font-weight: 400;\"> n\u00e9cessitent des volumes en vrac et parfois des agents anti-agglom\u00e9rants.<\/span>&nbsp;<\/li>\n<\/ul>\n<p><b>Taille des mailles<\/b><span style=\"font-weight: 400;\"> et <\/span><b>uniformit\u00e9 des granul\u00e9s<\/b><span style=\"font-weight: 400;\"> affectent :<\/span><\/p>\n<ul>\n<li style=\"font-weight: 400;\" aria-level=\"1\"><span style=\"font-weight: 400;\">R\u00e9activit\u00e9 dans les formulations de laboratoire ou \u00e9nerg\u00e9tiques<\/span>&nbsp;<\/li>\n<li style=\"font-weight: 400;\" aria-level=\"1\"><span style=\"font-weight: 400;\">Facilit\u00e9 d'\u00e9pandage dans les applications de terrain<\/span>&nbsp;<\/li>\n<li style=\"font-weight: 400;\" aria-level=\"1\"><span style=\"font-weight: 400;\">Stabilit\u00e9 pendant le stockage et le transport<\/span>&nbsp;<\/li>\n<\/ul>\n<p><span style=\"font-weight: 400;\">Nous proposons une large s\u00e9lection, de la poudre de qualit\u00e9 laboratoire \u00e0 maille fine aux granul\u00e9s d'engrais en emballages de 1 kg, 5 kg et 25 kg.<\/span><\/p>\n<h3><b>O\u00f9 acheter du nitrate d'ammonium en ligne - en toute s\u00e9curit\u00e9 et l\u00e9galement<\/b><\/h3>\n<p><span style=\"font-weight: 400;\">Lors de la recherche de <\/span><b><a href=\"https:\/\/en.wikipedia.org\/wiki\/Ammonium_nitrate\">Nitrate d'ammonium<\/a> \u00e0 vendre<\/b><span style=\"font-weight: 400;\">Il est donc essentiel de travailler avec des fournisseurs qui respectent des normes strictes en mati\u00e8re de s\u00e9curit\u00e9 et de l\u00e9gislation.<\/span><\/p>\n<p><span style=\"font-weight: 400;\">\u2714 <\/span><b>Comment identifier un vendeur digne de confiance ?<\/b><span style=\"font-weight: 400;\">:<\/span><\/p>\n<ul>\n<li style=\"font-weight: 400;\" aria-level=\"1\"><span style=\"font-weight: 400;\">Fournit <\/span><b>COA (certificat d'analyse)<\/b><span style=\"font-weight: 400;\"> et <\/span><b>FDS (Fiche de donn\u00e9es de s\u00e9curit\u00e9)<\/b>&nbsp;<\/li>\n<li style=\"font-weight: 400;\" aria-level=\"1\"><span style=\"font-weight: 400;\">V\u00e9rifie les r\u00e9f\u00e9rences de l'acheteur avant l'exp\u00e9dition<\/span>&nbsp;<\/li>\n<li style=\"font-weight: 400;\" aria-level=\"1\"><span style=\"font-weight: 400;\">Livr\u00e9 avec un \u00e9tiquetage de danger appropri\u00e9 et un emballage conforme.<\/span>&nbsp;<\/li>\n<li style=\"font-weight: 400;\" aria-level=\"1\"><span style=\"font-weight: 400;\">Offre un service \u00e0 la client\u00e8le pour les questions d'utilisation et de traitement<\/span>&nbsp;<\/li>\n<\/ul>\n<p><span style=\"font-weight: 400;\">En tant que fournisseur de confiance, nous veillons \u00e0 ce que chaque commande soit conforme aux normes nationales et internationales, avec une documentation transparente et en mettant l'accent sur la s\u00e9curit\u00e9.<\/span><\/p>\n<h3><b>Conclusion - Approvisionnement responsable, livraison fiable<\/b><\/h3>\n<p><span style=\"font-weight: 400;\">L'approvisionnement en nitrate d'ammonium ne doit pas \u00eatre complexe, mais il doit \u00eatre responsable. Nous sommes le <\/span><b>Meilleur endroit pour acheter du nitrate d'ammonium en ligne<\/b><span style=\"font-weight: 400;\"> pour les professionnels qui attachent de l'importance \u00e0 la puret\u00e9, \u00e0 la s\u00e9curit\u00e9 et \u00e0 la fiabilit\u00e9.<\/span><\/p>\n<p><span style=\"font-weight: 400;\">Avec un paiement s\u00e9curis\u00e9, une livraison rapide et une assistance experte, nous vous facilitons la t\u00e2che :<\/span><\/p>\n<ul>\n<li style=\"font-weight: 400;\" aria-level=\"1\"><b>Commander du nitrate d'ammonium en ligne<\/b><span style=\"font-weight: 400;\"> pour l'agriculture, les laboratoires ou l'industrie<\/span>&nbsp;<\/li>\n<li style=\"font-weight: 400;\" aria-level=\"1\"><span style=\"font-weight: 400;\">Obtenir une documentation compl\u00e8te avec chaque envoi<\/span>&nbsp;<\/li>\n<li style=\"font-weight: 400;\" aria-level=\"1\"><span style=\"font-weight: 400;\">Acc\u00e8s <\/span><b>des prix comp\u00e9titifs<\/b><span style=\"font-weight: 400;\"> et <\/span><b>remises en vrac<\/b>&nbsp;<\/li>\n<\/ul>\n<p><b>Acheter aujourd'hui<\/b><span style=\"font-weight: 400;\"> et faites l'exp\u00e9rience d'un approvisionnement en produits chimiques bien fait - s\u00fbr, certifi\u00e9 et transparent.<\/span><\/p>","protected":false},"excerpt":{"rendered":"<p><strong>Nitrate d'ammonium<\/strong> est un compos\u00e9 inorganique dont la formule chimique est la suivante <span class=\"katex\"><span class=\"katex-mathml\">NH4NO3\\text{NH}_4\\text{NO}_3<\/span><span class=\"katex-html\" aria-hidden=\"true\"><span class=\"base\"><span class=\"mord\"><span class=\"mord text\">NH<\/span><span class=\"msupsub\"><span class=\"vlist-t vlist-t2\"><span class=\"vlist-r\"><span class=\"vlist\"><span class=\"sizing reset-size6 size3 mtight\"><span class=\"mord mtight\">4<\/span><\/span><\/span><span class=\"vlist-s\">\u200b<\/span><\/span><\/span><\/span><\/span><span class=\"mord\"><span class=\"mord text\">NON<\/span><span class=\"msupsub\"><span class=\"vlist-t vlist-t2\"><span class=\"vlist-r\"><span class=\"vlist\"><span class=\"sizing reset-size6 size3 mtight\"><span class=\"mord mtight\">3<\/span><\/span><\/span><span class=\"vlist-s\">\u200b<\/span><\/span><\/span><\/span><\/span><\/span><\/span><\/span>. Il se pr\u00e9sente sous la forme d'un solide cristallin blanc et est tr\u00e8s soluble dans l'eau. Connu principalement pour son r\u00f4le d'engrais, le nitrate d'ammonium est \u00e9galement utilis\u00e9 dans diverses applications industrielles.<\/p>\n<ul>\n<li><strong>Formule chimique<\/strong>: <span class=\"katex\"><span class=\"katex-mathml\">NH4NO3\\text{NH}_4\\text{NO}_3<\/span><span class=\"katex-html\" aria-hidden=\"true\"><span class=\"base\"><span class=\"mord\"><span class=\"mord text\">NH<\/span><span class=\"msupsub\"><span class=\"vlist-t vlist-t2\"><span class=\"vlist-r\"><span class=\"vlist\"><span class=\"sizing reset-size6 size3 mtight\"><span class=\"mord mtight\">4<\/span><\/span><\/span><span class=\"vlist-s\">\u200b<\/span><\/span><\/span><\/span><\/span><span class=\"mord\"><span class=\"mord text\">NON<\/span><span class=\"msupsub\"><span class=\"vlist-t vlist-t2\"><span class=\"vlist-r\"><span class=\"vlist\"><span class=\"sizing reset-size6 size3 mtight\"><span class=\"mord mtight\">3<\/span><\/span><\/span><span class=\"vlist-s\">\u200b<\/span><\/span><\/span><\/span><\/span><\/span><\/span><\/span><\/li>\n<li><strong>Apparence<\/strong>: Solide cristallin blanc<\/li>\n<li><strong>Poids mol\u00e9culaire<\/strong>: 80,04 g\/mol<\/li>\n<li><strong>Point de fusion<\/strong>: 169,6 \u00b0C (337,3 \u00b0F)<\/li>\n<li><strong>Solubilit\u00e9<\/strong>: Tr\u00e8s soluble dans l'eau<\/li>\n<\/ul>","protected":false},"featured_media":1322,"comment_status":"open","ping_status":"closed","template":"","meta":{"_kadence_starter_templates_imported_post":false,"_kad_post_transparent":"default","_kad_post_title":"","_kad_post_layout":"default","_kad_post_sidebar_id":"","_kad_post_content_style":"default","_kad_post_vertical_padding":"default","_kad_post_feature":"","_kad_post_feature_position":"","_kad_post_header":false,"_kad_post_footer":false,"_joinchat":[]},"product_brand":[],"product_cat":[82],"product_tag":[770,769,777,767,766,772,761,768,765,775,774,759,763,760,773,764,762,776,771],"class_list":{"0":"post-1076","1":"product","2":"type-product","3":"status-publish","4":"has-post-thumbnail","6":"product_cat-explosives-and-pyrotechnics","7":"product_tag-ammonium-nitrate-distributor","8":"product_tag-ammonium-nitrate-for-agriculture","9":"product_tag-ammonium-nitrate-for-chemical-manufacturing","10":"product_tag-ammonium-nitrate-for-explosives","11":"product_tag-ammonium-nitrate-for-fertilizer-production","12":"product_tag-ammonium-nitrate-for-industrial-applications","13":"product_tag-ammonium-nitrate-for-sale","14":"product_tag-ammonium-nitrate-in-mining-industry","15":"product_tag-ammonium-nitrate-price-and-availability","16":"product_tag-ammonium-nitrate-procurement","17":"product_tag-ammonium-nitrate-safety-and-compliance","18":"product_tag-ammonium-nitrate-supplier","19":"product_tag-bulk-ammonium-nitrate-supplier","20":"product_tag-buy-ammonium-nitrate","21":"product_tag-commercial-ammonium-nitrate-supply","22":"product_tag-high-purity-ammonium-nitrate","23":"product_tag-industrial-ammonium-nitrate-supply","24":"product_tag-reliable-ammonium-nitrate-supplier","25":"product_tag-where-to-buy-ammonium-nitrate","27":"first","28":"instock","29":"shipping-taxable","30":"product-type-simple","31":"entry","32":"content-bg","33":"loop-entry"},"yoast_head":"<!-- This site is optimized with the Yoast SEO plugin v25.6 - https:\/\/yoast.com\/wordpress\/plugins\/seo\/ -->\n<title>Buy Ammonium Nitrate Online - Ammonium Nitrate for Sale<\/title>\n<meta name=\"description\" content=\"Discover top-notch ammonium nitrate for sale at our online store - buy ammonium nitrate conveniently and securely to fuel your research. Explore and buy ammonium nitrate online, advancing your scientific endeavors with ease. Order Now!\" \/>\n<meta name=\"robots\" content=\"index, follow, max-snippet:-1, max-image-preview:large, max-video-preview:-1\" \/>\n<link rel=\"canonical\" href=\"https:\/\/subszone.com\/fr\/product\/nitrate-dammonium\/\" \/>\n<meta property=\"og:locale\" content=\"fr_FR\" \/>\n<meta property=\"og:type\" content=\"article\" \/>\n<meta property=\"og:title\" content=\"Buy Ammonium Nitrate Online - Ammonium Nitrate for Sale\" \/>\n<meta property=\"og:description\" content=\"Discover top-notch ammonium nitrate for sale at our online store - buy ammonium nitrate conveniently and securely to fuel your research. Explore and buy ammonium nitrate online, advancing your scientific endeavors with ease. Order Now!\" \/>\n<meta property=\"og:url\" content=\"https:\/\/subszone.com\/fr\/product\/nitrate-dammonium\/\" \/>\n<meta property=\"og:site_name\" content=\"SubsZone\" \/>\n<meta property=\"article:modified_time\" content=\"2025-05-31T06:17:40+00:00\" \/>\n<meta property=\"og:image\" content=\"https:\/\/subszone.com\/wp-content\/uploads\/2024\/10\/Ammonium-Nitrate.webp\" \/>\n\t<meta property=\"og:image:width\" content=\"1024\" \/>\n\t<meta property=\"og:image:height\" content=\"1024\" \/>\n\t<meta property=\"og:image:type\" content=\"image\/webp\" \/>\n<meta name=\"twitter:card\" content=\"summary_large_image\" \/>\n<meta name=\"twitter:label1\" content=\"Dur\u00e9e de lecture estim\u00e9e\" \/>\n\t<meta name=\"twitter:data1\" content=\"3 minutes\" \/>\n<script type=\"application\/ld+json\" class=\"yoast-schema-graph\">{\"@context\":\"https:\/\/schema.org\",\"@graph\":[{\"@type\":\"WebPage\",\"@id\":\"https:\/\/subszone.com\/product\/ammonium-nitrate\/\",\"url\":\"https:\/\/subszone.com\/product\/ammonium-nitrate\/\",\"name\":\"Buy Ammonium Nitrate Online - Ammonium Nitrate for Sale\",\"isPartOf\":{\"@id\":\"https:\/\/subszone.com\/#website\"},\"primaryImageOfPage\":{\"@id\":\"https:\/\/subszone.com\/product\/ammonium-nitrate\/#primaryimage\"},\"image\":{\"@id\":\"https:\/\/subszone.com\/product\/ammonium-nitrate\/#primaryimage\"},\"thumbnailUrl\":\"https:\/\/subszone.com\/wp-content\/uploads\/2024\/10\/Ammonium-Nitrate.webp\",\"datePublished\":\"2024-10-23T10:00:02+00:00\",\"dateModified\":\"2025-05-31T06:17:40+00:00\",\"description\":\"Discover top-notch ammonium nitrate for sale at our online store - buy ammonium nitrate conveniently and securely to fuel your research. Explore and buy ammonium nitrate online, advancing your scientific endeavors with ease. Order Now!\",\"breadcrumb\":{\"@id\":\"https:\/\/subszone.com\/product\/ammonium-nitrate\/#breadcrumb\"},\"inLanguage\":\"fr-FR\",\"potentialAction\":[{\"@type\":\"ReadAction\",\"target\":[\"https:\/\/subszone.com\/product\/ammonium-nitrate\/\"]}]},{\"@type\":\"ImageObject\",\"inLanguage\":\"fr-FR\",\"@id\":\"https:\/\/subszone.com\/product\/ammonium-nitrate\/#primaryimage\",\"url\":\"https:\/\/subszone.com\/wp-content\/uploads\/2024\/10\/Ammonium-Nitrate.webp\",\"contentUrl\":\"https:\/\/subszone.com\/wp-content\/uploads\/2024\/10\/Ammonium-Nitrate.webp\",\"width\":1024,\"height\":1024,\"caption\":\"Buy Ammonium Nitrate Online\"},{\"@type\":\"BreadcrumbList\",\"@id\":\"https:\/\/subszone.com\/product\/ammonium-nitrate\/#breadcrumb\",\"itemListElement\":[{\"@type\":\"ListItem\",\"position\":1,\"name\":\"Home\",\"item\":\"https:\/\/subszone.com\/\"},{\"@type\":\"ListItem\",\"position\":2,\"name\":\"Shop\",\"item\":\"https:\/\/subszone.com\/shop\/\"},{\"@type\":\"ListItem\",\"position\":3,\"name\":\"Buy Ammonium Nitrate Online\"}]},{\"@type\":\"WebSite\",\"@id\":\"https:\/\/subszone.com\/#website\",\"url\":\"https:\/\/subszone.com\/\",\"name\":\"SubsZone\",\"description\":\"My WordPress Blog\",\"publisher\":{\"@id\":\"https:\/\/subszone.com\/#organization\"},\"potentialAction\":[{\"@type\":\"SearchAction\",\"target\":{\"@type\":\"EntryPoint\",\"urlTemplate\":\"https:\/\/subszone.com\/?s={search_term_string}\"},\"query-input\":{\"@type\":\"PropertyValueSpecification\",\"valueRequired\":true,\"valueName\":\"search_term_string\"}}],\"inLanguage\":\"fr-FR\"},{\"@type\":\"Organization\",\"@id\":\"https:\/\/subszone.com\/#organization\",\"name\":\"SubsZone\",\"url\":\"https:\/\/subszone.com\/\",\"logo\":{\"@type\":\"ImageObject\",\"inLanguage\":\"fr-FR\",\"@id\":\"https:\/\/subszone.com\/#\/schema\/logo\/image\/\",\"url\":\"https:\/\/subszone.com\/wp-content\/uploads\/2024\/10\/logo.png\",\"contentUrl\":\"https:\/\/subszone.com\/wp-content\/uploads\/2024\/10\/logo.png\",\"width\":193,\"height\":50,\"caption\":\"SubsZone\"},\"image\":{\"@id\":\"https:\/\/subszone.com\/#\/schema\/logo\/image\/\"}}]}<\/script>\n<!-- \/ Yoast SEO plugin. -->","yoast_head_json":{"title":"Acheter du nitrate d'ammonium en ligne - vente de nitrate d'ammonium","description":"D\u00e9couvrez le meilleur nitrate d'ammonium en vente dans notre magasin en ligne - achetez du nitrate d'ammonium de mani\u00e8re pratique et s\u00e9curis\u00e9e pour alimenter votre recherche. Explorez et achetez du nitrate d'ammonium en ligne, pour faire avancer vos projets scientifiques en toute simplicit\u00e9. Commandez d\u00e8s maintenant !","robots":{"index":"index","follow":"follow","max-snippet":"max-snippet:-1","max-image-preview":"max-image-preview:large","max-video-preview":"max-video-preview:-1"},"canonical":"https:\/\/subszone.com\/fr\/product\/nitrate-dammonium\/","og_locale":"fr_FR","og_type":"article","og_title":"Buy Ammonium Nitrate Online - Ammonium Nitrate for Sale","og_description":"Discover top-notch ammonium nitrate for sale at our online store - buy ammonium nitrate conveniently and securely to fuel your research. Explore and buy ammonium nitrate online, advancing your scientific endeavors with ease. Order Now!","og_url":"https:\/\/subszone.com\/fr\/product\/nitrate-dammonium\/","og_site_name":"SubsZone","article_modified_time":"2025-05-31T06:17:40+00:00","og_image":[{"width":1024,"height":1024,"url":"https:\/\/subszone.com\/wp-content\/uploads\/2024\/10\/Ammonium-Nitrate.webp","type":"image\/webp"}],"twitter_card":"summary_large_image","twitter_misc":{"Dur\u00e9e de lecture estim\u00e9e":"3 minutes"},"schema":{"@context":"https:\/\/schema.org","@graph":[{"@type":"WebPage","@id":"https:\/\/subszone.com\/product\/ammonium-nitrate\/","url":"https:\/\/subszone.com\/product\/ammonium-nitrate\/","name":"Acheter du nitrate d'ammonium en ligne - vente de nitrate d'ammonium","isPartOf":{"@id":"https:\/\/subszone.com\/#website"},"primaryImageOfPage":{"@id":"https:\/\/subszone.com\/product\/ammonium-nitrate\/#primaryimage"},"image":{"@id":"https:\/\/subszone.com\/product\/ammonium-nitrate\/#primaryimage"},"thumbnailUrl":"https:\/\/subszone.com\/wp-content\/uploads\/2024\/10\/Ammonium-Nitrate.webp","datePublished":"2024-10-23T10:00:02+00:00","dateModified":"2025-05-31T06:17:40+00:00","description":"D\u00e9couvrez le meilleur nitrate d'ammonium en vente dans notre magasin en ligne - achetez du nitrate d'ammonium de mani\u00e8re pratique et s\u00e9curis\u00e9e pour alimenter votre recherche. Explorez et achetez du nitrate d'ammonium en ligne, pour faire avancer vos projets scientifiques en toute simplicit\u00e9. Commandez d\u00e8s maintenant !","breadcrumb":{"@id":"https:\/\/subszone.com\/product\/ammonium-nitrate\/#breadcrumb"},"inLanguage":"fr-FR","potentialAction":[{"@type":"ReadAction","target":["https:\/\/subszone.com\/product\/ammonium-nitrate\/"]}]},{"@type":"ImageObject","inLanguage":"fr-FR","@id":"https:\/\/subszone.com\/product\/ammonium-nitrate\/#primaryimage","url":"https:\/\/subszone.com\/wp-content\/uploads\/2024\/10\/Ammonium-Nitrate.webp","contentUrl":"https:\/\/subszone.com\/wp-content\/uploads\/2024\/10\/Ammonium-Nitrate.webp","width":1024,"height":1024,"caption":"Buy Ammonium Nitrate Online"},{"@type":"BreadcrumbList","@id":"https:\/\/subszone.com\/product\/ammonium-nitrate\/#breadcrumb","itemListElement":[{"@type":"ListItem","position":1,"name":"Home","item":"https:\/\/subszone.com\/"},{"@type":"ListItem","position":2,"name":"Shop","item":"https:\/\/subszone.com\/shop\/"},{"@type":"ListItem","position":3,"name":"Buy Ammonium Nitrate Online"}]},{"@type":"WebSite","@id":"https:\/\/subszone.com\/#website","url":"https:\/\/subszone.com\/","name":"SubsZone","description":"Mon blog WordPress","publisher":{"@id":"https:\/\/subszone.com\/#organization"},"potentialAction":[{"@type":"SearchAction","target":{"@type":"EntryPoint","urlTemplate":"https:\/\/subszone.com\/?s={search_term_string}"},"query-input":{"@type":"PropertyValueSpecification","valueRequired":true,"valueName":"search_term_string"}}],"inLanguage":"fr-FR"},{"@type":"Organization","@id":"https:\/\/subszone.com\/#organization","name":"SubsZone","url":"https:\/\/subszone.com\/","logo":{"@type":"ImageObject","inLanguage":"fr-FR","@id":"https:\/\/subszone.com\/#\/schema\/logo\/image\/","url":"https:\/\/subszone.com\/wp-content\/uploads\/2024\/10\/logo.png","contentUrl":"https:\/\/subszone.com\/wp-content\/uploads\/2024\/10\/logo.png","width":193,"height":50,"caption":"SubsZone"},"image":{"@id":"https:\/\/subszone.com\/#\/schema\/logo\/image\/"}}]}},"_links":{"self":[{"href":"https:\/\/subszone.com\/fr\/wp-json\/wp\/v2\/product\/1076","targetHints":{"allow":["GET"]}}],"collection":[{"href":"https:\/\/subszone.com\/fr\/wp-json\/wp\/v2\/product"}],"about":[{"href":"https:\/\/subszone.com\/fr\/wp-json\/wp\/v2\/types\/product"}],"replies":[{"embeddable":true,"href":"https:\/\/subszone.com\/fr\/wp-json\/wp\/v2\/comments?post=1076"}],"wp:featuredmedia":[{"embeddable":true,"href":"https:\/\/subszone.com\/fr\/wp-json\/wp\/v2\/media\/1322"}],"wp:attachment":[{"href":"https:\/\/subszone.com\/fr\/wp-json\/wp\/v2\/media?parent=1076"}],"wp:term":[{"taxonomy":"product_brand","embeddable":true,"href":"https:\/\/subszone.com\/fr\/wp-json\/wp\/v2\/product_brand?post=1076"},{"taxonomy":"product_cat","embeddable":true,"href":"https:\/\/subszone.com\/fr\/wp-json\/wp\/v2\/product_cat?post=1076"},{"taxonomy":"product_tag","embeddable":true,"href":"https:\/\/subszone.com\/fr\/wp-json\/wp\/v2\/product_tag?post=1076"}],"curies":[{"name":"wp","href":"https:\/\/api.w.org\/{rel}","templated":true}]}}