{"id":1077,"date":"2024-10-23T10:12:16","date_gmt":"2024-10-23T10:12:16","guid":{"rendered":"https:\/\/subszone.com\/?post_type=product&#038;p=1077"},"modified":"2025-08-01T08:50:19","modified_gmt":"2025-08-01T08:50:19","slug":"perchlorate-dammonium","status":"publish","type":"product","link":"https:\/\/subszone.com\/fr\/product\/perchlorate-dammonium\/","title":{"rendered":"Acheter du perchlorate d'ammonium en ligne"},"content":{"rendered":"<h2><b>Acheter du perchlorate d'ammonium en ligne - Oxydant de haute puret\u00e9 pour l'a\u00e9rospatiale, la pyrotechnie et la recherche<\/b><\/h2>\n<p><span style=\"font-weight: 400;\">Envisager de <\/span><a href=\"https:\/\/subszone.com\/fr\/product\/perchlorate-dammonium\/\"><b>acheter Perchlorate d'ammonium en ligne<\/b><\/a><span style=\"font-weight: 400;\"> d'une source v\u00e9rifi\u00e9e ? Nous proposons <\/span><b>vente de perchlorate d'ammonium de qualit\u00e9 a\u00e9rospatiale et technique<\/b><span style=\"font-weight: 400;\"> aux acheteurs certifi\u00e9s qui recherchent des oxydants de haute performance pour les propergols solides, les compositions \u00e9nerg\u00e9tiques ou la recherche exp\u00e9rimentale. Gr\u00e2ce \u00e0 un emballage de qualit\u00e9 industrielle, \u00e0 une documentation claire et \u00e0 la conformit\u00e9 r\u00e9glementaire, nous sommes le meilleur fournisseur d'oxydants de haute performance. <\/span><b>Meilleur endroit pour acheter du perchlorate d'ammonium<\/b><span style=\"font-weight: 400;\">-sur la base de la qualit\u00e9, de la s\u00e9curit\u00e9 et du service.<\/span><\/p>\n<h3><b>Qu'est-ce que le perchlorate d'ammonium ?<\/b><\/h3>\n<ul>\n<li style=\"font-weight: 400;\" aria-level=\"1\"><b>Formule chimique<\/b><span style=\"font-weight: 400;\">: NH\u2084ClO\u2084<\/span><\/li>\n<li style=\"font-weight: 400;\" aria-level=\"1\"><b>Apparence<\/b><span style=\"font-weight: 400;\">: Poudre cristalline blanche ou granul\u00e9s fins<\/span><\/li>\n<li style=\"font-weight: 400;\" aria-level=\"1\"><b>Propri\u00e9t\u00e9s<\/b><span style=\"font-weight: 400;\">: Oxydant tr\u00e8s r\u00e9actif, soluble dans l'eau, stable dans des conditions contr\u00f4l\u00e9es.<\/span><\/li>\n<\/ul>\n<p><span style=\"font-weight: 400;\">Le perchlorate d'ammonium est un <\/span><b>puissant agent oxydant<\/b><span style=\"font-weight: 400;\"> largement utilis\u00e9 dans les secteurs de l'a\u00e9rospatiale et de la d\u00e9fense. Il se d\u00e9compose rapidement \u00e0 haute temp\u00e9rature, lib\u00e9rant de l'oxyg\u00e8ne qui alimente la combustion, ce qui en fait un combustible de choix. <\/span><b>ingr\u00e9dient essentiel des propergols composites \u00e0 propergol solide<\/b><span style=\"font-weight: 400;\"> et les mat\u00e9riaux \u00e0 haute \u00e9nergie.<\/span><\/p>\n<h3><b>Grades et sp\u00e9cifications disponibles<\/b><\/h3>\n<p><span style=\"font-weight: 400;\">Nous proposons diff\u00e9rentes options de puret\u00e9 et de taille de particules adapt\u00e9es \u00e0 votre application :<\/span><\/p>\n<ul>\n<li style=\"font-weight: 400;\" aria-level=\"1\"><b>Grade technique<\/b><span style=\"font-weight: 400;\"> - Id\u00e9al pour une utilisation contr\u00f4l\u00e9e en laboratoire et des essais de formulation<\/span><\/li>\n<li style=\"font-weight: 400;\" aria-level=\"1\"><b>Qualit\u00e9 a\u00e9rospatiale de haute puret\u00e9<\/b><span style=\"font-weight: 400;\"> - R\u00e9pond \u00e0 des normes strictes de performance et de puret\u00e9 (\u226599%)<\/span><\/li>\n<li style=\"font-weight: 400;\" aria-level=\"1\"><b>Taille des particules<\/b><span style=\"font-weight: 400;\">:<\/span>\n<ul>\n<li style=\"font-weight: 400;\" aria-level=\"2\"><i><span style=\"font-weight: 400;\">Broy\u00e9 \/ moulu<\/span><\/i><span style=\"font-weight: 400;\">: Tr\u00e8s bien pour les taux de combustion rapides<\/span><\/li>\n<li style=\"font-weight: 400;\" aria-level=\"2\"><i><span style=\"font-weight: 400;\">Ultra-fin<\/span><\/i><span style=\"font-weight: 400;\">: R\u00e9activit\u00e9 et dispersion accrues<\/span><\/li>\n<\/ul>\n<\/li>\n<li style=\"font-weight: 400;\" aria-level=\"1\"><b>Options du formulaire<\/b><span style=\"font-weight: 400;\">: Stabilis\u00e9 ou non, en fonction des besoins de votre processus.<\/span><\/li>\n<\/ul>\n<p><span style=\"font-weight: 400;\">Chaque lot est accompagn\u00e9 d'un <\/span><b>Certificat d'analyse (COA)<\/b><span style=\"font-weight: 400;\"> et <\/span><b>Fiche de donn\u00e9es de s\u00e9curit\u00e9 (FDS)<\/b><span style=\"font-weight: 400;\"> pour une transparence et une tra\u00e7abilit\u00e9 totales.<\/span><\/p>\n<h3><b>Applications<\/b><\/h3>\n<p><span style=\"font-weight: 400;\"><a href=\"https:\/\/en.wikipedia.org\/wiki\/Ammonium_perchlorate\">Perchlorate d'ammonium<\/a> est essentiel pour les syst\u00e8mes de combustion de haute \u00e9nergie et de pr\u00e9cision :<\/span><\/p>\n<ul>\n<li style=\"font-weight: 400;\" aria-level=\"1\"><b>Propulsion a\u00e9rospatiale<\/b><span style=\"font-weight: 400;\">:<\/span><span style=\"font-weight: 400;\"><br \/>\n<\/span><span style=\"font-weight: 400;\"> Utilis\u00e9 dans les moteurs \u00e0 propergol solide pour les missiles militaires, les lanceurs spatiaux et les plates-formes de recherche \u00e0 haute altitude.<\/span><\/li>\n<li style=\"font-weight: 400;\" aria-level=\"1\"><b>Pyrotechnie et d\u00e9fense<\/b><span style=\"font-weight: 400;\">:<\/span><span style=\"font-weight: 400;\"><br \/>\n<\/span><span style=\"font-weight: 400;\"> Oxydant cl\u00e9 dans les dispositifs pyrotechniques avanc\u00e9s, les fus\u00e9es \u00e9clairantes et les charges explosives.<\/span><\/li>\n<li style=\"font-weight: 400;\" aria-level=\"1\"><b>Recherche et d\u00e9veloppement<\/b><span style=\"font-weight: 400;\">:<\/span><span style=\"font-weight: 400;\"><br \/>\n<\/span><span style=\"font-weight: 400;\"> Courant dans les laboratoires universitaires et les installations priv\u00e9es qui \u00e9tudient la dynamique de la combustion, l'\u00e9nerg\u00e9tique et les syst\u00e8mes de propulsion.<\/span><\/li>\n<\/ul>\n<h3><b>\u00c9ligibilit\u00e9 de l'acheteur et cadre juridique<\/b><\/h3>\n<p><span style=\"font-weight: 400;\">En raison de son double usage, le perchlorate d'ammonium est un produit \u00e0 double usage. <\/span><b>substance r\u00e9glement\u00e9e<\/b><span style=\"font-weight: 400;\"> dans de nombreux pays. L'achat et l'utilisation sont r\u00e9serv\u00e9s aux personnes et organisations autoris\u00e9es.<\/span><\/p>\n<ul>\n<li style=\"font-weight: 400;\" aria-level=\"1\"><b>Acheteurs am\u00e9ricains<\/b><span style=\"font-weight: 400;\">: Doit \u00eatre conforme \u00e0 <\/span><b>ATF, DOT<\/b><span style=\"font-weight: 400;\">et potentiellement <\/span><b>ITAR (International Traffic in Arms Regulations)<\/b><\/li>\n<li style=\"font-weight: 400;\" aria-level=\"1\"><b>Acheteurs internationaux<\/b><span style=\"font-weight: 400;\">: Soumis \u00e0 des contr\u00f4les locaux \u00e0 l'exportation\/importation et \u00e0 des d\u00e9clarations d'utilisation finale.<\/span><\/li>\n<li style=\"font-weight: 400;\" aria-level=\"1\"><b>Exig\u00e9e<\/b><span style=\"font-weight: 400;\">: Licence, v\u00e9rification de l'entreprise et documentation sur l'utilisation pr\u00e9vue avant l'ex\u00e9cution de la commande<\/span><\/li>\n<\/ul>\n<p><b>Note<\/b><span style=\"font-weight: 400;\">: Nous ne livrons pas \u00e0 des particuliers ou \u00e0 des entit\u00e9s non v\u00e9rifi\u00e9es. Les commandes sont soumises \u00e0 un contr\u00f4le de conformit\u00e9.<\/span><\/p>\n<h3><b>Exigences en mati\u00e8re de stockage et de manipulation<\/b><\/h3>\n<p><span style=\"font-weight: 400;\">Le perchlorate d'ammonium est class\u00e9 comme un <\/span><b>risque d'explosion (UN1442)<\/b><span style=\"font-weight: 400;\"> et doivent \u00eatre manipul\u00e9s de mani\u00e8re responsable :<\/span><\/p>\n<ul>\n<li style=\"font-weight: 400;\" aria-level=\"1\"><b>Exigences en mati\u00e8re d'EPI<\/b><span style=\"font-weight: 400;\">: Utiliser des gants, des lunettes et des masques anti-poussi\u00e8re dans des environnements ventil\u00e9s.<\/span><\/li>\n<li style=\"font-weight: 400;\" aria-level=\"1\"><b>Stockage<\/b><span style=\"font-weight: 400;\">: Conserver dans un endroit frais, sec et inerte, \u00e0 l'\u00e9cart des sources de combustible ou des mat\u00e9riaux inflammables.<\/span><\/li>\n<li style=\"font-weight: 400;\" aria-level=\"1\"><b>Conseils de manipulation<\/b><span style=\"font-weight: 400;\">: Minimiser les frottements et la contamination ; toujours suivre les directives de la FDS<\/span><\/li>\n<\/ul>\n<h3><b>Comment trouver un fournisseur en ligne de confiance<\/b><\/h3>\n<p><span style=\"font-weight: 400;\">Lors de la recherche de <\/span><b>Perchlorate d'ammonium \u00e0 vendre<\/b><span style=\"font-weight: 400;\">Les fournisseurs qui offrent des services de conseil et d'assistance \u00e0 la client\u00e8le, \u00e9vitent les listes vagues et les plates-formes suspectes. Choisissez des fournisseurs qui offrent :<\/span><\/p>\n<ul>\n<li style=\"font-weight: 400;\" aria-level=\"1\"><b>ACO et FDS<\/b><span style=\"font-weight: 400;\"> inclus dans chaque envoi<\/span><\/li>\n<li style=\"font-weight: 400;\" aria-level=\"1\"><span style=\"font-weight: 400;\">Des sp\u00e9cifications et un \u00e9tiquetage transparents des produits<\/span><\/li>\n<li style=\"font-weight: 400;\" aria-level=\"1\"><span style=\"font-weight: 400;\">V\u00e9rification de l'\u00e9ligibilit\u00e9 des clients et soutien \u00e0 la conformit\u00e9<\/span><\/li>\n<li style=\"font-weight: 400;\" aria-level=\"1\"><span style=\"font-weight: 400;\">Exp\u00e9dition et suivi corrects des mati\u00e8res dangereuses<\/span><\/li>\n<\/ul>\n<p><span style=\"font-weight: 400;\">Nous r\u00e9pondons \u00e0 toutes ces normes, ce qui vous permet de <\/span><b>commander du perchlorate d'ammonium en ligne<\/b><span style=\"font-weight: 400;\"> en toute confiance et tranquillit\u00e9 d'esprit.<\/span><\/p>\n<h3><b>Conclusion - Un approvisionnement s\u00fbr, v\u00e9rifi\u00e9 et conforme<\/b><\/h3>\n<p><span style=\"font-weight: 400;\">Le perchlorate d'ammonium est un mat\u00e9riau puissant aux utilisations tr\u00e8s sp\u00e9cialis\u00e9es. Si vous \u00eates \u00e0 la recherche de <\/span><b>oxydant de haute puret\u00e9 aux performances v\u00e9rifi\u00e9es<\/b><span style=\"font-weight: 400;\">Nous sommes le <\/span><b>Meilleur endroit pour acheter du perchlorate d'ammonium en ligne<\/b><span style=\"font-weight: 400;\">-Les laboratoires a\u00e9rospatiaux, les entreprises de d\u00e9fense et les installations de recherche et de d\u00e9veloppement lui font confiance.<\/span><\/p>\n<ul>\n<li style=\"font-weight: 400;\" aria-level=\"1\"><b>Des prix comp\u00e9titifs<\/b><span style=\"font-weight: 400;\"> sur les qualit\u00e9s techniques et a\u00e9rospatiales<\/span><\/li>\n<li style=\"font-weight: 400;\" aria-level=\"1\"><b>Exp\u00e9dition s\u00e9curis\u00e9e et conforme<\/b><span style=\"font-weight: 400;\"> dans le monde entier (lorsque la loi le permet)<\/span><\/li>\n<li style=\"font-weight: 400;\" aria-level=\"1\"><span style=\"font-weight: 400;\">Complet <\/span><b>la documentation<\/b><span style=\"font-weight: 400;\"> inclus dans chaque commande<\/span><\/li>\n<\/ul>\n<p><b>Soumettez vos r\u00e9f\u00e9rences et demandez un devis d\u00e8s aujourd'hui.<\/b><span style=\"font-weight: 400;\"> Assurez-vous que votre prochaine mission, exp\u00e9rience ou projet est aliment\u00e9 par une qualit\u00e9 \u00e0 laquelle vous pouvez faire confiance.<\/span><\/p>","protected":false},"excerpt":{"rendered":"<p><strong>Perchlorate d'ammonium<\/strong> est un compos\u00e9 inorganique dont la formule chimique est la suivante <span class=\"katex\"><span class=\"katex-mathml\">NH4ClO4\\text{NH}_4\\text{ClO}_4<\/span><span class=\"katex-html\" aria-hidden=\"true\"><span class=\"base\"><span class=\"mord\"><span class=\"mord text\">NH<\/span><span class=\"msupsub\"><span class=\"vlist-t vlist-t2\"><span class=\"vlist-r\"><span class=\"vlist\"><span class=\"sizing reset-size6 size3 mtight\"><span class=\"mord mtight\">4<\/span><\/span><\/span><span class=\"vlist-s\">\u200b<\/span><\/span><\/span><\/span><\/span><span class=\"mord\"><span class=\"mord text\">ClO<\/span><span class=\"msupsub\"><span class=\"vlist-t vlist-t2\"><span class=\"vlist-r\"><span class=\"vlist\"><span class=\"sizing reset-size6 size3 mtight\"><span class=\"mord mtight\">4<\/span><\/span><\/span><span class=\"vlist-s\">\u200b<\/span><\/span><\/span><\/span><\/span><\/span><\/span><\/span>. Il se pr\u00e9sente sous la forme d'un solide cristallin blanc et est principalement connu pour son r\u00f4le d'oxydant dans les propulseurs de fus\u00e9es et les explosifs.<\/p>\n<ul>\n<li><strong>Formule chimique<\/strong>: <span class=\"katex\"><span class=\"katex-mathml\">NH4ClO4\\text{NH}_4\\text{ClO}_4<\/span><span class=\"katex-html\" aria-hidden=\"true\"><span class=\"base\"><span class=\"mord\"><span class=\"mord text\">NH<\/span><span class=\"msupsub\"><span class=\"vlist-t vlist-t2\"><span class=\"vlist-r\"><span class=\"vlist\"><span class=\"sizing reset-size6 size3 mtight\"><span class=\"mord mtight\">4<\/span><\/span><\/span><span class=\"vlist-s\">\u200b<\/span><\/span><\/span><\/span><\/span><span class=\"mord\"><span class=\"mord text\">ClO<\/span><span class=\"msupsub\"><span class=\"vlist-t vlist-t2\"><span class=\"vlist-r\"><span class=\"vlist\"><span class=\"sizing reset-size6 size3 mtight\"><span class=\"mord mtight\">4<\/span><\/span><\/span><span class=\"vlist-s\">\u200b<\/span><\/span><\/span><\/span><\/span><\/span><\/span><\/span><\/li>\n<li><strong>Apparence<\/strong>: Poudre cristalline blanche<\/li>\n<li><strong>Poids mol\u00e9culaire<\/strong>: 117,49 g\/mol<\/li>\n<li><strong>Point de fusion<\/strong>: Environ 170 \u00b0C (338 \u00b0F)<\/li>\n<li><strong>Solubilit\u00e9<\/strong>: Soluble dans l'eau et dans d'autres solvants polaires<\/li>\n<\/ul>\n<dl class=\"jss4891\"><\/dl>","protected":false},"featured_media":1323,"comment_status":"open","ping_status":"closed","template":"","meta":{"_kadence_starter_templates_imported_post":false,"_kad_post_transparent":"default","_kad_post_title":"","_kad_post_layout":"default","_kad_post_sidebar_id":"","_kad_post_content_style":"default","_kad_post_vertical_padding":"default","_kad_post_feature":"","_kad_post_feature_position":"","_kad_post_header":false,"_kad_post_footer":false,"_joinchat":[]},"product_brand":[],"product_cat":[82],"product_tag":[790,789,792,787,785,780,786,788,784,796,794,778,782,779,793,783,781,795,791],"class_list":{"0":"post-1077","1":"product","2":"type-product","3":"status-publish","4":"has-post-thumbnail","6":"product_cat-explosives-and-pyrotechnics","7":"product_tag-ammonium-perchlorate-distributor","8":"product_tag-ammonium-perchlorate-for-defense-applications","9":"product_tag-ammonium-perchlorate-for-industrial-applications","10":"product_tag-ammonium-perchlorate-for-pyrotechnics","11":"product_tag-ammonium-perchlorate-for-rocket-propellants","12":"product_tag-ammonium-perchlorate-for-sale","13":"product_tag-ammonium-perchlorate-in-aerospace-industry","14":"product_tag-ammonium-perchlorate-oxidizer","15":"product_tag-ammonium-perchlorate-price-and-availability","16":"product_tag-ammonium-perchlorate-procurement","17":"product_tag-ammonium-perchlorate-safety-and-compliance","18":"product_tag-ammonium-perchlorate-supplier","19":"product_tag-bulk-ammonium-perchlorate-supplier","20":"product_tag-buy-ammonium-perchlorate","21":"product_tag-commercial-ammonium-perchlorate-supply","22":"product_tag-high-purity-ammonium-perchlorate","23":"product_tag-industrial-ammonium-perchlorate-supply","24":"product_tag-reliable-ammonium-perchlorate-supplier","25":"product_tag-where-to-buy-ammonium-perchlorate","27":"first","28":"instock","29":"shipping-taxable","30":"product-type-simple","31":"entry","32":"content-bg","33":"loop-entry"},"yoast_head":"<!-- This site is optimized with the Yoast SEO plugin v25.6 - https:\/\/yoast.com\/wordpress\/plugins\/seo\/ -->\n<title>Buy Ammonium Perchlorate - Ammonium Perchlorate for Sale<\/title>\n<meta name=\"description\" content=\"Looking to Buy ammonium perchlorate Online? Discover a seamless platform at our online store where you can ammonium perchlorate for sale, ensuring top-grade quality for your research needs.\" \/>\n<meta name=\"robots\" content=\"index, follow, max-snippet:-1, max-image-preview:large, max-video-preview:-1\" \/>\n<link rel=\"canonical\" href=\"https:\/\/subszone.com\/fr\/product\/perchlorate-dammonium\/\" \/>\n<meta property=\"og:locale\" content=\"fr_FR\" \/>\n<meta property=\"og:type\" content=\"article\" \/>\n<meta property=\"og:title\" content=\"Buy Ammonium Perchlorate - Ammonium Perchlorate for Sale\" \/>\n<meta property=\"og:description\" content=\"Looking to Buy ammonium perchlorate Online? Discover a seamless platform at our online store where you can ammonium perchlorate for sale, ensuring top-grade quality for your research needs.\" \/>\n<meta property=\"og:url\" content=\"https:\/\/subszone.com\/fr\/product\/perchlorate-dammonium\/\" \/>\n<meta property=\"og:site_name\" content=\"SubsZone\" \/>\n<meta property=\"article:modified_time\" content=\"2025-08-01T08:50:19+00:00\" \/>\n<meta property=\"og:image\" content=\"https:\/\/subszone.com\/wp-content\/uploads\/2024\/10\/Ammonium-Perchlorate.webp\" \/>\n\t<meta property=\"og:image:width\" content=\"1024\" \/>\n\t<meta property=\"og:image:height\" content=\"1024\" \/>\n\t<meta property=\"og:image:type\" content=\"image\/webp\" \/>\n<meta name=\"twitter:card\" content=\"summary_large_image\" \/>\n<meta name=\"twitter:label1\" content=\"Dur\u00e9e de lecture estim\u00e9e\" \/>\n\t<meta name=\"twitter:data1\" content=\"3 minutes\" \/>\n<script type=\"application\/ld+json\" class=\"yoast-schema-graph\">{\"@context\":\"https:\/\/schema.org\",\"@graph\":[{\"@type\":\"WebPage\",\"@id\":\"https:\/\/subszone.com\/product\/ammonium-perchlorate\/\",\"url\":\"https:\/\/subszone.com\/product\/ammonium-perchlorate\/\",\"name\":\"Buy Ammonium Perchlorate - Ammonium Perchlorate for Sale\",\"isPartOf\":{\"@id\":\"https:\/\/subszone.com\/#website\"},\"primaryImageOfPage\":{\"@id\":\"https:\/\/subszone.com\/product\/ammonium-perchlorate\/#primaryimage\"},\"image\":{\"@id\":\"https:\/\/subszone.com\/product\/ammonium-perchlorate\/#primaryimage\"},\"thumbnailUrl\":\"https:\/\/subszone.com\/wp-content\/uploads\/2024\/10\/Ammonium-Perchlorate.webp\",\"datePublished\":\"2024-10-23T10:12:16+00:00\",\"dateModified\":\"2025-08-01T08:50:19+00:00\",\"description\":\"Looking to Buy ammonium perchlorate Online? Discover a seamless platform at our online store where you can ammonium perchlorate for sale, ensuring top-grade quality for your research needs.\",\"breadcrumb\":{\"@id\":\"https:\/\/subszone.com\/product\/ammonium-perchlorate\/#breadcrumb\"},\"inLanguage\":\"fr-FR\",\"potentialAction\":[{\"@type\":\"ReadAction\",\"target\":[\"https:\/\/subszone.com\/product\/ammonium-perchlorate\/\"]}]},{\"@type\":\"ImageObject\",\"inLanguage\":\"fr-FR\",\"@id\":\"https:\/\/subszone.com\/product\/ammonium-perchlorate\/#primaryimage\",\"url\":\"https:\/\/subszone.com\/wp-content\/uploads\/2024\/10\/Ammonium-Perchlorate.webp\",\"contentUrl\":\"https:\/\/subszone.com\/wp-content\/uploads\/2024\/10\/Ammonium-Perchlorate.webp\",\"width\":1024,\"height\":1024,\"caption\":\"Buy Ammonium Perchlorate OnlinePerchlorate\"},{\"@type\":\"BreadcrumbList\",\"@id\":\"https:\/\/subszone.com\/product\/ammonium-perchlorate\/#breadcrumb\",\"itemListElement\":[{\"@type\":\"ListItem\",\"position\":1,\"name\":\"Home\",\"item\":\"https:\/\/subszone.com\/\"},{\"@type\":\"ListItem\",\"position\":2,\"name\":\"Shop\",\"item\":\"https:\/\/subszone.com\/shop\/\"},{\"@type\":\"ListItem\",\"position\":3,\"name\":\"Buy Ammonium Perchlorate Online\"}]},{\"@type\":\"WebSite\",\"@id\":\"https:\/\/subszone.com\/#website\",\"url\":\"https:\/\/subszone.com\/\",\"name\":\"SubsZone\",\"description\":\"My WordPress Blog\",\"publisher\":{\"@id\":\"https:\/\/subszone.com\/#organization\"},\"potentialAction\":[{\"@type\":\"SearchAction\",\"target\":{\"@type\":\"EntryPoint\",\"urlTemplate\":\"https:\/\/subszone.com\/?s={search_term_string}\"},\"query-input\":{\"@type\":\"PropertyValueSpecification\",\"valueRequired\":true,\"valueName\":\"search_term_string\"}}],\"inLanguage\":\"fr-FR\"},{\"@type\":\"Organization\",\"@id\":\"https:\/\/subszone.com\/#organization\",\"name\":\"SubsZone\",\"url\":\"https:\/\/subszone.com\/\",\"logo\":{\"@type\":\"ImageObject\",\"inLanguage\":\"fr-FR\",\"@id\":\"https:\/\/subszone.com\/#\/schema\/logo\/image\/\",\"url\":\"https:\/\/subszone.com\/wp-content\/uploads\/2024\/10\/logo.png\",\"contentUrl\":\"https:\/\/subszone.com\/wp-content\/uploads\/2024\/10\/logo.png\",\"width\":193,\"height\":50,\"caption\":\"SubsZone\"},\"image\":{\"@id\":\"https:\/\/subszone.com\/#\/schema\/logo\/image\/\"}}]}<\/script>\n<!-- \/ Yoast SEO plugin. -->","yoast_head_json":{"title":"Acheter du perchlorate d'ammonium - Perchlorate d'ammonium \u00e0 vendre","description":"Vous cherchez \u00e0 acheter perchlorate d'ammonium en ligne ? D\u00e9couvrez une plateforme transparente dans notre magasin en ligne o\u00f9 vous pouvez acheter du perchlorate d'ammonium, garantissant une qualit\u00e9 sup\u00e9rieure pour vos besoins de recherche.","robots":{"index":"index","follow":"follow","max-snippet":"max-snippet:-1","max-image-preview":"max-image-preview:large","max-video-preview":"max-video-preview:-1"},"canonical":"https:\/\/subszone.com\/fr\/product\/perchlorate-dammonium\/","og_locale":"fr_FR","og_type":"article","og_title":"Buy Ammonium Perchlorate - Ammonium Perchlorate for Sale","og_description":"Looking to Buy ammonium perchlorate Online? Discover a seamless platform at our online store where you can ammonium perchlorate for sale, ensuring top-grade quality for your research needs.","og_url":"https:\/\/subszone.com\/fr\/product\/perchlorate-dammonium\/","og_site_name":"SubsZone","article_modified_time":"2025-08-01T08:50:19+00:00","og_image":[{"width":1024,"height":1024,"url":"https:\/\/subszone.com\/wp-content\/uploads\/2024\/10\/Ammonium-Perchlorate.webp","type":"image\/webp"}],"twitter_card":"summary_large_image","twitter_misc":{"Dur\u00e9e de lecture estim\u00e9e":"3 minutes"},"schema":{"@context":"https:\/\/schema.org","@graph":[{"@type":"WebPage","@id":"https:\/\/subszone.com\/product\/ammonium-perchlorate\/","url":"https:\/\/subszone.com\/product\/ammonium-perchlorate\/","name":"Acheter du perchlorate d'ammonium - Perchlorate d'ammonium \u00e0 vendre","isPartOf":{"@id":"https:\/\/subszone.com\/#website"},"primaryImageOfPage":{"@id":"https:\/\/subszone.com\/product\/ammonium-perchlorate\/#primaryimage"},"image":{"@id":"https:\/\/subszone.com\/product\/ammonium-perchlorate\/#primaryimage"},"thumbnailUrl":"https:\/\/subszone.com\/wp-content\/uploads\/2024\/10\/Ammonium-Perchlorate.webp","datePublished":"2024-10-23T10:12:16+00:00","dateModified":"2025-08-01T08:50:19+00:00","description":"Vous cherchez \u00e0 acheter perchlorate d'ammonium en ligne ? D\u00e9couvrez une plateforme transparente dans notre magasin en ligne o\u00f9 vous pouvez acheter du perchlorate d'ammonium, garantissant une qualit\u00e9 sup\u00e9rieure pour vos besoins de recherche.","breadcrumb":{"@id":"https:\/\/subszone.com\/product\/ammonium-perchlorate\/#breadcrumb"},"inLanguage":"fr-FR","potentialAction":[{"@type":"ReadAction","target":["https:\/\/subszone.com\/product\/ammonium-perchlorate\/"]}]},{"@type":"ImageObject","inLanguage":"fr-FR","@id":"https:\/\/subszone.com\/product\/ammonium-perchlorate\/#primaryimage","url":"https:\/\/subszone.com\/wp-content\/uploads\/2024\/10\/Ammonium-Perchlorate.webp","contentUrl":"https:\/\/subszone.com\/wp-content\/uploads\/2024\/10\/Ammonium-Perchlorate.webp","width":1024,"height":1024,"caption":"Buy Ammonium Perchlorate OnlinePerchlorate"},{"@type":"BreadcrumbList","@id":"https:\/\/subszone.com\/product\/ammonium-perchlorate\/#breadcrumb","itemListElement":[{"@type":"ListItem","position":1,"name":"Home","item":"https:\/\/subszone.com\/"},{"@type":"ListItem","position":2,"name":"Shop","item":"https:\/\/subszone.com\/shop\/"},{"@type":"ListItem","position":3,"name":"Buy Ammonium Perchlorate Online"}]},{"@type":"WebSite","@id":"https:\/\/subszone.com\/#website","url":"https:\/\/subszone.com\/","name":"SubsZone","description":"Mon blog WordPress","publisher":{"@id":"https:\/\/subszone.com\/#organization"},"potentialAction":[{"@type":"SearchAction","target":{"@type":"EntryPoint","urlTemplate":"https:\/\/subszone.com\/?s={search_term_string}"},"query-input":{"@type":"PropertyValueSpecification","valueRequired":true,"valueName":"search_term_string"}}],"inLanguage":"fr-FR"},{"@type":"Organization","@id":"https:\/\/subszone.com\/#organization","name":"SubsZone","url":"https:\/\/subszone.com\/","logo":{"@type":"ImageObject","inLanguage":"fr-FR","@id":"https:\/\/subszone.com\/#\/schema\/logo\/image\/","url":"https:\/\/subszone.com\/wp-content\/uploads\/2024\/10\/logo.png","contentUrl":"https:\/\/subszone.com\/wp-content\/uploads\/2024\/10\/logo.png","width":193,"height":50,"caption":"SubsZone"},"image":{"@id":"https:\/\/subszone.com\/#\/schema\/logo\/image\/"}}]}},"_links":{"self":[{"href":"https:\/\/subszone.com\/fr\/wp-json\/wp\/v2\/product\/1077","targetHints":{"allow":["GET"]}}],"collection":[{"href":"https:\/\/subszone.com\/fr\/wp-json\/wp\/v2\/product"}],"about":[{"href":"https:\/\/subszone.com\/fr\/wp-json\/wp\/v2\/types\/product"}],"replies":[{"embeddable":true,"href":"https:\/\/subszone.com\/fr\/wp-json\/wp\/v2\/comments?post=1077"}],"wp:featuredmedia":[{"embeddable":true,"href":"https:\/\/subszone.com\/fr\/wp-json\/wp\/v2\/media\/1323"}],"wp:attachment":[{"href":"https:\/\/subszone.com\/fr\/wp-json\/wp\/v2\/media?parent=1077"}],"wp:term":[{"taxonomy":"product_brand","embeddable":true,"href":"https:\/\/subszone.com\/fr\/wp-json\/wp\/v2\/product_brand?post=1077"},{"taxonomy":"product_cat","embeddable":true,"href":"https:\/\/subszone.com\/fr\/wp-json\/wp\/v2\/product_cat?post=1077"},{"taxonomy":"product_tag","embeddable":true,"href":"https:\/\/subszone.com\/fr\/wp-json\/wp\/v2\/product_tag?post=1077"}],"curies":[{"name":"wp","href":"https:\/\/api.w.org\/{rel}","templated":true}]}}