{"id":1080,"date":"2024-10-23T10:08:14","date_gmt":"2024-10-23T10:08:14","guid":{"rendered":"https:\/\/subszone.com\/?post_type=product&#038;p=1080"},"modified":"2025-05-31T06:31:54","modified_gmt":"2025-05-31T06:31:54","slug":"benzaldehyde","status":"publish","type":"product","link":"https:\/\/subszone.com\/fr\/product\/benzaldehyde\/","title":{"rendered":"Acheter du benzald\u00e9hyde en ligne"},"content":{"rendered":"<h2><b>Acheter du benzald\u00e9hyde en ligne - Pur, fiable et abordable pour l'industrie et la recherche<\/b><\/h2>\n<p><span style=\"font-weight: 400;\">Vous cherchez \u00e0 <\/span><a href=\"https:\/\/subszone.com\/fr\/product\/benzaldehyde\/\"><b>acheter Benzaldehyde en ligne<\/b><\/a><span style=\"font-weight: 400;\"> d'une source fiable ? Que vous travailliez dans le domaine des produits pharmaceutiques, de la fabrication de parfums ou de la recherche chimique, il est essentiel de s'approvisionner en benzald\u00e9hyde de haute qualit\u00e9 pour obtenir des r\u00e9sultats optimaux. Notre Benzaldehyde de premi\u00e8re qualit\u00e9 est disponible en plusieurs qualit\u00e9s, avec une documentation compl\u00e8te, des prix comp\u00e9titifs et une livraison s\u00e9curis\u00e9e, ce qui fait de nous la r\u00e9f\u00e9rence en mati\u00e8re d'approvisionnement en Benzaldehyde. <\/span><b>Meilleur endroit pour acheter du Benzaldehyde<\/b><span style=\"font-weight: 400;\"> en ligne.<\/span><\/p>\n<p><b>Qu'est-ce que le benzald\u00e9hyde ?<\/b><\/p>\n<p><span style=\"font-weight: 400;\">Le benzald\u00e9hyde (C\u2087H\u2086O) est un ald\u00e9hyde aromatique caract\u00e9ris\u00e9 par son ar\u00f4me caract\u00e9ristique d'amande. Il est largement utilis\u00e9 dans :<\/span><\/p>\n<ul>\n<li style=\"font-weight: 400;\" aria-level=\"1\"><b>Parfums et ar\u00f4mes<\/b>&nbsp;<\/li>\n<li style=\"font-weight: 400;\" aria-level=\"1\"><b>Synth\u00e8se pharmaceutique<\/b>&nbsp;<\/li>\n<li style=\"font-weight: 400;\" aria-level=\"1\"><b>Interm\u00e9diaires chimiques<\/b>&nbsp;<\/li>\n<li style=\"font-weight: 400;\" aria-level=\"1\"><b>R\u00e9actifs de laboratoire<\/b>&nbsp;<\/li>\n<\/ul>\n<p><span style=\"font-weight: 400;\">Sa puret\u00e9 et sa qualit\u00e9 influent directement sur les performances du produit, d'o\u00f9 la n\u00e9cessit\u00e9 de choisir la bonne sp\u00e9cification pour votre application.<\/span><\/p>\n<p><b>Pourquoi acheter du benzald\u00e9hyde en ligne ?<\/b><\/p>\n<p><span style=\"font-weight: 400;\">L'achat de Benzaldehyde en ligne offre une commodit\u00e9 in\u00e9gal\u00e9e, notamment :<\/span><\/p>\n<ul>\n<li style=\"font-weight: 400;\" aria-level=\"1\"><span style=\"font-weight: 400;\">Acc\u00e8s facile \u00e0 diff\u00e9rents degr\u00e9s de puret\u00e9 adapt\u00e9s \u00e0 vos besoins<\/span>&nbsp;<\/li>\n<li style=\"font-weight: 400;\" aria-level=\"1\"><span style=\"font-weight: 400;\">Des prix comp\u00e9titifs avec des options pour les grandes et les petites quantit\u00e9s<\/span>&nbsp;<\/li>\n<li style=\"font-weight: 400;\" aria-level=\"1\"><span style=\"font-weight: 400;\">Livraison directe \u00e0 domicile ou en \u00e9tablissement, ce qui permet d'\u00e9conomiser du temps et des efforts<\/span>&nbsp;<\/li>\n<\/ul>\n<p><span style=\"font-weight: 400;\">Les places de march\u00e9 en ligne et les fournisseurs certifi\u00e9s vous permettent de comparer la qualit\u00e9 et les prix en toute transparence.<\/span><\/p>\n<h3><b>Choisir la bonne qualit\u00e9 de benzald\u00e9hyde<\/b><\/h3>\n<p><span style=\"font-weight: 400;\">Nous proposons Benzaldehyde in :<\/span><\/p>\n<ul>\n<li style=\"font-weight: 400;\" aria-level=\"1\"><b>Grade technique<\/b><span style=\"font-weight: 400;\"> pour l'utilisation g\u00e9n\u00e9rale de produits chimiques<\/span>&nbsp;<\/li>\n<li style=\"font-weight: 400;\" aria-level=\"1\"><b>Qualit\u00e9 pharmaceutique<\/b><span style=\"font-weight: 400;\"> r\u00e9pondant \u00e0 des normes de puret\u00e9 rigoureuses<\/span>&nbsp;<\/li>\n<li style=\"font-weight: 400;\" aria-level=\"1\"><b>Grade de haute puret\u00e9<\/b><span style=\"font-weight: 400;\"> pour les applications analytiques ou de synth\u00e8se sensibles<\/span>&nbsp;<\/li>\n<\/ul>\n<p><span style=\"font-weight: 400;\">Le choix de la qualit\u00e9 appropri\u00e9e garantit la compatibilit\u00e9 et des r\u00e9sultats optimaux dans vos processus.<\/span><\/p>\n<h3><b>Comment trouver des fournisseurs fiables en ligne<\/b><\/h3>\n<p><span style=\"font-weight: 400;\">Lors de la commande <a href=\"https:\/\/en.wikipedia.org\/wiki\/Benzaldehyde\">Benzald\u00e9hyde<\/a> en ligne, pensez-y :<\/span><\/p>\n<ul>\n<li style=\"font-weight: 400;\" aria-level=\"1\"><span style=\"font-weight: 400;\">V\u00e9rifi\u00e9 <\/span><b>certifications<\/b><span style=\"font-weight: 400;\"> comme la conformit\u00e9 aux normes ISO et BPF<\/span>&nbsp;<\/li>\n<li style=\"font-weight: 400;\" aria-level=\"1\"><span style=\"font-weight: 400;\">Des d\u00e9tails transparents sur les produits, notamment <\/span><b>Certificat d'analyse (COA)<\/b><span style=\"font-weight: 400;\"> et les fiches de donn\u00e9es de s\u00e9curit\u00e9 (FDS)<\/span>&nbsp;<\/li>\n<li style=\"font-weight: 400;\" aria-level=\"1\"><span style=\"font-weight: 400;\">Positif <\/span><b>avis des clients<\/b><span style=\"font-weight: 400;\"> et un soutien r\u00e9actif<\/span>&nbsp;<\/li>\n<li style=\"font-weight: 400;\" aria-level=\"1\"><span style=\"font-weight: 400;\">Clair <\/span><b>politiques de retour<\/b><span style=\"font-weight: 400;\"> et des commandes en toute simplicit\u00e9<\/span>&nbsp;<\/li>\n<\/ul>\n<p><span style=\"font-weight: 400;\">Le choix de vendeurs dignes de confiance garantit l'authenticit\u00e9 et la s\u00e9curit\u00e9 des produits.<\/span><\/p>\n<h3><b>Commande et livraison<\/b><\/h3>\n<p><span style=\"font-weight: 400;\">Notre processus de commande est simplifi\u00e9 pour vous faciliter la t\u00e2che :<\/span><\/p>\n<ul>\n<li style=\"font-weight: 400;\" aria-level=\"1\"><span style=\"font-weight: 400;\">Achat en ligne simple avec des m\u00e9thodes de paiement s\u00e9curis\u00e9es<\/span>&nbsp;<\/li>\n<li style=\"font-weight: 400;\" aria-level=\"1\"><span style=\"font-weight: 400;\">N\u00e9cessaire <\/span><b>documentation et licences<\/b><span style=\"font-weight: 400;\"> pour les acheteurs r\u00e9glement\u00e9s<\/span>&nbsp;<\/li>\n<li style=\"font-weight: 400;\" aria-level=\"1\"><span style=\"font-weight: 400;\">Exp\u00e9dition fiable et conforme avec options de suivi<\/span>&nbsp;<\/li>\n<\/ul>\n<p><span style=\"font-weight: 400;\">Attendez-vous \u00e0 une livraison rapide et s\u00fbre \u00e0 votre porte ou dans vos locaux.<\/span><\/p>\n<h3><b>Stockage et manipulation en toute s\u00e9curit\u00e9<\/b><\/h3>\n<p><span style=\"font-weight: 400;\">Le benzald\u00e9hyde doit \u00eatre stock\u00e9 :<\/span><\/p>\n<ul>\n<li style=\"font-weight: 400;\" aria-level=\"1\"><span style=\"font-weight: 400;\">Dans un <\/span><b>endroit frais, sec et bien ventil\u00e9<\/b>&nbsp;<\/li>\n<li style=\"font-weight: 400;\" aria-level=\"1\"><span style=\"font-weight: 400;\">A l'\u00e9cart des sources d'ignition et des substances incompatibles<\/span>&nbsp;<\/li>\n<li style=\"font-weight: 400;\" aria-level=\"1\"><span style=\"font-weight: 400;\">L'utilisation d'un <\/span><b>EPI<\/b><span style=\"font-weight: 400;\"> lors de la manipulation<\/span>&nbsp;<\/li>\n<\/ul>\n<p><span style=\"font-weight: 400;\">Respectez toujours les recommandations de s\u00e9curit\u00e9 du fournisseur et les r\u00e9glementations l\u00e9gales.<\/span><\/p>\n<p><b>FAQ sur l'achat de benzald\u00e9hyde en ligne<\/b><\/p>\n<ul>\n<li style=\"font-weight: 400;\" aria-level=\"1\"><i><span style=\"font-weight: 400;\">Ai-je besoin d'un permis sp\u00e9cial pour acheter du benzald\u00e9hyde ?<\/span><\/i>&nbsp;<\/li>\n<li style=\"font-weight: 400;\" aria-level=\"1\"><i><span style=\"font-weight: 400;\">Quels sont les degr\u00e9s de puret\u00e9 disponibles \u00e0 l'achat ?<\/span><\/i>&nbsp;<\/li>\n<li style=\"font-weight: 400;\" aria-level=\"1\"><i><span style=\"font-weight: 400;\">Quel est le d\u00e9lai de livraison habituel ?<\/span><\/i>&nbsp;<\/li>\n<li style=\"font-weight: 400;\" aria-level=\"1\"><i><span style=\"font-weight: 400;\">Puis-je acheter du benzald\u00e9hyde en vrac ?<\/span><\/i>&nbsp;<\/li>\n<\/ul>\n<p><span style=\"font-weight: 400;\">Notre \u00e9quipe de service \u00e0 la client\u00e8le est pr\u00eate \u00e0 r\u00e9pondre \u00e0 toutes vos questions.<\/span><\/p>\n<h3><b>Recommandations finales<\/b><\/h3>\n<p><span style=\"font-weight: 400;\">L'achat de Benzaldehyde en ligne doit \u00eatre s\u00fbr, simple et abordable. Privil\u00e9giez les fournisseurs qui proposent des produits certifi\u00e9s, une documentation claire et une excellente assistance \u00e0 la client\u00e8le. Notre Benzaldehyde de qualit\u00e9 sup\u00e9rieure r\u00e9pond \u00e0 ces crit\u00e8res, ce qui fait de nous votre fournisseur de Benzaldehyde. <\/span><b>Meilleur endroit pour acheter du Benzaldehyde<\/b><span style=\"font-weight: 400;\"> en ligne aujourd'hui.<\/span><\/p>\n<p><b>Commandez votre Benzaldehyde maintenant et profitez d'une qualit\u00e9 sup\u00e9rieure livr\u00e9e en toute confiance !<\/b><\/p>","protected":false},"excerpt":{"rendered":"<p><strong>Benzald\u00e9hyde<\/strong>dont la formule chimique est <span class=\"katex\"><span class=\"katex-mathml\">C7H6OC_7H_6O<\/span><span class=\"katex-html\" aria-hidden=\"true\"><span class=\"base\"><span class=\"mord\"><span class=\"mord mathnormal\">C<\/span><span class=\"msupsub\"><span class=\"vlist-t vlist-t2\"><span class=\"vlist-r\"><span class=\"vlist\"><span class=\"sizing reset-size6 size3 mtight\"><span class=\"mord mtight\">7<\/span><\/span><\/span><span class=\"vlist-s\">\u200b<\/span><\/span><\/span><\/span><\/span><span class=\"mord\"><span class=\"mord mathnormal\">H<\/span><span class=\"msupsub\"><span class=\"vlist-t vlist-t2\"><span class=\"vlist-r\"><span class=\"vlist\"><span class=\"sizing reset-size6 size3 mtight\"><span class=\"mord mtight\">6<\/span><\/span><\/span><span class=\"vlist-s\">\u200b<\/span><\/span><\/span><\/span><\/span><span class=\"mord mathnormal\">O<\/span><\/span><\/span><\/span>est un ald\u00e9hyde aromatique reconnu pour son odeur distinctive d'amande. Ce compos\u00e9 organique fait partie int\u00e9grante des processus naturels et synth\u00e9tiques, ce qui en fait un produit chimique essentiel dans diverses industries.<\/p>\n<ul>\n<li><strong>Structure mol\u00e9culaire<\/strong>: Le benzald\u00e9hyde est constitu\u00e9 d'un anneau benz\u00e9nique attach\u00e9 \u00e0 un groupe formyle (-CHO), ce qui lui conf\u00e8re des propri\u00e9t\u00e9s chimiques uniques.<\/li>\n<li><strong>\u00c9tat physique<\/strong>: C'est un liquide incolore \u00e0 temp\u00e9rature ambiante.<\/li>\n<li><strong>Point d'\u00e9bullition<\/strong>: Environ 178 \u00b0C (352 \u00b0F).<\/li>\n<li><strong>Point de fusion<\/strong>: Environ -26 \u00b0C (-15 \u00b0F).<\/li>\n<li><strong>Solubilit\u00e9<\/strong>: Le benzald\u00e9hyde est soluble dans les solvants organiques tels que l'\u00e9thanol et l'\u00e9ther, mais sa solubilit\u00e9 dans l'eau est limit\u00e9e.<\/li>\n<\/ul>","protected":false},"featured_media":1334,"comment_status":"open","ping_status":"closed","template":"","meta":{"_kadence_starter_templates_imported_post":false,"_kad_post_transparent":"default","_kad_post_title":"","_kad_post_layout":"default","_kad_post_sidebar_id":"","_kad_post_content_style":"default","_kad_post_vertical_padding":"default","_kad_post_feature":"","_kad_post_feature_position":"","_kad_post_header":false,"_kad_post_footer":false,"_joinchat":[]},"product_brand":[],"product_cat":[46],"product_tag":[84,85,86,87,88,89,90,91,92,93,94,95,96,97,98,99,100,101,102,103],"class_list":{"0":"post-1080","1":"product","2":"type-product","3":"status-publish","4":"has-post-thumbnail","6":"product_cat-paints-dyes-and-pigments","7":"product_tag-benzaldehyde-bulk-chemical-supplier","8":"product_tag-benzaldehyde-cas-100-52-7","9":"product_tag-benzaldehyde-chemical-compound","10":"product_tag-benzaldehyde-chemical-for-sale","11":"product_tag-benzaldehyde-chemical-procurement","12":"product_tag-benzaldehyde-for-food-flavoring","13":"product_tag-benzaldehyde-for-fragrance-production","14":"product_tag-benzaldehyde-for-industrial-applications","15":"product_tag-benzaldehyde-for-organic-synthesis","16":"product_tag-benzaldehyde-for-pharmaceutical-manufacturing","17":"product_tag-benzaldehyde-for-research-purposes","18":"product_tag-benzaldehyde-intermediate-supplier","19":"product_tag-benzaldehyde-price-per-kilogram","20":"product_tag-benzaldehyde-price-per-ton","21":"product_tag-bulk-benzaldehyde-supplier","22":"product_tag-buy-benzaldehyde-in-bulk","23":"product_tag-cas-100-52-7-bulk-benzaldehyde","24":"product_tag-high-purity-benzaldehyde-for-sale","25":"product_tag-industrial-grade-benzaldehyde","26":"product_tag-wholesale-benzaldehyde-distributor","28":"first","29":"instock","30":"shipping-taxable","31":"product-type-simple","32":"entry","33":"content-bg","34":"loop-entry"},"yoast_head":"<!-- This site is optimized with the Yoast SEO plugin v25.6 - https:\/\/yoast.com\/wordpress\/plugins\/seo\/ -->\n<title>Buy Benzaldehyde Online - Benzaldehyde for Sale<\/title>\n<meta name=\"description\" content=\"Where to buy benzaldehyde online at the best price? Find high-quality benzaldehyde for sale at our secure online store, catering to your research requirements. Order Now!\" \/>\n<meta name=\"robots\" content=\"index, follow, max-snippet:-1, max-image-preview:large, max-video-preview:-1\" \/>\n<link rel=\"canonical\" href=\"https:\/\/subszone.com\/fr\/product\/benzaldehyde\/\" \/>\n<meta property=\"og:locale\" content=\"fr_FR\" \/>\n<meta property=\"og:type\" content=\"article\" \/>\n<meta property=\"og:title\" content=\"Buy Benzaldehyde Online - Benzaldehyde for Sale\" \/>\n<meta property=\"og:description\" content=\"Where to buy benzaldehyde online at the best price? Find high-quality benzaldehyde for sale at our secure online store, catering to your research requirements. Order Now!\" \/>\n<meta property=\"og:url\" content=\"https:\/\/subszone.com\/fr\/product\/benzaldehyde\/\" \/>\n<meta property=\"og:site_name\" content=\"SubsZone\" \/>\n<meta property=\"article:modified_time\" content=\"2025-05-31T06:31:54+00:00\" \/>\n<meta property=\"og:image\" content=\"https:\/\/subszone.com\/wp-content\/uploads\/2024\/10\/Benzaldehyde-for-Sale.webp\" \/>\n\t<meta property=\"og:image:width\" content=\"1024\" \/>\n\t<meta property=\"og:image:height\" content=\"1024\" \/>\n\t<meta property=\"og:image:type\" content=\"image\/webp\" \/>\n<meta name=\"twitter:card\" content=\"summary_large_image\" \/>\n<meta name=\"twitter:label1\" content=\"Dur\u00e9e de lecture estim\u00e9e\" \/>\n\t<meta name=\"twitter:data1\" content=\"3 minutes\" \/>\n<script type=\"application\/ld+json\" class=\"yoast-schema-graph\">{\"@context\":\"https:\/\/schema.org\",\"@graph\":[{\"@type\":\"WebPage\",\"@id\":\"https:\/\/subszone.com\/product\/benzaldehyde\/\",\"url\":\"https:\/\/subszone.com\/product\/benzaldehyde\/\",\"name\":\"Buy Benzaldehyde Online - Benzaldehyde for Sale\",\"isPartOf\":{\"@id\":\"https:\/\/subszone.com\/#website\"},\"primaryImageOfPage\":{\"@id\":\"https:\/\/subszone.com\/product\/benzaldehyde\/#primaryimage\"},\"image\":{\"@id\":\"https:\/\/subszone.com\/product\/benzaldehyde\/#primaryimage\"},\"thumbnailUrl\":\"https:\/\/subszone.com\/wp-content\/uploads\/2024\/10\/Benzaldehyde-for-Sale.webp\",\"datePublished\":\"2024-10-23T10:08:14+00:00\",\"dateModified\":\"2025-05-31T06:31:54+00:00\",\"description\":\"Where to buy benzaldehyde online at the best price? Find high-quality benzaldehyde for sale at our secure online store, catering to your research requirements. Order Now!\",\"breadcrumb\":{\"@id\":\"https:\/\/subszone.com\/product\/benzaldehyde\/#breadcrumb\"},\"inLanguage\":\"fr-FR\",\"potentialAction\":[{\"@type\":\"ReadAction\",\"target\":[\"https:\/\/subszone.com\/product\/benzaldehyde\/\"]}]},{\"@type\":\"ImageObject\",\"inLanguage\":\"fr-FR\",\"@id\":\"https:\/\/subszone.com\/product\/benzaldehyde\/#primaryimage\",\"url\":\"https:\/\/subszone.com\/wp-content\/uploads\/2024\/10\/Benzaldehyde-for-Sale.webp\",\"contentUrl\":\"https:\/\/subszone.com\/wp-content\/uploads\/2024\/10\/Benzaldehyde-for-Sale.webp\",\"width\":1024,\"height\":1024,\"caption\":\"Benzaldehyde for Sale\"},{\"@type\":\"BreadcrumbList\",\"@id\":\"https:\/\/subszone.com\/product\/benzaldehyde\/#breadcrumb\",\"itemListElement\":[{\"@type\":\"ListItem\",\"position\":1,\"name\":\"Home\",\"item\":\"https:\/\/subszone.com\/\"},{\"@type\":\"ListItem\",\"position\":2,\"name\":\"Shop\",\"item\":\"https:\/\/subszone.com\/shop\/\"},{\"@type\":\"ListItem\",\"position\":3,\"name\":\"Buy Benzaldehyde Online\"}]},{\"@type\":\"WebSite\",\"@id\":\"https:\/\/subszone.com\/#website\",\"url\":\"https:\/\/subszone.com\/\",\"name\":\"SubsZone\",\"description\":\"My WordPress Blog\",\"publisher\":{\"@id\":\"https:\/\/subszone.com\/#organization\"},\"potentialAction\":[{\"@type\":\"SearchAction\",\"target\":{\"@type\":\"EntryPoint\",\"urlTemplate\":\"https:\/\/subszone.com\/?s={search_term_string}\"},\"query-input\":{\"@type\":\"PropertyValueSpecification\",\"valueRequired\":true,\"valueName\":\"search_term_string\"}}],\"inLanguage\":\"fr-FR\"},{\"@type\":\"Organization\",\"@id\":\"https:\/\/subszone.com\/#organization\",\"name\":\"SubsZone\",\"url\":\"https:\/\/subszone.com\/\",\"logo\":{\"@type\":\"ImageObject\",\"inLanguage\":\"fr-FR\",\"@id\":\"https:\/\/subszone.com\/#\/schema\/logo\/image\/\",\"url\":\"https:\/\/subszone.com\/wp-content\/uploads\/2024\/10\/logo.png\",\"contentUrl\":\"https:\/\/subszone.com\/wp-content\/uploads\/2024\/10\/logo.png\",\"width\":193,\"height\":50,\"caption\":\"SubsZone\"},\"image\":{\"@id\":\"https:\/\/subszone.com\/#\/schema\/logo\/image\/\"}}]}<\/script>\n<!-- \/ Yoast SEO plugin. -->","yoast_head_json":{"title":"Acheter Benzaldehyde en ligne - Benzaldehyde for Sale","description":"O\u00f9 acheter du benzald\u00e9hyde en ligne au meilleur prix ? Trouvez du benzald\u00e9hyde de haute qualit\u00e9 \u00e0 vendre dans notre magasin en ligne s\u00e9curis\u00e9, qui r\u00e9pond \u00e0 vos besoins en mati\u00e8re de recherche. Commandez maintenant !","robots":{"index":"index","follow":"follow","max-snippet":"max-snippet:-1","max-image-preview":"max-image-preview:large","max-video-preview":"max-video-preview:-1"},"canonical":"https:\/\/subszone.com\/fr\/product\/benzaldehyde\/","og_locale":"fr_FR","og_type":"article","og_title":"Buy Benzaldehyde Online - Benzaldehyde for Sale","og_description":"Where to buy benzaldehyde online at the best price? Find high-quality benzaldehyde for sale at our secure online store, catering to your research requirements. Order Now!","og_url":"https:\/\/subszone.com\/fr\/product\/benzaldehyde\/","og_site_name":"SubsZone","article_modified_time":"2025-05-31T06:31:54+00:00","og_image":[{"width":1024,"height":1024,"url":"https:\/\/subszone.com\/wp-content\/uploads\/2024\/10\/Benzaldehyde-for-Sale.webp","type":"image\/webp"}],"twitter_card":"summary_large_image","twitter_misc":{"Dur\u00e9e de lecture estim\u00e9e":"3 minutes"},"schema":{"@context":"https:\/\/schema.org","@graph":[{"@type":"WebPage","@id":"https:\/\/subszone.com\/product\/benzaldehyde\/","url":"https:\/\/subszone.com\/product\/benzaldehyde\/","name":"Acheter Benzaldehyde en ligne - Benzaldehyde for Sale","isPartOf":{"@id":"https:\/\/subszone.com\/#website"},"primaryImageOfPage":{"@id":"https:\/\/subszone.com\/product\/benzaldehyde\/#primaryimage"},"image":{"@id":"https:\/\/subszone.com\/product\/benzaldehyde\/#primaryimage"},"thumbnailUrl":"https:\/\/subszone.com\/wp-content\/uploads\/2024\/10\/Benzaldehyde-for-Sale.webp","datePublished":"2024-10-23T10:08:14+00:00","dateModified":"2025-05-31T06:31:54+00:00","description":"O\u00f9 acheter du benzald\u00e9hyde en ligne au meilleur prix ? Trouvez du benzald\u00e9hyde de haute qualit\u00e9 \u00e0 vendre dans notre magasin en ligne s\u00e9curis\u00e9, qui r\u00e9pond \u00e0 vos besoins en mati\u00e8re de recherche. Commandez maintenant !","breadcrumb":{"@id":"https:\/\/subszone.com\/product\/benzaldehyde\/#breadcrumb"},"inLanguage":"fr-FR","potentialAction":[{"@type":"ReadAction","target":["https:\/\/subszone.com\/product\/benzaldehyde\/"]}]},{"@type":"ImageObject","inLanguage":"fr-FR","@id":"https:\/\/subszone.com\/product\/benzaldehyde\/#primaryimage","url":"https:\/\/subszone.com\/wp-content\/uploads\/2024\/10\/Benzaldehyde-for-Sale.webp","contentUrl":"https:\/\/subszone.com\/wp-content\/uploads\/2024\/10\/Benzaldehyde-for-Sale.webp","width":1024,"height":1024,"caption":"Benzaldehyde for Sale"},{"@type":"BreadcrumbList","@id":"https:\/\/subszone.com\/product\/benzaldehyde\/#breadcrumb","itemListElement":[{"@type":"ListItem","position":1,"name":"Home","item":"https:\/\/subszone.com\/"},{"@type":"ListItem","position":2,"name":"Shop","item":"https:\/\/subszone.com\/shop\/"},{"@type":"ListItem","position":3,"name":"Buy Benzaldehyde Online"}]},{"@type":"WebSite","@id":"https:\/\/subszone.com\/#website","url":"https:\/\/subszone.com\/","name":"SubsZone","description":"Mon blog WordPress","publisher":{"@id":"https:\/\/subszone.com\/#organization"},"potentialAction":[{"@type":"SearchAction","target":{"@type":"EntryPoint","urlTemplate":"https:\/\/subszone.com\/?s={search_term_string}"},"query-input":{"@type":"PropertyValueSpecification","valueRequired":true,"valueName":"search_term_string"}}],"inLanguage":"fr-FR"},{"@type":"Organization","@id":"https:\/\/subszone.com\/#organization","name":"SubsZone","url":"https:\/\/subszone.com\/","logo":{"@type":"ImageObject","inLanguage":"fr-FR","@id":"https:\/\/subszone.com\/#\/schema\/logo\/image\/","url":"https:\/\/subszone.com\/wp-content\/uploads\/2024\/10\/logo.png","contentUrl":"https:\/\/subszone.com\/wp-content\/uploads\/2024\/10\/logo.png","width":193,"height":50,"caption":"SubsZone"},"image":{"@id":"https:\/\/subszone.com\/#\/schema\/logo\/image\/"}}]}},"_links":{"self":[{"href":"https:\/\/subszone.com\/fr\/wp-json\/wp\/v2\/product\/1080","targetHints":{"allow":["GET"]}}],"collection":[{"href":"https:\/\/subszone.com\/fr\/wp-json\/wp\/v2\/product"}],"about":[{"href":"https:\/\/subszone.com\/fr\/wp-json\/wp\/v2\/types\/product"}],"replies":[{"embeddable":true,"href":"https:\/\/subszone.com\/fr\/wp-json\/wp\/v2\/comments?post=1080"}],"wp:featuredmedia":[{"embeddable":true,"href":"https:\/\/subszone.com\/fr\/wp-json\/wp\/v2\/media\/1334"}],"wp:attachment":[{"href":"https:\/\/subszone.com\/fr\/wp-json\/wp\/v2\/media?parent=1080"}],"wp:term":[{"taxonomy":"product_brand","embeddable":true,"href":"https:\/\/subszone.com\/fr\/wp-json\/wp\/v2\/product_brand?post=1080"},{"taxonomy":"product_cat","embeddable":true,"href":"https:\/\/subszone.com\/fr\/wp-json\/wp\/v2\/product_cat?post=1080"},{"taxonomy":"product_tag","embeddable":true,"href":"https:\/\/subszone.com\/fr\/wp-json\/wp\/v2\/product_tag?post=1080"}],"curies":[{"name":"wp","href":"https:\/\/api.w.org\/{rel}","templated":true}]}}