{"id":1115,"date":"2024-10-23T11:13:39","date_gmt":"2024-10-23T11:13:39","guid":{"rendered":"https:\/\/subszone.com\/?post_type=product&#038;p=1115"},"modified":"2025-08-01T08:28:27","modified_gmt":"2025-08-01T08:28:27","slug":"brome-liquide","status":"publish","type":"product","link":"https:\/\/subszone.com\/fr\/product\/brome-liquide\/","title":{"rendered":"Acheter du brome liquide en ligne"},"content":{"rendered":"<h2><b>Acheter du brome liquide en ligne - Pur, fiable et abordable pour une utilisation industrielle et commerciale<\/b><\/h2>\n<p><span style=\"font-weight: 400;\">Vous cherchez \u00e0 <\/span><a href=\"https:\/\/subszone.com\/fr\/product\/brome-liquide\/\"><b>acheter Brome liquide en ligne<\/b><\/a><span style=\"font-weight: 400;\"> aupr\u00e8s d'un fournisseur de confiance et certifi\u00e9 ? Que vous ayez besoin de brome liquide pour la fabrication de produits pharmaceutiques, le traitement de l'eau ou la synth\u00e8se chimique, il est essentiel de vous approvisionner en brome de haute qualit\u00e9 avec la documentation appropri\u00e9e. Nous proposons du brome liquide de premi\u00e8re qualit\u00e9 dans diff\u00e9rents conditionnements, \u00e0 des prix comp\u00e9titifs et avec une livraison rapide et s\u00e9curis\u00e9e - ce qui fait de nous le meilleur fournisseur de brome. <\/span><b>Meilleur endroit pour acheter du brome liquide<\/b><span style=\"font-weight: 400;\"> en ligne.<\/span><\/p>\n<h3><b>Qu'est-ce que le brome liquide ?<\/b><\/h3>\n<p><span style=\"font-weight: 400;\">Le brome liquide est un \u00e9l\u00e9ment chimique dense, brun rouge\u00e2tre (Br\u2082) largement utilis\u00e9 dans toutes les industries. Ses propri\u00e9t\u00e9s chimiques uniques le rendent essentiel pour :<\/span><\/p>\n<ul>\n<li style=\"font-weight: 400;\" aria-level=\"1\"><span style=\"font-weight: 400;\">Production de retardateurs de flamme<\/span>&nbsp;<\/li>\n<li style=\"font-weight: 400;\" aria-level=\"1\"><span style=\"font-weight: 400;\">Purification et traitement de l'eau<\/span>&nbsp;<\/li>\n<li style=\"font-weight: 400;\" aria-level=\"1\"><span style=\"font-weight: 400;\">Synth\u00e8se pharmaceutique<\/span>&nbsp;<\/li>\n<li style=\"font-weight: 400;\" aria-level=\"1\"><span style=\"font-weight: 400;\">Fabrication de produits agrochimiques<\/span>&nbsp;<\/li>\n<\/ul>\n<p><span style=\"font-weight: 400;\">En raison de sa nature r\u00e9active et volatile, le brome liquide doit \u00eatre manipul\u00e9 avec pr\u00e9caution et stock\u00e9 correctement.<\/span><\/p>\n<h3><b>Propri\u00e9t\u00e9s chimiques et s\u00e9curit\u00e9<\/b><\/h3>\n<p><span style=\"font-weight: 400;\">Le brome liquide est une substance hautement corrosive et volatile \u00e0 l'odeur piquante. Ses principales propri\u00e9t\u00e9s sont les suivantes<\/span><\/p>\n<ul>\n<li style=\"font-weight: 400;\" aria-level=\"1\"><span style=\"font-weight: 400;\">Densit\u00e9 : 3,12 g\/cm\u00b3<\/span>&nbsp;<\/li>\n<li style=\"font-weight: 400;\" aria-level=\"1\"><span style=\"font-weight: 400;\">Point d'\u00e9bullition : 58,8 \u00b0C<\/span>&nbsp;<\/li>\n<li style=\"font-weight: 400;\" aria-level=\"1\"><span style=\"font-weight: 400;\">Agent oxydant puissant<\/span>&nbsp;<\/li>\n<\/ul>\n<p><span style=\"font-weight: 400;\">En raison de sa nature dangereuse, des pr\u00e9cautions strictes de manipulation sont essentielles. Utilisez toujours un \u00e9quipement de protection individuelle appropri\u00e9, assurez une ventilation ad\u00e9quate et stockez le brome dans des r\u00e9cipients herm\u00e9tiquement ferm\u00e9s, \u00e0 l'\u00e9cart des mat\u00e9riaux incompatibles.<\/span><\/p>\n<h3><b>Pourquoi acheter du brome liquide en ligne ?<\/b><\/h3>\n<p><span style=\"font-weight: 400;\">Achat <a href=\"https:\/\/en.wikipedia.org\/wiki\/Bromine\">Brome liquide<\/a> en ligne offre des avantages consid\u00e9rables :<\/span><\/p>\n<ul>\n<li style=\"font-weight: 400;\" aria-level=\"1\"><span style=\"font-weight: 400;\">Acc\u00e8s \u00e0 une grande vari\u00e9t\u00e9 de fournisseurs et de qualit\u00e9s<\/span>&nbsp;<\/li>\n<li style=\"font-weight: 400;\" aria-level=\"1\"><span style=\"font-weight: 400;\">Des prix comp\u00e9titifs et transparents, y compris des remises sur les produits en vrac<\/span>&nbsp;<\/li>\n<li style=\"font-weight: 400;\" aria-level=\"1\"><span style=\"font-weight: 400;\">Livraison \u00e0 domicile pratique, permettant de gagner du temps et d'\u00e9viter les probl\u00e8mes logistiques.<\/span>&nbsp;<\/li>\n<\/ul>\n<p><span style=\"font-weight: 400;\">Les places de march\u00e9 de produits chimiques en ligne permettent de comparer et de s\u00e9lectionner facilement le brome liquide adapt\u00e9 \u00e0 vos besoins sp\u00e9cifiques dans le domaine de l'industrie ou de la recherche.<\/span><\/p>\n<h3><b>Choisir un fournisseur fiable<\/b><\/h3>\n<p><span style=\"font-weight: 400;\">Lorsque vous commandez du brome liquide en ligne, consid\u00e9rez les fournisseurs qui offrent :<\/span><\/p>\n<ul>\n<li style=\"font-weight: 400;\" aria-level=\"1\"><span style=\"font-weight: 400;\">Certifications telles que ISO et GMP garantissant la qualit\u00e9 des produits<\/span>&nbsp;<\/li>\n<li style=\"font-weight: 400;\" aria-level=\"1\"><span style=\"font-weight: 400;\">Certificats d'analyse (COA) et fiches de donn\u00e9es de s\u00e9curit\u00e9 (SDS) transparents<\/span>&nbsp;<\/li>\n<li style=\"font-weight: 400;\" aria-level=\"1\"><span style=\"font-weight: 400;\">Commentaires positifs des clients et \u00e9quipes d'assistance r\u00e9actives<\/span>&nbsp;<\/li>\n<li style=\"font-weight: 400;\" aria-level=\"1\"><span style=\"font-weight: 400;\">Respect de toutes les r\u00e9glementations maritimes et juridiques<\/span>&nbsp;<\/li>\n<\/ul>\n<p><span style=\"font-weight: 400;\">La fiabilit\u00e9 garantit l'authenticit\u00e9 du produit, la s\u00e9curit\u00e9 et le respect des d\u00e9lais de livraison.<\/span><\/p>\n<h3><b>Exp\u00e9dition et stockage<\/b><\/h3>\n<p><span style=\"font-weight: 400;\">En raison de sa classification dangereuse, le transport de brome liquide est r\u00e9glement\u00e9 et n\u00e9cessite le respect de restrictions de transport. Des fournisseurs de confiance garantissent :<\/span><\/p>\n<ul>\n<li style=\"font-weight: 400;\" aria-level=\"1\"><span style=\"font-weight: 400;\">Emballage appropri\u00e9 pour \u00e9viter les fuites ou les d\u00e9versements<\/span>&nbsp;<\/li>\n<li style=\"font-weight: 400;\" aria-level=\"1\"><span style=\"font-weight: 400;\">\u00c9tiquetage et documentation clairs<\/span>&nbsp;<\/li>\n<li style=\"font-weight: 400;\" aria-level=\"1\"><span style=\"font-weight: 400;\">Conseils pour un stockage s\u00fbr - zones fra\u00eeches et bien ventil\u00e9es, \u00e9loign\u00e9es des sources de chaleur et des substances incompatibles.<\/span>&nbsp;<\/li>\n<\/ul>\n<p><span style=\"font-weight: 400;\">Il convient de toujours respecter les protocoles de s\u00e9curit\u00e9 recommand\u00e9s lors de la manipulation et du stockage.<\/span><\/p>\n<h3><b>Conclusion<\/b><\/h3>\n<p><span style=\"font-weight: 400;\">L'achat de brome liquide en ligne peut \u00eatre transparent, s\u00fbr et rentable lorsque vous choisissez des fournisseurs v\u00e9rifi\u00e9s qui accordent la priorit\u00e9 \u00e0 la qualit\u00e9 et \u00e0 la conformit\u00e9. Gardez la s\u00e9curit\u00e9 \u00e0 l'esprit lors de la manipulation et assurez-vous que toutes les exigences r\u00e9glementaires sont respect\u00e9es. Avec notre brome liquide de qualit\u00e9 sup\u00e9rieure, nos prix comp\u00e9titifs et notre livraison s\u00e9curis\u00e9e, vous pouvez en toute confiance r\u00e9pondre \u00e0 vos besoins industriels ou de recherche.<\/span><\/p>\n<p><b>Commandez Bromine liquide maintenant pour profiter de la meilleure qualit\u00e9 au prix le plus bas de Bromine liquide - votre source de confiance pour Bromine liquide \u00e0 vendre !<\/b><\/p>","protected":false},"excerpt":{"rendered":"<p><strong>Brome (Br)<\/strong> Le brome est un \u00e9l\u00e9ment chimique et un membre du groupe des halog\u00e8nes, connu pour son \u00e9tat liquide rouge-brun \u00e0 temp\u00e9rature ambiante. D'une odeur piquante, le brome est tr\u00e8s r\u00e9actif et peut \u00eatre dangereux s'il n'est pas manipul\u00e9 correctement.<\/p>\n<ul>\n<li><strong>\u00c9tat physique<\/strong>: Liquide \u00e0 temp\u00e9rature ambiante<\/li>\n<li><strong>Couleur<\/strong>: Brun rouge\u00e2tre<\/li>\n<li><strong>Odeur<\/strong>: Fort et irritant<\/li>\n<li><strong>Point d'\u00e9bullition<\/strong>: 58,8\u00b0C (137,8\u00b0F)<\/li>\n<li><strong>Point de fusion<\/strong>: -7,2\u00b0C (19\u00b0F)<\/li>\n<\/ul>","protected":false},"featured_media":1439,"comment_status":"open","ping_status":"closed","template":"","meta":{"_kadence_starter_templates_imported_post":false,"_kad_post_transparent":"default","_kad_post_title":"","_kad_post_layout":"default","_kad_post_sidebar_id":"","_kad_post_content_style":"default","_kad_post_vertical_padding":"default","_kad_post_feature":"","_kad_post_feature_position":"","_kad_post_header":false,"_kad_post_footer":false,"_joinchat":[]},"product_brand":[],"product_cat":[126],"product_tag":[673,668,672,677,670,671,676,669,663,667,661,674,679,665,662,678,666,664,680,675],"class_list":{"0":"post-1115","1":"product","2":"type-product","3":"status-publish","4":"has-post-thumbnail","6":"product_cat-environmental-and-health-hazards","7":"product_tag-bromine-distributor","8":"product_tag-bromine-for-chemical-manufacturing","9":"product_tag-bromine-for-flame-retardants","10":"product_tag-bromine-for-industrial-applications","11":"product_tag-bromine-for-water-treatment","12":"product_tag-bromine-in-oil-and-gas-industry","13":"product_tag-bromine-liquid-for-laboratory-use","14":"product_tag-bromine-liquid-for-pharmaceutical-applications","15":"product_tag-bromine-liquid-for-sale","16":"product_tag-bromine-liquid-price-and-availability","17":"product_tag-bromine-liquid-supplier","18":"product_tag-bromine-procurement","19":"product_tag-bromine-safety-and-compliance","20":"product_tag-bulk-bromine-liquid-supply","21":"product_tag-buy-bromine-liquid","22":"product_tag-commercial-bromine-liquid-supply","23":"product_tag-high-purity-bromine-liquid","24":"product_tag-industrial-bromine-supplier","25":"product_tag-reliable-bromine-liquid-supplier","26":"product_tag-where-to-buy-bromine-liquid","28":"first","29":"instock","30":"shipping-taxable","31":"product-type-simple","32":"entry","33":"content-bg","34":"loop-entry"},"yoast_head":"<!-- This site is optimized with the Yoast SEO plugin v25.6 - https:\/\/yoast.com\/wordpress\/plugins\/seo\/ -->\n<title>Buy Bromine Liquid Online - Bromine Liquid for Sale | Subszone<\/title>\n<meta name=\"description\" content=\"At our Subszone, you can get bromine liquid for sale at cheap rates. Here you can buy bromine liquid online with high-quality from our store now with fast &amp; secure shipping service. Order Now!\" \/>\n<meta name=\"robots\" content=\"index, follow, max-snippet:-1, max-image-preview:large, max-video-preview:-1\" \/>\n<link rel=\"canonical\" href=\"https:\/\/subszone.com\/fr\/product\/brome-liquide\/\" \/>\n<meta property=\"og:locale\" content=\"fr_FR\" \/>\n<meta property=\"og:type\" content=\"article\" \/>\n<meta property=\"og:title\" content=\"Buy Bromine Liquid Online - Bromine Liquid for Sale | Subszone\" \/>\n<meta property=\"og:description\" content=\"At our Subszone, you can get bromine liquid for sale at cheap rates. Here you can buy bromine liquid online with high-quality from our store now with fast &amp; secure shipping service. Order Now!\" \/>\n<meta property=\"og:url\" content=\"https:\/\/subszone.com\/fr\/product\/brome-liquide\/\" \/>\n<meta property=\"og:site_name\" content=\"SubsZone\" \/>\n<meta property=\"article:modified_time\" content=\"2025-08-01T08:28:27+00:00\" \/>\n<meta property=\"og:image\" content=\"https:\/\/subszone.com\/wp-content\/uploads\/2024\/10\/Bromine-liquid-2-1.gif\" \/>\n\t<meta property=\"og:image:width\" content=\"600\" \/>\n\t<meta property=\"og:image:height\" content=\"600\" \/>\n\t<meta property=\"og:image:type\" content=\"image\/gif\" \/>\n<meta name=\"twitter:card\" content=\"summary_large_image\" \/>\n<meta name=\"twitter:label1\" content=\"Dur\u00e9e de lecture estim\u00e9e\" \/>\n\t<meta name=\"twitter:data1\" content=\"3 minutes\" \/>\n<script type=\"application\/ld+json\" class=\"yoast-schema-graph\">{\"@context\":\"https:\/\/schema.org\",\"@graph\":[{\"@type\":\"WebPage\",\"@id\":\"https:\/\/subszone.com\/product\/bromine-liquid\/\",\"url\":\"https:\/\/subszone.com\/product\/bromine-liquid\/\",\"name\":\"Buy Bromine Liquid Online - Bromine Liquid for Sale | Subszone\",\"isPartOf\":{\"@id\":\"https:\/\/subszone.com\/#website\"},\"primaryImageOfPage\":{\"@id\":\"https:\/\/subszone.com\/product\/bromine-liquid\/#primaryimage\"},\"image\":{\"@id\":\"https:\/\/subszone.com\/product\/bromine-liquid\/#primaryimage\"},\"thumbnailUrl\":\"https:\/\/subszone.com\/wp-content\/uploads\/2024\/10\/Bromine-liquid-2-1.gif\",\"datePublished\":\"2024-10-23T11:13:39+00:00\",\"dateModified\":\"2025-08-01T08:28:27+00:00\",\"description\":\"At our Subszone, you can get bromine liquid for sale at cheap rates. Here you can buy bromine liquid online with high-quality from our store now with fast & secure shipping service. Order Now!\",\"breadcrumb\":{\"@id\":\"https:\/\/subszone.com\/product\/bromine-liquid\/#breadcrumb\"},\"inLanguage\":\"fr-FR\",\"potentialAction\":[{\"@type\":\"ReadAction\",\"target\":[\"https:\/\/subszone.com\/product\/bromine-liquid\/\"]}]},{\"@type\":\"ImageObject\",\"inLanguage\":\"fr-FR\",\"@id\":\"https:\/\/subszone.com\/product\/bromine-liquid\/#primaryimage\",\"url\":\"https:\/\/subszone.com\/wp-content\/uploads\/2024\/10\/Bromine-liquid-2-1.gif\",\"contentUrl\":\"https:\/\/subszone.com\/wp-content\/uploads\/2024\/10\/Bromine-liquid-2-1.gif\",\"width\":600,\"height\":600,\"caption\":\"Buy Bromine liquid Online\"},{\"@type\":\"BreadcrumbList\",\"@id\":\"https:\/\/subszone.com\/product\/bromine-liquid\/#breadcrumb\",\"itemListElement\":[{\"@type\":\"ListItem\",\"position\":1,\"name\":\"Home\",\"item\":\"https:\/\/subszone.com\/\"},{\"@type\":\"ListItem\",\"position\":2,\"name\":\"Shop\",\"item\":\"https:\/\/subszone.com\/shop\/\"},{\"@type\":\"ListItem\",\"position\":3,\"name\":\"Buy Bromine liquid Online\"}]},{\"@type\":\"WebSite\",\"@id\":\"https:\/\/subszone.com\/#website\",\"url\":\"https:\/\/subszone.com\/\",\"name\":\"SubsZone\",\"description\":\"My WordPress Blog\",\"publisher\":{\"@id\":\"https:\/\/subszone.com\/#organization\"},\"potentialAction\":[{\"@type\":\"SearchAction\",\"target\":{\"@type\":\"EntryPoint\",\"urlTemplate\":\"https:\/\/subszone.com\/?s={search_term_string}\"},\"query-input\":{\"@type\":\"PropertyValueSpecification\",\"valueRequired\":true,\"valueName\":\"search_term_string\"}}],\"inLanguage\":\"fr-FR\"},{\"@type\":\"Organization\",\"@id\":\"https:\/\/subszone.com\/#organization\",\"name\":\"SubsZone\",\"url\":\"https:\/\/subszone.com\/\",\"logo\":{\"@type\":\"ImageObject\",\"inLanguage\":\"fr-FR\",\"@id\":\"https:\/\/subszone.com\/#\/schema\/logo\/image\/\",\"url\":\"https:\/\/subszone.com\/wp-content\/uploads\/2024\/10\/logo.png\",\"contentUrl\":\"https:\/\/subszone.com\/wp-content\/uploads\/2024\/10\/logo.png\",\"width\":193,\"height\":50,\"caption\":\"SubsZone\"},\"image\":{\"@id\":\"https:\/\/subszone.com\/#\/schema\/logo\/image\/\"}}]}<\/script>\n<!-- \/ Yoast SEO plugin. -->","yoast_head_json":{"title":"Acheter du brome liquide en ligne - Bromine Liquid for Sale | Subszone","description":"Sur notre Subszone, vous pouvez obtenir du brome liquide en vente \u00e0 des prix avantageux. Ici, vous pouvez acheter du brome liquide en ligne avec une haute qualit\u00e9 de notre magasin maintenant avec un service d'exp\u00e9dition rapide et s\u00e9curis\u00e9. Commandez maintenant !","robots":{"index":"index","follow":"follow","max-snippet":"max-snippet:-1","max-image-preview":"max-image-preview:large","max-video-preview":"max-video-preview:-1"},"canonical":"https:\/\/subszone.com\/fr\/product\/brome-liquide\/","og_locale":"fr_FR","og_type":"article","og_title":"Buy Bromine Liquid Online - Bromine Liquid for Sale | Subszone","og_description":"At our Subszone, you can get bromine liquid for sale at cheap rates. Here you can buy bromine liquid online with high-quality from our store now with fast & secure shipping service. Order Now!","og_url":"https:\/\/subszone.com\/fr\/product\/brome-liquide\/","og_site_name":"SubsZone","article_modified_time":"2025-08-01T08:28:27+00:00","og_image":[{"width":600,"height":600,"url":"https:\/\/subszone.com\/wp-content\/uploads\/2024\/10\/Bromine-liquid-2-1.gif","type":"image\/gif"}],"twitter_card":"summary_large_image","twitter_misc":{"Dur\u00e9e de lecture estim\u00e9e":"3 minutes"},"schema":{"@context":"https:\/\/schema.org","@graph":[{"@type":"WebPage","@id":"https:\/\/subszone.com\/product\/bromine-liquid\/","url":"https:\/\/subszone.com\/product\/bromine-liquid\/","name":"Acheter du brome liquide en ligne - Bromine Liquid for Sale | Subszone","isPartOf":{"@id":"https:\/\/subszone.com\/#website"},"primaryImageOfPage":{"@id":"https:\/\/subszone.com\/product\/bromine-liquid\/#primaryimage"},"image":{"@id":"https:\/\/subszone.com\/product\/bromine-liquid\/#primaryimage"},"thumbnailUrl":"https:\/\/subszone.com\/wp-content\/uploads\/2024\/10\/Bromine-liquid-2-1.gif","datePublished":"2024-10-23T11:13:39+00:00","dateModified":"2025-08-01T08:28:27+00:00","description":"Sur notre Subszone, vous pouvez obtenir du brome liquide en vente \u00e0 des prix avantageux. Ici, vous pouvez acheter du brome liquide en ligne avec une haute qualit\u00e9 de notre magasin maintenant avec un service d'exp\u00e9dition rapide et s\u00e9curis\u00e9. Commandez maintenant !","breadcrumb":{"@id":"https:\/\/subszone.com\/product\/bromine-liquid\/#breadcrumb"},"inLanguage":"fr-FR","potentialAction":[{"@type":"ReadAction","target":["https:\/\/subszone.com\/product\/bromine-liquid\/"]}]},{"@type":"ImageObject","inLanguage":"fr-FR","@id":"https:\/\/subszone.com\/product\/bromine-liquid\/#primaryimage","url":"https:\/\/subszone.com\/wp-content\/uploads\/2024\/10\/Bromine-liquid-2-1.gif","contentUrl":"https:\/\/subszone.com\/wp-content\/uploads\/2024\/10\/Bromine-liquid-2-1.gif","width":600,"height":600,"caption":"Buy Bromine liquid Online"},{"@type":"BreadcrumbList","@id":"https:\/\/subszone.com\/product\/bromine-liquid\/#breadcrumb","itemListElement":[{"@type":"ListItem","position":1,"name":"Home","item":"https:\/\/subszone.com\/"},{"@type":"ListItem","position":2,"name":"Shop","item":"https:\/\/subszone.com\/shop\/"},{"@type":"ListItem","position":3,"name":"Buy Bromine liquid Online"}]},{"@type":"WebSite","@id":"https:\/\/subszone.com\/#website","url":"https:\/\/subszone.com\/","name":"SubsZone","description":"Mon blog WordPress","publisher":{"@id":"https:\/\/subszone.com\/#organization"},"potentialAction":[{"@type":"SearchAction","target":{"@type":"EntryPoint","urlTemplate":"https:\/\/subszone.com\/?s={search_term_string}"},"query-input":{"@type":"PropertyValueSpecification","valueRequired":true,"valueName":"search_term_string"}}],"inLanguage":"fr-FR"},{"@type":"Organization","@id":"https:\/\/subszone.com\/#organization","name":"SubsZone","url":"https:\/\/subszone.com\/","logo":{"@type":"ImageObject","inLanguage":"fr-FR","@id":"https:\/\/subszone.com\/#\/schema\/logo\/image\/","url":"https:\/\/subszone.com\/wp-content\/uploads\/2024\/10\/logo.png","contentUrl":"https:\/\/subszone.com\/wp-content\/uploads\/2024\/10\/logo.png","width":193,"height":50,"caption":"SubsZone"},"image":{"@id":"https:\/\/subszone.com\/#\/schema\/logo\/image\/"}}]}},"_links":{"self":[{"href":"https:\/\/subszone.com\/fr\/wp-json\/wp\/v2\/product\/1115","targetHints":{"allow":["GET"]}}],"collection":[{"href":"https:\/\/subszone.com\/fr\/wp-json\/wp\/v2\/product"}],"about":[{"href":"https:\/\/subszone.com\/fr\/wp-json\/wp\/v2\/types\/product"}],"replies":[{"embeddable":true,"href":"https:\/\/subszone.com\/fr\/wp-json\/wp\/v2\/comments?post=1115"}],"wp:featuredmedia":[{"embeddable":true,"href":"https:\/\/subszone.com\/fr\/wp-json\/wp\/v2\/media\/1439"}],"wp:attachment":[{"href":"https:\/\/subszone.com\/fr\/wp-json\/wp\/v2\/media?parent=1115"}],"wp:term":[{"taxonomy":"product_brand","embeddable":true,"href":"https:\/\/subszone.com\/fr\/wp-json\/wp\/v2\/product_brand?post=1115"},{"taxonomy":"product_cat","embeddable":true,"href":"https:\/\/subszone.com\/fr\/wp-json\/wp\/v2\/product_cat?post=1115"},{"taxonomy":"product_tag","embeddable":true,"href":"https:\/\/subszone.com\/fr\/wp-json\/wp\/v2\/product_tag?post=1115"}],"curies":[{"name":"wp","href":"https:\/\/api.w.org\/{rel}","templated":true}]}}