{"id":1117,"date":"2024-10-23T11:14:02","date_gmt":"2024-10-23T11:14:02","guid":{"rendered":"https:\/\/subszone.com\/?post_type=product&#038;p=1117"},"modified":"2025-05-30T11:10:15","modified_gmt":"2025-05-30T11:10:15","slug":"chlore-gazeux","status":"publish","type":"product","link":"https:\/\/subszone.com\/fr\/product\/chlore-gazeux\/","title":{"rendered":"Acheter du chlore gazeux en ligne"},"content":{"rendered":"<h2><b>Acheter du chlore gazeux en ligne - Cl\u2082 de haute puret\u00e9 pour les applications industrielles et municipales<\/b><\/h2>\n<p><span style=\"font-weight: 400;\">Envisager de <\/span><a href=\"https:\/\/subszone.com\/fr\/product\/chlore-gazeux\/\"><b>Acheter du chlore gazeux en ligne<\/b><\/a><span style=\"font-weight: 400;\"> d'un fournisseur de confiance ? Nous proposons du chlore gazeux (Cl\u2082) de haute puret\u00e9, emball\u00e9 et livr\u00e9 en toute s\u00e9curit\u00e9, conform\u00e9ment \u00e0 toutes les r\u00e9glementations en mati\u00e8re de s\u00e9curit\u00e9. Largement utilis\u00e9 dans le traitement de l'eau, la d\u00e9sinfection et la fabrication de produits chimiques, le chlore gazeux reste un produit chimique industriel essentiel, d\u00e9sormais plus facile d'acc\u00e8s que jamais gr\u00e2ce \u00e0 notre syst\u00e8me de commande en ligne simplifi\u00e9.<\/span><\/p>\n<p><span style=\"font-weight: 400;\">Que vous g\u00e9riez des syst\u00e8mes d'eau municipaux, des processus d'assainissement ou des lignes de production de produits chimiques, notre chlore gazeux de premi\u00e8re qualit\u00e9 offre des performances, une puret\u00e9 et une s\u00e9curit\u00e9 fiables dans chaque bouteille.<\/span><\/p>\n<h3><b>Principales caract\u00e9ristiques et avantages<\/b><\/h3>\n<ul>\n<li style=\"font-weight: 400;\" aria-level=\"1\"><span style=\"font-weight: 400;\">\u00a0<\/span><b>Cl\u2082 de haute puret\u00e9<\/b><span style=\"font-weight: 400;\"> - Chlore gazeux de qualit\u00e9 industrielle avec une composition constante pour les applications critiques<\/span><span style=\"font-weight: 400;\">\n<p><\/span><\/li>\n<li style=\"font-weight: 400;\" aria-level=\"1\"><span style=\"font-weight: 400;\">\u00a0<\/span><b>Plusieurs tailles de cylindres<\/b><span style=\"font-weight: 400;\"> - Disponibles en volumes de bouteilles standard et personnalis\u00e9s pour r\u00e9pondre aux besoins \u00e0 petite ou grande \u00e9chelle.<\/span><span style=\"font-weight: 400;\">\n<p><\/span><\/li>\n<li style=\"font-weight: 400;\" aria-level=\"1\"><span style=\"font-weight: 400;\">\u00a0<\/span><b>Emballage s\u00e9curis\u00e9 et conforme aux normes Hazmat<\/b><span style=\"font-weight: 400;\"> - Livr\u00e9s dans des conteneurs approuv\u00e9s par le minist\u00e8re des transports et accompagn\u00e9s d'une documentation compl\u00e8te.<\/span><span style=\"font-weight: 400;\">\n<p><\/span><\/li>\n<li style=\"font-weight: 400;\" aria-level=\"1\"><span style=\"font-weight: 400;\">\u00a0<\/span><b>Exp\u00e9dition rapide et fiable<\/b><span style=\"font-weight: 400;\"> - Options de livraison \u00e0 l'\u00e9chelle nationale avec des protocoles de transport appropri\u00e9s pour les gaz dangereux<\/span><span style=\"font-weight: 400;\">\n<p><\/span><\/li>\n<li style=\"font-weight: 400;\" aria-level=\"1\"><span style=\"font-weight: 400;\">\u00a0<\/span><b>Prix comp\u00e9titifs<\/b><span style=\"font-weight: 400;\"> - Obtenir <\/span><b>Prix du chlore gazeux bon march\u00e9<\/b><span style=\"font-weight: 400;\"> sans compromettre la qualit\u00e9 ou la conformit\u00e9<\/span><span style=\"font-weight: 400;\">\n<p><\/span><\/li>\n<\/ul>\n<h3><b>Sp\u00e9cifications<\/b><\/h3>\n<ul>\n<li style=\"font-weight: 400;\" aria-level=\"1\"><b>Nom chimique<\/b><span style=\"font-weight: 400;\">: Chlore gazeux<\/span><span style=\"font-weight: 400;\">\n<p><\/span><\/li>\n<li style=\"font-weight: 400;\" aria-level=\"1\"><b>Formule<\/b><span style=\"font-weight: 400;\">: Cl\u2082<\/span><span style=\"font-weight: 400;\">\n<p><\/span><\/li>\n<li style=\"font-weight: 400;\" aria-level=\"1\"><b>Apparence<\/b><span style=\"font-weight: 400;\">: Gaz jaune verd\u00e2tre \u00e0 l'odeur forte et caract\u00e9ristique.<\/span><span style=\"font-weight: 400;\">\n<p><\/span><\/li>\n<li style=\"font-weight: 400;\" aria-level=\"1\"><b>Grade<\/b><span style=\"font-weight: 400;\">: Qualit\u00e9 industrielle \/ traitement de l'eau<\/span><span style=\"font-weight: 400;\">\n<p><\/span><\/li>\n<li style=\"font-weight: 400;\" aria-level=\"1\"><b>Emballage<\/b><span style=\"font-weight: 400;\">: Cylindres en acier sous pression (diff\u00e9rentes tailles disponibles)<\/span><span style=\"font-weight: 400;\">\n<p><\/span><\/li>\n<li style=\"font-weight: 400;\" aria-level=\"1\"><b>La puret\u00e9<\/b><span style=\"font-weight: 400;\">99.5% et plus<\/span><span style=\"font-weight: 400;\">\n<p><\/span><\/li>\n<li style=\"font-weight: 400;\" aria-level=\"1\"><b>Num\u00e9ro ONU<\/b><span style=\"font-weight: 400;\">: UN1017 (Classe de danger : 2.3 Gaz toxique)<\/span><span style=\"font-weight: 400;\">\n<p><\/span><\/li>\n<\/ul>\n<h3><b>Applications<\/b><\/h3>\n<ul>\n<li style=\"font-weight: 400;\" aria-level=\"1\"><span style=\"font-weight: 400;\">\u00a0<\/span><b>Traitement et d\u00e9sinfection des eaux municipales<\/b><b>\n<p><\/b><\/li>\n<li style=\"font-weight: 400;\" aria-level=\"1\"><span style=\"font-weight: 400;\">\u00a0<\/span><b>Assainissement industriel et synth\u00e8se chimique<\/b><b>\n<p><\/b><\/li>\n<li style=\"font-weight: 400;\" aria-level=\"1\"><span style=\"font-weight: 400;\">\u00a0<\/span><b>Production d'eau de Javel et de produits de nettoyage<\/b><b>\n<p><\/b><\/li>\n<li style=\"font-weight: 400;\" aria-level=\"1\"><span style=\"font-weight: 400;\">\u00a0<\/span><b>Chloration des piscines (\u00e0 l'\u00e9chelle commerciale)<\/b><b>\n<p><\/b><\/li>\n<\/ul>\n<h3><b>S\u00e9curit\u00e9 et manutention<\/b><\/h3>\n<p><span style=\"font-weight: 400;\">Le chlore gazeux est hautement toxique et corrosif. Seul un personnel form\u00e9 doit manipuler ce produit en utilisant un \u00e9quipement de protection approuv\u00e9 et une ventilation ad\u00e9quate. Une fiche de donn\u00e9es de s\u00e9curit\u00e9 compl\u00e8te (MSDS) est fournie avec chaque commande.<\/span><\/p>\n<ul>\n<li style=\"font-weight: 400;\" aria-level=\"1\"><span style=\"font-weight: 400;\">Stocker dans des endroits frais et bien ventil\u00e9s<\/span><span style=\"font-weight: 400;\">\n<p><\/span><\/li>\n<li style=\"font-weight: 400;\" aria-level=\"1\"><span style=\"font-weight: 400;\">\u00c9viter le contact direct ou l'inhalation<\/span><span style=\"font-weight: 400;\">\n<p><\/span><\/li>\n<li style=\"font-weight: 400;\" aria-level=\"1\"><span style=\"font-weight: 400;\">Transporter et utiliser uniquement en conformit\u00e9 avec les r\u00e9glementations locales et internationales relatives aux mati\u00e8res dangereuses.<\/span><span style=\"font-weight: 400;\">\n<p><\/span><\/li>\n<\/ul>\n<h3><b>Tarifs et remises<\/b><\/h3>\n<p><span style=\"font-weight: 400;\">Nous proposons des prix transparents et comp\u00e9titifs avec des remises sur les commandes de gros volumes. Que vous commandiez un seul cylindre ou que vous coordonniez un approvisionnement industriel en vrac, nos prix vous garantissent un excellent rapport qualit\u00e9-prix.<\/span><\/p>\n<ul>\n<li style=\"font-weight: 400;\" aria-level=\"1\"><span style=\"font-weight: 400;\">Remises sur les commandes en gros disponibles<\/span><span style=\"font-weight: 400;\">\n<p><\/span><\/li>\n<li style=\"font-weight: 400;\" aria-level=\"1\"><span style=\"font-weight: 400;\">Devis personnalis\u00e9s pour les contrats industriels r\u00e9currents<\/span><span style=\"font-weight: 400;\">\n<p><\/span><\/li>\n<li style=\"font-weight: 400;\" aria-level=\"1\"><span style=\"font-weight: 400;\">L'un des <\/span><a href=\"https:\/\/en.wikipedia.org\/wiki\/Chlorine\"><b>Les meilleurs endroits pour acheter du chlore gazeux<\/b><\/a><span style=\"font-weight: 400;\"> pour la tarification et l'assistance<\/span><span style=\"font-weight: 400;\">\n<p><\/span><\/li>\n<\/ul>\n<h3><b>Pourquoi nous choisir ?<\/b><\/h3>\n<p><span style=\"font-weight: 400;\">Nous ne sommes pas un simple fournisseur de produits chimiques - nous sommes votre partenaire de confiance pour une livraison s\u00fbre, conforme et efficace de chlore gazeux. Notre r\u00e9putation de fiabilit\u00e9, de rapidit\u00e9 de service et de respect des r\u00e9glementations fait de nous le meilleur fournisseur de gaz chlor\u00e9. <\/span><b>Meilleur endroit pour acheter du chlore gazeux en ligne<\/b><span style=\"font-weight: 400;\">.<\/span><\/p>\n<h3><b>Commander<\/b><\/h3>\n<p><span style=\"font-weight: 400;\">Pr\u00eat \u00e0 <\/span><b>Commander du chlore gazeux en ligne<\/b><span style=\"font-weight: 400;\"> en toute confiance ? Parcourez les tailles de bouteilles disponibles, v\u00e9rifiez les stocks actuels et demandez un devis personnalis\u00e9 d\u00e8s aujourd'hui. Notre \u00e9quipe est l\u00e0 pour vous aider \u00e0 chaque \u00e9tape, de la s\u00e9lection des produits aux conseils en mati\u00e8re de r\u00e9glementation.<\/span><\/p>","protected":false},"excerpt":{"rendered":"<p>Le chlore gazeux (Cl\u2082) est un gaz jaune verd\u00e2tre \u00e0 l'odeur forte et piquante. C'est un \u00e9l\u00e9ment tr\u00e8s r\u00e9actif qui joue un r\u00f4le essentiel dans diverses applications industrielles. Reconnu pour ses propri\u00e9t\u00e9s d\u00e9sinfectantes, le chlore est largement utilis\u00e9 dans le traitement de l'eau, l'assainissement et la fabrication de produits chimiques.<\/p>\n<ul>\n<li><strong>Formule chimique<\/strong>: Cl\u2082<\/li>\n<li><strong>Masse molaire<\/strong>: 70,906 g\/mol<\/li>\n<li><strong>Densit\u00e9<\/strong>: 3,214 g\/L<\/li>\n<li><strong>Point d'\u00e9bullition<\/strong>: -34,04 \u00b0C (-29,27 \u00b0F)<\/li>\n<li><strong>Odeur<\/strong>: Aigu\u00eb et suffocante<\/li>\n<\/ul>","protected":false},"featured_media":1351,"comment_status":"open","ping_status":"closed","template":"","meta":{"_kadence_starter_templates_imported_post":false,"_kad_post_transparent":"default","_kad_post_title":"","_kad_post_layout":"default","_kad_post_sidebar_id":"","_kad_post_content_style":"default","_kad_post_vertical_padding":"default","_kad_post_feature":"","_kad_post_feature_position":"","_kad_post_header":false,"_kad_post_footer":false,"_joinchat":[]},"product_brand":[],"product_cat":[127],"product_tag":[130,131,132,133,134,135,136,137,138,139,140,141,142,143,144,145,146,147,148,149],"class_list":{"0":"post-1117","1":"product","2":"type-product","3":"status-publish","4":"has-post-thumbnail","6":"product_cat-water-treatment-and-disinfection","7":"product_tag-bulk-chlorine-gas-supplier","8":"product_tag-buy-chlorine-gas-in-bulk","9":"product_tag-buy-compressed-chlorine-gas","10":"product_tag-chlorine-gas-bulk-chemical-supplier","11":"product_tag-chlorine-gas-cas-7782-50-5","12":"product_tag-chlorine-gas-cas-number-supplier","13":"product_tag-chlorine-gas-chemical-compound","14":"product_tag-chlorine-gas-cylinder-supplier","15":"product_tag-chlorine-gas-for-chemical-manufacturing","16":"product_tag-chlorine-gas-for-disinfection","17":"product_tag-chlorine-gas-for-industrial-use","18":"product_tag-chlorine-gas-for-sale","19":"product_tag-chlorine-gas-for-water-treatment","20":"product_tag-chlorine-gas-handling-and-storage","21":"product_tag-chlorine-gas-iso-tank-supplier","22":"product_tag-chlorine-gas-price-per-ton","23":"product_tag-chlorine-gas-procurement","24":"product_tag-chlorine-gas-wholesale-distributor","25":"product_tag-high-purity-chlorine-gas-supplier","26":"product_tag-industrial-grade-chlorine-gas","28":"first","29":"instock","30":"shipping-taxable","31":"product-type-simple","32":"entry","33":"content-bg","34":"loop-entry"},"yoast_head":"<!-- This site is optimized with the Yoast SEO plugin v25.6 - https:\/\/yoast.com\/wordpress\/plugins\/seo\/ -->\n<title>Buy Chlorine Gas in Bulk Online - Chlorine Gas for Sale<\/title>\n<meta name=\"description\" content=\"If you are willing to get chlorine gas for sale, then we are the right choice for you. Our staff members will help you buy chlorine gas online at cheap rates. Place your order with us!\" \/>\n<meta name=\"robots\" content=\"index, follow, max-snippet:-1, max-image-preview:large, max-video-preview:-1\" \/>\n<link rel=\"canonical\" href=\"https:\/\/subszone.com\/fr\/product\/chlore-gazeux\/\" \/>\n<meta property=\"og:locale\" content=\"fr_FR\" \/>\n<meta property=\"og:type\" content=\"article\" \/>\n<meta property=\"og:title\" content=\"Buy Chlorine Gas in Bulk Online - Chlorine Gas for Sale\" \/>\n<meta property=\"og:description\" content=\"If you are willing to get chlorine gas for sale, then we are the right choice for you. Our staff members will help you buy chlorine gas online at cheap rates. Place your order with us!\" \/>\n<meta property=\"og:url\" content=\"https:\/\/subszone.com\/fr\/product\/chlore-gazeux\/\" \/>\n<meta property=\"og:site_name\" content=\"SubsZone\" \/>\n<meta property=\"article:modified_time\" content=\"2025-05-30T11:10:15+00:00\" \/>\n<meta property=\"og:image\" content=\"https:\/\/subszone.com\/wp-content\/uploads\/2024\/10\/ae40116d-41a9-4b58-9213-7a00ee8b6190.webp\" \/>\n\t<meta property=\"og:image:width\" content=\"1024\" \/>\n\t<meta property=\"og:image:height\" content=\"1024\" \/>\n\t<meta property=\"og:image:type\" content=\"image\/webp\" \/>\n<meta name=\"twitter:card\" content=\"summary_large_image\" \/>\n<meta name=\"twitter:label1\" content=\"Dur\u00e9e de lecture estim\u00e9e\" \/>\n\t<meta name=\"twitter:data1\" content=\"2 minutes\" \/>\n<script type=\"application\/ld+json\" class=\"yoast-schema-graph\">{\"@context\":\"https:\/\/schema.org\",\"@graph\":[{\"@type\":\"WebPage\",\"@id\":\"https:\/\/subszone.com\/product\/chlorine-gas\/\",\"url\":\"https:\/\/subszone.com\/product\/chlorine-gas\/\",\"name\":\"Buy Chlorine Gas in Bulk Online - Chlorine Gas for Sale\",\"isPartOf\":{\"@id\":\"https:\/\/subszone.com\/#website\"},\"primaryImageOfPage\":{\"@id\":\"https:\/\/subszone.com\/product\/chlorine-gas\/#primaryimage\"},\"image\":{\"@id\":\"https:\/\/subszone.com\/product\/chlorine-gas\/#primaryimage\"},\"thumbnailUrl\":\"https:\/\/subszone.com\/wp-content\/uploads\/2024\/10\/ae40116d-41a9-4b58-9213-7a00ee8b6190.webp\",\"datePublished\":\"2024-10-23T11:14:02+00:00\",\"dateModified\":\"2025-05-30T11:10:15+00:00\",\"description\":\"If you are willing to get chlorine gas for sale, then we are the right choice for you. Our staff members will help you buy chlorine gas online at cheap rates. Place your order with us!\",\"breadcrumb\":{\"@id\":\"https:\/\/subszone.com\/product\/chlorine-gas\/#breadcrumb\"},\"inLanguage\":\"fr-FR\",\"potentialAction\":[{\"@type\":\"ReadAction\",\"target\":[\"https:\/\/subszone.com\/product\/chlorine-gas\/\"]}]},{\"@type\":\"ImageObject\",\"inLanguage\":\"fr-FR\",\"@id\":\"https:\/\/subszone.com\/product\/chlorine-gas\/#primaryimage\",\"url\":\"https:\/\/subszone.com\/wp-content\/uploads\/2024\/10\/ae40116d-41a9-4b58-9213-7a00ee8b6190.webp\",\"contentUrl\":\"https:\/\/subszone.com\/wp-content\/uploads\/2024\/10\/ae40116d-41a9-4b58-9213-7a00ee8b6190.webp\",\"width\":1024,\"height\":1024,\"caption\":\"Buy Chlorine Gas Online\"},{\"@type\":\"BreadcrumbList\",\"@id\":\"https:\/\/subszone.com\/product\/chlorine-gas\/#breadcrumb\",\"itemListElement\":[{\"@type\":\"ListItem\",\"position\":1,\"name\":\"Home\",\"item\":\"https:\/\/subszone.com\/\"},{\"@type\":\"ListItem\",\"position\":2,\"name\":\"Shop\",\"item\":\"https:\/\/subszone.com\/shop\/\"},{\"@type\":\"ListItem\",\"position\":3,\"name\":\"Buy Chlorine Gas Online\"}]},{\"@type\":\"WebSite\",\"@id\":\"https:\/\/subszone.com\/#website\",\"url\":\"https:\/\/subszone.com\/\",\"name\":\"SubsZone\",\"description\":\"My WordPress Blog\",\"publisher\":{\"@id\":\"https:\/\/subszone.com\/#organization\"},\"potentialAction\":[{\"@type\":\"SearchAction\",\"target\":{\"@type\":\"EntryPoint\",\"urlTemplate\":\"https:\/\/subszone.com\/?s={search_term_string}\"},\"query-input\":{\"@type\":\"PropertyValueSpecification\",\"valueRequired\":true,\"valueName\":\"search_term_string\"}}],\"inLanguage\":\"fr-FR\"},{\"@type\":\"Organization\",\"@id\":\"https:\/\/subszone.com\/#organization\",\"name\":\"SubsZone\",\"url\":\"https:\/\/subszone.com\/\",\"logo\":{\"@type\":\"ImageObject\",\"inLanguage\":\"fr-FR\",\"@id\":\"https:\/\/subszone.com\/#\/schema\/logo\/image\/\",\"url\":\"https:\/\/subszone.com\/wp-content\/uploads\/2024\/10\/logo.png\",\"contentUrl\":\"https:\/\/subszone.com\/wp-content\/uploads\/2024\/10\/logo.png\",\"width\":193,\"height\":50,\"caption\":\"SubsZone\"},\"image\":{\"@id\":\"https:\/\/subszone.com\/#\/schema\/logo\/image\/\"}}]}<\/script>\n<!-- \/ Yoast SEO plugin. -->","yoast_head_json":{"title":"Acheter du chlore gazeux en vrac en ligne - Chlore gazeux en vente","description":"Si vous souhaitez acheter du chlore gazeux, nous sommes le bon choix pour vous. Nos collaborateurs vous aideront \u00e0 acheter du chlore gazeux en ligne \u00e0 des prix avantageux. Passez votre commande chez nous !","robots":{"index":"index","follow":"follow","max-snippet":"max-snippet:-1","max-image-preview":"max-image-preview:large","max-video-preview":"max-video-preview:-1"},"canonical":"https:\/\/subszone.com\/fr\/product\/chlore-gazeux\/","og_locale":"fr_FR","og_type":"article","og_title":"Buy Chlorine Gas in Bulk Online - Chlorine Gas for Sale","og_description":"If you are willing to get chlorine gas for sale, then we are the right choice for you. Our staff members will help you buy chlorine gas online at cheap rates. Place your order with us!","og_url":"https:\/\/subszone.com\/fr\/product\/chlore-gazeux\/","og_site_name":"SubsZone","article_modified_time":"2025-05-30T11:10:15+00:00","og_image":[{"width":1024,"height":1024,"url":"https:\/\/subszone.com\/wp-content\/uploads\/2024\/10\/ae40116d-41a9-4b58-9213-7a00ee8b6190.webp","type":"image\/webp"}],"twitter_card":"summary_large_image","twitter_misc":{"Dur\u00e9e de lecture estim\u00e9e":"2 minutes"},"schema":{"@context":"https:\/\/schema.org","@graph":[{"@type":"WebPage","@id":"https:\/\/subszone.com\/product\/chlorine-gas\/","url":"https:\/\/subszone.com\/product\/chlorine-gas\/","name":"Acheter du chlore gazeux en vrac en ligne - Chlore gazeux en vente","isPartOf":{"@id":"https:\/\/subszone.com\/#website"},"primaryImageOfPage":{"@id":"https:\/\/subszone.com\/product\/chlorine-gas\/#primaryimage"},"image":{"@id":"https:\/\/subszone.com\/product\/chlorine-gas\/#primaryimage"},"thumbnailUrl":"https:\/\/subszone.com\/wp-content\/uploads\/2024\/10\/ae40116d-41a9-4b58-9213-7a00ee8b6190.webp","datePublished":"2024-10-23T11:14:02+00:00","dateModified":"2025-05-30T11:10:15+00:00","description":"Si vous souhaitez acheter du chlore gazeux, nous sommes le bon choix pour vous. Nos collaborateurs vous aideront \u00e0 acheter du chlore gazeux en ligne \u00e0 des prix avantageux. Passez votre commande chez nous !","breadcrumb":{"@id":"https:\/\/subszone.com\/product\/chlorine-gas\/#breadcrumb"},"inLanguage":"fr-FR","potentialAction":[{"@type":"ReadAction","target":["https:\/\/subszone.com\/product\/chlorine-gas\/"]}]},{"@type":"ImageObject","inLanguage":"fr-FR","@id":"https:\/\/subszone.com\/product\/chlorine-gas\/#primaryimage","url":"https:\/\/subszone.com\/wp-content\/uploads\/2024\/10\/ae40116d-41a9-4b58-9213-7a00ee8b6190.webp","contentUrl":"https:\/\/subszone.com\/wp-content\/uploads\/2024\/10\/ae40116d-41a9-4b58-9213-7a00ee8b6190.webp","width":1024,"height":1024,"caption":"Buy Chlorine Gas Online"},{"@type":"BreadcrumbList","@id":"https:\/\/subszone.com\/product\/chlorine-gas\/#breadcrumb","itemListElement":[{"@type":"ListItem","position":1,"name":"Home","item":"https:\/\/subszone.com\/"},{"@type":"ListItem","position":2,"name":"Shop","item":"https:\/\/subszone.com\/shop\/"},{"@type":"ListItem","position":3,"name":"Buy Chlorine Gas Online"}]},{"@type":"WebSite","@id":"https:\/\/subszone.com\/#website","url":"https:\/\/subszone.com\/","name":"SubsZone","description":"Mon blog WordPress","publisher":{"@id":"https:\/\/subszone.com\/#organization"},"potentialAction":[{"@type":"SearchAction","target":{"@type":"EntryPoint","urlTemplate":"https:\/\/subszone.com\/?s={search_term_string}"},"query-input":{"@type":"PropertyValueSpecification","valueRequired":true,"valueName":"search_term_string"}}],"inLanguage":"fr-FR"},{"@type":"Organization","@id":"https:\/\/subszone.com\/#organization","name":"SubsZone","url":"https:\/\/subszone.com\/","logo":{"@type":"ImageObject","inLanguage":"fr-FR","@id":"https:\/\/subszone.com\/#\/schema\/logo\/image\/","url":"https:\/\/subszone.com\/wp-content\/uploads\/2024\/10\/logo.png","contentUrl":"https:\/\/subszone.com\/wp-content\/uploads\/2024\/10\/logo.png","width":193,"height":50,"caption":"SubsZone"},"image":{"@id":"https:\/\/subszone.com\/#\/schema\/logo\/image\/"}}]}},"_links":{"self":[{"href":"https:\/\/subszone.com\/fr\/wp-json\/wp\/v2\/product\/1117","targetHints":{"allow":["GET"]}}],"collection":[{"href":"https:\/\/subszone.com\/fr\/wp-json\/wp\/v2\/product"}],"about":[{"href":"https:\/\/subszone.com\/fr\/wp-json\/wp\/v2\/types\/product"}],"replies":[{"embeddable":true,"href":"https:\/\/subszone.com\/fr\/wp-json\/wp\/v2\/comments?post=1117"}],"wp:featuredmedia":[{"embeddable":true,"href":"https:\/\/subszone.com\/fr\/wp-json\/wp\/v2\/media\/1351"}],"wp:attachment":[{"href":"https:\/\/subszone.com\/fr\/wp-json\/wp\/v2\/media?parent=1117"}],"wp:term":[{"taxonomy":"product_brand","embeddable":true,"href":"https:\/\/subszone.com\/fr\/wp-json\/wp\/v2\/product_brand?post=1117"},{"taxonomy":"product_cat","embeddable":true,"href":"https:\/\/subszone.com\/fr\/wp-json\/wp\/v2\/product_cat?post=1117"},{"taxonomy":"product_tag","embeddable":true,"href":"https:\/\/subszone.com\/fr\/wp-json\/wp\/v2\/product_tag?post=1117"}],"curies":[{"name":"wp","href":"https:\/\/api.w.org\/{rel}","templated":true}]}}