{"id":1118,"date":"2024-10-23T11:14:05","date_gmt":"2024-10-23T11:14:05","guid":{"rendered":"https:\/\/subszone.com\/?post_type=product&#038;p=1118"},"modified":"2025-08-01T08:32:34","modified_gmt":"2025-08-01T08:32:34","slug":"chloroforme","status":"publish","type":"product","link":"https:\/\/subszone.com\/fr\/product\/chloroforme\/","title":{"rendered":"Acheter du chloroforme en ligne"},"content":{"rendered":"<h2><b>Guide d'information pour l'achat en ligne de chloroforme pour utilisation en laboratoire<\/b><\/h2>\n<h3><b>Introduction au chloroforme<\/b><\/h3>\n<p><a href=\"https:\/\/subszone.com\/fr\/product\/chloroforme\/\"><b>Chloroforme<\/b><\/a><span style=\"font-weight: 400;\"> (nom chimique : <\/span><b>trichlorom\u00e9thane<\/b><span style=\"font-weight: 400;\">, formule : <\/span><b>CHCl\u2083<\/b><span style=\"font-weight: 400;\">) est un <\/span><b>liquide incolore, volatil<\/b><span style=\"font-weight: 400;\"> avec une odeur douce et sucr\u00e9e. Autrefois utilis\u00e9 comme anesth\u00e9sique, son r\u00f4le dans la science moderne s'est principalement d\u00e9plac\u00e9 vers les environnements de laboratoire contr\u00f4l\u00e9s, en particulier dans les domaines suivants <\/span><b>synth\u00e8se organique<\/b><span style=\"font-weight: 400;\"> et <\/span><b>biotechnologie<\/b><span style=\"font-weight: 400;\">.<\/span><\/p>\n<p><span style=\"font-weight: 400;\">Les propri\u00e9t\u00e9s uniques de solvant du chloroforme l'ont rendu indispensable dans les domaines suivants <\/span><b>laboratoires chimiques<\/b><span style=\"font-weight: 400;\">mais en raison de sa toxicit\u00e9 et de son potentiel d'utilisation abusive, il est <\/span><b>\u00e9troitement r\u00e9glement\u00e9<\/b><span style=\"font-weight: 400;\"> dans la plupart des juridictions.<\/span><\/p>\n<h3><b>Utilisations courantes du chloroforme<\/b><\/h3>\n<p><span style=\"font-weight: 400;\">Le chloroforme est aujourd'hui utilis\u00e9 presque exclusivement pour <\/span><b>recherche et applications industrielles<\/b><span style=\"font-weight: 400;\">y compris :<\/span><\/p>\n<ul>\n<li style=\"font-weight: 400;\" aria-level=\"1\"><b>Chimie organique :<\/b><span style=\"font-weight: 400;\"> Solvant non polaire utilis\u00e9 dans les r\u00e9actions et les pr\u00e9parations d'\u00e9chantillons.<\/span>&nbsp;<\/li>\n<li style=\"font-weight: 400;\" aria-level=\"1\"><b>Protocoles d'extraction de l'ADN :<\/b><span style=\"font-weight: 400;\"> Couramment utilis\u00e9 dans les m\u00e9thodes d'extraction ph\u00e9nol-chloroforme pour isoler les acides nucl\u00e9iques dans les laboratoires de biologie mol\u00e9culaire.<\/span>&nbsp;<\/li>\n<li style=\"font-weight: 400;\" aria-level=\"1\"><b>Synth\u00e8se industrielle et pharmaceutique :<\/b><span style=\"font-weight: 400;\"> Dans des niches, souvent soumises \u00e0 des contr\u00f4les stricts, le chloroforme sert de solvant interm\u00e9diaire ou de solvant de traitement.<\/span>&nbsp;<\/li>\n<\/ul>\n<h3><b>Statut juridique et consid\u00e9rations r\u00e9glementaires<\/b><\/h3>\n<h3><b>Classification contr\u00f4l\u00e9e<\/b><\/h3>\n<p><span style=\"font-weight: 400;\">Le chloroforme est class\u00e9 comme <\/span><b>substance dangereuse<\/b><span style=\"font-weight: 400;\"> et est r\u00e9glement\u00e9 par :<\/span><\/p>\n<ul>\n<li style=\"font-weight: 400;\" aria-level=\"1\"><b>La loi sur le contr\u00f4le des substances toxiques (TSCA)<\/b><span style=\"font-weight: 400;\"> aux \u00c9tats-Unis.<\/span>&nbsp;<\/li>\n<li style=\"font-weight: 400;\" aria-level=\"1\"><b>R\u00e8glement REACH<\/b><span style=\"font-weight: 400;\"> dans l'UE<\/span>&nbsp;<\/li>\n<li style=\"font-weight: 400;\" aria-level=\"1\"><span style=\"font-weight: 400;\">Restrictions suppl\u00e9mentaires au Canada, en Australie et au Royaume-Uni.<\/span>&nbsp;<\/li>\n<\/ul>\n<h3><b>Exigences en mati\u00e8re d'achat<\/b><\/h3>\n<ul>\n<li style=\"font-weight: 400;\" aria-level=\"1\"><b>Permis ou licences<\/b><span style=\"font-weight: 400;\"> peut \u00eatre n\u00e9cessaire pour l'achat en fonction du pays et du cas d'utilisation.<\/span>&nbsp;<\/li>\n<li style=\"font-weight: 400;\" aria-level=\"1\"><b>Titres de comp\u00e9tences professionnelles ou institutionnelles<\/b><span style=\"font-weight: 400;\"> sont g\u00e9n\u00e9ralement n\u00e9cessaires.<\/span><b>les particuliers ne peuvent pas acheter l\u00e9galement du chloroforme<\/b><span style=\"font-weight: 400;\"> dans la plupart des r\u00e9gions.<\/span>&nbsp;<\/li>\n<\/ul>\n<h3><b>Restrictions<\/b><\/h3>\n<ul>\n<li style=\"font-weight: 400;\" aria-level=\"1\"><span style=\"font-weight: 400;\">L'utilisation non professionnelle ou r\u00e9cr\u00e9ative est <\/span><b>strictement interdit<\/b><span style=\"font-weight: 400;\">.<\/span>&nbsp;<\/li>\n<li style=\"font-weight: 400;\" aria-level=\"1\"><span style=\"font-weight: 400;\">L'importation\/exportation et le stockage sont soumis aux r\u00e9glementations locales en mati\u00e8re de s\u00e9curit\u00e9 chimique et d'environnement.<\/span>&nbsp;<\/li>\n<\/ul>\n<h3><b>Lignes directrices en mati\u00e8re de s\u00e9curit\u00e9 et de manipulation<\/b><\/h3>\n<p><span style=\"font-weight: 400;\"><a href=\"https:\/\/en.wikipedia.org\/wiki\/Chloroform\">Chloroforme<\/a> doit \u00eatre trait\u00e9 avec une extr\u00eame prudence en raison de son <\/span><b>risques sanitaires connus<\/b><span style=\"font-weight: 400;\">y compris :<\/span><\/p>\n<ul>\n<li style=\"font-weight: 400;\" aria-level=\"1\"><b>H\u00e9patotoxicit\u00e9 et n\u00e9phrotoxicit\u00e9<\/b>&nbsp;<\/li>\n<li style=\"font-weight: 400;\" aria-level=\"1\"><b>Effets canc\u00e9rog\u00e8nes possibles<\/b><span style=\"font-weight: 400;\"> (Groupe 2B du CIRC)<\/span>&nbsp;<\/li>\n<li style=\"font-weight: 400;\" aria-level=\"1\"><span style=\"font-weight: 400;\">D\u00e9pression du syst\u00e8me nerveux central \u00e0 des concentrations \u00e9lev\u00e9es<\/span>&nbsp;<\/li>\n<\/ul>\n<h3><b>Mesures de s\u00e9curit\u00e9 requises<\/b><\/h3>\n<ul>\n<li style=\"font-weight: 400;\" aria-level=\"1\"><span style=\"font-weight: 400;\">Utilisation dans un <\/span><b>hotte bien ventil\u00e9e<\/b>&nbsp;<\/li>\n<li style=\"font-weight: 400;\" aria-level=\"1\"><span style=\"font-weight: 400;\">\u00c9quipement de protection individuelle (EPI) : gants, lunettes, blouse de laboratoire<\/span>&nbsp;<\/li>\n<li style=\"font-weight: 400;\" aria-level=\"1\"><span style=\"font-weight: 400;\">Stockage en <\/span><b>r\u00e9cipients en verre ambr\u00e9 herm\u00e9tiquement ferm\u00e9s<\/b><span style=\"font-weight: 400;\">\u00e0 l'abri de la chaleur et de la lumi\u00e8re<\/span>&nbsp;<\/li>\n<\/ul>\n<h3><b>Protocole d'\u00e9limination<\/b><\/h3>\n<p><span style=\"font-weight: 400;\">Doit \u00eatre \u00e9limin\u00e9 comme <\/span><b>d\u00e9chets chimiques dangereux<\/b><span style=\"font-weight: 400;\"> par l'interm\u00e9diaire de services d'\u00e9limination certifi\u00e9s, jamais par l'interm\u00e9diaire des d\u00e9chets g\u00e9n\u00e9raux ou des \u00e9gouts.<\/span><\/p>\n<h3><b>O\u00f9 acheter du chloroforme en ligne<\/b><\/h3>\n<p><span style=\"font-weight: 400;\">Lors de l'achat de chloroforme, il est essentiel de <\/span><b>s'approvisionner uniquement aupr\u00e8s de fournisseurs de produits chimiques agr\u00e9\u00e9s et certifi\u00e9s<\/b><span style=\"font-weight: 400;\">. \u00c9vitez les places de march\u00e9 tierces ou les sites web non r\u00e9glement\u00e9s.<\/span><\/p>\n<h3><b>Ce qu'il faut rechercher chez un fournisseur de bonne r\u00e9putation<\/b><\/h3>\n<ul>\n<li style=\"font-weight: 400;\" aria-level=\"1\"><b>Preuve de l'agr\u00e9ment de l'entreprise<\/b>&nbsp;<\/li>\n<li style=\"font-weight: 400;\" aria-level=\"1\"><span style=\"font-weight: 400;\">Disponibilit\u00e9 de <\/span><b>FDS (Fiches de donn\u00e9es de s\u00e9curit\u00e9)<\/b><span style=\"font-weight: 400;\"> et <\/span><b>COAs (Certificats d'analyse)<\/b>&nbsp;<\/li>\n<li style=\"font-weight: 400;\" aria-level=\"1\"><span style=\"font-weight: 400;\">Politiques d'exp\u00e9dition transparentes et respect de la r\u00e9glementation<\/span>&nbsp;<\/li>\n<li style=\"font-weight: 400;\" aria-level=\"1\"><span style=\"font-weight: 400;\">Canaux de distribution de produits chimiques B2B d\u00e9di\u00e9s<\/span>&nbsp;<\/li>\n<\/ul>\n<h3><b>Conclusion<\/b><\/h3>\n<p><span style=\"font-weight: 400;\">L'achat de chloroforme en ligne n\u00e9cessite une <\/span><b>compr\u00e9hension approfondie des responsabilit\u00e9s juridiques et des protocoles de s\u00e9curit\u00e9<\/b><span style=\"font-weight: 400;\">. Seulement <\/span><b>les professionnels ou institutions agr\u00e9\u00e9s<\/b><span style=\"font-weight: 400;\"> doit g\u00e9rer ce compos\u00e9, et seulement pour les <\/span><b>des applications industrielles ou de recherche approuv\u00e9es<\/b><span style=\"font-weight: 400;\">.<\/span><\/p>\n<h3><b>Derniers rappels :<\/b><\/h3>\n<ul>\n<li style=\"font-weight: 400;\" aria-level=\"1\"><span style=\"font-weight: 400;\">Toujours v\u00e9rifier la l\u00e9galit\u00e9 avant l'achat<\/span>&nbsp;<\/li>\n<li style=\"font-weight: 400;\" aria-level=\"1\"><span style=\"font-weight: 400;\">N'essayez jamais d'acheter du chloroforme sans \u00eatre d\u00fbment accr\u00e9dit\u00e9.<\/span>&nbsp;<\/li>\n<\/ul>","protected":false},"excerpt":{"rendered":"<p>Le chloroforme, dont la formule chimique est CHCl\u2083, est un liquide incolore et volatil \u00e0 l'odeur douce\u00e2tre. Il a \u00e9t\u00e9 utilis\u00e9 dans diverses applications, en particulier dans les laboratoires et les industries, mais il pr\u00e9sente \u00e9galement des risques importants pour la sant\u00e9 et la s\u00e9curit\u00e9. Voici un aper\u00e7u du chloroforme, de ses propri\u00e9t\u00e9s, de ses utilisations, des consid\u00e9rations de s\u00e9curit\u00e9 et des aspects r\u00e9glementaires.<\/p>\n<ul>\n<li><strong>\u00c9tat physique<\/strong>: Liquide incolore \u00e0 temp\u00e9rature ambiante.<\/li>\n<li><strong>Odeur<\/strong>: Odeur sucr\u00e9e caract\u00e9ristique, qui peut induire en erreur quant \u00e0 sa toxicit\u00e9.<\/li>\n<li><strong>Point d'\u00e9bullition<\/strong>: Environ 61,2 \u00b0C (142,2 \u00b0F).<\/li>\n<li><strong>Solubilit\u00e9<\/strong>: L\u00e9g\u00e8rement soluble dans l'eau mais miscible avec les solvants organiques.<\/li>\n<\/ul>","protected":false},"featured_media":1436,"comment_status":"open","ping_status":"closed","template":"","meta":{"_kadence_starter_templates_imported_post":false,"_kad_post_transparent":"default","_kad_post_title":"","_kad_post_layout":"default","_kad_post_sidebar_id":"","_kad_post_content_style":"default","_kad_post_vertical_padding":"default","_kad_post_feature":"","_kad_post_feature_position":"","_kad_post_header":false,"_kad_post_footer":false,"_joinchat":[]},"product_brand":[],"product_cat":[126],"product_tag":[],"class_list":{"0":"post-1118","1":"product","2":"type-product","3":"status-publish","4":"has-post-thumbnail","6":"product_cat-environmental-and-health-hazards","8":"first","9":"instock","10":"shipping-taxable","11":"product-type-simple","12":"entry","13":"content-bg","14":"loop-entry"},"yoast_head":"<!-- This site is optimized with the Yoast SEO plugin v25.6 - https:\/\/yoast.com\/wordpress\/plugins\/seo\/ -->\n<title>Buy Chloroform Supplier Online - Chloroform for Sale<\/title>\n<meta name=\"description\" content=\"Do not miss any opportunity to buy chloroform supplier online from our store. We are exclusively dealing with chloroform for sale at cheap rates. We are here to help you. Order now!\" \/>\n<meta name=\"robots\" content=\"index, follow, max-snippet:-1, max-image-preview:large, max-video-preview:-1\" \/>\n<link rel=\"canonical\" href=\"https:\/\/subszone.com\/fr\/product\/chloroforme\/\" \/>\n<meta property=\"og:locale\" content=\"fr_FR\" \/>\n<meta property=\"og:type\" content=\"article\" \/>\n<meta property=\"og:title\" content=\"Buy Chloroform Supplier Online - Chloroform for Sale\" \/>\n<meta property=\"og:description\" content=\"Do not miss any opportunity to buy chloroform supplier online from our store. We are exclusively dealing with chloroform for sale at cheap rates. We are here to help you. Order now!\" \/>\n<meta property=\"og:url\" content=\"https:\/\/subszone.com\/fr\/product\/chloroforme\/\" \/>\n<meta property=\"og:site_name\" content=\"SubsZone\" \/>\n<meta property=\"article:modified_time\" content=\"2025-08-01T08:32:34+00:00\" \/>\n<meta property=\"og:image\" content=\"https:\/\/subszone.com\/wp-content\/uploads\/2024\/10\/Chloroform-2.gif\" \/>\n\t<meta property=\"og:image:width\" content=\"600\" \/>\n\t<meta property=\"og:image:height\" content=\"600\" \/>\n\t<meta property=\"og:image:type\" content=\"image\/gif\" \/>\n<meta name=\"twitter:card\" content=\"summary_large_image\" \/>\n<meta name=\"twitter:label1\" content=\"Dur\u00e9e de lecture estim\u00e9e\" \/>\n\t<meta name=\"twitter:data1\" content=\"3 minutes\" \/>\n<script type=\"application\/ld+json\" class=\"yoast-schema-graph\">{\"@context\":\"https:\/\/schema.org\",\"@graph\":[{\"@type\":\"WebPage\",\"@id\":\"https:\/\/subszone.com\/product\/chloroform\/\",\"url\":\"https:\/\/subszone.com\/product\/chloroform\/\",\"name\":\"Buy Chloroform Supplier Online - Chloroform for Sale\",\"isPartOf\":{\"@id\":\"https:\/\/subszone.com\/#website\"},\"primaryImageOfPage\":{\"@id\":\"https:\/\/subszone.com\/product\/chloroform\/#primaryimage\"},\"image\":{\"@id\":\"https:\/\/subszone.com\/product\/chloroform\/#primaryimage\"},\"thumbnailUrl\":\"https:\/\/subszone.com\/wp-content\/uploads\/2024\/10\/Chloroform-2.gif\",\"datePublished\":\"2024-10-23T11:14:05+00:00\",\"dateModified\":\"2025-08-01T08:32:34+00:00\",\"description\":\"Do not miss any opportunity to buy chloroform supplier online from our store. We are exclusively dealing with chloroform for sale at cheap rates. We are here to help you. Order now!\",\"breadcrumb\":{\"@id\":\"https:\/\/subszone.com\/product\/chloroform\/#breadcrumb\"},\"inLanguage\":\"fr-FR\",\"potentialAction\":[{\"@type\":\"ReadAction\",\"target\":[\"https:\/\/subszone.com\/product\/chloroform\/\"]}]},{\"@type\":\"ImageObject\",\"inLanguage\":\"fr-FR\",\"@id\":\"https:\/\/subszone.com\/product\/chloroform\/#primaryimage\",\"url\":\"https:\/\/subszone.com\/wp-content\/uploads\/2024\/10\/Chloroform-2.gif\",\"contentUrl\":\"https:\/\/subszone.com\/wp-content\/uploads\/2024\/10\/Chloroform-2.gif\",\"width\":600,\"height\":600,\"caption\":\"Buy Chloroform Online\"},{\"@type\":\"BreadcrumbList\",\"@id\":\"https:\/\/subszone.com\/product\/chloroform\/#breadcrumb\",\"itemListElement\":[{\"@type\":\"ListItem\",\"position\":1,\"name\":\"Home\",\"item\":\"https:\/\/subszone.com\/\"},{\"@type\":\"ListItem\",\"position\":2,\"name\":\"Shop\",\"item\":\"https:\/\/subszone.com\/shop\/\"},{\"@type\":\"ListItem\",\"position\":3,\"name\":\"Buy Chloroform Online\"}]},{\"@type\":\"WebSite\",\"@id\":\"https:\/\/subszone.com\/#website\",\"url\":\"https:\/\/subszone.com\/\",\"name\":\"SubsZone\",\"description\":\"My WordPress Blog\",\"publisher\":{\"@id\":\"https:\/\/subszone.com\/#organization\"},\"potentialAction\":[{\"@type\":\"SearchAction\",\"target\":{\"@type\":\"EntryPoint\",\"urlTemplate\":\"https:\/\/subszone.com\/?s={search_term_string}\"},\"query-input\":{\"@type\":\"PropertyValueSpecification\",\"valueRequired\":true,\"valueName\":\"search_term_string\"}}],\"inLanguage\":\"fr-FR\"},{\"@type\":\"Organization\",\"@id\":\"https:\/\/subszone.com\/#organization\",\"name\":\"SubsZone\",\"url\":\"https:\/\/subszone.com\/\",\"logo\":{\"@type\":\"ImageObject\",\"inLanguage\":\"fr-FR\",\"@id\":\"https:\/\/subszone.com\/#\/schema\/logo\/image\/\",\"url\":\"https:\/\/subszone.com\/wp-content\/uploads\/2024\/10\/logo.png\",\"contentUrl\":\"https:\/\/subszone.com\/wp-content\/uploads\/2024\/10\/logo.png\",\"width\":193,\"height\":50,\"caption\":\"SubsZone\"},\"image\":{\"@id\":\"https:\/\/subszone.com\/#\/schema\/logo\/image\/\"}}]}<\/script>\n<!-- \/ Yoast SEO plugin. -->","yoast_head_json":{"title":"Buy Chloroform Supplier Online - Chloroform for Sale","description":"Ne manquez pas l'occasion d'acheter chloroforme fournisseur en ligne de notre magasin. Nous nous occupons exclusivement de la vente de chloroforme \u00e0 des prix bon march\u00e9. Nous sommes l\u00e0 pour vous aider. Commandez maintenant !","robots":{"index":"index","follow":"follow","max-snippet":"max-snippet:-1","max-image-preview":"max-image-preview:large","max-video-preview":"max-video-preview:-1"},"canonical":"https:\/\/subszone.com\/fr\/product\/chloroforme\/","og_locale":"fr_FR","og_type":"article","og_title":"Buy Chloroform Supplier Online - Chloroform for Sale","og_description":"Do not miss any opportunity to buy chloroform supplier online from our store. We are exclusively dealing with chloroform for sale at cheap rates. We are here to help you. Order now!","og_url":"https:\/\/subszone.com\/fr\/product\/chloroforme\/","og_site_name":"SubsZone","article_modified_time":"2025-08-01T08:32:34+00:00","og_image":[{"width":600,"height":600,"url":"https:\/\/subszone.com\/wp-content\/uploads\/2024\/10\/Chloroform-2.gif","type":"image\/gif"}],"twitter_card":"summary_large_image","twitter_misc":{"Dur\u00e9e de lecture estim\u00e9e":"3 minutes"},"schema":{"@context":"https:\/\/schema.org","@graph":[{"@type":"WebPage","@id":"https:\/\/subszone.com\/product\/chloroform\/","url":"https:\/\/subszone.com\/product\/chloroform\/","name":"Buy Chloroform Supplier Online - Chloroform for Sale","isPartOf":{"@id":"https:\/\/subszone.com\/#website"},"primaryImageOfPage":{"@id":"https:\/\/subszone.com\/product\/chloroform\/#primaryimage"},"image":{"@id":"https:\/\/subszone.com\/product\/chloroform\/#primaryimage"},"thumbnailUrl":"https:\/\/subszone.com\/wp-content\/uploads\/2024\/10\/Chloroform-2.gif","datePublished":"2024-10-23T11:14:05+00:00","dateModified":"2025-08-01T08:32:34+00:00","description":"Ne manquez pas l'occasion d'acheter chloroforme fournisseur en ligne de notre magasin. Nous nous occupons exclusivement de la vente de chloroforme \u00e0 des prix bon march\u00e9. Nous sommes l\u00e0 pour vous aider. Commandez maintenant !","breadcrumb":{"@id":"https:\/\/subszone.com\/product\/chloroform\/#breadcrumb"},"inLanguage":"fr-FR","potentialAction":[{"@type":"ReadAction","target":["https:\/\/subszone.com\/product\/chloroform\/"]}]},{"@type":"ImageObject","inLanguage":"fr-FR","@id":"https:\/\/subszone.com\/product\/chloroform\/#primaryimage","url":"https:\/\/subszone.com\/wp-content\/uploads\/2024\/10\/Chloroform-2.gif","contentUrl":"https:\/\/subszone.com\/wp-content\/uploads\/2024\/10\/Chloroform-2.gif","width":600,"height":600,"caption":"Buy Chloroform Online"},{"@type":"BreadcrumbList","@id":"https:\/\/subszone.com\/product\/chloroform\/#breadcrumb","itemListElement":[{"@type":"ListItem","position":1,"name":"Home","item":"https:\/\/subszone.com\/"},{"@type":"ListItem","position":2,"name":"Shop","item":"https:\/\/subszone.com\/shop\/"},{"@type":"ListItem","position":3,"name":"Buy Chloroform Online"}]},{"@type":"WebSite","@id":"https:\/\/subszone.com\/#website","url":"https:\/\/subszone.com\/","name":"SubsZone","description":"Mon blog WordPress","publisher":{"@id":"https:\/\/subszone.com\/#organization"},"potentialAction":[{"@type":"SearchAction","target":{"@type":"EntryPoint","urlTemplate":"https:\/\/subszone.com\/?s={search_term_string}"},"query-input":{"@type":"PropertyValueSpecification","valueRequired":true,"valueName":"search_term_string"}}],"inLanguage":"fr-FR"},{"@type":"Organization","@id":"https:\/\/subszone.com\/#organization","name":"SubsZone","url":"https:\/\/subszone.com\/","logo":{"@type":"ImageObject","inLanguage":"fr-FR","@id":"https:\/\/subszone.com\/#\/schema\/logo\/image\/","url":"https:\/\/subszone.com\/wp-content\/uploads\/2024\/10\/logo.png","contentUrl":"https:\/\/subszone.com\/wp-content\/uploads\/2024\/10\/logo.png","width":193,"height":50,"caption":"SubsZone"},"image":{"@id":"https:\/\/subszone.com\/#\/schema\/logo\/image\/"}}]}},"_links":{"self":[{"href":"https:\/\/subszone.com\/fr\/wp-json\/wp\/v2\/product\/1118","targetHints":{"allow":["GET"]}}],"collection":[{"href":"https:\/\/subszone.com\/fr\/wp-json\/wp\/v2\/product"}],"about":[{"href":"https:\/\/subszone.com\/fr\/wp-json\/wp\/v2\/types\/product"}],"replies":[{"embeddable":true,"href":"https:\/\/subszone.com\/fr\/wp-json\/wp\/v2\/comments?post=1118"}],"wp:featuredmedia":[{"embeddable":true,"href":"https:\/\/subszone.com\/fr\/wp-json\/wp\/v2\/media\/1436"}],"wp:attachment":[{"href":"https:\/\/subszone.com\/fr\/wp-json\/wp\/v2\/media?parent=1118"}],"wp:term":[{"taxonomy":"product_brand","embeddable":true,"href":"https:\/\/subszone.com\/fr\/wp-json\/wp\/v2\/product_brand?post=1118"},{"taxonomy":"product_cat","embeddable":true,"href":"https:\/\/subszone.com\/fr\/wp-json\/wp\/v2\/product_cat?post=1118"},{"taxonomy":"product_tag","embeddable":true,"href":"https:\/\/subszone.com\/fr\/wp-json\/wp\/v2\/product_tag?post=1118"}],"curies":[{"name":"wp","href":"https:\/\/api.w.org\/{rel}","templated":true}]}}