{"id":1167,"date":"2024-10-24T05:18:10","date_gmt":"2024-10-24T05:18:10","guid":{"rendered":"https:\/\/subszone.com\/?post_type=product&#038;p=1167"},"modified":"2025-05-31T05:40:06","modified_gmt":"2025-05-31T05:40:06","slug":"glycerol-high-concentration","status":"publish","type":"product","link":"https:\/\/subszone.com\/fr\/product\/glycerol-high-concentration\/","title":{"rendered":"Acheter du glyc\u00e9rol (haute concentration) en ligne"},"content":{"rendered":"<h2><strong>Glyc\u00e9rol de haute qualit\u00e9 \u00e0 usage industriel, pharmaceutique et cosm\u00e9tique <a href=\"https:\/\/subszone.com\/fr\/product\/brome-liquide\/\">-<\/a> Subszone<\/strong><\/h2>\n<p>&nbsp;<\/p>\n<p><span style=\"font-weight: 400;\">Envisager de <\/span><a href=\"https:\/\/subszone.com\/fr\/product\/glycerol-high-concentration\/\"><b>acheter glyc\u00e9rol (haute concentration) en ligne<\/b><\/a><span style=\"font-weight: 400;\"> d'un fournisseur fiable ? Notre glyc\u00e9rol de haute puret\u00e9 est le choix de pr\u00e9dilection des professionnels des secteurs pharmaceutique, cosm\u00e9tique, agroalimentaire et des applications de laboratoire. Offrant une qualit\u00e9 constante, un emballage s\u00fbr et une livraison mondiale, il s'agit du meilleur choix pour les professionnels de la pharmacie, de la cosm\u00e9tique, de l'industrie alimentaire et des applications de laboratoire. <\/span><b>Meilleur endroit pour acheter du glyc\u00e9rol (haute concentration)<\/b><span style=\"font-weight: 400;\"> pour les applications critiques de pr\u00e9cision - le tout \u00e0 un prix tr\u00e8s comp\u00e9titif. <\/span><b>prix comp\u00e9titif<\/b><span style=\"font-weight: 400;\">.<\/span><\/p>\n<h3><b>Qu'est-ce que le glyc\u00e9rol \u00e0 haute concentration ?<\/b><\/h3>\n<p><span style=\"font-weight: 400;\">Le glyc\u00e9rol (\u00e9galement connu sous le nom de glyc\u00e9rine) est un liquide incolore, inodore et visqueux au go\u00fbt naturellement sucr\u00e9. Le glyc\u00e9rol \u00e0 haute concentration d\u00e9signe g\u00e9n\u00e9ralement le glyc\u00e9rol dont le niveau de puret\u00e9 est \u00e9gal ou sup\u00e9rieur \u00e0 99%. Il est largement appr\u00e9ci\u00e9 pour ses propri\u00e9t\u00e9s hygroscopiques et lubrifiantes, ce qui le rend indispensable dans une vari\u00e9t\u00e9 d'industries.<\/span><\/p>\n<h3><b>Propri\u00e9t\u00e9s chimiques cl\u00e9s et niveaux de puret\u00e9<\/b><\/h3>\n<ul>\n<li style=\"font-weight: 400;\" aria-level=\"1\"><b>La puret\u00e9 :<\/b><span style=\"font-weight: 400;\"> \u2265 99.5% (Anhydre \/ Haute qualit\u00e9)<\/span><span style=\"font-weight: 400;\">\n<p><\/span><\/li>\n<li style=\"font-weight: 400;\" aria-level=\"1\"><b>Formule mol\u00e9culaire :<\/b><span style=\"font-weight: 400;\"> C\u2083H\u2088O\u2083<\/span><span style=\"font-weight: 400;\">\n<p><\/span><\/li>\n<li style=\"font-weight: 400;\" aria-level=\"1\"><b>Num\u00e9ro CAS :<\/b><span style=\"font-weight: 400;\"> 56-81-5<\/span><span style=\"font-weight: 400;\">\n<p><\/span><\/li>\n<li style=\"font-weight: 400;\" aria-level=\"1\"><b>Solubilit\u00e9 :<\/b><span style=\"font-weight: 400;\"> Compl\u00e8tement miscible \u00e0 l'eau et \u00e0 l'alcool<\/span><span style=\"font-weight: 400;\">\n<p><\/span><\/li>\n<li style=\"font-weight: 400;\" aria-level=\"1\"><b>Stabilit\u00e9 :<\/b><span style=\"font-weight: 400;\"> Chimiquement stable dans des conditions normales<\/span><span style=\"font-weight: 400;\">\n<p><\/span><\/li>\n<\/ul>\n<h3><b>Applications courantes du glyc\u00e9rol<\/b><\/h3>\n<h4><b>Produits pharmaceutiques et cosm\u00e9tiques<\/b><\/h4>\n<p><span style=\"font-weight: 400;\">Utilis\u00e9 comme humectant, solvant et agent de conditionnement de la peau :<\/span><\/p>\n<ul>\n<li style=\"font-weight: 400;\" aria-level=\"1\"><span style=\"font-weight: 400;\">Cr\u00e8mes et lotions topiques<\/span><span style=\"font-weight: 400;\">\n<p><\/span><\/li>\n<li style=\"font-weight: 400;\" aria-level=\"1\"><span style=\"font-weight: 400;\">Sirops et \u00e9lixirs contre la toux<\/span><span style=\"font-weight: 400;\">\n<p><\/span><\/li>\n<li style=\"font-weight: 400;\" aria-level=\"1\"><span style=\"font-weight: 400;\">Suppositoires et g\u00e9lules<\/span><span style=\"font-weight: 400;\">\n<p><\/span><\/li>\n<\/ul>\n<h4><b>Transformation des aliments et ar\u00f4mes<\/b><\/h4>\n<p><span style=\"font-weight: 400;\">Le glyc\u00e9rol de qualit\u00e9 alimentaire sert de :<\/span><\/p>\n<ul>\n<li style=\"font-weight: 400;\" aria-level=\"1\"><span style=\"font-weight: 400;\">Agent \u00e9dulcorant<\/span><span style=\"font-weight: 400;\">\n<p><\/span><\/li>\n<li style=\"font-weight: 400;\" aria-level=\"1\"><span style=\"font-weight: 400;\">Conservateur d'humidit\u00e9<\/span><span style=\"font-weight: 400;\">\n<p><\/span><\/li>\n<li style=\"font-weight: 400;\" aria-level=\"1\"><span style=\"font-weight: 400;\">Solvant pour colorants et ar\u00f4mes alimentaires<\/span><span style=\"font-weight: 400;\">\n<p><\/span><\/li>\n<\/ul>\n<h4><b>Utilisation en laboratoire et dans l'industrie<\/b><\/h4>\n<p><span style=\"font-weight: 400;\">La stabilit\u00e9 physique et chimique du glyc\u00e9rol en fait un produit adapt\u00e9 :<\/span><\/p>\n<ul>\n<li style=\"font-weight: 400;\" aria-level=\"1\"><span style=\"font-weight: 400;\">Cryoconservation<\/span><span style=\"font-weight: 400;\">\n<p><\/span><\/li>\n<li style=\"font-weight: 400;\" aria-level=\"1\"><span style=\"font-weight: 400;\">Stabilisation des enzymes<\/span><span style=\"font-weight: 400;\">\n<p><\/span><\/li>\n<li style=\"font-weight: 400;\" aria-level=\"1\"><span style=\"font-weight: 400;\">Lubrifiants, r\u00e9sines et antigels<\/span><span style=\"font-weight: 400;\">\n<p><\/span><\/li>\n<\/ul>\n<h3><b>Comprendre la qualit\u00e9 du glyc\u00e9rol<\/b><\/h3>\n<h4><b>USP\/Grade alimentaire<\/b><\/h4>\n<p><span style=\"font-weight: 400;\">R\u00e9pond aux normes de la United States Pharmacopeia. S\u00fbre pour l'ingestion et l'utilisation dans les produits consommables, cette qualit\u00e9 garantit la plus grande puret\u00e9.<\/span><\/p>\n<h4><b>Qualit\u00e9 industrielle<\/b><\/h4>\n<p><span style=\"font-weight: 400;\">Convient aux applications techniques telles que les antigels, les adh\u00e9sifs ou les plastiques o\u00f9 le contact direct avec l'homme est minimal.<\/span><\/p>\n<h4><b>Niveau laboratoire<\/b><\/h4>\n<p><span style=\"font-weight: 400;\">Id\u00e9al pour les exp\u00e9riences scientifiques, la recherche et le d\u00e9veloppement o\u00f9 des r\u00e9sultats coh\u00e9rents d\u00e9pendent d'un mat\u00e9riel non contamin\u00e9.<\/span><\/p>\n<h3><b>Avantages du glyc\u00e9rol \u00e0 haute concentration<\/b><\/h3>\n<ul>\n<li style=\"font-weight: 400;\" aria-level=\"1\"><b>Puret\u00e9 am\u00e9lior\u00e9e :<\/b><span style=\"font-weight: 400;\"> Pas d'additifs inutiles ni de teneur en eau<\/span><span style=\"font-weight: 400;\">\n<p><\/span><\/li>\n<li style=\"font-weight: 400;\" aria-level=\"1\"><b>Polyvalence :<\/b><span style=\"font-weight: 400;\"> Adaptable \u00e0 diverses applications dans tous les secteurs d'activit\u00e9<\/span><span style=\"font-weight: 400;\">\n<p><\/span><\/li>\n<li style=\"font-weight: 400;\" aria-level=\"1\"><b>Stabilit\u00e9 :<\/b><span style=\"font-weight: 400;\"> Longue dur\u00e9e de conservation lorsque le produit est stock\u00e9 correctement<\/span><span style=\"font-weight: 400;\">\n<p><\/span><\/li>\n<li style=\"font-weight: 400;\" aria-level=\"1\"><b>Id\u00e9al pour les formulations sensibles :<\/b><span style=\"font-weight: 400;\"> Particuli\u00e8rement utile dans les domaines m\u00e9dical, alimentaire et des soins de la peau.<\/span><span style=\"font-weight: 400;\">\n<p><\/span><\/li>\n<\/ul>\n<h3><b>Informations juridiques et r\u00e9glementaires<\/b><\/h3>\n<h4><b>Consid\u00e9rations relatives \u00e0 l'importation et \u00e0 l'exportation<\/b><\/h4>\n<p><span style=\"font-weight: 400;\"><a href=\"https:\/\/en.wikipedia.org\/wiki\/Glycerol\">Glyc\u00e9rol<\/a> n'est pas soumis \u00e0 de fortes restrictions, mais doit r\u00e9pondre \u00e0 des normes r\u00e9glementaires en fonction du pays d'utilisation. Nous vous aidons \u00e0 \u00e9tablir tous les documents de conformit\u00e9, les fiches de donn\u00e9es de s\u00e9curit\u00e9 et l'\u00e9tiquetage pour une exp\u00e9dition internationale sans heurts.<\/span><\/p>\n<h4><b>Exigences en mati\u00e8re d'\u00e9tiquetage et de puret\u00e9<\/b><\/h4>\n<p><span style=\"font-weight: 400;\">Toutes nos exp\u00e9ditions sont accompagn\u00e9es d'un \u00e9tiquetage d\u00e9taill\u00e9 avec les num\u00e9ros de lot, les sp\u00e9cifications de puret\u00e9 et la documentation MSDS pour les besoins de la r\u00e9glementation et de l'assurance qualit\u00e9.<\/span><\/p>\n<h3><b>Risques et manipulation s\u00fbre<\/b><\/h3>\n<h4><b>Recommandations en mati\u00e8re de stockage<\/b><\/h4>\n<ul>\n<li style=\"font-weight: 400;\" aria-level=\"1\"><span style=\"font-weight: 400;\">Conserver dans un endroit frais et sec, \u00e0 l'abri de la chaleur et de la lumi\u00e8re directe du soleil.<\/span><span style=\"font-weight: 400;\">\n<p><\/span><\/li>\n<li style=\"font-weight: 400;\" aria-level=\"1\"><span style=\"font-weight: 400;\">Conserver le r\u00e9cipient bien ferm\u00e9 lorsqu'il n'est pas utilis\u00e9<\/span><span style=\"font-weight: 400;\">\n<p><\/span><\/li>\n<li style=\"font-weight: 400;\" aria-level=\"1\"><span style=\"font-weight: 400;\">Utiliser uniquement dans des zones bien ventil\u00e9es<\/span><span style=\"font-weight: 400;\">\n<p><\/span><\/li>\n<\/ul>\n<h4><b>Pr\u00e9cautions en mati\u00e8re de sant\u00e9 et d'environnement<\/b><\/h4>\n<p><span style=\"font-weight: 400;\">Bien que g\u00e9n\u00e9ralement reconnu comme s\u00fbr (GRAS), les concentrations \u00e9lev\u00e9es doivent \u00eatre manipul\u00e9es avec des gants et une protection oculaire afin d'\u00e9viter toute irritation de la peau ou des yeux.<\/span><\/p>\n<h3><b>O\u00f9 acheter du glyc\u00e9rol (haute concentration) en ligne ?<\/b><\/h3>\n<h4><b>Comment choisir un fournisseur de confiance<\/b><\/h4>\n<ul>\n<li style=\"font-weight: 400;\" aria-level=\"1\"><span style=\"font-weight: 400;\">V\u00e9rifier la disponibilit\u00e9 du COA (certificat d'analyse) et de la fiche de donn\u00e9es de s\u00e9curit\u00e9.<\/span><span style=\"font-weight: 400;\">\n<p><\/span><\/li>\n<li style=\"font-weight: 400;\" aria-level=\"1\"><span style=\"font-weight: 400;\">S'assurer que le fournisseur respecte les normes ISO ou GMP<\/span><span style=\"font-weight: 400;\">\n<p><\/span><\/li>\n<li style=\"font-weight: 400;\" aria-level=\"1\"><span style=\"font-weight: 400;\">V\u00e9rifier les avis des clients et la r\u00e9activit\u00e9 des \u00e9quipes d'assistance<\/span><span style=\"font-weight: 400;\">\n<p><\/span><\/li>\n<\/ul>\n<h4><b>Signes d'assurance qualit\u00e9 et de certification<\/b><\/h4>\n<p><span style=\"font-weight: 400;\">Notre glyc\u00e9rol est :<\/span><\/p>\n<ul>\n<li style=\"font-weight: 400;\" aria-level=\"1\"><span style=\"font-weight: 400;\">Test\u00e9 en laboratoire de mani\u00e8re ind\u00e9pendante<\/span><span style=\"font-weight: 400;\">\n<p><\/span><\/li>\n<li style=\"font-weight: 400;\" aria-level=\"1\"><span style=\"font-weight: 400;\">Conforme \u00e0 l'USP (le cas \u00e9ch\u00e9ant)<\/span><span style=\"font-weight: 400;\">\n<p><\/span><\/li>\n<li style=\"font-weight: 400;\" aria-level=\"1\"><span style=\"font-weight: 400;\">Emballage s\u00e9curis\u00e9 pour un transport s\u00fbr<\/span><span style=\"font-weight: 400;\">\n<p><\/span><\/li>\n<li style=\"font-weight: 400;\" aria-level=\"1\"><span style=\"font-weight: 400;\">Accompagn\u00e9 d'un ACO sp\u00e9cifique au lot<\/span><span style=\"font-weight: 400;\">\n<p><\/span><\/li>\n<\/ul>\n<h3><b>Conclusion : Commander en toute confiance<\/b><\/h3>\n<p><span style=\"font-weight: 400;\">Lorsque vous avez besoin <\/span><b>glyc\u00e9rol (haute concentration) \u00e0 vendre<\/b><span style=\"font-weight: 400;\">En tant que fournisseur de produits de qualit\u00e9, nous ne nous contentons pas d'une puret\u00e9 de premier ordre et d'une assistance de niveau professionnel. Que vous vous approvisionniez pour des travaux de laboratoire, la fabrication ou la formulation de produits, nous vous offrons la fiabilit\u00e9 dont vous avez besoin \u00e0 un prix tr\u00e8s comp\u00e9titif. <\/span><b>Glyc\u00e9rol bon march\u00e9 (haute concentration)<\/b><span style=\"font-weight: 400;\"> - sans sacrifier la qualit\u00e9.<\/span><\/p>\n<p><b>Paiement s\u00e9curis\u00e9<\/b><b><br \/>\n<\/b> <b>Exp\u00e9dition mondiale possible<\/b><b><br \/>\n<\/b> <b>Assistance d'experts pour les acheteurs r\u00e9glement\u00e9s<\/b><\/p>\n<p><a href=\"https:\/\/subszone.com\/fr\/\"><b>Commander du glyc\u00e9rol (haute concentration) en ligne aujourd'hui<\/b><span style=\"font-weight: 400;\"> et faites l'exp\u00e9rience d'une valeur et d'une performance in\u00e9gal\u00e9es.<\/span><\/a><\/p>","protected":false},"excerpt":{"rendered":"<p>Le glyc\u00e9rol, \u00e9galement connu sous le nom de glyc\u00e9rine, est un liquide incolore, inodore, au go\u00fbt sucr\u00e9 et hygroscopique (qui attire l'eau). Il s'agit d'un compos\u00e9 polyol simple, c'est-\u00e0-dire qu'il contient plusieurs groupes d'alcool (-OH). La glyc\u00e9rine est couramment utilis\u00e9e dans l'alimentation, les produits pharmaceutiques et les cosm\u00e9tiques pour ses propri\u00e9t\u00e9s hydratantes.<\/p>\n<ul>\n<li><strong>Industrie alimentaire<\/strong>: Comme \u00e9dulcorant, humectant et conservateur.<\/li>\n<li><strong>Produits pharmaceutiques<\/strong>: Dans les formulations pour ses propri\u00e9t\u00e9s apaisantes et lubrifiantes.<\/li>\n<li><strong>Cosm\u00e9tiques<\/strong>: Dans les cr\u00e8mes et les lotions pour l'hydratation.<\/li>\n<li><strong>Applications industrielles<\/strong>: En tant qu'\u00e9l\u00e9ment de base pour la production de polym\u00e8res et en tant que solvant.<\/li>\n<\/ul>","protected":false},"featured_media":1423,"comment_status":"open","ping_status":"closed","template":"","meta":{"_kadence_starter_templates_imported_post":false,"_kad_post_transparent":"default","_kad_post_title":"","_kad_post_layout":"default","_kad_post_sidebar_id":"","_kad_post_content_style":"default","_kad_post_vertical_padding":"default","_kad_post_feature":"","_kad_post_feature_position":"","_kad_post_header":false,"_kad_post_footer":false,"_joinchat":[]},"product_brand":[],"product_cat":[83],"product_tag":[1178,1175,1191,1184,1189,1186,1183,1190,1185,1181,1176,1188,1182,1187,1180,1194,1192,1174,1179,1177,1193,233],"class_list":{"0":"post-1167","1":"product","2":"type-product","3":"status-publish","4":"has-post-thumbnail","6":"product_cat-pharmaceutical-and-medical-uses","7":"product_tag-bulk-glycerol-supplier","8":"product_tag-buy-glycerol","9":"product_tag-commercial-glycerol-supply","10":"product_tag-glycerol-as-humectant","11":"product_tag-glycerol-distributor","12":"product_tag-glycerol-for-chemical-manufacturing","13":"product_tag-glycerol-for-food-industry","14":"product_tag-glycerol-for-industrial-applications","15":"product_tag-glycerol-for-laboratory-use","16":"product_tag-glycerol-for-pharmaceutical-use","17":"product_tag-glycerol-for-sale","18":"product_tag-glycerol-for-skincare-products","19":"product_tag-glycerol-in-cosmetics-manufacturing","20":"product_tag-glycerol-in-soap-production","21":"product_tag-glycerol-price-and-availability","22":"product_tag-glycerol-procurement","23":"product_tag-glycerol-safety-and-compliance","24":"product_tag-glycerol-supplier","25":"product_tag-high-purity-glycerol","26":"product_tag-industrial-glycerol-supply","27":"product_tag-reliable-glycerol-supplier","28":"product_tag-where-to-buy-glycerol","30":"first","31":"instock","32":"shipping-taxable","33":"product-type-simple","34":"entry","35":"content-bg","36":"loop-entry"},"yoast_head":"<!-- This site is optimized with the Yoast SEO plugin v25.6 - https:\/\/yoast.com\/wordpress\/plugins\/seo\/ -->\n<title>Glycerol High Concentration for Sale - Buy Glycerol Online<\/title>\n<meta name=\"description\" content=\"You can get glycerol high concentration industrial for sale at the best rates from our online store. We are here to help you buy glycerol high concentration online. Connect with best store in town today!\" \/>\n<meta name=\"robots\" content=\"index, follow, max-snippet:-1, max-image-preview:large, max-video-preview:-1\" \/>\n<link rel=\"canonical\" href=\"https:\/\/subszone.com\/fr\/product\/glycerol-high-concentration\/\" \/>\n<meta property=\"og:locale\" content=\"fr_FR\" \/>\n<meta property=\"og:type\" content=\"article\" \/>\n<meta property=\"og:title\" content=\"Glycerol High Concentration for Sale - Buy Glycerol Online\" \/>\n<meta property=\"og:description\" content=\"You can get glycerol high concentration industrial for sale at the best rates from our online store. We are here to help you buy glycerol high concentration online. Connect with best store in town today!\" \/>\n<meta property=\"og:url\" content=\"https:\/\/subszone.com\/fr\/product\/glycerol-high-concentration\/\" \/>\n<meta property=\"og:site_name\" content=\"SubsZone\" \/>\n<meta property=\"article:modified_time\" content=\"2025-05-31T05:40:06+00:00\" \/>\n<meta property=\"og:image\" content=\"https:\/\/subszone.com\/wp-content\/uploads\/2024\/10\/Glycerol-High-Concentration-2-1.gif\" \/>\n\t<meta property=\"og:image:width\" content=\"600\" \/>\n\t<meta property=\"og:image:height\" content=\"600\" \/>\n\t<meta property=\"og:image:type\" content=\"image\/gif\" \/>\n<meta name=\"twitter:card\" content=\"summary_large_image\" \/>\n<meta name=\"twitter:label1\" content=\"Dur\u00e9e de lecture estim\u00e9e\" \/>\n\t<meta name=\"twitter:data1\" content=\"3 minutes\" \/>\n<script type=\"application\/ld+json\" class=\"yoast-schema-graph\">{\"@context\":\"https:\/\/schema.org\",\"@graph\":[{\"@type\":\"WebPage\",\"@id\":\"https:\/\/subszone.com\/product\/glycerol-high-concentration\/\",\"url\":\"https:\/\/subszone.com\/product\/glycerol-high-concentration\/\",\"name\":\"Glycerol High Concentration for Sale - Buy Glycerol Online\",\"isPartOf\":{\"@id\":\"https:\/\/subszone.com\/#website\"},\"primaryImageOfPage\":{\"@id\":\"https:\/\/subszone.com\/product\/glycerol-high-concentration\/#primaryimage\"},\"image\":{\"@id\":\"https:\/\/subszone.com\/product\/glycerol-high-concentration\/#primaryimage\"},\"thumbnailUrl\":\"https:\/\/subszone.com\/wp-content\/uploads\/2024\/10\/Glycerol-High-Concentration-2-1.gif\",\"datePublished\":\"2024-10-24T05:18:10+00:00\",\"dateModified\":\"2025-05-31T05:40:06+00:00\",\"description\":\"You can get glycerol high concentration industrial for sale at the best rates from our online store. We are here to help you buy glycerol high concentration online. Connect with best store in town today!\",\"breadcrumb\":{\"@id\":\"https:\/\/subszone.com\/product\/glycerol-high-concentration\/#breadcrumb\"},\"inLanguage\":\"fr-FR\",\"potentialAction\":[{\"@type\":\"ReadAction\",\"target\":[\"https:\/\/subszone.com\/product\/glycerol-high-concentration\/\"]}]},{\"@type\":\"ImageObject\",\"inLanguage\":\"fr-FR\",\"@id\":\"https:\/\/subszone.com\/product\/glycerol-high-concentration\/#primaryimage\",\"url\":\"https:\/\/subszone.com\/wp-content\/uploads\/2024\/10\/Glycerol-High-Concentration-2-1.gif\",\"contentUrl\":\"https:\/\/subszone.com\/wp-content\/uploads\/2024\/10\/Glycerol-High-Concentration-2-1.gif\",\"width\":600,\"height\":600,\"caption\":\"Buy Glycerol (High Concentration) Online\"},{\"@type\":\"BreadcrumbList\",\"@id\":\"https:\/\/subszone.com\/product\/glycerol-high-concentration\/#breadcrumb\",\"itemListElement\":[{\"@type\":\"ListItem\",\"position\":1,\"name\":\"Home\",\"item\":\"https:\/\/subszone.com\/\"},{\"@type\":\"ListItem\",\"position\":2,\"name\":\"Shop\",\"item\":\"https:\/\/subszone.com\/shop\/\"},{\"@type\":\"ListItem\",\"position\":3,\"name\":\"Buy Glycerol (High Concentration) Online\"}]},{\"@type\":\"WebSite\",\"@id\":\"https:\/\/subszone.com\/#website\",\"url\":\"https:\/\/subszone.com\/\",\"name\":\"SubsZone\",\"description\":\"My WordPress Blog\",\"publisher\":{\"@id\":\"https:\/\/subszone.com\/#organization\"},\"potentialAction\":[{\"@type\":\"SearchAction\",\"target\":{\"@type\":\"EntryPoint\",\"urlTemplate\":\"https:\/\/subszone.com\/?s={search_term_string}\"},\"query-input\":{\"@type\":\"PropertyValueSpecification\",\"valueRequired\":true,\"valueName\":\"search_term_string\"}}],\"inLanguage\":\"fr-FR\"},{\"@type\":\"Organization\",\"@id\":\"https:\/\/subszone.com\/#organization\",\"name\":\"SubsZone\",\"url\":\"https:\/\/subszone.com\/\",\"logo\":{\"@type\":\"ImageObject\",\"inLanguage\":\"fr-FR\",\"@id\":\"https:\/\/subszone.com\/#\/schema\/logo\/image\/\",\"url\":\"https:\/\/subszone.com\/wp-content\/uploads\/2024\/10\/logo.png\",\"contentUrl\":\"https:\/\/subszone.com\/wp-content\/uploads\/2024\/10\/logo.png\",\"width\":193,\"height\":50,\"caption\":\"SubsZone\"},\"image\":{\"@id\":\"https:\/\/subszone.com\/#\/schema\/logo\/image\/\"}}]}<\/script>\n<!-- \/ Yoast SEO plugin. -->","yoast_head_json":{"title":"Glyc\u00e9rol haute concentration \u00e0 vendre - Acheter du Glyc\u00e9rol en ligne","description":"Vous pouvez obtenir glyc\u00e9rol haute concentration industrielle pour la vente aux meilleurs taux de notre magasin en ligne. Nous sommes l\u00e0 pour vous aider \u00e0 acheter du glyc\u00e9rol haute concentration en ligne. Contactez le meilleur magasin de la ville d\u00e8s aujourd'hui !","robots":{"index":"index","follow":"follow","max-snippet":"max-snippet:-1","max-image-preview":"max-image-preview:large","max-video-preview":"max-video-preview:-1"},"canonical":"https:\/\/subszone.com\/fr\/product\/glycerol-high-concentration\/","og_locale":"fr_FR","og_type":"article","og_title":"Glycerol High Concentration for Sale - Buy Glycerol Online","og_description":"You can get glycerol high concentration industrial for sale at the best rates from our online store. We are here to help you buy glycerol high concentration online. Connect with best store in town today!","og_url":"https:\/\/subszone.com\/fr\/product\/glycerol-high-concentration\/","og_site_name":"SubsZone","article_modified_time":"2025-05-31T05:40:06+00:00","og_image":[{"width":600,"height":600,"url":"https:\/\/subszone.com\/wp-content\/uploads\/2024\/10\/Glycerol-High-Concentration-2-1.gif","type":"image\/gif"}],"twitter_card":"summary_large_image","twitter_misc":{"Dur\u00e9e de lecture estim\u00e9e":"3 minutes"},"schema":{"@context":"https:\/\/schema.org","@graph":[{"@type":"WebPage","@id":"https:\/\/subszone.com\/product\/glycerol-high-concentration\/","url":"https:\/\/subszone.com\/product\/glycerol-high-concentration\/","name":"Glyc\u00e9rol haute concentration \u00e0 vendre - Acheter du Glyc\u00e9rol en ligne","isPartOf":{"@id":"https:\/\/subszone.com\/#website"},"primaryImageOfPage":{"@id":"https:\/\/subszone.com\/product\/glycerol-high-concentration\/#primaryimage"},"image":{"@id":"https:\/\/subszone.com\/product\/glycerol-high-concentration\/#primaryimage"},"thumbnailUrl":"https:\/\/subszone.com\/wp-content\/uploads\/2024\/10\/Glycerol-High-Concentration-2-1.gif","datePublished":"2024-10-24T05:18:10+00:00","dateModified":"2025-05-31T05:40:06+00:00","description":"Vous pouvez obtenir glyc\u00e9rol haute concentration industrielle pour la vente aux meilleurs taux de notre magasin en ligne. Nous sommes l\u00e0 pour vous aider \u00e0 acheter du glyc\u00e9rol haute concentration en ligne. Contactez le meilleur magasin de la ville d\u00e8s aujourd'hui !","breadcrumb":{"@id":"https:\/\/subszone.com\/product\/glycerol-high-concentration\/#breadcrumb"},"inLanguage":"fr-FR","potentialAction":[{"@type":"ReadAction","target":["https:\/\/subszone.com\/product\/glycerol-high-concentration\/"]}]},{"@type":"ImageObject","inLanguage":"fr-FR","@id":"https:\/\/subszone.com\/product\/glycerol-high-concentration\/#primaryimage","url":"https:\/\/subszone.com\/wp-content\/uploads\/2024\/10\/Glycerol-High-Concentration-2-1.gif","contentUrl":"https:\/\/subszone.com\/wp-content\/uploads\/2024\/10\/Glycerol-High-Concentration-2-1.gif","width":600,"height":600,"caption":"Buy Glycerol (High Concentration) Online"},{"@type":"BreadcrumbList","@id":"https:\/\/subszone.com\/product\/glycerol-high-concentration\/#breadcrumb","itemListElement":[{"@type":"ListItem","position":1,"name":"Home","item":"https:\/\/subszone.com\/"},{"@type":"ListItem","position":2,"name":"Shop","item":"https:\/\/subszone.com\/shop\/"},{"@type":"ListItem","position":3,"name":"Buy Glycerol (High Concentration) Online"}]},{"@type":"WebSite","@id":"https:\/\/subszone.com\/#website","url":"https:\/\/subszone.com\/","name":"SubsZone","description":"Mon blog WordPress","publisher":{"@id":"https:\/\/subszone.com\/#organization"},"potentialAction":[{"@type":"SearchAction","target":{"@type":"EntryPoint","urlTemplate":"https:\/\/subszone.com\/?s={search_term_string}"},"query-input":{"@type":"PropertyValueSpecification","valueRequired":true,"valueName":"search_term_string"}}],"inLanguage":"fr-FR"},{"@type":"Organization","@id":"https:\/\/subszone.com\/#organization","name":"SubsZone","url":"https:\/\/subszone.com\/","logo":{"@type":"ImageObject","inLanguage":"fr-FR","@id":"https:\/\/subszone.com\/#\/schema\/logo\/image\/","url":"https:\/\/subszone.com\/wp-content\/uploads\/2024\/10\/logo.png","contentUrl":"https:\/\/subszone.com\/wp-content\/uploads\/2024\/10\/logo.png","width":193,"height":50,"caption":"SubsZone"},"image":{"@id":"https:\/\/subszone.com\/#\/schema\/logo\/image\/"}}]}},"_links":{"self":[{"href":"https:\/\/subszone.com\/fr\/wp-json\/wp\/v2\/product\/1167","targetHints":{"allow":["GET"]}}],"collection":[{"href":"https:\/\/subszone.com\/fr\/wp-json\/wp\/v2\/product"}],"about":[{"href":"https:\/\/subszone.com\/fr\/wp-json\/wp\/v2\/types\/product"}],"replies":[{"embeddable":true,"href":"https:\/\/subszone.com\/fr\/wp-json\/wp\/v2\/comments?post=1167"}],"wp:featuredmedia":[{"embeddable":true,"href":"https:\/\/subszone.com\/fr\/wp-json\/wp\/v2\/media\/1423"}],"wp:attachment":[{"href":"https:\/\/subszone.com\/fr\/wp-json\/wp\/v2\/media?parent=1167"}],"wp:term":[{"taxonomy":"product_brand","embeddable":true,"href":"https:\/\/subszone.com\/fr\/wp-json\/wp\/v2\/product_brand?post=1167"},{"taxonomy":"product_cat","embeddable":true,"href":"https:\/\/subszone.com\/fr\/wp-json\/wp\/v2\/product_cat?post=1167"},{"taxonomy":"product_tag","embeddable":true,"href":"https:\/\/subszone.com\/fr\/wp-json\/wp\/v2\/product_tag?post=1167"}],"curies":[{"name":"wp","href":"https:\/\/api.w.org\/{rel}","templated":true}]}}