{"id":1170,"date":"2024-10-24T05:19:07","date_gmt":"2024-10-24T05:19:07","guid":{"rendered":"https:\/\/subszone.com\/?post_type=product&#038;p=1170"},"modified":"2025-08-01T08:54:24","modified_gmt":"2025-08-01T08:54:24","slug":"hexamine","status":"publish","type":"product","link":"https:\/\/subszone.com\/fr\/product\/hexamine\/","title":{"rendered":"Acheter Hexamine en ligne"},"content":{"rendered":"<h2><b>Guide complet : Acheter de l'hydrazine en ligne en toute s\u00e9curit\u00e9 et l\u00e9galit\u00e9<\/b><\/h2>\n<h3><b>Qu'est-ce que l'hydrazine et qui en a besoin ?<\/b><\/h3>\n<p><a href=\"https:\/\/subszone.com\/fr\/product\/hexamine\/\"><b>Hydrazine<\/b><\/a><span style=\"font-weight: 400;\"> (N\u2082H\u2084) est un liquide incolore tr\u00e8s r\u00e9actif aux puissantes propri\u00e9t\u00e9s r\u00e9ductrices. Connu pour son r\u00f4le dans <\/span><b>propulsion a\u00e9rospatiale<\/b><span style=\"font-weight: 400;\">, <\/span><b>synth\u00e8se chimique<\/b><span style=\"font-weight: 400;\">et <\/span><b>traitement de l'eau<\/b><span style=\"font-weight: 400;\">L'hydrazine est utilis\u00e9e dans une large gamme d'applications. <\/span><b>secteurs d'activit\u00e9<\/b><span style=\"font-weight: 400;\">, <\/span><b>laboratoires de recherche<\/b><span style=\"font-weight: 400;\">et <\/span><b>secteurs gouvernementaux<\/b><span style=\"font-weight: 400;\">.<\/span><\/p>\n<h4><b>Principaux cas d'utilisation :<\/b><\/h4>\n<ul>\n<li style=\"font-weight: 400;\" aria-level=\"1\"><b>L'industrie :<\/b><span style=\"font-weight: 400;\"> Combustible pour fus\u00e9es, inhibiteurs de corrosion, production de polym\u00e8res et de plastiques<\/span>&nbsp;<\/li>\n<li style=\"font-weight: 400;\" aria-level=\"1\"><b>Recherche :<\/b><span style=\"font-weight: 400;\"> Agent r\u00e9ducteur dans la synth\u00e8se organique et la R&amp;D pharmaceutique<\/span>&nbsp;<\/li>\n<li style=\"font-weight: 400;\" aria-level=\"1\"><b>\u00c9ducation et laboratoires :<\/b><span style=\"font-weight: 400;\"> Exp\u00e9riences contr\u00f4l\u00e9es \u00e0 petite \u00e9chelle dans les programmes de chimie avanc\u00e9e<\/span>&nbsp;<\/li>\n<\/ul>\n<p><span style=\"font-weight: 400;\">Compte tenu de son <\/span><b>nature toxique et volatile<\/b><span style=\"font-weight: 400;\">L'hydrazine doit \u00eatre manipul\u00e9e de mani\u00e8re responsable et s'approvisionner aupr\u00e8s d'entreprises de l'Union europ\u00e9enne. <\/span><b>vendeurs l\u00e9galement autoris\u00e9s<\/b><span style=\"font-weight: 400;\"> seulement.<\/span><\/p>\n<h3><b>Comment identifier les meilleurs fournisseurs<\/b><\/h3>\n<p><span style=\"font-weight: 400;\">Lorsque vous cherchez \u00e0 <\/span><a href=\"https:\/\/en.wikipedia.org\/wiki\/Hydrazine\"><b>acheter hydrazine en ligne<\/b><\/a><span style=\"font-weight: 400;\">Il est donc essentiel de choisir un fournisseur qui r\u00e9pond \u00e0 des normes strictes en mati\u00e8re de s\u00e9curit\u00e9. <\/span><b>normes de s\u00e9curit\u00e9 et de conformit\u00e9<\/b><span style=\"font-weight: 400;\">. Voici ce qu'il faut v\u00e9rifier :<\/span><\/p>\n<ul>\n<li style=\"font-weight: 400;\" aria-level=\"1\"><b>V\u00e9rification des r\u00e9f\u00e9rences et des licences des entreprises<\/b>&nbsp;<\/li>\n<li style=\"font-weight: 400;\" aria-level=\"1\"><b>Disponibilit\u00e9 des fiches de donn\u00e9es de s\u00e9curit\u00e9 (FDS\/FDS)<\/b>&nbsp;<\/li>\n<li style=\"font-weight: 400;\" aria-level=\"1\"><b>Avis des clients et r\u00e9putation de l'industrie<\/b>&nbsp;<\/li>\n<li style=\"font-weight: 400;\" aria-level=\"1\"><b>\u00c9tiquetage, documentation et sp\u00e9cifications techniques clairs<\/b>&nbsp;<\/li>\n<li style=\"font-weight: 400;\" aria-level=\"1\"><b>Certifications relatives aux mati\u00e8res dangereuses (DOT, REACH, OSHA, ISO)<\/b>&nbsp;<\/li>\n<\/ul>\n<p><span style=\"font-weight: 400;\">Les <\/span><b>Meilleur endroit pour acheter de l'hydrazine<\/b><span style=\"font-weight: 400;\"> est celle qui donne la priorit\u00e9 aux <\/span><b>la transparence<\/b><span style=\"font-weight: 400;\">, <\/span><b>conformit\u00e9 r\u00e9glementaire<\/b><span style=\"font-weight: 400;\">et <\/span><b>pratiques de livraison s\u00fbres<\/b><span style=\"font-weight: 400;\">.<\/span><\/p>\n<h3><b>Lignes directrices pour la manipulation, l'exp\u00e9dition et le stockage<\/b><\/h3>\n<p><span style=\"font-weight: 400;\">En raison de son <\/span><b>toxicit\u00e9 et risque d'explosion<\/b><span style=\"font-weight: 400;\">L'hydrazine doit \u00eatre :<\/span><\/p>\n<ul>\n<li style=\"font-weight: 400;\" aria-level=\"1\"><b>Exp\u00e9dition dans des conteneurs approuv\u00e9s par l'ONU<\/b>&nbsp;<\/li>\n<li style=\"font-weight: 400;\" aria-level=\"1\"><b>Stock\u00e9 dans un endroit frais, bien ventil\u00e9 et \u00e0 l'abri du feu.<\/b>&nbsp;<\/li>\n<li style=\"font-weight: 400;\" aria-level=\"1\"><b>Manipul\u00e9s avec des EPI (gants, lunettes, blouse)<\/b>&nbsp;<\/li>\n<li style=\"font-weight: 400;\" aria-level=\"1\"><b>\u00c9tiquetage clair des avertissements de danger<\/b>&nbsp;<\/li>\n<\/ul>\n<p><span style=\"font-weight: 400;\">Veillez \u00e0 ce que votre fournisseur fournisse <\/span><b>instructions d\u00e9taill\u00e9es de manipulation<\/b><span style=\"font-weight: 400;\"> et suit <\/span><b>protocoles d'exp\u00e9dition de mati\u00e8res dangereuses<\/b><span style=\"font-weight: 400;\">.<\/span><\/p>\n<h3><b>Consid\u00e9rations juridiques et licences<\/b><\/h3>\n<p><span style=\"font-weight: 400;\">L'hydrazine est class\u00e9e comme <\/span><b>substances dangereuses et r\u00e9glement\u00e9es<\/b><span style=\"font-weight: 400;\"> dans la plupart des pays, y compris les \u00c9tats-Unis, le Canada, l'UE et l'Australie. Avant de passer une commande, soyez pr\u00eat \u00e0 :<\/span><\/p>\n<ul>\n<li style=\"font-weight: 400;\" aria-level=\"1\"><b>Fournir des r\u00e9f\u00e9rences commerciales ou institutionnelles<\/b>&nbsp;<\/li>\n<li style=\"font-weight: 400;\" aria-level=\"1\"><b>Remplir une d\u00e9claration d'utilisation finale<\/b>&nbsp;<\/li>\n<li style=\"font-weight: 400;\" aria-level=\"1\"><b>Obtenir les licences d'importation et d'exportation n\u00e9cessaires<\/b>&nbsp;<\/li>\n<li style=\"font-weight: 400;\" aria-level=\"1\"><b>Se conformer \u00e0 l'EPA, au DOT, \u00e0 REACH ou \u00e0 d'autres autorit\u00e9s similaires.<\/b>&nbsp;<\/li>\n<\/ul>\n<p><span style=\"font-weight: 400;\">L'achat non autoris\u00e9 ou l'utilisation abusive peut entra\u00eener <\/span><b>sanctions l\u00e9gales<\/b><span style=\"font-weight: 400;\">y compris des amendes ou des poursuites p\u00e9nales.<\/span><\/p>\n<h3><b>Derni\u00e8res r\u00e9flexions sur les achats responsables<\/b><\/h3>\n<p data-start=\"542\" data-end=\"602\"><span style=\"font-weight: 400;\">Que vous soyez ing\u00e9nieur chimiste, directeur de laboratoire ou responsable des achats, choisir de <\/span><b>commander de l'hydrazine en ligne<\/b><span style=\"font-weight: 400;\"> doit s'accompagner d'une compr\u00e9hension de son <\/span><b>risques et r\u00e9glementations<\/b><span style=\"font-weight: 400;\">. Toujours acheter chez <\/span><b>sources r\u00e9put\u00e9es<\/b><span style=\"font-weight: 400;\">Les autorit\u00e9s comp\u00e9tentes doivent s'engager \u00e0 respecter tous les protocoles juridiques et \u00e0 s'acquitter des t\u00e2ches suivantes <\/span><b>manipulation s\u00fbre et utilisation \u00e9thique<\/b><span style=\"font-weight: 400;\">.<\/span><\/p>","protected":false},"excerpt":{"rendered":"<p>L'hexamine, \u00e9galement connue sous le nom d'hexam\u00e9thyl\u00e8ne-t\u00e9tramine, est un compos\u00e9 organique dont la formule chimique est la suivante <span class=\"katex\"><span class=\"katex-mathml\">C6H12N4C_6H_{12}N_4<\/span><span class=\"katex-html\" aria-hidden=\"true\"><span class=\"base\"><span class=\"mord\"><span class=\"mord mathnormal\">C<\/span><span class=\"msupsub\"><span class=\"vlist-t vlist-t2\"><span class=\"vlist-r\"><span class=\"vlist\"><span class=\"sizing reset-size6 size3 mtight\"><span class=\"mord mtight\">6<\/span><\/span><\/span><span class=\"vlist-s\">\u200b<\/span><\/span><\/span><\/span><\/span><span class=\"mord\"><span class=\"mord mathnormal\">H<\/span><span class=\"msupsub\"><span class=\"vlist-t vlist-t2\"><span class=\"vlist-r\"><span class=\"vlist\"><span class=\"sizing reset-size6 size3 mtight\"><span class=\"mord mtight\">12<\/span><\/span><\/span><span class=\"vlist-s\">\u200b<\/span><\/span><\/span><\/span><\/span><span class=\"mord\"><span class=\"mord mathnormal\">N<\/span><span class=\"msupsub\"><span class=\"vlist-t vlist-t2\"><span class=\"vlist-r\"><span class=\"vlist\"><span class=\"sizing reset-size6 size3 mtight\"><span class=\"mord mtight\">4<\/span><\/span><\/span><span class=\"vlist-s\">\u200b<\/span><\/span><\/span><\/span><\/span><\/span><\/span><\/span>. Cette poudre cristalline blanche est tr\u00e8s soluble dans l'eau et est connue pour sa polyvalence dans diverses applications, des produits pharmaceutiques aux utilisations industrielles.<\/p>\n<ul>\n<li><strong>Formule chimique<\/strong>: <span class=\"katex\"><span class=\"katex-mathml\">C6H12N4C_6H_{12}N_4<\/span><span class=\"katex-html\" aria-hidden=\"true\"><span class=\"base\"><span class=\"mord\"><span class=\"mord mathnormal\">C<\/span><span class=\"msupsub\"><span class=\"vlist-t vlist-t2\"><span class=\"vlist-r\"><span class=\"vlist\"><span class=\"sizing reset-size6 size3 mtight\"><span class=\"mord mtight\">6<\/span><\/span><\/span><span class=\"vlist-s\">\u200b<\/span><\/span><\/span><\/span><\/span><span class=\"mord\"><span class=\"mord mathnormal\">H<\/span><span class=\"msupsub\"><span class=\"vlist-t vlist-t2\"><span class=\"vlist-r\"><span class=\"vlist\"><span class=\"sizing reset-size6 size3 mtight\"><span class=\"mord mtight\">12<\/span><\/span><\/span><span class=\"vlist-s\">\u200b<\/span><\/span><\/span><\/span><\/span><span class=\"mord\"><span class=\"mord mathnormal\">N<\/span><span class=\"msupsub\"><span class=\"vlist-t vlist-t2\"><span class=\"vlist-r\"><span class=\"vlist\"><span class=\"sizing reset-size6 size3 mtight\"><span class=\"mord mtight\">4<\/span><\/span><\/span><span class=\"vlist-s\">\u200b<\/span><\/span><\/span><\/span><\/span><\/span><\/span><\/span><\/li>\n<li><strong>Structure mol\u00e9culaire<\/strong>: L'hexamine est constitu\u00e9e d'un squelette d'hexamine, o\u00f9 six atomes de carbone sont reli\u00e9s \u00e0 des atomes d'azote, formant une structure stable.<\/li>\n<li><strong>\u00c9tat physique<\/strong>: Solide cristallin blanc \u00e0 temp\u00e9rature ambiante.<\/li>\n<li><strong>Point de fusion<\/strong>: Environ 280 \u00b0C (536 \u00b0F).<\/li>\n<li><strong>Solubilit\u00e9<\/strong>: Soluble dans l'eau et l'alcool ; insoluble dans les solvants non polaires.<\/li>\n<\/ul>","protected":false},"featured_media":1339,"comment_status":"open","ping_status":"closed","template":"","meta":{"_kadence_starter_templates_imported_post":false,"_kad_post_transparent":"default","_kad_post_title":"","_kad_post_layout":"default","_kad_post_sidebar_id":"","_kad_post_content_style":"default","_kad_post_vertical_padding":"default","_kad_post_feature":"","_kad_post_feature_position":"","_kad_post_header":false,"_kad_post_footer":false,"_joinchat":[]},"product_brand":[],"product_cat":[82],"product_tag":[820,817,833,829,830,823,825,826,832,828,818,827,824,822,834,816,821,819,835,831],"class_list":{"0":"post-1170","1":"product","2":"type-product","3":"status-publish","4":"has-post-thumbnail","6":"product_cat-explosives-and-pyrotechnics","7":"product_tag-bulk-hexamine-supplier","8":"product_tag-buy-hexamine","9":"product_tag-commercial-hexamine-supply","10":"product_tag-hexamine-as-curing-agent","11":"product_tag-hexamine-distributor","12":"product_tag-hexamine-for-chemical-manufacturing","13":"product_tag-hexamine-for-explosives","14":"product_tag-hexamine-for-fuel-tablets","15":"product_tag-hexamine-for-industrial-applications","16":"product_tag-hexamine-for-laboratory-use","17":"product_tag-hexamine-for-sale","18":"product_tag-hexamine-in-pharmaceutical-industry","19":"product_tag-hexamine-in-resin-production","20":"product_tag-hexamine-price-and-availability","21":"product_tag-hexamine-safety-and-compliance","22":"product_tag-hexamine-supplier","23":"product_tag-high-purity-hexamine","24":"product_tag-industrial-hexamine-supply","25":"product_tag-reliable-hexamine-supplier","26":"product_tag-where-to-buy-hexamine","28":"first","29":"instock","30":"shipping-taxable","31":"product-type-simple","32":"entry","33":"content-bg","34":"loop-entry"},"yoast_head":"<!-- This site is optimized with the Yoast SEO plugin v25.6 - https:\/\/yoast.com\/wordpress\/plugins\/seo\/ -->\n<title>Buy Hexamine Supplier Online - Hexamine for Sale<\/title>\n<meta name=\"description\" content=\"Do not miss any opportunity to buy hexamine supplier online from our store. We are exclusively dealing with hexamine for sale at cheap rates. We are here to help you. Order now!\" \/>\n<meta name=\"robots\" content=\"index, follow, max-snippet:-1, max-image-preview:large, max-video-preview:-1\" \/>\n<link rel=\"canonical\" href=\"https:\/\/subszone.com\/fr\/product\/hexamine\/\" \/>\n<meta property=\"og:locale\" content=\"fr_FR\" \/>\n<meta property=\"og:type\" content=\"article\" \/>\n<meta property=\"og:title\" content=\"Buy Hexamine Supplier Online - Hexamine for Sale\" \/>\n<meta property=\"og:description\" content=\"Do not miss any opportunity to buy hexamine supplier online from our store. We are exclusively dealing with hexamine for sale at cheap rates. We are here to help you. Order now!\" \/>\n<meta property=\"og:url\" content=\"https:\/\/subszone.com\/fr\/product\/hexamine\/\" \/>\n<meta property=\"og:site_name\" content=\"SubsZone\" \/>\n<meta property=\"article:modified_time\" content=\"2025-08-01T08:54:24+00:00\" \/>\n<meta property=\"og:image\" content=\"https:\/\/subszone.com\/wp-content\/uploads\/2024\/10\/Hexamine.webp\" \/>\n\t<meta property=\"og:image:width\" content=\"1024\" \/>\n\t<meta property=\"og:image:height\" content=\"1024\" \/>\n\t<meta property=\"og:image:type\" content=\"image\/webp\" \/>\n<meta name=\"twitter:card\" content=\"summary_large_image\" \/>\n<meta name=\"twitter:label1\" content=\"Dur\u00e9e de lecture estim\u00e9e\" \/>\n\t<meta name=\"twitter:data1\" content=\"2 minutes\" \/>\n<script type=\"application\/ld+json\" class=\"yoast-schema-graph\">{\"@context\":\"https:\/\/schema.org\",\"@graph\":[{\"@type\":\"WebPage\",\"@id\":\"https:\/\/subszone.com\/product\/hexamine\/\",\"url\":\"https:\/\/subszone.com\/product\/hexamine\/\",\"name\":\"Buy Hexamine Supplier Online - Hexamine for Sale\",\"isPartOf\":{\"@id\":\"https:\/\/subszone.com\/#website\"},\"primaryImageOfPage\":{\"@id\":\"https:\/\/subszone.com\/product\/hexamine\/#primaryimage\"},\"image\":{\"@id\":\"https:\/\/subszone.com\/product\/hexamine\/#primaryimage\"},\"thumbnailUrl\":\"https:\/\/subszone.com\/wp-content\/uploads\/2024\/10\/Hexamine.webp\",\"datePublished\":\"2024-10-24T05:19:07+00:00\",\"dateModified\":\"2025-08-01T08:54:24+00:00\",\"description\":\"Do not miss any opportunity to buy hexamine supplier online from our store. We are exclusively dealing with hexamine for sale at cheap rates. We are here to help you. Order now!\",\"breadcrumb\":{\"@id\":\"https:\/\/subszone.com\/product\/hexamine\/#breadcrumb\"},\"inLanguage\":\"fr-FR\",\"potentialAction\":[{\"@type\":\"ReadAction\",\"target\":[\"https:\/\/subszone.com\/product\/hexamine\/\"]}]},{\"@type\":\"ImageObject\",\"inLanguage\":\"fr-FR\",\"@id\":\"https:\/\/subszone.com\/product\/hexamine\/#primaryimage\",\"url\":\"https:\/\/subszone.com\/wp-content\/uploads\/2024\/10\/Hexamine.webp\",\"contentUrl\":\"https:\/\/subszone.com\/wp-content\/uploads\/2024\/10\/Hexamine.webp\",\"width\":1024,\"height\":1024,\"caption\":\"Buy Hexamine Supplier Online\"},{\"@type\":\"BreadcrumbList\",\"@id\":\"https:\/\/subszone.com\/product\/hexamine\/#breadcrumb\",\"itemListElement\":[{\"@type\":\"ListItem\",\"position\":1,\"name\":\"Home\",\"item\":\"https:\/\/subszone.com\/\"},{\"@type\":\"ListItem\",\"position\":2,\"name\":\"Shop\",\"item\":\"https:\/\/subszone.com\/shop\/\"},{\"@type\":\"ListItem\",\"position\":3,\"name\":\"Buy Hexamine Online\"}]},{\"@type\":\"WebSite\",\"@id\":\"https:\/\/subszone.com\/#website\",\"url\":\"https:\/\/subszone.com\/\",\"name\":\"SubsZone\",\"description\":\"My WordPress Blog\",\"publisher\":{\"@id\":\"https:\/\/subszone.com\/#organization\"},\"potentialAction\":[{\"@type\":\"SearchAction\",\"target\":{\"@type\":\"EntryPoint\",\"urlTemplate\":\"https:\/\/subszone.com\/?s={search_term_string}\"},\"query-input\":{\"@type\":\"PropertyValueSpecification\",\"valueRequired\":true,\"valueName\":\"search_term_string\"}}],\"inLanguage\":\"fr-FR\"},{\"@type\":\"Organization\",\"@id\":\"https:\/\/subszone.com\/#organization\",\"name\":\"SubsZone\",\"url\":\"https:\/\/subszone.com\/\",\"logo\":{\"@type\":\"ImageObject\",\"inLanguage\":\"fr-FR\",\"@id\":\"https:\/\/subszone.com\/#\/schema\/logo\/image\/\",\"url\":\"https:\/\/subszone.com\/wp-content\/uploads\/2024\/10\/logo.png\",\"contentUrl\":\"https:\/\/subszone.com\/wp-content\/uploads\/2024\/10\/logo.png\",\"width\":193,\"height\":50,\"caption\":\"SubsZone\"},\"image\":{\"@id\":\"https:\/\/subszone.com\/#\/schema\/logo\/image\/\"}}]}<\/script>\n<!-- \/ Yoast SEO plugin. -->","yoast_head_json":{"title":"Acheter Hexamine Supplier Online - Hexamine for Sale","description":"Ne manquez pas l'occasion d'acheter hexamine supplier online de notre magasin. Nous nous occupons exclusivement de la vente d'hexamine \u00e0 des prix bon march\u00e9. Nous sommes l\u00e0 pour vous aider. Commandez maintenant !","robots":{"index":"index","follow":"follow","max-snippet":"max-snippet:-1","max-image-preview":"max-image-preview:large","max-video-preview":"max-video-preview:-1"},"canonical":"https:\/\/subszone.com\/fr\/product\/hexamine\/","og_locale":"fr_FR","og_type":"article","og_title":"Buy Hexamine Supplier Online - Hexamine for Sale","og_description":"Do not miss any opportunity to buy hexamine supplier online from our store. We are exclusively dealing with hexamine for sale at cheap rates. We are here to help you. Order now!","og_url":"https:\/\/subszone.com\/fr\/product\/hexamine\/","og_site_name":"SubsZone","article_modified_time":"2025-08-01T08:54:24+00:00","og_image":[{"width":1024,"height":1024,"url":"https:\/\/subszone.com\/wp-content\/uploads\/2024\/10\/Hexamine.webp","type":"image\/webp"}],"twitter_card":"summary_large_image","twitter_misc":{"Dur\u00e9e de lecture estim\u00e9e":"2 minutes"},"schema":{"@context":"https:\/\/schema.org","@graph":[{"@type":"WebPage","@id":"https:\/\/subszone.com\/product\/hexamine\/","url":"https:\/\/subszone.com\/product\/hexamine\/","name":"Acheter Hexamine Supplier Online - Hexamine for Sale","isPartOf":{"@id":"https:\/\/subszone.com\/#website"},"primaryImageOfPage":{"@id":"https:\/\/subszone.com\/product\/hexamine\/#primaryimage"},"image":{"@id":"https:\/\/subszone.com\/product\/hexamine\/#primaryimage"},"thumbnailUrl":"https:\/\/subszone.com\/wp-content\/uploads\/2024\/10\/Hexamine.webp","datePublished":"2024-10-24T05:19:07+00:00","dateModified":"2025-08-01T08:54:24+00:00","description":"Ne manquez pas l'occasion d'acheter hexamine supplier online de notre magasin. Nous nous occupons exclusivement de la vente d'hexamine \u00e0 des prix bon march\u00e9. Nous sommes l\u00e0 pour vous aider. Commandez maintenant !","breadcrumb":{"@id":"https:\/\/subszone.com\/product\/hexamine\/#breadcrumb"},"inLanguage":"fr-FR","potentialAction":[{"@type":"ReadAction","target":["https:\/\/subszone.com\/product\/hexamine\/"]}]},{"@type":"ImageObject","inLanguage":"fr-FR","@id":"https:\/\/subszone.com\/product\/hexamine\/#primaryimage","url":"https:\/\/subszone.com\/wp-content\/uploads\/2024\/10\/Hexamine.webp","contentUrl":"https:\/\/subszone.com\/wp-content\/uploads\/2024\/10\/Hexamine.webp","width":1024,"height":1024,"caption":"Buy Hexamine Supplier Online"},{"@type":"BreadcrumbList","@id":"https:\/\/subszone.com\/product\/hexamine\/#breadcrumb","itemListElement":[{"@type":"ListItem","position":1,"name":"Home","item":"https:\/\/subszone.com\/"},{"@type":"ListItem","position":2,"name":"Shop","item":"https:\/\/subszone.com\/shop\/"},{"@type":"ListItem","position":3,"name":"Buy Hexamine Online"}]},{"@type":"WebSite","@id":"https:\/\/subszone.com\/#website","url":"https:\/\/subszone.com\/","name":"SubsZone","description":"Mon blog WordPress","publisher":{"@id":"https:\/\/subszone.com\/#organization"},"potentialAction":[{"@type":"SearchAction","target":{"@type":"EntryPoint","urlTemplate":"https:\/\/subszone.com\/?s={search_term_string}"},"query-input":{"@type":"PropertyValueSpecification","valueRequired":true,"valueName":"search_term_string"}}],"inLanguage":"fr-FR"},{"@type":"Organization","@id":"https:\/\/subszone.com\/#organization","name":"SubsZone","url":"https:\/\/subszone.com\/","logo":{"@type":"ImageObject","inLanguage":"fr-FR","@id":"https:\/\/subszone.com\/#\/schema\/logo\/image\/","url":"https:\/\/subszone.com\/wp-content\/uploads\/2024\/10\/logo.png","contentUrl":"https:\/\/subszone.com\/wp-content\/uploads\/2024\/10\/logo.png","width":193,"height":50,"caption":"SubsZone"},"image":{"@id":"https:\/\/subszone.com\/#\/schema\/logo\/image\/"}}]}},"_links":{"self":[{"href":"https:\/\/subszone.com\/fr\/wp-json\/wp\/v2\/product\/1170","targetHints":{"allow":["GET"]}}],"collection":[{"href":"https:\/\/subszone.com\/fr\/wp-json\/wp\/v2\/product"}],"about":[{"href":"https:\/\/subszone.com\/fr\/wp-json\/wp\/v2\/types\/product"}],"replies":[{"embeddable":true,"href":"https:\/\/subszone.com\/fr\/wp-json\/wp\/v2\/comments?post=1170"}],"wp:featuredmedia":[{"embeddable":true,"href":"https:\/\/subszone.com\/fr\/wp-json\/wp\/v2\/media\/1339"}],"wp:attachment":[{"href":"https:\/\/subszone.com\/fr\/wp-json\/wp\/v2\/media?parent=1170"}],"wp:term":[{"taxonomy":"product_brand","embeddable":true,"href":"https:\/\/subszone.com\/fr\/wp-json\/wp\/v2\/product_brand?post=1170"},{"taxonomy":"product_cat","embeddable":true,"href":"https:\/\/subszone.com\/fr\/wp-json\/wp\/v2\/product_cat?post=1170"},{"taxonomy":"product_tag","embeddable":true,"href":"https:\/\/subszone.com\/fr\/wp-json\/wp\/v2\/product_tag?post=1170"}],"curies":[{"name":"wp","href":"https:\/\/api.w.org\/{rel}","templated":true}]}}