{"id":1182,"date":"2024-10-24T05:47:26","date_gmt":"2024-10-24T05:47:26","guid":{"rendered":"https:\/\/subszone.com\/?post_type=product&#038;p=1182"},"modified":"2025-06-02T11:36:32","modified_gmt":"2025-06-02T11:36:32","slug":"hydrofluoric-acid","status":"publish","type":"product","link":"https:\/\/subszone.com\/fr\/product\/hydrofluoric-acid\/","title":{"rendered":"Acheter de l'acide fluorhydrique en ligne"},"content":{"rendered":"<h2><b>Comment acheter de l'acide fluorhydrique en ligne en toute s\u00e9curit\u00e9 et l\u00e9galit\u00e9 ?<\/b><\/h2>\n<h3><b>Introduction<\/b><\/h3>\n<p><span style=\"font-weight: 400;\"><a href=\"https:\/\/subszone.com\/fr\/product\/hydrofluoric-acid\/\">Acide fluorhydrique (HF)<\/a> est un <\/span><b>acide inorganique puissant et tr\u00e8s corrosif<\/b><span style=\"font-weight: 400;\"> largement utilis\u00e9s dans les secteurs de l'industrie, du commerce et des laboratoires. Si vous cherchez \u00e0 <\/span><b>acheter de l'acide fluorhydrique en ligne<\/b><span style=\"font-weight: 400;\">Dans ce contexte, il est essentiel de comprendre les aspects juridiques, de s\u00e9curit\u00e9 et d'approvisionnement. De la gravure des m\u00e9taux \u00e0 la fabrication de semi-conducteurs et \u00e0 la recherche avanc\u00e9e, l'HF joue un r\u00f4le essentiel, mais il n\u00e9cessite une manipulation responsable et des achats r\u00e9glement\u00e9s.<\/span><\/p>\n<h3><b>Comprendre l'acide fluorhydrique<\/b><\/h3>\n<p><span style=\"font-weight: 400;\">L'acide fluorhydrique, g\u00e9n\u00e9ralement vendu sous forme de solution aqueuse (commun\u00e9ment 48%), est <\/span><b>pas comme les autres acides<\/b><span style=\"font-weight: 400;\">. Il poss\u00e8de des propri\u00e9t\u00e9s uniques, telles que la capacit\u00e9 de dissoudre le verre et de r\u00e9agir fortement avec de nombreux m\u00e9taux.<\/span><\/p>\n<h4><b>Principales propri\u00e9t\u00e9s chimiques :<\/b><\/h4>\n<ul>\n<li style=\"font-weight: 400;\" aria-level=\"1\"><b>Formule mol\u00e9culaire :<\/b><span style=\"font-weight: 400;\"> HF<\/span><span style=\"font-weight: 400;\">\n<p><\/span><\/li>\n<li style=\"font-weight: 400;\" aria-level=\"1\"><b>Apparence :<\/b><span style=\"font-weight: 400;\"> Liquide incolore, fumant, \u00e0 l'odeur forte et irritante<\/span><span style=\"font-weight: 400;\">\n<p><\/span><\/li>\n<li style=\"font-weight: 400;\" aria-level=\"1\"><b>R\u00e9activit\u00e9 :<\/b><span style=\"font-weight: 400;\"> Attaque le verre, la c\u00e9ramique et la plupart des oxydes<\/span><span style=\"font-weight: 400;\">\n<p><\/span><\/li>\n<\/ul>\n<h4><b>Formats d'emballage typiques :<\/b><\/h4>\n<p><span style=\"font-weight: 400;\">Pour garantir un transport et un stockage s\u00fbrs, l'HF est g\u00e9n\u00e9ralement exp\u00e9di\u00e9 dans un emballage :<\/span><\/p>\n<ul>\n<li style=\"font-weight: 400;\" aria-level=\"1\"><b>Conteneurs en poly\u00e9thyl\u00e8ne haute densit\u00e9 (PEHD)<\/b><b>\n<p><\/b><\/li>\n<li style=\"font-weight: 400;\" aria-level=\"1\"><b>F\u00fbts ou bonbonnes non homologu\u00e9s<\/b><span style=\"font-weight: 400;\"> avec des joints r\u00e9sistants \u00e0 la corrosion<\/span><span style=\"font-weight: 400;\">\n<p><\/span><\/li>\n<li style=\"font-weight: 400;\" aria-level=\"1\"><span style=\"font-weight: 400;\">Bouteilles de laboratoire de petite taille (moins de 1L) pour les environnements de recherche contr\u00f4l\u00e9s<\/span><span style=\"font-weight: 400;\">\n<p><\/span><\/li>\n<\/ul>\n<h3><b>Conformit\u00e9 r\u00e9glementaire<\/b><\/h3>\n<p><span style=\"font-weight: 400;\">Avant de vous <\/span><b>commander de l'acide fluorhydrique en ligne<\/b><span style=\"font-weight: 400;\">il est important de v\u00e9rifier si votre pays ou votre juridiction ne restreint pas les achats de produits HF.<\/span><\/p>\n<h4><b>Licences et restrictions l\u00e9gales :<\/b><\/h4>\n<ul>\n<li style=\"font-weight: 400;\" aria-level=\"1\"><b>\u00c9tats-Unis :<\/b><span style=\"font-weight: 400;\"> N\u00e9cessite une v\u00e9rification de l'entreprise et peut faire l'objet d'une surveillance de la DEA ou de l'EPA.<\/span><span style=\"font-weight: 400;\">\n<p><\/span><\/li>\n<li style=\"font-weight: 400;\" aria-level=\"1\"><b>L'Union europ\u00e9enne :<\/b><span style=\"font-weight: 400;\"> Contr\u00f4l\u00e9 dans le cadre de la r\u00e9glementation REACH.<\/span><span style=\"font-weight: 400;\">\n<p><\/span><\/li>\n<li style=\"font-weight: 400;\" aria-level=\"1\"><b>R\u00e9gions d'Asie-Pacifique :<\/b><span style=\"font-weight: 400;\"> L'importation ou l'utilisation peut n\u00e9cessiter des licences industrielles ou de recherche.<\/span><span style=\"font-weight: 400;\">\n<p><\/span><\/li>\n<\/ul>\n<p><span style=\"font-weight: 400;\">Si vous \u00eates un acheteur priv\u00e9 ou une entit\u00e9 non agr\u00e9\u00e9e, <\/span><b>vous pouvez faire l'objet de restrictions ou d'un refus d'achat<\/b><span style=\"font-weight: 400;\"> enti\u00e8rement en raison de la classification dangereuse de cette substance.<\/span><\/p>\n<h3><b>Comment choisir un fournisseur fiable<\/b><\/h3>\n<p><span style=\"font-weight: 400;\">De nombreux vendeurs d\u00e9clarent <\/span><a href=\"https:\/\/en.wikipedia.org\/wiki\/Hydrofluoric_acid\"><b>acide fluorhydrique pour la vente<\/b><\/a><span style=\"font-weight: 400;\">En effet, tous les fournisseurs ne respectent pas les normes de s\u00e9curit\u00e9 et de qualit\u00e9 requises. V\u00e9rifiez soigneusement votre fournisseur.<\/span><\/p>\n<h4><b>Rechercher :<\/b><\/h4>\n<ul>\n<li style=\"font-weight: 400;\" aria-level=\"1\"><b>Certifications :<\/b><span style=\"font-weight: 400;\"> ISO 9001, conformit\u00e9 OSHA, exp\u00e9dition avec formation HazMat<\/span><span style=\"font-weight: 400;\">\n<p><\/span><\/li>\n<li style=\"font-weight: 400;\" aria-level=\"1\"><b>Acc\u00e8s \u00e0 la fiche de donn\u00e9es de s\u00e9curit\u00e9 :<\/b><span style=\"font-weight: 400;\"> Demandez toujours une fiche de donn\u00e9es de s\u00e9curit\u00e9 (FDS) lors de l'achat.<\/span><span style=\"font-weight: 400;\">\n<p><\/span><\/li>\n<li style=\"font-weight: 400;\" aria-level=\"1\"><b>Garantie de puret\u00e9 :<\/b><span style=\"font-weight: 400;\"> Concentration de HF clairement \u00e9tiquet\u00e9e (par exemple, 48%, 55%)<\/span><span style=\"font-weight: 400;\">\n<p><\/span><\/li>\n<\/ul>\n<h4><b>Qualit\u00e9 laboratoire ou qualit\u00e9 industrielle :<\/b><\/h4>\n<ul>\n<li style=\"font-weight: 400;\" aria-level=\"1\"><b>HF de qualit\u00e9 laboratoire<\/b><span style=\"font-weight: 400;\"> convient aux applications de haute puret\u00e9 \u00e0 petite \u00e9chelle<\/span><span style=\"font-weight: 400;\">\n<p><\/span><\/li>\n<li style=\"font-weight: 400;\" aria-level=\"1\"><b>HF de qualit\u00e9 industrielle<\/b><span style=\"font-weight: 400;\"> peuvent se pr\u00e9senter sous forme de volumes plus importants pour des utilisations commerciales telles que la gravure, le d\u00e9capage et la fabrication.<\/span><span style=\"font-weight: 400;\">\n<p><\/span><\/li>\n<\/ul>\n<h3><b>Passer une commande en ligne<\/b><\/h3>\n<p><span style=\"font-weight: 400;\">Une fois que vous avez identifi\u00e9 un vendeur v\u00e9rifi\u00e9, l'\u00e9tape suivante consiste \u00e0 s'assurer que le processus de commande est conforme \u00e0 la r\u00e9glementation sur les mati\u00e8res dangereuses.<\/span><\/p>\n<h4><b>La commande s\u00e9curis\u00e9e comprend :<\/b><\/h4>\n<ul>\n<li style=\"font-weight: 400;\" aria-level=\"1\"><span style=\"font-weight: 400;\">V\u00e9rification de l'identit\u00e9 et de la licence d'exploitation<\/span><span style=\"font-weight: 400;\">\n<p><\/span><\/li>\n<li style=\"font-weight: 400;\" aria-level=\"1\"><span style=\"font-weight: 400;\">Options de paiement accept\u00e9es (crypto-monnaie, transfert d'entreprise ou carte v\u00e9rifi\u00e9e)<\/span><span style=\"font-weight: 400;\">\n<p><\/span><\/li>\n<li style=\"font-weight: 400;\" aria-level=\"1\"><span style=\"font-weight: 400;\">Examen des commandes avant ex\u00e9cution pour les articles soumis \u00e0 restriction<\/span><span style=\"font-weight: 400;\">\n<p><\/span><\/li>\n<\/ul>\n<h4><b>Exp\u00e9dition et livraison :<\/b><\/h4>\n<ul>\n<li style=\"font-weight: 400;\" aria-level=\"1\"><b>Protocoles d'exp\u00e9dition de mati\u00e8res dangereuses<\/b><b>\n<p><\/b><\/li>\n<li style=\"font-weight: 400;\" aria-level=\"1\"><b>Emballage discret et \u00e9tanche<\/b><b>\n<p><\/b><\/li>\n<li style=\"font-weight: 400;\" aria-level=\"1\"><b>Suivi, assurance et documentation requise<\/b><span style=\"font-weight: 400;\"> (fiche de donn\u00e9es de s\u00e9curit\u00e9, facture, \u00e9tiquettes d'exp\u00e9dition des Nations unies)<\/span><span style=\"font-weight: 400;\">\n<p><\/span><\/li>\n<\/ul>\n<h3><b>Meilleures pratiques pour une manipulation s\u00fbre<\/b><\/h3>\n<p><span style=\"font-weight: 400;\">HF est <\/span><b>extr\u00eamement dangereux<\/b><span style=\"font-weight: 400;\"> et peuvent p\u00e9n\u00e9trer la peau, entra\u00eenant des l\u00e9sions tissulaires profondes et une toxicit\u00e9 syst\u00e9mique.<\/span><\/p>\n<h4><b>Exigences en mati\u00e8re de manutention :<\/b><\/h4>\n<ul>\n<li style=\"font-weight: 400;\" aria-level=\"1\"><b>\u00c9quipement de protection individuelle (EPI) :<\/b><span style=\"font-weight: 400;\"> Gants r\u00e9sistant aux produits chimiques, lunettes de protection, \u00e9crans faciaux, blouses de laboratoire<\/span><span style=\"font-weight: 400;\">\n<p><\/span><\/li>\n<li style=\"font-weight: 400;\" aria-level=\"1\"><b>Stockage :<\/b><span style=\"font-weight: 400;\"> Dans des r\u00e9cipients r\u00e9sistants \u00e0 la corrosion, dans une armoire s\u00fbre et ventil\u00e9e<\/span><span style=\"font-weight: 400;\">\n<p><\/span><\/li>\n<li style=\"font-weight: 400;\" aria-level=\"1\"><b>Pr\u00e9paration aux situations d'urgence :<\/b><span style=\"font-weight: 400;\"> Garder <\/span><b>gel de gluconate de calcium<\/b><span style=\"font-weight: 400;\"> \u00e0 port\u00e9e de main pour traiter l'exposition cutan\u00e9e aux HF<\/span><span style=\"font-weight: 400;\">\n<p><\/span><\/li>\n<\/ul>\n<h4><b>\u00c9limination :<\/b><\/h4>\n<ul>\n<li style=\"font-weight: 400;\" aria-level=\"1\"><span style=\"font-weight: 400;\">Respecter les r\u00e9glementations r\u00e9gionales en mati\u00e8re de d\u00e9chets dangereux<\/span><span style=\"font-weight: 400;\">\n<p><\/span><\/li>\n<li style=\"font-weight: 400;\" aria-level=\"1\"><span style=\"font-weight: 400;\">La neutralisation ne doit \u00eatre effectu\u00e9e que par des professionnels qualifi\u00e9s.<\/span><span style=\"font-weight: 400;\">\n<p><\/span><\/li>\n<\/ul>\n<h3><b>Conclusion<\/b><\/h3>\n<p><span style=\"font-weight: 400;\">Qu'il s'agisse d'approvisionnement en HF pour des applications industrielles ou pour la recherche, il est essentiel de <\/span><b>acheter de l'acide fluorhydrique en ligne<\/b><span style=\"font-weight: 400;\"> uniquement aupr\u00e8s de vendeurs certifi\u00e9s qui comprennent les implications en mati\u00e8re de r\u00e9glementation et de s\u00e9curit\u00e9. V\u00e9rifiez toujours la l\u00e9galit\u00e9 dans votre pays, exigez une documentation appropri\u00e9e et suivez les meilleures pratiques en mati\u00e8re de manipulation.<\/span><\/p>","protected":false},"excerpt":{"rendered":"<p><strong>Acide fluorhydrique (HF)<\/strong> est une solution incolore tr\u00e8s r\u00e9active, connue pour sa capacit\u00e9 \u00e0 dissoudre de nombreux mat\u00e9riaux, y compris le verre. Cet acide puissant est largement utilis\u00e9 dans les processus industriels et de fabrication, en particulier dans les applications qui n\u00e9cessitent une attaque, un nettoyage et une pr\u00e9paration de surface. Vous trouverez ci-dessous un guide des principales utilisations de l'acide fluorhydrique, de ses avantages et des mesures de s\u00e9curit\u00e9.<\/p>\n<p><strong>Synonyme(s) : HF<\/strong><br \/>\n<strong>Formule empirique (notation de Hill) : HF<\/strong><br \/>\n<strong>Num\u00e9ro CAS : 7664-39-3<\/strong><br \/>\n<strong>Poids mol\u00e9culaire : 20,01<\/strong><\/p>","protected":false},"featured_media":1416,"comment_status":"open","ping_status":"closed","template":"","meta":{"_kadence_starter_templates_imported_post":false,"_kad_post_transparent":"default","_kad_post_title":"","_kad_post_layout":"default","_kad_post_sidebar_id":"","_kad_post_content_style":"default","_kad_post_vertical_padding":"default","_kad_post_feature":"","_kad_post_feature_position":"","_kad_post_header":false,"_kad_post_footer":false,"_joinchat":[]},"product_brand":[],"product_cat":[126],"product_tag":[684,682,274,275,696,685,692,688,695,699,687,689,276,691,690,277,278,686,693,279,697,681,280,683,698,694,281],"class_list":{"0":"post-1182","1":"product","2":"type-product","3":"status-publish","4":"has-post-thumbnail","6":"product_cat-environmental-and-health-hazards","7":"product_tag-bulk-hydrofluoric-acid-supplier","8":"product_tag-buy-hydrofluoric-acid","9":"product_tag-buy-hydrofluoric-acid-online","10":"product_tag-can-you-buy-hydrofluoric-acid","11":"product_tag-commercial-hydrofluoric-acid-supply","12":"product_tag-high-purity-hydrofluoric-acid","13":"product_tag-hydrofluoric-acid-distributor","14":"product_tag-hydrofluoric-acid-for-chemical-manufacturing","15":"product_tag-hydrofluoric-acid-for-industrial-applications","16":"product_tag-hydrofluoric-acid-for-laboratory-use","17":"product_tag-hydrofluoric-acid-for-metal-etching","18":"product_tag-hydrofluoric-acid-for-oil-refining","19":"product_tag-hydrofluoric-acid-for-sale","20":"product_tag-hydrofluoric-acid-for-semiconductor-industry","21":"product_tag-hydrofluoric-acid-in-glass-production","22":"product_tag-hydrofluoric-acid-near-me","23":"product_tag-hydrofluoric-acid-price","24":"product_tag-hydrofluoric-acid-price-and-availability","25":"product_tag-hydrofluoric-acid-procurement","26":"product_tag-hydrofluoric-acid-purchase","27":"product_tag-hydrofluoric-acid-safety-and-compliance","28":"product_tag-hydrofluoric-acid-supplier","29":"product_tag-hydrofluoric-acid-suppliers","30":"product_tag-industrial-hydrofluoric-acid-supply","31":"product_tag-reliable-hydrofluoric-acid-supplier","32":"product_tag-where-to-buy-hydrofluoric-acid","33":"product_tag-where-to-get-hydrofluoric-acid","35":"first","36":"instock","37":"shipping-taxable","38":"product-type-simple","39":"entry","40":"content-bg","41":"loop-entry"},"yoast_head":"<!-- This site is optimized with the Yoast SEO plugin v25.6 - https:\/\/yoast.com\/wordpress\/plugins\/seo\/ -->\n<title>Buy Hydrofluoric Acid Online - Hydrofluoric Acid for Sale<\/title>\n<meta name=\"description\" content=\"At our Subszone, you can get industrial hydrofluoric acid for sale at cheap rates. Here you can buy hydrofluoric acid online with high-quality from our store now with fast &amp; secure shipping service. Order Now!\" \/>\n<meta name=\"robots\" content=\"index, follow, max-snippet:-1, max-image-preview:large, max-video-preview:-1\" \/>\n<link rel=\"canonical\" href=\"https:\/\/subszone.com\/fr\/product\/hydrofluoric-acid\/\" \/>\n<meta property=\"og:locale\" content=\"fr_FR\" \/>\n<meta property=\"og:type\" content=\"article\" \/>\n<meta property=\"og:title\" content=\"Buy Hydrofluoric Acid Online - Hydrofluoric Acid for Sale\" \/>\n<meta property=\"og:description\" content=\"At our Subszone, you can get industrial hydrofluoric acid for sale at cheap rates. Here you can buy hydrofluoric acid online with high-quality from our store now with fast &amp; secure shipping service. Order Now!\" \/>\n<meta property=\"og:url\" content=\"https:\/\/subszone.com\/fr\/product\/hydrofluoric-acid\/\" \/>\n<meta property=\"og:site_name\" content=\"SubsZone\" \/>\n<meta property=\"article:modified_time\" content=\"2025-06-02T11:36:32+00:00\" \/>\n<meta property=\"og:image\" content=\"https:\/\/subszone.com\/wp-content\/uploads\/2024\/10\/Hydrofluoric-Acid-2-1.gif\" \/>\n\t<meta property=\"og:image:width\" content=\"600\" \/>\n\t<meta property=\"og:image:height\" content=\"600\" \/>\n\t<meta property=\"og:image:type\" content=\"image\/gif\" \/>\n<meta name=\"twitter:card\" content=\"summary_large_image\" \/>\n<meta name=\"twitter:label1\" content=\"Dur\u00e9e de lecture estim\u00e9e\" \/>\n\t<meta name=\"twitter:data1\" content=\"3 minutes\" \/>\n<script type=\"application\/ld+json\" class=\"yoast-schema-graph\">{\"@context\":\"https:\/\/schema.org\",\"@graph\":[{\"@type\":\"WebPage\",\"@id\":\"https:\/\/subszone.com\/product\/hydrofluoric-acid\/\",\"url\":\"https:\/\/subszone.com\/product\/hydrofluoric-acid\/\",\"name\":\"Buy Hydrofluoric Acid Online - Hydrofluoric Acid for Sale\",\"isPartOf\":{\"@id\":\"https:\/\/subszone.com\/#website\"},\"primaryImageOfPage\":{\"@id\":\"https:\/\/subszone.com\/product\/hydrofluoric-acid\/#primaryimage\"},\"image\":{\"@id\":\"https:\/\/subszone.com\/product\/hydrofluoric-acid\/#primaryimage\"},\"thumbnailUrl\":\"https:\/\/subszone.com\/wp-content\/uploads\/2024\/10\/Hydrofluoric-Acid-2-1.gif\",\"datePublished\":\"2024-10-24T05:47:26+00:00\",\"dateModified\":\"2025-06-02T11:36:32+00:00\",\"description\":\"At our Subszone, you can get industrial hydrofluoric acid for sale at cheap rates. Here you can buy hydrofluoric acid online with high-quality from our store now with fast & secure shipping service. Order Now!\",\"breadcrumb\":{\"@id\":\"https:\/\/subszone.com\/product\/hydrofluoric-acid\/#breadcrumb\"},\"inLanguage\":\"fr-FR\",\"potentialAction\":[{\"@type\":\"ReadAction\",\"target\":[\"https:\/\/subszone.com\/product\/hydrofluoric-acid\/\"]}]},{\"@type\":\"ImageObject\",\"inLanguage\":\"fr-FR\",\"@id\":\"https:\/\/subszone.com\/product\/hydrofluoric-acid\/#primaryimage\",\"url\":\"https:\/\/subszone.com\/wp-content\/uploads\/2024\/10\/Hydrofluoric-Acid-2-1.gif\",\"contentUrl\":\"https:\/\/subszone.com\/wp-content\/uploads\/2024\/10\/Hydrofluoric-Acid-2-1.gif\",\"width\":600,\"height\":600,\"caption\":\"Buy Hydrofluoric Acid Online\"},{\"@type\":\"BreadcrumbList\",\"@id\":\"https:\/\/subszone.com\/product\/hydrofluoric-acid\/#breadcrumb\",\"itemListElement\":[{\"@type\":\"ListItem\",\"position\":1,\"name\":\"Home\",\"item\":\"https:\/\/subszone.com\/\"},{\"@type\":\"ListItem\",\"position\":2,\"name\":\"Shop\",\"item\":\"https:\/\/subszone.com\/shop\/\"},{\"@type\":\"ListItem\",\"position\":3,\"name\":\"Buy Hydrofluoric Acid Online\"}]},{\"@type\":\"WebSite\",\"@id\":\"https:\/\/subszone.com\/#website\",\"url\":\"https:\/\/subszone.com\/\",\"name\":\"SubsZone\",\"description\":\"My WordPress Blog\",\"publisher\":{\"@id\":\"https:\/\/subszone.com\/#organization\"},\"potentialAction\":[{\"@type\":\"SearchAction\",\"target\":{\"@type\":\"EntryPoint\",\"urlTemplate\":\"https:\/\/subszone.com\/?s={search_term_string}\"},\"query-input\":{\"@type\":\"PropertyValueSpecification\",\"valueRequired\":true,\"valueName\":\"search_term_string\"}}],\"inLanguage\":\"fr-FR\"},{\"@type\":\"Organization\",\"@id\":\"https:\/\/subszone.com\/#organization\",\"name\":\"SubsZone\",\"url\":\"https:\/\/subszone.com\/\",\"logo\":{\"@type\":\"ImageObject\",\"inLanguage\":\"fr-FR\",\"@id\":\"https:\/\/subszone.com\/#\/schema\/logo\/image\/\",\"url\":\"https:\/\/subszone.com\/wp-content\/uploads\/2024\/10\/logo.png\",\"contentUrl\":\"https:\/\/subszone.com\/wp-content\/uploads\/2024\/10\/logo.png\",\"width\":193,\"height\":50,\"caption\":\"SubsZone\"},\"image\":{\"@id\":\"https:\/\/subszone.com\/#\/schema\/logo\/image\/\"}}]}<\/script>\n<!-- \/ Yoast SEO plugin. -->","yoast_head_json":{"title":"Acheter de l'acide fluorhydrique en ligne - Acide fluorhydrique en vente","description":"Sur Subszone, vous pouvez obtenir de l'acide fluorhydrique industriel en vente \u00e0 des prix bon march\u00e9. Vous pouvez acheter en ligne de l'acide fluorhydrique de haute qualit\u00e9 dans notre magasin avec un service d'exp\u00e9dition rapide et s\u00e9curis\u00e9. Commandez maintenant !","robots":{"index":"index","follow":"follow","max-snippet":"max-snippet:-1","max-image-preview":"max-image-preview:large","max-video-preview":"max-video-preview:-1"},"canonical":"https:\/\/subszone.com\/fr\/product\/hydrofluoric-acid\/","og_locale":"fr_FR","og_type":"article","og_title":"Buy Hydrofluoric Acid Online - Hydrofluoric Acid for Sale","og_description":"At our Subszone, you can get industrial hydrofluoric acid for sale at cheap rates. Here you can buy hydrofluoric acid online with high-quality from our store now with fast & secure shipping service. Order Now!","og_url":"https:\/\/subszone.com\/fr\/product\/hydrofluoric-acid\/","og_site_name":"SubsZone","article_modified_time":"2025-06-02T11:36:32+00:00","og_image":[{"width":600,"height":600,"url":"https:\/\/subszone.com\/wp-content\/uploads\/2024\/10\/Hydrofluoric-Acid-2-1.gif","type":"image\/gif"}],"twitter_card":"summary_large_image","twitter_misc":{"Dur\u00e9e de lecture estim\u00e9e":"3 minutes"},"schema":{"@context":"https:\/\/schema.org","@graph":[{"@type":"WebPage","@id":"https:\/\/subszone.com\/product\/hydrofluoric-acid\/","url":"https:\/\/subszone.com\/product\/hydrofluoric-acid\/","name":"Acheter de l'acide fluorhydrique en ligne - Acide fluorhydrique en vente","isPartOf":{"@id":"https:\/\/subszone.com\/#website"},"primaryImageOfPage":{"@id":"https:\/\/subszone.com\/product\/hydrofluoric-acid\/#primaryimage"},"image":{"@id":"https:\/\/subszone.com\/product\/hydrofluoric-acid\/#primaryimage"},"thumbnailUrl":"https:\/\/subszone.com\/wp-content\/uploads\/2024\/10\/Hydrofluoric-Acid-2-1.gif","datePublished":"2024-10-24T05:47:26+00:00","dateModified":"2025-06-02T11:36:32+00:00","description":"Sur Subszone, vous pouvez obtenir de l'acide fluorhydrique industriel en vente \u00e0 des prix bon march\u00e9. Vous pouvez acheter en ligne de l'acide fluorhydrique de haute qualit\u00e9 dans notre magasin avec un service d'exp\u00e9dition rapide et s\u00e9curis\u00e9. Commandez maintenant !","breadcrumb":{"@id":"https:\/\/subszone.com\/product\/hydrofluoric-acid\/#breadcrumb"},"inLanguage":"fr-FR","potentialAction":[{"@type":"ReadAction","target":["https:\/\/subszone.com\/product\/hydrofluoric-acid\/"]}]},{"@type":"ImageObject","inLanguage":"fr-FR","@id":"https:\/\/subszone.com\/product\/hydrofluoric-acid\/#primaryimage","url":"https:\/\/subszone.com\/wp-content\/uploads\/2024\/10\/Hydrofluoric-Acid-2-1.gif","contentUrl":"https:\/\/subszone.com\/wp-content\/uploads\/2024\/10\/Hydrofluoric-Acid-2-1.gif","width":600,"height":600,"caption":"Buy Hydrofluoric Acid Online"},{"@type":"BreadcrumbList","@id":"https:\/\/subszone.com\/product\/hydrofluoric-acid\/#breadcrumb","itemListElement":[{"@type":"ListItem","position":1,"name":"Home","item":"https:\/\/subszone.com\/"},{"@type":"ListItem","position":2,"name":"Shop","item":"https:\/\/subszone.com\/shop\/"},{"@type":"ListItem","position":3,"name":"Buy Hydrofluoric Acid Online"}]},{"@type":"WebSite","@id":"https:\/\/subszone.com\/#website","url":"https:\/\/subszone.com\/","name":"SubsZone","description":"Mon blog WordPress","publisher":{"@id":"https:\/\/subszone.com\/#organization"},"potentialAction":[{"@type":"SearchAction","target":{"@type":"EntryPoint","urlTemplate":"https:\/\/subszone.com\/?s={search_term_string}"},"query-input":{"@type":"PropertyValueSpecification","valueRequired":true,"valueName":"search_term_string"}}],"inLanguage":"fr-FR"},{"@type":"Organization","@id":"https:\/\/subszone.com\/#organization","name":"SubsZone","url":"https:\/\/subszone.com\/","logo":{"@type":"ImageObject","inLanguage":"fr-FR","@id":"https:\/\/subszone.com\/#\/schema\/logo\/image\/","url":"https:\/\/subszone.com\/wp-content\/uploads\/2024\/10\/logo.png","contentUrl":"https:\/\/subszone.com\/wp-content\/uploads\/2024\/10\/logo.png","width":193,"height":50,"caption":"SubsZone"},"image":{"@id":"https:\/\/subszone.com\/#\/schema\/logo\/image\/"}}]}},"_links":{"self":[{"href":"https:\/\/subszone.com\/fr\/wp-json\/wp\/v2\/product\/1182","targetHints":{"allow":["GET"]}}],"collection":[{"href":"https:\/\/subszone.com\/fr\/wp-json\/wp\/v2\/product"}],"about":[{"href":"https:\/\/subszone.com\/fr\/wp-json\/wp\/v2\/types\/product"}],"replies":[{"embeddable":true,"href":"https:\/\/subszone.com\/fr\/wp-json\/wp\/v2\/comments?post=1182"}],"wp:featuredmedia":[{"embeddable":true,"href":"https:\/\/subszone.com\/fr\/wp-json\/wp\/v2\/media\/1416"}],"wp:attachment":[{"href":"https:\/\/subszone.com\/fr\/wp-json\/wp\/v2\/media?parent=1182"}],"wp:term":[{"taxonomy":"product_brand","embeddable":true,"href":"https:\/\/subszone.com\/fr\/wp-json\/wp\/v2\/product_brand?post=1182"},{"taxonomy":"product_cat","embeddable":true,"href":"https:\/\/subszone.com\/fr\/wp-json\/wp\/v2\/product_cat?post=1182"},{"taxonomy":"product_tag","embeddable":true,"href":"https:\/\/subszone.com\/fr\/wp-json\/wp\/v2\/product_tag?post=1182"}],"curies":[{"name":"wp","href":"https:\/\/api.w.org\/{rel}","templated":true}]}}