{"id":1202,"date":"2024-10-24T06:13:24","date_gmt":"2024-10-24T06:13:24","guid":{"rendered":"https:\/\/subszone.com\/?post_type=product&#038;p=1202"},"modified":"2025-06-02T12:26:38","modified_gmt":"2025-06-02T12:26:38","slug":"mercure","status":"publish","type":"product","link":"https:\/\/subszone.com\/fr\/product\/mercure\/","title":{"rendered":"Acheter du mercure en ligne"},"content":{"rendered":"<h2><b>Mercure - Mercure m\u00e9tallique de haute puret\u00e9 pour utilisation industrielle et en laboratoire<\/b><\/h2>\n<p><span style=\"font-weight: 400;\">Envisager de <\/span><a href=\"https:\/\/en.wikipedia.org\/wiki\/Mercury\"><b>acheter du mercure en ligne<\/b><\/a><span style=\"font-weight: 400;\"> avec une garantie de qualit\u00e9 et de conformit\u00e9 ? Notre <\/span><b>Mercure \u00e9l\u00e9mentaire de premi\u00e8re qualit\u00e9<\/b><span style=\"font-weight: 400;\"> est disponible pour un achat s\u00e9curis\u00e9, con\u00e7u pour r\u00e9pondre aux besoins exigeants des utilisateurs industriels, des chercheurs scientifiques et des laboratoires professionnels. Obtenu aupr\u00e8s de fournisseurs certifi\u00e9s et livr\u00e9 dans des conteneurs scell\u00e9s, ce <\/span><b>Mercure de qualit\u00e9 laboratoire \u00e0 vendre<\/b><span style=\"font-weight: 400;\"> garantit les performances, la fiabilit\u00e9 et la conformit\u00e9 r\u00e9glementaire dont vous avez besoin.<\/span><\/p>\n<h3><b>Aper\u00e7u du produit<\/b><\/h3>\n<ul>\n<li style=\"font-weight: 400;\" aria-level=\"1\"><b>Nom chimique<\/b><span style=\"font-weight: 400;\">: Mercure \u00e9l\u00e9mentaire (Hg)<\/span><span style=\"font-weight: 400;\">\n<p><\/span><\/li>\n<li style=\"font-weight: 400;\" aria-level=\"1\"><b>Num\u00e9ro CAS<\/b><span style=\"font-weight: 400;\">: 7439-97-6<\/span><span style=\"font-weight: 400;\">\n<p><\/span><\/li>\n<li style=\"font-weight: 400;\" aria-level=\"1\"><b>La puret\u00e9<\/b><span style=\"font-weight: 400;\">: \u226599.99% (qualit\u00e9 laboratoire\/industrielle)<\/span><span style=\"font-weight: 400;\">\n<p><\/span><\/li>\n<li style=\"font-weight: 400;\" aria-level=\"1\"><b>Formulaire<\/b><span style=\"font-weight: 400;\">: M\u00e9tal liquide dense, blanc argent\u00e9<\/span><span style=\"font-weight: 400;\">\n<p><\/span><\/li>\n<li style=\"font-weight: 400;\" aria-level=\"1\"><b>Emballage<\/b><span style=\"font-weight: 400;\">: Bouteilles \u00e9tanches avec scell\u00e9s d'inviolabilit\u00e9<\/span><span style=\"font-weight: 400;\">\n<p><\/span><\/li>\n<li style=\"font-weight: 400;\" aria-level=\"1\"><b>Quantit\u00e9s disponibles<\/b><span style=\"font-weight: 400;\">: 50g, 100g, 500g, 1kg+<\/span><span style=\"font-weight: 400;\">\n<p><\/span><\/li>\n<\/ul>\n<h3><b>Pourquoi choisir notre Mercure ?<\/b><\/h3>\n<h4><b>Tr\u00e8s haute puret\u00e9<\/b><\/h4>\n<p><span style=\"font-weight: 400;\">Notre <\/span><b>haute puret\u00e9 <a href=\"https:\/\/subszone.com\/fr\/product\/mercure\/\">mercure<\/a> m\u00e9tal<\/b><span style=\"font-weight: 400;\"> est rigoureusement test\u00e9 pour garantir une contamination minimale. Id\u00e9al pour la chimie analytique, l'instrumentation scientifique et l'ing\u00e9nierie de pr\u00e9cision, ce mercure r\u00e9pond aux normes strictes des laboratoires et de l'industrie.<\/span><\/p>\n<h4><b>Certifi\u00e9 et conforme<\/b><\/h4>\n<p><span style=\"font-weight: 400;\">Lorsque vous <\/span><b>Commander Mercury en ligne<\/b><span style=\"font-weight: 400;\"> vous recevrez une documentation technique compl\u00e8te, y compris un <\/span><b>Certificat d'analyse (CoA)<\/b><span style=\"font-weight: 400;\"> et <\/span><b>Fiche de donn\u00e9es de s\u00e9curit\u00e9 (FDS)<\/b><span style=\"font-weight: 400;\">. Nous veillons \u00e0 ce que tous les processus de manutention, d'emballage et d'exp\u00e9dition soient conformes aux r\u00e9glementations sur les mati\u00e8res dangereuses, pour votre tranquillit\u00e9 d'esprit.<\/span><\/p>\n<h4><b>La confiance des professionnels<\/b><\/h4>\n<p><span style=\"font-weight: 400;\">De <\/span><b>laboratoires chimiques<\/b><span style=\"font-weight: 400;\"> et <\/span><b>applications mini\u00e8res<\/b><span style=\"font-weight: 400;\"> \u00e0 <\/span><b>l'\u00e9talonnage des instruments<\/b><span style=\"font-weight: 400;\"> et <\/span><b>la recherche scientifique<\/b><span style=\"font-weight: 400;\">Notre Mercury est le choix de confiance des institutions et des industries qui exigent des performances fiables et constantes.<\/span><\/p>\n<h4><b>Prix comp\u00e9titifs<\/b><\/h4>\n<p><span style=\"font-weight: 400;\">\u00c0 la recherche d'un <\/span><b>prix Mercure bon march\u00e9<\/b><span style=\"font-weight: 400;\"> sans sacrifier la qualit\u00e9 ou la s\u00e9curit\u00e9 ? Nos prix \u00e9chelonn\u00e9s et nos options de vente en gros font de nous le leader mondial de la distribution de produits alimentaires. <\/span><b>Meilleur endroit pour acheter Mercury<\/b><span style=\"font-weight: 400;\"> en ligne, offrant un rapport qualit\u00e9-prix exceptionnel sans compromis sur les normes.<\/span><\/p>\n<h3><b>Applications<\/b><\/h3>\n<ul>\n<li style=\"font-weight: 400;\" aria-level=\"1\"><b>Recherche et essais scientifiques<\/b><span style=\"font-weight: 400;\">: Couramment utilis\u00e9 dans les barom\u00e8tres, thermom\u00e8tres et manom\u00e8tres.<\/span><span style=\"font-weight: 400;\">\n<p><\/span><\/li>\n<li style=\"font-weight: 400;\" aria-level=\"1\"><b>Utilisation industrielle<\/b><span style=\"font-weight: 400;\">: Utilis\u00e9 dans l'extraction de l'or, l'\u00e9clairage fluorescent et les interrupteurs \u00e9lectriques.<\/span><span style=\"font-weight: 400;\">\n<p><\/span><\/li>\n<li style=\"font-weight: 400;\" aria-level=\"1\"><b>\u00c9tablissements d'enseignement<\/b><span style=\"font-weight: 400;\">: Pour des exp\u00e9riences et des d\u00e9monstrations contr\u00f4l\u00e9es (sous surveillance ad\u00e9quate)<\/span><span style=\"font-weight: 400;\">\n<p><\/span><\/li>\n<\/ul>\n<h3><b>Conseils de s\u00e9curit\u00e9 et de stockage<\/b><\/h3>\n<p><span style=\"font-weight: 400;\">Le mercure est un <\/span><b>mati\u00e8res dangereuses<\/b><span style=\"font-weight: 400;\"> et doit \u00eatre manipul\u00e9 avec une extr\u00eame prudence. N'utiliser que dans des zones bien ventil\u00e9es et avec un \u00e9quipement de protection. Stocker dans des r\u00e9cipients herm\u00e9tiquement ferm\u00e9s, \u00e0 l'abri de la chaleur et des substances incompatibles. Toujours respecter les directives locales et internationales en mati\u00e8re d'utilisation et d'\u00e9limination.<\/span><\/p>\n<h3><b>Ce qu'il faut rechercher chez un fournisseur<\/b><\/h3>\n<ul>\n<li style=\"font-weight: 400;\" aria-level=\"1\"><span style=\"font-weight: 400;\">Puret\u00e9 certifi\u00e9e et v\u00e9rification en laboratoire<\/span><span style=\"font-weight: 400;\">\n<p><\/span><\/li>\n<li style=\"font-weight: 400;\" aria-level=\"1\"><span style=\"font-weight: 400;\">Exp\u00e9dition s\u00e9curis\u00e9e et conforme \u00e0 la r\u00e9glementation<\/span><span style=\"font-weight: 400;\">\n<p><\/span><\/li>\n<li style=\"font-weight: 400;\" aria-level=\"1\"><span style=\"font-weight: 400;\">Assistance \u00e0 la client\u00e8le pour la documentation technique et de s\u00e9curit\u00e9<\/span><span style=\"font-weight: 400;\">\n<p><\/span><\/li>\n<li style=\"font-weight: 400;\" aria-level=\"1\"><span style=\"font-weight: 400;\">Examens transparents et garanties de service<\/span><span style=\"font-weight: 400;\">\n<p><\/span><\/li>\n<\/ul>\n<h3><b>Commander du mercure en ligne - Livraison rapide, s\u00fbre et fiable<\/b><\/h3>\n<p><span style=\"font-weight: 400;\">Gr\u00e2ce \u00e0 un paiement s\u00e9curis\u00e9, un traitement rapide et des options de transport enti\u00e8rement conformes, nous facilitons <\/span><b>acheter du mercure en ligne<\/b><span style=\"font-weight: 400;\"> pour un usage professionnel. Notre \u00e9quipe d'experts est l\u00e0 pour vous aider \u00e0 acheter, du devis \u00e0 la livraison.<\/span><\/p>","protected":false},"excerpt":{"rendered":"<p><strong>Mercure (Hg)<\/strong>souvent reconnaissable \u00e0 son aspect argent\u00e9 et brillant et \u00e0 son \u00e9tat liquide \u00e0 temp\u00e9rature ambiante, est un \u00e9l\u00e9ment dense et hautement toxique qui a des utilisations sp\u00e9cialis\u00e9es dans les domaines de la sant\u00e9 et de l'environnement. <strong>la recherche scientifique<\/strong>, <strong>les proc\u00e9d\u00e9s industriels<\/strong>et <strong>instrumentation<\/strong>. Connu pour sa conductivit\u00e9 \u00e9lectrique et sa capacit\u00e9 \u00e0 former des amalgames avec d'autres m\u00e9taux, le mercure a toujours eu une grande valeur, m\u00eame si son utilisation est aujourd'hui fortement r\u00e9glement\u00e9e en raison des risques pour l'environnement et la sant\u00e9. Nous d\u00e9crivons ci-dessous les principales applications, les avantages et les aspects essentiels de la s\u00e9curit\u00e9 du mercure.<\/p>\n<p><strong>Synonyme(s) : Chlorure de mercure(II), Chlorure mercurique<\/strong><br \/>\n<strong>Formule lin\u00e9aire : HgCl2<\/strong><br \/>\n<strong>Num\u00e9ro CAS : 7487-94-7<\/strong><br \/>\n<strong>Poids mol\u00e9culaire : 271,50<\/strong><\/p>","protected":false},"featured_media":1410,"comment_status":"open","ping_status":"closed","template":"","meta":{"_kadence_starter_templates_imported_post":false,"_kad_post_transparent":"default","_kad_post_title":"","_kad_post_layout":"default","_kad_post_sidebar_id":"","_kad_post_content_style":"default","_kad_post_vertical_padding":"default","_kad_post_feature":"","_kad_post_feature_position":"","_kad_post_header":false,"_kad_post_footer":false,"_joinchat":[]},"product_brand":[],"product_cat":[129],"product_tag":[1099,1096,1111,1100,1098,1108,1103,1104,1110,1102,1106,1097,1107,1105,1101,1114,1112,1095,1113,1109],"class_list":{"0":"post-1202","1":"product","2":"type-product","3":"status-publish","4":"has-post-thumbnail","6":"product_cat-metal-processing-and-mining","7":"product_tag-bulk-mercury-supplier","8":"product_tag-buy-mercury","9":"product_tag-commercial-mercury-supply","10":"product_tag-high-purity-mercury","11":"product_tag-industrial-mercury-supply","12":"product_tag-mercury-distributor","13":"product_tag-mercury-for-chemical-manufacturing","14":"product_tag-mercury-for-electrical-applications","15":"product_tag-mercury-for-industrial-applications","16":"product_tag-mercury-for-laboratory-use","17":"product_tag-mercury-for-mining-industry","18":"product_tag-mercury-for-sale","19":"product_tag-mercury-for-scientific-instruments","20":"product_tag-mercury-in-thermometers","21":"product_tag-mercury-price-and-availability","22":"product_tag-mercury-procurement","23":"product_tag-mercury-safety-and-compliance","24":"product_tag-mercury-supplier","25":"product_tag-reliable-mercury-supplier","26":"product_tag-where-to-buy-mercury","28":"first","29":"instock","30":"shipping-taxable","31":"product-type-simple","32":"entry","33":"content-bg","34":"loop-entry"},"yoast_head":"<!-- This site is optimized with the Yoast SEO plugin v25.6 - https:\/\/yoast.com\/wordpress\/plugins\/seo\/ -->\n<title>Buy High-Quality Mercury Online - Industrial Mercury for Sale<\/title>\n<meta name=\"description\" content=\"If you are willing to get industrial mercury for sale, then we are the right choice for you. Our staff members will help you buy high-quality mercury online at cheap rates. Place your order with us!\" \/>\n<meta name=\"robots\" content=\"index, follow, max-snippet:-1, max-image-preview:large, max-video-preview:-1\" \/>\n<link rel=\"canonical\" href=\"https:\/\/subszone.com\/fr\/product\/mercure\/\" \/>\n<meta property=\"og:locale\" content=\"fr_FR\" \/>\n<meta property=\"og:type\" content=\"article\" \/>\n<meta property=\"og:title\" content=\"Buy High-Quality Mercury Online - Industrial Mercury for Sale\" \/>\n<meta property=\"og:description\" content=\"If you are willing to get industrial mercury for sale, then we are the right choice for you. Our staff members will help you buy high-quality mercury online at cheap rates. Place your order with us!\" \/>\n<meta property=\"og:url\" content=\"https:\/\/subszone.com\/fr\/product\/mercure\/\" \/>\n<meta property=\"og:site_name\" content=\"SubsZone\" \/>\n<meta property=\"article:modified_time\" content=\"2025-06-02T12:26:38+00:00\" \/>\n<meta property=\"og:image\" content=\"https:\/\/subszone.com\/wp-content\/uploads\/2024\/10\/Mercury-2.gif\" \/>\n\t<meta property=\"og:image:width\" content=\"600\" \/>\n\t<meta property=\"og:image:height\" content=\"600\" \/>\n\t<meta property=\"og:image:type\" content=\"image\/gif\" \/>\n<meta name=\"twitter:card\" content=\"summary_large_image\" \/>\n<meta name=\"twitter:label1\" content=\"Dur\u00e9e de lecture estim\u00e9e\" \/>\n\t<meta name=\"twitter:data1\" content=\"2 minutes\" \/>\n<script type=\"application\/ld+json\" class=\"yoast-schema-graph\">{\"@context\":\"https:\/\/schema.org\",\"@graph\":[{\"@type\":\"WebPage\",\"@id\":\"https:\/\/subszone.com\/product\/mercury\/\",\"url\":\"https:\/\/subszone.com\/product\/mercury\/\",\"name\":\"Buy High-Quality Mercury Online - Industrial Mercury for Sale\",\"isPartOf\":{\"@id\":\"https:\/\/subszone.com\/#website\"},\"primaryImageOfPage\":{\"@id\":\"https:\/\/subszone.com\/product\/mercury\/#primaryimage\"},\"image\":{\"@id\":\"https:\/\/subszone.com\/product\/mercury\/#primaryimage\"},\"thumbnailUrl\":\"https:\/\/subszone.com\/wp-content\/uploads\/2024\/10\/Mercury-2.gif\",\"datePublished\":\"2024-10-24T06:13:24+00:00\",\"dateModified\":\"2025-06-02T12:26:38+00:00\",\"description\":\"If you are willing to get industrial mercury for sale, then we are the right choice for you. Our staff members will help you buy high-quality mercury online at cheap rates. Place your order with us!\",\"breadcrumb\":{\"@id\":\"https:\/\/subszone.com\/product\/mercury\/#breadcrumb\"},\"inLanguage\":\"fr-FR\",\"potentialAction\":[{\"@type\":\"ReadAction\",\"target\":[\"https:\/\/subszone.com\/product\/mercury\/\"]}]},{\"@type\":\"ImageObject\",\"inLanguage\":\"fr-FR\",\"@id\":\"https:\/\/subszone.com\/product\/mercury\/#primaryimage\",\"url\":\"https:\/\/subszone.com\/wp-content\/uploads\/2024\/10\/Mercury-2.gif\",\"contentUrl\":\"https:\/\/subszone.com\/wp-content\/uploads\/2024\/10\/Mercury-2.gif\",\"width\":600,\"height\":600,\"caption\":\"Buy High-Quality Mercury Online\"},{\"@type\":\"BreadcrumbList\",\"@id\":\"https:\/\/subszone.com\/product\/mercury\/#breadcrumb\",\"itemListElement\":[{\"@type\":\"ListItem\",\"position\":1,\"name\":\"Home\",\"item\":\"https:\/\/subszone.com\/\"},{\"@type\":\"ListItem\",\"position\":2,\"name\":\"Shop\",\"item\":\"https:\/\/subszone.com\/shop\/\"},{\"@type\":\"ListItem\",\"position\":3,\"name\":\"Buy Mercury Online\"}]},{\"@type\":\"WebSite\",\"@id\":\"https:\/\/subszone.com\/#website\",\"url\":\"https:\/\/subszone.com\/\",\"name\":\"SubsZone\",\"description\":\"My WordPress Blog\",\"publisher\":{\"@id\":\"https:\/\/subszone.com\/#organization\"},\"potentialAction\":[{\"@type\":\"SearchAction\",\"target\":{\"@type\":\"EntryPoint\",\"urlTemplate\":\"https:\/\/subszone.com\/?s={search_term_string}\"},\"query-input\":{\"@type\":\"PropertyValueSpecification\",\"valueRequired\":true,\"valueName\":\"search_term_string\"}}],\"inLanguage\":\"fr-FR\"},{\"@type\":\"Organization\",\"@id\":\"https:\/\/subszone.com\/#organization\",\"name\":\"SubsZone\",\"url\":\"https:\/\/subszone.com\/\",\"logo\":{\"@type\":\"ImageObject\",\"inLanguage\":\"fr-FR\",\"@id\":\"https:\/\/subszone.com\/#\/schema\/logo\/image\/\",\"url\":\"https:\/\/subszone.com\/wp-content\/uploads\/2024\/10\/logo.png\",\"contentUrl\":\"https:\/\/subszone.com\/wp-content\/uploads\/2024\/10\/logo.png\",\"width\":193,\"height\":50,\"caption\":\"SubsZone\"},\"image\":{\"@id\":\"https:\/\/subszone.com\/#\/schema\/logo\/image\/\"}}]}<\/script>\n<!-- \/ Yoast SEO plugin. -->","yoast_head_json":{"title":"Acheter du mercure de haute qualit\u00e9 en ligne - Vente de mercure industriel","description":"Si vous souhaitez obtenir du mercure industriel \u00e0 vendre, nous sommes le bon choix pour vous. Nos collaborateurs vous aideront \u00e0 acheter du mercure de haute qualit\u00e9 en ligne \u00e0 des prix avantageux. Passez votre commande chez nous !","robots":{"index":"index","follow":"follow","max-snippet":"max-snippet:-1","max-image-preview":"max-image-preview:large","max-video-preview":"max-video-preview:-1"},"canonical":"https:\/\/subszone.com\/fr\/product\/mercure\/","og_locale":"fr_FR","og_type":"article","og_title":"Buy High-Quality Mercury Online - Industrial Mercury for Sale","og_description":"If you are willing to get industrial mercury for sale, then we are the right choice for you. Our staff members will help you buy high-quality mercury online at cheap rates. Place your order with us!","og_url":"https:\/\/subszone.com\/fr\/product\/mercure\/","og_site_name":"SubsZone","article_modified_time":"2025-06-02T12:26:38+00:00","og_image":[{"width":600,"height":600,"url":"https:\/\/subszone.com\/wp-content\/uploads\/2024\/10\/Mercury-2.gif","type":"image\/gif"}],"twitter_card":"summary_large_image","twitter_misc":{"Dur\u00e9e de lecture estim\u00e9e":"2 minutes"},"schema":{"@context":"https:\/\/schema.org","@graph":[{"@type":"WebPage","@id":"https:\/\/subszone.com\/product\/mercury\/","url":"https:\/\/subszone.com\/product\/mercury\/","name":"Acheter du mercure de haute qualit\u00e9 en ligne - Vente de mercure industriel","isPartOf":{"@id":"https:\/\/subszone.com\/#website"},"primaryImageOfPage":{"@id":"https:\/\/subszone.com\/product\/mercury\/#primaryimage"},"image":{"@id":"https:\/\/subszone.com\/product\/mercury\/#primaryimage"},"thumbnailUrl":"https:\/\/subszone.com\/wp-content\/uploads\/2024\/10\/Mercury-2.gif","datePublished":"2024-10-24T06:13:24+00:00","dateModified":"2025-06-02T12:26:38+00:00","description":"Si vous souhaitez obtenir du mercure industriel \u00e0 vendre, nous sommes le bon choix pour vous. Nos collaborateurs vous aideront \u00e0 acheter du mercure de haute qualit\u00e9 en ligne \u00e0 des prix avantageux. Passez votre commande chez nous !","breadcrumb":{"@id":"https:\/\/subszone.com\/product\/mercury\/#breadcrumb"},"inLanguage":"fr-FR","potentialAction":[{"@type":"ReadAction","target":["https:\/\/subszone.com\/product\/mercury\/"]}]},{"@type":"ImageObject","inLanguage":"fr-FR","@id":"https:\/\/subszone.com\/product\/mercury\/#primaryimage","url":"https:\/\/subszone.com\/wp-content\/uploads\/2024\/10\/Mercury-2.gif","contentUrl":"https:\/\/subszone.com\/wp-content\/uploads\/2024\/10\/Mercury-2.gif","width":600,"height":600,"caption":"Buy High-Quality Mercury Online"},{"@type":"BreadcrumbList","@id":"https:\/\/subszone.com\/product\/mercury\/#breadcrumb","itemListElement":[{"@type":"ListItem","position":1,"name":"Home","item":"https:\/\/subszone.com\/"},{"@type":"ListItem","position":2,"name":"Shop","item":"https:\/\/subszone.com\/shop\/"},{"@type":"ListItem","position":3,"name":"Buy Mercury Online"}]},{"@type":"WebSite","@id":"https:\/\/subszone.com\/#website","url":"https:\/\/subszone.com\/","name":"SubsZone","description":"Mon blog WordPress","publisher":{"@id":"https:\/\/subszone.com\/#organization"},"potentialAction":[{"@type":"SearchAction","target":{"@type":"EntryPoint","urlTemplate":"https:\/\/subszone.com\/?s={search_term_string}"},"query-input":{"@type":"PropertyValueSpecification","valueRequired":true,"valueName":"search_term_string"}}],"inLanguage":"fr-FR"},{"@type":"Organization","@id":"https:\/\/subszone.com\/#organization","name":"SubsZone","url":"https:\/\/subszone.com\/","logo":{"@type":"ImageObject","inLanguage":"fr-FR","@id":"https:\/\/subszone.com\/#\/schema\/logo\/image\/","url":"https:\/\/subszone.com\/wp-content\/uploads\/2024\/10\/logo.png","contentUrl":"https:\/\/subszone.com\/wp-content\/uploads\/2024\/10\/logo.png","width":193,"height":50,"caption":"SubsZone"},"image":{"@id":"https:\/\/subszone.com\/#\/schema\/logo\/image\/"}}]}},"_links":{"self":[{"href":"https:\/\/subszone.com\/fr\/wp-json\/wp\/v2\/product\/1202","targetHints":{"allow":["GET"]}}],"collection":[{"href":"https:\/\/subszone.com\/fr\/wp-json\/wp\/v2\/product"}],"about":[{"href":"https:\/\/subszone.com\/fr\/wp-json\/wp\/v2\/types\/product"}],"replies":[{"embeddable":true,"href":"https:\/\/subszone.com\/fr\/wp-json\/wp\/v2\/comments?post=1202"}],"wp:featuredmedia":[{"embeddable":true,"href":"https:\/\/subszone.com\/fr\/wp-json\/wp\/v2\/media\/1410"}],"wp:attachment":[{"href":"https:\/\/subszone.com\/fr\/wp-json\/wp\/v2\/media?parent=1202"}],"wp:term":[{"taxonomy":"product_brand","embeddable":true,"href":"https:\/\/subszone.com\/fr\/wp-json\/wp\/v2\/product_brand?post=1202"},{"taxonomy":"product_cat","embeddable":true,"href":"https:\/\/subszone.com\/fr\/wp-json\/wp\/v2\/product_cat?post=1202"},{"taxonomy":"product_tag","embeddable":true,"href":"https:\/\/subszone.com\/fr\/wp-json\/wp\/v2\/product_tag?post=1202"}],"curies":[{"name":"wp","href":"https:\/\/api.w.org\/{rel}","templated":true}]}}