{"id":1216,"date":"2024-10-24T06:26:49","date_gmt":"2024-10-24T06:26:49","guid":{"rendered":"https:\/\/subszone.com\/?post_type=product&#038;p=1216"},"modified":"2025-06-02T12:31:30","modified_gmt":"2025-06-02T12:31:30","slug":"methanol","status":"publish","type":"product","link":"https:\/\/subszone.com\/fr\/product\/methanol\/","title":{"rendered":"Acheter du m\u00e9thanol en ligne"},"content":{"rendered":"<h2><b>Acheter du m\u00e9thanol en ligne : Tout ce qu'il faut savoir avant de commander<\/b><\/h2>\n<h3><b>Introduction<\/b><\/h3>\n<p><span style=\"font-weight: 400;\">Dans un monde de plus en plus num\u00e9rique, les professionnels de tous les secteurs cherchent \u00e0 <\/span><a href=\"https:\/\/en.wikipedia.org\/wiki\/Methanol\"><b>acheter du m\u00e9thanol en ligne<\/b><\/a><span style=\"font-weight: 400;\"> pour un acc\u00e8s plus rapide, des prix comp\u00e9titifs et une plus grande commodit\u00e9. Des laboratoires aux producteurs de biocarburants, le m\u00e9thanol est un produit chimique essentiel dans d'innombrables applications. Mais avant de <\/span><b>commander du m\u00e9thanol en ligne<\/b><span style=\"font-weight: 400;\">Il est donc essentiel de comprendre ce qu'il est, comment il est utilis\u00e9 et quelles sont les consid\u00e9rations l\u00e9gales ou de s\u00e9curit\u00e9 qu'il implique. Ce guide couvre tout ce que vous devez savoir pour faire un achat intelligent, s\u00fbr et conforme.<\/span><\/p>\n<h3><b>Demande croissante de m\u00e9thanol<\/b><\/h3>\n<p><span style=\"font-weight: 400;\">Le m\u00e9thanol, \u00e9galement connu sous le nom d'alcool de bois, est un compos\u00e9 chimique simple mais polyvalent dont la demande industrielle et scientifique ne cesse de cro\u00eetre. Son large \u00e9ventail d'applications - de la production d'\u00e9nergie \u00e0 la fabrication - a pouss\u00e9 les professionnels \u00e0 rechercher des solutions de remplacement pour le m\u00e9thanol. <\/span><b><a href=\"https:\/\/subszone.com\/fr\/product\/methanol\/\">m\u00e9thanol \u00e0 vendre<\/a> en ligne<\/b><span style=\"font-weight: 400;\">o\u00f9 il est souvent plus facile de comparer les qualit\u00e9s, les prix et les fournisseurs.<\/span><\/p>\n<h3><b>Pourquoi les gens cherchent \u00e0 acheter du m\u00e9thanol en ligne<\/b><\/h3>\n<ul>\n<li style=\"font-weight: 400;\" aria-level=\"1\"><b>Commodit\u00e9<\/b><span style=\"font-weight: 400;\"> - Acc\u00e8s imm\u00e9diat \u00e0 plusieurs fournisseurs depuis votre laboratoire ou votre bureau<\/span><span style=\"font-weight: 400;\">\n<p><\/span><\/li>\n<li style=\"font-weight: 400;\" aria-level=\"1\"><b>Vari\u00e9t\u00e9<\/b><span style=\"font-weight: 400;\"> - Trouver plusieurs qualit\u00e9s et tailles d'emballage en un seul endroit<\/span><span style=\"font-weight: 400;\">\n<p><\/span><\/li>\n<li style=\"font-weight: 400;\" aria-level=\"1\"><b>Rapport co\u00fbt-efficacit\u00e9<\/b><span style=\"font-weight: 400;\"> - Plus facile de trouver un <\/span><b>Prix du m\u00e9thanol bon march\u00e9<\/b><span style=\"font-weight: 400;\"> lors de la comparaison des options de vente en vrac ou en gros<\/span><span style=\"font-weight: 400;\">\n<p><\/span><\/li>\n<li style=\"font-weight: 400;\" aria-level=\"1\"><b>Documentation<\/b><span style=\"font-weight: 400;\"> - Les vendeurs en ligne fiables fournissent souvent des certificats d'analyse (COA) et des fiches de donn\u00e9es de s\u00e9curit\u00e9 (SDS).<\/span><span style=\"font-weight: 400;\">\n<p><\/span><\/li>\n<\/ul>\n<p><span style=\"font-weight: 400;\">L'achat en ligne permet \u00e9galement de rationaliser l'approvisionnement des instituts de recherche, des producteurs de carburants et des fabricants de produits chimiques.<\/span><\/p>\n<h3><b>Avis de s\u00e9curit\u00e9 et de conformit\u00e9<\/b><\/h3>\n<p><span style=\"font-weight: 400;\">Si le m\u00e9thanol est largement utilis\u00e9, il est \u00e9galement <\/span><b>toxique et inflammable<\/b><span style=\"font-weight: 400;\">Il faut donc les stocker et les manipuler correctement et se conformer aux r\u00e9glementations locales. Achetez toujours aupr\u00e8s de fournisseurs v\u00e9rifi\u00e9s et assurez-vous que votre utilisation est conforme \u00e0 la r\u00e9glementation en vigueur. <\/span><b>l\u00e9gales, s\u00fbres et appropri\u00e9es<\/b><span style=\"font-weight: 400;\"> pour l'application pr\u00e9vue.<\/span><\/p>\n<h3><b>Qu'est-ce que le m\u00e9thanol ?<\/b><\/h3>\n<h4><b>Structure et propri\u00e9t\u00e9s chimiques<\/b><\/h4>\n<ul>\n<li style=\"font-weight: 400;\" aria-level=\"1\"><b>Formule :<\/b><span style=\"font-weight: 400;\"> CH\u2083OH<\/span><span style=\"font-weight: 400;\">\n<p><\/span><\/li>\n<li style=\"font-weight: 400;\" aria-level=\"1\"><b>Poids mol\u00e9culaire :<\/b><span style=\"font-weight: 400;\"> 32,04 g\/mol<\/span><span style=\"font-weight: 400;\">\n<p><\/span><\/li>\n<li style=\"font-weight: 400;\" aria-level=\"1\"><b>Apparence :<\/b><span style=\"font-weight: 400;\"> Liquide clair et incolore avec une l\u00e9g\u00e8re odeur d'alcool<\/span><span style=\"font-weight: 400;\">\n<p><\/span><\/li>\n<li style=\"font-weight: 400;\" aria-level=\"1\"><b>Point d'\u00e9bullition :<\/b><span style=\"font-weight: 400;\"> ~64,7\u00b0C (148,5\u00b0F)<\/span><span style=\"font-weight: 400;\">\n<p><\/span><\/li>\n<\/ul>\n<p><span style=\"font-weight: 400;\">Le m\u00e9thanol est un solvant polaire et un alcool hautement inflammable largement utilis\u00e9 dans la synth\u00e8se chimique et les applications \u00e9nerg\u00e9tiques.<\/span><\/p>\n<h4><b>Utilisations industrielles et en laboratoire<\/b><\/h4>\n<ul>\n<li style=\"font-weight: 400;\" aria-level=\"1\"><span style=\"font-weight: 400;\">Synth\u00e8se organique et r\u00e9actions chimiques<\/span><span style=\"font-weight: 400;\">\n<p><\/span><\/li>\n<li style=\"font-weight: 400;\" aria-level=\"1\"><span style=\"font-weight: 400;\">Proc\u00e9d\u00e9s d'extraction et syst\u00e8mes de solvants<\/span><span style=\"font-weight: 400;\">\n<p><\/span><\/li>\n<li style=\"font-weight: 400;\" aria-level=\"1\"><span style=\"font-weight: 400;\">Antigel et solutions de d\u00e9givrage<\/span><span style=\"font-weight: 400;\">\n<p><\/span><\/li>\n<li style=\"font-weight: 400;\" aria-level=\"1\"><span style=\"font-weight: 400;\">Combustibles alternatifs et mati\u00e8res premi\u00e8res pour biodiesel<\/span><span style=\"font-weight: 400;\">\n<p><\/span><\/li>\n<\/ul>\n<h4><b>M\u00e9thanol vs. \u00e9thanol<\/b><\/h4>\n<p><span style=\"font-weight: 400;\">Bien qu'il s'agisse dans les deux cas d'alcools, <\/span><b>le m\u00e9thanol est toxique<\/b><span style=\"font-weight: 400;\"> s'il est ing\u00e9r\u00e9 et ne doit jamais \u00eatre confondu avec l'\u00e9thanol. Le m\u00e9thanol br\u00fble plus proprement, ce qui le rend populaire dans les carburants de course et les applications industrielles, tandis que l'\u00e9thanol est largement utilis\u00e9 dans les boissons et les d\u00e9sinfectants.<\/span><\/p>\n<h3><b>Utilisations courantes du m\u00e9thanol<\/b><\/h3>\n<h4><b>Solvant dans les laboratoires et la fabrication<\/b><\/h4>\n<p><span style=\"font-weight: 400;\">Le m\u00e9thanol est un solvant de choix en raison de sa polarit\u00e9 et de son taux d'\u00e9vaporation rapide. Il est id\u00e9al pour les extractions, les r\u00e9actions et le rin\u00e7age de la verrerie de laboratoire.<\/span><\/p>\n<h4><b>Carburant et antigel<\/b><\/h4>\n<p><span style=\"font-weight: 400;\">Le m\u00e9thanol est utilis\u00e9 dans les moteurs \u00e0 combustion interne (souvent dans les courses), ainsi que dans le liquide lave-glace et les agents de d\u00e9givrage pour les v\u00e9hicules et les avions.<\/span><\/p>\n<h4><b>Production de biodiesel<\/b><\/h4>\n<p><span style=\"font-weight: 400;\">En tant qu'agent de m\u00e9thylation, le m\u00e9thanol joue un r\u00f4le essentiel dans <\/span><b>transest\u00e9rification<\/b><span style=\"font-weight: 400;\">Le biodiesel est un proc\u00e9d\u00e9 chimique qui permet de produire du biodiesel \u00e0 partir de graisses ou d'huiles.<\/span><\/p>\n<h4><b>Comment choisir le bon type d'appareil<\/b><\/h4>\n<ul>\n<li style=\"font-weight: 400;\" aria-level=\"1\"><span style=\"font-weight: 400;\">Pour les exp\u00e9riences en laboratoire, choisissez <\/span><b>m\u00e9thanol analytique ou de qualit\u00e9 r\u00e9actif<\/b><b>\n<p><\/b><\/li>\n<li style=\"font-weight: 400;\" aria-level=\"1\"><span style=\"font-weight: 400;\">Pour la fabrication ou le nettoyage, <\/span><b>qualit\u00e9 industrielle<\/b><span style=\"font-weight: 400;\"> peut convenir<\/span><span style=\"font-weight: 400;\">\n<p><\/span><\/li>\n<li style=\"font-weight: 400;\" aria-level=\"1\"><span style=\"font-weight: 400;\">Pour le biodiesel ou les applications \u00e9nerg\u00e9tiques, <\/span><b>m\u00e9thanol de qualit\u00e9 carburant<\/b><span style=\"font-weight: 400;\"> est le choix le plus \u00e9conomique<\/span><span style=\"font-weight: 400;\">\n<p><\/span><\/li>\n<\/ul>\n<p><span style=\"font-weight: 400;\">Consultez toujours la documentation de votre fournisseur avant de l'utiliser.<\/span><\/p>\n<h3><b>O\u00f9 acheter du m\u00e9thanol en ligne<\/b><\/h3>\n<h4><b>Fournisseurs de produits chimiques de confiance<\/b><\/h4>\n<p><span style=\"font-weight: 400;\">Les plateformes r\u00e9put\u00e9es proposent du m\u00e9thanol avec un \u00e9tiquetage, des COA et des FDS appropri\u00e9s. Ces vendeurs exigent souvent une v\u00e9rification de l'entreprise et des documents juridiques pour les commandes en gros.<\/span><\/p>\n<h4><b>Sites web sur les fournitures industrielles<\/b><\/h4>\n<p><span style=\"font-weight: 400;\">Les vendeurs sp\u00e9cialis\u00e9s dans la distribution de carburants ou de produits chimiques fournissent des volumes plus importants, adapt\u00e9s \u00e0 la production d'\u00e9nergie, \u00e0 la fabrication ou aux applications de nettoyage commercial.<\/span><\/p>\n<p><span style=\"font-weight: 400;\">\u00c9viter les places de march\u00e9 anonymes sans transparence - le <\/span><b>Meilleur endroit pour acheter du m\u00e9thanol<\/b><span style=\"font-weight: 400;\"> est le point de rencontre de la s\u00e9curit\u00e9, de la conformit\u00e9 et de la qualit\u00e9.<\/span><\/p>\n<h3><b>Consid\u00e9rations juridiques et de s\u00e9curit\u00e9<\/b><\/h3>\n<h4><b>Stockage, manipulation et transport<\/b><\/h4>\n<ul>\n<li style=\"font-weight: 400;\" aria-level=\"1\"><span style=\"font-weight: 400;\">Conserver dans des r\u00e9cipients herm\u00e9tiquement ferm\u00e9s, \u00e0 l'abri de la chaleur et des flammes.<\/span><span style=\"font-weight: 400;\">\n<p><\/span><\/li>\n<li style=\"font-weight: 400;\" aria-level=\"1\"><span style=\"font-weight: 400;\">Utiliser dans des zones bien ventil\u00e9es<\/span><span style=\"font-weight: 400;\">\n<p><\/span><\/li>\n<li style=\"font-weight: 400;\" aria-level=\"1\"><span style=\"font-weight: 400;\">Se conformer \u00e0 <\/span><b>r\u00e9glementation du transport des liquides inflammables<\/b><span style=\"font-weight: 400;\"> (UN1230)<\/span><span style=\"font-weight: 400;\">\n<p><\/span><\/li>\n<\/ul>\n<h3><b>Conclusion : Acheter intelligemment, acheter en toute s\u00e9curit\u00e9<\/b><\/h3>\n<p><span style=\"font-weight: 400;\">Le m\u00e9thanol est un produit chimique indispensable dans de nombreuses industries, mais son achat et son utilisation s'accompagnent de responsabilit\u00e9s. Si vous \u00eates pr\u00eat \u00e0 <\/span><b>commander du m\u00e9thanol en ligne<\/b><span style=\"font-weight: 400;\">Pour cela, assurez-vous que vous vous approvisionnez aupr\u00e8s d'un <\/span><b>fournisseur r\u00e9put\u00e9 et conforme<\/b><span style=\"font-weight: 400;\"> qui offre des notes v\u00e9rifi\u00e9es, une documentation transparente et un service client\u00e8le r\u00e9actif.<\/span><\/p>\n<p><span style=\"font-weight: 400;\">Que vous recherchiez <\/span><b>M\u00e9thanol de qualit\u00e9 laboratoire pour la recherche<\/b><span style=\"font-weight: 400;\">, <\/span><b>qualit\u00e9 de carburant pour le biodiesel<\/b><span style=\"font-weight: 400;\">ou <\/span><b>de qualit\u00e9 industrielle pour le nettoyage<\/b><span style=\"font-weight: 400;\">, le <\/span><b>Meilleur endroit pour acheter du m\u00e9thanol en ligne<\/b><span style=\"font-weight: 400;\"> est l'endroit o\u00f9 la s\u00e9curit\u00e9, la qualit\u00e9 et la valeur s'alignent.<\/span><\/p>","protected":false},"excerpt":{"rendered":"<p>Le m\u00e9thanol, \u00e9galement connu sous le nom d'alcool de bois, est un liquide incolore et inflammable \u00e0 l'odeur l\u00e9g\u00e8rement sucr\u00e9e. Il est largement utilis\u00e9 dans diverses applications industrielles et a des implications importantes pour la s\u00e9curit\u00e9 et la sant\u00e9. Voici un aper\u00e7u complet du m\u00e9thanol, de ses propri\u00e9t\u00e9s, de ses utilisations, des consid\u00e9rations de s\u00e9curit\u00e9 et des aspects r\u00e9glementaires.<\/p>\n<p><strong>Synonyme(s) : M\u00e9thanol, Alcool m\u00e9thylique<\/strong><br \/>\n<strong>Formule lin\u00e9aire : CH3OH<\/strong><br \/>\n<strong>N\u00b0 CAS : 67-56-1<\/strong><br \/>\n<strong>Poids mol\u00e9culaire : 32,04<\/strong><br \/>\n<strong>Beilstein No.:1098229<\/strong><\/p>","protected":false},"featured_media":1409,"comment_status":"open","ping_status":"closed","template":"","meta":{"_kadence_starter_templates_imported_post":false,"_kad_post_transparent":"default","_kad_post_title":"","_kad_post_layout":"default","_kad_post_sidebar_id":"","_kad_post_content_style":"default","_kad_post_vertical_padding":"default","_kad_post_feature":"","_kad_post_feature_position":"","_kad_post_header":false,"_kad_post_footer":false,"_joinchat":[]},"product_brand":[],"product_cat":[322],"product_tag":[1019,1016,1031,1020,1018,1028,1024,1022,1030,1026,1027,1017,1023,1025,1021,1034,1032,1015,1033,1029],"class_list":{"0":"post-1216","1":"product","2":"type-product","3":"status-publish","4":"has-post-thumbnail","6":"product_cat-fuels-and-energy-production","7":"product_tag-bulk-methanol-supplier","8":"product_tag-buy-methanol","9":"product_tag-commercial-methanol-supply","10":"product_tag-high-purity-methanol","11":"product_tag-industrial-methanol-supply","12":"product_tag-methanol-distributor","13":"product_tag-methanol-for-biodiesel-production","14":"product_tag-methanol-for-chemical-manufacturing","15":"product_tag-methanol-for-industrial-applications","16":"product_tag-methanol-for-laboratory-use","17":"product_tag-methanol-for-pharmaceutical-applications","18":"product_tag-methanol-for-sale","19":"product_tag-methanol-in-fuel-production","20":"product_tag-methanol-in-solvent-applications","21":"product_tag-methanol-price-and-availability","22":"product_tag-methanol-procurement","23":"product_tag-methanol-safety-and-compliance","24":"product_tag-methanol-supplier","25":"product_tag-reliable-methanol-supplier","26":"product_tag-where-to-buy-methanol","28":"first","29":"instock","30":"shipping-taxable","31":"product-type-simple","32":"entry","33":"content-bg","34":"loop-entry"},"yoast_head":"<!-- This site is optimized with the Yoast SEO plugin v25.6 - https:\/\/yoast.com\/wordpress\/plugins\/seo\/ -->\n<title>Buy Methanol Online - Methanol Industrial for Sale | Subszone<\/title>\n<meta name=\"description\" content=\"Do not miss any opportunity to buy industrial methanol online from our store. We are exclusively dealing with methanol for sale at cheap rates. We are here to help you. Order now!\" \/>\n<meta name=\"robots\" content=\"index, follow, max-snippet:-1, max-image-preview:large, max-video-preview:-1\" \/>\n<link rel=\"canonical\" href=\"https:\/\/subszone.com\/fr\/product\/methanol\/\" \/>\n<meta property=\"og:locale\" content=\"fr_FR\" \/>\n<meta property=\"og:type\" content=\"article\" \/>\n<meta property=\"og:title\" content=\"Buy Methanol Online - Methanol Industrial for Sale | Subszone\" \/>\n<meta property=\"og:description\" content=\"Do not miss any opportunity to buy industrial methanol online from our store. We are exclusively dealing with methanol for sale at cheap rates. We are here to help you. Order now!\" \/>\n<meta property=\"og:url\" content=\"https:\/\/subszone.com\/fr\/product\/methanol\/\" \/>\n<meta property=\"og:site_name\" content=\"SubsZone\" \/>\n<meta property=\"article:modified_time\" content=\"2025-06-02T12:31:30+00:00\" \/>\n<meta property=\"og:image\" content=\"https:\/\/subszone.com\/wp-content\/uploads\/2024\/10\/Methanol-2-1.gif\" \/>\n\t<meta property=\"og:image:width\" content=\"600\" \/>\n\t<meta property=\"og:image:height\" content=\"600\" \/>\n\t<meta property=\"og:image:type\" content=\"image\/gif\" \/>\n<meta name=\"twitter:card\" content=\"summary_large_image\" \/>\n<meta name=\"twitter:label1\" content=\"Dur\u00e9e de lecture estim\u00e9e\" \/>\n\t<meta name=\"twitter:data1\" content=\"4 minutes\" \/>\n<script type=\"application\/ld+json\" class=\"yoast-schema-graph\">{\"@context\":\"https:\/\/schema.org\",\"@graph\":[{\"@type\":\"WebPage\",\"@id\":\"https:\/\/subszone.com\/product\/methanol\/\",\"url\":\"https:\/\/subszone.com\/product\/methanol\/\",\"name\":\"Buy Methanol Online - Methanol Industrial for Sale | Subszone\",\"isPartOf\":{\"@id\":\"https:\/\/subszone.com\/#website\"},\"primaryImageOfPage\":{\"@id\":\"https:\/\/subszone.com\/product\/methanol\/#primaryimage\"},\"image\":{\"@id\":\"https:\/\/subszone.com\/product\/methanol\/#primaryimage\"},\"thumbnailUrl\":\"https:\/\/subszone.com\/wp-content\/uploads\/2024\/10\/Methanol-2-1.gif\",\"datePublished\":\"2024-10-24T06:26:49+00:00\",\"dateModified\":\"2025-06-02T12:31:30+00:00\",\"description\":\"Do not miss any opportunity to buy industrial methanol online from our store. We are exclusively dealing with methanol for sale at cheap rates. We are here to help you. Order now!\",\"breadcrumb\":{\"@id\":\"https:\/\/subszone.com\/product\/methanol\/#breadcrumb\"},\"inLanguage\":\"fr-FR\",\"potentialAction\":[{\"@type\":\"ReadAction\",\"target\":[\"https:\/\/subszone.com\/product\/methanol\/\"]}]},{\"@type\":\"ImageObject\",\"inLanguage\":\"fr-FR\",\"@id\":\"https:\/\/subszone.com\/product\/methanol\/#primaryimage\",\"url\":\"https:\/\/subszone.com\/wp-content\/uploads\/2024\/10\/Methanol-2-1.gif\",\"contentUrl\":\"https:\/\/subszone.com\/wp-content\/uploads\/2024\/10\/Methanol-2-1.gif\",\"width\":600,\"height\":600,\"caption\":\"Buy Methanol Online\"},{\"@type\":\"BreadcrumbList\",\"@id\":\"https:\/\/subszone.com\/product\/methanol\/#breadcrumb\",\"itemListElement\":[{\"@type\":\"ListItem\",\"position\":1,\"name\":\"Home\",\"item\":\"https:\/\/subszone.com\/\"},{\"@type\":\"ListItem\",\"position\":2,\"name\":\"Shop\",\"item\":\"https:\/\/subszone.com\/shop\/\"},{\"@type\":\"ListItem\",\"position\":3,\"name\":\"Buy Methanol Online\"}]},{\"@type\":\"WebSite\",\"@id\":\"https:\/\/subszone.com\/#website\",\"url\":\"https:\/\/subszone.com\/\",\"name\":\"SubsZone\",\"description\":\"My WordPress Blog\",\"publisher\":{\"@id\":\"https:\/\/subszone.com\/#organization\"},\"potentialAction\":[{\"@type\":\"SearchAction\",\"target\":{\"@type\":\"EntryPoint\",\"urlTemplate\":\"https:\/\/subszone.com\/?s={search_term_string}\"},\"query-input\":{\"@type\":\"PropertyValueSpecification\",\"valueRequired\":true,\"valueName\":\"search_term_string\"}}],\"inLanguage\":\"fr-FR\"},{\"@type\":\"Organization\",\"@id\":\"https:\/\/subszone.com\/#organization\",\"name\":\"SubsZone\",\"url\":\"https:\/\/subszone.com\/\",\"logo\":{\"@type\":\"ImageObject\",\"inLanguage\":\"fr-FR\",\"@id\":\"https:\/\/subszone.com\/#\/schema\/logo\/image\/\",\"url\":\"https:\/\/subszone.com\/wp-content\/uploads\/2024\/10\/logo.png\",\"contentUrl\":\"https:\/\/subszone.com\/wp-content\/uploads\/2024\/10\/logo.png\",\"width\":193,\"height\":50,\"caption\":\"SubsZone\"},\"image\":{\"@id\":\"https:\/\/subszone.com\/#\/schema\/logo\/image\/\"}}]}<\/script>\n<!-- \/ Yoast SEO plugin. -->","yoast_head_json":{"title":"Acheter du m\u00e9thanol en ligne - Methanol Industrial for Sale | Subszone","description":"Ne manquez pas l'occasion d'acheter du m\u00e9thanol industriel en ligne dans notre magasin. Nous nous occupons exclusivement de la vente de m\u00e9thanol \u00e0 bas prix. Nous sommes l\u00e0 pour vous aider. Commandez maintenant !","robots":{"index":"index","follow":"follow","max-snippet":"max-snippet:-1","max-image-preview":"max-image-preview:large","max-video-preview":"max-video-preview:-1"},"canonical":"https:\/\/subszone.com\/fr\/product\/methanol\/","og_locale":"fr_FR","og_type":"article","og_title":"Buy Methanol Online - Methanol Industrial for Sale | Subszone","og_description":"Do not miss any opportunity to buy industrial methanol online from our store. We are exclusively dealing with methanol for sale at cheap rates. We are here to help you. Order now!","og_url":"https:\/\/subszone.com\/fr\/product\/methanol\/","og_site_name":"SubsZone","article_modified_time":"2025-06-02T12:31:30+00:00","og_image":[{"width":600,"height":600,"url":"https:\/\/subszone.com\/wp-content\/uploads\/2024\/10\/Methanol-2-1.gif","type":"image\/gif"}],"twitter_card":"summary_large_image","twitter_misc":{"Dur\u00e9e de lecture estim\u00e9e":"4 minutes"},"schema":{"@context":"https:\/\/schema.org","@graph":[{"@type":"WebPage","@id":"https:\/\/subszone.com\/product\/methanol\/","url":"https:\/\/subszone.com\/product\/methanol\/","name":"Acheter du m\u00e9thanol en ligne - Methanol Industrial for Sale | Subszone","isPartOf":{"@id":"https:\/\/subszone.com\/#website"},"primaryImageOfPage":{"@id":"https:\/\/subszone.com\/product\/methanol\/#primaryimage"},"image":{"@id":"https:\/\/subszone.com\/product\/methanol\/#primaryimage"},"thumbnailUrl":"https:\/\/subszone.com\/wp-content\/uploads\/2024\/10\/Methanol-2-1.gif","datePublished":"2024-10-24T06:26:49+00:00","dateModified":"2025-06-02T12:31:30+00:00","description":"Ne manquez pas l'occasion d'acheter du m\u00e9thanol industriel en ligne dans notre magasin. Nous nous occupons exclusivement de la vente de m\u00e9thanol \u00e0 bas prix. Nous sommes l\u00e0 pour vous aider. Commandez maintenant !","breadcrumb":{"@id":"https:\/\/subszone.com\/product\/methanol\/#breadcrumb"},"inLanguage":"fr-FR","potentialAction":[{"@type":"ReadAction","target":["https:\/\/subszone.com\/product\/methanol\/"]}]},{"@type":"ImageObject","inLanguage":"fr-FR","@id":"https:\/\/subszone.com\/product\/methanol\/#primaryimage","url":"https:\/\/subszone.com\/wp-content\/uploads\/2024\/10\/Methanol-2-1.gif","contentUrl":"https:\/\/subszone.com\/wp-content\/uploads\/2024\/10\/Methanol-2-1.gif","width":600,"height":600,"caption":"Buy Methanol Online"},{"@type":"BreadcrumbList","@id":"https:\/\/subszone.com\/product\/methanol\/#breadcrumb","itemListElement":[{"@type":"ListItem","position":1,"name":"Home","item":"https:\/\/subszone.com\/"},{"@type":"ListItem","position":2,"name":"Shop","item":"https:\/\/subszone.com\/shop\/"},{"@type":"ListItem","position":3,"name":"Buy Methanol Online"}]},{"@type":"WebSite","@id":"https:\/\/subszone.com\/#website","url":"https:\/\/subszone.com\/","name":"SubsZone","description":"Mon blog WordPress","publisher":{"@id":"https:\/\/subszone.com\/#organization"},"potentialAction":[{"@type":"SearchAction","target":{"@type":"EntryPoint","urlTemplate":"https:\/\/subszone.com\/?s={search_term_string}"},"query-input":{"@type":"PropertyValueSpecification","valueRequired":true,"valueName":"search_term_string"}}],"inLanguage":"fr-FR"},{"@type":"Organization","@id":"https:\/\/subszone.com\/#organization","name":"SubsZone","url":"https:\/\/subszone.com\/","logo":{"@type":"ImageObject","inLanguage":"fr-FR","@id":"https:\/\/subszone.com\/#\/schema\/logo\/image\/","url":"https:\/\/subszone.com\/wp-content\/uploads\/2024\/10\/logo.png","contentUrl":"https:\/\/subszone.com\/wp-content\/uploads\/2024\/10\/logo.png","width":193,"height":50,"caption":"SubsZone"},"image":{"@id":"https:\/\/subszone.com\/#\/schema\/logo\/image\/"}}]}},"_links":{"self":[{"href":"https:\/\/subszone.com\/fr\/wp-json\/wp\/v2\/product\/1216","targetHints":{"allow":["GET"]}}],"collection":[{"href":"https:\/\/subszone.com\/fr\/wp-json\/wp\/v2\/product"}],"about":[{"href":"https:\/\/subszone.com\/fr\/wp-json\/wp\/v2\/types\/product"}],"replies":[{"embeddable":true,"href":"https:\/\/subszone.com\/fr\/wp-json\/wp\/v2\/comments?post=1216"}],"wp:featuredmedia":[{"embeddable":true,"href":"https:\/\/subszone.com\/fr\/wp-json\/wp\/v2\/media\/1409"}],"wp:attachment":[{"href":"https:\/\/subszone.com\/fr\/wp-json\/wp\/v2\/media?parent=1216"}],"wp:term":[{"taxonomy":"product_brand","embeddable":true,"href":"https:\/\/subszone.com\/fr\/wp-json\/wp\/v2\/product_brand?post=1216"},{"taxonomy":"product_cat","embeddable":true,"href":"https:\/\/subszone.com\/fr\/wp-json\/wp\/v2\/product_cat?post=1216"},{"taxonomy":"product_tag","embeddable":true,"href":"https:\/\/subszone.com\/fr\/wp-json\/wp\/v2\/product_tag?post=1216"}],"curies":[{"name":"wp","href":"https:\/\/api.w.org\/{rel}","templated":true}]}}