{"id":1217,"date":"2024-10-24T06:26:52","date_gmt":"2024-10-24T06:26:52","guid":{"rendered":"https:\/\/subszone.com\/?post_type=product&#038;p=1217"},"modified":"2025-06-02T12:34:56","modified_gmt":"2025-06-02T12:34:56","slug":"methylethylcetone-mek","status":"publish","type":"product","link":"https:\/\/subszone.com\/fr\/product\/methylethylcetone-mek\/","title":{"rendered":"Acheter de la m\u00e9thyl\u00e9thylc\u00e9tone (MEK) en ligne"},"content":{"rendered":"<h2><b>Acheter de la m\u00e9thyl\u00e9thylc\u00e9tone (MEK) en ligne - Haute puret\u00e9, livraison rapide, prix comp\u00e9titifs<\/b><\/h2>\n<p><span style=\"font-weight: 400;\">Envisager de <\/span><a href=\"https:\/\/subszone.com\/fr\/product\/methylethylcetone-mek\/\"><b>acheter Methyl Ethyl Ketone (MEK) en ligne<\/b><\/a><span style=\"font-weight: 400;\">? Notre MEK de qualit\u00e9 sup\u00e9rieure est le solvant id\u00e9al pour les besoins industriels, commerciaux et de laboratoire. Que vous ayez besoin de MEK pour les rev\u00eatements, les adh\u00e9sifs ou la fabrication de produits chimiques, nous offrons un produit de qualit\u00e9 sup\u00e9rieure, un approvisionnement fiable et une exp\u00e9dition rapide, le tout \u00e0 des prix comp\u00e9titifs.<\/span><\/p>\n<h3><b>Aper\u00e7u du produit<\/b><\/h3>\n<ul>\n<li style=\"font-weight: 400;\" aria-level=\"1\"><b>Formule chimique :<\/b><span style=\"font-weight: 400;\"> C\u2084H\u2088O<\/span><span style=\"font-weight: 400;\">\n<p><\/span><\/li>\n<li style=\"font-weight: 400;\" aria-level=\"1\"><b>Num\u00e9ro CAS :<\/b><span style=\"font-weight: 400;\"> 78-93-3<\/span><span style=\"font-weight: 400;\">\n<p><\/span><\/li>\n<li style=\"font-weight: 400;\" aria-level=\"1\"><b>La puret\u00e9 :<\/b><span style=\"font-weight: 400;\"> \u2265 99.5% (qualit\u00e9 industrielle\/de laboratoire)<\/span><span style=\"font-weight: 400;\">\n<p><\/span><\/li>\n<li style=\"font-weight: 400;\" aria-level=\"1\"><b>Dimensions de l'emballage :<\/b><span style=\"font-weight: 400;\"> Disponible en 1L, 5L, 20L, et en quantit\u00e9s en vrac adapt\u00e9es \u00e0 vos besoins.<\/span><span style=\"font-weight: 400;\">\n<p><\/span><\/li>\n<\/ul>\n<h3><b>Caract\u00e9ristiques et avantages<\/b><\/h3>\n<ul>\n<li style=\"font-weight: 400;\" aria-level=\"1\"><b>Haute volatilit\u00e9 pour une \u00e9vaporation rapide :<\/b><span style=\"font-weight: 400;\"> Le temps de s\u00e9chage rapide de la MEK en fait un produit id\u00e9al pour les applications de solvants efficaces.<\/span><span style=\"font-weight: 400;\">\n<p><\/span><\/li>\n<li style=\"font-weight: 400;\" aria-level=\"1\"><b>Excellente solvabilit\u00e9 :<\/b><span style=\"font-weight: 400;\"> Dissout facilement les r\u00e9sines, les rev\u00eatements, les adh\u00e9sifs et autres mat\u00e9riaux pour une performance sup\u00e9rieure.<\/span><span style=\"font-weight: 400;\">\n<p><\/span><\/li>\n<li style=\"font-weight: 400;\" aria-level=\"1\"><b>Compatible avec divers substrats :<\/b><span style=\"font-weight: 400;\"> Fonctionne sans probl\u00e8me sur les m\u00e9taux, les plastiques, les caoutchoucs et les peintures sans endommager les surfaces.<\/span><span style=\"font-weight: 400;\">\n<p><\/span><\/li>\n<\/ul>\n<h3><b>Applications<\/b><\/h3>\n<ul>\n<li style=\"font-weight: 400;\" aria-level=\"1\"><b>Peintures et rev\u00eatements :<\/b><span style=\"font-weight: 400;\"> Utilis\u00e9 comme solvant cl\u00e9 dans les laques, les vernis et les finitions pour des r\u00e9sultats lisses et durables.<\/span><span style=\"font-weight: 400;\">\n<p><\/span><\/li>\n<li style=\"font-weight: 400;\" aria-level=\"1\"><b>Adh\u00e9sifs :<\/b><span style=\"font-weight: 400;\"> Essentiel pour la formulation d'adh\u00e9sifs r\u00e9sistants et \u00e0 s\u00e9chage rapide \u00e0 usage industriel et commercial.<\/span><span style=\"font-weight: 400;\">\n<p><\/span><\/li>\n<li style=\"font-weight: 400;\" aria-level=\"1\"><b>Fabrication de produits chimiques :<\/b><span style=\"font-weight: 400;\"> Int\u00e9gr\u00e9e dans la production de r\u00e9sines synth\u00e9tiques, de plastiques et d'autres produits chimiques.<\/span><span style=\"font-weight: 400;\">\n<p><\/span><\/li>\n<\/ul>\n<h3><b>Pourquoi nous choisir ?<\/b><\/h3>\n<ul>\n<li style=\"font-weight: 400;\" aria-level=\"1\"><b>Qualit\u00e9 certifi\u00e9e :<\/b><span style=\"font-weight: 400;\"> Notre m\u00e9thyl\u00e9thylc\u00e9tone (MEK) fait l'objet d'un contr\u00f4le de qualit\u00e9 strict afin de r\u00e9pondre aux normes industrielles.<\/span><span style=\"font-weight: 400;\">\n<p><\/span><\/li>\n<li style=\"font-weight: 400;\" aria-level=\"1\"><b>Emballage s\u00fbr et transport r\u00e9glement\u00e9 :<\/b><span style=\"font-weight: 400;\"> Emball\u00e9 avec soin et exp\u00e9di\u00e9 dans le respect de la r\u00e9glementation sur les mati\u00e8res dangereuses.<\/span><span style=\"font-weight: 400;\">\n<p><\/span><\/li>\n<li style=\"font-weight: 400;\" aria-level=\"1\"><b>Prix de gros disponibles :<\/b><span style=\"font-weight: 400;\"> Des tarifs comp\u00e9titifs et des remises sur des quantit\u00e9s importantes font de nous l'interlocuteur privil\u00e9gi\u00e9 des entreprises. <\/span><b>Meilleur endroit pour acheter <a href=\"https:\/\/en.wikipedia.org\/wiki\/Methyl_ethyl_ketone_peroxide\">M\u00e9thyl\u00e9thylc\u00e9tone (MEK)<\/a> en ligne<\/b><span style=\"font-weight: 400;\">.<\/span><span style=\"font-weight: 400;\">\n<p><\/span><\/li>\n<\/ul>\n<h3><b>Comment commander du MEK en ligne<\/b><\/h3>\n<p><span style=\"font-weight: 400;\">Commander votre MEK est simple :<\/span><\/p>\n<ol>\n<li style=\"font-weight: 400;\" aria-level=\"1\"><span style=\"font-weight: 400;\">S\u00e9lectionnez la quantit\u00e9 souhait\u00e9e.<\/span><span style=\"font-weight: 400;\">\n<p><\/span><\/li>\n<li style=\"font-weight: 400;\" aria-level=\"1\"><span style=\"font-weight: 400;\">Ajouter au panier et proc\u00e9der au paiement s\u00e9curis\u00e9.<\/span><span style=\"font-weight: 400;\">\n<p><\/span><\/li>\n<li style=\"font-weight: 400;\" aria-level=\"1\"><span style=\"font-weight: 400;\">Choisissez parmi plusieurs options de paiement.<\/span><span style=\"font-weight: 400;\">\n<p><\/span><\/li>\n<li style=\"font-weight: 400;\" aria-level=\"1\"><span style=\"font-weight: 400;\">B\u00e9n\u00e9ficiez d'une livraison rapide et fiable directement \u00e0 votre porte.<\/span><span style=\"font-weight: 400;\">\n<p><\/span><\/li>\n<\/ol>\n<h3><b>Conclusion<\/b><\/h3>\n<p><span style=\"font-weight: 400;\">Lorsque vous <\/span><b>Commander de la m\u00e9thyl\u00e9thylc\u00e9tone (MEK) en ligne<\/b><span style=\"font-weight: 400;\"> En achetant du MEK chez nous, vous investissez dans un solvant de haute qualit\u00e9 dont la puret\u00e9 est garantie et la livraison fiable. Que vous cherchiez du MEK pour la fabrication industrielle, les travaux de laboratoire ou les projets commerciaux, nous vous offrons l'expertise et le service dont vous avez besoin.<\/span><\/p>\n<p><span style=\"font-weight: 400;\">Achetez en toute confiance d\u00e8s aujourd'hui - le <\/span><b>Meilleur endroit pour acheter de la m\u00e9thyl\u00e9thylc\u00e9tone (MEK) en ligne<\/b><span style=\"font-weight: 400;\"> \u00e0 des prix comp\u00e9titifs, avec une livraison rapide et une qualit\u00e9 certifi\u00e9e.<\/span><\/p>","protected":false},"excerpt":{"rendered":"<p><strong>M\u00e9thyl\u00e9thylc\u00e9tone (MEK)<\/strong>\u00e9galement connu sous le nom de <strong>Butanone (C\u2084H\u2088O)<\/strong>Le MEK est un liquide incolore et volatil \u00e0 l'odeur piquante et sucr\u00e9e. Connu pour sa forte solvabilit\u00e9 et son taux d'\u00e9vaporation rapide, le MEK est largement utilis\u00e9 dans les domaines suivants <strong>fabrication de produits chimiques<\/strong>, <strong>peintures et rev\u00eatements<\/strong>, <strong>adh\u00e9sifs<\/strong>et <strong>les environnements de laboratoire<\/strong>. Vous trouverez ci-dessous un aper\u00e7u d\u00e9taill\u00e9 des principales utilisations de la MEK, de ses avantages et des consid\u00e9rations de s\u00e9curit\u00e9.<\/p>\n<p><strong>Synonyme(s) : \u00c9thyl-isopropyl-c\u00e9tone<\/strong><br \/>\n<strong>Formule lin\u00e9aire : (CH3)2CHCOC2H5<\/strong><br \/>\n<strong>Num\u00e9ro CAS : 565-69-5<\/strong><br \/>\n<strong>Poids mol\u00e9culaire : 100,16<\/strong><br \/>\n<strong>N\u00b0 CE : 209-288-4<\/strong><br \/>\n<strong>Beilstein No.:1698849<\/strong><\/p>","protected":false},"featured_media":1408,"comment_status":"open","ping_status":"closed","template":"","meta":{"_kadence_starter_templates_imported_post":false,"_kad_post_transparent":"default","_kad_post_title":"","_kad_post_layout":"default","_kad_post_sidebar_id":"","_kad_post_content_style":"default","_kad_post_vertical_padding":"default","_kad_post_feature":"","_kad_post_feature_position":"","_kad_post_header":false,"_kad_post_footer":false,"_joinchat":[]},"product_brand":[],"product_cat":[171],"product_tag":[1261,1258,1273,1262,1260,1264,1272,1266,1269,1267,1265,1270,1268,1259,1263,1276,1274,1257,1275,1271],"class_list":{"0":"post-1217","1":"product","2":"type-product","3":"status-publish","4":"has-post-thumbnail","6":"product_cat-solvents-and-cleaning-agents","7":"product_tag-bulk-methyl-ethyl-ketone-supplier","8":"product_tag-buy-methyl-ethyl-ketone","9":"product_tag-commercial-mek-supply","10":"product_tag-high-purity-methyl-ethyl-ketone","11":"product_tag-industrial-methyl-ethyl-ketone-supply","12":"product_tag-mek-for-chemical-manufacturing","13":"product_tag-mek-for-industrial-applications","14":"product_tag-mek-for-paint-and-coatings","15":"product_tag-mek-for-resin-manufacturing","16":"product_tag-mek-in-adhesive-production","17":"product_tag-methyl-ethyl-ketone-as-solvent","18":"product_tag-methyl-ethyl-ketone-distributor","19":"product_tag-methyl-ethyl-ketone-for-laboratory-use","20":"product_tag-methyl-ethyl-ketone-for-sale","21":"product_tag-methyl-ethyl-ketone-price-and-availability","22":"product_tag-methyl-ethyl-ketone-procurement","23":"product_tag-methyl-ethyl-ketone-safety-and-compliance","24":"product_tag-methyl-ethyl-ketone-supplier","25":"product_tag-reliable-mek-supplier","26":"product_tag-where-to-buy-methyl-ethyl-ketone","28":"first","29":"instock","30":"shipping-taxable","31":"product-type-simple","32":"entry","33":"content-bg","34":"loop-entry"},"yoast_head":"<!-- This site is optimized with the Yoast SEO plugin v25.6 - https:\/\/yoast.com\/wordpress\/plugins\/seo\/ -->\n<title>Buy Methyl Ethyl Ketone Online -Methyl Ethyl Ketone for Sale<\/title>\n<meta name=\"description\" content=\"At our subszone online store, we have methyl ethyl ketone (mek) for sale. You can easily buy methyl ethyl ketone online of top quality from us available at the best prices. Order now!\" \/>\n<meta name=\"robots\" content=\"index, follow, max-snippet:-1, max-image-preview:large, max-video-preview:-1\" \/>\n<link rel=\"canonical\" href=\"https:\/\/subszone.com\/fr\/product\/methylethylcetone-mek\/\" \/>\n<meta property=\"og:locale\" content=\"fr_FR\" \/>\n<meta property=\"og:type\" content=\"article\" \/>\n<meta property=\"og:title\" content=\"Buy Methyl Ethyl Ketone Online -Methyl Ethyl Ketone for Sale\" \/>\n<meta property=\"og:description\" content=\"At our subszone online store, we have methyl ethyl ketone (mek) for sale. You can easily buy methyl ethyl ketone online of top quality from us available at the best prices. Order now!\" \/>\n<meta property=\"og:url\" content=\"https:\/\/subszone.com\/fr\/product\/methylethylcetone-mek\/\" \/>\n<meta property=\"og:site_name\" content=\"SubsZone\" \/>\n<meta property=\"article:modified_time\" content=\"2025-06-02T12:34:56+00:00\" \/>\n<meta property=\"og:image\" content=\"https:\/\/subszone.com\/wp-content\/uploads\/2024\/10\/Methyl-Ethyl-Ketone-MEK-2.gif\" \/>\n\t<meta property=\"og:image:width\" content=\"600\" \/>\n\t<meta property=\"og:image:height\" content=\"600\" \/>\n\t<meta property=\"og:image:type\" content=\"image\/gif\" \/>\n<meta name=\"twitter:card\" content=\"summary_large_image\" \/>\n<meta name=\"twitter:label1\" content=\"Dur\u00e9e de lecture estim\u00e9e\" \/>\n\t<meta name=\"twitter:data1\" content=\"2 minutes\" \/>\n<script type=\"application\/ld+json\" class=\"yoast-schema-graph\">{\"@context\":\"https:\/\/schema.org\",\"@graph\":[{\"@type\":\"WebPage\",\"@id\":\"https:\/\/subszone.com\/product\/methyl-ethyl-ketone-mek\/\",\"url\":\"https:\/\/subszone.com\/product\/methyl-ethyl-ketone-mek\/\",\"name\":\"Buy Methyl Ethyl Ketone Online -Methyl Ethyl Ketone for Sale\",\"isPartOf\":{\"@id\":\"https:\/\/subszone.com\/#website\"},\"primaryImageOfPage\":{\"@id\":\"https:\/\/subszone.com\/product\/methyl-ethyl-ketone-mek\/#primaryimage\"},\"image\":{\"@id\":\"https:\/\/subszone.com\/product\/methyl-ethyl-ketone-mek\/#primaryimage\"},\"thumbnailUrl\":\"https:\/\/subszone.com\/wp-content\/uploads\/2024\/10\/Methyl-Ethyl-Ketone-MEK-2.gif\",\"datePublished\":\"2024-10-24T06:26:52+00:00\",\"dateModified\":\"2025-06-02T12:34:56+00:00\",\"description\":\"At our subszone online store, we have methyl ethyl ketone (mek) for sale. You can easily buy methyl ethyl ketone online of top quality from us available at the best prices. Order now!\",\"breadcrumb\":{\"@id\":\"https:\/\/subszone.com\/product\/methyl-ethyl-ketone-mek\/#breadcrumb\"},\"inLanguage\":\"fr-FR\",\"potentialAction\":[{\"@type\":\"ReadAction\",\"target\":[\"https:\/\/subszone.com\/product\/methyl-ethyl-ketone-mek\/\"]}]},{\"@type\":\"ImageObject\",\"inLanguage\":\"fr-FR\",\"@id\":\"https:\/\/subszone.com\/product\/methyl-ethyl-ketone-mek\/#primaryimage\",\"url\":\"https:\/\/subszone.com\/wp-content\/uploads\/2024\/10\/Methyl-Ethyl-Ketone-MEK-2.gif\",\"contentUrl\":\"https:\/\/subszone.com\/wp-content\/uploads\/2024\/10\/Methyl-Ethyl-Ketone-MEK-2.gif\",\"width\":600,\"height\":600,\"caption\":\"Buy Methyl Ethyl Ketone Online\"},{\"@type\":\"BreadcrumbList\",\"@id\":\"https:\/\/subszone.com\/product\/methyl-ethyl-ketone-mek\/#breadcrumb\",\"itemListElement\":[{\"@type\":\"ListItem\",\"position\":1,\"name\":\"Home\",\"item\":\"https:\/\/subszone.com\/\"},{\"@type\":\"ListItem\",\"position\":2,\"name\":\"Shop\",\"item\":\"https:\/\/subszone.com\/shop\/\"},{\"@type\":\"ListItem\",\"position\":3,\"name\":\"Buy Methyl Ethyl Ketone (MEK) Online\"}]},{\"@type\":\"WebSite\",\"@id\":\"https:\/\/subszone.com\/#website\",\"url\":\"https:\/\/subszone.com\/\",\"name\":\"SubsZone\",\"description\":\"My WordPress Blog\",\"publisher\":{\"@id\":\"https:\/\/subszone.com\/#organization\"},\"potentialAction\":[{\"@type\":\"SearchAction\",\"target\":{\"@type\":\"EntryPoint\",\"urlTemplate\":\"https:\/\/subszone.com\/?s={search_term_string}\"},\"query-input\":{\"@type\":\"PropertyValueSpecification\",\"valueRequired\":true,\"valueName\":\"search_term_string\"}}],\"inLanguage\":\"fr-FR\"},{\"@type\":\"Organization\",\"@id\":\"https:\/\/subszone.com\/#organization\",\"name\":\"SubsZone\",\"url\":\"https:\/\/subszone.com\/\",\"logo\":{\"@type\":\"ImageObject\",\"inLanguage\":\"fr-FR\",\"@id\":\"https:\/\/subszone.com\/#\/schema\/logo\/image\/\",\"url\":\"https:\/\/subszone.com\/wp-content\/uploads\/2024\/10\/logo.png\",\"contentUrl\":\"https:\/\/subszone.com\/wp-content\/uploads\/2024\/10\/logo.png\",\"width\":193,\"height\":50,\"caption\":\"SubsZone\"},\"image\":{\"@id\":\"https:\/\/subszone.com\/#\/schema\/logo\/image\/\"}}]}<\/script>\n<!-- \/ Yoast SEO plugin. -->","yoast_head_json":{"title":"Acheter Methyl Ethyl Ketone en ligne -Methyl Ethyl Ketone for Sale","description":"Dans notre magasin en ligne subszone, nous avons de la m\u00e9thyl\u00e9thylc\u00e9tone (mek) \u00e0 vendre. Vous pouvez facilement acheter de la m\u00e9thyl\u00e9thylc\u00e9tone en ligne de la meilleure qualit\u00e9 disponible aux meilleurs prix. Commandez maintenant !","robots":{"index":"index","follow":"follow","max-snippet":"max-snippet:-1","max-image-preview":"max-image-preview:large","max-video-preview":"max-video-preview:-1"},"canonical":"https:\/\/subszone.com\/fr\/product\/methylethylcetone-mek\/","og_locale":"fr_FR","og_type":"article","og_title":"Buy Methyl Ethyl Ketone Online -Methyl Ethyl Ketone for Sale","og_description":"At our subszone online store, we have methyl ethyl ketone (mek) for sale. You can easily buy methyl ethyl ketone online of top quality from us available at the best prices. Order now!","og_url":"https:\/\/subszone.com\/fr\/product\/methylethylcetone-mek\/","og_site_name":"SubsZone","article_modified_time":"2025-06-02T12:34:56+00:00","og_image":[{"width":600,"height":600,"url":"https:\/\/subszone.com\/wp-content\/uploads\/2024\/10\/Methyl-Ethyl-Ketone-MEK-2.gif","type":"image\/gif"}],"twitter_card":"summary_large_image","twitter_misc":{"Dur\u00e9e de lecture estim\u00e9e":"2 minutes"},"schema":{"@context":"https:\/\/schema.org","@graph":[{"@type":"WebPage","@id":"https:\/\/subszone.com\/product\/methyl-ethyl-ketone-mek\/","url":"https:\/\/subszone.com\/product\/methyl-ethyl-ketone-mek\/","name":"Acheter Methyl Ethyl Ketone en ligne -Methyl Ethyl Ketone for Sale","isPartOf":{"@id":"https:\/\/subszone.com\/#website"},"primaryImageOfPage":{"@id":"https:\/\/subszone.com\/product\/methyl-ethyl-ketone-mek\/#primaryimage"},"image":{"@id":"https:\/\/subszone.com\/product\/methyl-ethyl-ketone-mek\/#primaryimage"},"thumbnailUrl":"https:\/\/subszone.com\/wp-content\/uploads\/2024\/10\/Methyl-Ethyl-Ketone-MEK-2.gif","datePublished":"2024-10-24T06:26:52+00:00","dateModified":"2025-06-02T12:34:56+00:00","description":"Dans notre magasin en ligne subszone, nous avons de la m\u00e9thyl\u00e9thylc\u00e9tone (mek) \u00e0 vendre. Vous pouvez facilement acheter de la m\u00e9thyl\u00e9thylc\u00e9tone en ligne de la meilleure qualit\u00e9 disponible aux meilleurs prix. Commandez maintenant !","breadcrumb":{"@id":"https:\/\/subszone.com\/product\/methyl-ethyl-ketone-mek\/#breadcrumb"},"inLanguage":"fr-FR","potentialAction":[{"@type":"ReadAction","target":["https:\/\/subszone.com\/product\/methyl-ethyl-ketone-mek\/"]}]},{"@type":"ImageObject","inLanguage":"fr-FR","@id":"https:\/\/subszone.com\/product\/methyl-ethyl-ketone-mek\/#primaryimage","url":"https:\/\/subszone.com\/wp-content\/uploads\/2024\/10\/Methyl-Ethyl-Ketone-MEK-2.gif","contentUrl":"https:\/\/subszone.com\/wp-content\/uploads\/2024\/10\/Methyl-Ethyl-Ketone-MEK-2.gif","width":600,"height":600,"caption":"Buy Methyl Ethyl Ketone Online"},{"@type":"BreadcrumbList","@id":"https:\/\/subszone.com\/product\/methyl-ethyl-ketone-mek\/#breadcrumb","itemListElement":[{"@type":"ListItem","position":1,"name":"Home","item":"https:\/\/subszone.com\/"},{"@type":"ListItem","position":2,"name":"Shop","item":"https:\/\/subszone.com\/shop\/"},{"@type":"ListItem","position":3,"name":"Buy Methyl Ethyl Ketone (MEK) Online"}]},{"@type":"WebSite","@id":"https:\/\/subszone.com\/#website","url":"https:\/\/subszone.com\/","name":"SubsZone","description":"Mon blog WordPress","publisher":{"@id":"https:\/\/subszone.com\/#organization"},"potentialAction":[{"@type":"SearchAction","target":{"@type":"EntryPoint","urlTemplate":"https:\/\/subszone.com\/?s={search_term_string}"},"query-input":{"@type":"PropertyValueSpecification","valueRequired":true,"valueName":"search_term_string"}}],"inLanguage":"fr-FR"},{"@type":"Organization","@id":"https:\/\/subszone.com\/#organization","name":"SubsZone","url":"https:\/\/subszone.com\/","logo":{"@type":"ImageObject","inLanguage":"fr-FR","@id":"https:\/\/subszone.com\/#\/schema\/logo\/image\/","url":"https:\/\/subszone.com\/wp-content\/uploads\/2024\/10\/logo.png","contentUrl":"https:\/\/subszone.com\/wp-content\/uploads\/2024\/10\/logo.png","width":193,"height":50,"caption":"SubsZone"},"image":{"@id":"https:\/\/subszone.com\/#\/schema\/logo\/image\/"}}]}},"_links":{"self":[{"href":"https:\/\/subszone.com\/fr\/wp-json\/wp\/v2\/product\/1217","targetHints":{"allow":["GET"]}}],"collection":[{"href":"https:\/\/subszone.com\/fr\/wp-json\/wp\/v2\/product"}],"about":[{"href":"https:\/\/subszone.com\/fr\/wp-json\/wp\/v2\/types\/product"}],"replies":[{"embeddable":true,"href":"https:\/\/subszone.com\/fr\/wp-json\/wp\/v2\/comments?post=1217"}],"wp:featuredmedia":[{"embeddable":true,"href":"https:\/\/subszone.com\/fr\/wp-json\/wp\/v2\/media\/1408"}],"wp:attachment":[{"href":"https:\/\/subszone.com\/fr\/wp-json\/wp\/v2\/media?parent=1217"}],"wp:term":[{"taxonomy":"product_brand","embeddable":true,"href":"https:\/\/subszone.com\/fr\/wp-json\/wp\/v2\/product_brand?post=1217"},{"taxonomy":"product_cat","embeddable":true,"href":"https:\/\/subszone.com\/fr\/wp-json\/wp\/v2\/product_cat?post=1217"},{"taxonomy":"product_tag","embeddable":true,"href":"https:\/\/subszone.com\/fr\/wp-json\/wp\/v2\/product_tag?post=1217"}],"curies":[{"name":"wp","href":"https:\/\/api.w.org\/{rel}","templated":true}]}}