{"id":1218,"date":"2024-10-24T06:26:55","date_gmt":"2024-10-24T06:26:55","guid":{"rendered":"https:\/\/subszone.com\/?post_type=product&#038;p=1218"},"modified":"2025-06-03T05:01:53","modified_gmt":"2025-06-03T05:01:53","slug":"methylamine","status":"publish","type":"product","link":"https:\/\/subszone.com\/fr\/product\/methylamine\/","title":{"rendered":"Acheter de la m\u00e9thylamine en ligne"},"content":{"rendered":"<h2><b>Disponibilit\u00e9 en ligne et r\u00e9glementation de la m\u00e9thylamine<\/b><\/h2>\n<p>&nbsp;<\/p>\n<p><span style=\"font-weight: 400;\"><a href=\"https:\/\/en.wikipedia.org\/wiki\/Methylamine\">M\u00e9thylamine<\/a> est un compos\u00e9 chimique polyvalent qui poss\u00e8de un large \u00e9ventail d'applications industrielles et scientifiques l\u00e9gitimes. Toutefois, en raison de son utilisation potentielle dans la synth\u00e8se illicite de substances r\u00e9glement\u00e9es, sa distribution et sa vente sont \u00e9troitement r\u00e9glement\u00e9es dans de nombreuses juridictions. Cet article examine les aspects juridiques, scientifiques et de s\u00e9curit\u00e9 publique de la disponibilit\u00e9 en ligne de la m\u00e9thylamine.<\/span><\/p>\n<h3><b>Aper\u00e7u de la m\u00e9thylamine et de ses utilisations l\u00e9gitimes<\/b><\/h3>\n<p><span style=\"font-weight: 400;\">La m\u00e9thylamine (CH\u2083NH\u2082) est un compos\u00e9 organique utilis\u00e9 comme interm\u00e9diaire dans la production de produits pharmaceutiques, de pesticides et de solvants. Elle est essentielle \u00e0 la synth\u00e8se de certains antibiotiques et produits chimiques agricoles et joue \u00e9galement un r\u00f4le dans la fabrication de polym\u00e8res et de colorants.<\/span><\/p>\n<h3><b>Importance de la r\u00e9glementation des produits chimiques<\/b><\/h3>\n<p><span style=\"font-weight: 400;\">Pour \u00e9viter les abus, des produits chimiques tels que <a href=\"https:\/\/subszone.com\/fr\/product\/methylamine\/\">m\u00e9thylamine<\/a> sont contr\u00f4l\u00e9es par des agences telles que la DEA am\u00e9ricaine, l'Agence europ\u00e9enne des produits chimiques (ECHA) et d'autres organismes similaires dans le monde entier. Ces efforts r\u00e9glementaires visent \u00e0 trouver un \u00e9quilibre entre la possibilit\u00e9 d'une utilisation industrielle l\u00e9gitime et la lutte contre les activit\u00e9s ill\u00e9gales.<\/span><\/p>\n<h3><b>Propri\u00e9t\u00e9s chimiques et applications<\/b><\/h3>\n<ul>\n<li style=\"font-weight: 400;\" aria-level=\"1\"><b>Formule chimique :<\/b><span style=\"font-weight: 400;\"> CH\u2083NH\u2082<\/span><span style=\"font-weight: 400;\">\n<p><\/span><\/li>\n<li style=\"font-weight: 400;\" aria-level=\"1\"><b>Forme physique :<\/b><span style=\"font-weight: 400;\"> Gaz incolore ou solution aqueuse<\/span><span style=\"font-weight: 400;\">\n<p><\/span><\/li>\n<li style=\"font-weight: 400;\" aria-level=\"1\"><b>Applications :<\/b><span style=\"font-weight: 400;\"> Utilis\u00e9 dans la production de m\u00e9dicaments \u00e0 base d'\u00e9ph\u00e9drine, de r\u00e9sines, de surfactants et de produits de nettoyage.<\/span><span style=\"font-weight: 400;\">\n<p><\/span><\/li>\n<\/ul>\n<h3><b>Utilisations industrielles et pharmaceutiques<\/b><\/h3>\n<p><span style=\"font-weight: 400;\">Dans le secteur pharmaceutique, la m\u00e9thylamine est utilis\u00e9e pour fabriquer des antihistaminiques et des analg\u00e9siques. Son r\u00f4le dans la chimie agricole comprend la production de fongicides et d'herbicides. Ces utilisations sont essentielles pour la sant\u00e9 publique et la production alimentaire mondiale.<\/span><\/p>\n<h3><b>Statut juridique<\/b><\/h3>\n<h4><b>Cadres r\u00e9glementaires<\/b><\/h4>\n<ul>\n<li style=\"font-weight: 400;\" aria-level=\"1\"><b>\u00c9tats-Unis :<\/b><span style=\"font-weight: 400;\"> Contr\u00f4l\u00e9 en vertu de la loi sur le d\u00e9tournement et le trafic de produits chimiques (Chemical Diversion and Trafficking Act - CDTA), appliqu\u00e9e par la DEA.<\/span><span style=\"font-weight: 400;\">\n<p><\/span><\/li>\n<li style=\"font-weight: 400;\" aria-level=\"1\"><b>L'Union europ\u00e9enne :<\/b><span style=\"font-weight: 400;\"> Soumis \u00e0 des restrictions dans le cadre de REACH (enregistrement, \u00e9valuation, autorisation et restriction des substances chimiques).<\/span><span style=\"font-weight: 400;\">\n<p><\/span><\/li>\n<li style=\"font-weight: 400;\" aria-level=\"1\"><b>Autres nations :<\/b><span style=\"font-weight: 400;\"> Chacune d'entre elles dispose de son propre ensemble de r\u00e9glementations et de contr\u00f4les des importations et des exportations.<\/span><span style=\"font-weight: 400;\">\n<p><\/span><\/li>\n<\/ul>\n<h4><b>Licences et restrictions<\/b><\/h4>\n<p><span style=\"font-weight: 400;\">Les entit\u00e9s doivent demander les licences appropri\u00e9es et tenir des registres complets des transactions. La vente ou la possession non autoris\u00e9e peut entra\u00eener des sanctions juridiques s\u00e9v\u00e8res.<\/span><\/p>\n<h3><b>Analyse du march\u00e9 en ligne<\/b><\/h3>\n<p><span style=\"font-weight: 400;\">Bien que la m\u00e9thylamine ait des utilisations l\u00e9gitimes, sa disponibilit\u00e9 en ligne a attir\u00e9 l'attention des organismes de r\u00e9glementation. Les plateformes en ligne (tant l\u00e9gitimes qu'illicites) sont devenues des vecteurs de distribution de produits chimiques soumis \u00e0 des restrictions, ce qui a conduit \u00e0 une intensification des efforts de mise en \u0153uvre.<\/span><\/p>\n<h3><b>D\u00e9fis<\/b><\/h3>\n<h4><b>Pr\u00e9occupations en mati\u00e8re de s\u00e9curit\u00e9 publique<\/b><\/h4>\n<p><span style=\"font-weight: 400;\">Les ventes non r\u00e9glement\u00e9es peuvent entra\u00eener des crises de sant\u00e9 publique, notamment lorsque les produits chimiques sont d\u00e9tourn\u00e9s pour la fabrication de m\u00e9dicaments ou dans des environnements dangereux.<\/span><\/p>\n<h4><b>Questions relatives \u00e0 la d\u00e9tection et \u00e0 l'application de la loi dans le domaine num\u00e9rique<\/b><\/h4>\n<p><span style=\"font-weight: 400;\">Les autorit\u00e9s rencontrent des difficult\u00e9s pour contr\u00f4ler les transactions en ligne anonymes ou crypt\u00e9es, en particulier sur les places de march\u00e9 du dark web.<\/span><\/p>\n<h3><b>Conclusion<\/b><\/h3>\n<p><span style=\"font-weight: 400;\">Le double usage de la m\u00e9thylamine pose des probl\u00e8mes r\u00e9glementaires uniques. Bien qu'elle soit vitale pour de nombreuses industries, les risques d'utilisation abusive n\u00e9cessitent un contr\u00f4le et une surveillance stricts. Pour relever ces d\u00e9fis, il faut une coop\u00e9ration mondiale, des outils de contr\u00f4le avanc\u00e9s et une recherche continue sur la distribution s\u00fbre et transparente des produits chimiques.<\/span><\/p>","protected":false},"excerpt":{"rendered":"<p><strong>M\u00e9thylamine<\/strong> est un gaz incolore et inflammable \u00e0 forte odeur de poisson, dont la formule chimique est CH\u2083NH\u2082. C'est la forme la plus simple d'amine primaire et elle est largement utilis\u00e9e dans diverses applications industrielles et chimiques.<\/p>\n<ul>\n<li><strong>Formule chimique<\/strong>: CH\u2083NH\u2082<\/li>\n<li><strong>Poids mol\u00e9culaire<\/strong>: 31,06 g\/mol<\/li>\n<li><strong>Point d'\u00e9bullition<\/strong>: Environ 6,7 \u00b0C (44,1 \u00b0F)<\/li>\n<li><strong>Densit\u00e9<\/strong>: 0,786 g\/cm\u00b3 (pour le gaz)<\/li>\n<li><strong>Solubilit\u00e9<\/strong>: Tr\u00e8s soluble dans l'eau et les solvants organiques.<\/li>\n<\/ul>","protected":false},"featured_media":1407,"comment_status":"open","ping_status":"closed","template":"","meta":{"_kadence_starter_templates_imported_post":false,"_kad_post_transparent":"default","_kad_post_title":"","_kad_post_layout":"default","_kad_post_sidebar_id":"","_kad_post_content_style":"default","_kad_post_vertical_padding":"default","_kad_post_feature":"","_kad_post_feature_position":"","_kad_post_header":false,"_kad_post_footer":false,"_joinchat":[]},"product_brand":[],"product_cat":[59],"product_tag":[],"class_list":{"0":"post-1218","1":"product","2":"type-product","3":"status-publish","4":"has-post-thumbnail","6":"product_cat-chemical-manufacturing-and-synthesis","8":"first","9":"instock","10":"shipping-taxable","11":"product-type-simple","12":"entry","13":"content-bg","14":"loop-entry"},"yoast_head":"<!-- This site is optimized with the Yoast SEO plugin v25.6 - https:\/\/yoast.com\/wordpress\/plugins\/seo\/ -->\n<title>Buy Methylamine Online - Methylamine for Sale<\/title>\n<meta name=\"description\" content=\"If you want to buy methylamine online, then visit our online store streetchemx. We have high-quality products like methylamine for sale. Place your order now!\" \/>\n<meta name=\"robots\" content=\"index, follow, max-snippet:-1, max-image-preview:large, max-video-preview:-1\" \/>\n<link rel=\"canonical\" href=\"https:\/\/subszone.com\/fr\/product\/methylamine\/\" \/>\n<meta property=\"og:locale\" content=\"fr_FR\" \/>\n<meta property=\"og:type\" content=\"article\" \/>\n<meta property=\"og:title\" content=\"Buy Methylamine Online - Methylamine for Sale\" \/>\n<meta property=\"og:description\" content=\"If you want to buy methylamine online, then visit our online store streetchemx. We have high-quality products like methylamine for sale. Place your order now!\" \/>\n<meta property=\"og:url\" content=\"https:\/\/subszone.com\/fr\/product\/methylamine\/\" \/>\n<meta property=\"og:site_name\" content=\"SubsZone\" \/>\n<meta property=\"article:modified_time\" content=\"2025-06-03T05:01:53+00:00\" \/>\n<meta property=\"og:image\" content=\"https:\/\/subszone.com\/wp-content\/uploads\/2024\/10\/Methylamine-2.gif\" \/>\n\t<meta property=\"og:image:width\" content=\"600\" \/>\n\t<meta property=\"og:image:height\" content=\"600\" \/>\n\t<meta property=\"og:image:type\" content=\"image\/gif\" \/>\n<meta name=\"twitter:card\" content=\"summary_large_image\" \/>\n<meta name=\"twitter:label1\" content=\"Dur\u00e9e de lecture estim\u00e9e\" \/>\n\t<meta name=\"twitter:data1\" content=\"2 minutes\" \/>\n<script type=\"application\/ld+json\" class=\"yoast-schema-graph\">{\"@context\":\"https:\/\/schema.org\",\"@graph\":[{\"@type\":\"WebPage\",\"@id\":\"https:\/\/subszone.com\/product\/methylamine\/\",\"url\":\"https:\/\/subszone.com\/product\/methylamine\/\",\"name\":\"Buy Methylamine Online - Methylamine for Sale\",\"isPartOf\":{\"@id\":\"https:\/\/subszone.com\/#website\"},\"primaryImageOfPage\":{\"@id\":\"https:\/\/subszone.com\/product\/methylamine\/#primaryimage\"},\"image\":{\"@id\":\"https:\/\/subszone.com\/product\/methylamine\/#primaryimage\"},\"thumbnailUrl\":\"https:\/\/subszone.com\/wp-content\/uploads\/2024\/10\/Methylamine-2.gif\",\"datePublished\":\"2024-10-24T06:26:55+00:00\",\"dateModified\":\"2025-06-03T05:01:53+00:00\",\"description\":\"If you want to buy methylamine online, then visit our online store streetchemx. We have high-quality products like methylamine for sale. Place your order now!\",\"breadcrumb\":{\"@id\":\"https:\/\/subszone.com\/product\/methylamine\/#breadcrumb\"},\"inLanguage\":\"fr-FR\",\"potentialAction\":[{\"@type\":\"ReadAction\",\"target\":[\"https:\/\/subszone.com\/product\/methylamine\/\"]}]},{\"@type\":\"ImageObject\",\"inLanguage\":\"fr-FR\",\"@id\":\"https:\/\/subszone.com\/product\/methylamine\/#primaryimage\",\"url\":\"https:\/\/subszone.com\/wp-content\/uploads\/2024\/10\/Methylamine-2.gif\",\"contentUrl\":\"https:\/\/subszone.com\/wp-content\/uploads\/2024\/10\/Methylamine-2.gif\",\"width\":600,\"height\":600,\"caption\":\"Buy Methylamine Online\"},{\"@type\":\"BreadcrumbList\",\"@id\":\"https:\/\/subszone.com\/product\/methylamine\/#breadcrumb\",\"itemListElement\":[{\"@type\":\"ListItem\",\"position\":1,\"name\":\"Home\",\"item\":\"https:\/\/subszone.com\/\"},{\"@type\":\"ListItem\",\"position\":2,\"name\":\"Shop\",\"item\":\"https:\/\/subszone.com\/shop\/\"},{\"@type\":\"ListItem\",\"position\":3,\"name\":\"Buy Methylamine Online\"}]},{\"@type\":\"WebSite\",\"@id\":\"https:\/\/subszone.com\/#website\",\"url\":\"https:\/\/subszone.com\/\",\"name\":\"SubsZone\",\"description\":\"My WordPress Blog\",\"publisher\":{\"@id\":\"https:\/\/subszone.com\/#organization\"},\"potentialAction\":[{\"@type\":\"SearchAction\",\"target\":{\"@type\":\"EntryPoint\",\"urlTemplate\":\"https:\/\/subszone.com\/?s={search_term_string}\"},\"query-input\":{\"@type\":\"PropertyValueSpecification\",\"valueRequired\":true,\"valueName\":\"search_term_string\"}}],\"inLanguage\":\"fr-FR\"},{\"@type\":\"Organization\",\"@id\":\"https:\/\/subszone.com\/#organization\",\"name\":\"SubsZone\",\"url\":\"https:\/\/subszone.com\/\",\"logo\":{\"@type\":\"ImageObject\",\"inLanguage\":\"fr-FR\",\"@id\":\"https:\/\/subszone.com\/#\/schema\/logo\/image\/\",\"url\":\"https:\/\/subszone.com\/wp-content\/uploads\/2024\/10\/logo.png\",\"contentUrl\":\"https:\/\/subszone.com\/wp-content\/uploads\/2024\/10\/logo.png\",\"width\":193,\"height\":50,\"caption\":\"SubsZone\"},\"image\":{\"@id\":\"https:\/\/subszone.com\/#\/schema\/logo\/image\/\"}}]}<\/script>\n<!-- \/ Yoast SEO plugin. -->","yoast_head_json":{"title":"Acheter de la m\u00e9thylamine en ligne - Methylamine for Sale","description":"Si vous voulez acheter de la m\u00e9thylamine en ligne, visitez notre magasin en ligne streetchemx. Nous avons des produits de haute qualit\u00e9 comme la m\u00e9thylamine \u00e0 vendre. Commandez d\u00e8s maintenant !","robots":{"index":"index","follow":"follow","max-snippet":"max-snippet:-1","max-image-preview":"max-image-preview:large","max-video-preview":"max-video-preview:-1"},"canonical":"https:\/\/subszone.com\/fr\/product\/methylamine\/","og_locale":"fr_FR","og_type":"article","og_title":"Buy Methylamine Online - Methylamine for Sale","og_description":"If you want to buy methylamine online, then visit our online store streetchemx. We have high-quality products like methylamine for sale. Place your order now!","og_url":"https:\/\/subszone.com\/fr\/product\/methylamine\/","og_site_name":"SubsZone","article_modified_time":"2025-06-03T05:01:53+00:00","og_image":[{"width":600,"height":600,"url":"https:\/\/subszone.com\/wp-content\/uploads\/2024\/10\/Methylamine-2.gif","type":"image\/gif"}],"twitter_card":"summary_large_image","twitter_misc":{"Dur\u00e9e de lecture estim\u00e9e":"2 minutes"},"schema":{"@context":"https:\/\/schema.org","@graph":[{"@type":"WebPage","@id":"https:\/\/subszone.com\/product\/methylamine\/","url":"https:\/\/subszone.com\/product\/methylamine\/","name":"Acheter de la m\u00e9thylamine en ligne - Methylamine for Sale","isPartOf":{"@id":"https:\/\/subszone.com\/#website"},"primaryImageOfPage":{"@id":"https:\/\/subszone.com\/product\/methylamine\/#primaryimage"},"image":{"@id":"https:\/\/subszone.com\/product\/methylamine\/#primaryimage"},"thumbnailUrl":"https:\/\/subszone.com\/wp-content\/uploads\/2024\/10\/Methylamine-2.gif","datePublished":"2024-10-24T06:26:55+00:00","dateModified":"2025-06-03T05:01:53+00:00","description":"Si vous voulez acheter de la m\u00e9thylamine en ligne, visitez notre magasin en ligne streetchemx. Nous avons des produits de haute qualit\u00e9 comme la m\u00e9thylamine \u00e0 vendre. Commandez d\u00e8s maintenant !","breadcrumb":{"@id":"https:\/\/subszone.com\/product\/methylamine\/#breadcrumb"},"inLanguage":"fr-FR","potentialAction":[{"@type":"ReadAction","target":["https:\/\/subszone.com\/product\/methylamine\/"]}]},{"@type":"ImageObject","inLanguage":"fr-FR","@id":"https:\/\/subszone.com\/product\/methylamine\/#primaryimage","url":"https:\/\/subszone.com\/wp-content\/uploads\/2024\/10\/Methylamine-2.gif","contentUrl":"https:\/\/subszone.com\/wp-content\/uploads\/2024\/10\/Methylamine-2.gif","width":600,"height":600,"caption":"Buy Methylamine Online"},{"@type":"BreadcrumbList","@id":"https:\/\/subszone.com\/product\/methylamine\/#breadcrumb","itemListElement":[{"@type":"ListItem","position":1,"name":"Home","item":"https:\/\/subszone.com\/"},{"@type":"ListItem","position":2,"name":"Shop","item":"https:\/\/subszone.com\/shop\/"},{"@type":"ListItem","position":3,"name":"Buy Methylamine Online"}]},{"@type":"WebSite","@id":"https:\/\/subszone.com\/#website","url":"https:\/\/subszone.com\/","name":"SubsZone","description":"Mon blog WordPress","publisher":{"@id":"https:\/\/subszone.com\/#organization"},"potentialAction":[{"@type":"SearchAction","target":{"@type":"EntryPoint","urlTemplate":"https:\/\/subszone.com\/?s={search_term_string}"},"query-input":{"@type":"PropertyValueSpecification","valueRequired":true,"valueName":"search_term_string"}}],"inLanguage":"fr-FR"},{"@type":"Organization","@id":"https:\/\/subszone.com\/#organization","name":"SubsZone","url":"https:\/\/subszone.com\/","logo":{"@type":"ImageObject","inLanguage":"fr-FR","@id":"https:\/\/subszone.com\/#\/schema\/logo\/image\/","url":"https:\/\/subszone.com\/wp-content\/uploads\/2024\/10\/logo.png","contentUrl":"https:\/\/subszone.com\/wp-content\/uploads\/2024\/10\/logo.png","width":193,"height":50,"caption":"SubsZone"},"image":{"@id":"https:\/\/subszone.com\/#\/schema\/logo\/image\/"}}]}},"_links":{"self":[{"href":"https:\/\/subszone.com\/fr\/wp-json\/wp\/v2\/product\/1218","targetHints":{"allow":["GET"]}}],"collection":[{"href":"https:\/\/subszone.com\/fr\/wp-json\/wp\/v2\/product"}],"about":[{"href":"https:\/\/subszone.com\/fr\/wp-json\/wp\/v2\/types\/product"}],"replies":[{"embeddable":true,"href":"https:\/\/subszone.com\/fr\/wp-json\/wp\/v2\/comments?post=1218"}],"wp:featuredmedia":[{"embeddable":true,"href":"https:\/\/subszone.com\/fr\/wp-json\/wp\/v2\/media\/1407"}],"wp:attachment":[{"href":"https:\/\/subszone.com\/fr\/wp-json\/wp\/v2\/media?parent=1218"}],"wp:term":[{"taxonomy":"product_brand","embeddable":true,"href":"https:\/\/subszone.com\/fr\/wp-json\/wp\/v2\/product_brand?post=1218"},{"taxonomy":"product_cat","embeddable":true,"href":"https:\/\/subszone.com\/fr\/wp-json\/wp\/v2\/product_cat?post=1218"},{"taxonomy":"product_tag","embeddable":true,"href":"https:\/\/subszone.com\/fr\/wp-json\/wp\/v2\/product_tag?post=1218"}],"curies":[{"name":"wp","href":"https:\/\/api.w.org\/{rel}","templated":true}]}}