{"id":1231,"date":"2024-10-24T06:44:11","date_gmt":"2024-10-24T06:44:11","guid":{"rendered":"https:\/\/subszone.com\/?post_type=product&#038;p=1231"},"modified":"2025-06-03T06:04:44","modified_gmt":"2025-06-03T06:04:44","slug":"phenol","status":"publish","type":"product","link":"https:\/\/subszone.com\/fr\/product\/phenol\/","title":{"rendered":"Acheter du ph\u00e9nol en ligne"},"content":{"rendered":"<h2><b>Ph\u00e9nol - Grade industriel et de laboratoire de haute puret\u00e9<\/b><\/h2>\n<p><span style=\"font-weight: 400;\">Envisager de <\/span><a href=\"https:\/\/subszone.com\/fr\/product\/phenol\/\"><b>acheter ph\u00e9nol en ligne<\/b><\/a><span style=\"font-weight: 400;\"> pour la recherche, le traitement industriel ou les applications analytiques ? Nos produits de qualit\u00e9 sup\u00e9rieure <\/span><b>Ph\u00e9nol<\/b><span style=\"font-weight: 400;\"> offre une qualit\u00e9 et une fiabilit\u00e9 constantes aux professionnels qui exigent pr\u00e9cision, puret\u00e9 et s\u00e9curit\u00e9 de manipulation.<\/span><\/p>\n<h3><b>Aper\u00e7u du produit<\/b><\/h3>\n<p><span style=\"font-weight: 400;\">Le ph\u00e9nol (C\u2086H\u2085OH) est un compos\u00e9 organique aromatique avec un groupe hydroxyle attach\u00e9 \u00e0 un anneau de benz\u00e8ne. Il se pr\u00e9sente sous la forme d'un solide cristallin ou d'un liquide en fonction de la temp\u00e9rature et de la puret\u00e9. Connu pour son fort pouvoir antiseptique et sa r\u00e9activit\u00e9 chimique, le ph\u00e9nol est largement utilis\u00e9 dans tous les secteurs d'activit\u00e9, qu'il s'agisse de <\/span><b>production de r\u00e9sine<\/b><span style=\"font-weight: 400;\"> et <\/span><b>synth\u00e8se pharmaceutique<\/b><span style=\"font-weight: 400;\"> \u00e0 <\/span><b>recherche en laboratoire<\/b><span style=\"font-weight: 400;\"> et <\/span><b>formulations cosm\u00e9tiques<\/b><span style=\"font-weight: 400;\">.<\/span><\/p>\n<h3><b>Principales caract\u00e9ristiques et avantages<\/b><\/h3>\n<ul>\n<li style=\"font-weight: 400;\" aria-level=\"1\"><b>\u00c9talons de haute puret\u00e9 et de qualit\u00e9 laboratoire<\/b><span style=\"font-weight: 400;\"> - Convient \u00e0 la recherche analytique, \u00e0 la synth\u00e8se organique et aux applications industrielles<\/span><span style=\"font-weight: 400;\">\n<p><\/span><\/li>\n<li style=\"font-weight: 400;\" aria-level=\"1\"><b>Disponible en plusieurs formats<\/b><span style=\"font-weight: 400;\"> - Choisissez entre le ph\u00e9nol cristallin et le ph\u00e9nol liquide, solidement scell\u00e9s et \u00e9tiquet\u00e9s avec la documentation SDS.<\/span><span style=\"font-weight: 400;\">\n<p><\/span><\/li>\n<li style=\"font-weight: 400;\" aria-level=\"1\"><b>Applications polyvalentes<\/b><span style=\"font-weight: 400;\"> - Utilis\u00e9 dans la fabrication de plastiques, de colorants, d'antioxydants et comme r\u00e9actif dans les analyses chimiques.<\/span><span style=\"font-weight: 400;\">\n<p><\/span><\/li>\n<li style=\"font-weight: 400;\" aria-level=\"1\"><b>Emballage s\u00e9curis\u00e9 et conformit\u00e9<\/b><span style=\"font-weight: 400;\"> - Exp\u00e9di\u00e9 conform\u00e9ment \u00e0 la r\u00e9glementation sur le transport des produits chimiques et accompagn\u00e9 d'une fiche de donn\u00e9es de s\u00e9curit\u00e9 compl\u00e8te pour une manipulation en toute s\u00e9curit\u00e9.<\/span><span style=\"font-weight: 400;\">\n<p><\/span><\/li>\n<li style=\"font-weight: 400;\" aria-level=\"1\"><b>Les chercheurs et les professionnels de l'industrie du monde entier lui font confiance<\/b><b>\n<p><\/b><\/li>\n<\/ul>\n<h3><b>Pourquoi commander du ph\u00e9nol en ligne avec nous ?<\/b><\/h3>\n<p><span style=\"font-weight: 400;\">Nous facilitons <\/span><a href=\"https:\/\/en.wikipedia.org\/wiki\/Phenol\"><b>ph\u00e9nol en ligne<\/b><\/a><span style=\"font-weight: 400;\"> en toute s\u00e9curit\u00e9 et en toute l\u00e9galit\u00e9. Tous les envois sont trait\u00e9s par des partenaires v\u00e9rifi\u00e9s de la cha\u00eene d'approvisionnement, ce qui garantit que ce que vous recevez r\u00e9pond \u00e0 vos attentes en mati\u00e8re de <\/span><b>la puret\u00e9, l'emballage et la documentation<\/b><span style=\"font-weight: 400;\">. Qu'il s'agisse d'un laboratoire, d'une universit\u00e9 ou d'un site industriel, notre plateforme offre un service de qualit\u00e9. <\/span><b>un moyen s\u00fbr et conforme d'acc\u00e9der au ph\u00e9nol pour un usage l\u00e9gitime<\/b><span style=\"font-weight: 400;\">.<\/span><\/p>\n<h3><b>Prix abordables et remises en masse<\/b><\/h3>\n<p><span style=\"font-weight: 400;\">\u00c0 la recherche de <\/span><b>ph\u00e9nol pour la vente<\/b><span style=\"font-weight: 400;\"> \u00e0 des tarifs comp\u00e9titifs ? Nous proposons <\/span><b>Prix du ph\u00e9nol bon march\u00e9<\/b><span style=\"font-weight: 400;\"> sans faire de compromis sur la qualit\u00e9. Des quantit\u00e9s importantes sont disponibles \u00e0 des prix r\u00e9duits, avec des commandes flexibles adapt\u00e9es \u00e0 vos besoins op\u00e9rationnels.<\/span><\/p>\n<h3><b>Informations juridiques et de s\u00e9curit\u00e9<\/b><\/h3>\n<p><span style=\"font-weight: 400;\">Remarque : le ph\u00e9nol est class\u00e9 comme substance dangereuse dans de nombreuses juridictions. Il incombe aux acheteurs de comprendre les <\/span><b>statut juridique<\/b><span style=\"font-weight: 400;\"> de ce compos\u00e9 dans leur pays ou leur \u00e9tat et de se conformer \u00e0 toutes les r\u00e8gles de l'OMC. <\/span><b>r\u00e9glementation en mati\u00e8re d'importation, de stockage et de manutention<\/b><span style=\"font-weight: 400;\">. Une licence commerciale ou de recherche valide peut \u00eatre exig\u00e9e avant l'exp\u00e9dition.<\/span><\/p>\n<h3><b>Commander en toute confiance<\/b><\/h3>\n<p><span style=\"font-weight: 400;\">Si vous \u00eates \u00e0 la recherche de la <\/span><b>Meilleur endroit pour acheter du ph\u00e9nol en ligne<\/b><span style=\"font-weight: 400;\">ne cherchez pas plus loin. Nous combinons <\/span><b>l'assurance qualit\u00e9<\/b><span style=\"font-weight: 400;\">La documentation est transparente et l'assistance professionnelle vous permet d'obtenir le mat\u00e9riel dont vous avez besoin, de mani\u00e8re fiable et responsable.<\/span><\/p>","protected":false},"excerpt":{"rendered":"<p><strong>Ph\u00e9nol<\/strong>\u00e9galement connu sous le nom d'acide carbolique, est un compos\u00e9 organique aromatique dont la formule chimique est C\u2086H\u2085OH. Il s'agit d'un solide incolore \u00e0 blanc \u00e0 temp\u00e9rature ambiante, connu pour son odeur douce et m\u00e9dicinale caract\u00e9ristique. Le ph\u00e9nol est largement utilis\u00e9 dans diverses applications industrielles en raison de ses propri\u00e9t\u00e9s chimiques.<\/p>\n<ul>\n<li><strong>Formule chimique<\/strong>: C\u2086H\u2085OH<\/li>\n<li><strong>Poids mol\u00e9culaire<\/strong>: 94,11 g\/mol<\/li>\n<li><strong>Point d'\u00e9bullition<\/strong>: Environ 182 \u00b0C (360 \u00b0F)<\/li>\n<li><strong>Point de fusion<\/strong>: 40,7 \u00b0C (105,3 \u00b0F)<\/li>\n<li><strong>Densit\u00e9<\/strong>: 1,07 g\/cm\u00b3<\/li>\n<li><strong>Solubilit\u00e9<\/strong>: Soluble dans l'eau, l'\u00e9thanol et l'\u00e9ther.<\/li>\n<\/ul>","protected":false},"featured_media":1404,"comment_status":"open","ping_status":"closed","template":"","meta":{"_kadence_starter_templates_imported_post":false,"_kad_post_transparent":"default","_kad_post_title":"","_kad_post_layout":"default","_kad_post_sidebar_id":"","_kad_post_content_style":"default","_kad_post_vertical_padding":"default","_kad_post_feature":"","_kad_post_feature_position":"","_kad_post_header":false,"_kad_post_footer":false,"_joinchat":[]},"product_brand":[],"product_cat":[59],"product_tag":[],"class_list":{"0":"post-1231","1":"product","2":"type-product","3":"status-publish","4":"has-post-thumbnail","6":"product_cat-chemical-manufacturing-and-synthesis","8":"first","9":"instock","10":"shipping-taxable","11":"product-type-simple","12":"entry","13":"content-bg","14":"loop-entry"},"yoast_head":"<!-- This site is optimized with the Yoast SEO plugin v25.6 - https:\/\/yoast.com\/wordpress\/plugins\/seo\/ -->\n<title>Buy Phenol Supplier Online - Phenol for Sale<\/title>\n<meta name=\"description\" content=\"You can get high-purity phenol Industrial for sale at our online store and get it at your doorstep without any hassle. We help you buy phenol Industrial online. Just place your order now!\" \/>\n<meta name=\"robots\" content=\"index, follow, max-snippet:-1, max-image-preview:large, max-video-preview:-1\" \/>\n<link rel=\"canonical\" href=\"https:\/\/subszone.com\/fr\/product\/phenol\/\" \/>\n<meta property=\"og:locale\" content=\"fr_FR\" \/>\n<meta property=\"og:type\" content=\"article\" \/>\n<meta property=\"og:title\" content=\"Buy Phenol Supplier Online - Phenol for Sale\" \/>\n<meta property=\"og:description\" content=\"You can get high-purity phenol Industrial for sale at our online store and get it at your doorstep without any hassle. We help you buy phenol Industrial online. Just place your order now!\" \/>\n<meta property=\"og:url\" content=\"https:\/\/subszone.com\/fr\/product\/phenol\/\" \/>\n<meta property=\"og:site_name\" content=\"SubsZone\" \/>\n<meta property=\"article:modified_time\" content=\"2025-06-03T06:04:44+00:00\" \/>\n<meta property=\"og:image\" content=\"https:\/\/subszone.com\/wp-content\/uploads\/2024\/10\/Phenol-2-1.gif\" \/>\n\t<meta property=\"og:image:width\" content=\"600\" \/>\n\t<meta property=\"og:image:height\" content=\"600\" \/>\n\t<meta property=\"og:image:type\" content=\"image\/gif\" \/>\n<meta name=\"twitter:card\" content=\"summary_large_image\" \/>\n<meta name=\"twitter:label1\" content=\"Dur\u00e9e de lecture estim\u00e9e\" \/>\n\t<meta name=\"twitter:data1\" content=\"2 minutes\" \/>\n<script type=\"application\/ld+json\" class=\"yoast-schema-graph\">{\"@context\":\"https:\/\/schema.org\",\"@graph\":[{\"@type\":\"WebPage\",\"@id\":\"https:\/\/subszone.com\/product\/phenol\/\",\"url\":\"https:\/\/subszone.com\/product\/phenol\/\",\"name\":\"Buy Phenol Supplier Online - Phenol for Sale\",\"isPartOf\":{\"@id\":\"https:\/\/subszone.com\/#website\"},\"primaryImageOfPage\":{\"@id\":\"https:\/\/subszone.com\/product\/phenol\/#primaryimage\"},\"image\":{\"@id\":\"https:\/\/subszone.com\/product\/phenol\/#primaryimage\"},\"thumbnailUrl\":\"https:\/\/subszone.com\/wp-content\/uploads\/2024\/10\/Phenol-2-1.gif\",\"datePublished\":\"2024-10-24T06:44:11+00:00\",\"dateModified\":\"2025-06-03T06:04:44+00:00\",\"description\":\"You can get high-purity phenol Industrial for sale at our online store and get it at your doorstep without any hassle. We help you buy phenol Industrial online. Just place your order now!\",\"breadcrumb\":{\"@id\":\"https:\/\/subszone.com\/product\/phenol\/#breadcrumb\"},\"inLanguage\":\"fr-FR\",\"potentialAction\":[{\"@type\":\"ReadAction\",\"target\":[\"https:\/\/subszone.com\/product\/phenol\/\"]}]},{\"@type\":\"ImageObject\",\"inLanguage\":\"fr-FR\",\"@id\":\"https:\/\/subszone.com\/product\/phenol\/#primaryimage\",\"url\":\"https:\/\/subszone.com\/wp-content\/uploads\/2024\/10\/Phenol-2-1.gif\",\"contentUrl\":\"https:\/\/subszone.com\/wp-content\/uploads\/2024\/10\/Phenol-2-1.gif\",\"width\":600,\"height\":600,\"caption\":\"Buy Phenol Supplier Online\"},{\"@type\":\"BreadcrumbList\",\"@id\":\"https:\/\/subszone.com\/product\/phenol\/#breadcrumb\",\"itemListElement\":[{\"@type\":\"ListItem\",\"position\":1,\"name\":\"Home\",\"item\":\"https:\/\/subszone.com\/\"},{\"@type\":\"ListItem\",\"position\":2,\"name\":\"Shop\",\"item\":\"https:\/\/subszone.com\/shop\/\"},{\"@type\":\"ListItem\",\"position\":3,\"name\":\"Buy Phenol Online\"}]},{\"@type\":\"WebSite\",\"@id\":\"https:\/\/subszone.com\/#website\",\"url\":\"https:\/\/subszone.com\/\",\"name\":\"SubsZone\",\"description\":\"My WordPress Blog\",\"publisher\":{\"@id\":\"https:\/\/subszone.com\/#organization\"},\"potentialAction\":[{\"@type\":\"SearchAction\",\"target\":{\"@type\":\"EntryPoint\",\"urlTemplate\":\"https:\/\/subszone.com\/?s={search_term_string}\"},\"query-input\":{\"@type\":\"PropertyValueSpecification\",\"valueRequired\":true,\"valueName\":\"search_term_string\"}}],\"inLanguage\":\"fr-FR\"},{\"@type\":\"Organization\",\"@id\":\"https:\/\/subszone.com\/#organization\",\"name\":\"SubsZone\",\"url\":\"https:\/\/subszone.com\/\",\"logo\":{\"@type\":\"ImageObject\",\"inLanguage\":\"fr-FR\",\"@id\":\"https:\/\/subszone.com\/#\/schema\/logo\/image\/\",\"url\":\"https:\/\/subszone.com\/wp-content\/uploads\/2024\/10\/logo.png\",\"contentUrl\":\"https:\/\/subszone.com\/wp-content\/uploads\/2024\/10\/logo.png\",\"width\":193,\"height\":50,\"caption\":\"SubsZone\"},\"image\":{\"@id\":\"https:\/\/subszone.com\/#\/schema\/logo\/image\/\"}}]}<\/script>\n<!-- \/ Yoast SEO plugin. -->","yoast_head_json":{"title":"Buy Phenol Supplier Online - Phenol for Sale","description":"Vous pouvez obtenir du ph\u00e9nol industriel de haute puret\u00e9 en vente dans notre magasin en ligne et le recevoir \u00e0 votre porte sans aucun probl\u00e8me. Nous vous aidons \u00e0 acheter phenol Industrial en ligne. Passez votre commande maintenant !","robots":{"index":"index","follow":"follow","max-snippet":"max-snippet:-1","max-image-preview":"max-image-preview:large","max-video-preview":"max-video-preview:-1"},"canonical":"https:\/\/subszone.com\/fr\/product\/phenol\/","og_locale":"fr_FR","og_type":"article","og_title":"Buy Phenol Supplier Online - Phenol for Sale","og_description":"You can get high-purity phenol Industrial for sale at our online store and get it at your doorstep without any hassle. We help you buy phenol Industrial online. Just place your order now!","og_url":"https:\/\/subszone.com\/fr\/product\/phenol\/","og_site_name":"SubsZone","article_modified_time":"2025-06-03T06:04:44+00:00","og_image":[{"width":600,"height":600,"url":"https:\/\/subszone.com\/wp-content\/uploads\/2024\/10\/Phenol-2-1.gif","type":"image\/gif"}],"twitter_card":"summary_large_image","twitter_misc":{"Dur\u00e9e de lecture estim\u00e9e":"2 minutes"},"schema":{"@context":"https:\/\/schema.org","@graph":[{"@type":"WebPage","@id":"https:\/\/subszone.com\/product\/phenol\/","url":"https:\/\/subszone.com\/product\/phenol\/","name":"Buy Phenol Supplier Online - Phenol for Sale","isPartOf":{"@id":"https:\/\/subszone.com\/#website"},"primaryImageOfPage":{"@id":"https:\/\/subszone.com\/product\/phenol\/#primaryimage"},"image":{"@id":"https:\/\/subszone.com\/product\/phenol\/#primaryimage"},"thumbnailUrl":"https:\/\/subszone.com\/wp-content\/uploads\/2024\/10\/Phenol-2-1.gif","datePublished":"2024-10-24T06:44:11+00:00","dateModified":"2025-06-03T06:04:44+00:00","description":"Vous pouvez obtenir du ph\u00e9nol industriel de haute puret\u00e9 en vente dans notre magasin en ligne et le recevoir \u00e0 votre porte sans aucun probl\u00e8me. Nous vous aidons \u00e0 acheter phenol Industrial en ligne. Passez votre commande maintenant !","breadcrumb":{"@id":"https:\/\/subszone.com\/product\/phenol\/#breadcrumb"},"inLanguage":"fr-FR","potentialAction":[{"@type":"ReadAction","target":["https:\/\/subszone.com\/product\/phenol\/"]}]},{"@type":"ImageObject","inLanguage":"fr-FR","@id":"https:\/\/subszone.com\/product\/phenol\/#primaryimage","url":"https:\/\/subszone.com\/wp-content\/uploads\/2024\/10\/Phenol-2-1.gif","contentUrl":"https:\/\/subszone.com\/wp-content\/uploads\/2024\/10\/Phenol-2-1.gif","width":600,"height":600,"caption":"Buy Phenol Supplier Online"},{"@type":"BreadcrumbList","@id":"https:\/\/subszone.com\/product\/phenol\/#breadcrumb","itemListElement":[{"@type":"ListItem","position":1,"name":"Home","item":"https:\/\/subszone.com\/"},{"@type":"ListItem","position":2,"name":"Shop","item":"https:\/\/subszone.com\/shop\/"},{"@type":"ListItem","position":3,"name":"Buy Phenol Online"}]},{"@type":"WebSite","@id":"https:\/\/subszone.com\/#website","url":"https:\/\/subszone.com\/","name":"SubsZone","description":"Mon blog WordPress","publisher":{"@id":"https:\/\/subszone.com\/#organization"},"potentialAction":[{"@type":"SearchAction","target":{"@type":"EntryPoint","urlTemplate":"https:\/\/subszone.com\/?s={search_term_string}"},"query-input":{"@type":"PropertyValueSpecification","valueRequired":true,"valueName":"search_term_string"}}],"inLanguage":"fr-FR"},{"@type":"Organization","@id":"https:\/\/subszone.com\/#organization","name":"SubsZone","url":"https:\/\/subszone.com\/","logo":{"@type":"ImageObject","inLanguage":"fr-FR","@id":"https:\/\/subszone.com\/#\/schema\/logo\/image\/","url":"https:\/\/subszone.com\/wp-content\/uploads\/2024\/10\/logo.png","contentUrl":"https:\/\/subszone.com\/wp-content\/uploads\/2024\/10\/logo.png","width":193,"height":50,"caption":"SubsZone"},"image":{"@id":"https:\/\/subszone.com\/#\/schema\/logo\/image\/"}}]}},"_links":{"self":[{"href":"https:\/\/subszone.com\/fr\/wp-json\/wp\/v2\/product\/1231","targetHints":{"allow":["GET"]}}],"collection":[{"href":"https:\/\/subszone.com\/fr\/wp-json\/wp\/v2\/product"}],"about":[{"href":"https:\/\/subszone.com\/fr\/wp-json\/wp\/v2\/types\/product"}],"replies":[{"embeddable":true,"href":"https:\/\/subszone.com\/fr\/wp-json\/wp\/v2\/comments?post=1231"}],"wp:featuredmedia":[{"embeddable":true,"href":"https:\/\/subszone.com\/fr\/wp-json\/wp\/v2\/media\/1404"}],"wp:attachment":[{"href":"https:\/\/subszone.com\/fr\/wp-json\/wp\/v2\/media?parent=1231"}],"wp:term":[{"taxonomy":"product_brand","embeddable":true,"href":"https:\/\/subszone.com\/fr\/wp-json\/wp\/v2\/product_brand?post=1231"},{"taxonomy":"product_cat","embeddable":true,"href":"https:\/\/subszone.com\/fr\/wp-json\/wp\/v2\/product_cat?post=1231"},{"taxonomy":"product_tag","embeddable":true,"href":"https:\/\/subszone.com\/fr\/wp-json\/wp\/v2\/product_tag?post=1231"}],"curies":[{"name":"wp","href":"https:\/\/api.w.org\/{rel}","templated":true}]}}