{"id":1264,"date":"2024-10-24T07:49:49","date_gmt":"2024-10-24T07:49:49","guid":{"rendered":"https:\/\/subszone.com\/?post_type=product&#038;p=1264"},"modified":"2025-06-04T07:25:53","modified_gmt":"2025-06-04T07:25:53","slug":"permanganate-de-potassium","status":"publish","type":"product","link":"https:\/\/subszone.com\/fr\/product\/permanganate-de-potassium\/","title":{"rendered":"Acheter du permanganate de potassium en ligne"},"content":{"rendered":"<h2><b>Acheter du permanganate de potassium en ligne - Oxydant de haute puret\u00e9 pour l'industrie, le traitement de l'eau et les laboratoires<\/b><\/h2>\n<p><span style=\"font-weight: 400;\">Envisager de <\/span><a href=\"https:\/\/en.wikipedia.org\/wiki\/Potassium_permanganate\"><b>acheter Permanganate de potassium en ligne<\/b><\/a><span style=\"font-weight: 400;\">? Que vous soyez un technicien de laboratoire, un sp\u00e9cialiste du traitement de l'eau ou un professionnel de l'industrie, notre permanganate de potassium de premi\u00e8re qualit\u00e9 est une solution fiable pour une large gamme d'applications. Avec une puret\u00e9 v\u00e9rifi\u00e9e, une exp\u00e9dition s\u00e9curis\u00e9e et des prix comp\u00e9titifs, nous offrons une solution transparente pour <\/span><b>commander Permanganate de potassium en ligne<\/b><span style=\"font-weight: 400;\"> de fournisseurs de confiance.<\/span><\/p>\n<h3><b>A quoi sert le permanganate de potassium ?<\/b><\/h3>\n<p><span style=\"font-weight: 400;\">Le permanganate de potassium (KMnO\u2084) est un puissant agent oxydant reconnu pour sa polyvalence et son efficacit\u00e9. Il se pr\u00e9sente sous la forme de cristaux violet fonc\u00e9 qui se dissolvent dans l'eau pour former une solution rose vif \u00e0 violet fonc\u00e9.<\/span><\/p>\n<p><b>Les applications les plus courantes sont les suivantes<\/b><\/p>\n<ul>\n<li style=\"font-weight: 400;\" aria-level=\"1\"><b>Traitement de l'eau :<\/b><span style=\"font-weight: 400;\"> Contr\u00f4le les odeurs, le go\u00fbt, le fer et le mangan\u00e8se dans les syst\u00e8mes d'eau municipaux et industriels.<\/span>&nbsp;<\/li>\n<li style=\"font-weight: 400;\" aria-level=\"1\"><b>Usage m\u00e9dical (dilu\u00e9) :<\/b><span style=\"font-weight: 400;\"> Traite les infections fongiques et d\u00e9sinfecte les plaies sous contr\u00f4le m\u00e9dical.<\/span>&nbsp;<\/li>\n<li style=\"font-weight: 400;\" aria-level=\"1\"><b>Nettoyage industriel :<\/b><span style=\"font-weight: 400;\"> \u00c9limine les mati\u00e8res organiques des \u00e9quipements et des canalisations.<\/span>&nbsp;<\/li>\n<li style=\"font-weight: 400;\" aria-level=\"1\"><b>Utilisation en laboratoire :<\/b><span style=\"font-weight: 400;\"> Courant dans les titrages d'oxydor\u00e9duction et la synth\u00e8se chimique.<\/span>&nbsp;<\/li>\n<\/ul>\n<h3><b>Qui peut acheter l\u00e9galement du permanganate de potassium ?<\/b><\/h3>\n<p><span style=\"font-weight: 400;\">Tandis que <a href=\"https:\/\/subszone.com\/fr\/product\/permanganate-de-potassium\/\">Permanganate de potassium<\/a> est l\u00e9gal pour des usages industriels, commerciaux et de recherche l\u00e9gitimes, certaines juridictions peuvent en restreindre la vente en raison de sa nature fortement oxydante. Dans certaines r\u00e9gions, en particulier pour les concentrations \u00e9lev\u00e9es, les acheteurs peuvent avoir besoin de fournir :<\/span><\/p>\n<ul>\n<li style=\"font-weight: 400;\" aria-level=\"1\"><span style=\"font-weight: 400;\">Preuve d'utilisation professionnelle ou institutionnelle<\/span>&nbsp;<\/li>\n<li style=\"font-weight: 400;\" aria-level=\"1\"><span style=\"font-weight: 400;\">Licences ou permis pour les produits chimiques r\u00e9glement\u00e9s<\/span>&nbsp;<\/li>\n<li style=\"font-weight: 400;\" aria-level=\"1\"><span style=\"font-weight: 400;\">Accord sur le respect des directives locales en mati\u00e8re de manipulation des mati\u00e8res dangereuses<\/span>&nbsp;<\/li>\n<\/ul>\n<p><span style=\"font-weight: 400;\">V\u00e9rifiez toujours la l\u00e9gislation locale avant d'acheter.<\/span><\/p>\n<h3><b>Principales caract\u00e9ristiques \u00e0 rechercher lors d'un achat en ligne<\/b><\/h3>\n<ul>\n<li style=\"font-weight: 400;\" aria-level=\"1\"><b>Grades de puret\u00e9 disponibles :<\/b><span style=\"font-weight: 400;\"> Qualit\u00e9s techniques, r\u00e9actives et USP<\/span>&nbsp;<\/li>\n<li style=\"font-weight: 400;\" aria-level=\"1\"><b>Emballage r\u00e9sistant \u00e0 l'humidit\u00e9 :<\/b><span style=\"font-weight: 400;\"> Conteneurs s\u00e9curis\u00e9s et scell\u00e9s pour maintenir la stabilit\u00e9<\/span>&nbsp;<\/li>\n<li style=\"font-weight: 400;\" aria-level=\"1\"><b>\u00c9tiquetage clair et FDS :<\/b><span style=\"font-weight: 400;\"> Inclut la fiche de donn\u00e9es de s\u00e9curit\u00e9 et le certificat d'analyse (CoA)<\/span>&nbsp;<\/li>\n<li style=\"font-weight: 400;\" aria-level=\"1\"><b>Quantit\u00e9s multiples :<\/b><span style=\"font-weight: 400;\"> Disponible en vrac et en petits formats pour utilisation en laboratoire<\/span>&nbsp;<\/li>\n<\/ul>\n<h3><b>Consid\u00e9rations juridiques et r\u00e9glementaires<\/b><\/h3>\n<ul>\n<li style=\"font-weight: 400;\" aria-level=\"1\"><b>Limites de concentration :<\/b><span style=\"font-weight: 400;\"> Certaines concentrations peuvent \u00eatre class\u00e9es comme dangereuses et faire l'objet de restrictions pour l'utilisation par les consommateurs.<\/span>&nbsp;<\/li>\n<li style=\"font-weight: 400;\" aria-level=\"1\"><b>Octroi de licences :<\/b><span style=\"font-weight: 400;\"> L'achat peut \u00eatre subordonn\u00e9 \u00e0 la pr\u00e9sentation d'une documentation appropri\u00e9e ou \u00e0 une v\u00e9rification commerciale.<\/span>&nbsp;<\/li>\n<li style=\"font-weight: 400;\" aria-level=\"1\"><b>R\u00e8glements d'exp\u00e9dition :<\/b><span style=\"font-weight: 400;\"> En raison de ses propri\u00e9t\u00e9s oxydantes, il est souvent class\u00e9 comme mati\u00e8re dangereuse lors du transport et doit \u00eatre transport\u00e9 en cons\u00e9quence.<\/span>&nbsp;<\/li>\n<\/ul>\n<p><span style=\"font-weight: 400;\">Nous respectons toutes les lois nationales et internationales en mati\u00e8re d'exp\u00e9dition et fournissons la documentation n\u00e9cessaire.<\/span><\/p>\n<h3><b>O\u00f9 acheter du permanganate de potassium en ligne<\/b><\/h3>\n<p><span style=\"font-weight: 400;\">Nous travaillons en partenariat avec <\/span><b>des distributeurs de produits chimiques de confiance et des entreprises de fournitures de laboratoire certifi\u00e9es<\/b><span style=\"font-weight: 400;\"> afin de vous garantir un produit de qualit\u00e9 sup\u00e9rieure en toute transparence.<\/span><\/p>\n<p><span style=\"font-weight: 400;\">\u00c0 la recherche du <\/span><b>Meilleur endroit pour acheter Permanganate de potassium<\/b><span style=\"font-weight: 400;\">? Notre plateforme offre :<\/span><\/p>\n<ul>\n<li style=\"font-weight: 400;\" aria-level=\"1\"><span style=\"font-weight: 400;\">Fournisseurs v\u00e9rifi\u00e9s avec des ann\u00e9es de r\u00e9putation<\/span>&nbsp;<\/li>\n<li style=\"font-weight: 400;\" aria-level=\"1\"><span style=\"font-weight: 400;\">Des d\u00e9tails transparents sur les produits et les niveaux de puret\u00e9<\/span>&nbsp;<\/li>\n<li style=\"font-weight: 400;\" aria-level=\"1\"><span style=\"font-weight: 400;\">Soutien en temps r\u00e9el pour les acheteurs commerciaux ou universitaires<\/span>&nbsp;<\/li>\n<li style=\"font-weight: 400;\" aria-level=\"1\"><span style=\"font-weight: 400;\">Livraison s\u00fbre et conforme dans plusieurs r\u00e9gions<\/span>&nbsp;<\/li>\n<\/ul>\n<h3><b>Permanganate de potassium \u00e0 vendre - Acheter maintenant<\/b><\/h3>\n<p><span style=\"font-weight: 400;\">Nous proposons <\/span><b>Permanganate de potassium \u00e0 vendre<\/b><span style=\"font-weight: 400;\"> \u00e0 des prix comp\u00e9titifs, en mettant l'accent sur la puret\u00e9, la s\u00e9curit\u00e9 et le service. Que vous commandiez en petites quantit\u00e9s pour un usage en laboratoire ou en vrac pour des op\u00e9rations industrielles, nous garantissons la qualit\u00e9 et la conformit\u00e9 \u00e0 chaque fois.<\/span><\/p>\n<p><span style=\"font-weight: 400;\">Pr\u00eat \u00e0 effectuer un achat s\u00e9curis\u00e9 ? <\/span><b>Commander du permanganate de potassium en ligne<\/b><span style=\"font-weight: 400;\"> aujourd'hui et en b\u00e9n\u00e9ficier :<\/span><\/p>\n<ul>\n<li style=\"font-weight: 400;\" aria-level=\"1\"><b>Haute puret\u00e9<\/b>&nbsp;<\/li>\n<li style=\"font-weight: 400;\" aria-level=\"1\"><b>Permanganate de potassium bon march\u00e9<\/b><span style=\"font-weight: 400;\"> sans compromis sur la qualit\u00e9<\/span>&nbsp;<\/li>\n<li style=\"font-weight: 400;\" aria-level=\"1\"><b>Support et documentation d'experts<\/b>&nbsp;<\/li>\n<\/ul>\n<p><b>Acheter Permanganate de potassium en ligne en toute confiance<\/b><span style=\"font-weight: 400;\">-Les professionnels du traitement de l'eau, de la science et de l'industrie du monde entier lui font confiance.<\/span><\/p>","protected":false},"excerpt":{"rendered":"<p>Le permanganate de potassium (KMnO\u2084) est un compos\u00e9 cristallin violet fonc\u00e9 \u00e0 noir couramment utilis\u00e9 dans diverses applications en raison de ses fortes propri\u00e9t\u00e9s oxydantes. Il est soluble dans l'eau et a une couleur pourpre fonc\u00e9 caract\u00e9ristique.<\/p>\n<ul>\n<li><strong>Formule chimique<\/strong>: KMnO\u2084<\/li>\n<li><strong>Apparence<\/strong>: Cristaux ou granules violet fonc\u00e9<\/li>\n<li><strong>Masse molaire<\/strong>: 158,034 g\/mol<\/li>\n<li><strong>Solubilit\u00e9<\/strong>: Soluble dans l'eau<\/li>\n<li><strong>Agent oxydant<\/strong>: Tr\u00e8s r\u00e9actif, en particulier dans des conditions acides<\/li>\n<\/ul>\n<p>&nbsp;<\/p>","protected":false},"featured_media":1354,"comment_status":"open","ping_status":"closed","template":"","meta":{"_kadence_starter_templates_imported_post":false,"_kad_post_transparent":"default","_kad_post_title":"","_kad_post_layout":"default","_kad_post_sidebar_id":"","_kad_post_content_style":"default","_kad_post_vertical_padding":"default","_kad_post_feature":"","_kad_post_feature_position":"","_kad_post_header":false,"_kad_post_footer":false,"_joinchat":[]},"product_brand":[],"product_cat":[127],"product_tag":[388,389,390,391,392,393,394,395,396,397,398,399],"class_list":{"0":"post-1264","1":"product","2":"type-product","3":"status-publish","4":"has-post-thumbnail","6":"product_cat-water-treatment-and-disinfection","7":"product_tag-bulk-potassium-permanganate-supplier","8":"product_tag-buy-potassium-permanganate-in-bulk","9":"product_tag-cas-7722-64-7-supplier","10":"product_tag-high-purity-potassium-permanganate-supplier","11":"product_tag-industrial-grade-potassium-permanganate","12":"product_tag-potassium-permanganate-99-purity","13":"product_tag-potassium-permanganate-cas-7722-64-7","14":"product_tag-potassium-permanganate-chemical-for-sale","15":"product_tag-potassium-permanganate-for-industrial-use","16":"product_tag-potassium-permanganate-for-water-treatment","17":"product_tag-potassium-permanganate-price-per-kg","18":"product_tag-potassium-permanganate-wholesale-distributor","20":"first","21":"instock","22":"shipping-taxable","23":"product-type-simple","24":"entry","25":"content-bg","26":"loop-entry"},"yoast_head":"<!-- This site is optimized with the Yoast SEO plugin v25.6 - https:\/\/yoast.com\/wordpress\/plugins\/seo\/ -->\n<title>Buy Potassium Permanganate Online - Potassium Permanganate<\/title>\n<meta name=\"description\" content=\"Looking for high-quality potassium permanganate for sale online, subszone is a leading store where you can buy potassium permanganate online at the best price. Order Now with Discreet Shipping!\" \/>\n<meta name=\"robots\" content=\"index, follow, max-snippet:-1, max-image-preview:large, max-video-preview:-1\" \/>\n<link rel=\"canonical\" href=\"https:\/\/subszone.com\/fr\/product\/permanganate-de-potassium\/\" \/>\n<meta property=\"og:locale\" content=\"fr_FR\" \/>\n<meta property=\"og:type\" content=\"article\" \/>\n<meta property=\"og:title\" content=\"Buy Potassium Permanganate Online - Potassium Permanganate\" \/>\n<meta property=\"og:description\" content=\"Looking for high-quality potassium permanganate for sale online, subszone is a leading store where you can buy potassium permanganate online at the best price. Order Now with Discreet Shipping!\" \/>\n<meta property=\"og:url\" content=\"https:\/\/subszone.com\/fr\/product\/permanganate-de-potassium\/\" \/>\n<meta property=\"og:site_name\" content=\"SubsZone\" \/>\n<meta property=\"article:modified_time\" content=\"2025-06-04T07:25:53+00:00\" \/>\n<meta property=\"og:image\" content=\"https:\/\/subszone.com\/wp-content\/uploads\/2024\/10\/918fe6f2-ca8c-4fa7-922f-d1a5718accc8.webp\" \/>\n\t<meta property=\"og:image:width\" content=\"1024\" \/>\n\t<meta property=\"og:image:height\" content=\"1024\" \/>\n\t<meta property=\"og:image:type\" content=\"image\/webp\" \/>\n<meta name=\"twitter:card\" content=\"summary_large_image\" \/>\n<meta name=\"twitter:label1\" content=\"Dur\u00e9e de lecture estim\u00e9e\" \/>\n\t<meta name=\"twitter:data1\" content=\"3 minutes\" \/>\n<script type=\"application\/ld+json\" class=\"yoast-schema-graph\">{\"@context\":\"https:\/\/schema.org\",\"@graph\":[{\"@type\":\"WebPage\",\"@id\":\"https:\/\/subszone.com\/product\/potassium-permanganate\/\",\"url\":\"https:\/\/subszone.com\/product\/potassium-permanganate\/\",\"name\":\"Buy Potassium Permanganate Online - Potassium Permanganate\",\"isPartOf\":{\"@id\":\"https:\/\/subszone.com\/#website\"},\"primaryImageOfPage\":{\"@id\":\"https:\/\/subszone.com\/product\/potassium-permanganate\/#primaryimage\"},\"image\":{\"@id\":\"https:\/\/subszone.com\/product\/potassium-permanganate\/#primaryimage\"},\"thumbnailUrl\":\"https:\/\/subszone.com\/wp-content\/uploads\/2024\/10\/918fe6f2-ca8c-4fa7-922f-d1a5718accc8.webp\",\"datePublished\":\"2024-10-24T07:49:49+00:00\",\"dateModified\":\"2025-06-04T07:25:53+00:00\",\"description\":\"Looking for high-quality potassium permanganate for sale online, subszone is a leading store where you can buy potassium permanganate online at the best price. Order Now with Discreet Shipping!\",\"breadcrumb\":{\"@id\":\"https:\/\/subszone.com\/product\/potassium-permanganate\/#breadcrumb\"},\"inLanguage\":\"fr-FR\",\"potentialAction\":[{\"@type\":\"ReadAction\",\"target\":[\"https:\/\/subszone.com\/product\/potassium-permanganate\/\"]}]},{\"@type\":\"ImageObject\",\"inLanguage\":\"fr-FR\",\"@id\":\"https:\/\/subszone.com\/product\/potassium-permanganate\/#primaryimage\",\"url\":\"https:\/\/subszone.com\/wp-content\/uploads\/2024\/10\/918fe6f2-ca8c-4fa7-922f-d1a5718accc8.webp\",\"contentUrl\":\"https:\/\/subszone.com\/wp-content\/uploads\/2024\/10\/918fe6f2-ca8c-4fa7-922f-d1a5718accc8.webp\",\"width\":1024,\"height\":1024,\"caption\":\"Buy Potassium Permanganate Online\"},{\"@type\":\"BreadcrumbList\",\"@id\":\"https:\/\/subszone.com\/product\/potassium-permanganate\/#breadcrumb\",\"itemListElement\":[{\"@type\":\"ListItem\",\"position\":1,\"name\":\"Home\",\"item\":\"https:\/\/subszone.com\/\"},{\"@type\":\"ListItem\",\"position\":2,\"name\":\"Shop\",\"item\":\"https:\/\/subszone.com\/shop\/\"},{\"@type\":\"ListItem\",\"position\":3,\"name\":\"Buy Potassium Permanganate Online\"}]},{\"@type\":\"WebSite\",\"@id\":\"https:\/\/subszone.com\/#website\",\"url\":\"https:\/\/subszone.com\/\",\"name\":\"SubsZone\",\"description\":\"My WordPress Blog\",\"publisher\":{\"@id\":\"https:\/\/subszone.com\/#organization\"},\"potentialAction\":[{\"@type\":\"SearchAction\",\"target\":{\"@type\":\"EntryPoint\",\"urlTemplate\":\"https:\/\/subszone.com\/?s={search_term_string}\"},\"query-input\":{\"@type\":\"PropertyValueSpecification\",\"valueRequired\":true,\"valueName\":\"search_term_string\"}}],\"inLanguage\":\"fr-FR\"},{\"@type\":\"Organization\",\"@id\":\"https:\/\/subszone.com\/#organization\",\"name\":\"SubsZone\",\"url\":\"https:\/\/subszone.com\/\",\"logo\":{\"@type\":\"ImageObject\",\"inLanguage\":\"fr-FR\",\"@id\":\"https:\/\/subszone.com\/#\/schema\/logo\/image\/\",\"url\":\"https:\/\/subszone.com\/wp-content\/uploads\/2024\/10\/logo.png\",\"contentUrl\":\"https:\/\/subszone.com\/wp-content\/uploads\/2024\/10\/logo.png\",\"width\":193,\"height\":50,\"caption\":\"SubsZone\"},\"image\":{\"@id\":\"https:\/\/subszone.com\/#\/schema\/logo\/image\/\"}}]}<\/script>\n<!-- \/ Yoast SEO plugin. -->","yoast_head_json":{"title":"Acheter du Permanganate de Potassium en ligne - Permanganate de Potassium","description":"Vous cherchez du permanganate de potassium de haute qualit\u00e9 \u00e0 vendre en ligne, subszone est un magasin leader o\u00f9 vous pouvez acheter du permanganate de potassium en ligne au meilleur prix. Commandez maintenant avec une livraison discr\u00e8te !","robots":{"index":"index","follow":"follow","max-snippet":"max-snippet:-1","max-image-preview":"max-image-preview:large","max-video-preview":"max-video-preview:-1"},"canonical":"https:\/\/subszone.com\/fr\/product\/permanganate-de-potassium\/","og_locale":"fr_FR","og_type":"article","og_title":"Buy Potassium Permanganate Online - Potassium Permanganate","og_description":"Looking for high-quality potassium permanganate for sale online, subszone is a leading store where you can buy potassium permanganate online at the best price. Order Now with Discreet Shipping!","og_url":"https:\/\/subszone.com\/fr\/product\/permanganate-de-potassium\/","og_site_name":"SubsZone","article_modified_time":"2025-06-04T07:25:53+00:00","og_image":[{"width":1024,"height":1024,"url":"https:\/\/subszone.com\/wp-content\/uploads\/2024\/10\/918fe6f2-ca8c-4fa7-922f-d1a5718accc8.webp","type":"image\/webp"}],"twitter_card":"summary_large_image","twitter_misc":{"Dur\u00e9e de lecture estim\u00e9e":"3 minutes"},"schema":{"@context":"https:\/\/schema.org","@graph":[{"@type":"WebPage","@id":"https:\/\/subszone.com\/product\/potassium-permanganate\/","url":"https:\/\/subszone.com\/product\/potassium-permanganate\/","name":"Acheter du Permanganate de Potassium en ligne - Permanganate de Potassium","isPartOf":{"@id":"https:\/\/subszone.com\/#website"},"primaryImageOfPage":{"@id":"https:\/\/subszone.com\/product\/potassium-permanganate\/#primaryimage"},"image":{"@id":"https:\/\/subszone.com\/product\/potassium-permanganate\/#primaryimage"},"thumbnailUrl":"https:\/\/subszone.com\/wp-content\/uploads\/2024\/10\/918fe6f2-ca8c-4fa7-922f-d1a5718accc8.webp","datePublished":"2024-10-24T07:49:49+00:00","dateModified":"2025-06-04T07:25:53+00:00","description":"Vous cherchez du permanganate de potassium de haute qualit\u00e9 \u00e0 vendre en ligne, subszone est un magasin leader o\u00f9 vous pouvez acheter du permanganate de potassium en ligne au meilleur prix. Commandez maintenant avec une livraison discr\u00e8te !","breadcrumb":{"@id":"https:\/\/subszone.com\/product\/potassium-permanganate\/#breadcrumb"},"inLanguage":"fr-FR","potentialAction":[{"@type":"ReadAction","target":["https:\/\/subszone.com\/product\/potassium-permanganate\/"]}]},{"@type":"ImageObject","inLanguage":"fr-FR","@id":"https:\/\/subszone.com\/product\/potassium-permanganate\/#primaryimage","url":"https:\/\/subszone.com\/wp-content\/uploads\/2024\/10\/918fe6f2-ca8c-4fa7-922f-d1a5718accc8.webp","contentUrl":"https:\/\/subszone.com\/wp-content\/uploads\/2024\/10\/918fe6f2-ca8c-4fa7-922f-d1a5718accc8.webp","width":1024,"height":1024,"caption":"Buy Potassium Permanganate Online"},{"@type":"BreadcrumbList","@id":"https:\/\/subszone.com\/product\/potassium-permanganate\/#breadcrumb","itemListElement":[{"@type":"ListItem","position":1,"name":"Home","item":"https:\/\/subszone.com\/"},{"@type":"ListItem","position":2,"name":"Shop","item":"https:\/\/subszone.com\/shop\/"},{"@type":"ListItem","position":3,"name":"Buy Potassium Permanganate Online"}]},{"@type":"WebSite","@id":"https:\/\/subszone.com\/#website","url":"https:\/\/subszone.com\/","name":"SubsZone","description":"Mon blog WordPress","publisher":{"@id":"https:\/\/subszone.com\/#organization"},"potentialAction":[{"@type":"SearchAction","target":{"@type":"EntryPoint","urlTemplate":"https:\/\/subszone.com\/?s={search_term_string}"},"query-input":{"@type":"PropertyValueSpecification","valueRequired":true,"valueName":"search_term_string"}}],"inLanguage":"fr-FR"},{"@type":"Organization","@id":"https:\/\/subszone.com\/#organization","name":"SubsZone","url":"https:\/\/subszone.com\/","logo":{"@type":"ImageObject","inLanguage":"fr-FR","@id":"https:\/\/subszone.com\/#\/schema\/logo\/image\/","url":"https:\/\/subszone.com\/wp-content\/uploads\/2024\/10\/logo.png","contentUrl":"https:\/\/subszone.com\/wp-content\/uploads\/2024\/10\/logo.png","width":193,"height":50,"caption":"SubsZone"},"image":{"@id":"https:\/\/subszone.com\/#\/schema\/logo\/image\/"}}]}},"_links":{"self":[{"href":"https:\/\/subszone.com\/fr\/wp-json\/wp\/v2\/product\/1264","targetHints":{"allow":["GET"]}}],"collection":[{"href":"https:\/\/subszone.com\/fr\/wp-json\/wp\/v2\/product"}],"about":[{"href":"https:\/\/subszone.com\/fr\/wp-json\/wp\/v2\/types\/product"}],"replies":[{"embeddable":true,"href":"https:\/\/subszone.com\/fr\/wp-json\/wp\/v2\/comments?post=1264"}],"wp:featuredmedia":[{"embeddable":true,"href":"https:\/\/subszone.com\/fr\/wp-json\/wp\/v2\/media\/1354"}],"wp:attachment":[{"href":"https:\/\/subszone.com\/fr\/wp-json\/wp\/v2\/media?parent=1264"}],"wp:term":[{"taxonomy":"product_brand","embeddable":true,"href":"https:\/\/subszone.com\/fr\/wp-json\/wp\/v2\/product_brand?post=1264"},{"taxonomy":"product_cat","embeddable":true,"href":"https:\/\/subszone.com\/fr\/wp-json\/wp\/v2\/product_cat?post=1264"},{"taxonomy":"product_tag","embeddable":true,"href":"https:\/\/subszone.com\/fr\/wp-json\/wp\/v2\/product_tag?post=1264"}],"curies":[{"name":"wp","href":"https:\/\/api.w.org\/{rel}","templated":true}]}}