{"id":1292,"date":"2024-10-24T08:32:24","date_gmt":"2024-10-24T08:32:24","guid":{"rendered":"https:\/\/subszone.com\/?post_type=product&#038;p=1292"},"modified":"2025-06-06T10:43:41","modified_gmt":"2025-06-06T10:43:41","slug":"chlorure-de-thionyle","status":"publish","type":"product","link":"https:\/\/subszone.com\/fr\/product\/chlorure-de-thionyle\/","title":{"rendered":"Acheter du chlorure de thionyle en ligne"},"content":{"rendered":"<h3><b>Buy Thionyl Chloride Online - Premium Quality, Competitive Prices, Reliable Shipping<\/b><\/h3>\n<p><span style=\"font-weight: 400;\">Si vous cherchez \u00e0 <\/span><b>acheter Chlorure de Thionyle en ligne<\/b><span style=\"font-weight: 400;\">vous \u00eates au bon endroit. Notre chlorure de thionyle de haute puret\u00e9 offre des performances in\u00e9gal\u00e9es pour la synth\u00e8se pharmaceutique, la fabrication de produits chimiques et les applications de laboratoire. Con\u00e7u pour r\u00e9pondre aux normes rigoureuses de l'industrie, ce r\u00e9actif polyvalent est essentiel pour les professionnels qui exigent fiabilit\u00e9 et s\u00e9curit\u00e9.<\/span><\/p>\n<h4><b>Qu'est-ce que le chlorure de thionyle ?<\/b><\/h4>\n<p><span style=\"font-weight: 400;\"><a href=\"https:\/\/subszone.com\/fr\/product\/chlorure-de-thionyle\/\">Chlorure de thionyle (SOCl\u2082)<\/a> est un compos\u00e9 chimique r\u00e9actif largement utilis\u00e9 comme agent de chloration et r\u00e9actif dans la synth\u00e8se organique. Sa capacit\u00e9 unique \u00e0 convertir les acides carboxyliques en chlorures d'acide et \u00e0 faciliter d'autres transformations chimiques lui conf\u00e8re une valeur inestimable dans la production de produits pharmaceutiques, agrochimiques et de sp\u00e9cialit\u00e9s chimiques.<\/span><\/p>\n<h4><b>Pourquoi la qualit\u00e9 est-elle importante lors de l'achat de chlorure de thionyle ?<\/b><\/h4>\n<p><span style=\"font-weight: 400;\">L'utilisation de chlorure de thionyle de haute qualit\u00e9 est cruciale pour garantir l'efficacit\u00e9 de la r\u00e9action, minimiser les impuret\u00e9s et maintenir la s\u00e9curit\u00e9. Notre produit est soumis \u00e0 un contr\u00f4le de qualit\u00e9 strict, appuy\u00e9 par des fiches techniques d\u00e9taill\u00e9es et des certifications, afin que vous puissiez l'acheter en toute confiance.<\/span><\/p>\n<h4><b>Avantages de l'achat en ligne de chlorure de thionyle<\/b><\/h4>\n<ul>\n<li style=\"font-weight: 400;\" aria-level=\"1\"><b>Acc\u00e8s aux fournisseurs au niveau mondial :<\/b><span style=\"font-weight: 400;\"> Entrez en contact avec des fabricants et des distributeurs v\u00e9rifi\u00e9s dans le monde entier, sans restrictions g\u00e9ographiques.<\/span><span style=\"font-weight: 400;\">\n<p><\/span><\/li>\n<li style=\"font-weight: 400;\" aria-level=\"1\"><b>Vari\u00e9t\u00e9 de qualit\u00e9s et d'emballages :<\/b><span style=\"font-weight: 400;\"> S\u00e9lectionnez la concentration et la taille d'emballage qui correspondent le mieux \u00e0 vos besoins, des petits flacons de laboratoire aux quantit\u00e9s industrielles en vrac.<\/span><span style=\"font-weight: 400;\">\n<p><\/span><\/li>\n<li style=\"font-weight: 400;\" aria-level=\"1\"><b>Transparence des prix et remises globales :<\/b><span style=\"font-weight: 400;\"> B\u00e9n\u00e9ficier de prix comp\u00e9titifs et d'offres sp\u00e9ciales pour les commandes importantes, en garantissant l'acc\u00e8s \u00e0 l'information et \u00e0 la formation. <\/span><b>Chlorure de thionyle pas cher<\/b><span style=\"font-weight: 400;\"> sans compromettre la qualit\u00e9.<\/span><span style=\"font-weight: 400;\">\n<p><\/span><\/li>\n<li style=\"font-weight: 400;\" aria-level=\"1\"><b>Informations compl\u00e8tes sur les produits :<\/b><span style=\"font-weight: 400;\"> Acc\u00e9dez aux sp\u00e9cifications compl\u00e8tes des produits, aux fiches de donn\u00e9es de s\u00e9curit\u00e9 (FDS) et aux commentaires des clients pour faire un choix \u00e9clair\u00e9.<\/span><span style=\"font-weight: 400;\">\n<p><\/span><\/li>\n<\/ul>\n<h4><b>S'assurer de la qualit\u00e9 du produit avant l'achat<\/b><\/h4>\n<p><span style=\"font-weight: 400;\">Avant de vous <\/span><b>Commander du chlorure de thionyle en ligne<\/b><span style=\"font-weight: 400;\">V\u00e9rifiez la fiche technique pour conna\u00eetre les niveaux de puret\u00e9 et les propri\u00e9t\u00e9s chimiques. Recherchez les certifications qui garantissent la conformit\u00e9 aux normes de l'industrie, ce qui vous assure un produit coh\u00e9rent et efficace.<\/span><\/p>\n<h4><b>Transactions s\u00fbres et conformes<\/b><\/h4>\n<p><span style=\"font-weight: 400;\">Le chlorure de thionyle est class\u00e9 comme une mati\u00e8re dangereuse, et son transport est donc strictement r\u00e9glement\u00e9. Nos fournisseurs de confiance respectent toutes les exigences l\u00e9gales, y compris l'emballage, l'\u00e9tiquetage et la documentation appropri\u00e9s, et se conforment aux lois sur l'importation et l'exportation. Cela garantit que votre commande arrive \u00e0 temps et en toute s\u00e9curit\u00e9, avec tous les permis n\u00e9cessaires.<\/span><\/p>\n<h3><b>Best Place to Buy Thionyl Chloride Online<\/b><\/h3>\n<p><span style=\"font-weight: 400;\">Trouver le <\/span><b>Meilleur endroit pour acheter du chlorure de thionyle<\/b><span style=\"font-weight: 400;\"> c'est choisir une plateforme qui offre des produits de haute qualit\u00e9, des prix comp\u00e9titifs et une livraison fiable. Notre r\u00e9seau de fournisseurs certifi\u00e9s permet d'acheter en toute transparence, en toute s\u00e9curit\u00e9 et sans souci.<\/span><\/p>\n<p><span style=\"font-weight: 400;\">Pr\u00eat \u00e0 <\/span><a href=\"https:\/\/en.wikipedia.org\/wiki\/Thionyl_chloride\"><b>acheter Chlorure de Thionyle en ligne<\/b><\/a><span style=\"font-weight: 400;\">? Explorez notre s\u00e9lection d\u00e8s maintenant et profitez de la combinaison parfaite de qualit\u00e9, de valeur et de service.<\/span><\/p>","protected":false},"excerpt":{"rendered":"<p><strong>Formule lin\u00e9aire : SOCl2<\/strong><br \/>\n<strong>Num\u00e9ro CAS : 7719-09-7<\/strong><br \/>\n<strong>Poids mol\u00e9culaire : 118,97<\/strong><br \/>\n<strong>N\u00b0 CE : 231-748-8<\/strong><br \/>\n<strong>Beilstein No.:1209273<\/strong><\/p>","protected":false},"featured_media":1379,"comment_status":"open","ping_status":"closed","template":"","meta":{"_kadence_starter_templates_imported_post":false,"_kad_post_transparent":"default","_kad_post_title":"","_kad_post_layout":"default","_kad_post_sidebar_id":"","_kad_post_content_style":"default","_kad_post_vertical_padding":"default","_kad_post_feature":"","_kad_post_feature_position":"","_kad_post_header":false,"_kad_post_footer":false,"_joinchat":[]},"product_brand":[],"product_cat":[126],"product_tag":[],"class_list":{"0":"post-1292","1":"product","2":"type-product","3":"status-publish","4":"has-post-thumbnail","6":"product_cat-environmental-and-health-hazards","8":"first","9":"instock","10":"shipping-taxable","11":"product-type-simple","12":"entry","13":"content-bg","14":"loop-entry"},"yoast_head":"<!-- This site is optimized with the Yoast SEO plugin v25.6 - https:\/\/yoast.com\/wordpress\/plugins\/seo\/ -->\n<title>Buy thionyl chloride Online - thionyl chloride for Sale<\/title>\n<meta name=\"description\" content=\"If you wish to buy thionyl chloride online so our subszone store can help. We have thionyl chloride for sale at the best rates here. Place your order now!\" \/>\n<meta name=\"robots\" content=\"index, follow, max-snippet:-1, max-image-preview:large, max-video-preview:-1\" \/>\n<link rel=\"canonical\" href=\"https:\/\/subszone.com\/fr\/product\/chlorure-de-thionyle\/\" \/>\n<meta property=\"og:locale\" content=\"fr_FR\" \/>\n<meta property=\"og:type\" content=\"article\" \/>\n<meta property=\"og:title\" content=\"Buy thionyl chloride Online - thionyl chloride for Sale\" \/>\n<meta property=\"og:description\" content=\"If you wish to buy thionyl chloride online so our subszone store can help. We have thionyl chloride for sale at the best rates here. Place your order now!\" \/>\n<meta property=\"og:url\" content=\"https:\/\/subszone.com\/fr\/product\/chlorure-de-thionyle\/\" \/>\n<meta property=\"og:site_name\" content=\"SubsZone\" \/>\n<meta property=\"article:modified_time\" content=\"2025-06-06T10:43:41+00:00\" \/>\n<meta property=\"og:image\" content=\"https:\/\/subszone.com\/wp-content\/uploads\/2024\/10\/Thionyl-Chloride-2-1.gif\" \/>\n\t<meta property=\"og:image:width\" content=\"600\" \/>\n\t<meta property=\"og:image:height\" content=\"600\" \/>\n\t<meta property=\"og:image:type\" content=\"image\/gif\" \/>\n<meta name=\"twitter:card\" content=\"summary_large_image\" \/>\n<meta name=\"twitter:label1\" content=\"Dur\u00e9e de lecture estim\u00e9e\" \/>\n\t<meta name=\"twitter:data1\" content=\"2 minutes\" \/>\n<script type=\"application\/ld+json\" class=\"yoast-schema-graph\">{\"@context\":\"https:\/\/schema.org\",\"@graph\":[{\"@type\":\"WebPage\",\"@id\":\"https:\/\/subszone.com\/product\/thionyl-chloride\/\",\"url\":\"https:\/\/subszone.com\/product\/thionyl-chloride\/\",\"name\":\"Buy thionyl chloride Online - thionyl chloride for Sale\",\"isPartOf\":{\"@id\":\"https:\/\/subszone.com\/#website\"},\"primaryImageOfPage\":{\"@id\":\"https:\/\/subszone.com\/product\/thionyl-chloride\/#primaryimage\"},\"image\":{\"@id\":\"https:\/\/subszone.com\/product\/thionyl-chloride\/#primaryimage\"},\"thumbnailUrl\":\"https:\/\/subszone.com\/wp-content\/uploads\/2024\/10\/Thionyl-Chloride-2-1.gif\",\"datePublished\":\"2024-10-24T08:32:24+00:00\",\"dateModified\":\"2025-06-06T10:43:41+00:00\",\"description\":\"If you wish to buy thionyl chloride online so our subszone store can help. We have thionyl chloride for sale at the best rates here. Place your order now!\",\"breadcrumb\":{\"@id\":\"https:\/\/subszone.com\/product\/thionyl-chloride\/#breadcrumb\"},\"inLanguage\":\"fr-FR\",\"potentialAction\":[{\"@type\":\"ReadAction\",\"target\":[\"https:\/\/subszone.com\/product\/thionyl-chloride\/\"]}]},{\"@type\":\"ImageObject\",\"inLanguage\":\"fr-FR\",\"@id\":\"https:\/\/subszone.com\/product\/thionyl-chloride\/#primaryimage\",\"url\":\"https:\/\/subszone.com\/wp-content\/uploads\/2024\/10\/Thionyl-Chloride-2-1.gif\",\"contentUrl\":\"https:\/\/subszone.com\/wp-content\/uploads\/2024\/10\/Thionyl-Chloride-2-1.gif\",\"width\":600,\"height\":600,\"caption\":\"Buy Thionyl Chloride online\"},{\"@type\":\"BreadcrumbList\",\"@id\":\"https:\/\/subszone.com\/product\/thionyl-chloride\/#breadcrumb\",\"itemListElement\":[{\"@type\":\"ListItem\",\"position\":1,\"name\":\"Home\",\"item\":\"https:\/\/subszone.com\/\"},{\"@type\":\"ListItem\",\"position\":2,\"name\":\"Shop\",\"item\":\"https:\/\/subszone.com\/shop\/\"},{\"@type\":\"ListItem\",\"position\":3,\"name\":\"Buy Thionyl Chloride Online\"}]},{\"@type\":\"WebSite\",\"@id\":\"https:\/\/subszone.com\/#website\",\"url\":\"https:\/\/subszone.com\/\",\"name\":\"SubsZone\",\"description\":\"My WordPress Blog\",\"publisher\":{\"@id\":\"https:\/\/subszone.com\/#organization\"},\"potentialAction\":[{\"@type\":\"SearchAction\",\"target\":{\"@type\":\"EntryPoint\",\"urlTemplate\":\"https:\/\/subszone.com\/?s={search_term_string}\"},\"query-input\":{\"@type\":\"PropertyValueSpecification\",\"valueRequired\":true,\"valueName\":\"search_term_string\"}}],\"inLanguage\":\"fr-FR\"},{\"@type\":\"Organization\",\"@id\":\"https:\/\/subszone.com\/#organization\",\"name\":\"SubsZone\",\"url\":\"https:\/\/subszone.com\/\",\"logo\":{\"@type\":\"ImageObject\",\"inLanguage\":\"fr-FR\",\"@id\":\"https:\/\/subszone.com\/#\/schema\/logo\/image\/\",\"url\":\"https:\/\/subszone.com\/wp-content\/uploads\/2024\/10\/logo.png\",\"contentUrl\":\"https:\/\/subszone.com\/wp-content\/uploads\/2024\/10\/logo.png\",\"width\":193,\"height\":50,\"caption\":\"SubsZone\"},\"image\":{\"@id\":\"https:\/\/subszone.com\/#\/schema\/logo\/image\/\"}}]}<\/script>\n<!-- \/ Yoast SEO plugin. -->","yoast_head_json":{"title":"Acheter chlorure de thionyle en ligne - thionyl chloride for Sale","description":"Si vous souhaitez acheter du chlorure de thionyle en ligne, notre magasin subszone peut vous aider. Nous avons du chlorure de thionyle en vente aux meilleurs prix. Passez votre commande d\u00e8s maintenant !","robots":{"index":"index","follow":"follow","max-snippet":"max-snippet:-1","max-image-preview":"max-image-preview:large","max-video-preview":"max-video-preview:-1"},"canonical":"https:\/\/subszone.com\/fr\/product\/chlorure-de-thionyle\/","og_locale":"fr_FR","og_type":"article","og_title":"Buy thionyl chloride Online - thionyl chloride for Sale","og_description":"If you wish to buy thionyl chloride online so our subszone store can help. We have thionyl chloride for sale at the best rates here. Place your order now!","og_url":"https:\/\/subszone.com\/fr\/product\/chlorure-de-thionyle\/","og_site_name":"SubsZone","article_modified_time":"2025-06-06T10:43:41+00:00","og_image":[{"width":600,"height":600,"url":"https:\/\/subszone.com\/wp-content\/uploads\/2024\/10\/Thionyl-Chloride-2-1.gif","type":"image\/gif"}],"twitter_card":"summary_large_image","twitter_misc":{"Dur\u00e9e de lecture estim\u00e9e":"2 minutes"},"schema":{"@context":"https:\/\/schema.org","@graph":[{"@type":"WebPage","@id":"https:\/\/subszone.com\/product\/thionyl-chloride\/","url":"https:\/\/subszone.com\/product\/thionyl-chloride\/","name":"Acheter chlorure de thionyle en ligne - thionyl chloride for Sale","isPartOf":{"@id":"https:\/\/subszone.com\/#website"},"primaryImageOfPage":{"@id":"https:\/\/subszone.com\/product\/thionyl-chloride\/#primaryimage"},"image":{"@id":"https:\/\/subszone.com\/product\/thionyl-chloride\/#primaryimage"},"thumbnailUrl":"https:\/\/subszone.com\/wp-content\/uploads\/2024\/10\/Thionyl-Chloride-2-1.gif","datePublished":"2024-10-24T08:32:24+00:00","dateModified":"2025-06-06T10:43:41+00:00","description":"Si vous souhaitez acheter du chlorure de thionyle en ligne, notre magasin subszone peut vous aider. Nous avons du chlorure de thionyle en vente aux meilleurs prix. Passez votre commande d\u00e8s maintenant !","breadcrumb":{"@id":"https:\/\/subszone.com\/product\/thionyl-chloride\/#breadcrumb"},"inLanguage":"fr-FR","potentialAction":[{"@type":"ReadAction","target":["https:\/\/subszone.com\/product\/thionyl-chloride\/"]}]},{"@type":"ImageObject","inLanguage":"fr-FR","@id":"https:\/\/subszone.com\/product\/thionyl-chloride\/#primaryimage","url":"https:\/\/subszone.com\/wp-content\/uploads\/2024\/10\/Thionyl-Chloride-2-1.gif","contentUrl":"https:\/\/subszone.com\/wp-content\/uploads\/2024\/10\/Thionyl-Chloride-2-1.gif","width":600,"height":600,"caption":"Buy Thionyl Chloride online"},{"@type":"BreadcrumbList","@id":"https:\/\/subszone.com\/product\/thionyl-chloride\/#breadcrumb","itemListElement":[{"@type":"ListItem","position":1,"name":"Home","item":"https:\/\/subszone.com\/"},{"@type":"ListItem","position":2,"name":"Shop","item":"https:\/\/subszone.com\/shop\/"},{"@type":"ListItem","position":3,"name":"Buy Thionyl Chloride Online"}]},{"@type":"WebSite","@id":"https:\/\/subszone.com\/#website","url":"https:\/\/subszone.com\/","name":"SubsZone","description":"Mon blog WordPress","publisher":{"@id":"https:\/\/subszone.com\/#organization"},"potentialAction":[{"@type":"SearchAction","target":{"@type":"EntryPoint","urlTemplate":"https:\/\/subszone.com\/?s={search_term_string}"},"query-input":{"@type":"PropertyValueSpecification","valueRequired":true,"valueName":"search_term_string"}}],"inLanguage":"fr-FR"},{"@type":"Organization","@id":"https:\/\/subszone.com\/#organization","name":"SubsZone","url":"https:\/\/subszone.com\/","logo":{"@type":"ImageObject","inLanguage":"fr-FR","@id":"https:\/\/subszone.com\/#\/schema\/logo\/image\/","url":"https:\/\/subszone.com\/wp-content\/uploads\/2024\/10\/logo.png","contentUrl":"https:\/\/subszone.com\/wp-content\/uploads\/2024\/10\/logo.png","width":193,"height":50,"caption":"SubsZone"},"image":{"@id":"https:\/\/subszone.com\/#\/schema\/logo\/image\/"}}]}},"_links":{"self":[{"href":"https:\/\/subszone.com\/fr\/wp-json\/wp\/v2\/product\/1292","targetHints":{"allow":["GET"]}}],"collection":[{"href":"https:\/\/subszone.com\/fr\/wp-json\/wp\/v2\/product"}],"about":[{"href":"https:\/\/subszone.com\/fr\/wp-json\/wp\/v2\/types\/product"}],"replies":[{"embeddable":true,"href":"https:\/\/subszone.com\/fr\/wp-json\/wp\/v2\/comments?post=1292"}],"wp:featuredmedia":[{"embeddable":true,"href":"https:\/\/subszone.com\/fr\/wp-json\/wp\/v2\/media\/1379"}],"wp:attachment":[{"href":"https:\/\/subszone.com\/fr\/wp-json\/wp\/v2\/media?parent=1292"}],"wp:term":[{"taxonomy":"product_brand","embeddable":true,"href":"https:\/\/subszone.com\/fr\/wp-json\/wp\/v2\/product_brand?post=1292"},{"taxonomy":"product_cat","embeddable":true,"href":"https:\/\/subszone.com\/fr\/wp-json\/wp\/v2\/product_cat?post=1292"},{"taxonomy":"product_tag","embeddable":true,"href":"https:\/\/subszone.com\/fr\/wp-json\/wp\/v2\/product_tag?post=1292"}],"curies":[{"name":"wp","href":"https:\/\/api.w.org\/{rel}","templated":true}]}}