{"id":1611,"date":"2024-11-08T04:45:38","date_gmt":"2024-11-08T04:45:38","guid":{"rendered":"https:\/\/subszone.com\/?post_type=product&#038;p=1611"},"modified":"2025-05-31T05:36:44","modified_gmt":"2025-05-31T05:36:44","slug":"formaldehyde-2","status":"publish","type":"product","link":"https:\/\/subszone.com\/fr\/product\/formaldehyde-2\/","title":{"rendered":"Acheter du formald\u00e9hyde en ligne"},"content":{"rendered":"<h2><strong>Haut<a href=\"https:\/\/legitchemicals.com\/de\/produkt\/5cabp-online-kaufen\/\">&#8211;<\/a>Formald\u00e9hyde de qualit\u00e9 pour les applications industrielles, chimiques et de laboratoire <a href=\"https:\/\/subszone.com\/fr\/product\/phosphore-rouge\/\">-<\/a> Subszone<\/strong><\/h2>\n<p><span style=\"font-weight: 400;\">Envisager de <\/span><a href=\"https:\/\/subszone.com\/fr\/product\/formaldehyde-2\/\"><b>acheter du formald\u00e9hyde en ligne<\/b><\/a><span style=\"font-weight: 400;\"> d'une source fiable ? Nos solutions de formald\u00e9hyde de premi\u00e8re qualit\u00e9 sont con\u00e7ues pour r\u00e9pondre aux exigences strictes des applications industrielles, de laboratoire et professionnelles. Qu'il s'agisse de pr\u00e9server des sp\u00e9cimens biologiques, de d\u00e9sinfecter des environnements ou de mener des recherches avanc\u00e9es, notre <\/span><b>formald\u00e9hyde \u00e0 vendre<\/b><span style=\"font-weight: 400;\"> garantit une puret\u00e9, une conformit\u00e9 et une fiabilit\u00e9 exceptionnelles, le tout \u00e0 un prix tr\u00e8s comp\u00e9titif. <\/span><b>prix comp\u00e9titif et abordable<\/b><span style=\"font-weight: 400;\">.<\/span><\/p>\n<h3><b>Qu'est-ce que le formald\u00e9hyde ?<\/b><\/h3>\n<p><span style=\"font-weight: 400;\">Le formald\u00e9hyde est un gaz incolore et inflammable \u00e0 l'odeur forte, g\u00e9n\u00e9ralement disponible sous forme de solution aqueuse (formol). Il est largement utilis\u00e9 pour ses puissantes propri\u00e9t\u00e9s de d\u00e9sinfection, de conservation et de r\u00e9activit\u00e9 chimique. Compos\u00e9 essentiel dans de nombreux secteurs, il joue un r\u00f4le vital dans la fabrication industrielle et dans les laboratoires.<\/span><\/p>\n<h3><b>Applications courantes dans diverses industries<\/b><\/h3>\n<ul>\n<li style=\"font-weight: 400;\" aria-level=\"1\"><b>Laboratoires de biologie m\u00e9dicale<\/b><span style=\"font-weight: 400;\"> - pr\u00e9servation des tissus, pathologie et d\u00e9sinfection<\/span><span style=\"font-weight: 400;\">\n<p><\/span><\/li>\n<li style=\"font-weight: 400;\" aria-level=\"1\"><b>Fabrication de produits chimiques<\/b><span style=\"font-weight: 400;\"> - r\u00e9sines, plastiques et adh\u00e9sifs<\/span><span style=\"font-weight: 400;\">\n<p><\/span><\/li>\n<li style=\"font-weight: 400;\" aria-level=\"1\"><b>Agriculture et m\u00e9decine v\u00e9t\u00e9rinaire<\/b><span style=\"font-weight: 400;\"> - fumigation et assainissement<\/span><span style=\"font-weight: 400;\">\n<p><\/span><\/li>\n<li style=\"font-weight: 400;\" aria-level=\"1\"><b>\u00c9ducation et recherche<\/b><span style=\"font-weight: 400;\"> - stockage des \u00e9chantillons et synth\u00e8se chimique<\/span><span style=\"font-weight: 400;\">\n<p><\/span><\/li>\n<li style=\"font-weight: 400;\" aria-level=\"1\"><b>Transformation du textile et du papier<\/b><span style=\"font-weight: 400;\"> - les processus de renforcement et de traitement<\/span><span style=\"font-weight: 400;\">\n<p><\/span><\/li>\n<\/ul>\n<h3><b>Comprendre les teneurs en formald\u00e9hyde<\/b><\/h3>\n<h4><b>Qualit\u00e9 laboratoire<\/b><\/h4>\n<p><span style=\"font-weight: 400;\">Id\u00e9al pour une utilisation acad\u00e9mique, diagnostique et exp\u00e9rimentale o\u00f9 la pr\u00e9cision et la coh\u00e9rence sont primordiales. Notre formald\u00e9hyde de qualit\u00e9 laboratoire offre une concentration \u226537% avec des contr\u00f4les de qualit\u00e9 rigoureux.<\/span><\/p>\n<h4><b>Qualit\u00e9 industrielle<\/b><\/h4>\n<p><span style=\"font-weight: 400;\">Utilis\u00e9 dans les op\u00e9rations de fabrication et de traitement \u00e0 grande \u00e9chelle. Le formald\u00e9hyde de qualit\u00e9 industrielle est optimis\u00e9 pour la production chimique et les applications structurelles.<\/span><\/p>\n<h4><b>Utilisations commerciales et grand public<\/b><\/h4>\n<p><span style=\"font-weight: 400;\">Des concentrations plus faibles pour un usage commercial sp\u00e9cialis\u00e9, souvent dans des contextes \u00e9troitement r\u00e9glement\u00e9s tels que les d\u00e9sinfectants ou les agents d'embaumement (utilisation sous licence uniquement).<\/span><\/p>\n<h3><b>Consid\u00e9rations juridiques et r\u00e9glementaires<\/b><\/h3>\n<h4><b>Restrictions r\u00e9gionales et licences<\/b><\/h4>\n<p><span style=\"font-weight: 400;\">Le formald\u00e9hyde est une substance r\u00e9glement\u00e9e dans de nombreux pays en raison de sa nature dangereuse. Nous veillons \u00e0 ce que les r\u00e9glementations locales, nationales et internationales soient pleinement respect\u00e9es. <\/span><b>Il peut \u00eatre demand\u00e9 aux clients de fournir les documents ou licences appropri\u00e9s.<\/b><\/p>\n<h4><b>R\u00e9glementation en mati\u00e8re d'exp\u00e9dition et de stockage<\/b><\/h4>\n<p><span style=\"font-weight: 400;\">En tant que mati\u00e8re dangereuse, le formald\u00e9hyde doit \u00eatre exp\u00e9di\u00e9 par des transporteurs certifi\u00e9s. Toutes les commandes sont emball\u00e9es conform\u00e9ment aux protocoles de s\u00e9curit\u00e9 et de conformit\u00e9 afin de garantir une livraison l\u00e9gale et s\u00fbre.<\/span><\/p>\n<h3><b>Risques et informations de s\u00e9curit\u00e9<\/b><\/h3>\n<h4><b>Dangers pour la sant\u00e9 et risques d'exposition<\/b><\/h4>\n<p><span style=\"font-weight: 400;\">Une exposition prolong\u00e9e aux vapeurs de formald\u00e9hyde peut provoquer une irritation des voies respiratoires, une g\u00eane oculaire et des r\u00e9actions allergiques. Toujours utiliser dans un endroit bien ventil\u00e9 ou sous une hotte et \u00e9viter tout contact direct.<\/span><\/p>\n<h4><b>Pratiques ad\u00e9quates de manipulation et de stockage<\/b><\/h4>\n<ul>\n<li style=\"font-weight: 400;\" aria-level=\"1\"><span style=\"font-weight: 400;\">Stocker dans un endroit frais, sec et ventil\u00e9.<\/span><span style=\"font-weight: 400;\">\n<p><\/span><\/li>\n<li style=\"font-weight: 400;\" aria-level=\"1\"><span style=\"font-weight: 400;\">Utiliser les EPI appropri\u00e9s (gants, lunettes, masques)<\/span><span style=\"font-weight: 400;\">\n<p><\/span><\/li>\n<li style=\"font-weight: 400;\" aria-level=\"1\"><span style=\"font-weight: 400;\">\u00c9viter les flammes nues et les sources de chaleur<\/span><span style=\"font-weight: 400;\">\n<p><\/span><\/li>\n<li style=\"font-weight: 400;\" aria-level=\"1\"><span style=\"font-weight: 400;\">\u00c9liminer conform\u00e9ment aux directives locales relatives aux d\u00e9chets dangereux<\/span><span style=\"font-weight: 400;\">\n<p><\/span><\/li>\n<\/ul>\n<h3><b>O\u00f9 acheter du formald\u00e9hyde en ligne<\/b><\/h3>\n<h4><b>\u00c9valuer la cr\u00e9dibilit\u00e9 des fournisseurs<\/b><\/h4>\n<p><span style=\"font-weight: 400;\">Choisissez des fournisseurs avec :<\/span><\/p>\n<ul>\n<li style=\"font-weight: 400;\" aria-level=\"1\"><span style=\"font-weight: 400;\">Avis positifs des clients<\/span><span style=\"font-weight: 400;\">\n<p><\/span><\/li>\n<li style=\"font-weight: 400;\" aria-level=\"1\"><span style=\"font-weight: 400;\">V\u00e9rification de la documentation relative \u00e0 la conformit\u00e9<\/span><span style=\"font-weight: 400;\">\n<p><\/span><\/li>\n<li style=\"font-weight: 400;\" aria-level=\"1\"><span style=\"font-weight: 400;\">Sp\u00e9cifications chimiques transparentes (COA, SDS)<\/span><span style=\"font-weight: 400;\">\n<p><\/span><\/li>\n<\/ul>\n<h4><b>Certifications et assurance qualit\u00e9<\/b><\/h4>\n<p><span style=\"font-weight: 400;\">Nos produits sont les suivants<\/span><\/p>\n<ul>\n<li style=\"font-weight: 400;\" aria-level=\"1\"><span style=\"font-weight: 400;\">Conforme \u00e0 la norme ISO<\/span><span style=\"font-weight: 400;\">\n<p><\/span><\/li>\n<li style=\"font-weight: 400;\" aria-level=\"1\"><span style=\"font-weight: 400;\">Accompagn\u00e9 d'un certificat d'analyse (COA)<\/span><span style=\"font-weight: 400;\">\n<p><\/span><\/li>\n<li style=\"font-weight: 400;\" aria-level=\"1\"><span style=\"font-weight: 400;\">Test\u00e9 rigoureusement pour la puret\u00e9 et la concentration<\/span><span style=\"font-weight: 400;\">\n<p><\/span><\/li>\n<\/ul>\n<h3><b>Conclusion : Acheter en toute confiance<\/b><\/h3>\n<p><span style=\"font-weight: 400;\">Si vous \u00eates \u00e0 la recherche du <\/span><b>meilleur endroit pour <a href=\"https:\/\/en.wikipedia.org\/wiki\/Formaldehyde\">acheter du formald\u00e9hyde en ligne<\/a><\/b><span style=\"font-weight: 400;\">ne cherchez pas plus loin. Nous combinons <\/span><b>qualit\u00e9 conforme aux normes de l'industrie<\/b><span style=\"font-weight: 400;\">, <\/span><b>livraison s\u00e9curis\u00e9e<\/b><span style=\"font-weight: 400;\">et <\/span><b>un soutien exceptionnel \u00e0 la client\u00e8le<\/b><span style=\"font-weight: 400;\"> pour vous offrir une exp\u00e9rience transparente et digne de confiance.<\/span><\/p>\n<p><b>Options de tarification en vrac<\/b><b><br \/>\n<\/b><b>Exp\u00e9dition rapide et discr\u00e8te<\/b><b><br \/>\n<\/b><b>Soutien d'experts pour les acheteurs r\u00e9glement\u00e9s<\/b><\/p>\n<p><b>Commander du formald\u00e9hyde en ligne aujourd'hui<\/b><span style=\"font-weight: 400;\"> et obtenir les solutions chimiques fiables dont votre projet a besoin - \u00e0 un prix tr\u00e8s comp\u00e9titif. <\/span><b>prix du formald\u00e9hyde bon march\u00e9<\/b><span style=\"font-weight: 400;\"> sans compromettre la s\u00e9curit\u00e9 ou les performances.<\/span><\/p>","protected":false},"excerpt":{"rendered":"<div class=\"flex-shrink-0 flex flex-col relative items-end\">\n<div>\n<div class=\"pt-0\">\n<div class=\"gizmo-bot-avatar flex h-8 w-8 items-center justify-center overflow-hidden rounded-full\">\n<div class=\"relative p-1 rounded-sm flex items-center justify-center bg-token-main-surface-primary text-token-text-primary h-8 w-8\"><strong>Formald\u00e9hyde<\/strong> est un gaz incolore et piquant dont la formule chimique est CH\u2082O. C'est l'un des ald\u00e9hydes les plus simples et on le trouve couramment sous forme gazeuse et aqueuse. En raison de sa r\u00e9activit\u00e9 et de sa capacit\u00e9 \u00e0 se polym\u00e9riser, le formald\u00e9hyde est largement utilis\u00e9 dans diverses industries.<\/div>\n<\/div>\n<\/div>\n<\/div>\n<\/div>\n<div class=\"group\/conversation-turn relative flex w-full min-w-0 flex-col agent-turn\">\n<div class=\"flex-col gap-1 md:gap-3\">\n<div class=\"flex max-w-full flex-col flex-grow\">\n<div class=\"min-h-8 text-message flex w-full flex-col items-end gap-2 whitespace-normal break-words [.text-message+&amp;]:mt-5\" dir=\"auto\" data-message-author-role=\"assistant\" data-message-id=\"f8a1ce12-7830-4578-ac34-e232b3e232a1\" data-message-model-slug=\"gpt-4o-mini\">\n<div class=\"flex w-full flex-col gap-1 empty:hidden first:pt-[3px]\">\n<div class=\"markdown prose w-full break-words dark:prose-invert light\">\n<ul>\n<li><strong>Formule chimique<\/strong>: CH\u2082O<\/li>\n<li><strong>Poids mol\u00e9culaire<\/strong>: 30,03 g\/mol<\/li>\n<li><strong>Point d'\u00e9bullition<\/strong>La temp\u00e9rature de la solution aqueuse de formol est de : -19 \u00b0C (-2 \u00b0F) pour le gaz ; environ 37 \u00b0C (98,6 \u00b0F) pour le formol (solution aqueuse).<\/li>\n<li><strong>Solubilit\u00e9<\/strong>: Tr\u00e8s soluble dans l'eau, l'alcool et l'\u00e9ther.<\/li>\n<\/ul>\n<\/div>\n<\/div>\n<\/div>\n<\/div>\n<\/div>\n<\/div>","protected":false},"featured_media":1461,"comment_status":"open","ping_status":"closed","template":"","meta":{"_kadence_starter_templates_imported_post":false,"_kad_post_transparent":"default","_kad_post_title":"","_kad_post_layout":"default","_kad_post_sidebar_id":"","_kad_post_content_style":"default","_kad_post_vertical_padding":"default","_kad_post_feature":"","_kad_post_feature_position":"","_kad_post_header":false,"_kad_post_footer":false,"_joinchat":[]},"product_brand":[],"product_cat":[59],"product_tag":[606,603,619,618,614,611,613,609,617,604,610,612,608,615,620,602,607,605,621,616],"class_list":{"0":"post-1611","1":"product","2":"type-product","3":"status-publish","4":"has-post-thumbnail","6":"product_cat-chemical-manufacturing-and-synthesis","7":"product_tag-bulk-formaldehyde-supplier","8":"product_tag-buy-formaldehyde","9":"product_tag-commercial-formaldehyde-supply","10":"product_tag-formaldehyde-as-preservative","11":"product_tag-formaldehyde-distributor","12":"product_tag-formaldehyde-for-adhesives-and-resins","13":"product_tag-formaldehyde-for-building-materials","14":"product_tag-formaldehyde-for-chemical-manufacturing","15":"product_tag-formaldehyde-for-laboratory-use","16":"product_tag-formaldehyde-for-sale","17":"product_tag-formaldehyde-for-wood-products","18":"product_tag-formaldehyde-in-textile-industry","19":"product_tag-formaldehyde-price-and-availability","20":"product_tag-formaldehyde-procurement","21":"product_tag-formaldehyde-safety-and-compliance","22":"product_tag-formaldehyde-supplier","23":"product_tag-high-purity-formaldehyde","24":"product_tag-industrial-formaldehyde-supply","25":"product_tag-reliable-formaldehyde-supplier","26":"product_tag-where-to-buy-formaldehyde","28":"first","29":"instock","30":"shipping-taxable","31":"product-type-simple","32":"entry","33":"content-bg","34":"loop-entry"},"yoast_head":"<!-- This site is optimized with the Yoast SEO plugin v25.6 - https:\/\/yoast.com\/wordpress\/plugins\/seo\/ -->\n<title>Buy Formaldehyde Online - Formaldehyde for Sale<\/title>\n<meta name=\"description\" content=\"Where to buy formaldehyde online at the best price? Find high-quality formaldehyde for sale at our secure online store, catering to your research requirements. Order Now!\" \/>\n<meta name=\"robots\" content=\"index, follow, max-snippet:-1, max-image-preview:large, max-video-preview:-1\" \/>\n<link rel=\"canonical\" href=\"https:\/\/subszone.com\/fr\/product\/formaldehyde-2\/\" \/>\n<meta property=\"og:locale\" content=\"fr_FR\" \/>\n<meta property=\"og:type\" content=\"article\" \/>\n<meta property=\"og:title\" content=\"Buy Formaldehyde Online - Formaldehyde for Sale\" \/>\n<meta property=\"og:description\" content=\"Where to buy formaldehyde online at the best price? Find high-quality formaldehyde for sale at our secure online store, catering to your research requirements. Order Now!\" \/>\n<meta property=\"og:url\" content=\"https:\/\/subszone.com\/fr\/product\/formaldehyde-2\/\" \/>\n<meta property=\"og:site_name\" content=\"SubsZone\" \/>\n<meta property=\"article:modified_time\" content=\"2025-05-31T05:36:44+00:00\" \/>\n<meta property=\"og:image\" content=\"https:\/\/subszone.com\/wp-content\/uploads\/2024\/10\/b8fa0656-edf6-4030-a8c0-58ab6e2b579f.webp\" \/>\n\t<meta property=\"og:image:width\" content=\"1024\" \/>\n\t<meta property=\"og:image:height\" content=\"1024\" \/>\n\t<meta property=\"og:image:type\" content=\"image\/webp\" \/>\n<meta name=\"twitter:card\" content=\"summary_large_image\" \/>\n<meta name=\"twitter:label1\" content=\"Dur\u00e9e de lecture estim\u00e9e\" \/>\n\t<meta name=\"twitter:data1\" content=\"3 minutes\" \/>\n<script type=\"application\/ld+json\" class=\"yoast-schema-graph\">{\"@context\":\"https:\/\/schema.org\",\"@graph\":[{\"@type\":\"WebPage\",\"@id\":\"https:\/\/subszone.com\/product\/formaldehyde-2\/\",\"url\":\"https:\/\/subszone.com\/product\/formaldehyde-2\/\",\"name\":\"Buy Formaldehyde Online - Formaldehyde for Sale\",\"isPartOf\":{\"@id\":\"https:\/\/subszone.com\/#website\"},\"primaryImageOfPage\":{\"@id\":\"https:\/\/subszone.com\/product\/formaldehyde-2\/#primaryimage\"},\"image\":{\"@id\":\"https:\/\/subszone.com\/product\/formaldehyde-2\/#primaryimage\"},\"thumbnailUrl\":\"https:\/\/subszone.com\/wp-content\/uploads\/2024\/10\/b8fa0656-edf6-4030-a8c0-58ab6e2b579f.webp\",\"datePublished\":\"2024-11-08T04:45:38+00:00\",\"dateModified\":\"2025-05-31T05:36:44+00:00\",\"description\":\"Where to buy formaldehyde online at the best price? Find high-quality formaldehyde for sale at our secure online store, catering to your research requirements. Order Now!\",\"breadcrumb\":{\"@id\":\"https:\/\/subszone.com\/product\/formaldehyde-2\/#breadcrumb\"},\"inLanguage\":\"fr-FR\",\"potentialAction\":[{\"@type\":\"ReadAction\",\"target\":[\"https:\/\/subszone.com\/product\/formaldehyde-2\/\"]}]},{\"@type\":\"ImageObject\",\"inLanguage\":\"fr-FR\",\"@id\":\"https:\/\/subszone.com\/product\/formaldehyde-2\/#primaryimage\",\"url\":\"https:\/\/subszone.com\/wp-content\/uploads\/2024\/10\/b8fa0656-edf6-4030-a8c0-58ab6e2b579f.webp\",\"contentUrl\":\"https:\/\/subszone.com\/wp-content\/uploads\/2024\/10\/b8fa0656-edf6-4030-a8c0-58ab6e2b579f.webp\",\"width\":1024,\"height\":1024,\"caption\":\"Buy Formaldehyde Online\"},{\"@type\":\"BreadcrumbList\",\"@id\":\"https:\/\/subszone.com\/product\/formaldehyde-2\/#breadcrumb\",\"itemListElement\":[{\"@type\":\"ListItem\",\"position\":1,\"name\":\"Home\",\"item\":\"https:\/\/subszone.com\/\"},{\"@type\":\"ListItem\",\"position\":2,\"name\":\"Shop\",\"item\":\"https:\/\/subszone.com\/shop\/\"},{\"@type\":\"ListItem\",\"position\":3,\"name\":\"Buy Formaldehyde Online\"}]},{\"@type\":\"WebSite\",\"@id\":\"https:\/\/subszone.com\/#website\",\"url\":\"https:\/\/subszone.com\/\",\"name\":\"SubsZone\",\"description\":\"My WordPress Blog\",\"publisher\":{\"@id\":\"https:\/\/subszone.com\/#organization\"},\"potentialAction\":[{\"@type\":\"SearchAction\",\"target\":{\"@type\":\"EntryPoint\",\"urlTemplate\":\"https:\/\/subszone.com\/?s={search_term_string}\"},\"query-input\":{\"@type\":\"PropertyValueSpecification\",\"valueRequired\":true,\"valueName\":\"search_term_string\"}}],\"inLanguage\":\"fr-FR\"},{\"@type\":\"Organization\",\"@id\":\"https:\/\/subszone.com\/#organization\",\"name\":\"SubsZone\",\"url\":\"https:\/\/subszone.com\/\",\"logo\":{\"@type\":\"ImageObject\",\"inLanguage\":\"fr-FR\",\"@id\":\"https:\/\/subszone.com\/#\/schema\/logo\/image\/\",\"url\":\"https:\/\/subszone.com\/wp-content\/uploads\/2024\/10\/logo.png\",\"contentUrl\":\"https:\/\/subszone.com\/wp-content\/uploads\/2024\/10\/logo.png\",\"width\":193,\"height\":50,\"caption\":\"SubsZone\"},\"image\":{\"@id\":\"https:\/\/subszone.com\/#\/schema\/logo\/image\/\"}}]}<\/script>\n<!-- \/ Yoast SEO plugin. -->","yoast_head_json":{"title":"Acheter du formald\u00e9hyde en ligne - Formald\u00e9hyde \u00e0 vendre","description":"O\u00f9 acheter du formald\u00e9hyde en ligne au meilleur prix ? Trouvez du formald\u00e9hyde de haute qualit\u00e9 \u00e0 vendre dans notre magasin en ligne s\u00e9curis\u00e9, qui r\u00e9pond \u00e0 vos besoins en mati\u00e8re de recherche. Commandez d\u00e8s maintenant !","robots":{"index":"index","follow":"follow","max-snippet":"max-snippet:-1","max-image-preview":"max-image-preview:large","max-video-preview":"max-video-preview:-1"},"canonical":"https:\/\/subszone.com\/fr\/product\/formaldehyde-2\/","og_locale":"fr_FR","og_type":"article","og_title":"Buy Formaldehyde Online - Formaldehyde for Sale","og_description":"Where to buy formaldehyde online at the best price? Find high-quality formaldehyde for sale at our secure online store, catering to your research requirements. Order Now!","og_url":"https:\/\/subszone.com\/fr\/product\/formaldehyde-2\/","og_site_name":"SubsZone","article_modified_time":"2025-05-31T05:36:44+00:00","og_image":[{"width":1024,"height":1024,"url":"https:\/\/subszone.com\/wp-content\/uploads\/2024\/10\/b8fa0656-edf6-4030-a8c0-58ab6e2b579f.webp","type":"image\/webp"}],"twitter_card":"summary_large_image","twitter_misc":{"Dur\u00e9e de lecture estim\u00e9e":"3 minutes"},"schema":{"@context":"https:\/\/schema.org","@graph":[{"@type":"WebPage","@id":"https:\/\/subszone.com\/product\/formaldehyde-2\/","url":"https:\/\/subszone.com\/product\/formaldehyde-2\/","name":"Acheter du formald\u00e9hyde en ligne - Formald\u00e9hyde \u00e0 vendre","isPartOf":{"@id":"https:\/\/subszone.com\/#website"},"primaryImageOfPage":{"@id":"https:\/\/subszone.com\/product\/formaldehyde-2\/#primaryimage"},"image":{"@id":"https:\/\/subszone.com\/product\/formaldehyde-2\/#primaryimage"},"thumbnailUrl":"https:\/\/subszone.com\/wp-content\/uploads\/2024\/10\/b8fa0656-edf6-4030-a8c0-58ab6e2b579f.webp","datePublished":"2024-11-08T04:45:38+00:00","dateModified":"2025-05-31T05:36:44+00:00","description":"O\u00f9 acheter du formald\u00e9hyde en ligne au meilleur prix ? Trouvez du formald\u00e9hyde de haute qualit\u00e9 \u00e0 vendre dans notre magasin en ligne s\u00e9curis\u00e9, qui r\u00e9pond \u00e0 vos besoins en mati\u00e8re de recherche. Commandez d\u00e8s maintenant !","breadcrumb":{"@id":"https:\/\/subszone.com\/product\/formaldehyde-2\/#breadcrumb"},"inLanguage":"fr-FR","potentialAction":[{"@type":"ReadAction","target":["https:\/\/subszone.com\/product\/formaldehyde-2\/"]}]},{"@type":"ImageObject","inLanguage":"fr-FR","@id":"https:\/\/subszone.com\/product\/formaldehyde-2\/#primaryimage","url":"https:\/\/subszone.com\/wp-content\/uploads\/2024\/10\/b8fa0656-edf6-4030-a8c0-58ab6e2b579f.webp","contentUrl":"https:\/\/subszone.com\/wp-content\/uploads\/2024\/10\/b8fa0656-edf6-4030-a8c0-58ab6e2b579f.webp","width":1024,"height":1024,"caption":"Buy Formaldehyde Online"},{"@type":"BreadcrumbList","@id":"https:\/\/subszone.com\/product\/formaldehyde-2\/#breadcrumb","itemListElement":[{"@type":"ListItem","position":1,"name":"Home","item":"https:\/\/subszone.com\/"},{"@type":"ListItem","position":2,"name":"Shop","item":"https:\/\/subszone.com\/shop\/"},{"@type":"ListItem","position":3,"name":"Buy Formaldehyde Online"}]},{"@type":"WebSite","@id":"https:\/\/subszone.com\/#website","url":"https:\/\/subszone.com\/","name":"SubsZone","description":"Mon blog WordPress","publisher":{"@id":"https:\/\/subszone.com\/#organization"},"potentialAction":[{"@type":"SearchAction","target":{"@type":"EntryPoint","urlTemplate":"https:\/\/subszone.com\/?s={search_term_string}"},"query-input":{"@type":"PropertyValueSpecification","valueRequired":true,"valueName":"search_term_string"}}],"inLanguage":"fr-FR"},{"@type":"Organization","@id":"https:\/\/subszone.com\/#organization","name":"SubsZone","url":"https:\/\/subszone.com\/","logo":{"@type":"ImageObject","inLanguage":"fr-FR","@id":"https:\/\/subszone.com\/#\/schema\/logo\/image\/","url":"https:\/\/subszone.com\/wp-content\/uploads\/2024\/10\/logo.png","contentUrl":"https:\/\/subszone.com\/wp-content\/uploads\/2024\/10\/logo.png","width":193,"height":50,"caption":"SubsZone"},"image":{"@id":"https:\/\/subszone.com\/#\/schema\/logo\/image\/"}}]}},"_links":{"self":[{"href":"https:\/\/subszone.com\/fr\/wp-json\/wp\/v2\/product\/1611","targetHints":{"allow":["GET"]}}],"collection":[{"href":"https:\/\/subszone.com\/fr\/wp-json\/wp\/v2\/product"}],"about":[{"href":"https:\/\/subszone.com\/fr\/wp-json\/wp\/v2\/types\/product"}],"replies":[{"embeddable":true,"href":"https:\/\/subszone.com\/fr\/wp-json\/wp\/v2\/comments?post=1611"}],"wp:featuredmedia":[{"embeddable":true,"href":"https:\/\/subszone.com\/fr\/wp-json\/wp\/v2\/media\/1461"}],"wp:attachment":[{"href":"https:\/\/subszone.com\/fr\/wp-json\/wp\/v2\/media?parent=1611"}],"wp:term":[{"taxonomy":"product_brand","embeddable":true,"href":"https:\/\/subszone.com\/fr\/wp-json\/wp\/v2\/product_brand?post=1611"},{"taxonomy":"product_cat","embeddable":true,"href":"https:\/\/subszone.com\/fr\/wp-json\/wp\/v2\/product_cat?post=1611"},{"taxonomy":"product_tag","embeddable":true,"href":"https:\/\/subszone.com\/fr\/wp-json\/wp\/v2\/product_tag?post=1611"}],"curies":[{"name":"wp","href":"https:\/\/api.w.org\/{rel}","templated":true}]}}