{"id":1615,"date":"2024-11-08T04:50:18","date_gmt":"2024-11-08T04:50:18","guid":{"rendered":"https:\/\/subszone.com\/?post_type=product&#038;p=1615"},"modified":"2025-02-20T05:29:43","modified_gmt":"2025-02-20T05:29:43","slug":"alcool-isopropylique-2","status":"publish","type":"product","link":"https:\/\/subszone.com\/fr\/product\/alcool-isopropylique-2\/","title":{"rendered":"Alcool isopropylique"},"content":{"rendered":"<h2>Acheter de l'alcool isopropylique en grandes quantit\u00e9s pour un usage commercial<\/h2>\n<p>Votre entreprise a-t-elle besoin d'un fournisseur fiable d'alcool isopropylique ? L'achat d'alcool isopropylique en vrac est essentiel pour pr\u00e9server la productivit\u00e9, la s\u00e9curit\u00e9 et l'efficacit\u00e9, que vous travailliez dans le secteur de la fabrication, de l'\u00e9lectronique, des produits pharmaceutiques ou du nettoyage industriel. En raison de ses applications vari\u00e9es et de son adaptabilit\u00e9, l'alcool isopropylique (IPA) est un \u00e9l\u00e9ment essentiel de nombreux processus industriels, et il est donc crucial de choisir un fournisseur digne de confiance.<a href=\"https:\/\/streetchemx.com\/\">.<\/a><\/p>\n<p>Les avantages de l'alcool isopropylique de qualit\u00e9 industrielle, les raisons de l'acheter en quantit\u00e9 pour votre entreprise et la mani\u00e8re de trouver des fournisseurs d'alcool isopropylique fiables sont tous abord\u00e9s dans cet ouvrage.<a href=\"https:\/\/subszone.com\/fr\/product\/alcool-isopropylique-2\/\">.<\/a><\/p>\n<h3>Pourquoi acheter de l'alcool isopropylique \u00e0 usage industriel ?<\/h3>\n<p>Parce qu'il fonctionne bien comme solvant, nettoyant et d\u00e9sinfectant, l'alcool isopropylique est largement utilis\u00e9 dans de nombreuses industries. Voici quelques utilisations industrielles typiques :<\/p>\n<p>Industrie pharmaceutique : L'IPA est fr\u00e9quemment utilis\u00e9 dans la fabrication de produits pharmaceutiques, de cosm\u00e9tiques et d'\u00e9quipements m\u00e9dicaux. Il est utilis\u00e9 comme d\u00e9sinfectant pour nettoyer les surfaces et les \u00e9quipements et comme solvant dans le processus de fabrication.<\/p>\n<p>Nettoyage industriel : L'alcool isopropylique est utilis\u00e9 dans plusieurs secteurs pour le nettoyage industriel. Il est extr\u00eamement efficace pour \u00e9liminer la salet\u00e9, les huiles et les graisses des surfaces, des outils et des machines. Il est fr\u00e9quemment utilis\u00e9 pour nettoyer les appareils \u00e9lectroniques en raison de son \u00e9vaporation rapide, qui prot\u00e8ge les pi\u00e8ces d\u00e9licates des dommages caus\u00e9s par l'humidit\u00e9.<\/p>\n<p>D\u00e9sinfectant pour appareils m\u00e9dicaux : L'alcool isopropylique est un ingr\u00e9dient courant des d\u00e9sinfectants utilis\u00e9s pour nettoyer les appareils m\u00e9dicaux. Les h\u00f4pitaux l'utilisent \u00e9galement pour d\u00e9sinfecter les surfaces.<\/p>\n<p>Fabrication et nettoyage par solvant : Dans les op\u00e9rations de fabrication, l'IPA est utilis\u00e9 comme solvant pour faciliter la dissolution des huiles, des r\u00e9sines et d'autres substances. Il est \u00e9galement utilis\u00e9 pour pr\u00e9parer les surfaces \u00e0 peindre ou \u00e0 rev\u00eatir et pour nettoyer les \u00e9quipements de pr\u00e9cision.<\/p>\n<p>Assainissement : Le besoin d'alcool isopropylique pour l'assainissement et la d\u00e9sinfection a augment\u00e9 au cours de l'\u00e9pid\u00e9mie de COVID-19. Dans les environnements commerciaux et industriels, l'alcool isopropylique reste l'option pr\u00e9f\u00e9r\u00e9e pour l'assainissement des mains et des surfaces.<\/p>\n<p>En raison de son utilisation intensive, de nombreuses entreprises choisissent d'acheter de l'alcool isopropylique en grandes quantit\u00e9s afin de garantir qu'elles disposent toujours d'un stock suffisant pour leurs op\u00e9rations.<\/p>\n<p>Avantages de l'achat d'alcool isopropylique en vrac<br \/>\nL'achat d'alcool isopropylique en vrac pr\u00e9sente les avantages suivants :<\/p>\n<p>\u00c9conomies : Le co\u00fbt unitaire de l'alcool isopropylique 70% ou 99% est fortement r\u00e9duit en cas d'achat en vrac, ce qui peut \u00eatre tr\u00e8s avantageux, en particulier pour les entreprises qui utilisent beaucoup d'IPA pour les proc\u00e9dures de fabrication, de nettoyage ou de d\u00e9sinfection.<\/p>\n<p>Commodit\u00e9 : L'achat en vrac d'alcool isopropylique de qualit\u00e9 industrielle vous \u00e9vite d'avoir \u00e0 passer fr\u00e9quemment de nouvelles commandes, ce qui garantit un approvisionnement r\u00e9gulier et r\u00e9duit la possibilit\u00e9 de retards dans vos proc\u00e9dures de nettoyage ou de production.<\/p>\n<p>Cha\u00eene d'approvisionnement fiable : En achetant aupr\u00e8s de fournisseurs d'alcool isopropylique r\u00e9put\u00e9s, vous avez acc\u00e8s \u00e0 des calendriers de livraison r\u00e9guliers, ce qui garantit des op\u00e9rations commerciales ininterrompues.<\/p>\n<h3>Quel alcool isopropylique convient le mieux \u00e0 votre entreprise ?<\/h3>\n<p>Il est essentiel de s\u00e9lectionner la qualit\u00e9 et la concentration d'alcool isopropylique qui conviennent \u00e0 vos besoins industriels, car tous les alcools isopropyliques ne sont pas \u00e9gaux :<\/p>\n<p>Alcool isopropylique 99% en vrac : Lorsqu'une tr\u00e8s faible teneur en eau est n\u00e9cessaire, cet alcool isopropylique de haute puret\u00e9 est parfait pour des utilisations telles que le nettoyage par solvants ou le nettoyage de l'\u00e9lectronique. Il est id\u00e9al pour les applications industrielles en raison de ses fortes qualit\u00e9s de solvant et de son \u00e9vaporation rapide.<\/p>\n<p>70% Alcool isopropylique en vrac : il s'agit d'un d\u00e9sinfectant et d'un assainisseur courants, mais un peu moins purs. En raison de sa capacit\u00e9 exceptionnelle \u00e0 \u00e9radiquer les bact\u00e9ries et les virus, il est parfait pour une utilisation dans les installations industrielles \u00e0 fort trafic ou dans les \u00e9tablissements de sant\u00e9.<\/p>\n<p>Alcool isopropylique de haute puret\u00e9 : Si votre entreprise exige les niveaux de puret\u00e9 les plus \u00e9lev\u00e9s, renseignez-vous aupr\u00e8s de vos fournisseurs sur l'alcool isopropylique de haute puret\u00e9 qui r\u00e9pond \u00e0 des normes industrielles particuli\u00e8res en mati\u00e8re de performance et de propret\u00e9.<\/p>\n<h3>Termes de recherche courants pour les fournisseurs d'alcool isopropylique<\/h3>\n<p>L'utilisation de termes de recherche cibl\u00e9s lors de la recherche de fournisseurs en ligne vous aidera \u00e0 localiser les meilleurs vendeurs dans votre r\u00e9gion ou \u00e0 l'\u00e9tranger. Parmi les mots-cl\u00e9s les plus populaires, citons<\/p>\n<p>Fournisseurs d'alcool isopropylique dans ma r\u00e9gion<\/p>\n<p>Alcool isopropylique en vrac pour applications industrielles<\/p>\n<p>Acheter de l'alcool isopropylique de qualit\u00e9 industrielle.<\/p>\n<p>Le co\u00fbt de l'alcool isopropylique en vrac<\/p>\n<p>Vrac 99% alcool isopropylique<\/p>\n<p>Fabricants d'alcool isopropylique en [lieu]<\/p>\n<h3>O\u00f9 puis-je me procurer de grandes quantit\u00e9s d'alcool isopropylique ?<\/h3>\n<p>Vous pouvez identifier un fournisseur qui r\u00e9pond \u00e0 vos exigences industrielles particuli\u00e8res en utilisant ces mots-cl\u00e9s pour vous aider \u00e0 cibler votre recherche.<\/p>\n<h3>En conclusion, procurez-vous d\u00e8s maintenant de l'alcool isopropylique en vrac.<\/h3>\n<p>L'achat d'alcool isopropylique industriel aupr\u00e8s d'un fournisseur fiable est essentiel au bon fonctionnement de votre entreprise, que vous travailliez dans les secteurs de la fabrication, de l'\u00e9lectronique ou de la pharmacie. Outre les \u00e9conomies r\u00e9alis\u00e9es, l'achat d'alcool isopropylique en vrac garantit un approvisionnement constant en alcool isopropylique de qualit\u00e9 sup\u00e9rieure pour le nettoyage par solvants, le nettoyage industriel, la d\u00e9sinfection et d'autres applications vitales.<\/p>\n<p>Pour \u00eatre s\u00fbr de traiter avec un vendeur fiable, prenez le temps d'\u00e9valuer les prix de l'alcool isopropylique en vrac, de lire les commentaires des fournisseurs et de confirmer qu'ils respectent les lois sur la manipulation de l'alcool isopropylique. Avoir un partenaire fiable pour vos besoins en alcool isopropylique en vrac peut s'av\u00e9rer crucial pour les op\u00e9rations industrielles.<\/p>\n<p>\u00c9tudiez vos alternatives et r\u00e9servez votre stock d'alcool isopropylique en vrac d\u00e8s maintenant !<\/p>\n<p>&nbsp;<\/p>","protected":false},"excerpt":{"rendered":"<p><strong>Synonyme(s) : 2-Propanol, alcool sec-propylique, IPA, Isopropanol, Alcool isopropylique<\/strong><br \/>\n<strong>Formule lin\u00e9aire : (CH3)2CHOH<\/strong><br \/>\n<strong>Num\u00e9ro CAS : 67-63-0<\/strong><br \/>\n<strong>Poids mol\u00e9culaire : 60,10<\/strong><br \/>\n<strong>N\u00b0 CE : 200-661-7<\/strong><br \/>\n<strong>Beilstein No.:635639<\/strong><\/p>","protected":false},"featured_media":1419,"comment_status":"open","ping_status":"closed","template":"","meta":{"_kadence_starter_templates_imported_post":false,"_kad_post_transparent":"default","_kad_post_title":"","_kad_post_layout":"default","_kad_post_sidebar_id":"","_kad_post_content_style":"default","_kad_post_vertical_padding":"default","_kad_post_feature":"","_kad_post_feature_position":"","_kad_post_header":false,"_kad_post_footer":false,"_joinchat":[]},"product_brand":[],"product_cat":[59],"product_tag":[282,283,284,285,286,287,288,289],"class_list":{"0":"post-1615","1":"product","2":"type-product","3":"status-publish","4":"has-post-thumbnail","6":"product_cat-chemical-manufacturing-and-synthesis","7":"product_tag-70-isopropyl-alcohol-bulk","8":"product_tag-99-isopropyl-alcohol-for-industrial-use","9":"product_tag-bulk-isopropyl-alcohol-for-sanitization","10":"product_tag-high-purity-isopropyl-alcohol","11":"product_tag-isopropyl-alcohol-for-cleaning-electronics","12":"product_tag-isopropyl-alcohol-for-disinfecting","13":"product_tag-isopropyl-alcohol-for-industrial-cleaning","14":"product_tag-isopropyl-alcohol-for-pharmaceutical-production-description-reviews-0","16":"first","17":"instock","18":"shipping-taxable","19":"product-type-simple","20":"entry","21":"content-bg","22":"loop-entry"},"yoast_head":"<!-- This site is optimized with the Yoast SEO plugin v25.6 - https:\/\/yoast.com\/wordpress\/plugins\/seo\/ -->\n<title>Buy Isopropyl Alcohol Online - Isopropyl Alcohol for Sale<\/title>\n<meta name=\"description\" content=\"If you want to buy isopropyl alcohol online, then visit our online store streetchemx. We have high-quality products like isopropyl alcohol for sale. Place your order now!\" \/>\n<meta name=\"robots\" content=\"index, follow, max-snippet:-1, max-image-preview:large, max-video-preview:-1\" \/>\n<link rel=\"canonical\" href=\"https:\/\/subszone.com\/fr\/product\/alcool-isopropylique-2\/\" \/>\n<meta property=\"og:locale\" content=\"fr_FR\" \/>\n<meta property=\"og:type\" content=\"article\" \/>\n<meta property=\"og:title\" content=\"Buy Isopropyl Alcohol Online - Isopropyl Alcohol for Sale\" \/>\n<meta property=\"og:description\" content=\"If you want to buy isopropyl alcohol online, then visit our online store streetchemx. We have high-quality products like isopropyl alcohol for sale. Place your order now!\" \/>\n<meta property=\"og:url\" content=\"https:\/\/subszone.com\/fr\/product\/alcool-isopropylique-2\/\" \/>\n<meta property=\"og:site_name\" content=\"SubsZone\" \/>\n<meta property=\"article:modified_time\" content=\"2025-02-20T05:29:43+00:00\" \/>\n<meta property=\"og:image\" content=\"https:\/\/subszone.com\/wp-content\/uploads\/2024\/10\/Isopropyl-Alcohol-2-2.gif\" \/>\n\t<meta property=\"og:image:width\" content=\"600\" \/>\n\t<meta property=\"og:image:height\" content=\"600\" \/>\n\t<meta property=\"og:image:type\" content=\"image\/gif\" \/>\n<meta name=\"twitter:card\" content=\"summary_large_image\" \/>\n<meta name=\"twitter:label1\" content=\"Dur\u00e9e de lecture estim\u00e9e\" \/>\n\t<meta name=\"twitter:data1\" content=\"4 minutes\" \/>\n<script type=\"application\/ld+json\" class=\"yoast-schema-graph\">{\"@context\":\"https:\/\/schema.org\",\"@graph\":[{\"@type\":\"WebPage\",\"@id\":\"https:\/\/subszone.com\/product\/isopropyl-alcohol-2\/\",\"url\":\"https:\/\/subszone.com\/product\/isopropyl-alcohol-2\/\",\"name\":\"Buy Isopropyl Alcohol Online - Isopropyl Alcohol for Sale\",\"isPartOf\":{\"@id\":\"https:\/\/subszone.com\/#website\"},\"primaryImageOfPage\":{\"@id\":\"https:\/\/subszone.com\/product\/isopropyl-alcohol-2\/#primaryimage\"},\"image\":{\"@id\":\"https:\/\/subszone.com\/product\/isopropyl-alcohol-2\/#primaryimage\"},\"thumbnailUrl\":\"https:\/\/subszone.com\/wp-content\/uploads\/2024\/10\/Isopropyl-Alcohol-2-2.gif\",\"datePublished\":\"2024-11-08T04:50:18+00:00\",\"dateModified\":\"2025-02-20T05:29:43+00:00\",\"description\":\"If you want to buy isopropyl alcohol online, then visit our online store streetchemx. We have high-quality products like isopropyl alcohol for sale. Place your order now!\",\"breadcrumb\":{\"@id\":\"https:\/\/subszone.com\/product\/isopropyl-alcohol-2\/#breadcrumb\"},\"inLanguage\":\"fr-FR\",\"potentialAction\":[{\"@type\":\"ReadAction\",\"target\":[\"https:\/\/subszone.com\/product\/isopropyl-alcohol-2\/\"]}]},{\"@type\":\"ImageObject\",\"inLanguage\":\"fr-FR\",\"@id\":\"https:\/\/subszone.com\/product\/isopropyl-alcohol-2\/#primaryimage\",\"url\":\"https:\/\/subszone.com\/wp-content\/uploads\/2024\/10\/Isopropyl-Alcohol-2-2.gif\",\"contentUrl\":\"https:\/\/subszone.com\/wp-content\/uploads\/2024\/10\/Isopropyl-Alcohol-2-2.gif\",\"width\":600,\"height\":600,\"caption\":\"Buy Isopropyl Alcohol Online\"},{\"@type\":\"BreadcrumbList\",\"@id\":\"https:\/\/subszone.com\/product\/isopropyl-alcohol-2\/#breadcrumb\",\"itemListElement\":[{\"@type\":\"ListItem\",\"position\":1,\"name\":\"Home\",\"item\":\"https:\/\/subszone.com\/\"},{\"@type\":\"ListItem\",\"position\":2,\"name\":\"Shop\",\"item\":\"https:\/\/subszone.com\/shop\/\"},{\"@type\":\"ListItem\",\"position\":3,\"name\":\"Isopropyl Alcohol\"}]},{\"@type\":\"WebSite\",\"@id\":\"https:\/\/subszone.com\/#website\",\"url\":\"https:\/\/subszone.com\/\",\"name\":\"SubsZone\",\"description\":\"My WordPress Blog\",\"publisher\":{\"@id\":\"https:\/\/subszone.com\/#organization\"},\"potentialAction\":[{\"@type\":\"SearchAction\",\"target\":{\"@type\":\"EntryPoint\",\"urlTemplate\":\"https:\/\/subszone.com\/?s={search_term_string}\"},\"query-input\":{\"@type\":\"PropertyValueSpecification\",\"valueRequired\":true,\"valueName\":\"search_term_string\"}}],\"inLanguage\":\"fr-FR\"},{\"@type\":\"Organization\",\"@id\":\"https:\/\/subszone.com\/#organization\",\"name\":\"SubsZone\",\"url\":\"https:\/\/subszone.com\/\",\"logo\":{\"@type\":\"ImageObject\",\"inLanguage\":\"fr-FR\",\"@id\":\"https:\/\/subszone.com\/#\/schema\/logo\/image\/\",\"url\":\"https:\/\/subszone.com\/wp-content\/uploads\/2024\/10\/logo.png\",\"contentUrl\":\"https:\/\/subszone.com\/wp-content\/uploads\/2024\/10\/logo.png\",\"width\":193,\"height\":50,\"caption\":\"SubsZone\"},\"image\":{\"@id\":\"https:\/\/subszone.com\/#\/schema\/logo\/image\/\"}}]}<\/script>\n<!-- \/ Yoast SEO plugin. -->","yoast_head_json":{"title":"Acheter de l'alcool isopropylique en ligne - Vente d'alcool isopropylique","description":"Si vous souhaitez acheter de l'alcool isopropylique en ligne, visitez notre magasin en ligne streetchemx. Nous avons des produits de haute qualit\u00e9 comme l'alcool isopropylique \u00e0 vendre. Commandez d\u00e8s maintenant !","robots":{"index":"index","follow":"follow","max-snippet":"max-snippet:-1","max-image-preview":"max-image-preview:large","max-video-preview":"max-video-preview:-1"},"canonical":"https:\/\/subszone.com\/fr\/product\/alcool-isopropylique-2\/","og_locale":"fr_FR","og_type":"article","og_title":"Buy Isopropyl Alcohol Online - Isopropyl Alcohol for Sale","og_description":"If you want to buy isopropyl alcohol online, then visit our online store streetchemx. We have high-quality products like isopropyl alcohol for sale. Place your order now!","og_url":"https:\/\/subszone.com\/fr\/product\/alcool-isopropylique-2\/","og_site_name":"SubsZone","article_modified_time":"2025-02-20T05:29:43+00:00","og_image":[{"width":600,"height":600,"url":"https:\/\/subszone.com\/wp-content\/uploads\/2024\/10\/Isopropyl-Alcohol-2-2.gif","type":"image\/gif"}],"twitter_card":"summary_large_image","twitter_misc":{"Dur\u00e9e de lecture estim\u00e9e":"4 minutes"},"schema":{"@context":"https:\/\/schema.org","@graph":[{"@type":"WebPage","@id":"https:\/\/subszone.com\/product\/isopropyl-alcohol-2\/","url":"https:\/\/subszone.com\/product\/isopropyl-alcohol-2\/","name":"Acheter de l'alcool isopropylique en ligne - Vente d'alcool isopropylique","isPartOf":{"@id":"https:\/\/subszone.com\/#website"},"primaryImageOfPage":{"@id":"https:\/\/subszone.com\/product\/isopropyl-alcohol-2\/#primaryimage"},"image":{"@id":"https:\/\/subszone.com\/product\/isopropyl-alcohol-2\/#primaryimage"},"thumbnailUrl":"https:\/\/subszone.com\/wp-content\/uploads\/2024\/10\/Isopropyl-Alcohol-2-2.gif","datePublished":"2024-11-08T04:50:18+00:00","dateModified":"2025-02-20T05:29:43+00:00","description":"Si vous souhaitez acheter de l'alcool isopropylique en ligne, visitez notre magasin en ligne streetchemx. Nous avons des produits de haute qualit\u00e9 comme l'alcool isopropylique \u00e0 vendre. Commandez d\u00e8s maintenant !","breadcrumb":{"@id":"https:\/\/subszone.com\/product\/isopropyl-alcohol-2\/#breadcrumb"},"inLanguage":"fr-FR","potentialAction":[{"@type":"ReadAction","target":["https:\/\/subszone.com\/product\/isopropyl-alcohol-2\/"]}]},{"@type":"ImageObject","inLanguage":"fr-FR","@id":"https:\/\/subszone.com\/product\/isopropyl-alcohol-2\/#primaryimage","url":"https:\/\/subszone.com\/wp-content\/uploads\/2024\/10\/Isopropyl-Alcohol-2-2.gif","contentUrl":"https:\/\/subszone.com\/wp-content\/uploads\/2024\/10\/Isopropyl-Alcohol-2-2.gif","width":600,"height":600,"caption":"Buy Isopropyl Alcohol Online"},{"@type":"BreadcrumbList","@id":"https:\/\/subszone.com\/product\/isopropyl-alcohol-2\/#breadcrumb","itemListElement":[{"@type":"ListItem","position":1,"name":"Home","item":"https:\/\/subszone.com\/"},{"@type":"ListItem","position":2,"name":"Shop","item":"https:\/\/subszone.com\/shop\/"},{"@type":"ListItem","position":3,"name":"Isopropyl Alcohol"}]},{"@type":"WebSite","@id":"https:\/\/subszone.com\/#website","url":"https:\/\/subszone.com\/","name":"SubsZone","description":"Mon blog WordPress","publisher":{"@id":"https:\/\/subszone.com\/#organization"},"potentialAction":[{"@type":"SearchAction","target":{"@type":"EntryPoint","urlTemplate":"https:\/\/subszone.com\/?s={search_term_string}"},"query-input":{"@type":"PropertyValueSpecification","valueRequired":true,"valueName":"search_term_string"}}],"inLanguage":"fr-FR"},{"@type":"Organization","@id":"https:\/\/subszone.com\/#organization","name":"SubsZone","url":"https:\/\/subszone.com\/","logo":{"@type":"ImageObject","inLanguage":"fr-FR","@id":"https:\/\/subszone.com\/#\/schema\/logo\/image\/","url":"https:\/\/subszone.com\/wp-content\/uploads\/2024\/10\/logo.png","contentUrl":"https:\/\/subszone.com\/wp-content\/uploads\/2024\/10\/logo.png","width":193,"height":50,"caption":"SubsZone"},"image":{"@id":"https:\/\/subszone.com\/#\/schema\/logo\/image\/"}}]}},"_links":{"self":[{"href":"https:\/\/subszone.com\/fr\/wp-json\/wp\/v2\/product\/1615","targetHints":{"allow":["GET"]}}],"collection":[{"href":"https:\/\/subszone.com\/fr\/wp-json\/wp\/v2\/product"}],"about":[{"href":"https:\/\/subszone.com\/fr\/wp-json\/wp\/v2\/types\/product"}],"replies":[{"embeddable":true,"href":"https:\/\/subszone.com\/fr\/wp-json\/wp\/v2\/comments?post=1615"}],"wp:featuredmedia":[{"embeddable":true,"href":"https:\/\/subszone.com\/fr\/wp-json\/wp\/v2\/media\/1419"}],"wp:attachment":[{"href":"https:\/\/subszone.com\/fr\/wp-json\/wp\/v2\/media?parent=1615"}],"wp:term":[{"taxonomy":"product_brand","embeddable":true,"href":"https:\/\/subszone.com\/fr\/wp-json\/wp\/v2\/product_brand?post=1615"},{"taxonomy":"product_cat","embeddable":true,"href":"https:\/\/subszone.com\/fr\/wp-json\/wp\/v2\/product_cat?post=1615"},{"taxonomy":"product_tag","embeddable":true,"href":"https:\/\/subszone.com\/fr\/wp-json\/wp\/v2\/product_tag?post=1615"}],"curies":[{"name":"wp","href":"https:\/\/api.w.org\/{rel}","templated":true}]}}