{"id":1620,"date":"2024-11-08T04:55:58","date_gmt":"2024-11-08T04:55:58","guid":{"rendered":"https:\/\/subszone.com\/?post_type=product&#038;p=1620"},"modified":"2025-02-25T07:22:20","modified_gmt":"2025-02-25T07:22:20","slug":"acide-phenylacetique-2","status":"publish","type":"product","link":"https:\/\/subszone.com\/fr\/product\/acide-phenylacetique-2\/","title":{"rendered":"Acheter de l'acide ph\u00e9nylac\u00e9tique en ligne"},"content":{"rendered":"<h2><strong>Acide ph\u00e9nylac\u00e9tique Fournisseur <a href=\"https:\/\/legitchemicals.com\/de\/produkt\/kaufen-ssd-chemische-losung-online\/\">-<\/a> Haute puret\u00e9 pour les applications industrielles et pharmaceutiques<\/strong><\/h2>\n<p>Au <a href=\"https:\/\/subszone.com\/fr\/\"><strong>subszone.com<\/strong><\/a>Nous fournissons des produits de qualit\u00e9 sup\u00e9rieure <a href=\"https:\/\/subszone.com\/fr\/product\/acide-phenylacetique-2\/\"><strong>Acide ph\u00e9nylac\u00e9tique<\/strong><\/a> con\u00e7u pour \u00eatre utilis\u00e9 dans <strong>synth\u00e8se chimique<\/strong>, <strong>fabrication de produits pharmaceutiques<\/strong>, <strong>production de parfums<\/strong>et <strong>l'agriculture<\/strong>. Connu pour son r\u00f4le de pr\u00e9curseur dans la synth\u00e8se organique, l'acide ph\u00e9nylac\u00e9tique est un compos\u00e9 pr\u00e9cieux pour les professionnels de diverses industries. Subszone propose <a href=\"https:\/\/www.bing.com\/search?q=Buy%20Phenylacetic%20Acid%20Online&amp;qs=n&amp;form=QBRE&amp;sp=-1&amp;lq=0&amp;pq=buy%20phenylacetic%20acid%20online%20&amp;sc=18-29&amp;sk=&amp;cvid=FA30631335CF4CB3A72C82995443BE55&amp;ghsh=0&amp;ghacc=0&amp;ghpl=\">l'acide ph\u00e9nylac\u00e9tique en flexibl<\/a>e quantit\u00e9s, en assurant la qualit\u00e9 et la conformit\u00e9 r\u00e9glementaire pour les clients dans les domaines suivants <strong>Am\u00e9rique du Nord<\/strong>, <strong>L'Europe<\/strong>, <strong>Asie<\/strong>et <strong>Am\u00e9rique du Sud<\/strong><a href=\"https:\/\/subszone.com\/fr\/product\/benzaldehyde\/\">.<\/a><\/p>\n<h3><strong>Pourquoi choisir Subszone pour l'acide ph\u00e9nylac\u00e9tique de haute puret\u00e9 ?<\/strong><\/h3>\n<ol>\n<li><strong>Normes de puret\u00e9 et de qualit\u00e9 exceptionnelles<\/strong><br \/>\nNotre <a href=\"https:\/\/www.bing.com\/search?q=Buy%20Phenylacetic%20Acid%20Online&amp;qs=n&amp;form=QBRE&amp;sp=-1&amp;lq=0&amp;pq=buy%20phenylacetic%20acid%20online%20&amp;sc=18-29&amp;sk=&amp;cvid=FA30631335CF4CB3A72C82995443BE55&amp;ghsh=0&amp;ghacc=0&amp;ghpl=\">acide ph\u00e9nylac\u00e9tique<\/a> r\u00e9pond \u00e0 des normes de puret\u00e9 strictes, offrant des performances fiables dans les industries qui exigent une pr\u00e9cision chimique. L'engagement de Subszone en mati\u00e8re de contr\u00f4le de la qualit\u00e9 fait de nos produits des produits de haute qualit\u00e9. <a href=\"https:\/\/www.google.com\/search?q=Buy+Phenylacetic+Acid+Online+&amp;num=10&amp;sca_esv=d3a094136e3e8b97&amp;sxsrf=AHTn8zoLRMqjutJaAb0KnAfCr0Ix60JHMA%3A1740467849873&amp;ei=iW69Z-_7NO_O0PEPh9CRqQk&amp;ved=0ahUKEwiv5Lz_o96LAxVvJzQIHQdoJJUQ4dUDCBA&amp;uact=5&amp;oq=Buy+Phenylacetic+Acid+Online+&amp;gs_lp=Egxnd3Mtd2l6LXNlcnAiHUJ1eSBQaGVueWxhY2V0aWMgQWNpZCBPbmxpbmUgMgcQIxiwAxgnMgoQABiwAxjWBBhHMgoQABiwAxjWBBhHMgoQABiwAxjWBBhHMgoQABiwAxjWBBhHMgoQABiwAxjWBBhHMgoQABiwAxjWBBhHMgoQABiwAxjWBBhHMgoQABiwAxjWBBhHSLsHUKkEWKkEcAJ4AZABAJgBAKABAKoBALgBA8gBAPgBAvgBAZgCAqACJJgDAIgGAZAGCZIHATKgBwA&amp;sclient=gws-wiz-serp\">acide ph\u00e9nylac\u00e9tique<\/a> id\u00e9al pour les applications pharmaceutiques et industrielles.<\/li>\n<li><strong>Options de quantit\u00e9s flexibles pour les laboratoires, l'industrie et l'approvisionnement en vrac<\/strong><br \/>\nDes besoins des laboratoires \u00e0 petite \u00e9chelle aux commandes industrielles de grande envergure, Subszone fournit <a href=\"https:\/\/www.google.com\/search?q=Buy+Phenylacetic+Acid+Online+&amp;num=10&amp;sca_esv=d3a094136e3e8b97&amp;sxsrf=AHTn8zoLRMqjutJaAb0KnAfCr0Ix60JHMA%3A1740467849873&amp;ei=iW69Z-_7NO_O0PEPh9CRqQk&amp;ved=0ahUKEwiv5Lz_o96LAxVvJzQIHQdoJJUQ4dUDCBA&amp;uact=5&amp;oq=Buy+Phenylacetic+Acid+Online+&amp;gs_lp=Egxnd3Mtd2l6LXNlcnAiHUJ1eSBQaGVueWxhY2V0aWMgQWNpZCBPbmxpbmUgMgcQIxiwAxgnMgoQABiwAxjWBBhHMgoQABiwAxjWBBhHMgoQABiwAxjWBBhHMgoQABiwAxjWBBhHMgoQABiwAxjWBBhHMgoQABiwAxjWBBhHMgoQABiwAxjWBBhHMgoQABiwAxjWBBhHSLsHUKkEWKkEcAJ4AZABAJgBAKABAKoBALgBA8gBAPgBAvgBAZgCAqACJJgDAIgGAZAGCZIHATKgBwA&amp;sclient=gws-wiz-serp\">acide ph\u00e9nylac\u00e9tique<\/a> en quantit\u00e9s adapt\u00e9es \u00e0 toute \u00e9chelle, \u00e0 des prix comp\u00e9titifs et avec des options personnalisables pour les entreprises de toutes tailles.<\/li>\n<li><strong>Exp\u00e9dition mondiale fiable et emballage conforme<\/strong><br \/>\nNous exp\u00e9dions <a href=\"https:\/\/duckduckgo.com\/?q=Buy+Phenylacetic+Acid+Online+&amp;t=h_&amp;ia=web\">acide ph\u00e9nylac\u00e9tique<\/a> dans le monde entier avec un emballage s\u00e9curis\u00e9 et conforme qui garantit l'int\u00e9grit\u00e9 du produit pendant le transport. Subszone livre sur les march\u00e9s suivants <strong>Am\u00e9rique du Nord<\/strong>, <strong>L'Europe<\/strong>, <strong>Asie<\/strong>et <strong>Am\u00e9rique du Sud<\/strong>La s\u00e9curit\u00e9 et la fiabilit\u00e9 des livraisons sont une priorit\u00e9.<\/li>\n<\/ol>\n<h3><strong>Applications de l'acide ph\u00e9nylac\u00e9tique dans l'industrie<\/strong><\/h3>\n<p><a href=\"https:\/\/duckduckgo.com\/?q=Buy+Phenylacetic+Acid+Online+&amp;t=h_&amp;ia=web\">Acide ph\u00e9nylac\u00e9tique<\/a> est appr\u00e9ci\u00e9 dans diverses industries pour sa polyvalence et ses propri\u00e9t\u00e9s uniques :<\/p>\n<ul>\n<li><strong>Fabrication de produits pharmaceutiques<\/strong>: Utilis\u00e9 comme interm\u00e9diaire dans la synth\u00e8se de produits pharmaceutiques, l'acide ph\u00e9nylac\u00e9tique est essentiel \u00e0 la production de certains m\u00e9dicaments.<\/li>\n<li><strong>Production de parfums et d'ar\u00f4mes<\/strong>: En raison de son ar\u00f4me agr\u00e9able, l'acide ph\u00e9nylac\u00e9tique est utilis\u00e9 dans l'industrie de la parfumerie pour fabriquer des parfums et d'autres compos\u00e9s aromatiques.<\/li>\n<li><strong>Agriculture<\/strong>: Il sert de pr\u00e9curseur dans la production d'hormones de croissance v\u00e9g\u00e9tale et d'autres produits chimiques agricoles, am\u00e9liorant ainsi la production agricole.<\/li>\n<li><strong>Synth\u00e8se chimique<\/strong>: L'acide ph\u00e9nylac\u00e9tique est un \u00e9l\u00e9ment essentiel de la synth\u00e8se organique, servant de base \u00e0 de nombreux compos\u00e9s.<\/li>\n<\/ul>\n<p>L'acide ph\u00e9nylac\u00e9tique de haute puret\u00e9 de Subszone.com r\u00e9pond aux exigences de qualit\u00e9 rigoureuses requises pour ces applications, ce qui en fait le choix pr\u00e9f\u00e9r\u00e9 des professionnels dans des domaines exigeants.<\/p>\n<h3><strong>Conformit\u00e9 mondiale et approvisionnement fiable en acide ph\u00e9nylac\u00e9tique<\/strong><\/h3>\n<p>Fournitures de Subszone.com <a href=\"https:\/\/en.wikipedia.org\/wiki\/Phenylacetic_acid\">acide ph\u00e9nylac\u00e9tique<\/a> en pleine conformit\u00e9 avec les r\u00e9glementations internationales, en fournissant <strong>Fiches de donn\u00e9es de s\u00e9curit\u00e9 (FDS)<\/strong> et <strong>Certificats d'analyse (COA)<\/strong> afin de garantir une utilisation s\u00fbre et conforme. Notre engagement en faveur de la qualit\u00e9 et du respect des r\u00e9glementations a fait de Subszone un fournisseur fiable d'acide ph\u00e9nylac\u00e9tique de haute puret\u00e9 dans le monde entier.<\/p>\n<h3><strong>Commander de l'acide ph\u00e9nylac\u00e9tique de haute qualit\u00e9 aupr\u00e8s de Subszone<\/strong><\/h3>\n<p>Lorsque vous choisissez Subszone.com, vous choisissez un fournisseur qui met l'accent sur la s\u00e9curit\u00e9, la qualit\u00e9 et la conformit\u00e9 r\u00e9glementaire. Notre acide ph\u00e9nylac\u00e9tique de haute puret\u00e9 est utilis\u00e9 pour des applications essentielles dans les domaines suivants <strong>produits pharmaceutiques<\/strong>, <strong>synth\u00e8se chimique<\/strong>, <strong>production de parfums<\/strong>et <strong>l'agriculture<\/strong>Subszone est une source fiable pour les professionnels de tous les secteurs.<\/p>\n<h4><strong>Passez votre commande aujourd'hui<\/strong><\/h4>\n<p>Visiter <strong>Subszone.com<\/strong> pour d\u00e9couvrir nos options d'acide ph\u00e9nylac\u00e9tique, disponibles en diff\u00e9rentes concentrations et quantit\u00e9s pour r\u00e9pondre aux besoins de votre industrie. Rejoignez les professionnels du monde entier qui font confiance \u00e0 Subszone pour leur approvisionnement en acide ph\u00e9nylac\u00e9tique et faites l'exp\u00e9rience de notre engagement en mati\u00e8re de qualit\u00e9, de conformit\u00e9 et de service.<\/p>","protected":false},"excerpt":{"rendered":"<p><strong>Acide ph\u00e9nylac\u00e9tique<\/strong> est un acide carboxylique aromatique dont la formule chimique est C\u2088H\u2088O\u2082. Il se pr\u00e9sente sous la forme d'un liquide incolore \u00e0 jaune p\u00e2le et d\u00e9gage une l\u00e9g\u00e8re odeur sucr\u00e9e. Ce compos\u00e9 est remarquable pour ses applications dans divers processus et industries chimiques.<\/p>\n<ul>\n<li><strong>Formule chimique<\/strong>: C\u2088H\u2088O\u2082<\/li>\n<li><strong>Poids mol\u00e9culaire<\/strong>: 136,16 g\/mol<\/li>\n<li><strong>Point d'\u00e9bullition<\/strong>: Environ 246 \u00b0C (475 \u00b0F)<\/li>\n<li><strong>Point de fusion<\/strong>: 13 \u00b0C (55 \u00b0F)<\/li>\n<li><strong>Densit\u00e9<\/strong>: 1,05 g\/cm\u00b3<\/li>\n<li><strong>Solubilit\u00e9<\/strong>: Soluble dans l'alcool, l'\u00e9ther et l\u00e9g\u00e8rement soluble dans l'eau.<\/li>\n<\/ul>","protected":false},"featured_media":1400,"comment_status":"open","ping_status":"closed","template":"","meta":{"_kadence_starter_templates_imported_post":false,"_kad_post_transparent":"default","_kad_post_title":"","_kad_post_layout":"default","_kad_post_sidebar_id":"","_kad_post_content_style":"default","_kad_post_vertical_padding":"default","_kad_post_feature":"","_kad_post_feature_position":"","_kad_post_header":false,"_kad_post_footer":false,"_joinchat":[]},"product_brand":[],"product_cat":[59],"product_tag":[],"class_list":{"0":"post-1620","1":"product","2":"type-product","3":"status-publish","4":"has-post-thumbnail","6":"product_cat-chemical-manufacturing-and-synthesis","8":"first","9":"instock","10":"shipping-taxable","11":"product-type-simple","12":"entry","13":"content-bg","14":"loop-entry"},"yoast_head":"<!-- This site is optimized with the Yoast SEO plugin v25.6 - https:\/\/yoast.com\/wordpress\/plugins\/seo\/ -->\n<title>Buy Phenylacetic Acid Supplier Online - Phenylacetic Acid for Sale<\/title>\n<meta name=\"description\" content=\"If you wish to buy phenylacetic acid supplier online, our online subszone store can help. We have comirnaty high-quality phenylacetic acid for sale at the best rates here. Place your order and grab the latest deals today!\" \/>\n<meta name=\"robots\" content=\"index, follow, max-snippet:-1, max-image-preview:large, max-video-preview:-1\" \/>\n<link rel=\"canonical\" href=\"https:\/\/subszone.com\/fr\/product\/acide-phenylacetique-2\/\" \/>\n<meta property=\"og:locale\" content=\"fr_FR\" \/>\n<meta property=\"og:type\" content=\"article\" \/>\n<meta property=\"og:title\" content=\"Buy Phenylacetic Acid Supplier Online - Phenylacetic Acid for Sale\" \/>\n<meta property=\"og:description\" content=\"If you wish to buy phenylacetic acid supplier online, our online subszone store can help. We have comirnaty high-quality phenylacetic acid for sale at the best rates here. Place your order and grab the latest deals today!\" \/>\n<meta property=\"og:url\" content=\"https:\/\/subszone.com\/fr\/product\/acide-phenylacetique-2\/\" \/>\n<meta property=\"og:site_name\" content=\"SubsZone\" \/>\n<meta property=\"article:modified_time\" content=\"2025-02-25T07:22:20+00:00\" \/>\n<meta property=\"og:image\" content=\"https:\/\/subszone.com\/wp-content\/uploads\/2024\/10\/Phenylacetic-Acid-2.gif\" \/>\n\t<meta property=\"og:image:width\" content=\"600\" \/>\n\t<meta property=\"og:image:height\" content=\"600\" \/>\n\t<meta property=\"og:image:type\" content=\"image\/gif\" \/>\n<meta name=\"twitter:card\" content=\"summary_large_image\" \/>\n<meta name=\"twitter:label1\" content=\"Dur\u00e9e de lecture estim\u00e9e\" \/>\n\t<meta name=\"twitter:data1\" content=\"3 minutes\" \/>\n<script type=\"application\/ld+json\" class=\"yoast-schema-graph\">{\"@context\":\"https:\/\/schema.org\",\"@graph\":[{\"@type\":\"WebPage\",\"@id\":\"https:\/\/subszone.com\/product\/phenylacetic-acid-2\/\",\"url\":\"https:\/\/subszone.com\/product\/phenylacetic-acid-2\/\",\"name\":\"Buy Phenylacetic Acid Supplier Online - Phenylacetic Acid for Sale\",\"isPartOf\":{\"@id\":\"https:\/\/subszone.com\/#website\"},\"primaryImageOfPage\":{\"@id\":\"https:\/\/subszone.com\/product\/phenylacetic-acid-2\/#primaryimage\"},\"image\":{\"@id\":\"https:\/\/subszone.com\/product\/phenylacetic-acid-2\/#primaryimage\"},\"thumbnailUrl\":\"https:\/\/subszone.com\/wp-content\/uploads\/2024\/10\/Phenylacetic-Acid-2.gif\",\"datePublished\":\"2024-11-08T04:55:58+00:00\",\"dateModified\":\"2025-02-25T07:22:20+00:00\",\"description\":\"If you wish to buy phenylacetic acid supplier online, our online subszone store can help. We have comirnaty high-quality phenylacetic acid for sale at the best rates here. Place your order and grab the latest deals today!\",\"breadcrumb\":{\"@id\":\"https:\/\/subszone.com\/product\/phenylacetic-acid-2\/#breadcrumb\"},\"inLanguage\":\"fr-FR\",\"potentialAction\":[{\"@type\":\"ReadAction\",\"target\":[\"https:\/\/subszone.com\/product\/phenylacetic-acid-2\/\"]}]},{\"@type\":\"ImageObject\",\"inLanguage\":\"fr-FR\",\"@id\":\"https:\/\/subszone.com\/product\/phenylacetic-acid-2\/#primaryimage\",\"url\":\"https:\/\/subszone.com\/wp-content\/uploads\/2024\/10\/Phenylacetic-Acid-2.gif\",\"contentUrl\":\"https:\/\/subszone.com\/wp-content\/uploads\/2024\/10\/Phenylacetic-Acid-2.gif\",\"width\":600,\"height\":600,\"caption\":\"Buy Phenylacetic Acid Supplier Online\"},{\"@type\":\"BreadcrumbList\",\"@id\":\"https:\/\/subszone.com\/product\/phenylacetic-acid-2\/#breadcrumb\",\"itemListElement\":[{\"@type\":\"ListItem\",\"position\":1,\"name\":\"Home\",\"item\":\"https:\/\/subszone.com\/\"},{\"@type\":\"ListItem\",\"position\":2,\"name\":\"Shop\",\"item\":\"https:\/\/subszone.com\/shop\/\"},{\"@type\":\"ListItem\",\"position\":3,\"name\":\"Buy Phenylacetic Acid Online\"}]},{\"@type\":\"WebSite\",\"@id\":\"https:\/\/subszone.com\/#website\",\"url\":\"https:\/\/subszone.com\/\",\"name\":\"SubsZone\",\"description\":\"My WordPress Blog\",\"publisher\":{\"@id\":\"https:\/\/subszone.com\/#organization\"},\"potentialAction\":[{\"@type\":\"SearchAction\",\"target\":{\"@type\":\"EntryPoint\",\"urlTemplate\":\"https:\/\/subszone.com\/?s={search_term_string}\"},\"query-input\":{\"@type\":\"PropertyValueSpecification\",\"valueRequired\":true,\"valueName\":\"search_term_string\"}}],\"inLanguage\":\"fr-FR\"},{\"@type\":\"Organization\",\"@id\":\"https:\/\/subszone.com\/#organization\",\"name\":\"SubsZone\",\"url\":\"https:\/\/subszone.com\/\",\"logo\":{\"@type\":\"ImageObject\",\"inLanguage\":\"fr-FR\",\"@id\":\"https:\/\/subszone.com\/#\/schema\/logo\/image\/\",\"url\":\"https:\/\/subszone.com\/wp-content\/uploads\/2024\/10\/logo.png\",\"contentUrl\":\"https:\/\/subszone.com\/wp-content\/uploads\/2024\/10\/logo.png\",\"width\":193,\"height\":50,\"caption\":\"SubsZone\"},\"image\":{\"@id\":\"https:\/\/subszone.com\/#\/schema\/logo\/image\/\"}}]}<\/script>\n<!-- \/ Yoast SEO plugin. -->","yoast_head_json":{"title":"Buy Phenylacetic Acid Supplier Online - Phenylacetic Acid for Sale","description":"Si vous souhaitez acheter de l'acide ph\u00e9nylac\u00e9tique en ligne, notre magasin en ligne subszone peut vous aider. Nous avons de l'acide ph\u00e9nylac\u00e9tique de haute qualit\u00e9 en vente aux meilleurs prix. Passez votre commande et profitez des derni\u00e8res offres d\u00e8s aujourd'hui !","robots":{"index":"index","follow":"follow","max-snippet":"max-snippet:-1","max-image-preview":"max-image-preview:large","max-video-preview":"max-video-preview:-1"},"canonical":"https:\/\/subszone.com\/fr\/product\/acide-phenylacetique-2\/","og_locale":"fr_FR","og_type":"article","og_title":"Buy Phenylacetic Acid Supplier Online - Phenylacetic Acid for Sale","og_description":"If you wish to buy phenylacetic acid supplier online, our online subszone store can help. We have comirnaty high-quality phenylacetic acid for sale at the best rates here. Place your order and grab the latest deals today!","og_url":"https:\/\/subszone.com\/fr\/product\/acide-phenylacetique-2\/","og_site_name":"SubsZone","article_modified_time":"2025-02-25T07:22:20+00:00","og_image":[{"width":600,"height":600,"url":"https:\/\/subszone.com\/wp-content\/uploads\/2024\/10\/Phenylacetic-Acid-2.gif","type":"image\/gif"}],"twitter_card":"summary_large_image","twitter_misc":{"Dur\u00e9e de lecture estim\u00e9e":"3 minutes"},"schema":{"@context":"https:\/\/schema.org","@graph":[{"@type":"WebPage","@id":"https:\/\/subszone.com\/product\/phenylacetic-acid-2\/","url":"https:\/\/subszone.com\/product\/phenylacetic-acid-2\/","name":"Buy Phenylacetic Acid Supplier Online - Phenylacetic Acid for Sale","isPartOf":{"@id":"https:\/\/subszone.com\/#website"},"primaryImageOfPage":{"@id":"https:\/\/subszone.com\/product\/phenylacetic-acid-2\/#primaryimage"},"image":{"@id":"https:\/\/subszone.com\/product\/phenylacetic-acid-2\/#primaryimage"},"thumbnailUrl":"https:\/\/subszone.com\/wp-content\/uploads\/2024\/10\/Phenylacetic-Acid-2.gif","datePublished":"2024-11-08T04:55:58+00:00","dateModified":"2025-02-25T07:22:20+00:00","description":"Si vous souhaitez acheter de l'acide ph\u00e9nylac\u00e9tique en ligne, notre magasin en ligne subszone peut vous aider. Nous avons de l'acide ph\u00e9nylac\u00e9tique de haute qualit\u00e9 en vente aux meilleurs prix. Passez votre commande et profitez des derni\u00e8res offres d\u00e8s aujourd'hui !","breadcrumb":{"@id":"https:\/\/subszone.com\/product\/phenylacetic-acid-2\/#breadcrumb"},"inLanguage":"fr-FR","potentialAction":[{"@type":"ReadAction","target":["https:\/\/subszone.com\/product\/phenylacetic-acid-2\/"]}]},{"@type":"ImageObject","inLanguage":"fr-FR","@id":"https:\/\/subszone.com\/product\/phenylacetic-acid-2\/#primaryimage","url":"https:\/\/subszone.com\/wp-content\/uploads\/2024\/10\/Phenylacetic-Acid-2.gif","contentUrl":"https:\/\/subszone.com\/wp-content\/uploads\/2024\/10\/Phenylacetic-Acid-2.gif","width":600,"height":600,"caption":"Buy Phenylacetic Acid Supplier Online"},{"@type":"BreadcrumbList","@id":"https:\/\/subszone.com\/product\/phenylacetic-acid-2\/#breadcrumb","itemListElement":[{"@type":"ListItem","position":1,"name":"Home","item":"https:\/\/subszone.com\/"},{"@type":"ListItem","position":2,"name":"Shop","item":"https:\/\/subszone.com\/shop\/"},{"@type":"ListItem","position":3,"name":"Buy Phenylacetic Acid Online"}]},{"@type":"WebSite","@id":"https:\/\/subszone.com\/#website","url":"https:\/\/subszone.com\/","name":"SubsZone","description":"Mon blog WordPress","publisher":{"@id":"https:\/\/subszone.com\/#organization"},"potentialAction":[{"@type":"SearchAction","target":{"@type":"EntryPoint","urlTemplate":"https:\/\/subszone.com\/?s={search_term_string}"},"query-input":{"@type":"PropertyValueSpecification","valueRequired":true,"valueName":"search_term_string"}}],"inLanguage":"fr-FR"},{"@type":"Organization","@id":"https:\/\/subszone.com\/#organization","name":"SubsZone","url":"https:\/\/subszone.com\/","logo":{"@type":"ImageObject","inLanguage":"fr-FR","@id":"https:\/\/subszone.com\/#\/schema\/logo\/image\/","url":"https:\/\/subszone.com\/wp-content\/uploads\/2024\/10\/logo.png","contentUrl":"https:\/\/subszone.com\/wp-content\/uploads\/2024\/10\/logo.png","width":193,"height":50,"caption":"SubsZone"},"image":{"@id":"https:\/\/subszone.com\/#\/schema\/logo\/image\/"}}]}},"_links":{"self":[{"href":"https:\/\/subszone.com\/fr\/wp-json\/wp\/v2\/product\/1620","targetHints":{"allow":["GET"]}}],"collection":[{"href":"https:\/\/subszone.com\/fr\/wp-json\/wp\/v2\/product"}],"about":[{"href":"https:\/\/subszone.com\/fr\/wp-json\/wp\/v2\/types\/product"}],"replies":[{"embeddable":true,"href":"https:\/\/subszone.com\/fr\/wp-json\/wp\/v2\/comments?post=1620"}],"wp:featuredmedia":[{"embeddable":true,"href":"https:\/\/subszone.com\/fr\/wp-json\/wp\/v2\/media\/1400"}],"wp:attachment":[{"href":"https:\/\/subszone.com\/fr\/wp-json\/wp\/v2\/media?parent=1620"}],"wp:term":[{"taxonomy":"product_brand","embeddable":true,"href":"https:\/\/subszone.com\/fr\/wp-json\/wp\/v2\/product_brand?post=1620"},{"taxonomy":"product_cat","embeddable":true,"href":"https:\/\/subszone.com\/fr\/wp-json\/wp\/v2\/product_cat?post=1620"},{"taxonomy":"product_tag","embeddable":true,"href":"https:\/\/subszone.com\/fr\/wp-json\/wp\/v2\/product_tag?post=1620"}],"curies":[{"name":"wp","href":"https:\/\/api.w.org\/{rel}","templated":true}]}}