{"id":1072,"date":"2024-10-23T09:38:32","date_gmt":"2024-10-23T09:38:32","guid":{"rendered":"https:\/\/subszone.com\/?post_type=product&#038;p=1072"},"modified":"2025-06-02T11:52:54","modified_gmt":"2025-06-02T11:52:54","slug":"acetone","status":"publish","type":"product","link":"https:\/\/subszone.com\/it\/product\/acetone\/","title":{"rendered":"Acquisto di acetone industriale in vendita online"},"content":{"rendered":"<h2><b>Come acquistare acetone industriale online in modo sicuro e conveniente<\/b><\/h2>\n<h3><b>Introduzione<\/b><\/h3>\n<p><span style=\"font-weight: 400;\">L'acetone industriale \u00e8 un solvente di elevata purezza e a rapida evaporazione, largamente utilizzato in <\/span><b>produzione, ricerca di laboratorio, riparazione di autoveicoli e pulizia di veicoli pesanti.<\/b><span style=\"font-weight: 400;\">. La sua versatilit\u00e0 ed efficienza ne fanno un prodotto chimico essenziale in tutti i settori, dalla produzione di materie plastiche e vernici allo sgrassaggio e alla sterilizzazione.<\/span><\/p>\n<p><span style=\"font-weight: 400;\">Se state cercando di <\/span><a href=\"https:\/\/en.wikipedia.org\/wiki\/Acetone\"><b>acquistare acetone industriale online<\/b><\/a><span style=\"font-weight: 400;\">Questa guida contiene tutto ci\u00f2 che \u00e8 necessario sapere per reperire le fonti. <\/span><b>in modo sicuro, legale e al miglior prezzo.<\/b><\/p>\n<h3><b>Che cos'\u00e8 l'acetone industriale?<\/b><\/h3>\n<p><span style=\"font-weight: 400;\">L'acetone industriale (n. CAS 67-64-1) \u00e8 un <\/span><b>liquido volatile e incolore<\/b><span style=\"font-weight: 400;\"> con un odore distinto. Conosciuto per il suo eccezionale potere solvente e la rapida evaporazione, viene comunemente utilizzato per:<\/span><\/p>\n<ul>\n<li style=\"font-weight: 400;\" aria-level=\"1\"><b>Assottigliamento della resina e dell'adesivo<\/b><b>\n<p><\/b><\/li>\n<li style=\"font-weight: 400;\" aria-level=\"1\"><b>Pulizia e sgrassatura dei metalli<\/b><b>\n<p><\/b><\/li>\n<li style=\"font-weight: 400;\" aria-level=\"1\"><b>Sverniciatura e miscelazione di solventi<\/b><b>\n<p><\/b><\/li>\n<li style=\"font-weight: 400;\" aria-level=\"1\"><b>Applicazioni dei reagenti di laboratorio<\/b><b>\n<p><\/b><\/li>\n<\/ul>\n<p><span style=\"font-weight: 400;\">A differenza delle opzioni di livello consumer che si trovano nei negozi al dettaglio, <\/span><b>L'acetone di grado industriale \u00e8 ottimizzato per la scala commerciale e la purezza.<\/b><\/p>\n<h3><b>Conoscere l'acetone per uso industriale<\/b><\/h3>\n<p><span style=\"font-weight: 400;\">Quando si acquista online, \u00e8 importante sapere che cosa contraddistingue <\/span><b>acetone industriale<\/b><span style=\"font-weight: 400;\"> da gradi inferiori:<\/span><\/p>\n<h4><b>Livelli di purezza<\/b><\/h4>\n<ul>\n<li style=\"font-weight: 400;\" aria-level=\"1\"><span style=\"font-weight: 400;\">Concentrazione standard: <\/span><b>\u226599,5% puro<\/b><b>\n<p><\/b><\/li>\n<li style=\"font-weight: 400;\" aria-level=\"1\"><span style=\"font-weight: 400;\">Disponibile in qualit\u00e0 tecnica, ACS e da laboratorio, a seconda dell'applicazione.<\/span><span style=\"font-weight: 400;\">\n<p><\/span><\/li>\n<\/ul>\n<h4><b>Opzioni di imballaggio<\/b><\/h4>\n<p><span style=\"font-weight: 400;\">Per soddisfare le esigenze di trasporto alla rinfusa e di manipolazione sicura, l'acetone viene solitamente confezionato in confezioni:<\/span><\/p>\n<ul>\n<li style=\"font-weight: 400;\" aria-level=\"1\"><b>Contenitori da 1 o 5 galloni<\/b><b>\n<p><\/b><\/li>\n<li style=\"font-weight: 400;\" aria-level=\"1\"><b>Fusti da 20L o 200L<\/b><b>\n<p><\/b><\/li>\n<li style=\"font-weight: 400;\" aria-level=\"1\"><b>Totes IBC (Intermediate Bulk Containers)<\/b><span style=\"font-weight: 400;\"> per l'uso industriale ad alto volume<\/span><span style=\"font-weight: 400;\">\n<p><\/span><\/li>\n<\/ul>\n<h4><b>Industriale vs. Consumer-Grade<\/b><\/h4>\n<ul>\n<li style=\"font-weight: 400;\" aria-level=\"1\"><b>Acetone industriale<\/b><span style=\"font-weight: 400;\"> \u00e8 sottoposto a una filtrazione e a test rigorosi<\/span><span style=\"font-weight: 400;\">\n<p><\/span><\/li>\n<li style=\"font-weight: 400;\" aria-level=\"1\"><b>Acetone per i consumatori<\/b><span style=\"font-weight: 400;\"> \u00e8 spesso diluito o miscelato per l'uso domestico, non \u00e8 adatto per la produzione o per gli ambienti regolamentati<\/span><span style=\"font-weight: 400;\">\n<p><\/span><\/li>\n<\/ul>\n<h3><b>Considerazioni legali e di sicurezza<\/b><\/h3>\n<p><span style=\"font-weight: 400;\">Poich\u00e9 l'acetone \u00e8 un <\/span><b>sostanza infiammabile (UN 1090)<\/b><span style=\"font-weight: 400;\">Quando si ordina online, si applicano alcune norme.<\/span><\/p>\n<h4><b>Regolamenti di spedizione<\/b><\/h4>\n<ul>\n<li style=\"font-weight: 400;\" aria-level=\"1\"><span style=\"font-weight: 400;\">Deve essere spedito come un <\/span><b>materiale pericoloso<\/b><span style=\"font-weight: 400;\"> (HazMat)<\/span><span style=\"font-weight: 400;\">\n<p><\/span><\/li>\n<li style=\"font-weight: 400;\" aria-level=\"1\"><span style=\"font-weight: 400;\">Richiede <\/span><b>Contenitori non approvati<\/b><span style=\"font-weight: 400;\"> e <\/span><b>vettori autorizzati<\/b><b>\n<p><\/b><\/li>\n<\/ul>\n<h4><b>Requisiti di conformit\u00e0<\/b><\/h4>\n<ul>\n<li style=\"font-weight: 400;\" aria-level=\"1\"><span style=\"font-weight: 400;\">I venditori devono seguire <\/span><b>OSHA<\/b><span style=\"font-weight: 400;\">, <\/span><b>EPA<\/b><span style=\"font-weight: 400;\">e le leggi locali sulla sicurezza<\/span><span style=\"font-weight: 400;\">\n<p><\/span><\/li>\n<li style=\"font-weight: 400;\" aria-level=\"1\"><span style=\"font-weight: 400;\">Garantire la disponibilit\u00e0 di <\/span><b>Schede di sicurezza (SDS)<\/b><span style=\"font-weight: 400;\"> e corretta <\/span><b>etichettatura di pericolo<\/b><span style=\"font-weight: 400;\"> su tutte le spedizioni<\/span><span style=\"font-weight: 400;\">\n<p><\/span><\/li>\n<\/ul>\n<p><span style=\"font-weight: 400;\">Prima di effettuare un ordine, verificare che il fornitore sia conforme e offra una documentazione come:<\/span><\/p>\n<ul>\n<li style=\"font-weight: 400;\" aria-level=\"1\"><b>SCHEDA DI SICUREZZA\/SDS<\/b><b>\n<p><\/b><\/li>\n<li style=\"font-weight: 400;\" aria-level=\"1\"><b>Certificato di analisi (COA)<\/b><b>\n<p><\/b><\/li>\n<li style=\"font-weight: 400;\" aria-level=\"1\"><b>Etichette di classificazione per la spedizione<\/b><b>\n<p><\/b><\/li>\n<\/ul>\n<h3><b>Dove acquistare l'acetone industriale online<\/b><\/h3>\n<p><span style=\"font-weight: 400;\">Quando si cerca <\/span><a href=\"https:\/\/subszone.com\/it\/product\/acetone\/\"><b>acetone industriale in vendita<\/b><\/a><span style=\"font-weight: 400;\">dare priorit\u00e0 ai fornitori specializzati in prodotti chimici sfusi e che rispettano le leggi sulla sicurezza del trasporto di prodotti chimici.<\/span><\/p>\n<h4><b>Le fonti affidabili includono:<\/b><\/h4>\n<ul>\n<li style=\"font-weight: 400;\" aria-level=\"1\"><span style=\"font-weight: 400;\">Rispettabile <\/span><b>distributori di prodotti chimici<\/b><span style=\"font-weight: 400;\"> e <\/span><b>fornitori industriali<\/b><b>\n<p><\/b><\/li>\n<li style=\"font-weight: 400;\" aria-level=\"1\"><span style=\"font-weight: 400;\">In linea <\/span><b>Mercati chimici B2B<\/b><b>\n<p><\/b><\/li>\n<li style=\"font-weight: 400;\" aria-level=\"1\"><span style=\"font-weight: 400;\">Fornitori con recensioni verificate e <\/span><b>Certificazioni di spedizione HazMat<\/b><b>\n<p><\/b><\/li>\n<\/ul>\n<p><span style=\"font-weight: 400;\">Diffidate dei venditori senza specifiche dettagliate, senza accesso alle SDS o con prezzi troppo vaghi.<\/span><\/p>\n<h3><b>Conclusione<\/b><\/h3>\n<h4><b>Lista di controllo rapida prima di acquistare acetone industriale online:<\/b><\/h4>\n<ul>\n<li style=\"font-weight: 400;\" aria-level=\"1\"><span style=\"font-weight: 400;\">Confermare il livello di purezza (\u226599,5%)<\/span><span style=\"font-weight: 400;\">\n<p><\/span><\/li>\n<li style=\"font-weight: 400;\" aria-level=\"1\"><span style=\"font-weight: 400;\">Scegliere la giusta dimensione dell'imballaggio (fusto, cassone, contenitore)<\/span><span style=\"font-weight: 400;\">\n<p><\/span><\/li>\n<li style=\"font-weight: 400;\" aria-level=\"1\"><span style=\"font-weight: 400;\">Prima dell'acquisto, richiedere la scheda di sicurezza e il COA.<\/span><span style=\"font-weight: 400;\">\n<p><\/span><\/li>\n<li style=\"font-weight: 400;\" aria-level=\"1\"><span style=\"font-weight: 400;\">Assicurarsi che il fornitore sia conforme alla normativa UN 1090 sulla spedizione di materiali pericolosi.<\/span><span style=\"font-weight: 400;\">\n<p><\/span><\/li>\n<li style=\"font-weight: 400;\" aria-level=\"1\"><span style=\"font-weight: 400;\">Confrontate i prezzi dei prodotti sfusi per ottenere le migliori offerte<\/span><span style=\"font-weight: 400;\">\n<p><\/span><\/li>\n<\/ul>\n<p><span style=\"font-weight: 400;\">Se siete alla ricerca di un <\/span><b>prezzo dell'acetone industriale a buon mercato<\/b><span style=\"font-weight: 400;\"> senza compromettere la sicurezza o la qualit\u00e0, assicuratevi di confrontare i fornitori in base alla conformit\u00e0, alla documentazione e all'assistenza clienti.<\/span><\/p>","protected":false},"excerpt":{"rendered":"<div>\n<p>L'acetone \u00e8 un liquido incolore e volatile che viene comunemente utilizzato come solvente in varie applicazioni industriali e domestiche. \u00c8 noto per la sua efficacia nel dissolvere la plastica e altre sostanze. L'acetone \u00e8 anche un ingrediente chiave del solvente per unghie e viene utilizzato nei laboratori e nei processi produttivi.<\/p>\n<p>In termini di struttura chimica, l'acetone \u00e8 un chetone semplice con formula <span class=\"katex\"><span class=\"katex-mathml\">C3H6OC_3H_6O<\/span><span class=\"katex-html\" aria-hidden=\"true\"><span class=\"base\"><span class=\"mord\"><span class=\"mord mathnormal\">C<\/span><span class=\"msupsub\"><span class=\"vlist-t vlist-t2\"><span class=\"vlist-r\"><span class=\"vlist\"><span class=\"sizing reset-size6 size3 mtight\"><span class=\"mord mtight\">3<\/span><\/span><\/span><span class=\"vlist-s\">\u200b<\/span><\/span><\/span><\/span><\/span><span class=\"mord\"><span class=\"mord mathnormal\">H<\/span><span class=\"msupsub\"><span class=\"vlist-t vlist-t2\"><span class=\"vlist-r\"><span class=\"vlist\"><span class=\"sizing reset-size6 size3 mtight\"><span class=\"mord mtight\">6<\/span><\/span><\/span><span class=\"vlist-s\">\u200b<\/span><\/span><\/span><\/span><\/span><span class=\"mord mathnormal\">O<\/span><\/span><\/span><\/span>. \u00c8 altamente infiammabile e deve essere maneggiato con cura, poich\u00e9 l'inalazione dei suoi vapori pu\u00f2 causare irritazioni al sistema respiratorio.<\/p>\n<\/div>\n<div><\/div>\n<div class=\"jss1635\"><strong><span class=\"MuiTypography-root MuiTypography-caption\">Sinonimi:\u00a0<\/span><span class=\"MuiTypography-root jss1636 MuiTypography-body1\"><span class=\"jss1638\">Acetone<\/span><\/span><\/strong><\/div>\n<div class=\"jss1639\">\n<p><strong><span class=\"MuiTypography-root MuiTypography-caption\">Formula lineare:\u00a0<\/span><span class=\"MuiTypography-root jss1636 MuiTypography-body1\"><span class=\"jss1638\">CH<sub>3<\/sub>COCH<sub>3<\/sub><\/span><\/span><\/strong><\/p>\n<p><strong><span style=\"font-family: var(--global-body-font-family);\">Numero CAS: <\/span>67-64-1<\/strong><\/p>\n<p><strong><span style=\"font-family: var(--global-body-font-family);\">Peso molecolare: <\/span><span style=\"font-family: var(--global-body-font-family);\">58.08<\/span><\/strong><\/p>\n<dl class=\"jss1648\">\n<dt>\n<div class=\"MuiTypography-root MuiTypography-caption\"><strong>Beilstein No: <span style=\"font-family: var(--global-body-font-family);\">635680<\/span><\/strong><\/div>\n<\/dt>\n<\/dl>\n<\/div>","protected":false},"featured_media":1316,"comment_status":"open","ping_status":"closed","template":"","meta":{"_kadence_starter_templates_imported_post":false,"_kad_post_transparent":"default","_kad_post_title":"","_kad_post_layout":"default","_kad_post_sidebar_id":"","_kad_post_content_style":"default","_kad_post_vertical_padding":"default","_kad_post_feature":"","_kad_post_feature_position":"","_kad_post_header":false,"_kad_post_footer":false,"_joinchat":[]},"product_brand":[],"product_cat":[46],"product_tag":[1161,1167,1160,1165,1164,1169,1162,1155,1166,1163,1159,1173,1171,1153,1157,1154,1170,1158,1156,1172,1168],"class_list":{"0":"post-1072","1":"product","2":"type-product","3":"status-publish","4":"has-post-thumbnail","6":"product_cat-paints-dyes-and-pigments","7":"product_tag-acetone-as-solvent","8":"product_tag-acetone-distributor","9":"product_tag-acetone-for-chemical-manufacturing","10":"product_tag-acetone-for-cleaning-applications","11":"product_tag-acetone-for-cosmetics-production","12":"product_tag-acetone-for-industrial-applications","13":"product_tag-acetone-for-laboratory-use","14":"product_tag-acetone-for-sale","15":"product_tag-acetone-in-paint-and-coatings","16":"product_tag-acetone-in-pharmaceuticals","17":"product_tag-acetone-price-and-availability","18":"product_tag-acetone-procurement","19":"product_tag-acetone-safety-and-compliance","20":"product_tag-acetone-supplier","21":"product_tag-bulk-acetone-supplier","22":"product_tag-buy-acetone","23":"product_tag-commercial-acetone-supply","24":"product_tag-high-purity-acetone","25":"product_tag-industrial-acetone-supply","26":"product_tag-reliable-acetone-supplier","27":"product_tag-where-to-buy-acetone","29":"first","30":"instock","31":"shipping-taxable","32":"product-type-simple","33":"entry","34":"content-bg","35":"loop-entry"},"yoast_head":"<!-- This site is optimized with the Yoast SEO plugin v25.6 - https:\/\/yoast.com\/wordpress\/plugins\/seo\/ -->\n<title>Industrial Acetone for Sale - Buy Acetone Online<\/title>\n<meta name=\"description\" content=\"You can get acetone for sale at the best rates from our online store. We are here to help you buy industrial acetone online. Connect with best store in town today!\" \/>\n<meta name=\"robots\" content=\"index, follow, max-snippet:-1, max-image-preview:large, max-video-preview:-1\" \/>\n<link rel=\"canonical\" href=\"https:\/\/subszone.com\/it\/product\/acetone\/\" \/>\n<meta property=\"og:locale\" content=\"it_IT\" \/>\n<meta property=\"og:type\" content=\"article\" \/>\n<meta property=\"og:title\" content=\"Industrial Acetone for Sale - Buy Acetone Online\" \/>\n<meta property=\"og:description\" content=\"You can get acetone for sale at the best rates from our online store. We are here to help you buy industrial acetone online. Connect with best store in town today!\" \/>\n<meta property=\"og:url\" content=\"https:\/\/subszone.com\/it\/product\/acetone\/\" \/>\n<meta property=\"og:site_name\" content=\"SubsZone\" \/>\n<meta property=\"article:modified_time\" content=\"2025-06-02T11:52:54+00:00\" \/>\n<meta property=\"og:image\" content=\"https:\/\/subszone.com\/wp-content\/uploads\/2024\/10\/Acetone-1.webp\" \/>\n\t<meta property=\"og:image:width\" content=\"1024\" \/>\n\t<meta property=\"og:image:height\" content=\"1024\" \/>\n\t<meta property=\"og:image:type\" content=\"image\/webp\" \/>\n<meta name=\"twitter:card\" content=\"summary_large_image\" \/>\n<meta name=\"twitter:label1\" content=\"Tempo di lettura stimato\" \/>\n\t<meta name=\"twitter:data1\" content=\"3 minuti\" \/>\n<script type=\"application\/ld+json\" class=\"yoast-schema-graph\">{\"@context\":\"https:\/\/schema.org\",\"@graph\":[{\"@type\":\"WebPage\",\"@id\":\"https:\/\/subszone.com\/product\/acetone\/\",\"url\":\"https:\/\/subszone.com\/product\/acetone\/\",\"name\":\"Industrial Acetone for Sale - Buy Acetone Online\",\"isPartOf\":{\"@id\":\"https:\/\/subszone.com\/#website\"},\"primaryImageOfPage\":{\"@id\":\"https:\/\/subszone.com\/product\/acetone\/#primaryimage\"},\"image\":{\"@id\":\"https:\/\/subszone.com\/product\/acetone\/#primaryimage\"},\"thumbnailUrl\":\"https:\/\/subszone.com\/wp-content\/uploads\/2024\/10\/Acetone-1.webp\",\"datePublished\":\"2024-10-23T09:38:32+00:00\",\"dateModified\":\"2025-06-02T11:52:54+00:00\",\"description\":\"You can get acetone for sale at the best rates from our online store. We are here to help you buy industrial acetone online. Connect with best store in town today!\",\"breadcrumb\":{\"@id\":\"https:\/\/subszone.com\/product\/acetone\/#breadcrumb\"},\"inLanguage\":\"it-IT\",\"potentialAction\":[{\"@type\":\"ReadAction\",\"target\":[\"https:\/\/subszone.com\/product\/acetone\/\"]}]},{\"@type\":\"ImageObject\",\"inLanguage\":\"it-IT\",\"@id\":\"https:\/\/subszone.com\/product\/acetone\/#primaryimage\",\"url\":\"https:\/\/subszone.com\/wp-content\/uploads\/2024\/10\/Acetone-1.webp\",\"contentUrl\":\"https:\/\/subszone.com\/wp-content\/uploads\/2024\/10\/Acetone-1.webp\",\"width\":1024,\"height\":1024,\"caption\":\"Buy Acetone Online\"},{\"@type\":\"BreadcrumbList\",\"@id\":\"https:\/\/subszone.com\/product\/acetone\/#breadcrumb\",\"itemListElement\":[{\"@type\":\"ListItem\",\"position\":1,\"name\":\"Home\",\"item\":\"https:\/\/subszone.com\/\"},{\"@type\":\"ListItem\",\"position\":2,\"name\":\"Shop\",\"item\":\"https:\/\/subszone.com\/shop\/\"},{\"@type\":\"ListItem\",\"position\":3,\"name\":\"Buy Industrial Acetone for Sale Online\"}]},{\"@type\":\"WebSite\",\"@id\":\"https:\/\/subszone.com\/#website\",\"url\":\"https:\/\/subszone.com\/\",\"name\":\"SubsZone\",\"description\":\"My WordPress Blog\",\"publisher\":{\"@id\":\"https:\/\/subszone.com\/#organization\"},\"potentialAction\":[{\"@type\":\"SearchAction\",\"target\":{\"@type\":\"EntryPoint\",\"urlTemplate\":\"https:\/\/subszone.com\/?s={search_term_string}\"},\"query-input\":{\"@type\":\"PropertyValueSpecification\",\"valueRequired\":true,\"valueName\":\"search_term_string\"}}],\"inLanguage\":\"it-IT\"},{\"@type\":\"Organization\",\"@id\":\"https:\/\/subszone.com\/#organization\",\"name\":\"SubsZone\",\"url\":\"https:\/\/subszone.com\/\",\"logo\":{\"@type\":\"ImageObject\",\"inLanguage\":\"it-IT\",\"@id\":\"https:\/\/subszone.com\/#\/schema\/logo\/image\/\",\"url\":\"https:\/\/subszone.com\/wp-content\/uploads\/2024\/10\/logo.png\",\"contentUrl\":\"https:\/\/subszone.com\/wp-content\/uploads\/2024\/10\/logo.png\",\"width\":193,\"height\":50,\"caption\":\"SubsZone\"},\"image\":{\"@id\":\"https:\/\/subszone.com\/#\/schema\/logo\/image\/\"}}]}<\/script>\n<!-- \/ Yoast SEO plugin. -->","yoast_head_json":{"title":"Vendita di acetone industriale - Acquisto di acetone online","description":"\u00c8 possibile ottenere acetone in vendita ai migliori prezzi dal nostro negozio online. Siamo qui per aiutarvi a comprare acetone industriale online. Collegatevi con il miglior negozio della citt\u00e0 oggi!","robots":{"index":"index","follow":"follow","max-snippet":"max-snippet:-1","max-image-preview":"max-image-preview:large","max-video-preview":"max-video-preview:-1"},"canonical":"https:\/\/subszone.com\/it\/product\/acetone\/","og_locale":"it_IT","og_type":"article","og_title":"Industrial Acetone for Sale - Buy Acetone Online","og_description":"You can get acetone for sale at the best rates from our online store. We are here to help you buy industrial acetone online. Connect with best store in town today!","og_url":"https:\/\/subszone.com\/it\/product\/acetone\/","og_site_name":"SubsZone","article_modified_time":"2025-06-02T11:52:54+00:00","og_image":[{"width":1024,"height":1024,"url":"https:\/\/subszone.com\/wp-content\/uploads\/2024\/10\/Acetone-1.webp","type":"image\/webp"}],"twitter_card":"summary_large_image","twitter_misc":{"Tempo di lettura stimato":"3 minuti"},"schema":{"@context":"https:\/\/schema.org","@graph":[{"@type":"WebPage","@id":"https:\/\/subszone.com\/product\/acetone\/","url":"https:\/\/subszone.com\/product\/acetone\/","name":"Vendita di acetone industriale - Acquisto di acetone online","isPartOf":{"@id":"https:\/\/subszone.com\/#website"},"primaryImageOfPage":{"@id":"https:\/\/subszone.com\/product\/acetone\/#primaryimage"},"image":{"@id":"https:\/\/subszone.com\/product\/acetone\/#primaryimage"},"thumbnailUrl":"https:\/\/subszone.com\/wp-content\/uploads\/2024\/10\/Acetone-1.webp","datePublished":"2024-10-23T09:38:32+00:00","dateModified":"2025-06-02T11:52:54+00:00","description":"\u00c8 possibile ottenere acetone in vendita ai migliori prezzi dal nostro negozio online. Siamo qui per aiutarvi a comprare acetone industriale online. Collegatevi con il miglior negozio della citt\u00e0 oggi!","breadcrumb":{"@id":"https:\/\/subszone.com\/product\/acetone\/#breadcrumb"},"inLanguage":"it-IT","potentialAction":[{"@type":"ReadAction","target":["https:\/\/subszone.com\/product\/acetone\/"]}]},{"@type":"ImageObject","inLanguage":"it-IT","@id":"https:\/\/subszone.com\/product\/acetone\/#primaryimage","url":"https:\/\/subszone.com\/wp-content\/uploads\/2024\/10\/Acetone-1.webp","contentUrl":"https:\/\/subszone.com\/wp-content\/uploads\/2024\/10\/Acetone-1.webp","width":1024,"height":1024,"caption":"Buy Acetone Online"},{"@type":"BreadcrumbList","@id":"https:\/\/subszone.com\/product\/acetone\/#breadcrumb","itemListElement":[{"@type":"ListItem","position":1,"name":"Home","item":"https:\/\/subszone.com\/"},{"@type":"ListItem","position":2,"name":"Shop","item":"https:\/\/subszone.com\/shop\/"},{"@type":"ListItem","position":3,"name":"Buy Industrial Acetone for Sale Online"}]},{"@type":"WebSite","@id":"https:\/\/subszone.com\/#website","url":"https:\/\/subszone.com\/","name":"SubsZone","description":"Il mio blog WordPress","publisher":{"@id":"https:\/\/subszone.com\/#organization"},"potentialAction":[{"@type":"SearchAction","target":{"@type":"EntryPoint","urlTemplate":"https:\/\/subszone.com\/?s={search_term_string}"},"query-input":{"@type":"PropertyValueSpecification","valueRequired":true,"valueName":"search_term_string"}}],"inLanguage":"it-IT"},{"@type":"Organization","@id":"https:\/\/subszone.com\/#organization","name":"SubsZone","url":"https:\/\/subszone.com\/","logo":{"@type":"ImageObject","inLanguage":"it-IT","@id":"https:\/\/subszone.com\/#\/schema\/logo\/image\/","url":"https:\/\/subszone.com\/wp-content\/uploads\/2024\/10\/logo.png","contentUrl":"https:\/\/subszone.com\/wp-content\/uploads\/2024\/10\/logo.png","width":193,"height":50,"caption":"SubsZone"},"image":{"@id":"https:\/\/subszone.com\/#\/schema\/logo\/image\/"}}]}},"_links":{"self":[{"href":"https:\/\/subszone.com\/it\/wp-json\/wp\/v2\/product\/1072","targetHints":{"allow":["GET"]}}],"collection":[{"href":"https:\/\/subszone.com\/it\/wp-json\/wp\/v2\/product"}],"about":[{"href":"https:\/\/subszone.com\/it\/wp-json\/wp\/v2\/types\/product"}],"replies":[{"embeddable":true,"href":"https:\/\/subszone.com\/it\/wp-json\/wp\/v2\/comments?post=1072"}],"wp:featuredmedia":[{"embeddable":true,"href":"https:\/\/subszone.com\/it\/wp-json\/wp\/v2\/media\/1316"}],"wp:attachment":[{"href":"https:\/\/subszone.com\/it\/wp-json\/wp\/v2\/media?parent=1072"}],"wp:term":[{"taxonomy":"product_brand","embeddable":true,"href":"https:\/\/subszone.com\/it\/wp-json\/wp\/v2\/product_brand?post=1072"},{"taxonomy":"product_cat","embeddable":true,"href":"https:\/\/subszone.com\/it\/wp-json\/wp\/v2\/product_cat?post=1072"},{"taxonomy":"product_tag","embeddable":true,"href":"https:\/\/subszone.com\/it\/wp-json\/wp\/v2\/product_tag?post=1072"}],"curies":[{"name":"wp","href":"https:\/\/api.w.org\/{rel}","templated":true}]}}