{"id":1080,"date":"2024-10-23T10:08:14","date_gmt":"2024-10-23T10:08:14","guid":{"rendered":"https:\/\/subszone.com\/?post_type=product&#038;p=1080"},"modified":"2025-05-31T06:31:54","modified_gmt":"2025-05-31T06:31:54","slug":"benzaldeide","status":"publish","type":"product","link":"https:\/\/subszone.com\/it\/product\/benzaldeide\/","title":{"rendered":"Acquistare Benzaldeide online"},"content":{"rendered":"<h2><b>Acquistare Benzaldeide online - Pura, affidabile e conveniente per l'industria e la ricerca<\/b><\/h2>\n<p><span style=\"font-weight: 400;\">State cercando di <\/span><a href=\"https:\/\/subszone.com\/it\/product\/benzaldeide\/\"><b>acquistare Benzaldeide online<\/b><\/a><span style=\"font-weight: 400;\"> da una fonte affidabile? Che si tratti di prodotti farmaceutici, di produzione di profumi o di ricerca chimica, l'approvvigionamento di benzaldeide di alta qualit\u00e0 \u00e8 fondamentale per ottenere risultati ottimali. La nostra benzaldeide di alta qualit\u00e0 \u00e8 disponibile in diversi gradi, con documentazione completa, prezzi competitivi e consegna sicura. <\/span><b>il miglior posto per comprare Benzaldeide<\/b><span style=\"font-weight: 400;\"> online.<\/span><\/p>\n<p><b>Che cos'\u00e8 la benzaldeide?<\/b><\/p>\n<p><span style=\"font-weight: 400;\">La benzaldeide (C\u2087H\u2086O) \u00e8 un'aldeide aromatica caratterizzata dal caratteristico aroma di mandorla. \u00c8 ampiamente utilizzata in:<\/span><\/p>\n<ul>\n<li style=\"font-weight: 400;\" aria-level=\"1\"><b>Fragranze e aromi<\/b>&nbsp;<\/li>\n<li style=\"font-weight: 400;\" aria-level=\"1\"><b>Sintesi farmaceutica<\/b>&nbsp;<\/li>\n<li style=\"font-weight: 400;\" aria-level=\"1\"><b>Intermedi chimici<\/b>&nbsp;<\/li>\n<li style=\"font-weight: 400;\" aria-level=\"1\"><b>Reagenti di laboratorio<\/b>&nbsp;<\/li>\n<\/ul>\n<p><span style=\"font-weight: 400;\">La sua purezza e il suo grado influenzano direttamente le prestazioni del prodotto, rendendo essenziale la scelta della specifica giusta per la vostra applicazione.<\/span><\/p>\n<p><b>Perch\u00e9 acquistare la benzaldeide online?<\/b><\/p>\n<p><span style=\"font-weight: 400;\">L'acquisto di Benzaldeide online offre una convenienza senza pari, tra cui:<\/span><\/p>\n<ul>\n<li style=\"font-weight: 400;\" aria-level=\"1\"><span style=\"font-weight: 400;\">Facile accesso a vari gradi di purezza su misura per le vostre esigenze<\/span>&nbsp;<\/li>\n<li style=\"font-weight: 400;\" aria-level=\"1\"><span style=\"font-weight: 400;\">Prezzi competitivi con opzioni per grandi e piccole quantit\u00e0<\/span>&nbsp;<\/li>\n<li style=\"font-weight: 400;\" aria-level=\"1\"><span style=\"font-weight: 400;\">Consegna diretta a domicilio o presso la struttura, per risparmiare tempo e fatica<\/span>&nbsp;<\/li>\n<\/ul>\n<p><span style=\"font-weight: 400;\">I mercati online e i fornitori certificati consentono di confrontare qualit\u00e0 e prezzi senza problemi.<\/span><\/p>\n<h3><b>Scelta del giusto grado di benzaldeide<\/b><\/h3>\n<p><span style=\"font-weight: 400;\">Offriamo Benzaldeide in:<\/span><\/p>\n<ul>\n<li style=\"font-weight: 400;\" aria-level=\"1\"><b>Grado tecnico<\/b><span style=\"font-weight: 400;\"> per uso chimico generale<\/span>&nbsp;<\/li>\n<li style=\"font-weight: 400;\" aria-level=\"1\"><b>Grado farmaceutico<\/b><span style=\"font-weight: 400;\"> soddisfacendo i pi\u00f9 severi standard di purezza<\/span>&nbsp;<\/li>\n<li style=\"font-weight: 400;\" aria-level=\"1\"><b>Grado di elevata purezza<\/b><span style=\"font-weight: 400;\"> per applicazioni analitiche o di sintesi sensibili<\/span>&nbsp;<\/li>\n<\/ul>\n<p><span style=\"font-weight: 400;\">La scelta del grado appropriato garantisce la compatibilit\u00e0 e risultati ottimali nei vostri processi.<\/span><\/p>\n<h3><b>Come trovare fornitori affidabili online<\/b><\/h3>\n<p><span style=\"font-weight: 400;\">Al momento dell'ordine <a href=\"https:\/\/en.wikipedia.org\/wiki\/Benzaldehyde\">Benzaldeide<\/a> online, considerare:<\/span><\/p>\n<ul>\n<li style=\"font-weight: 400;\" aria-level=\"1\"><span style=\"font-weight: 400;\">Verificato <\/span><b>certificazioni<\/b><span style=\"font-weight: 400;\"> come la conformit\u00e0 ISO e GMP<\/span>&nbsp;<\/li>\n<li style=\"font-weight: 400;\" aria-level=\"1\"><span style=\"font-weight: 400;\">Dettagli trasparenti sul prodotto, tra cui <\/span><b>Certificato di analisi (COA)<\/b><span style=\"font-weight: 400;\"> e schede di sicurezza (SDS)<\/span>&nbsp;<\/li>\n<li style=\"font-weight: 400;\" aria-level=\"1\"><span style=\"font-weight: 400;\">Positivo <\/span><b>recensioni dei clienti<\/b><span style=\"font-weight: 400;\"> e supporto reattivo<\/span>&nbsp;<\/li>\n<li style=\"font-weight: 400;\" aria-level=\"1\"><span style=\"font-weight: 400;\">Libero <\/span><b>politiche di restituzione<\/b><span style=\"font-weight: 400;\"> e ordinare senza problemi<\/span>&nbsp;<\/li>\n<\/ul>\n<p><span style=\"font-weight: 400;\">La scelta di fornitori affidabili garantisce l'autenticit\u00e0 e la sicurezza dei prodotti.<\/span><\/p>\n<h3><b>Ordini e consegne<\/b><\/h3>\n<p><span style=\"font-weight: 400;\">Il nostro processo di ordinazione \u00e8 semplificato per la vostra comodit\u00e0:<\/span><\/p>\n<ul>\n<li style=\"font-weight: 400;\" aria-level=\"1\"><span style=\"font-weight: 400;\">Semplice acquisto online con metodi di pagamento sicuri<\/span>&nbsp;<\/li>\n<li style=\"font-weight: 400;\" aria-level=\"1\"><span style=\"font-weight: 400;\">Necessario <\/span><b>documentazione e licenze<\/b><span style=\"font-weight: 400;\"> per gli acquirenti regolamentati<\/span>&nbsp;<\/li>\n<li style=\"font-weight: 400;\" aria-level=\"1\"><span style=\"font-weight: 400;\">Spedizione affidabile e conforme con opzioni di tracciabilit\u00e0<\/span>&nbsp;<\/li>\n<\/ul>\n<p><span style=\"font-weight: 400;\">Aspettatevi una consegna rapida e sicura a casa vostra o presso la vostra struttura.<\/span><\/p>\n<h3><b>Conservazione e manipolazione sicura<\/b><\/h3>\n<p><span style=\"font-weight: 400;\">La benzaldeide deve essere conservata:<\/span><\/p>\n<ul>\n<li style=\"font-weight: 400;\" aria-level=\"1\"><span style=\"font-weight: 400;\">In un <\/span><b>luogo fresco, asciutto e ben ventilato<\/b>&nbsp;<\/li>\n<li style=\"font-weight: 400;\" aria-level=\"1\"><span style=\"font-weight: 400;\">Lontano da fonti di ignizione e da sostanze incompatibili.<\/span>&nbsp;<\/li>\n<li style=\"font-weight: 400;\" aria-level=\"1\"><span style=\"font-weight: 400;\">Utilizzando un'appropriata <\/span><b>DPI<\/b><span style=\"font-weight: 400;\"> quando si maneggia<\/span>&nbsp;<\/li>\n<\/ul>\n<p><span style=\"font-weight: 400;\">Seguire sempre le raccomandazioni di sicurezza del fornitore e le norme di legge.<\/span><\/p>\n<p><b>Domande frequenti sull'acquisto di benzaldeide online<\/b><\/p>\n<ul>\n<li style=\"font-weight: 400;\" aria-level=\"1\"><i><span style=\"font-weight: 400;\">Ho bisogno di licenze speciali per acquistare la benzaldeide?<\/span><\/i>&nbsp;<\/li>\n<li style=\"font-weight: 400;\" aria-level=\"1\"><i><span style=\"font-weight: 400;\">Quali gradi di purezza sono disponibili per l'acquisto?<\/span><\/i>&nbsp;<\/li>\n<li style=\"font-weight: 400;\" aria-level=\"1\"><i><span style=\"font-weight: 400;\">Quanto tempo impiega di solito la spedizione?<\/span><\/i>&nbsp;<\/li>\n<li style=\"font-weight: 400;\" aria-level=\"1\"><i><span style=\"font-weight: 400;\">Posso acquistare la benzaldeide all'ingrosso?<\/span><\/i>&nbsp;<\/li>\n<\/ul>\n<p><span style=\"font-weight: 400;\">Il nostro servizio clienti \u00e8 pronto ad assistervi per qualsiasi domanda.<\/span><\/p>\n<h3><b>Raccomandazioni finali<\/b><\/h3>\n<p><span style=\"font-weight: 400;\">Acquistare Benzaldeide online deve essere sicuro, semplice e conveniente. Privilegiate i fornitori che offrono prodotti certificati, una documentazione chiara e un'eccellente assistenza clienti. La nostra Benzaldeide di prima qualit\u00e0 soddisfa questi criteri, rendendoci il vostro <\/span><b>il miglior posto per comprare Benzaldeide<\/b><span style=\"font-weight: 400;\"> online oggi.<\/span><\/p>\n<p><b>Ordinate ora la vostra Benzaldeide e sperimentate la qualit\u00e0 superiore in tutta sicurezza!<\/b><\/p>","protected":false},"excerpt":{"rendered":"<p><strong>Benzaldeide<\/strong>con la formula chimica <span class=\"katex\"><span class=\"katex-mathml\">C7H6OC_7H_6O<\/span><span class=\"katex-html\" aria-hidden=\"true\"><span class=\"base\"><span class=\"mord\"><span class=\"mord mathnormal\">C<\/span><span class=\"msupsub\"><span class=\"vlist-t vlist-t2\"><span class=\"vlist-r\"><span class=\"vlist\"><span class=\"sizing reset-size6 size3 mtight\"><span class=\"mord mtight\">7<\/span><\/span><\/span><span class=\"vlist-s\">\u200b<\/span><\/span><\/span><\/span><\/span><span class=\"mord\"><span class=\"mord mathnormal\">H<\/span><span class=\"msupsub\"><span class=\"vlist-t vlist-t2\"><span class=\"vlist-r\"><span class=\"vlist\"><span class=\"sizing reset-size6 size3 mtight\"><span class=\"mord mtight\">6<\/span><\/span><\/span><span class=\"vlist-s\">\u200b<\/span><\/span><\/span><\/span><\/span><span class=\"mord mathnormal\">O<\/span><\/span><\/span><\/span>\u00e8 un'aldeide aromatica nota per il suo caratteristico profumo di mandorla. Questo composto organico \u00e8 parte integrante dei processi naturali e sintetici, ed \u00e8 quindi una sostanza chimica fondamentale per diversi settori industriali.<\/p>\n<ul>\n<li><strong>Struttura molecolare<\/strong>: La benzaldeide \u00e8 costituita da un anello benzenico collegato a un gruppo formile (-CHO), che le conferisce propriet\u00e0 chimiche uniche.<\/li>\n<li><strong>Stato fisico<\/strong>: \u00c8 un liquido incolore a temperatura ambiente.<\/li>\n<li><strong>Punto di ebollizione<\/strong>: Circa 178 \u00b0C (352 \u00b0F).<\/li>\n<li><strong>Punto di fusione<\/strong>: Circa -26 \u00b0C (-15 \u00b0F).<\/li>\n<li><strong>Solubilit\u00e0<\/strong>: La benzaldeide \u00e8 solubile in solventi organici come etanolo ed etere, ma ha una solubilit\u00e0 limitata in acqua.<\/li>\n<\/ul>","protected":false},"featured_media":1334,"comment_status":"open","ping_status":"closed","template":"","meta":{"_kadence_starter_templates_imported_post":false,"_kad_post_transparent":"default","_kad_post_title":"","_kad_post_layout":"default","_kad_post_sidebar_id":"","_kad_post_content_style":"default","_kad_post_vertical_padding":"default","_kad_post_feature":"","_kad_post_feature_position":"","_kad_post_header":false,"_kad_post_footer":false,"_joinchat":[]},"product_brand":[],"product_cat":[46],"product_tag":[84,85,86,87,88,89,90,91,92,93,94,95,96,97,98,99,100,101,102,103],"class_list":{"0":"post-1080","1":"product","2":"type-product","3":"status-publish","4":"has-post-thumbnail","6":"product_cat-paints-dyes-and-pigments","7":"product_tag-benzaldehyde-bulk-chemical-supplier","8":"product_tag-benzaldehyde-cas-100-52-7","9":"product_tag-benzaldehyde-chemical-compound","10":"product_tag-benzaldehyde-chemical-for-sale","11":"product_tag-benzaldehyde-chemical-procurement","12":"product_tag-benzaldehyde-for-food-flavoring","13":"product_tag-benzaldehyde-for-fragrance-production","14":"product_tag-benzaldehyde-for-industrial-applications","15":"product_tag-benzaldehyde-for-organic-synthesis","16":"product_tag-benzaldehyde-for-pharmaceutical-manufacturing","17":"product_tag-benzaldehyde-for-research-purposes","18":"product_tag-benzaldehyde-intermediate-supplier","19":"product_tag-benzaldehyde-price-per-kilogram","20":"product_tag-benzaldehyde-price-per-ton","21":"product_tag-bulk-benzaldehyde-supplier","22":"product_tag-buy-benzaldehyde-in-bulk","23":"product_tag-cas-100-52-7-bulk-benzaldehyde","24":"product_tag-high-purity-benzaldehyde-for-sale","25":"product_tag-industrial-grade-benzaldehyde","26":"product_tag-wholesale-benzaldehyde-distributor","28":"first","29":"instock","30":"shipping-taxable","31":"product-type-simple","32":"entry","33":"content-bg","34":"loop-entry"},"yoast_head":"<!-- This site is optimized with the Yoast SEO plugin v25.6 - https:\/\/yoast.com\/wordpress\/plugins\/seo\/ -->\n<title>Buy Benzaldehyde Online - Benzaldehyde for Sale<\/title>\n<meta name=\"description\" content=\"Where to buy benzaldehyde online at the best price? Find high-quality benzaldehyde for sale at our secure online store, catering to your research requirements. Order Now!\" \/>\n<meta name=\"robots\" content=\"index, follow, max-snippet:-1, max-image-preview:large, max-video-preview:-1\" \/>\n<link rel=\"canonical\" href=\"https:\/\/subszone.com\/it\/product\/benzaldeide\/\" \/>\n<meta property=\"og:locale\" content=\"it_IT\" \/>\n<meta property=\"og:type\" content=\"article\" \/>\n<meta property=\"og:title\" content=\"Buy Benzaldehyde Online - Benzaldehyde for Sale\" \/>\n<meta property=\"og:description\" content=\"Where to buy benzaldehyde online at the best price? Find high-quality benzaldehyde for sale at our secure online store, catering to your research requirements. Order Now!\" \/>\n<meta property=\"og:url\" content=\"https:\/\/subszone.com\/it\/product\/benzaldeide\/\" \/>\n<meta property=\"og:site_name\" content=\"SubsZone\" \/>\n<meta property=\"article:modified_time\" content=\"2025-05-31T06:31:54+00:00\" \/>\n<meta property=\"og:image\" content=\"https:\/\/subszone.com\/wp-content\/uploads\/2024\/10\/Benzaldehyde-for-Sale.webp\" \/>\n\t<meta property=\"og:image:width\" content=\"1024\" \/>\n\t<meta property=\"og:image:height\" content=\"1024\" \/>\n\t<meta property=\"og:image:type\" content=\"image\/webp\" \/>\n<meta name=\"twitter:card\" content=\"summary_large_image\" \/>\n<meta name=\"twitter:label1\" content=\"Tempo di lettura stimato\" \/>\n\t<meta name=\"twitter:data1\" content=\"3 minuti\" \/>\n<script type=\"application\/ld+json\" class=\"yoast-schema-graph\">{\"@context\":\"https:\/\/schema.org\",\"@graph\":[{\"@type\":\"WebPage\",\"@id\":\"https:\/\/subszone.com\/product\/benzaldehyde\/\",\"url\":\"https:\/\/subszone.com\/product\/benzaldehyde\/\",\"name\":\"Buy Benzaldehyde Online - Benzaldehyde for Sale\",\"isPartOf\":{\"@id\":\"https:\/\/subszone.com\/#website\"},\"primaryImageOfPage\":{\"@id\":\"https:\/\/subszone.com\/product\/benzaldehyde\/#primaryimage\"},\"image\":{\"@id\":\"https:\/\/subszone.com\/product\/benzaldehyde\/#primaryimage\"},\"thumbnailUrl\":\"https:\/\/subszone.com\/wp-content\/uploads\/2024\/10\/Benzaldehyde-for-Sale.webp\",\"datePublished\":\"2024-10-23T10:08:14+00:00\",\"dateModified\":\"2025-05-31T06:31:54+00:00\",\"description\":\"Where to buy benzaldehyde online at the best price? Find high-quality benzaldehyde for sale at our secure online store, catering to your research requirements. Order Now!\",\"breadcrumb\":{\"@id\":\"https:\/\/subszone.com\/product\/benzaldehyde\/#breadcrumb\"},\"inLanguage\":\"it-IT\",\"potentialAction\":[{\"@type\":\"ReadAction\",\"target\":[\"https:\/\/subszone.com\/product\/benzaldehyde\/\"]}]},{\"@type\":\"ImageObject\",\"inLanguage\":\"it-IT\",\"@id\":\"https:\/\/subszone.com\/product\/benzaldehyde\/#primaryimage\",\"url\":\"https:\/\/subszone.com\/wp-content\/uploads\/2024\/10\/Benzaldehyde-for-Sale.webp\",\"contentUrl\":\"https:\/\/subszone.com\/wp-content\/uploads\/2024\/10\/Benzaldehyde-for-Sale.webp\",\"width\":1024,\"height\":1024,\"caption\":\"Benzaldehyde for Sale\"},{\"@type\":\"BreadcrumbList\",\"@id\":\"https:\/\/subszone.com\/product\/benzaldehyde\/#breadcrumb\",\"itemListElement\":[{\"@type\":\"ListItem\",\"position\":1,\"name\":\"Home\",\"item\":\"https:\/\/subszone.com\/\"},{\"@type\":\"ListItem\",\"position\":2,\"name\":\"Shop\",\"item\":\"https:\/\/subszone.com\/shop\/\"},{\"@type\":\"ListItem\",\"position\":3,\"name\":\"Buy Benzaldehyde Online\"}]},{\"@type\":\"WebSite\",\"@id\":\"https:\/\/subszone.com\/#website\",\"url\":\"https:\/\/subszone.com\/\",\"name\":\"SubsZone\",\"description\":\"My WordPress Blog\",\"publisher\":{\"@id\":\"https:\/\/subszone.com\/#organization\"},\"potentialAction\":[{\"@type\":\"SearchAction\",\"target\":{\"@type\":\"EntryPoint\",\"urlTemplate\":\"https:\/\/subszone.com\/?s={search_term_string}\"},\"query-input\":{\"@type\":\"PropertyValueSpecification\",\"valueRequired\":true,\"valueName\":\"search_term_string\"}}],\"inLanguage\":\"it-IT\"},{\"@type\":\"Organization\",\"@id\":\"https:\/\/subszone.com\/#organization\",\"name\":\"SubsZone\",\"url\":\"https:\/\/subszone.com\/\",\"logo\":{\"@type\":\"ImageObject\",\"inLanguage\":\"it-IT\",\"@id\":\"https:\/\/subszone.com\/#\/schema\/logo\/image\/\",\"url\":\"https:\/\/subszone.com\/wp-content\/uploads\/2024\/10\/logo.png\",\"contentUrl\":\"https:\/\/subszone.com\/wp-content\/uploads\/2024\/10\/logo.png\",\"width\":193,\"height\":50,\"caption\":\"SubsZone\"},\"image\":{\"@id\":\"https:\/\/subszone.com\/#\/schema\/logo\/image\/\"}}]}<\/script>\n<!-- \/ Yoast SEO plugin. -->","yoast_head_json":{"title":"Comprare Benzaldeide online - Benzaldeide in vendita","description":"Dove acquistare benzaldeide online al miglior prezzo? Trovate benzaldeide di alta qualit\u00e0 in vendita nel nostro negozio online sicuro, in grado di soddisfare le vostre esigenze di ricerca. Ordinate ora!","robots":{"index":"index","follow":"follow","max-snippet":"max-snippet:-1","max-image-preview":"max-image-preview:large","max-video-preview":"max-video-preview:-1"},"canonical":"https:\/\/subszone.com\/it\/product\/benzaldeide\/","og_locale":"it_IT","og_type":"article","og_title":"Buy Benzaldehyde Online - Benzaldehyde for Sale","og_description":"Where to buy benzaldehyde online at the best price? Find high-quality benzaldehyde for sale at our secure online store, catering to your research requirements. Order Now!","og_url":"https:\/\/subszone.com\/it\/product\/benzaldeide\/","og_site_name":"SubsZone","article_modified_time":"2025-05-31T06:31:54+00:00","og_image":[{"width":1024,"height":1024,"url":"https:\/\/subszone.com\/wp-content\/uploads\/2024\/10\/Benzaldehyde-for-Sale.webp","type":"image\/webp"}],"twitter_card":"summary_large_image","twitter_misc":{"Tempo di lettura stimato":"3 minuti"},"schema":{"@context":"https:\/\/schema.org","@graph":[{"@type":"WebPage","@id":"https:\/\/subszone.com\/product\/benzaldehyde\/","url":"https:\/\/subszone.com\/product\/benzaldehyde\/","name":"Comprare Benzaldeide online - Benzaldeide in vendita","isPartOf":{"@id":"https:\/\/subszone.com\/#website"},"primaryImageOfPage":{"@id":"https:\/\/subszone.com\/product\/benzaldehyde\/#primaryimage"},"image":{"@id":"https:\/\/subszone.com\/product\/benzaldehyde\/#primaryimage"},"thumbnailUrl":"https:\/\/subszone.com\/wp-content\/uploads\/2024\/10\/Benzaldehyde-for-Sale.webp","datePublished":"2024-10-23T10:08:14+00:00","dateModified":"2025-05-31T06:31:54+00:00","description":"Dove acquistare benzaldeide online al miglior prezzo? Trovate benzaldeide di alta qualit\u00e0 in vendita nel nostro negozio online sicuro, in grado di soddisfare le vostre esigenze di ricerca. Ordinate ora!","breadcrumb":{"@id":"https:\/\/subszone.com\/product\/benzaldehyde\/#breadcrumb"},"inLanguage":"it-IT","potentialAction":[{"@type":"ReadAction","target":["https:\/\/subszone.com\/product\/benzaldehyde\/"]}]},{"@type":"ImageObject","inLanguage":"it-IT","@id":"https:\/\/subszone.com\/product\/benzaldehyde\/#primaryimage","url":"https:\/\/subszone.com\/wp-content\/uploads\/2024\/10\/Benzaldehyde-for-Sale.webp","contentUrl":"https:\/\/subszone.com\/wp-content\/uploads\/2024\/10\/Benzaldehyde-for-Sale.webp","width":1024,"height":1024,"caption":"Benzaldehyde for Sale"},{"@type":"BreadcrumbList","@id":"https:\/\/subszone.com\/product\/benzaldehyde\/#breadcrumb","itemListElement":[{"@type":"ListItem","position":1,"name":"Home","item":"https:\/\/subszone.com\/"},{"@type":"ListItem","position":2,"name":"Shop","item":"https:\/\/subszone.com\/shop\/"},{"@type":"ListItem","position":3,"name":"Buy Benzaldehyde Online"}]},{"@type":"WebSite","@id":"https:\/\/subszone.com\/#website","url":"https:\/\/subszone.com\/","name":"SubsZone","description":"Il mio blog WordPress","publisher":{"@id":"https:\/\/subszone.com\/#organization"},"potentialAction":[{"@type":"SearchAction","target":{"@type":"EntryPoint","urlTemplate":"https:\/\/subszone.com\/?s={search_term_string}"},"query-input":{"@type":"PropertyValueSpecification","valueRequired":true,"valueName":"search_term_string"}}],"inLanguage":"it-IT"},{"@type":"Organization","@id":"https:\/\/subszone.com\/#organization","name":"SubsZone","url":"https:\/\/subszone.com\/","logo":{"@type":"ImageObject","inLanguage":"it-IT","@id":"https:\/\/subszone.com\/#\/schema\/logo\/image\/","url":"https:\/\/subszone.com\/wp-content\/uploads\/2024\/10\/logo.png","contentUrl":"https:\/\/subszone.com\/wp-content\/uploads\/2024\/10\/logo.png","width":193,"height":50,"caption":"SubsZone"},"image":{"@id":"https:\/\/subszone.com\/#\/schema\/logo\/image\/"}}]}},"_links":{"self":[{"href":"https:\/\/subszone.com\/it\/wp-json\/wp\/v2\/product\/1080","targetHints":{"allow":["GET"]}}],"collection":[{"href":"https:\/\/subszone.com\/it\/wp-json\/wp\/v2\/product"}],"about":[{"href":"https:\/\/subszone.com\/it\/wp-json\/wp\/v2\/types\/product"}],"replies":[{"embeddable":true,"href":"https:\/\/subszone.com\/it\/wp-json\/wp\/v2\/comments?post=1080"}],"wp:featuredmedia":[{"embeddable":true,"href":"https:\/\/subszone.com\/it\/wp-json\/wp\/v2\/media\/1334"}],"wp:attachment":[{"href":"https:\/\/subszone.com\/it\/wp-json\/wp\/v2\/media?parent=1080"}],"wp:term":[{"taxonomy":"product_brand","embeddable":true,"href":"https:\/\/subszone.com\/it\/wp-json\/wp\/v2\/product_brand?post=1080"},{"taxonomy":"product_cat","embeddable":true,"href":"https:\/\/subszone.com\/it\/wp-json\/wp\/v2\/product_cat?post=1080"},{"taxonomy":"product_tag","embeddable":true,"href":"https:\/\/subszone.com\/it\/wp-json\/wp\/v2\/product_tag?post=1080"}],"curies":[{"name":"wp","href":"https:\/\/api.w.org\/{rel}","templated":true}]}}