{"id":1115,"date":"2024-10-23T11:13:39","date_gmt":"2024-10-23T11:13:39","guid":{"rendered":"https:\/\/subszone.com\/?post_type=product&#038;p=1115"},"modified":"2025-08-01T08:28:27","modified_gmt":"2025-08-01T08:28:27","slug":"bromo-liquido","status":"publish","type":"product","link":"https:\/\/subszone.com\/it\/product\/bromo-liquido\/","title":{"rendered":"Acquistare il bromo liquido online"},"content":{"rendered":"<h2><b>Acquista online il bromo liquido - Puro, affidabile e conveniente per uso industriale e commerciale<\/b><\/h2>\n<p><span style=\"font-weight: 400;\">State cercando di <\/span><a href=\"https:\/\/subszone.com\/it\/product\/bromo-liquido\/\"><b>acquistare Bromo liquido online<\/b><\/a><span style=\"font-weight: 400;\"> da un fornitore affidabile e certificato? Sia che abbiate bisogno di bromo liquido per la produzione farmaceutica, il trattamento delle acque o la sintesi chimica, l'approvvigionamento di bromo di alta qualit\u00e0 con una documentazione adeguata \u00e8 fondamentale. Offriamo bromo liquido di qualit\u00e0 superiore disponibile in varie confezioni, a prezzi competitivi e con consegne rapide e sicure. <\/span><b>Il miglior posto dove comprare il bromo liquido<\/b><span style=\"font-weight: 400;\"> online.<\/span><\/p>\n<h3><b>Che cos'\u00e8 il bromo liquido?<\/b><\/h3>\n<p><span style=\"font-weight: 400;\">Il bromo liquido \u00e8 un elemento chimico denso e bruno-rossastro (Br\u2082) ampiamente utilizzato in tutti i settori industriali. Le sue propriet\u00e0 chimiche uniche lo rendono essenziale per:<\/span><\/p>\n<ul>\n<li style=\"font-weight: 400;\" aria-level=\"1\"><span style=\"font-weight: 400;\">Produzione di ritardanti di fiamma<\/span>&nbsp;<\/li>\n<li style=\"font-weight: 400;\" aria-level=\"1\"><span style=\"font-weight: 400;\">Depurazione e trattamento dell'acqua<\/span>&nbsp;<\/li>\n<li style=\"font-weight: 400;\" aria-level=\"1\"><span style=\"font-weight: 400;\">Sintesi farmaceutica<\/span>&nbsp;<\/li>\n<li style=\"font-weight: 400;\" aria-level=\"1\"><span style=\"font-weight: 400;\">Produzione agrochimica<\/span>&nbsp;<\/li>\n<\/ul>\n<p><span style=\"font-weight: 400;\">Data la sua natura reattiva e volatile, il bromo liquido deve essere maneggiato con cura e conservato correttamente.<\/span><\/p>\n<h3><b>Propriet\u00e0 chimiche e sicurezza<\/b><\/h3>\n<p><span style=\"font-weight: 400;\">Il bromo liquido \u00e8 una sostanza altamente corrosiva e volatile con un odore pungente. Le propriet\u00e0 principali includono:<\/span><\/p>\n<ul>\n<li style=\"font-weight: 400;\" aria-level=\"1\"><span style=\"font-weight: 400;\">Densit\u00e0: 3,12 g\/cm\u00b3<\/span>&nbsp;<\/li>\n<li style=\"font-weight: 400;\" aria-level=\"1\"><span style=\"font-weight: 400;\">Punto di ebollizione: 58,8 \u00b0C<\/span>&nbsp;<\/li>\n<li style=\"font-weight: 400;\" aria-level=\"1\"><span style=\"font-weight: 400;\">Forte agente ossidante<\/span>&nbsp;<\/li>\n<\/ul>\n<p><span style=\"font-weight: 400;\">A causa della sua pericolosit\u00e0, \u00e8 essenziale adottare rigorose precauzioni per la manipolazione. Utilizzare sempre DPI appropriati, garantire una ventilazione adeguata e conservare il bromo in contenitori ermeticamente chiusi, lontano da materiali incompatibili.<\/span><\/p>\n<h3><b>Perch\u00e9 acquistare il bromo liquido online?<\/b><\/h3>\n<p><span style=\"font-weight: 400;\">Acquisto <a href=\"https:\/\/en.wikipedia.org\/wiki\/Bromine\">Bromo liquido<\/a> online offre notevoli vantaggi:<\/span><\/p>\n<ul>\n<li style=\"font-weight: 400;\" aria-level=\"1\"><span style=\"font-weight: 400;\">Accesso a un'ampia variet\u00e0 di fornitori e gradi<\/span>&nbsp;<\/li>\n<li style=\"font-weight: 400;\" aria-level=\"1\"><span style=\"font-weight: 400;\">Prezzi competitivi e trasparenti, compresi gli sconti per le grandi quantit\u00e0<\/span>&nbsp;<\/li>\n<li style=\"font-weight: 400;\" aria-level=\"1\"><span style=\"font-weight: 400;\">Comoda consegna a domicilio, con risparmio di tempo e problemi logistici<\/span>&nbsp;<\/li>\n<\/ul>\n<p><span style=\"font-weight: 400;\">I mercati chimici online consentono di confrontare e selezionare facilmente il bromo liquido in base alle specifiche esigenze industriali o di ricerca.<\/span><\/p>\n<h3><b>Scegliere un fornitore affidabile<\/b><\/h3>\n<p><span style=\"font-weight: 400;\">Quando si ordina il Bromo liquido online, prendere in considerazione i fornitori che offrono:<\/span><\/p>\n<ul>\n<li style=\"font-weight: 400;\" aria-level=\"1\"><span style=\"font-weight: 400;\">Certificazioni come ISO e GMP che garantiscono la qualit\u00e0 del prodotto<\/span>&nbsp;<\/li>\n<li style=\"font-weight: 400;\" aria-level=\"1\"><span style=\"font-weight: 400;\">Certificati di analisi (COA) e schede di sicurezza (SDS) trasparenti<\/span>&nbsp;<\/li>\n<li style=\"font-weight: 400;\" aria-level=\"1\"><span style=\"font-weight: 400;\">Recensioni positive dei clienti e team di supporto reattivo<\/span>&nbsp;<\/li>\n<li style=\"font-weight: 400;\" aria-level=\"1\"><span style=\"font-weight: 400;\">Conformit\u00e0 a tutte le norme di spedizione e legali<\/span>&nbsp;<\/li>\n<\/ul>\n<p><span style=\"font-weight: 400;\">L'affidabilit\u00e0 garantisce l'autenticit\u00e0 del prodotto, la sicurezza e la puntualit\u00e0 delle consegne.<\/span><\/p>\n<h3><b>Spedizione e stoccaggio<\/b><\/h3>\n<p><span style=\"font-weight: 400;\">A causa della sua classificazione pericolosa, la spedizione di bromo liquido \u00e8 regolamentata e richiede la conformit\u00e0 alle restrizioni di trasporto. I fornitori di fiducia garantiscono:<\/span><\/p>\n<ul>\n<li style=\"font-weight: 400;\" aria-level=\"1\"><span style=\"font-weight: 400;\">Imballaggio adeguato per evitare perdite o fuoriuscite<\/span>&nbsp;<\/li>\n<li style=\"font-weight: 400;\" aria-level=\"1\"><span style=\"font-weight: 400;\">Etichettatura e documentazione chiare<\/span>&nbsp;<\/li>\n<li style=\"font-weight: 400;\" aria-level=\"1\"><span style=\"font-weight: 400;\">Indicazioni per uno stoccaggio sicuro: aree fresche e ben ventilate, lontane da fonti di calore e da sostanze incompatibili.<\/span>&nbsp;<\/li>\n<\/ul>\n<p><span style=\"font-weight: 400;\">Seguire sempre i protocolli di sicurezza raccomandati durante la manipolazione e lo stoccaggio.<\/span><\/p>\n<h3><b>Conclusione<\/b><\/h3>\n<p><span style=\"font-weight: 400;\">L'acquisto di bromo liquido online pu\u00f2 essere semplice, sicuro e conveniente se si scelgono fornitori verificati che danno priorit\u00e0 alla qualit\u00e0 e alla conformit\u00e0. Tenete la sicurezza in primo piano durante la manipolazione e assicuratevi che tutti i requisiti normativi siano soddisfatti. Con il nostro bromo liquido di prima qualit\u00e0, i prezzi competitivi e la consegna sicura, potete soddisfare con fiducia le vostre esigenze industriali o di ricerca.<\/span><\/p>\n<p><b>Ordina ora Bromine liquid per sperimentare la migliore qualit\u00e0 al prezzo pi\u00f9 basso Bromine liquid - la tua fonte di fiducia per Bromine liquid in vendita!<\/b><\/p>","protected":false},"excerpt":{"rendered":"<p><strong>Bromo (Br)<\/strong> \u00e8 un elemento chimico appartenente al gruppo degli alogeni, noto per il suo stato liquido bruno-rossastro a temperatura ambiente. Con un odore pungente e distinto, il bromo \u00e8 altamente reattivo e pu\u00f2 essere pericoloso se non viene maneggiato correttamente.<\/p>\n<ul>\n<li><strong>Stato fisico<\/strong>: Liquido a temperatura ambiente<\/li>\n<li><strong>Colore<\/strong>: Marrone rossastro<\/li>\n<li><strong>Odore<\/strong>: Forte e irritante<\/li>\n<li><strong>Punto di ebollizione<\/strong>: 58,8\u00b0C (137,8\u00b0F)<\/li>\n<li><strong>Punto di fusione<\/strong>: -7,2\u00b0C (19\u00b0F)<\/li>\n<\/ul>","protected":false},"featured_media":1439,"comment_status":"open","ping_status":"closed","template":"","meta":{"_kadence_starter_templates_imported_post":false,"_kad_post_transparent":"default","_kad_post_title":"","_kad_post_layout":"default","_kad_post_sidebar_id":"","_kad_post_content_style":"default","_kad_post_vertical_padding":"default","_kad_post_feature":"","_kad_post_feature_position":"","_kad_post_header":false,"_kad_post_footer":false,"_joinchat":[]},"product_brand":[],"product_cat":[126],"product_tag":[673,668,672,677,670,671,676,669,663,667,661,674,679,665,662,678,666,664,680,675],"class_list":{"0":"post-1115","1":"product","2":"type-product","3":"status-publish","4":"has-post-thumbnail","6":"product_cat-environmental-and-health-hazards","7":"product_tag-bromine-distributor","8":"product_tag-bromine-for-chemical-manufacturing","9":"product_tag-bromine-for-flame-retardants","10":"product_tag-bromine-for-industrial-applications","11":"product_tag-bromine-for-water-treatment","12":"product_tag-bromine-in-oil-and-gas-industry","13":"product_tag-bromine-liquid-for-laboratory-use","14":"product_tag-bromine-liquid-for-pharmaceutical-applications","15":"product_tag-bromine-liquid-for-sale","16":"product_tag-bromine-liquid-price-and-availability","17":"product_tag-bromine-liquid-supplier","18":"product_tag-bromine-procurement","19":"product_tag-bromine-safety-and-compliance","20":"product_tag-bulk-bromine-liquid-supply","21":"product_tag-buy-bromine-liquid","22":"product_tag-commercial-bromine-liquid-supply","23":"product_tag-high-purity-bromine-liquid","24":"product_tag-industrial-bromine-supplier","25":"product_tag-reliable-bromine-liquid-supplier","26":"product_tag-where-to-buy-bromine-liquid","28":"first","29":"instock","30":"shipping-taxable","31":"product-type-simple","32":"entry","33":"content-bg","34":"loop-entry"},"yoast_head":"<!-- This site is optimized with the Yoast SEO plugin v25.6 - https:\/\/yoast.com\/wordpress\/plugins\/seo\/ -->\n<title>Buy Bromine Liquid Online - Bromine Liquid for Sale | Subszone<\/title>\n<meta name=\"description\" content=\"At our Subszone, you can get bromine liquid for sale at cheap rates. Here you can buy bromine liquid online with high-quality from our store now with fast &amp; secure shipping service. Order Now!\" \/>\n<meta name=\"robots\" content=\"index, follow, max-snippet:-1, max-image-preview:large, max-video-preview:-1\" \/>\n<link rel=\"canonical\" href=\"https:\/\/subszone.com\/it\/product\/bromo-liquido\/\" \/>\n<meta property=\"og:locale\" content=\"it_IT\" \/>\n<meta property=\"og:type\" content=\"article\" \/>\n<meta property=\"og:title\" content=\"Buy Bromine Liquid Online - Bromine Liquid for Sale | Subszone\" \/>\n<meta property=\"og:description\" content=\"At our Subszone, you can get bromine liquid for sale at cheap rates. Here you can buy bromine liquid online with high-quality from our store now with fast &amp; secure shipping service. Order Now!\" \/>\n<meta property=\"og:url\" content=\"https:\/\/subszone.com\/it\/product\/bromo-liquido\/\" \/>\n<meta property=\"og:site_name\" content=\"SubsZone\" \/>\n<meta property=\"article:modified_time\" content=\"2025-08-01T08:28:27+00:00\" \/>\n<meta property=\"og:image\" content=\"https:\/\/subszone.com\/wp-content\/uploads\/2024\/10\/Bromine-liquid-2-1.gif\" \/>\n\t<meta property=\"og:image:width\" content=\"600\" \/>\n\t<meta property=\"og:image:height\" content=\"600\" \/>\n\t<meta property=\"og:image:type\" content=\"image\/gif\" \/>\n<meta name=\"twitter:card\" content=\"summary_large_image\" \/>\n<meta name=\"twitter:label1\" content=\"Tempo di lettura stimato\" \/>\n\t<meta name=\"twitter:data1\" content=\"3 minuti\" \/>\n<script type=\"application\/ld+json\" class=\"yoast-schema-graph\">{\"@context\":\"https:\/\/schema.org\",\"@graph\":[{\"@type\":\"WebPage\",\"@id\":\"https:\/\/subszone.com\/product\/bromine-liquid\/\",\"url\":\"https:\/\/subszone.com\/product\/bromine-liquid\/\",\"name\":\"Buy Bromine Liquid Online - Bromine Liquid for Sale | Subszone\",\"isPartOf\":{\"@id\":\"https:\/\/subszone.com\/#website\"},\"primaryImageOfPage\":{\"@id\":\"https:\/\/subszone.com\/product\/bromine-liquid\/#primaryimage\"},\"image\":{\"@id\":\"https:\/\/subszone.com\/product\/bromine-liquid\/#primaryimage\"},\"thumbnailUrl\":\"https:\/\/subszone.com\/wp-content\/uploads\/2024\/10\/Bromine-liquid-2-1.gif\",\"datePublished\":\"2024-10-23T11:13:39+00:00\",\"dateModified\":\"2025-08-01T08:28:27+00:00\",\"description\":\"At our Subszone, you can get bromine liquid for sale at cheap rates. Here you can buy bromine liquid online with high-quality from our store now with fast & secure shipping service. Order Now!\",\"breadcrumb\":{\"@id\":\"https:\/\/subszone.com\/product\/bromine-liquid\/#breadcrumb\"},\"inLanguage\":\"it-IT\",\"potentialAction\":[{\"@type\":\"ReadAction\",\"target\":[\"https:\/\/subszone.com\/product\/bromine-liquid\/\"]}]},{\"@type\":\"ImageObject\",\"inLanguage\":\"it-IT\",\"@id\":\"https:\/\/subszone.com\/product\/bromine-liquid\/#primaryimage\",\"url\":\"https:\/\/subszone.com\/wp-content\/uploads\/2024\/10\/Bromine-liquid-2-1.gif\",\"contentUrl\":\"https:\/\/subszone.com\/wp-content\/uploads\/2024\/10\/Bromine-liquid-2-1.gif\",\"width\":600,\"height\":600,\"caption\":\"Buy Bromine liquid Online\"},{\"@type\":\"BreadcrumbList\",\"@id\":\"https:\/\/subszone.com\/product\/bromine-liquid\/#breadcrumb\",\"itemListElement\":[{\"@type\":\"ListItem\",\"position\":1,\"name\":\"Home\",\"item\":\"https:\/\/subszone.com\/\"},{\"@type\":\"ListItem\",\"position\":2,\"name\":\"Shop\",\"item\":\"https:\/\/subszone.com\/shop\/\"},{\"@type\":\"ListItem\",\"position\":3,\"name\":\"Buy Bromine liquid Online\"}]},{\"@type\":\"WebSite\",\"@id\":\"https:\/\/subszone.com\/#website\",\"url\":\"https:\/\/subszone.com\/\",\"name\":\"SubsZone\",\"description\":\"My WordPress Blog\",\"publisher\":{\"@id\":\"https:\/\/subszone.com\/#organization\"},\"potentialAction\":[{\"@type\":\"SearchAction\",\"target\":{\"@type\":\"EntryPoint\",\"urlTemplate\":\"https:\/\/subszone.com\/?s={search_term_string}\"},\"query-input\":{\"@type\":\"PropertyValueSpecification\",\"valueRequired\":true,\"valueName\":\"search_term_string\"}}],\"inLanguage\":\"it-IT\"},{\"@type\":\"Organization\",\"@id\":\"https:\/\/subszone.com\/#organization\",\"name\":\"SubsZone\",\"url\":\"https:\/\/subszone.com\/\",\"logo\":{\"@type\":\"ImageObject\",\"inLanguage\":\"it-IT\",\"@id\":\"https:\/\/subszone.com\/#\/schema\/logo\/image\/\",\"url\":\"https:\/\/subszone.com\/wp-content\/uploads\/2024\/10\/logo.png\",\"contentUrl\":\"https:\/\/subszone.com\/wp-content\/uploads\/2024\/10\/logo.png\",\"width\":193,\"height\":50,\"caption\":\"SubsZone\"},\"image\":{\"@id\":\"https:\/\/subszone.com\/#\/schema\/logo\/image\/\"}}]}<\/script>\n<!-- \/ Yoast SEO plugin. -->","yoast_head_json":{"title":"Acquista online Bromo Liquido - Vendita Bromo Liquido | Subszone","description":"Presso la nostra Subszone, \u00e8 possibile ottenere il bromo liquido in vendita a prezzi economici. Qui \u00e8 possibile acquistare il bromo liquido online con alta qualit\u00e0 dal nostro negozio ora con il servizio di spedizione veloce e sicuro. Ordinate ora!","robots":{"index":"index","follow":"follow","max-snippet":"max-snippet:-1","max-image-preview":"max-image-preview:large","max-video-preview":"max-video-preview:-1"},"canonical":"https:\/\/subszone.com\/it\/product\/bromo-liquido\/","og_locale":"it_IT","og_type":"article","og_title":"Buy Bromine Liquid Online - Bromine Liquid for Sale | Subszone","og_description":"At our Subszone, you can get bromine liquid for sale at cheap rates. Here you can buy bromine liquid online with high-quality from our store now with fast & secure shipping service. Order Now!","og_url":"https:\/\/subszone.com\/it\/product\/bromo-liquido\/","og_site_name":"SubsZone","article_modified_time":"2025-08-01T08:28:27+00:00","og_image":[{"width":600,"height":600,"url":"https:\/\/subszone.com\/wp-content\/uploads\/2024\/10\/Bromine-liquid-2-1.gif","type":"image\/gif"}],"twitter_card":"summary_large_image","twitter_misc":{"Tempo di lettura stimato":"3 minuti"},"schema":{"@context":"https:\/\/schema.org","@graph":[{"@type":"WebPage","@id":"https:\/\/subszone.com\/product\/bromine-liquid\/","url":"https:\/\/subszone.com\/product\/bromine-liquid\/","name":"Acquista online Bromo Liquido - Vendita Bromo Liquido | Subszone","isPartOf":{"@id":"https:\/\/subszone.com\/#website"},"primaryImageOfPage":{"@id":"https:\/\/subszone.com\/product\/bromine-liquid\/#primaryimage"},"image":{"@id":"https:\/\/subszone.com\/product\/bromine-liquid\/#primaryimage"},"thumbnailUrl":"https:\/\/subszone.com\/wp-content\/uploads\/2024\/10\/Bromine-liquid-2-1.gif","datePublished":"2024-10-23T11:13:39+00:00","dateModified":"2025-08-01T08:28:27+00:00","description":"Presso la nostra Subszone, \u00e8 possibile ottenere il bromo liquido in vendita a prezzi economici. Qui \u00e8 possibile acquistare il bromo liquido online con alta qualit\u00e0 dal nostro negozio ora con il servizio di spedizione veloce e sicuro. Ordinate ora!","breadcrumb":{"@id":"https:\/\/subszone.com\/product\/bromine-liquid\/#breadcrumb"},"inLanguage":"it-IT","potentialAction":[{"@type":"ReadAction","target":["https:\/\/subszone.com\/product\/bromine-liquid\/"]}]},{"@type":"ImageObject","inLanguage":"it-IT","@id":"https:\/\/subszone.com\/product\/bromine-liquid\/#primaryimage","url":"https:\/\/subszone.com\/wp-content\/uploads\/2024\/10\/Bromine-liquid-2-1.gif","contentUrl":"https:\/\/subszone.com\/wp-content\/uploads\/2024\/10\/Bromine-liquid-2-1.gif","width":600,"height":600,"caption":"Buy Bromine liquid Online"},{"@type":"BreadcrumbList","@id":"https:\/\/subszone.com\/product\/bromine-liquid\/#breadcrumb","itemListElement":[{"@type":"ListItem","position":1,"name":"Home","item":"https:\/\/subszone.com\/"},{"@type":"ListItem","position":2,"name":"Shop","item":"https:\/\/subszone.com\/shop\/"},{"@type":"ListItem","position":3,"name":"Buy Bromine liquid Online"}]},{"@type":"WebSite","@id":"https:\/\/subszone.com\/#website","url":"https:\/\/subszone.com\/","name":"SubsZone","description":"Il mio blog WordPress","publisher":{"@id":"https:\/\/subszone.com\/#organization"},"potentialAction":[{"@type":"SearchAction","target":{"@type":"EntryPoint","urlTemplate":"https:\/\/subszone.com\/?s={search_term_string}"},"query-input":{"@type":"PropertyValueSpecification","valueRequired":true,"valueName":"search_term_string"}}],"inLanguage":"it-IT"},{"@type":"Organization","@id":"https:\/\/subszone.com\/#organization","name":"SubsZone","url":"https:\/\/subszone.com\/","logo":{"@type":"ImageObject","inLanguage":"it-IT","@id":"https:\/\/subszone.com\/#\/schema\/logo\/image\/","url":"https:\/\/subszone.com\/wp-content\/uploads\/2024\/10\/logo.png","contentUrl":"https:\/\/subszone.com\/wp-content\/uploads\/2024\/10\/logo.png","width":193,"height":50,"caption":"SubsZone"},"image":{"@id":"https:\/\/subszone.com\/#\/schema\/logo\/image\/"}}]}},"_links":{"self":[{"href":"https:\/\/subszone.com\/it\/wp-json\/wp\/v2\/product\/1115","targetHints":{"allow":["GET"]}}],"collection":[{"href":"https:\/\/subszone.com\/it\/wp-json\/wp\/v2\/product"}],"about":[{"href":"https:\/\/subszone.com\/it\/wp-json\/wp\/v2\/types\/product"}],"replies":[{"embeddable":true,"href":"https:\/\/subszone.com\/it\/wp-json\/wp\/v2\/comments?post=1115"}],"wp:featuredmedia":[{"embeddable":true,"href":"https:\/\/subszone.com\/it\/wp-json\/wp\/v2\/media\/1439"}],"wp:attachment":[{"href":"https:\/\/subszone.com\/it\/wp-json\/wp\/v2\/media?parent=1115"}],"wp:term":[{"taxonomy":"product_brand","embeddable":true,"href":"https:\/\/subszone.com\/it\/wp-json\/wp\/v2\/product_brand?post=1115"},{"taxonomy":"product_cat","embeddable":true,"href":"https:\/\/subszone.com\/it\/wp-json\/wp\/v2\/product_cat?post=1115"},{"taxonomy":"product_tag","embeddable":true,"href":"https:\/\/subszone.com\/it\/wp-json\/wp\/v2\/product_tag?post=1115"}],"curies":[{"name":"wp","href":"https:\/\/api.w.org\/{rel}","templated":true}]}}