{"id":1121,"date":"2024-10-23T11:14:14","date_gmt":"2024-10-23T11:14:14","guid":{"rendered":"https:\/\/subszone.com\/?post_type=product&#038;p=1121"},"modified":"2025-05-31T05:09:04","modified_gmt":"2025-05-31T05:09:04","slug":"cloruro-cianurico","status":"publish","type":"product","link":"https:\/\/subszone.com\/it\/product\/cloruro-cianurico\/","title":{"rendered":"Acquistare cloruro cianurico online"},"content":{"rendered":"<h2><b>Acquista online il cloruro cianurico - Composto di elevata purezza per uso industriale e di ricerca<\/b><\/h2>\n<p><span style=\"font-weight: 400;\">Guardando a <\/span><a href=\"https:\/\/en.wikipedia.org\/wiki\/Cyanuric_chloride\"><b>acquistare Cloruro cianurico online<\/b><\/a><span style=\"font-weight: 400;\"> per sintesi, produzione o laboratorio? Forniamo prodotti di qualit\u00e0 superiore <\/span><b>Cloruro cianurico (C\u2083Cl\u2083N\u2083)<\/b><span style=\"font-weight: 400;\"> in varie opzioni di confezionamento e purezza per soddisfare le esigenze delle applicazioni industriali, agrochimiche e scientifiche. Grazie ai prezzi competitivi, alla documentazione completa e alla spedizione globale conforme, la nostra piattaforma \u00e8 la soluzione migliore. <\/span><b>Il miglior posto da ordinare Cloruro cianurico<\/b><span style=\"font-weight: 400;\"> in modo sicuro ed efficiente.<\/span><\/p>\n<h3><b>Introduzione: Cos'\u00e8 il cloruro cianurico e perch\u00e9 \u00e8 importante<\/b><\/h3>\n<p><b>Cloruro cianurico<\/b><span style=\"font-weight: 400;\"> \u00e8 un intermedio fondamentale nelle moderne industrie chimiche. Con il suo anello triazinico reattivo e i tre atomi di cloro, questo composto svolge un ruolo fondamentale nella produzione di <\/span><b>erbicidi<\/b><span style=\"font-weight: 400;\">, <\/span><b>sbiancanti ottici<\/b><span style=\"font-weight: 400;\">, <\/span><b>coloranti reattivi<\/b><span style=\"font-weight: 400;\">, e <\/span><b>disinfettanti<\/b><span style=\"font-weight: 400;\">. L'elevata reattivit\u00e0 e la versatilit\u00e0 ne fanno un reagente di riferimento per i professionisti del settore. <\/span><b>chimica organica sintetica<\/b><span style=\"font-weight: 400;\">, <\/span><b>produzione tessile<\/b><span style=\"font-weight: 400;\">, e <\/span><b>sviluppo agrochimico<\/b><span style=\"font-weight: 400;\">.<\/span><\/p>\n<h3><b>Che cos'\u00e8 il cloruro cianurico?<\/b><\/h3>\n<ul>\n<li style=\"font-weight: 400;\" aria-level=\"1\"><b>Nome chimico:<\/b><span style=\"font-weight: 400;\"> Cloruro cianurico<\/span>&nbsp;<\/li>\n<li style=\"font-weight: 400;\" aria-level=\"1\"><b>Formula chimica:<\/b><span style=\"font-weight: 400;\"> C\u2083Cl\u2083N\u2083<\/span>&nbsp;<\/li>\n<li style=\"font-weight: 400;\" aria-level=\"1\"><b>Sinonimi:<\/b><span style=\"font-weight: 400;\"> 2,4,6-Trichloro-1,3,5-triazine<\/span>&nbsp;<\/li>\n<li style=\"font-weight: 400;\" aria-level=\"1\"><b>Peso molecolare:<\/b><span style=\"font-weight: 400;\"> 184,41 g\/mol<\/span>&nbsp;<\/li>\n<li style=\"font-weight: 400;\" aria-level=\"1\"><b>Aspetto:<\/b><span style=\"font-weight: 400;\"> Polvere cristallina da bianca a biancastra<\/span>&nbsp;<\/li>\n<li style=\"font-weight: 400;\" aria-level=\"1\"><b>Punto di fusione:<\/b><span style=\"font-weight: 400;\"> ~145-147\u00b0C<\/span>&nbsp;<\/li>\n<li style=\"font-weight: 400;\" aria-level=\"1\"><b>Solubilit\u00e0:<\/b><span style=\"font-weight: 400;\"> Leggermente solubile in acqua, pi\u00f9 solubile in solventi organici<\/span>&nbsp;<\/li>\n<\/ul>\n<p><span style=\"font-weight: 400;\">La sua struttura ad anello triazinico consente reazioni di sostituzione, rendendolo un prodotto versatile. <\/span><b>agente di accoppiamento<\/b><span style=\"font-weight: 400;\"> nella sintesi chimica.<\/span><\/p>\n<table>\n<tbody>\n<tr>\n<td><b>Caratteristica<\/b><\/td>\n<td><b>Dettagli<\/b><\/td>\n<\/tr>\n<tr>\n<td><b>Nome chimico<\/b><\/td>\n<td><span style=\"font-weight: 400;\">Cloruro cianurico<\/span><\/td>\n<\/tr>\n<tr>\n<td><b>Formula chimica<\/b><\/td>\n<td><span style=\"font-weight: 400;\">C\u2083Cl\u2083N\u2083<\/span><\/td>\n<\/tr>\n<tr>\n<td><b>Peso molecolare<\/b><\/td>\n<td><span style=\"font-weight: 400;\">184,41 g\/mol<\/span><\/td>\n<\/tr>\n<tr>\n<td><b>Numero CAS<\/b><\/td>\n<td><span style=\"font-weight: 400;\">108-77-0<\/span><\/td>\n<\/tr>\n<tr>\n<td><b>Sinonimi<\/b><\/td>\n<td><span style=\"font-weight: 400;\">2,4,6-Tricloro-1,3,5-triazina, cloruro triclorocanurico<\/span><\/td>\n<\/tr>\n<tr>\n<td><b>Aspetto<\/b><\/td>\n<td><span style=\"font-weight: 400;\">Polvere cristallina da bianca a biancastra<\/span><\/td>\n<\/tr>\n<tr>\n<td><b>Punto di fusione<\/b><\/td>\n<td><span style=\"font-weight: 400;\">145-147 \u00b0C<\/span><\/td>\n<\/tr>\n<tr>\n<td><b>Solubilit\u00e0<\/b><\/td>\n<td><span style=\"font-weight: 400;\">Leggermente solubile in acqua; solubile in solventi organici (es. acetone)<\/span><\/td>\n<\/tr>\n<tr>\n<td><b>Livelli di purezza<\/b><\/td>\n<td><span style=\"font-weight: 400;\">\u226599% (grado di laboratorio); 97-98% (grado industriale)<\/span><\/td>\n<\/tr>\n<tr>\n<td><b>Gradi disponibili<\/b><\/td>\n<td><span style=\"font-weight: 400;\">Grado industriale, grado di laboratorio\/reagente<\/span><\/td>\n<\/tr>\n<tr>\n<td><b>Opzioni di imballaggio<\/b><\/td>\n<td><span style=\"font-weight: 400;\">Contenitori sigillati da 500g, 1kg, 5kg; fusti sfusi disponibili su richiesta<\/span><\/td>\n<\/tr>\n<tr>\n<td><b>Applicazioni comuni<\/b><\/td>\n<td><span style=\"font-weight: 400;\">Produzione di erbicidi, intermedi per coloranti, sbiancanti ottici, sintesi chimica<\/span><\/td>\n<\/tr>\n<tr>\n<td><b>Requisiti di stoccaggio<\/b><\/td>\n<td><span style=\"font-weight: 400;\">Conservare in un luogo fresco, asciutto e ventilato, lontano da umidit\u00e0 e acidi.<\/span><\/td>\n<\/tr>\n<tr>\n<td><b>Pericoli<\/b><\/td>\n<td><span style=\"font-weight: 400;\">Tossico se inalato o ingerito; corrosivo per la pelle e per gli occhi.<\/span><\/td>\n<\/tr>\n<tr>\n<td><b>Classificazione della spedizione<\/b><\/td>\n<td><span style=\"font-weight: 400;\">UN 2670 - Solido tossico, inorganico, n.a.s., Classe 6.1<\/span><\/td>\n<\/tr>\n<tr>\n<td><b>Conformit\u00e0 normativa<\/b><\/td>\n<td><span style=\"font-weight: 400;\">Conforme alle norme GHS, REACH e OSHA; SDS e CoA incluse nell'acquisto.<\/span><\/td>\n<\/tr>\n<tr>\n<td><b>Paese di origine<\/b><\/td>\n<td><span style=\"font-weight: 400;\">[Specificare in base al fornitore, ad esempio USA, Germania, Cina].<\/span><\/td>\n<\/tr>\n<tr>\n<td><b>Restrizioni d'uso<\/b><\/td>\n<td><span style=\"font-weight: 400;\">Solo per uso industriale o di laboratorio; non per applicazioni al consumo.<\/span><\/td>\n<\/tr>\n<\/tbody>\n<\/table>\n<h3><b>Applicazioni comuni<\/b><\/h3>\n<p><span style=\"font-weight: 400;\">Il cloruro cianurico \u00e8 essenziale in diversi settori grazie alle sue diverse funzionalit\u00e0:<\/span><\/p>\n<p><b>Prodotti agrochimici:<\/b><span style=\"font-weight: 400;\"> Precursore primario nella sintesi di erbicidi come <\/span><b>atrazina<\/b><span style=\"font-weight: 400;\">, <\/span><b>simazina<\/b><span style=\"font-weight: 400;\">, e <\/span><b>cianazina<\/b><b><br \/>\n<\/b><b>Produzione di coloranti:<\/b><span style=\"font-weight: 400;\"> Elemento fondamentale per i coloranti reattivi utilizzati nei tessuti<\/span><span style=\"font-weight: 400;\"><br \/>\n<\/span><b>Brillantanti ottici e disinfettanti:<\/b><span style=\"font-weight: 400;\"> Utilizzato nella produzione di agenti che migliorano l'aspetto e la sanificazione dei prodotti<\/span><span style=\"font-weight: 400;\"><br \/>\n<\/span><b>Chimica organica:<\/b><span style=\"font-weight: 400;\"> Impiegato come <\/span><b>agente di accoppiamento<\/b><span style=\"font-weight: 400;\"> e per l'attivazione degli acidi carbossilici nella sintesi dei peptidi<\/span><\/p>\n<p><span style=\"font-weight: 400;\">Professionisti del settore <\/span><b>industrie chimiche, farmaceutiche e tessili<\/b><span style=\"font-weight: 400;\"> dipendono dal cloruro cianurico per precisione, efficienza ed efficacia.<\/span><\/p>\n<h3><b>Gradi e disponibilit\u00e0<\/b><\/h3>\n<p><span style=\"font-weight: 400;\">Offriamo cloruro cianurico in diversi gradi per soddisfare le varie esigenze industriali e di laboratorio:<\/span><\/p>\n<ul>\n<li style=\"font-weight: 400;\" aria-level=\"1\"><b>Grado industriale:<\/b><span style=\"font-weight: 400;\"> Adatto alla produzione su larga scala di coloranti, pesticidi e prodotti intermedi.<\/span>&nbsp;<\/li>\n<li style=\"font-weight: 400;\" aria-level=\"1\"><b>Grado di laboratorio\/reagente:<\/b><span style=\"font-weight: 400;\"> Forma ad alta purezza ideale per la R&amp;S, la sintesi e la ricerca accademica<\/span>&nbsp;<\/li>\n<li style=\"font-weight: 400;\" aria-level=\"1\"><b>Forma:<\/b><span style=\"font-weight: 400;\"> Polvere cristallina, confezionata in contenitori sigillati, resistenti all'umidit\u00e0<\/span>&nbsp;<\/li>\n<\/ul>\n<p><span style=\"font-weight: 400;\">Ogni ordine \u00e8 accompagnato da un <\/span><b>Certificato di analisi (CoA)<\/b><span style=\"font-weight: 400;\"> e <\/span><b>Scheda di sicurezza (SDS)<\/b><span style=\"font-weight: 400;\"> per garantire la tracciabilit\u00e0 e la conformit\u00e0.<\/span><\/p>\n<h3><b>Perch\u00e9 acquistare cloruro cianurico online da noi?<\/b><\/h3>\n<p><span style=\"font-weight: 400;\">Ordinare Cloruro cianurico online da un fornitore affidabile significa:<\/span><\/p>\n<ul>\n<li style=\"font-weight: 400;\" aria-level=\"1\"><b>Purezza e consistenza garantite<\/b><span style=\"font-weight: 400;\"> - Testati in laboratorio per la qualit\u00e0 e la conformit\u00e0<\/span>&nbsp;<\/li>\n<li style=\"font-weight: 400;\" aria-level=\"1\"><b>Opzioni di imballaggio flessibili<\/b><span style=\"font-weight: 400;\"> - Da grammi a chilogrammi e volumi industriali sfusi<\/span>&nbsp;<\/li>\n<li style=\"font-weight: 400;\" aria-level=\"1\"><b>Spedizione globale conforme<\/b><span style=\"font-weight: 400;\"> - Imballati in modo sicuro secondo le linee guida sui materiali pericolosi<\/span>&nbsp;<\/li>\n<li style=\"font-weight: 400;\" aria-level=\"1\"><b>Prezzi competitivi<\/b><span style=\"font-weight: 400;\"> - Accesso <\/span><b>prezzi economici del cloruro cianurico<\/b><span style=\"font-weight: 400;\"> senza sacrificare la qualit\u00e0<\/span>&nbsp;<\/li>\n<li style=\"font-weight: 400;\" aria-level=\"1\"><b>Documentazione completa fornita<\/b><span style=\"font-weight: 400;\"> - SDS, CoA e documenti normativi sono inclusi in ogni ordine.<\/span>&nbsp;<\/li>\n<\/ul>\n<p><span style=\"font-weight: 400;\">Che si tratti di aumentare la produzione o di preparare formulazioni per la ricerca, siamo la soluzione pi\u00f9 adatta per voi. <\/span><b>il posto migliore per ordinare <a href=\"https:\/\/subszone.com\/it\/product\/cloruro-cianurico\/\">Cloruro cianurico<\/a> online<\/b><span style=\"font-weight: 400;\">-in modo legale, sicuro e conveniente.<\/span><\/p>\n<h3><b>Conclusione<\/b><\/h3>\n<p><span style=\"font-weight: 400;\">Il cloruro cianurico \u00e8 pi\u00f9 di un semplice prodotto chimico: \u00e8 un elemento fondamentale per l'agricoltura, la scienza dei materiali e la sintesi organica avanzata. Assicuratevi di rifornirvi da un fornitore che comprenda le vostre esigenze e soddisfi tutti gli standard di sicurezza e normativi.<\/span><\/p>\n<p><b>Acquistare Cloruro cianurico online<\/b><span style=\"font-weight: 400;\"> e assicuratevi che i vostri processi siano puliti, conformi ed efficienti dal punto di vista dei costi.<\/span><\/p>","protected":false},"excerpt":{"rendered":"<p><strong>Cloruro cianurico (C\u2083Cl\u2083N\u2083)<\/strong> \u00e8 un composto versatile e cristallino ampiamente utilizzato come <strong>intermedio reattivo<\/strong> in <strong>sintesi chimica<\/strong> e vari <strong>applicazioni industriali<\/strong>. Conosciuto per la sua elevata reattivit\u00e0 e stabilit\u00e0, il cloruro cianurico \u00e8 un componente prezioso nella produzione di <strong>prodotti agrochimici<\/strong>, <strong>prodotti farmaceutici<\/strong>, <strong>coloranti<\/strong>, e <strong>polimeri<\/strong>. Ecco una panoramica dei suoi principali usi, benefici e considerazioni sulla sicurezza.<\/p>\n<p><strong>Sinonimi: 2,4,6-Tricloro-1,3,5-triazina<\/strong><br \/>\n<strong>Formula empirica (notazione Hill): C3Cl3N3<\/strong><br \/>\n<strong>N. CAS: 108-77-0<\/strong><br \/>\n<strong>Peso molecolare: 184,41<\/strong><br \/>\n<strong>N. CE: 203-614-9<\/strong><br \/>\n<strong>Beilstein N.: 124246<\/strong><\/p>","protected":false},"featured_media":1433,"comment_status":"open","ping_status":"closed","template":"","meta":{"_kadence_starter_templates_imported_post":false,"_kad_post_transparent":"default","_kad_post_title":"","_kad_post_layout":"default","_kad_post_sidebar_id":"","_kad_post_content_style":"default","_kad_post_vertical_padding":"default","_kad_post_feature":"","_kad_post_feature_position":"","_kad_post_header":false,"_kad_post_footer":false,"_joinchat":[]},"product_brand":[],"product_cat":[150],"product_tag":[1280,1278,1290,1286,160,1284,1282,1285,1289,1287,162,1283,1281,1293,1291,1277,166,1279,1292,1288],"class_list":{"0":"post-1121","1":"product","2":"type-product","3":"status-publish","4":"has-post-thumbnail","6":"product_cat-specialty-chemicals","7":"product_tag-bulk-cyanuric-chloride-supplier","8":"product_tag-buy-cyanuric-chloride","9":"product_tag-commercial-cyanuric-chloride-supply","10":"product_tag-cyanuric-chloride-as-crosslinking-agent","11":"product_tag-cyanuric-chloride-distributor","12":"product_tag-cyanuric-chloride-for-agrochemicals","13":"product_tag-cyanuric-chloride-for-chemical-synthesis","14":"product_tag-cyanuric-chloride-for-dye-production","15":"product_tag-cyanuric-chloride-for-industrial-applications","16":"product_tag-cyanuric-chloride-for-laboratory-use","17":"product_tag-cyanuric-chloride-for-sale","18":"product_tag-cyanuric-chloride-in-pharmaceutical-manufacturing","19":"product_tag-cyanuric-chloride-price-and-availability","20":"product_tag-cyanuric-chloride-procurement","21":"product_tag-cyanuric-chloride-safety-and-compliance","22":"product_tag-cyanuric-chloride-supplier","23":"product_tag-high-purity-cyanuric-chloride","24":"product_tag-industrial-cyanuric-chloride-supply","25":"product_tag-reliable-cyanuric-chloride-supplier","26":"product_tag-where-to-buy-cyanuric-chloride","28":"first","29":"instock","30":"shipping-taxable","31":"product-type-simple","32":"entry","33":"content-bg","34":"loop-entry"},"yoast_head":"<!-- This site is optimized with the Yoast SEO plugin v25.6 - https:\/\/yoast.com\/wordpress\/plugins\/seo\/ -->\n<title>Buy Cyanuric Chloride in Bulk Online - Cyanuric Chloride for Sale<\/title>\n<meta name=\"description\" content=\"At our Subszone online store, we have cyanuric chloride in Bulk for sale. You can easily buy cyanuric chloride online of top quality from us available at the best prices. Order now!\" \/>\n<meta name=\"robots\" content=\"index, follow, max-snippet:-1, max-image-preview:large, max-video-preview:-1\" \/>\n<link rel=\"canonical\" href=\"https:\/\/subszone.com\/it\/product\/cloruro-cianurico\/\" \/>\n<meta property=\"og:locale\" content=\"it_IT\" \/>\n<meta property=\"og:type\" content=\"article\" \/>\n<meta property=\"og:title\" content=\"Buy Cyanuric Chloride in Bulk Online - Cyanuric Chloride for Sale\" \/>\n<meta property=\"og:description\" content=\"At our Subszone online store, we have cyanuric chloride in Bulk for sale. You can easily buy cyanuric chloride online of top quality from us available at the best prices. Order now!\" \/>\n<meta property=\"og:url\" content=\"https:\/\/subszone.com\/it\/product\/cloruro-cianurico\/\" \/>\n<meta property=\"og:site_name\" content=\"SubsZone\" \/>\n<meta property=\"article:modified_time\" content=\"2025-05-31T05:09:04+00:00\" \/>\n<meta property=\"og:image\" content=\"https:\/\/subszone.com\/wp-content\/uploads\/2024\/10\/Cyanuric-Chloride-2.gif\" \/>\n\t<meta property=\"og:image:width\" content=\"600\" \/>\n\t<meta property=\"og:image:height\" content=\"600\" \/>\n\t<meta property=\"og:image:type\" content=\"image\/gif\" \/>\n<meta name=\"twitter:card\" content=\"summary_large_image\" \/>\n<meta name=\"twitter:label1\" content=\"Tempo di lettura stimato\" \/>\n\t<meta name=\"twitter:data1\" content=\"3 minuti\" \/>\n<script type=\"application\/ld+json\" class=\"yoast-schema-graph\">{\"@context\":\"https:\/\/schema.org\",\"@graph\":[{\"@type\":\"WebPage\",\"@id\":\"https:\/\/subszone.com\/product\/cyanuric-chloride\/\",\"url\":\"https:\/\/subszone.com\/product\/cyanuric-chloride\/\",\"name\":\"Buy Cyanuric Chloride in Bulk Online - Cyanuric Chloride for Sale\",\"isPartOf\":{\"@id\":\"https:\/\/subszone.com\/#website\"},\"primaryImageOfPage\":{\"@id\":\"https:\/\/subszone.com\/product\/cyanuric-chloride\/#primaryimage\"},\"image\":{\"@id\":\"https:\/\/subszone.com\/product\/cyanuric-chloride\/#primaryimage\"},\"thumbnailUrl\":\"https:\/\/subszone.com\/wp-content\/uploads\/2024\/10\/Cyanuric-Chloride-2.gif\",\"datePublished\":\"2024-10-23T11:14:14+00:00\",\"dateModified\":\"2025-05-31T05:09:04+00:00\",\"description\":\"At our Subszone online store, we have cyanuric chloride in Bulk for sale. You can easily buy cyanuric chloride online of top quality from us available at the best prices. Order now!\",\"breadcrumb\":{\"@id\":\"https:\/\/subszone.com\/product\/cyanuric-chloride\/#breadcrumb\"},\"inLanguage\":\"it-IT\",\"potentialAction\":[{\"@type\":\"ReadAction\",\"target\":[\"https:\/\/subszone.com\/product\/cyanuric-chloride\/\"]}]},{\"@type\":\"ImageObject\",\"inLanguage\":\"it-IT\",\"@id\":\"https:\/\/subszone.com\/product\/cyanuric-chloride\/#primaryimage\",\"url\":\"https:\/\/subszone.com\/wp-content\/uploads\/2024\/10\/Cyanuric-Chloride-2.gif\",\"contentUrl\":\"https:\/\/subszone.com\/wp-content\/uploads\/2024\/10\/Cyanuric-Chloride-2.gif\",\"width\":600,\"height\":600,\"caption\":\"Buy Cyanuric Chloride Online\"},{\"@type\":\"BreadcrumbList\",\"@id\":\"https:\/\/subszone.com\/product\/cyanuric-chloride\/#breadcrumb\",\"itemListElement\":[{\"@type\":\"ListItem\",\"position\":1,\"name\":\"Home\",\"item\":\"https:\/\/subszone.com\/\"},{\"@type\":\"ListItem\",\"position\":2,\"name\":\"Shop\",\"item\":\"https:\/\/subszone.com\/shop\/\"},{\"@type\":\"ListItem\",\"position\":3,\"name\":\"Buy Cyanuric Chloride Online\"}]},{\"@type\":\"WebSite\",\"@id\":\"https:\/\/subszone.com\/#website\",\"url\":\"https:\/\/subszone.com\/\",\"name\":\"SubsZone\",\"description\":\"My WordPress Blog\",\"publisher\":{\"@id\":\"https:\/\/subszone.com\/#organization\"},\"potentialAction\":[{\"@type\":\"SearchAction\",\"target\":{\"@type\":\"EntryPoint\",\"urlTemplate\":\"https:\/\/subszone.com\/?s={search_term_string}\"},\"query-input\":{\"@type\":\"PropertyValueSpecification\",\"valueRequired\":true,\"valueName\":\"search_term_string\"}}],\"inLanguage\":\"it-IT\"},{\"@type\":\"Organization\",\"@id\":\"https:\/\/subszone.com\/#organization\",\"name\":\"SubsZone\",\"url\":\"https:\/\/subszone.com\/\",\"logo\":{\"@type\":\"ImageObject\",\"inLanguage\":\"it-IT\",\"@id\":\"https:\/\/subszone.com\/#\/schema\/logo\/image\/\",\"url\":\"https:\/\/subszone.com\/wp-content\/uploads\/2024\/10\/logo.png\",\"contentUrl\":\"https:\/\/subszone.com\/wp-content\/uploads\/2024\/10\/logo.png\",\"width\":193,\"height\":50,\"caption\":\"SubsZone\"},\"image\":{\"@id\":\"https:\/\/subszone.com\/#\/schema\/logo\/image\/\"}}]}<\/script>\n<!-- \/ Yoast SEO plugin. -->","yoast_head_json":{"title":"Acquisto di cloruro cianurico in grandi quantit\u00e0 online - Cloruro cianurico in vendita","description":"Nel nostro negozio online Subszone, abbiamo cloruro cianurico in vendita alla rinfusa. \u00c8 possibile acquistare facilmente cloruro cianurico online di alta qualit\u00e0 da noi disponibile ai migliori prezzi. Ordinate ora!","robots":{"index":"index","follow":"follow","max-snippet":"max-snippet:-1","max-image-preview":"max-image-preview:large","max-video-preview":"max-video-preview:-1"},"canonical":"https:\/\/subszone.com\/it\/product\/cloruro-cianurico\/","og_locale":"it_IT","og_type":"article","og_title":"Buy Cyanuric Chloride in Bulk Online - Cyanuric Chloride for Sale","og_description":"At our Subszone online store, we have cyanuric chloride in Bulk for sale. You can easily buy cyanuric chloride online of top quality from us available at the best prices. Order now!","og_url":"https:\/\/subszone.com\/it\/product\/cloruro-cianurico\/","og_site_name":"SubsZone","article_modified_time":"2025-05-31T05:09:04+00:00","og_image":[{"width":600,"height":600,"url":"https:\/\/subszone.com\/wp-content\/uploads\/2024\/10\/Cyanuric-Chloride-2.gif","type":"image\/gif"}],"twitter_card":"summary_large_image","twitter_misc":{"Tempo di lettura stimato":"3 minuti"},"schema":{"@context":"https:\/\/schema.org","@graph":[{"@type":"WebPage","@id":"https:\/\/subszone.com\/product\/cyanuric-chloride\/","url":"https:\/\/subszone.com\/product\/cyanuric-chloride\/","name":"Acquisto di cloruro cianurico in grandi quantit\u00e0 online - Cloruro cianurico in vendita","isPartOf":{"@id":"https:\/\/subszone.com\/#website"},"primaryImageOfPage":{"@id":"https:\/\/subszone.com\/product\/cyanuric-chloride\/#primaryimage"},"image":{"@id":"https:\/\/subszone.com\/product\/cyanuric-chloride\/#primaryimage"},"thumbnailUrl":"https:\/\/subszone.com\/wp-content\/uploads\/2024\/10\/Cyanuric-Chloride-2.gif","datePublished":"2024-10-23T11:14:14+00:00","dateModified":"2025-05-31T05:09:04+00:00","description":"Nel nostro negozio online Subszone, abbiamo cloruro cianurico in vendita alla rinfusa. \u00c8 possibile acquistare facilmente cloruro cianurico online di alta qualit\u00e0 da noi disponibile ai migliori prezzi. Ordinate ora!","breadcrumb":{"@id":"https:\/\/subszone.com\/product\/cyanuric-chloride\/#breadcrumb"},"inLanguage":"it-IT","potentialAction":[{"@type":"ReadAction","target":["https:\/\/subszone.com\/product\/cyanuric-chloride\/"]}]},{"@type":"ImageObject","inLanguage":"it-IT","@id":"https:\/\/subszone.com\/product\/cyanuric-chloride\/#primaryimage","url":"https:\/\/subszone.com\/wp-content\/uploads\/2024\/10\/Cyanuric-Chloride-2.gif","contentUrl":"https:\/\/subszone.com\/wp-content\/uploads\/2024\/10\/Cyanuric-Chloride-2.gif","width":600,"height":600,"caption":"Buy Cyanuric Chloride Online"},{"@type":"BreadcrumbList","@id":"https:\/\/subszone.com\/product\/cyanuric-chloride\/#breadcrumb","itemListElement":[{"@type":"ListItem","position":1,"name":"Home","item":"https:\/\/subszone.com\/"},{"@type":"ListItem","position":2,"name":"Shop","item":"https:\/\/subszone.com\/shop\/"},{"@type":"ListItem","position":3,"name":"Buy Cyanuric Chloride Online"}]},{"@type":"WebSite","@id":"https:\/\/subszone.com\/#website","url":"https:\/\/subszone.com\/","name":"SubsZone","description":"Il mio blog WordPress","publisher":{"@id":"https:\/\/subszone.com\/#organization"},"potentialAction":[{"@type":"SearchAction","target":{"@type":"EntryPoint","urlTemplate":"https:\/\/subszone.com\/?s={search_term_string}"},"query-input":{"@type":"PropertyValueSpecification","valueRequired":true,"valueName":"search_term_string"}}],"inLanguage":"it-IT"},{"@type":"Organization","@id":"https:\/\/subszone.com\/#organization","name":"SubsZone","url":"https:\/\/subszone.com\/","logo":{"@type":"ImageObject","inLanguage":"it-IT","@id":"https:\/\/subszone.com\/#\/schema\/logo\/image\/","url":"https:\/\/subszone.com\/wp-content\/uploads\/2024\/10\/logo.png","contentUrl":"https:\/\/subszone.com\/wp-content\/uploads\/2024\/10\/logo.png","width":193,"height":50,"caption":"SubsZone"},"image":{"@id":"https:\/\/subszone.com\/#\/schema\/logo\/image\/"}}]}},"_links":{"self":[{"href":"https:\/\/subszone.com\/it\/wp-json\/wp\/v2\/product\/1121","targetHints":{"allow":["GET"]}}],"collection":[{"href":"https:\/\/subszone.com\/it\/wp-json\/wp\/v2\/product"}],"about":[{"href":"https:\/\/subszone.com\/it\/wp-json\/wp\/v2\/types\/product"}],"replies":[{"embeddable":true,"href":"https:\/\/subszone.com\/it\/wp-json\/wp\/v2\/comments?post=1121"}],"wp:featuredmedia":[{"embeddable":true,"href":"https:\/\/subszone.com\/it\/wp-json\/wp\/v2\/media\/1433"}],"wp:attachment":[{"href":"https:\/\/subszone.com\/it\/wp-json\/wp\/v2\/media?parent=1121"}],"wp:term":[{"taxonomy":"product_brand","embeddable":true,"href":"https:\/\/subszone.com\/it\/wp-json\/wp\/v2\/product_brand?post=1121"},{"taxonomy":"product_cat","embeddable":true,"href":"https:\/\/subszone.com\/it\/wp-json\/wp\/v2\/product_cat?post=1121"},{"taxonomy":"product_tag","embeddable":true,"href":"https:\/\/subszone.com\/it\/wp-json\/wp\/v2\/product_tag?post=1121"}],"curies":[{"name":"wp","href":"https:\/\/api.w.org\/{rel}","templated":true}]}}