{"id":1154,"date":"2024-10-24T04:29:10","date_gmt":"2024-10-24T04:29:10","guid":{"rendered":"https:\/\/subszone.com\/?post_type=product&#038;p=1154"},"modified":"2025-05-31T05:28:36","modified_gmt":"2025-05-31T05:28:36","slug":"acetato-di-etile","status":"publish","type":"product","link":"https:\/\/subszone.com\/it\/product\/acetato-di-etile\/","title":{"rendered":"Acquistare Acetato di etile online"},"content":{"rendered":"<h2><b>Acquista online l'acetato di etile - Solvente di elevata purezza per uso industriale e di laboratorio<\/b><\/h2>\n<h3><b>Acetato di etile di qualit\u00e0 superiore in vendita con spedizione veloce<\/b><\/h3>\n<p><span style=\"font-weight: 400;\">Alla ricerca di una fonte affidabile per <\/span><a href=\"https:\/\/subszone.com\/it\/product\/acetato-di-etile\/\"><b>acquistare Acetato di etile online<\/b><\/a><span style=\"font-weight: 400;\">? Il nostro acetato di etile di elevata purezza e di qualit\u00e0 da laboratorio offre prestazioni eccezionali per i processi industriali, i laboratori di ricerca e le applicazioni di produzione. Che si tratti di aumentare la produzione o di eseguire lavori di estrazione di precisione, forniamo qualit\u00e0 costante, consegne rapide e piena conformit\u00e0 alle normative.<\/span><\/p>\n<h3><b>Descrizione del prodotto: Che cos'\u00e8 l'acetato di etile?<\/b><\/h3>\n<p><span style=\"font-weight: 400;\">L'acetato di etile (C\u2084H\u2088O\u2082) \u00e8 un solvente organico incolore e infiammabile noto per la sua rapida evaporazione e l'eccellente solvibilit\u00e0. \u00c8 ampiamente utilizzato in adesivi, rivestimenti, prodotti farmaceutici e chimica analitica. Il nostro acetato di etile \u00e8 disponibile in diverse purezza, tra cui:<\/span><\/p>\n<ul>\n<li style=\"font-weight: 400;\" aria-level=\"1\"><b>Grado tecnico<\/b><b>\n<p><\/b><\/li>\n<li style=\"font-weight: 400;\" aria-level=\"1\"><b>Grado del reagente<\/b><b>\n<p><\/b><\/li>\n<li style=\"font-weight: 400;\" aria-level=\"1\"><b>Grado ACS<\/b><b>\n<p><\/b><\/li>\n<\/ul>\n<p><span style=\"font-weight: 400;\">Scegliete tra una variet\u00e0 di formati di imballaggio, da <\/span><b>Bottiglie da laboratorio da 1 litro<\/b><span style=\"font-weight: 400;\"> a <\/span><b>Fusti da 200L<\/b><span style=\"font-weight: 400;\"> per applicazioni industriali di massa.<\/span><\/p>\n<h3><b>Applicazioni dell'acetato di etile<\/b><\/h3>\n<p><span style=\"font-weight: 400;\">L'acetato di etile \u00e8 un solvente versatile che funziona in modo affidabile in tutte le situazioni:<\/span><\/p>\n<ul>\n<li style=\"font-weight: 400;\" aria-level=\"1\"><b>Processi di estrazione<\/b><span style=\"font-weight: 400;\"> (botanica e farmaceutica)<\/span><span style=\"font-weight: 400;\">\n<p><\/span><\/li>\n<li style=\"font-weight: 400;\" aria-level=\"1\"><b>Sintesi chimica<\/b><span style=\"font-weight: 400;\"> (reazioni di esterificazione e condensazione)<\/span><span style=\"font-weight: 400;\">\n<p><\/span><\/li>\n<li style=\"font-weight: 400;\" aria-level=\"1\"><b>Sgrassaggio e pulizia delle superfici<\/b><b>\n<p><\/b><\/li>\n<li style=\"font-weight: 400;\" aria-level=\"1\"><b>Produzione di vernici, inchiostri e rivestimenti<\/b><b>\n<p><\/b><\/li>\n<li style=\"font-weight: 400;\" aria-level=\"1\"><b>Test analitici<\/b><span style=\"font-weight: 400;\"> e TLC<\/span><span style=\"font-weight: 400;\">\n<p><\/span><\/li>\n<\/ul>\n<p><span style=\"font-weight: 400;\">La sua miscibilit\u00e0 con solventi come etanolo, acetone e cloroformio lo rende altamente adattabile a formulazioni e processi personalizzati.<\/span><\/p>\n<h3><b>Perch\u00e9 ordinare Acetato di etile da noi?<\/b><\/h3>\n<p><span style=\"font-weight: 400;\">Quando si cerca il <\/span><b>il miglior posto per comprare Acetato di etile<\/b><span style=\"font-weight: 400;\">L'affidabilit\u00e0, la sicurezza e l'integrit\u00e0 dei prodotti sono importanti. Ecco perch\u00e9 i clienti si fidano di noi:<\/span><\/p>\n<ul>\n<li style=\"font-weight: 400;\" aria-level=\"1\"><b>Certificazioni dei fornitori verificate<\/b><span style=\"font-weight: 400;\"> - Tutti i prodotti provengono da produttori conformi alle norme ISO e certificati GMP.<\/span><span style=\"font-weight: 400;\">\n<p><\/span><\/li>\n<li style=\"font-weight: 400;\" aria-level=\"1\"><b>SDS e COA fornite<\/b><span style=\"font-weight: 400;\"> - Ogni lotto viene spedito con una scheda di sicurezza completa e un certificato di analisi.<\/span><span style=\"font-weight: 400;\">\n<p><\/span><\/li>\n<li style=\"font-weight: 400;\" aria-level=\"1\"><b>Prezzi in blocco disponibili<\/b><span style=\"font-weight: 400;\"> - Tariffe competitive per volumi industriali e clienti abituali<\/span><span style=\"font-weight: 400;\">\n<p><\/span><\/li>\n<li style=\"font-weight: 400;\" aria-level=\"1\"><b>Conformit\u00e0 normativa<\/b><span style=\"font-weight: 400;\"> - Aderiamo a tutti gli standard internazionali per la gestione e la documentazione dei materiali pericolosi.<\/span><span style=\"font-weight: 400;\">\n<p><\/span><\/li>\n<\/ul>\n<h3><b>Informazioni sulla spedizione e sul pagamento<\/b><\/h3>\n<p><span style=\"font-weight: 400;\">Spediamo in tutto il mondo con partner logistici certificati per le merci pericolose. Ecco cosa potete aspettarvi:<\/span><\/p>\n<ul>\n<li style=\"font-weight: 400;\" aria-level=\"1\"><b>Imballaggio non approvato<\/b><span style=\"font-weight: 400;\"> per il trasporto sicuro di liquidi infiammabili<\/span><span style=\"font-weight: 400;\">\n<p><\/span><\/li>\n<li style=\"font-weight: 400;\" aria-level=\"1\"><b>Consegna globale<\/b><span style=\"font-weight: 400;\"> con tempi di consegna stimati alla cassa<\/span><span style=\"font-weight: 400;\">\n<p><\/span><\/li>\n<li style=\"font-weight: 400;\" aria-level=\"1\"><b>Opzioni di pagamento flessibili<\/b><span style=\"font-weight: 400;\"> - Carta di credito, bonifico bancario, ordini di acquisto per i conti approvati.<\/span><span style=\"font-weight: 400;\">\n<p><\/span><\/li>\n<li style=\"font-weight: 400;\" aria-level=\"1\"><b>Politica di restituzione<\/b><span style=\"font-weight: 400;\"> - Si accettano resi su contenitori non aperti e non danneggiati entro 14 giorni (soggetti ad approvazione).<\/span><span style=\"font-weight: 400;\">\n<p><\/span><\/li>\n<\/ul>\n<h3><b>Ordina oggi stesso l'acetato di etile online<\/b><\/h3>\n<p><span style=\"font-weight: 400;\">Siete pronti per iniziare? Che si tratti di una piccola bottiglia o di una spedizione in grandi quantit\u00e0, siamo qui per aiutarvi.<\/span><span style=\"font-weight: 400;\"><br \/>\n<\/span> <b>Fare clic qui sotto per ordinare <a href=\"https:\/\/en.wikipedia.org\/wiki\/Ethyl_acetate\">Acetato di etile<\/a> online<\/b><span style=\"font-weight: 400;\"> e sperimentare una consegna rapida, sicura e conforme.<\/span><\/p>","protected":false},"excerpt":{"rendered":"<p>L'acetato di etile \u00e8 un composto organico incolore e dall'odore di frutta, ampiamente utilizzato in diversi settori industriali. Come solvente versatile, svolge un ruolo cruciale in applicazioni che vanno dalla lavorazione degli alimenti alla produzione. In questo articolo esploreremo le propriet\u00e0, gli usi principali e le considerazioni sulla sicurezza associate all'acetato di etile.<\/p>\n<p><strong>Sinonimi: EtOAc, Acetato di etile<\/strong><br \/>\n<strong>Formula lineare: CH3COOC2H5<\/strong><br \/>\n<strong>N. CAS: 141-78-6<\/strong><br \/>\n<strong>Peso molecolare: 88,11<\/strong><br \/>\n<strong>Beilstein n.:506104<\/strong><\/p>","protected":false},"featured_media":1428,"comment_status":"open","ping_status":"closed","template":"","meta":{"_kadence_starter_templates_imported_post":false,"_kad_post_transparent":"default","_kad_post_title":"","_kad_post_layout":"default","_kad_post_sidebar_id":"","_kad_post_content_style":"default","_kad_post_vertical_padding":"default","_kad_post_feature":"","_kad_post_feature_position":"","_kad_post_header":false,"_kad_post_footer":false,"_joinchat":[]},"product_brand":[],"product_cat":[171],"product_tag":[172,173,174,175,176,177,178,179,180,181,182,183,184,185,186,187,188,189,190,191],"class_list":{"0":"post-1154","1":"product","2":"type-product","3":"status-publish","4":"has-post-thumbnail","6":"product_cat-solvents-and-cleaning-agents","7":"product_tag-bulk-ethyl-acetate-supplier","8":"product_tag-buy-ethyl-acetate-in-bulk","9":"product_tag-cas-141-78-6-ethyl-acetate-bulk","10":"product_tag-ethyl-acetate-99-purity-supplier","11":"product_tag-ethyl-acetate-bulk-supplier-usa","12":"product_tag-ethyl-acetate-cas-141-78-6-supplier","13":"product_tag-ethyl-acetate-cas-number-141-78-6","14":"product_tag-ethyl-acetate-chemical-procurement","15":"product_tag-ethyl-acetate-chemical-supplier","16":"product_tag-ethyl-acetate-for-industrial-use","17":"product_tag-ethyl-acetate-for-sale","18":"product_tag-ethyl-acetate-manufacturing-supplier","19":"product_tag-ethyl-acetate-price-per-barrel","20":"product_tag-ethyl-acetate-price-per-gallon","21":"product_tag-ethyl-acetate-price-per-ton","22":"product_tag-ethyl-acetate-solvent-supplier","23":"product_tag-ethyl-acetate-wholesale-distributor","24":"product_tag-high-purity-ethyl-acetate-for-sale","25":"product_tag-industrial-grade-ethyl-acetate","26":"product_tag-where-to-buy-ethyl-acetate","28":"first","29":"instock","30":"shipping-taxable","31":"product-type-simple","32":"entry","33":"content-bg","34":"loop-entry"},"yoast_head":"<!-- This site is optimized with the Yoast SEO plugin v25.6 - https:\/\/yoast.com\/wordpress\/plugins\/seo\/ -->\n<title>Ethyl Acetate for Sale - Buy Ethyl Acetate Online | Subszone<\/title>\n<meta name=\"description\" content=\"Get ethyl acetate for sale at one of the best online stores Subszone. We will help you buy ethyl acetate online of high quality. Don&#039;t delay to place your order and take advantage of the newest discounts!\" \/>\n<meta name=\"robots\" content=\"index, follow, max-snippet:-1, max-image-preview:large, max-video-preview:-1\" \/>\n<link rel=\"canonical\" href=\"https:\/\/subszone.com\/it\/product\/acetato-di-etile\/\" \/>\n<meta property=\"og:locale\" content=\"it_IT\" \/>\n<meta property=\"og:type\" content=\"article\" \/>\n<meta property=\"og:title\" content=\"Ethyl Acetate for Sale - Buy Ethyl Acetate Online | Subszone\" \/>\n<meta property=\"og:description\" content=\"Get ethyl acetate for sale at one of the best online stores Subszone. We will help you buy ethyl acetate online of high quality. Don&#039;t delay to place your order and take advantage of the newest discounts!\" \/>\n<meta property=\"og:url\" content=\"https:\/\/subszone.com\/it\/product\/acetato-di-etile\/\" \/>\n<meta property=\"og:site_name\" content=\"SubsZone\" \/>\n<meta property=\"article:modified_time\" content=\"2025-05-31T05:28:36+00:00\" \/>\n<meta property=\"og:image\" content=\"https:\/\/subszone.com\/wp-content\/uploads\/2024\/10\/Ethyl-Acetate-2-2.gif\" \/>\n\t<meta property=\"og:image:width\" content=\"600\" \/>\n\t<meta property=\"og:image:height\" content=\"600\" \/>\n\t<meta property=\"og:image:type\" content=\"image\/gif\" \/>\n<meta name=\"twitter:card\" content=\"summary_large_image\" \/>\n<meta name=\"twitter:label1\" content=\"Tempo di lettura stimato\" \/>\n\t<meta name=\"twitter:data1\" content=\"2 minuti\" \/>\n<script type=\"application\/ld+json\" class=\"yoast-schema-graph\">{\"@context\":\"https:\/\/schema.org\",\"@graph\":[{\"@type\":\"WebPage\",\"@id\":\"https:\/\/subszone.com\/product\/ethyl-acetate\/\",\"url\":\"https:\/\/subszone.com\/product\/ethyl-acetate\/\",\"name\":\"Ethyl Acetate for Sale - Buy Ethyl Acetate Online | Subszone\",\"isPartOf\":{\"@id\":\"https:\/\/subszone.com\/#website\"},\"primaryImageOfPage\":{\"@id\":\"https:\/\/subszone.com\/product\/ethyl-acetate\/#primaryimage\"},\"image\":{\"@id\":\"https:\/\/subszone.com\/product\/ethyl-acetate\/#primaryimage\"},\"thumbnailUrl\":\"https:\/\/subszone.com\/wp-content\/uploads\/2024\/10\/Ethyl-Acetate-2-2.gif\",\"datePublished\":\"2024-10-24T04:29:10+00:00\",\"dateModified\":\"2025-05-31T05:28:36+00:00\",\"description\":\"Get ethyl acetate for sale at one of the best online stores Subszone. We will help you buy ethyl acetate online of high quality. Don't delay to place your order and take advantage of the newest discounts!\",\"breadcrumb\":{\"@id\":\"https:\/\/subszone.com\/product\/ethyl-acetate\/#breadcrumb\"},\"inLanguage\":\"it-IT\",\"potentialAction\":[{\"@type\":\"ReadAction\",\"target\":[\"https:\/\/subszone.com\/product\/ethyl-acetate\/\"]}]},{\"@type\":\"ImageObject\",\"inLanguage\":\"it-IT\",\"@id\":\"https:\/\/subszone.com\/product\/ethyl-acetate\/#primaryimage\",\"url\":\"https:\/\/subszone.com\/wp-content\/uploads\/2024\/10\/Ethyl-Acetate-2-2.gif\",\"contentUrl\":\"https:\/\/subszone.com\/wp-content\/uploads\/2024\/10\/Ethyl-Acetate-2-2.gif\",\"width\":600,\"height\":600,\"caption\":\"Buy Ethyl Acetate Online\"},{\"@type\":\"BreadcrumbList\",\"@id\":\"https:\/\/subszone.com\/product\/ethyl-acetate\/#breadcrumb\",\"itemListElement\":[{\"@type\":\"ListItem\",\"position\":1,\"name\":\"Home\",\"item\":\"https:\/\/subszone.com\/\"},{\"@type\":\"ListItem\",\"position\":2,\"name\":\"Shop\",\"item\":\"https:\/\/subszone.com\/shop\/\"},{\"@type\":\"ListItem\",\"position\":3,\"name\":\"Buy Ethyl Acetate Online\"}]},{\"@type\":\"WebSite\",\"@id\":\"https:\/\/subszone.com\/#website\",\"url\":\"https:\/\/subszone.com\/\",\"name\":\"SubsZone\",\"description\":\"My WordPress Blog\",\"publisher\":{\"@id\":\"https:\/\/subszone.com\/#organization\"},\"potentialAction\":[{\"@type\":\"SearchAction\",\"target\":{\"@type\":\"EntryPoint\",\"urlTemplate\":\"https:\/\/subszone.com\/?s={search_term_string}\"},\"query-input\":{\"@type\":\"PropertyValueSpecification\",\"valueRequired\":true,\"valueName\":\"search_term_string\"}}],\"inLanguage\":\"it-IT\"},{\"@type\":\"Organization\",\"@id\":\"https:\/\/subszone.com\/#organization\",\"name\":\"SubsZone\",\"url\":\"https:\/\/subszone.com\/\",\"logo\":{\"@type\":\"ImageObject\",\"inLanguage\":\"it-IT\",\"@id\":\"https:\/\/subszone.com\/#\/schema\/logo\/image\/\",\"url\":\"https:\/\/subszone.com\/wp-content\/uploads\/2024\/10\/logo.png\",\"contentUrl\":\"https:\/\/subszone.com\/wp-content\/uploads\/2024\/10\/logo.png\",\"width\":193,\"height\":50,\"caption\":\"SubsZone\"},\"image\":{\"@id\":\"https:\/\/subszone.com\/#\/schema\/logo\/image\/\"}}]}<\/script>\n<!-- \/ Yoast SEO plugin. -->","yoast_head_json":{"title":"Vendita Acetato di etile - Acquista Acetato di etile online | Subszone","description":"Acquistate l'acetato di etile in vendita in uno dei migliori negozi online Subszone. Vi aiuteremo a comprare acetato di etile online di alta qualit\u00e0. Non tardate a fare il vostro ordine e approfittate dei nuovi sconti!","robots":{"index":"index","follow":"follow","max-snippet":"max-snippet:-1","max-image-preview":"max-image-preview:large","max-video-preview":"max-video-preview:-1"},"canonical":"https:\/\/subszone.com\/it\/product\/acetato-di-etile\/","og_locale":"it_IT","og_type":"article","og_title":"Ethyl Acetate for Sale - Buy Ethyl Acetate Online | Subszone","og_description":"Get ethyl acetate for sale at one of the best online stores Subszone. We will help you buy ethyl acetate online of high quality. Don't delay to place your order and take advantage of the newest discounts!","og_url":"https:\/\/subszone.com\/it\/product\/acetato-di-etile\/","og_site_name":"SubsZone","article_modified_time":"2025-05-31T05:28:36+00:00","og_image":[{"width":600,"height":600,"url":"https:\/\/subszone.com\/wp-content\/uploads\/2024\/10\/Ethyl-Acetate-2-2.gif","type":"image\/gif"}],"twitter_card":"summary_large_image","twitter_misc":{"Tempo di lettura stimato":"2 minuti"},"schema":{"@context":"https:\/\/schema.org","@graph":[{"@type":"WebPage","@id":"https:\/\/subszone.com\/product\/ethyl-acetate\/","url":"https:\/\/subszone.com\/product\/ethyl-acetate\/","name":"Vendita Acetato di etile - Acquista Acetato di etile online | Subszone","isPartOf":{"@id":"https:\/\/subszone.com\/#website"},"primaryImageOfPage":{"@id":"https:\/\/subszone.com\/product\/ethyl-acetate\/#primaryimage"},"image":{"@id":"https:\/\/subszone.com\/product\/ethyl-acetate\/#primaryimage"},"thumbnailUrl":"https:\/\/subszone.com\/wp-content\/uploads\/2024\/10\/Ethyl-Acetate-2-2.gif","datePublished":"2024-10-24T04:29:10+00:00","dateModified":"2025-05-31T05:28:36+00:00","description":"Acquistate l'acetato di etile in vendita in uno dei migliori negozi online Subszone. Vi aiuteremo a comprare acetato di etile online di alta qualit\u00e0. Non tardate a fare il vostro ordine e approfittate dei nuovi sconti!","breadcrumb":{"@id":"https:\/\/subszone.com\/product\/ethyl-acetate\/#breadcrumb"},"inLanguage":"it-IT","potentialAction":[{"@type":"ReadAction","target":["https:\/\/subszone.com\/product\/ethyl-acetate\/"]}]},{"@type":"ImageObject","inLanguage":"it-IT","@id":"https:\/\/subszone.com\/product\/ethyl-acetate\/#primaryimage","url":"https:\/\/subszone.com\/wp-content\/uploads\/2024\/10\/Ethyl-Acetate-2-2.gif","contentUrl":"https:\/\/subszone.com\/wp-content\/uploads\/2024\/10\/Ethyl-Acetate-2-2.gif","width":600,"height":600,"caption":"Buy Ethyl Acetate Online"},{"@type":"BreadcrumbList","@id":"https:\/\/subszone.com\/product\/ethyl-acetate\/#breadcrumb","itemListElement":[{"@type":"ListItem","position":1,"name":"Home","item":"https:\/\/subszone.com\/"},{"@type":"ListItem","position":2,"name":"Shop","item":"https:\/\/subszone.com\/shop\/"},{"@type":"ListItem","position":3,"name":"Buy Ethyl Acetate Online"}]},{"@type":"WebSite","@id":"https:\/\/subszone.com\/#website","url":"https:\/\/subszone.com\/","name":"SubsZone","description":"Il mio blog WordPress","publisher":{"@id":"https:\/\/subszone.com\/#organization"},"potentialAction":[{"@type":"SearchAction","target":{"@type":"EntryPoint","urlTemplate":"https:\/\/subszone.com\/?s={search_term_string}"},"query-input":{"@type":"PropertyValueSpecification","valueRequired":true,"valueName":"search_term_string"}}],"inLanguage":"it-IT"},{"@type":"Organization","@id":"https:\/\/subszone.com\/#organization","name":"SubsZone","url":"https:\/\/subszone.com\/","logo":{"@type":"ImageObject","inLanguage":"it-IT","@id":"https:\/\/subszone.com\/#\/schema\/logo\/image\/","url":"https:\/\/subszone.com\/wp-content\/uploads\/2024\/10\/logo.png","contentUrl":"https:\/\/subszone.com\/wp-content\/uploads\/2024\/10\/logo.png","width":193,"height":50,"caption":"SubsZone"},"image":{"@id":"https:\/\/subszone.com\/#\/schema\/logo\/image\/"}}]}},"_links":{"self":[{"href":"https:\/\/subszone.com\/it\/wp-json\/wp\/v2\/product\/1154","targetHints":{"allow":["GET"]}}],"collection":[{"href":"https:\/\/subszone.com\/it\/wp-json\/wp\/v2\/product"}],"about":[{"href":"https:\/\/subszone.com\/it\/wp-json\/wp\/v2\/types\/product"}],"replies":[{"embeddable":true,"href":"https:\/\/subszone.com\/it\/wp-json\/wp\/v2\/comments?post=1154"}],"wp:featuredmedia":[{"embeddable":true,"href":"https:\/\/subszone.com\/it\/wp-json\/wp\/v2\/media\/1428"}],"wp:attachment":[{"href":"https:\/\/subszone.com\/it\/wp-json\/wp\/v2\/media?parent=1154"}],"wp:term":[{"taxonomy":"product_brand","embeddable":true,"href":"https:\/\/subszone.com\/it\/wp-json\/wp\/v2\/product_brand?post=1154"},{"taxonomy":"product_cat","embeddable":true,"href":"https:\/\/subszone.com\/it\/wp-json\/wp\/v2\/product_cat?post=1154"},{"taxonomy":"product_tag","embeddable":true,"href":"https:\/\/subszone.com\/it\/wp-json\/wp\/v2\/product_tag?post=1154"}],"curies":[{"name":"wp","href":"https:\/\/api.w.org\/{rel}","templated":true}]}}