{"id":1170,"date":"2024-10-24T05:19:07","date_gmt":"2024-10-24T05:19:07","guid":{"rendered":"https:\/\/subszone.com\/?post_type=product&#038;p=1170"},"modified":"2025-08-01T08:54:24","modified_gmt":"2025-08-01T08:54:24","slug":"esamina","status":"publish","type":"product","link":"https:\/\/subszone.com\/it\/product\/esamina\/","title":{"rendered":"Acquistare Hexamine online"},"content":{"rendered":"<h2><b>Guida completa: Acquistare Idrazina online in modo sicuro e legale<\/b><\/h2>\n<h3><b>Cos'\u00e8 l'idrazina e chi ne ha bisogno?<\/b><\/h3>\n<p><a href=\"https:\/\/subszone.com\/it\/product\/esamina\/\"><b>Idrazina<\/b><\/a><span style=\"font-weight: 400;\"> (N\u2082H\u2084) \u00e8 un liquido incolore altamente reattivo con potenti propriet\u00e0 riducenti. \u00c8 noto per il suo ruolo in <\/span><b>propulsione aerospaziale<\/b><span style=\"font-weight: 400;\">, <\/span><b>sintesi chimica<\/b><span style=\"font-weight: 400;\">, e <\/span><b>trattamento dell'acqua<\/b><span style=\"font-weight: 400;\">L'idrazina \u00e8 utilizzata in un'ampia gamma di applicazioni. <\/span><b>industrie<\/b><span style=\"font-weight: 400;\">, <\/span><b>laboratori di ricerca<\/b><span style=\"font-weight: 400;\">, e <\/span><b>settori governativi<\/b><span style=\"font-weight: 400;\">.<\/span><\/p>\n<h4><b>Casi d'uso principali:<\/b><\/h4>\n<ul>\n<li style=\"font-weight: 400;\" aria-level=\"1\"><b>Industria:<\/b><span style=\"font-weight: 400;\"> Combustibile per razzi, inibitori della corrosione, produzione di polimeri e plastica<\/span>&nbsp;<\/li>\n<li style=\"font-weight: 400;\" aria-level=\"1\"><b>Ricerca:<\/b><span style=\"font-weight: 400;\"> Agente riducente nella sintesi organica e nella R&amp;S farmaceutica<\/span>&nbsp;<\/li>\n<li style=\"font-weight: 400;\" aria-level=\"1\"><b>Istruzione e laboratori:<\/b><span style=\"font-weight: 400;\"> Esperimenti controllati su piccola scala nei programmi di chimica avanzata<\/span>&nbsp;<\/li>\n<\/ul>\n<p><span style=\"font-weight: 400;\">Data la sua <\/span><b>natura tossica e volatile<\/b><span style=\"font-weight: 400;\">l'idrazina deve essere gestita in modo responsabile e reperita tramite <\/span><b>venditori legalmente autorizzati<\/b><span style=\"font-weight: 400;\"> solo.<\/span><\/p>\n<h3><b>Come identificare i migliori fornitori<\/b><\/h3>\n<p><span style=\"font-weight: 400;\">Quando si cerca di <\/span><a href=\"https:\/\/en.wikipedia.org\/wiki\/Hydrazine\"><b>acquistare idrazina online<\/b><\/a><span style=\"font-weight: 400;\">\u00c8 fondamentale scegliere un fornitore che soddisfi i requisiti pi\u00f9 rigorosi. <\/span><b>standard di sicurezza e conformit\u00e0<\/b><span style=\"font-weight: 400;\">. Ecco cosa cercare:<\/span><\/p>\n<ul>\n<li style=\"font-weight: 400;\" aria-level=\"1\"><b>Credenziali e licenze aziendali verificate<\/b>&nbsp;<\/li>\n<li style=\"font-weight: 400;\" aria-level=\"1\"><b>Disponibilit\u00e0 di schede di sicurezza (SDS\/MSDS)<\/b>&nbsp;<\/li>\n<li style=\"font-weight: 400;\" aria-level=\"1\"><b>Recensioni dei clienti e reputazione del settore<\/b>&nbsp;<\/li>\n<li style=\"font-weight: 400;\" aria-level=\"1\"><b>Etichettatura, documentazione e specifiche tecniche chiare<\/b>&nbsp;<\/li>\n<li style=\"font-weight: 400;\" aria-level=\"1\"><b>Certificazioni per materiali pericolosi (DOT, REACH, OSHA, ISO)<\/b>&nbsp;<\/li>\n<\/ul>\n<p><span style=\"font-weight: 400;\">Il <\/span><b>Il posto migliore per comprare l'idrazina<\/b><span style=\"font-weight: 400;\"> \u00e8 quello che d\u00e0 priorit\u00e0 <\/span><b>trasparenza<\/b><span style=\"font-weight: 400;\">, <\/span><b>conformit\u00e0 normativa<\/b><span style=\"font-weight: 400;\">, e <\/span><b>pratiche di consegna sicure<\/b><span style=\"font-weight: 400;\">.<\/span><\/p>\n<h3><b>Linee guida per la manipolazione, la spedizione e lo stoccaggio<\/b><\/h3>\n<p><span style=\"font-weight: 400;\">Grazie alla sua <\/span><b>tossicit\u00e0 e rischio di esplosione<\/b><span style=\"font-weight: 400;\">, l'idrazina deve essere:<\/span><\/p>\n<ul>\n<li style=\"font-weight: 400;\" aria-level=\"1\"><b>Spediti in contenitori approvati dall'ONU<\/b>&nbsp;<\/li>\n<li style=\"font-weight: 400;\" aria-level=\"1\"><b>Conservato in una struttura fresca, ben ventilata e a prova di incendio.<\/b>&nbsp;<\/li>\n<li style=\"font-weight: 400;\" aria-level=\"1\"><b>Manipolazione con DPI (guanti, occhiali, camice da laboratorio)<\/b>&nbsp;<\/li>\n<li style=\"font-weight: 400;\" aria-level=\"1\"><b>Etichettatura chiara con avvertenze di pericolo<\/b>&nbsp;<\/li>\n<\/ul>\n<p><span style=\"font-weight: 400;\">Assicuratevi che il vostro fornitore fornisca <\/span><b>istruzioni dettagliate per la manipolazione<\/b><span style=\"font-weight: 400;\"> e segue <\/span><b>protocolli di spedizione hazmat<\/b><span style=\"font-weight: 400;\">.<\/span><\/p>\n<h3><b>Considerazioni legali e licenze<\/b><\/h3>\n<p><span style=\"font-weight: 400;\">L'idrazina \u00e8 classificata come <\/span><b>sostanze pericolose e controllate<\/b><span style=\"font-weight: 400;\"> nella maggior parte dei Paesi, compresi Stati Uniti, Canada, Unione Europea e Australia. Prima di effettuare un ordine, preparatevi a:<\/span><\/p>\n<ul>\n<li style=\"font-weight: 400;\" aria-level=\"1\"><b>Fornire credenziali aziendali o istituzionali<\/b>&nbsp;<\/li>\n<li style=\"font-weight: 400;\" aria-level=\"1\"><b>Compilare una dichiarazione di uso finale<\/b>&nbsp;<\/li>\n<li style=\"font-weight: 400;\" aria-level=\"1\"><b>Ottenere le relative licenze di importazione\/esportazione<\/b>&nbsp;<\/li>\n<li style=\"font-weight: 400;\" aria-level=\"1\"><b>Conformit\u00e0 con EPA, DOT, REACH o autorit\u00e0 analoghe<\/b>&nbsp;<\/li>\n<\/ul>\n<p><span style=\"font-weight: 400;\">L'acquisto non autorizzato o l'uso improprio possono comportare <\/span><b>sanzioni legali<\/b><span style=\"font-weight: 400;\">, comprese multe o denunce penali.<\/span><\/p>\n<h3><b>Riflessioni finali sugli acquisti responsabili<\/b><\/h3>\n<p data-start=\"542\" data-end=\"602\"><span style=\"font-weight: 400;\">Che siate ingegneri chimici, direttori di laboratorio o responsabili degli approvvigionamenti, la scelta di <\/span><b>ordinare hydrazine online<\/b><span style=\"font-weight: 400;\"> deve essere accompagnato da una comprensione del suo <\/span><b>rischi e normative<\/b><span style=\"font-weight: 400;\">. Acquistate sempre da <\/span><b>fonti affidabili<\/b><span style=\"font-weight: 400;\">Seguire tutti i protocolli legali e impegnarsi a <\/span><b>manipolazione sicura e uso etico<\/b><span style=\"font-weight: 400;\">.<\/span><\/p>","protected":false},"excerpt":{"rendered":"<p>L'esamina, nota anche come esametilentetramina, \u00e8 un composto organico con formula chimica <span class=\"katex\"><span class=\"katex-mathml\">C6H12N4C_6H_{12}N_4<\/span><span class=\"katex-html\" aria-hidden=\"true\"><span class=\"base\"><span class=\"mord\"><span class=\"mord mathnormal\">C<\/span><span class=\"msupsub\"><span class=\"vlist-t vlist-t2\"><span class=\"vlist-r\"><span class=\"vlist\"><span class=\"sizing reset-size6 size3 mtight\"><span class=\"mord mtight\">6<\/span><\/span><\/span><span class=\"vlist-s\">\u200b<\/span><\/span><\/span><\/span><\/span><span class=\"mord\"><span class=\"mord mathnormal\">H<\/span><span class=\"msupsub\"><span class=\"vlist-t vlist-t2\"><span class=\"vlist-r\"><span class=\"vlist\"><span class=\"sizing reset-size6 size3 mtight\"><span class=\"mord mtight\">12<\/span><\/span><\/span><span class=\"vlist-s\">\u200b<\/span><\/span><\/span><\/span><\/span><span class=\"mord\"><span class=\"mord mathnormal\">N<\/span><span class=\"msupsub\"><span class=\"vlist-t vlist-t2\"><span class=\"vlist-r\"><span class=\"vlist\"><span class=\"sizing reset-size6 size3 mtight\"><span class=\"mord mtight\">4<\/span><\/span><\/span><span class=\"vlist-s\">\u200b<\/span><\/span><\/span><\/span><\/span><\/span><\/span><\/span>. Questa polvere cristallina bianca \u00e8 altamente solubile in acqua ed \u00e8 nota per la sua versatilit\u00e0 in diverse applicazioni, da quelle farmaceutiche a quelle industriali.<\/p>\n<ul>\n<li><strong>Formula chimica<\/strong>: <span class=\"katex\"><span class=\"katex-mathml\">C6H12N4C_6H_{12}N_4<\/span><span class=\"katex-html\" aria-hidden=\"true\"><span class=\"base\"><span class=\"mord\"><span class=\"mord mathnormal\">C<\/span><span class=\"msupsub\"><span class=\"vlist-t vlist-t2\"><span class=\"vlist-r\"><span class=\"vlist\"><span class=\"sizing reset-size6 size3 mtight\"><span class=\"mord mtight\">6<\/span><\/span><\/span><span class=\"vlist-s\">\u200b<\/span><\/span><\/span><\/span><\/span><span class=\"mord\"><span class=\"mord mathnormal\">H<\/span><span class=\"msupsub\"><span class=\"vlist-t vlist-t2\"><span class=\"vlist-r\"><span class=\"vlist\"><span class=\"sizing reset-size6 size3 mtight\"><span class=\"mord mtight\">12<\/span><\/span><\/span><span class=\"vlist-s\">\u200b<\/span><\/span><\/span><\/span><\/span><span class=\"mord\"><span class=\"mord mathnormal\">N<\/span><span class=\"msupsub\"><span class=\"vlist-t vlist-t2\"><span class=\"vlist-r\"><span class=\"vlist\"><span class=\"sizing reset-size6 size3 mtight\"><span class=\"mord mtight\">4<\/span><\/span><\/span><span class=\"vlist-s\">\u200b<\/span><\/span><\/span><\/span><\/span><\/span><\/span><\/span><\/li>\n<li><strong>Struttura molecolare<\/strong>: L'esammina \u00e8 costituita da una spina dorsale di esammina, in cui sei atomi di carbonio sono collegati ad atomi di azoto, formando una struttura stabile.<\/li>\n<li><strong>Stato fisico<\/strong>: Solido cristallino bianco a temperatura ambiente.<\/li>\n<li><strong>Punto di fusione<\/strong>: Circa 280 \u00b0C (536 \u00b0F).<\/li>\n<li><strong>Solubilit\u00e0<\/strong>: Solubile in acqua e alcool; insolubile in solventi non polari.<\/li>\n<\/ul>","protected":false},"featured_media":1339,"comment_status":"open","ping_status":"closed","template":"","meta":{"_kadence_starter_templates_imported_post":false,"_kad_post_transparent":"default","_kad_post_title":"","_kad_post_layout":"default","_kad_post_sidebar_id":"","_kad_post_content_style":"default","_kad_post_vertical_padding":"default","_kad_post_feature":"","_kad_post_feature_position":"","_kad_post_header":false,"_kad_post_footer":false,"_joinchat":[]},"product_brand":[],"product_cat":[82],"product_tag":[820,817,833,829,830,823,825,826,832,828,818,827,824,822,834,816,821,819,835,831],"class_list":{"0":"post-1170","1":"product","2":"type-product","3":"status-publish","4":"has-post-thumbnail","6":"product_cat-explosives-and-pyrotechnics","7":"product_tag-bulk-hexamine-supplier","8":"product_tag-buy-hexamine","9":"product_tag-commercial-hexamine-supply","10":"product_tag-hexamine-as-curing-agent","11":"product_tag-hexamine-distributor","12":"product_tag-hexamine-for-chemical-manufacturing","13":"product_tag-hexamine-for-explosives","14":"product_tag-hexamine-for-fuel-tablets","15":"product_tag-hexamine-for-industrial-applications","16":"product_tag-hexamine-for-laboratory-use","17":"product_tag-hexamine-for-sale","18":"product_tag-hexamine-in-pharmaceutical-industry","19":"product_tag-hexamine-in-resin-production","20":"product_tag-hexamine-price-and-availability","21":"product_tag-hexamine-safety-and-compliance","22":"product_tag-hexamine-supplier","23":"product_tag-high-purity-hexamine","24":"product_tag-industrial-hexamine-supply","25":"product_tag-reliable-hexamine-supplier","26":"product_tag-where-to-buy-hexamine","28":"first","29":"instock","30":"shipping-taxable","31":"product-type-simple","32":"entry","33":"content-bg","34":"loop-entry"},"yoast_head":"<!-- This site is optimized with the Yoast SEO plugin v25.6 - https:\/\/yoast.com\/wordpress\/plugins\/seo\/ -->\n<title>Buy Hexamine Supplier Online - Hexamine for Sale<\/title>\n<meta name=\"description\" content=\"Do not miss any opportunity to buy hexamine supplier online from our store. We are exclusively dealing with hexamine for sale at cheap rates. We are here to help you. Order now!\" \/>\n<meta name=\"robots\" content=\"index, follow, max-snippet:-1, max-image-preview:large, max-video-preview:-1\" \/>\n<link rel=\"canonical\" href=\"https:\/\/subszone.com\/it\/product\/esamina\/\" \/>\n<meta property=\"og:locale\" content=\"it_IT\" \/>\n<meta property=\"og:type\" content=\"article\" \/>\n<meta property=\"og:title\" content=\"Buy Hexamine Supplier Online - Hexamine for Sale\" \/>\n<meta property=\"og:description\" content=\"Do not miss any opportunity to buy hexamine supplier online from our store. We are exclusively dealing with hexamine for sale at cheap rates. We are here to help you. Order now!\" \/>\n<meta property=\"og:url\" content=\"https:\/\/subszone.com\/it\/product\/esamina\/\" \/>\n<meta property=\"og:site_name\" content=\"SubsZone\" \/>\n<meta property=\"article:modified_time\" content=\"2025-08-01T08:54:24+00:00\" \/>\n<meta property=\"og:image\" content=\"https:\/\/subszone.com\/wp-content\/uploads\/2024\/10\/Hexamine.webp\" \/>\n\t<meta property=\"og:image:width\" content=\"1024\" \/>\n\t<meta property=\"og:image:height\" content=\"1024\" \/>\n\t<meta property=\"og:image:type\" content=\"image\/webp\" \/>\n<meta name=\"twitter:card\" content=\"summary_large_image\" \/>\n<meta name=\"twitter:label1\" content=\"Tempo di lettura stimato\" \/>\n\t<meta name=\"twitter:data1\" content=\"2 minuti\" \/>\n<script type=\"application\/ld+json\" class=\"yoast-schema-graph\">{\"@context\":\"https:\/\/schema.org\",\"@graph\":[{\"@type\":\"WebPage\",\"@id\":\"https:\/\/subszone.com\/product\/hexamine\/\",\"url\":\"https:\/\/subszone.com\/product\/hexamine\/\",\"name\":\"Buy Hexamine Supplier Online - Hexamine for Sale\",\"isPartOf\":{\"@id\":\"https:\/\/subszone.com\/#website\"},\"primaryImageOfPage\":{\"@id\":\"https:\/\/subszone.com\/product\/hexamine\/#primaryimage\"},\"image\":{\"@id\":\"https:\/\/subszone.com\/product\/hexamine\/#primaryimage\"},\"thumbnailUrl\":\"https:\/\/subszone.com\/wp-content\/uploads\/2024\/10\/Hexamine.webp\",\"datePublished\":\"2024-10-24T05:19:07+00:00\",\"dateModified\":\"2025-08-01T08:54:24+00:00\",\"description\":\"Do not miss any opportunity to buy hexamine supplier online from our store. We are exclusively dealing with hexamine for sale at cheap rates. We are here to help you. Order now!\",\"breadcrumb\":{\"@id\":\"https:\/\/subszone.com\/product\/hexamine\/#breadcrumb\"},\"inLanguage\":\"it-IT\",\"potentialAction\":[{\"@type\":\"ReadAction\",\"target\":[\"https:\/\/subszone.com\/product\/hexamine\/\"]}]},{\"@type\":\"ImageObject\",\"inLanguage\":\"it-IT\",\"@id\":\"https:\/\/subszone.com\/product\/hexamine\/#primaryimage\",\"url\":\"https:\/\/subszone.com\/wp-content\/uploads\/2024\/10\/Hexamine.webp\",\"contentUrl\":\"https:\/\/subszone.com\/wp-content\/uploads\/2024\/10\/Hexamine.webp\",\"width\":1024,\"height\":1024,\"caption\":\"Buy Hexamine Supplier Online\"},{\"@type\":\"BreadcrumbList\",\"@id\":\"https:\/\/subszone.com\/product\/hexamine\/#breadcrumb\",\"itemListElement\":[{\"@type\":\"ListItem\",\"position\":1,\"name\":\"Home\",\"item\":\"https:\/\/subszone.com\/\"},{\"@type\":\"ListItem\",\"position\":2,\"name\":\"Shop\",\"item\":\"https:\/\/subszone.com\/shop\/\"},{\"@type\":\"ListItem\",\"position\":3,\"name\":\"Buy Hexamine Online\"}]},{\"@type\":\"WebSite\",\"@id\":\"https:\/\/subszone.com\/#website\",\"url\":\"https:\/\/subszone.com\/\",\"name\":\"SubsZone\",\"description\":\"My WordPress Blog\",\"publisher\":{\"@id\":\"https:\/\/subszone.com\/#organization\"},\"potentialAction\":[{\"@type\":\"SearchAction\",\"target\":{\"@type\":\"EntryPoint\",\"urlTemplate\":\"https:\/\/subszone.com\/?s={search_term_string}\"},\"query-input\":{\"@type\":\"PropertyValueSpecification\",\"valueRequired\":true,\"valueName\":\"search_term_string\"}}],\"inLanguage\":\"it-IT\"},{\"@type\":\"Organization\",\"@id\":\"https:\/\/subszone.com\/#organization\",\"name\":\"SubsZone\",\"url\":\"https:\/\/subszone.com\/\",\"logo\":{\"@type\":\"ImageObject\",\"inLanguage\":\"it-IT\",\"@id\":\"https:\/\/subszone.com\/#\/schema\/logo\/image\/\",\"url\":\"https:\/\/subszone.com\/wp-content\/uploads\/2024\/10\/logo.png\",\"contentUrl\":\"https:\/\/subszone.com\/wp-content\/uploads\/2024\/10\/logo.png\",\"width\":193,\"height\":50,\"caption\":\"SubsZone\"},\"image\":{\"@id\":\"https:\/\/subszone.com\/#\/schema\/logo\/image\/\"}}]}<\/script>\n<!-- \/ Yoast SEO plugin. -->","yoast_head_json":{"title":"Comprare Hexamine Fornitore Online - Hexamine in vendita","description":"Non perdete l'occasione di acquistare hexamine fornitore online dal nostro negozio. Ci occupiamo esclusivamente di esamina in vendita a prezzi economici. Siamo qui per aiutarvi. Ordinate ora!","robots":{"index":"index","follow":"follow","max-snippet":"max-snippet:-1","max-image-preview":"max-image-preview:large","max-video-preview":"max-video-preview:-1"},"canonical":"https:\/\/subszone.com\/it\/product\/esamina\/","og_locale":"it_IT","og_type":"article","og_title":"Buy Hexamine Supplier Online - Hexamine for Sale","og_description":"Do not miss any opportunity to buy hexamine supplier online from our store. We are exclusively dealing with hexamine for sale at cheap rates. We are here to help you. Order now!","og_url":"https:\/\/subszone.com\/it\/product\/esamina\/","og_site_name":"SubsZone","article_modified_time":"2025-08-01T08:54:24+00:00","og_image":[{"width":1024,"height":1024,"url":"https:\/\/subszone.com\/wp-content\/uploads\/2024\/10\/Hexamine.webp","type":"image\/webp"}],"twitter_card":"summary_large_image","twitter_misc":{"Tempo di lettura stimato":"2 minuti"},"schema":{"@context":"https:\/\/schema.org","@graph":[{"@type":"WebPage","@id":"https:\/\/subszone.com\/product\/hexamine\/","url":"https:\/\/subszone.com\/product\/hexamine\/","name":"Comprare Hexamine Fornitore Online - Hexamine in vendita","isPartOf":{"@id":"https:\/\/subszone.com\/#website"},"primaryImageOfPage":{"@id":"https:\/\/subszone.com\/product\/hexamine\/#primaryimage"},"image":{"@id":"https:\/\/subszone.com\/product\/hexamine\/#primaryimage"},"thumbnailUrl":"https:\/\/subszone.com\/wp-content\/uploads\/2024\/10\/Hexamine.webp","datePublished":"2024-10-24T05:19:07+00:00","dateModified":"2025-08-01T08:54:24+00:00","description":"Non perdete l'occasione di acquistare hexamine fornitore online dal nostro negozio. Ci occupiamo esclusivamente di esamina in vendita a prezzi economici. Siamo qui per aiutarvi. Ordinate ora!","breadcrumb":{"@id":"https:\/\/subszone.com\/product\/hexamine\/#breadcrumb"},"inLanguage":"it-IT","potentialAction":[{"@type":"ReadAction","target":["https:\/\/subszone.com\/product\/hexamine\/"]}]},{"@type":"ImageObject","inLanguage":"it-IT","@id":"https:\/\/subszone.com\/product\/hexamine\/#primaryimage","url":"https:\/\/subszone.com\/wp-content\/uploads\/2024\/10\/Hexamine.webp","contentUrl":"https:\/\/subszone.com\/wp-content\/uploads\/2024\/10\/Hexamine.webp","width":1024,"height":1024,"caption":"Buy Hexamine Supplier Online"},{"@type":"BreadcrumbList","@id":"https:\/\/subszone.com\/product\/hexamine\/#breadcrumb","itemListElement":[{"@type":"ListItem","position":1,"name":"Home","item":"https:\/\/subszone.com\/"},{"@type":"ListItem","position":2,"name":"Shop","item":"https:\/\/subszone.com\/shop\/"},{"@type":"ListItem","position":3,"name":"Buy Hexamine Online"}]},{"@type":"WebSite","@id":"https:\/\/subszone.com\/#website","url":"https:\/\/subszone.com\/","name":"SubsZone","description":"Il mio blog WordPress","publisher":{"@id":"https:\/\/subszone.com\/#organization"},"potentialAction":[{"@type":"SearchAction","target":{"@type":"EntryPoint","urlTemplate":"https:\/\/subszone.com\/?s={search_term_string}"},"query-input":{"@type":"PropertyValueSpecification","valueRequired":true,"valueName":"search_term_string"}}],"inLanguage":"it-IT"},{"@type":"Organization","@id":"https:\/\/subszone.com\/#organization","name":"SubsZone","url":"https:\/\/subszone.com\/","logo":{"@type":"ImageObject","inLanguage":"it-IT","@id":"https:\/\/subszone.com\/#\/schema\/logo\/image\/","url":"https:\/\/subszone.com\/wp-content\/uploads\/2024\/10\/logo.png","contentUrl":"https:\/\/subszone.com\/wp-content\/uploads\/2024\/10\/logo.png","width":193,"height":50,"caption":"SubsZone"},"image":{"@id":"https:\/\/subszone.com\/#\/schema\/logo\/image\/"}}]}},"_links":{"self":[{"href":"https:\/\/subszone.com\/it\/wp-json\/wp\/v2\/product\/1170","targetHints":{"allow":["GET"]}}],"collection":[{"href":"https:\/\/subszone.com\/it\/wp-json\/wp\/v2\/product"}],"about":[{"href":"https:\/\/subszone.com\/it\/wp-json\/wp\/v2\/types\/product"}],"replies":[{"embeddable":true,"href":"https:\/\/subszone.com\/it\/wp-json\/wp\/v2\/comments?post=1170"}],"wp:featuredmedia":[{"embeddable":true,"href":"https:\/\/subszone.com\/it\/wp-json\/wp\/v2\/media\/1339"}],"wp:attachment":[{"href":"https:\/\/subszone.com\/it\/wp-json\/wp\/v2\/media?parent=1170"}],"wp:term":[{"taxonomy":"product_brand","embeddable":true,"href":"https:\/\/subszone.com\/it\/wp-json\/wp\/v2\/product_brand?post=1170"},{"taxonomy":"product_cat","embeddable":true,"href":"https:\/\/subszone.com\/it\/wp-json\/wp\/v2\/product_cat?post=1170"},{"taxonomy":"product_tag","embeddable":true,"href":"https:\/\/subszone.com\/it\/wp-json\/wp\/v2\/product_tag?post=1170"}],"curies":[{"name":"wp","href":"https:\/\/api.w.org\/{rel}","templated":true}]}}